
{"id":9997,"date":"2021-07-19T15:27:52","date_gmt":"2021-07-19T08:27:52","guid":{"rendered":"https:\/\/dalatreview.vn\/?p=9997"},"modified":"2024-05-30T09:04:58","modified_gmt":"2024-05-30T09:04:58","slug":"dat-tour-san-may-doi-thien-phuc-duc-chi-tu-2","status":"publish","type":"product","link":"https:\/\/dalatreview.vn\/en\/dat-tour-san-may-doi-thien-phuc-duc-chi-tu-2.html","title":{"rendered":"\u0110\u1eb6T TOUR S\u0102N M\u00c2Y \u0110\u1ed2I THI\u00caN PH\u00daC \u0110\u1ee8C 2021"},"content":{"rendered":"<nav class=\"vietrick-auto-toc\">\n<div class=\"box-title\">\n<h3 class=\"toc-title\" id=\"select-menu\">Danh m\u1ee5c ch\u00ednh<\/h3>\n<div><ion-icon name=\"chevron-up-outline\"><\/ion-icon><\/div>\n<\/div>\n<ul class=\"toc-list\"><\/ul>\n<li><a href='https:\/\/dalatreview.vn\/en#h_50196446591626682403451\" style=\"text-align: center;' class='heading-h1 toc-link smooth-scroll'>TOUR S\u0102N M\u00c2Y \u0110\u1ed2I THI\u00caN PH\u00daC \u0110\u1ee8C<\/a>\n<ul>\n<li><a href='https:\/\/dalatreview.vn\/en#1-gioi-thieu-tour-san-may-doi-thien-phuc-duc' class='heading-h2 toc-link smooth-scroll'>1. Gi\u1edbi thi\u1ec7u tour s\u0103n m\u00e2y \u0111\u1ed3i Thi\u00ean Ph\u00fac \u0110\u1ee9c.<\/a>\n<li><a href='https:\/\/dalatreview.vn\/en#2-dia-diem-san-may-doi-thien-phuc-duc' class='heading-h2 toc-link smooth-scroll'>2. \u0110\u1ecba \u0111i\u1ec3m s\u0103n m\u00e2y: \u0110\u1ed3i Thi\u00ean Ph\u00fac \u0110\u1ee9c<\/a>\n<li><a href='https:\/\/dalatreview.vn\/en#3-lich-trinh-tour-san-may-doi-da-phu' class='heading-h2 toc-link smooth-scroll'>3. L\u1ecbch tr\u00ecnh tour s\u0103n m\u00e2y \u0111\u1ed3i \u0110a Ph\u00fa<\/a>\n<li><a href='https:\/\/dalatreview.vn\/en#lich-trinh-cu-the' class='heading-h2 toc-link smooth-scroll'>\u00a0L\u1ecaCH TR\u00ccNH C\u1ee4 TH\u1ec2 :<\/a>\n<li><a href='https:\/\/dalatreview.vn\/en#3-dich-vu-co-ban-cua-tour-san-may-doi-da-phu%f0%9f%92%90' class='heading-h2 toc-link smooth-scroll'>3. D\u1ecbch v\u1ee5 c\u01a1 b\u1ea3n c\u1ee7a tour s\u0103n m\u00e2y \u0111\u1ed3i \u0110a Ph\u00fa\ud83d\udc90<\/a>\n<li><a href='https:\/\/dalatreview.vn\/en#4-gia-tour' class='heading-h2 toc-link smooth-scroll'>4. Gi\u00e1 tour<\/a>\n<li><a href='https:\/\/dalatreview.vn\/en#5-lien-he' class='heading-h2 toc-link smooth-scroll'>5. Li\u00ean h\u1ec7\u00a0<\/a><\/ul>\n<\/ul>\n<\/li>\n<\/ul>\n<\/nav>\n<h1 id=\"h_50196446591626682403451\" style=\"text-align: center;\"><span style=\"color: #ff6600;\">TOUR S\u0102N M\u00c2Y \u0110\u1ed2I THI\u00caN PH\u00daC \u0110\u1ee8C<\/span><\/h1>\n<blockquote><p><span style=\"color: #000000;\">&#8220;S\u0103n m\u00e2y&#8221; m\u1ed9t c\u1ee5m t\u1eeb \u0111\u00e3 qu\u00e1 quen thu\u1ed9c kh\u00f4ng ch\u1ec9 \u0111\u1ed1i v\u1edbi tr\u1ebb m\u00e0 ngay c\u1ea3 nh\u1eefng ng\u01b0\u1eddi y\u00eau qu\u00fd m\u1ea3nh \u0111\u1ea5t cao nguy\u00ean n\u00e0y th\u00ec \u0111\u00e2y c\u00f3 th\u1ec3 coi l\u00e0 m\u1ed9t ho\u1ea1t \u0111\u1ed9ng kh\u00f4ng th\u1ec3 b\u1ecf qua m\u1ed7i khi gh\u00e9 th\u0103m \u0110\u00e0 L\u1ea1t. Thi\u00ean Ph\u00fac \u0110\u1ee9c ng\u1ecdn \u0111\u1ed3i s\u0103n m\u00e2y n\u1ed5i ti\u1ebfng, m\u1ed9t \u0111i\u1ec3m \u0111\u1ebfn s\u0103n m\u00e2y c\u1ef1c x\u1ecbn cho c\u00e1c b\u1ea1n tr\u1ebb m\u1ed7i khi chinh ph\u1ee5c thi\u00ean \u0111\u01b0\u1eddng m\u00e2y tr\u1eafng.<\/span><\/p><\/blockquote>\n<p style=\"text-align: center;\"><img decoding=\"async\" class=\"aligncenter wp-image-26426 size-full\" src=\"https:\/\/dalatreview.vn\/wp-content\/uploads\/2021\/07\/330375136_574349954618076_4020812481496739409_n.jpg\" alt=\"\" width=\"1152\" height=\"1440\"><\/p>\n<h2 id=\"1-gioi-thieu-tour-san-may-doi-thien-phuc-duc\">1. Gi\u1edbi thi\u1ec7u tour s\u0103n m\u00e2y \u0111\u1ed3i Thi\u00ean Ph\u00fac \u0110\u1ee9c.<\/h2>\n<p>\u0110\u00e0 L\u1ea1t n\u1ed5i ti\u1ebfng b\u1edfi kh\u00ed h\u1eadu m\u00e1t m\u1ebb v\u00e0 vi\u1ec7c th\u1ee9c d\u1eady th\u1eadt s\u1edbm t\u1eeb trong ch\u0103n \u1ea5m \u0111\u1ec3 cu\u1ed9c h\u00e0nh tr\u00ecnh chinh ph\u1ee5c nh\u1eefng b\u1ee9c \u1ea3nh tri\u1ec7u like gi\u1eefa bi\u1ec3n m\u1ea5y \u0111\u1ea1i ng\u00e0n kh\u00e1 l\u00e0 kh\u00f3 kh\u0103n. \u0110\u1eb7c bi\u1ec7t l\u00e0 \u0111\u1ed1i v\u1edbi nh\u1eefng du kh\u00e1ch l\u1ea7n \u0111\u1ea7u ch\u01b0a quen v\u1edbi kh\u00ed h\u1eadu \u0110\u00e0 L\u1ea1t th\u00ec \u0111i\u1ec1u n\u00e0y c\u1ef1c k\u00ec kh\u00f3 th\u1ef1c hi\u1ec7n \u0111\u00e1p \u1ee9ng nhu c\u1ea7u c\u1ee7a du kh\u00e1ch. \u0110\u00e0 L\u1ea1t Review c\u0169ng c\u1ea5p d\u1ecbch v\u1ee5 s\u0103n m\u00e2y \u0111\u1ed3i Thi\u00ean Ph\u00fac \u0110\u1ee9c, v\u1edbi s\u1ef1 ch\u0103m s\u00f3c t\u1eadn t\u00ecnh c\u1ee7a nh\u00e2n vi\u00ean t\u01b0 v\u1ea5n v\u1edbi kinh nghi\u1ec7m phong ph\u00fa \u0111\u01b0a ra nh\u1eefng \u0111\u00e1nh gi\u00e1 v\u1ec1 kh\u1ea3 n\u0103ng c\u00f3 m\u00e2y \u0111\u1ec3 du kh\u00e1ch c\u00f3 th\u1ec3 book tour m\u00e0 kh\u00f4ng l\u00e3ng ph\u00ed m\u1ed9t bu\u1ed5i s\u00e1ng &#8220;s\u0103n m\u00e2y&#8221; b\u1ecb t\u1ea1ch.<\/p>\n<p style=\"text-align: center;\"><img decoding=\"async\" class=\"aligncenter wp-image-26430 size-full\" src=\"https:\/\/dalatreview.vn\/wp-content\/uploads\/2021\/07\/330903452_974357473550778_8925773372007446137_n.jpg\" alt=\"\" width=\"1536\" height=\"2048\"><\/p>\n<h2 id=\"2-dia-diem-san-may-doi-thien-phuc-duc\">2. \u0110\u1ecba \u0111i\u1ec3m s\u0103n m\u00e2y: \u0110\u1ed3i Thi\u00ean Ph\u00fac \u0110\u1ee9c<\/h2>\n<p>\u0110\u1ed3i Thi\u00ean Ph\u00fac \u0110\u1ee9c c\u00f3 \u0111\u1ecba ch\u1ec9 t\u1ea1i ph\u01b0\u1eddng 7, tp \u0110\u00e0 L\u1ea1t. N\u1eb1m trong top nh\u1eefng \u0111\u1ecba \u0111i\u1ec3m s\u0103n m\u00e2y \u0111\u1eb9p nh\u1ea5t t\u1ea1i &#8220;x\u1ee9 s\u1edf s\u01b0\u01a1ng m\u00f9&#8221;, \u0111\u1ed1i di\u1ec7n \u0111\u1ec9nh Langbiang v\u00e0 c\u00e1ch trung t\u00e2m th\u00e0nh ph\u1ed1 \u0110\u00e0 L\u1ea1t kho\u1ea3ng 8km.<\/p>\n<p>M\u1ed9t \u0111i\u1ec3m kh\u00e1 th\u00fa v\u1ecb t\u1ea1i \u0111\u1ed3i Thi\u00ean Ph\u00fac \u0110\u1ee9c \u0111\u00f3 ch\u00ednh l\u00e0 c\u00e2y th\u00f4ng \u0111\u1ee9ng tr\u01a1 tr\u1ecdi, c\u00f3 ch\u00fat nghi\u00eang nghi\u00eang gi\u1eefa n\u00fai r\u1eebng bao la h\u00f9ng v\u0129, m\u00e0 v\u00ec th\u1ebf nh\u1eefng ng\u01b0\u1eddi d\u00e2n n\u01a1i \u0111\u00e2y \u0111\u1eb7t cho n\u00f3 m\u1ed9t c\u00e1i t\u00ean kh\u00e1 l\u00e0 \u0111\u1ed3ng c\u1ea3m v\u1edbi nh\u1eefng ai khi l\u00ean \u0110\u00e0 L\u1ea1t m\u00e0 trong c\u1ea3nh l\u1ebb loi m\u1ed9t m\u00ecnh &#8220;c\u00e2y th\u00f4ng c\u00f4 \u0111\u01a1n&#8221;.<\/p>\n<p style=\"text-align: center;\"><img decoding=\"async\" class=\"aligncenter\" src=\"https:\/\/scontent-sin6-2.xx.fbcdn.net\/v\/t1.6435-9\/101013102_2925165414262617_1333392862500599532_n.jpg?_nc_cat=105&amp;ccb=1-3&amp;_nc_sid=b9115d&amp;_nc_ohc=NKppM8jz-0wAX-c7KPD&amp;_nc_ht=scontent-sin6-2.xx&amp;oh=477d36251170f485d2cdc3d6ae543a28&amp;oe=60FA2296\" alt=\"Kh\u00f4ng c\u00f3 m\u00f4 t\u1ea3 \u1ea3nh.\" \/><\/p>\n<p>T\u1eeb c\u00e2y th\u00f4ng c\u00f4 \u0111\u01a1n b\u1ea1n c\u00f3 th\u1ec3 th\u1ecfa m\u00ecnh ph\u00f3ng t\u1ea7m m\u1eaft, nh\u00ecn ra ph\u00eda xa x\u0103m m\u00e0 ng\u1eafm nh\u00ecn, t\u1eadn h\u01b0\u1edfng, kh\u00ed tr\u1eddi khung c\u1ea3nh bao la h\u00f9ng v\u0129 c\u1ee7a nh\u1eefng t\u00e1n th\u00f4ng tr\u1ea3i d\u00e0i ra xa t\u00edt t\u1eafp. M\u1ed9t c\u00e1i xanh m\u00e0 kh\u00f4ng \u0111\u00e2u c\u00f3 \u0111\u01b0\u1ee3c, v\u00e0 ch\u1ec9 \u1edf \u0110\u00e0 L\u1ea1t m\u1edbi c\u00f3 th\u1ec3 \u0111em l\u1ea1i cho b\u1ea1n m\u1ed9t c\u1ea3m nh\u1eadn nh\u01b0 th\u1ebf. \u0110\u00e3 c\u00f3 nhi\u1ec1u du kh\u00e1ch \u0111\u1eb7c bi\u1ec7t l\u00e0 nh\u1eefng b\u1ea1n tr\u1ebb \u0111\u00e3 \u0111\u1ebfn v\u00e0 ch\u1ecdn n\u01a1i \u0111\u00e2y l\u00e0m n\u01a1i l\u01b0u gi\u1eef k\u1ec9 ni\u1ec7m \u0111\u1eb9p c\u1ee7a m\u00ecnh, nh\u1eefng b\u1ed9 h\u00ecnh c\u01b0\u1edbi c\u1ef1c t\u00ecnh t\u1ee9, nh\u1eefng \u0111\u00f4i b\u1ea1n th\u00e2n c\u00f9ng d\u1eaft nhau \u0111\u1ebfn \u0111\u00e2y \u0111\u1ec3 l\u01b0u gi\u1eef nh\u1eefng th\u01b0\u1edbc phim v\u1ec1 t\u00ecnh b\u1ea1n trong chuy\u1ebfn \u0111i c\u1ee7a m\u00ecnh.<\/p>\n<p>\u0110\u1ed3i m\u00e2y Thi\u00ean Ph\u00fac \u0110\u1ee9c s\u1edf h\u1eefu m\u1ed9t \u0111\u1ed9 cao v\u1eeba \u1ed5n \u0111\u1ec3 b\u1ea1n c\u00f3 th\u1ec3 thu\u1eadn l\u1ee3i di chuy\u1ec3n khi \u0111\u1ebfn \u0111\u00e2y nh\u01b0ng c\u0169ng kh\u00f4ng \u0111\u00e1nh m\u1ea5t ph\u1ea7n h\u00f9ng v\u0129, v\u00e0 khung c\u1ea3nh thi\u00ean nhi\u00ean h\u00e0i h\u00f2a, t\u00ecnh l\u1eb7ng. M\u1ed9t \u0111i\u1ec1u ch\u1eafc ch\u1eafn l\u00e0 khi xem nh\u1eefng b\u1ee9c h\u00ecnh s\u0103n m\u00e2y t\u1ea1i \u0111\u00e2y, b\u1ea1n s\u1ebd kh\u00f4ng th\u1ec3 n\u00e0o ng\u0103n c\u1ea3n b\u01b0\u1edbc ch\u00e2n \u0111\u1ebfn v\u1edbi ng\u1ecdn \u0111\u1ed3i xinh \u0111\u1eb9p n\u00e0y.<\/p>\n<p style=\"text-align: center;\"><img decoding=\"async\" class=\"aligncenter size-full wp-image-26431\" src=\"https:\/\/dalatreview.vn\/wp-content\/uploads\/2021\/07\/lonton.jpg\" alt=\"\" width=\"450\" height=\"600\"><\/p>\n<h2 id=\"3-lich-trinh-tour-san-may-doi-da-phu\"><strong><span class=\"_5mfr\"><span class=\"_6qdm\"><span class=\"_4yxp\">3. L\u1ecbch tr\u00ecnh tour s\u0103n m\u00e2y \u0111\u1ed3i \u0110a Ph\u00fa<\/span><\/span><\/span><\/strong><\/h2>\n<h2 id=\"lich-trinh-cu-the\"><span style=\"font-size: 20px;\"><img decoding=\"async\" src=\"https:\/\/static.xx.fbcdn.net\/images\/emoji.php\/v9\/tac\/1\/16\/1f4cc.png\" alt=\"\ud83d\udccc\" width=\"16\" height=\"16\" \/>\u00a0L\u1ecaCH TR\u00ccNH C\u1ee4 TH\u1ec2 :<\/span><\/h2>\n<div class=\"o9v6fnle cxmmr5t8 oygrvhab hcukyx3x c1et5uql ii04i59q\">\n<div dir=\"auto\"><span class=\"pq6dq46d tbxw36s4 knj5qynh kvgmc6g5 ditlmg2l oygrvhab nvdbi5me sf5mxxl7 gl3lb2sf hhz5lgdu\"><img decoding=\"async\" src=\"https:\/\/static.xx.fbcdn.net\/images\/emoji.php\/v9\/t51\/1\/16\/1f449.png\" alt=\"\ud83d\udc49\" width=\"16\" height=\"16\" \/><\/span>\u00a03h50 nh\u00e0 xe \u0111i\u1ec7n tho\u1ea1i b\u00e1o b\u1ea1n tr\u01b0\u1edbc 20p \u0111\u1ec3 chu\u1ea9n b\u1ecb.<\/div>\n<\/div>\n<div class=\"o9v6fnle cxmmr5t8 oygrvhab hcukyx3x c1et5uql ii04i59q\">\n<div dir=\"auto\"><span class=\"pq6dq46d tbxw36s4 knj5qynh kvgmc6g5 ditlmg2l oygrvhab nvdbi5me sf5mxxl7 gl3lb2sf hhz5lgdu\"><img decoding=\"async\" src=\"https:\/\/static.xx.fbcdn.net\/images\/emoji.php\/v9\/t51\/1\/16\/1f449.png\" alt=\"\ud83d\udc49\" width=\"16\" height=\"16\" \/><\/span>\u00a04h20 xe t\u1edbi kh\u00e1ch s\u1ea1n \u0111i\u1ec7n tho\u1ea1i b\u00e1o b\u1ea1n xu\u1ed1ng xe \u0111\u1ec3 xu\u1ea5t ph\u00e1t.<\/div>\n<\/div>\n<div class=\"o9v6fnle cxmmr5t8 oygrvhab hcukyx3x c1et5uql ii04i59q\">\n<div dir=\"auto\"><span class=\"pq6dq46d tbxw36s4 knj5qynh kvgmc6g5 ditlmg2l oygrvhab nvdbi5me sf5mxxl7 gl3lb2sf hhz5lgdu\"><img decoding=\"async\" src=\"https:\/\/static.xx.fbcdn.net\/images\/emoji.php\/v9\/t51\/1\/16\/1f449.png\" alt=\"\ud83d\udc49\" width=\"16\" height=\"16\" \/><\/span>\u00a04h50 \u2013 5h c\u00f3 m\u1eb7t t\u1ea1i \u0111\u1ecba \u0111i\u1ec3m s\u0103n m\u00e2y<\/div>\n<\/div>\n<div class=\"o9v6fnle cxmmr5t8 oygrvhab hcukyx3x c1et5uql ii04i59q\">\n<div dir=\"auto\"><span class=\"pq6dq46d tbxw36s4 knj5qynh kvgmc6g5 ditlmg2l oygrvhab nvdbi5me sf5mxxl7 gl3lb2sf hhz5lgdu\"><img decoding=\"async\" src=\"https:\/\/static.xx.fbcdn.net\/images\/emoji.php\/v9\/t51\/1\/16\/1f449.png\" alt=\"\ud83d\udc49\" width=\"16\" height=\"16\" \/><\/span> 5h-7h m\u1ecdi ng\u01b0\u1eddi di chuy\u1ec3n t\u1ef1 do t\u1ea1i \u0111\u1ecba \u0111i\u1ec3m s\u0103n m\u00e2y \u0111\u1ec3 ch\u1ee5p \u1ea3nh, check in s\u1ed1ng \u1ea3o, ho\u1eb7c ng\u1eb7m m\u1eb7t tr\u1eddi m\u1ecdc c\u1ea3m nh\u1eadn khung c\u1ea3nh m\u1ed9t bu\u1ed5i s\u00e1ng s\u0103n m\u00e2y th\u00fa v\u1ecb t\u1ea1i \u0111\u1ed3i Thi\u00ean Ph\u00fac \u0110\u1ee9c.<\/div>\n<\/div>\n<div class=\"o9v6fnle cxmmr5t8 oygrvhab hcukyx3x c1et5uql ii04i59q\">\n<div dir=\"auto\"><span class=\"pq6dq46d tbxw36s4 knj5qynh kvgmc6g5 ditlmg2l oygrvhab nvdbi5me sf5mxxl7 gl3lb2sf hhz5lgdu\"><img decoding=\"async\" src=\"https:\/\/static.xx.fbcdn.net\/images\/emoji.php\/v9\/t51\/1\/16\/1f449.png\" alt=\"\ud83d\udc49\" width=\"16\" height=\"16\" \/><\/span>\u00a07h00 nh\u00e0 xe b\u00e1o b\u1ea1n chu\u1ea9n b\u1ecb s\u1eeda so\u1ea1n l\u00ean xe tr\u1edf v\u1ec1 kh\u00e1ch s\u1ea1n.<\/div>\n<\/div>\n<div class=\"o9v6fnle cxmmr5t8 oygrvhab hcukyx3x c1et5uql ii04i59q\">\n<div dir=\"auto\"><span class=\"pq6dq46d tbxw36s4 knj5qynh kvgmc6g5 ditlmg2l oygrvhab nvdbi5me sf5mxxl7 gl3lb2sf hhz5lgdu\"><img decoding=\"async\" src=\"https:\/\/static.xx.fbcdn.net\/images\/emoji.php\/v9\/t51\/1\/16\/1f449.png\" alt=\"\ud83d\udc49\" width=\"16\" height=\"16\" \/><\/span>7h40 nh\u00e0 xe \u0111\u01b0a kh\u00e1ch v\u1ec1 t\u1edbi kh\u00e1ch s\u1ea1n.<\/div>\n<div dir=\"auto\" style=\"text-align: center;\"><img decoding=\"async\" class=\"aligncenter wp-image-26427 size-full\" src=\"https:\/\/dalatreview.vn\/wp-content\/uploads\/2021\/07\/330423656_1641559276273258_6991879007431076258_n.jpg\" alt=\"\" width=\"1536\" height=\"2048\"><\/div>\n<div dir=\"auto\">\n<h2 id=\"3-dich-vu-co-ban-cua-tour-san-may-doi-da-phu%f0%9f%92%90\"><strong>3. D\u1ecbch v\u1ee5 c\u01a1 b\u1ea3n c\u1ee7a tour s\u0103n m\u00e2y \u0111\u1ed3i \u0110a Ph\u00fa<\/strong><strong><span class=\"_4yxo _4yxp\"><span class=\"_5mfr\"><span class=\"_6qdm\">\ud83d\udc90<\/span><\/span><\/span><\/strong><\/h2>\n<p>Ch\u1ec9 v\u1edbi 250.000\u0111 b\u1ea1n s\u1ebd c\u00f3 m\u1ed9t bu\u1ed5i s\u00e1ng s\u0103n m\u00e2y \u201cc\u1ef1c x\u1ecbn\u201d m\u00e0 kh\u00f4ng c\u1ea7n lo l\u1eafng vi\u1ec7c d\u1eady tr\u1ec5, kh\u00f4ng r\u00e0nh \u0111\u01b0\u1eddng hay ph\u1ea3i thu\u00ea ph\u01b0\u01a1ng ti\u1ec7n di chuy\u1ec3n.<\/p>\n<p>\u2705\u0110\u1ebfn v\u1edbi Tour s\u0103n m\u00e2y \u0111\u1ed3i Thi\u00ean Ph\u00fac \u0110\u1ee9c b\u1ea1n v\u1eeba \u0111\u01b0\u1ee3c tr\u1ea3i nghi\u1ec7m v\u1eeba vui ch\u01a1i v\u00e0 checkin th\u1ecfa th\u00edch.<\/p>\n<p>\u2705B\u1ea1n \u0111\u01b0\u1ee3c kh\u00e1m ph\u00e1 nh\u1eefng \u0111\u1ecba \u0111i\u1ec3m m\u1edbi \u0111\u1ed9c l\u1ea1, hoang s\u01a1, thi\u00ean v\u1ec1 t\u1ef1 nhi\u00ean phong c\u1ea3nh \u0110\u00e0 L\u1ea1t.<\/p>\n<p>\u2705Xe \u0111\u01b0a v\u00e0 \u0111\u00f3n t\u1ea1i kh\u00e1ch s\u1ea1n v\u00e0 h\u1ed7 tr\u1ee3 c\u00e1c b\u1ea1n nhi\u1ec7t t\u00ecnh quay vid, h\u1ed7 tr\u1ee3 ch\u1ee5p h\u00ecnh khi s\u0103n m\u00e2y.<\/p>\n<p style=\"text-align: center;\"><img decoding=\"async\" class=\"alignnone wp-image-26426 size-full\" src=\"https:\/\/dalatreview.vn\/wp-content\/uploads\/2021\/07\/330375136_574349954618076_4020812481496739409_n.jpg\" alt=\"\" width=\"1152\" height=\"1440\"><\/p>\n<div class=\"o9v6fnle cxmmr5t8 oygrvhab hcukyx3x c1et5uql ii04i59q\">\n<div dir=\"auto\">\n<h2 id=\"4-gia-tour\"><strong>4. Gi\u00e1 tour<\/strong><\/h2>\n<p>\u2705Gi\u00e1 tour: 250.000\u0111\/ng\u01b0\u1eddi<\/p>\n<p>\u2705Ch\u1ec9 v\u1edbi 250k qu\u00fd kh\u00e1ch \u0111\u01b0\u1ee3c tr\u1ea3i nghi\u1ec7m c\u00e1c d\u1ecbch v\u1ee5 c\u1ee7a tour s\u0103n m\u00e2y \u0111\u1ed3i Thi\u00ean Ph\u00fac \u0110\u1ee9c.<\/p>\n<p><img decoding=\"async\" class=\"aligncenter\" src=\"https:\/\/scontent-sin6-3.xx.fbcdn.net\/v\/t1.6435-9\/109115234_1185976411763213_7675050092347906632_n.jpg?_nc_cat=110&amp;ccb=1-3&amp;_nc_sid=dbeb18&amp;_nc_ohc=BKj2Xu7zfxUAX851m9F&amp;tn=77ChIf2QG0gLdBlI&amp;_nc_ht=scontent-sin6-3.xx&amp;oh=fdaacb7c73c5521676ac948af5efa154&amp;oe=60F9D0B1\" alt=\"C\u00f3 th\u1ec3 l\u00e0 h\u00ecnh \u1ea3nh v\u1ec1 1 ng\u01b0\u1eddi\" width=\"1478\" height=\"24\" \/><\/p>\n<h2 id=\"5-lien-he\"><strong>5. Li\u00ean h\u1ec7\u00a0<\/strong><\/h2>\n<p>\u2705S\u1ed1 \u0111i\u1ec7n tho\u1ea1i: 0986 978 394<\/p>\n<p>\u2705Facebook:\u00a0<a href=\"https:\/\/www.facebook.com\/toursanmay\" target=\"_blank\" rel=\"noopener\">Tour S\u0103n M\u00e2y \u0111\u1ed3i Thi\u00ean Ph\u00fac \u0110\u1ee9c<\/a><\/p>\n<\/div>\n<\/div>\n<div class=\"o9v6fnle cxmmr5t8 oygrvhab hcukyx3x c1et5uql ii04i59q\">\n<div dir=\"auto\">\n<p>Xem th\u00eam t\u1ea1i:\u00a0<a href=\"https:\/\/toursanmay.com\/\" target=\"_blank\" rel=\"noopener\">Tour S\u0103n M\u00e2y<\/a><\/p>\n<\/div>\n<\/div>\n<\/div>\n<div dir=\"auto\"><\/div>\n<\/div>","protected":false},"excerpt":{"rendered":"<p>Danh m\u1ee5c ch\u00ednh TOUR S\u0102N M\u00c2Y \u0110\u1ed2I THI\u00caN PH\u00daC \u0110\u1ee8C 1. Gi\u1edbi thi\u1ec7u tour s\u0103n m\u00e2y \u0111\u1ed3i Thi\u00ean Ph\u00fac \u0110\u1ee9c. 2. \u0110\u1ecba \u0111i\u1ec3m s\u0103n m\u00e2y: \u0110\u1ed3i Thi\u00ean Ph\u00fac \u0110\u1ee9c 3. L\u1ecbch tr\u00ecnh tour s\u0103n m\u00e2y \u0111\u1ed3i \u0110a Ph\u00fa \u00a0L\u1ecaCH TR\u00ccNH C\u1ee4 TH\u1ec2 : 3. D\u1ecbch v\u1ee5 c\u01a1 b\u1ea3n c\u1ee7a tour s\u0103n m\u00e2y \u0111\u1ed3i \u0110a Ph\u00fa\ud83d\udc90 [&hellip;]<\/p>","protected":false},"featured_media":26426,"comment_status":"open","ping_status":"closed","template":"","meta":{"_acf_changed":false,"rank_math_lock_modified_date":false},"product_cat":[26,27],"product_tag":[],"acf":[],"_links":{"self":[{"href":"https:\/\/dalatreview.vn\/en\/wp-json\/wp\/v2\/product\/9997"}],"collection":[{"href":"https:\/\/dalatreview.vn\/en\/wp-json\/wp\/v2\/product"}],"about":[{"href":"https:\/\/dalatreview.vn\/en\/wp-json\/wp\/v2\/types\/product"}],"replies":[{"embeddable":true,"href":"https:\/\/dalatreview.vn\/en\/wp-json\/wp\/v2\/comments?post=9997"}],"wp:featuredmedia":[{"embeddable":true,"href":"https:\/\/dalatreview.vn\/en\/wp-json\/wp\/v2\/media\/26426"}],"wp:attachment":[{"href":"https:\/\/dalatreview.vn\/en\/wp-json\/wp\/v2\/media?parent=9997"}],"wp:term":[{"taxonomy":"product_cat","embeddable":true,"href":"https:\/\/dalatreview.vn\/en\/wp-json\/wp\/v2\/product_cat?post=9997"},{"taxonomy":"product_tag","embeddable":true,"href":"https:\/\/dalatreview.vn\/en\/wp-json\/wp\/v2\/product_tag?post=9997"}],"curies":[{"name":"wp","href":"https:\/\/api.w.org\/{rel}","templated":true}]}}