
{"id":9991,"date":"2021-07-18T21:36:50","date_gmt":"2021-07-18T14:36:50","guid":{"rendered":"https:\/\/dalatreview.vn\/?p=9991"},"modified":"2024-07-03T05:10:03","modified_gmt":"2024-07-03T05:10:03","slug":"ve-tham-quan-me-linh-coffee-garden-da-lat","status":"publish","type":"product","link":"https:\/\/dalatreview.vn\/en\/ve-tham-quan-me-linh-coffee-garden-da-lat.html","title":{"rendered":"V\u00c9 THAM QUAN M\u00ca LINH COFFEE GARDEN &#8211; \u0110\u00c0 L\u1ea0T"},"content":{"rendered":"<nav class=\"vietrick-auto-toc\">\n<div class=\"box-title\">\n<h3 class=\"toc-title\" id=\"select-menu\">Danh m\u1ee5c ch\u00ednh<\/h3>\n<div><ion-icon name=\"chevron-up-outline\"><\/ion-icon><\/div>\n<\/div>\n<ul class=\"toc-list\"><\/ul>\n<li><a href='https:\/\/dalatreview.vn\/en#ve-tham-quan-me-linh-coffee-garden-da-lat' class='heading-h1 toc-link smooth-scroll'>V\u00c9 THAM QUAN M\u00ca LINH COFFEE GARDEN &#8211; \u0110\u00c0 L\u1ea0T<\/a>\n<ul>\n<li><a href='https:\/\/dalatreview.vn\/en#Quan_Ca_Phe_Me_Linh_view_tuyet_dep_o_Da_Lat' class='heading-h2 toc-link smooth-scroll'>1. Qu\u00e1n C\u00e0 Ph\u00ea M\u00ea Linh view tuy\u1ec7t \u0111\u1eb9p \u1edf \u0110\u00e0 L\u1ea1t<\/a>\n<li><a href='https:\/\/dalatreview.vn\/en#2-gioi-thieu-ve-tham-quan-me-linh-coffee%f0%9f%92%90' class='heading-h2 toc-link smooth-scroll'>2. Gi\u1edbi thi\u1ec7u v\u00e9 tham quan M\u00ea Linh Coffee\ud83d\udc90<\/a>\n<li><a href='https:\/\/dalatreview.vn\/en#3-gia-ve-tham-quan%f0%9f%92%90' class='heading-h2 toc-link smooth-scroll'>3. Gi\u00e1 v\u00e9 tham quan\ud83d\udc90<\/a>\n<li><a href='https:\/\/dalatreview.vn\/en#4-lien-he-dat-ve' class='heading-h2 toc-link smooth-scroll'>4. Li\u00ean h\u1ec7 \u0111\u1eb7t v\u00e9<\/a><\/ul>\n<\/ul>\n<\/li>\n<\/ul>\n<\/nav>\n<h1 style=\"text-align: center;\" id=\"ve-tham-quan-me-linh-coffee-garden-da-lat\">V\u00c9 THAM QUAN M\u00ca LINH COFFEE GARDEN &#8211; \u0110\u00c0 L\u1ea0T<\/h1>\n<blockquote><p>\u0110\u1ebfn v\u1edbi \u0110\u00e0 L\u1ea1t ngo\u00e0i vi\u1ec7c tham quan c\u00e1c \u0111\u1ecba \u0111i\u1ec3m du l\u1ecbch n\u1ed5i ti\u1ebfng, hay nh\u1eefng s\u00e1ng s\u0103n m\u00e2y \u0111\u1eb9p nh\u01b0 m\u1ed9ng th\u00ec vi\u1ec7c gh\u00e9 tham v\u00e0 check in t\u1ea1i nh\u1eefng qu\u00e1n cafe tri\u1ec7u like l\u00e0 \u0111i\u1ec1u kh\u00f4ng th\u1ec3 b\u1ecf qua. M\u00ea Linh Coffee Garden l\u00e0 qu\u00e1n c\u00e0 ph\u00ea \u0111\u00e3 qu\u00e1 quen thu\u1ed9c v\u1edbi du kh\u00e1ch \u0111\u1ebfn tham quan \u0110\u00e0 L\u1ea1t c\u00f9ng \u0110\u00e0 L\u1ea1t Review t\u00ecm hi\u1ec3u xem M\u00ea Linh hi\u1ec7n nay c\u00f3 g\u00ec m\u1edbi nh\u00e9!!!<\/p>\n<p style=\"text-align: center;\"><img decoding=\"async\" class=\"alignnone size-full wp-image-10009\" src=\"https:\/\/dalatreview.vn\/wp-content\/uploads\/2021\/07\/Thiet-ke-khong-ten.png\" alt=\"\" width=\"940\" height=\"788\"><\/p>\n<\/blockquote>\n<h2><span id=\"Quan_Ca_Phe_Me_Linh_view_tuyet_dep_o_Da_Lat\">1. Qu\u00e1n C\u00e0 Ph\u00ea M\u00ea Linh view tuy\u1ec7t \u0111\u1eb9p \u1edf \u0110\u00e0 L\u1ea1t<\/span><\/h2>\n<p><b>M\u00ea Linh Coffee Garden \u0110\u00e0 L\u1ea1t<\/b>\u00a0n\u1eb1m c\u00e1ch xa trung t\u00e2m th\u00e0nh ph\u1ed1 kho\u1ea3ng 25km. M\u1ed9t \u0111o\u1ea1n \u0111\u01b0\u1eddng kh\u00e1 d\u00e0i qua con \u0111\u00e8o T\u00e0 Nung. Ch\u1ea1y theo con \u0111\u01b0\u1eddng xa kho\u1ea3ng 500m n\u1eefa m\u1edbi \u0111\u1ebfn \u0111\u01b0\u1ee3c khu v\u1ef1c n\u00e0y.<\/p>\n<p>V\u1eeba \u0111\u1ec3 c\u00e1c b\u1ea1n tho\u00e1t ra kh\u1ecfi ch\u1ed1n \u0111\u00f4 th\u1ecb v\u1ec1 m\u1ed9t mi\u1ec1n \u0111\u1ea5t n\u00f4ng th\u00f4n v\u1eeba \u0111\u1ec3 c\u00e1c b\u1ea1n tr\u1ebb tr\u1ea3i nghi\u1ec7m cu\u1ed9c s\u1ed1ng xung quanh tr\u00e0n ng\u1eadp nh\u1eefng m\u00e0u s\u1eafc m\u1edbi v\u00e0 c\u0169ng v\u00f4 c\u00f9ng th\u00edch th\u00fa \u0111\u1ed1i v\u1edbi d\u00e2n \u0111i ph\u01b0\u1ee3t.<\/p>\n<p style=\"text-align: center;\"><img decoding=\"async\" class=\"alignnone wp-image-10151 size-full\" src=\"https:\/\/dalatreview.vn\/wp-content\/uploads\/2021\/07\/205468643_1850965331741149_8299043985953082863_n.jpg\" alt=\"V\u00e9 tham quan cafe M\u00ea Linh\" width=\"2048\" height=\"1366\" \/><\/p>\n<h2 id=\"2-gioi-thieu-ve-tham-quan-me-linh-coffee%f0%9f%92%90\">2. Gi\u1edbi thi\u1ec7u v\u00e9 tham quan M\u00ea Linh Coffee<strong><span class=\"_4yxo _4yxp\"><span class=\"_5mfr\"><span class=\"_6qdm\">\ud83d\udc90<\/span><\/span><\/span><\/strong><\/h2>\n<p>V\u1edbi m\u1ed7i ng\u01b0\u1eddi \u0110\u00e0 L\u1ea1t l\u1ea1i mang m\u1ed9t c\u1ea3m nh\u1eadn ri\u00eang bi\u1ec7t. C\u00f3 ng\u01b0\u1eddi th\u00edch s\u1ef1 nh\u1eb9 nh\u00e0ng c\u1ee7a ng\u01b0\u1eddi \u0110\u00e0 L\u1ea1t, ng\u01b0\u1eddi th\u00edch phong c\u1ea3nh n\u00ean th\u01a1, ng\u01b0\u1eddi l\u1ea1i th\u00edch c\u1ea3m gi\u00e1c se l\u1ea1nh t\u1ea1i \u0111\u00e2y, nh\u01b0ng c\u00f3 nh\u1eefng ng\u01b0\u1eddi \u0111\u1ebfn v\u1edbi \u0110\u00e0 L\u1ea1t ch\u1ec9 \u0111\u1ec3 c\u00f3 nh\u1eefng t\u1ea5m h\u00ecnh check in c\u1ef1c x\u1ecbn v\u1edbi c\u00e1c g\u00f3c ch\u1ee5p lu\u00f4n \u0111\u01b0\u1ee3c update t\u1eebng ng\u00e0y\u2026<\/p>\n<p>\u0110\u1ebfn v\u1edbi v\u00e9 tham quan M\u00ea Linh Coffee Garden c\u00e1c b\u1ea1n s\u1ebd \u0111\u01b0\u1ee3c tr\u1ea3i nghi\u1ec7m \u0110\u00e0 L\u1ea1t v\u1edbi t\u1ea5t c\u1ea3 g\u00f3c s\u1ed1ng \u1ea3o ch\u1ec9 trong m\u1ed9t l\u1ea7n gh\u00e9 th\u0103m duy nh\u1ea5t.V\u1eeba \u0111\u01b0\u1ee3c vui ch\u01a1i v\u1eeba \u0111\u01b0\u1ee3c tr\u1ea3i nghi\u1ec7m kh\u00f4ng gian t\u1ef1 nhi\u00ean, r\u1eebng th\u00f4ng, non n\u01b0\u1edbc \u0110\u00e0 L\u1ea1t nh\u00e9.<\/p>\n<p style=\"text-align: center;\"><img decoding=\"async\" class=\"alignnone wp-image-10150 size-full\" src=\"https:\/\/dalatreview.vn\/wp-content\/uploads\/2021\/07\/199877190_1851611041676578_1927668929922269114_n.jpg\" alt=\"v\u00e9 tham quan cafe M\u00ea Linh\" width=\"2048\" height=\"1366\" \/><\/p>\n<h2 id=\"3-gia-ve-tham-quan%f0%9f%92%90\"><strong>3. Gi\u00e1 v\u00e9 tham quan<\/strong><strong><span class=\"_4yxo _4yxp\"><span class=\"_5mfr\"><span class=\"_6qdm\">\ud83d\udc90<\/span><\/span><\/span><\/strong><\/h2>\n<p style=\"text-align: center;\"><img decoding=\"async\" class=\"alignnone wp-image-10149 size-full\" src=\"https:\/\/dalatreview.vn\/wp-content\/uploads\/2021\/07\/199027469_1852305398273809_6923097767324038092_n.jpg\" alt=\"v\u00e9 tham quan cafe M\u00ea Linh\" width=\"2048\" height=\"1365\" \/><\/p>\n<p>Ch\u1ec9 t\u1eeb 60k\/ng\u01b0\u1eddi<\/p>\n<h2 id=\"4-lien-he-dat-ve\">4. Li\u00ean h\u1ec7 \u0111\u1eb7t v\u00e9<\/h2>\n<p>\u2705S\u1ed1 \u0111i\u1ec7n tho\u1ea1i: <a href=\"https:\/\/www.google.com.vn\/search?q=dalatreview.vn&amp;sxsrf=ALeKk032NiFT9thqGvd-BN102rbiG_ikjg%3A1626618256355&amp;source=hp&amp;ei=kDn0YK3PEpGfmgei27CgDA&amp;iflsig=AINFCbYAAAAAYPRHoEowgQ3lK0ksMQSQGQsW01Xx6kNF&amp;oq=&amp;gs_lcp=Cgdnd3Mtd2l6EAMYADIHCCMQ6gIQJzIHCCMQ6gIQJzIHCCMQ6gIQJzIHCCMQ6gIQJzIHCCMQ6gIQJzIHCCMQ6gIQJzIHCCMQ6gIQJzIHCCMQ6gIQJzIHCCMQ6gIQJzIHCCMQ6gIQJzoECCMQJzoECC4QQzoICAAQsQMQgwE6CAguELEDEIMBOgUIABCxAzoNCC4QsQMQgwEQQxCTAjoECAAQQzoKCAAQsQMQgwEQQzoCCC46AggAUIoDWN4SYM0ZaANwAHgDgAGYAogBlQiSAQUwLjIuM5gBAKABAaoBB2d3cy13aXqwAQo&amp;sclient=gws-wiz#\" data-dtype=\"d3ifr\" data-local-attribute=\"d3ph\" data-ved=\"2ahUKEwi369Oc6ezxAhXL7nMBHVxFB58QkAgoADAaegQIIhAD\">098 997 83 97<\/a><\/p>\n<p>\u2705Fanpage booking: <a href=\"https:\/\/m.me\/dalatreview.vn\">\u0110\u00e0 L\u1ea1t Review T\u1ea5t T\u1ea7n T\u1eadt<\/a><\/p>\n<p>Xem th\u00eam t\u1ea1i:\u00a0<a href=\"https:\/\/dalatreview.vn\/en\/\">\u0110\u00e0 L\u1ea1t Review<\/a><\/p>","protected":false},"excerpt":{"rendered":"<p>Danh m\u1ee5c ch\u00ednh V\u00c9 THAM QUAN M\u00ca LINH COFFEE GARDEN &#8211; \u0110\u00c0 L\u1ea0T 1. Qu\u00e1n C\u00e0 Ph\u00ea M\u00ea Linh view tuy\u1ec7t \u0111\u1eb9p \u1edf \u0110\u00e0 L\u1ea1t 2. Gi\u1edbi thi\u1ec7u v\u00e9 tham quan M\u00ea Linh Coffee\ud83d\udc90 3. Gi\u00e1 v\u00e9 tham quan\ud83d\udc90 4. Li\u00ean h\u1ec7 \u0111\u1eb7t v\u00e9 V\u00c9 THAM QUAN M\u00ca LINH COFFEE GARDEN &#8211; \u0110\u00c0 L\u1ea0T \u0110\u1ebfn [&hellip;]<\/p>","protected":false},"featured_media":9992,"comment_status":"open","ping_status":"closed","template":"","meta":{"_acf_changed":false,"rank_math_lock_modified_date":false},"product_cat":[1187],"product_tag":[],"acf":[],"_links":{"self":[{"href":"https:\/\/dalatreview.vn\/en\/wp-json\/wp\/v2\/product\/9991"}],"collection":[{"href":"https:\/\/dalatreview.vn\/en\/wp-json\/wp\/v2\/product"}],"about":[{"href":"https:\/\/dalatreview.vn\/en\/wp-json\/wp\/v2\/types\/product"}],"replies":[{"embeddable":true,"href":"https:\/\/dalatreview.vn\/en\/wp-json\/wp\/v2\/comments?post=9991"}],"wp:featuredmedia":[{"embeddable":true,"href":"https:\/\/dalatreview.vn\/en\/wp-json\/wp\/v2\/media\/9992"}],"wp:attachment":[{"href":"https:\/\/dalatreview.vn\/en\/wp-json\/wp\/v2\/media?parent=9991"}],"wp:term":[{"taxonomy":"product_cat","embeddable":true,"href":"https:\/\/dalatreview.vn\/en\/wp-json\/wp\/v2\/product_cat?post=9991"},{"taxonomy":"product_tag","embeddable":true,"href":"https:\/\/dalatreview.vn\/en\/wp-json\/wp\/v2\/product_tag?post=9991"}],"curies":[{"name":"wp","href":"https:\/\/api.w.org\/{rel}","templated":true}]}}