
{"id":9964,"date":"2021-07-18T12:31:15","date_gmt":"2021-07-18T05:31:15","guid":{"rendered":"https:\/\/dalatreview.vn\/?p=9964"},"modified":"2024-05-20T02:58:12","modified_gmt":"2024-05-20T02:58:12","slug":"tour-san-may-doi-da-phu-da-lat-gia-re-250k","status":"publish","type":"product","link":"https:\/\/dalatreview.vn\/en\/tour-san-may-doi-da-phu-da-lat-gia-re-250k.html","title":{"rendered":"TOUR S\u0102N M\u00c2Y \u0110\u1ed2I \u0110A PH\u00da GI\u00c1 R\u1eba CH\u1ec8 250k"},"content":{"rendered":"<nav class=\"vietrick-auto-toc\">\n<div class=\"box-title\">\n<h3 class=\"toc-title\" id=\"select-menu\">Danh m\u1ee5c ch\u00ednh<\/h3>\n<div><ion-icon name=\"chevron-up-outline\"><\/ion-icon><\/div>\n<\/div>\n<ul class=\"toc-list\">\n<li><a href='https:\/\/dalatreview.vn\/en#tour-san-may-doi-da-phu-gia-re-da-lat' class='heading-h2 toc-link smooth-scroll'>TOUR S\u0102N M\u00c2Y \u0110\u1ed2I \u0110A PH\u00da GI\u00c1 R\u1eba &#8211; \u0110\u00c0 L\u1ea0T<\/a>\n<li><a href='https:\/\/dalatreview.vn\/en#1-tai-sao-nen-book-tour-san-may-doi-da-phu' class='heading-h2 toc-link smooth-scroll'>1. T\u1ea1i sao n\u00ean book tour s\u0103n m\u00e2y \u0111\u1ed3i \u0110a Ph\u00fa?<\/a>\n<li><a href='https:\/\/dalatreview.vn\/en#2-lich-trinh-tour-san-may-doi-da-phu' class='heading-h2 toc-link smooth-scroll'>2 . L\u1ecbch tr\u00ecnh tour s\u0103n m\u00e2y \u0111\u1ed3i \u0110a Ph\u00fa<\/a>\n<li><a href='https:\/\/dalatreview.vn\/en#3-dich-vu-co-ban-cua-tour-san-may-doi-da-phu' class='heading-h2 toc-link smooth-scroll'>3. D\u1ecbch v\u1ee5 c\u01a1 b\u1ea3n c\u1ee7a tour s\u0103n m\u00e2y \u0111\u1ed3i \u0110a Ph\u00fa<\/a>\n<li><a href='https:\/\/dalatreview.vn\/en#4-gia-tour' class='heading-h2 toc-link smooth-scroll'>4. Gi\u00e1 tour<\/a>\n<li><a href='https:\/\/dalatreview.vn\/en#5-lien-he' class='heading-h2 toc-link smooth-scroll'>5. Li\u00ean h\u1ec7<\/a><\/ul>\n<\/ul>\n<\/li>\n<\/ul>\n<\/nav>\n<h2 style=\"text-align: center;\" id=\"tour-san-may-doi-da-phu-gia-re-da-lat\"><span style=\"color: #003300;\"><strong>TOUR S\u0102N M\u00c2Y \u0110\u1ed2I \u0110A PH\u00da GI\u00c1 R\u1eba &#8211; \u0110\u00c0 L\u1ea0T<\/strong><\/span><\/h2>\n<blockquote><p>&#8220;S\u0103n m\u00e2y&#8221; c\u00f3 l\u1ebd l\u00e0 c\u1ee5m t\u1eeb v\u00f4 c\u00f9ng quen thu\u1ed9c \u0111\u1ed1i v\u1edbi gi\u1edbi tr\u1ebb hi\u1ec7n nay, nh\u1eefng b\u1ee9c \u1ea3nh c\u1ef1c x\u1ecbn gi\u1eefa bi\u1ec3n m\u00e2y ng\u00e2p tr\u1eddi l\u00e0 \u0111i\u1ec1u kh\u00f4ng th\u1ec3 thi\u1ebfu m\u1ed7i khi du h\u00ed \u0111\u1ebfn \u0110\u00e0 L\u1ea1t. \u0110\u1ed3i \u0110a Ph\u00fa hi\u1ec7n \u0111ang l\u00e0 m\u1ed9t trong nh\u1eefng \u0111\u1ecba \u0111i\u1ec3m s\u0103n m\u00e2y hot nh\u1ea5t \u0110\u00e0 L\u1ea1t hi\u1ec7n nay kh\u00f4ng ch\u1ec9 b\u1edfi v\u1ecb tr\u00ed thu\u1eadn l\u1ee3i, g\u1ea7n trung t\u00e2m, m\u00e0 c\u00f2n b\u1edfi khung c\u1ea3nh tuy\u1ec7t \u0111\u1eb9p v\u00e0 x\u00e1c su\u1ea5t c\u00f3 m\u00e2y c\u1ef1c cao.<\/p><\/blockquote>\n<p><img decoding=\"async\" src=\"https:\/\/media.truyenhinhdulich.vn\/upload\/news\/12_2020\/duong_di_doi_da_phu_da_lat_09104712122020.jpg\" alt=\"S\u0103n m\u00e2y tr\u00ean \u0111\u1ed3i \u0110a Ph\u00fa - K\u00eanh truy\u1ec1n h\u00ecnh \u0110\u00e0i Ti\u1ebfng n\u00f3i Vi\u1ec7t Nam - VOVTV\" \/><\/p>\n<h2 id=\"1-tai-sao-nen-book-tour-san-may-doi-da-phu\"><span style=\"color: #003300;\"><strong>1. T\u1ea1i sao n\u00ean book tour s\u0103n m\u00e2y \u0111\u1ed3i \u0110a Ph\u00fa?<\/strong><\/span><\/h2>\n<p>\u0110\u1ed3i \u0110a Ph\u00fa c\u00f3 \u0111\u1ecba ch\u1ec9 t\u1ea1i ph\u01b0\u1eddng 7, \u0110\u00e0 L\u1ea1t, L\u00e2m \u0110\u1ed3ng.<\/p>\n<p>Ph\u1ea7n l\u1edbn c\u00e1c \u0111\u1ecba \u0111i\u1ec3m s\u0103n m\u00e2y t\u1ea1i \u0110\u00e0 L\u1ea1t kh\u00e1 xa v\u00e0 kh\u00f3 \u0111i, \u0111\u1eb7c bi\u1ec7t \u0111\u1ed1i v\u1edbi du kh\u00e1ch t\u1eeb xa \u0111\u1ebfn ch\u01b0a th\u00f4ng th\u1ea1o \u0111\u1ecba h\u00ecnh v\u00e0 c\u00f2n ph\u1ea3i th\u1ee9c d\u1eady t\u1eeb r\u1ea5t s\u1edbm \u0111\u1ec3 chu\u1ea9n b\u1ecb cho m\u1ed9t bu\u1ed5i s\u00e1ng s\u0103n m\u00e2y th\u00ec kh\u00e1 l\u00e0 kh\u00f3 kh\u0103n. V\u1eady n\u00ean vi\u1ec7c b\u1ea1n book tour s\u0103n m\u00e2y \u0111\u1ed3i \u0110\u00e0 Ph\u00fa ho\u00e0n to\u00e0n h\u1ee3p l\u00ed \u0111\u1ec3 c\u00f3 m\u1ed9t bu\u1ed5i s\u00e1ng s\u0103n m\u00e2y nh\u01b0 mong mu\u1ed1n m\u00e0 kh\u00f4ng qu\u00e1 m\u1ec7t m\u1ecfi.<\/p>\n<p>C\u00f3 c\u00e1c b\u1ea1n t\u01b0 v\u1ea5n chuy\u00ean nghi\u1ec7p c\u00f3 kinh nghi\u1ec7m quan s\u00e1t kh\u1ea3 n\u0103ng c\u00f3 m\u00e2y t\u1eeb \u0111\u00f3 \u0111\u01b0a ra l\u1eddi khuy\u00ean ph\u00f9 h\u1ee3p \u0111\u1ebfn c\u00e1c b\u1ea1n kh\u00e1ch book tour \u0111\u1ec3 x\u00e1c nh\u00e2n c\u00f3 n\u00ean book tour s\u0103n m\u00e2y \u0111\u1ec3 \u0111\u1ea3m b\u1ea3o c\u00f3 m\u1ed9t bu\u1ed5i s\u0103n m\u00e2y nh\u01b0 \u00fd.<\/p>\n<p><a href=\"https:\/\/toursanmay.com\/\" target=\"_blank\" rel=\"noopener\"><img decoding=\"async\" src=\"https:\/\/dalatreview.vn\/wp-content\/uploads\/2021\/07\/collage-1.jpg\" alt=\"book tour s\u0103n m\u00e2y \u0111\u1ed3i \u0110a Ph\u00fa\" width=\"1200\" height=\"900\" \/><\/a><\/p>\n<h2 id=\"2-lich-trinh-tour-san-may-doi-da-phu\"><span style=\"color: #003300;\"><strong>2 . L\u1ecbch tr\u00ecnh tour s\u0103n m\u00e2y \u0111\u1ed3i \u0110a Ph\u00fa<\/strong><\/span><\/h2>\n<p><img decoding=\"async\" src=\"https:\/\/static.xx.fbcdn.net\/images\/emoji.php\/v9\/tac\/1\/16\/1f4cc.png\" alt=\"\ud83d\udccc\" width=\"16\" height=\"16\" \/>\u00a0L\u1ecaCH TR\u00ccNH C\u1ee4 TH\u1ec2 :<\/p>\n<div>\n<div dir=\"auto\"><img decoding=\"async\" src=\"https:\/\/static.xx.fbcdn.net\/images\/emoji.php\/v9\/t51\/1\/16\/1f449.png\" alt=\"\ud83d\udc49\" width=\"16\" height=\"16\" \/> 3h50 nh\u00e0 xe \u0111i\u1ec7n tho\u1ea1i b\u00e1o b\u1ea1n tr\u01b0\u1edbc 20p \u0111\u1ec3 chu\u1ea9n b\u1ecb.<\/div>\n<\/div>\n<div>\n<div dir=\"auto\"><img decoding=\"async\" src=\"https:\/\/static.xx.fbcdn.net\/images\/emoji.php\/v9\/t51\/1\/16\/1f449.png\" alt=\"\ud83d\udc49\" width=\"16\" height=\"16\" \/> 4h20 xe t\u1edbi kh\u00e1ch s\u1ea1n \u0111i\u1ec7n tho\u1ea1i b\u00e1o b\u1ea1n xu\u1ed1ng xe \u0111\u1ec3 xu\u1ea5t ph\u00e1t.<\/div>\n<\/div>\n<div>\n<div dir=\"auto\"><img decoding=\"async\" src=\"https:\/\/static.xx.fbcdn.net\/images\/emoji.php\/v9\/t51\/1\/16\/1f449.png\" alt=\"\ud83d\udc49\" width=\"16\" height=\"16\" \/> 4h50 &#8211; 5h c\u00f3 m\u1eb7t t\u1ea1i \u0111\u1ecba \u0111i\u1ec3m s\u0103n m\u00e2y<\/div>\n<\/div>\n<div>\n<div dir=\"auto\"><img decoding=\"async\" src=\"https:\/\/static.xx.fbcdn.net\/images\/emoji.php\/v9\/t51\/1\/16\/1f449.png\" alt=\"\ud83d\udc49\" width=\"16\" height=\"16\" \/> 5h-7h m\u1ecdi ng\u01b0\u1eddi di chuy\u1ec3n t\u1ef1 do t\u1ea1i \u0111\u1ecba \u0111i\u1ec3m s\u0103n m\u00e2y \u0111\u1ec3 ch\u1ee5p \u1ea3nh, check in s\u1ed1ng \u1ea3o, ho\u1eb7c ng\u1eb7m m\u1eb7t tr\u1eddi m\u1ecdc c\u1ea3m nh\u1eadn khung c\u1ea3nh m\u1ed9t bu\u1ed5i s\u00e1ng s\u0103n m\u00e2y th\u00fa v\u1ecb t\u1ea1i \u0111\u1ed3i \u0110a Ph\u00fa.<\/div>\n<\/div>\n<div>\n<div dir=\"auto\"><img decoding=\"async\" src=\"https:\/\/static.xx.fbcdn.net\/images\/emoji.php\/v9\/t51\/1\/16\/1f449.png\" alt=\"\ud83d\udc49\" width=\"16\" height=\"16\" \/> 7h00 nh\u00e0 xe b\u00e1o b\u1ea1n chu\u1ea9n b\u1ecb s\u1eeda so\u1ea1n l\u00ean xe tr\u1edf v\u1ec1 kh\u00e1ch s\u1ea1n.<\/div>\n<\/div>\n<div>\n<div dir=\"auto\"><img decoding=\"async\" src=\"https:\/\/static.xx.fbcdn.net\/images\/emoji.php\/v9\/t51\/1\/16\/1f449.png\" alt=\"\ud83d\udc49\" width=\"16\" height=\"16\" \/>7h40 nh\u00e0 xe \u0111\u01b0a kh\u00e1ch v\u1ec1 t\u1edbi kh\u00e1ch s\u1ea1n.<\/div>\n<div dir=\"auto\"><img decoding=\"async\" src=\"https:\/\/tophomestay.vn\/upload\/img\/2020\/12\/22\/doi_da_phu_san_may_tophomestay_30_1608625289.jpg\" alt=\"\u0110\u1ed3i \u0110a Ph\u00fa \u0110i\u1ec3m Check-in C\u1eafm Tr\u1ea1i S\u0103n M\u00e2y \u0110\u1eb9p Nh\u01b0 M\u01a1\" \/><\/div>\n<div dir=\"auto\">\n<h2 id=\"3-dich-vu-co-ban-cua-tour-san-may-doi-da-phu\"><span style=\"color: #003300;\"><strong>3. D\u1ecbch v\u1ee5 c\u01a1 b\u1ea3n c\u1ee7a tour s\u0103n m\u00e2y \u0111\u1ed3i \u0110a Ph\u00fa<\/strong><\/span><\/h2>\n<p>Ch\u1ec9 v\u1edbi 250.000\u0111 b\u1ea1n s\u1ebd c\u00f3 m\u1ed9t bu\u1ed5i s\u00e1ng s\u0103n m\u00e2y &#8220;c\u1ef1c x\u1ecbn&#8221; m\u00e0 kh\u00f4ng c\u1ea7n lo l\u1eafng vi\u1ec7c d\u1eady tr\u1ec5, kh\u00f4ng r\u00e0nh \u0111\u01b0\u1eddng hay ph\u1ea3i thu\u00ea ph\u01b0\u01a1ng ti\u1ec7n di chuy\u1ec3n.<\/p>\n<p>\u2705\u0110\u1ebfn v\u1edbi Tour s\u0103n m\u00e2y \u0111\u1ed3i \u0110a Ph\u00fa b\u1ea1n v\u1eeba \u0111\u01b0\u1ee3c tr\u1ea3i nghi\u1ec7m v\u1eeba vui ch\u01a1i v\u00e0 checkin th\u1ecfa th\u00edch.<\/p>\n<p>\u2705B\u1ea1n \u0111\u01b0\u1ee3c kh\u00e1m ph\u00e1 nh\u1eefng \u0111\u1ecba \u0111i\u1ec3m m\u1edbi \u0111\u1ed9c l\u1ea1, hoang s\u01a1, thi\u00ean v\u1ec1 t\u1ef1 nhi\u00ean phong c\u1ea3nh \u0110\u00e0 L\u1ea1t.<\/p>\n<p>\u2705Xe \u0111\u01b0a v\u00e0 \u0111\u00f3n t\u1ea1i kh\u00e1ch s\u1ea1n.<\/p>\n<p>\u2705H\u1ed7 tr\u1ee3 nhi\u1ec7t t\u00ecnh c\u00e1c b\u1ea1n kh\u00e1ch ch\u1ee5p h\u00ecnh, quay video s\u1ed1ng \u1ea3o bao chill.<\/p>\n<p><img decoding=\"async\" src=\"https:\/\/khachsandalatpho.com\/wp-content\/uploads\/2020\/03\/doi-da-phu-3-min.jpg\" alt=\"\u0111\u1ed3i \u0111a ph\u00fa \u0111\u00e0 l\u1ea1t \u0111\u1ecba \u0111i\u1ec3m s\u0103n m\u00e2y l\u00fd t\u01b0\u1edfng \u1edf \u0111\u00e0 l\u1ea1t\" \/><\/p>\n<h2 id=\"4-gia-tour\"><span style=\"color: #003300;\"><strong>4. Gi\u00e1 tour<\/strong><\/span><\/h2>\n<p>\u2705Gi\u00e1 tour: 250.000\u0111\/ng\u01b0\u1eddi<\/p>\n<p>\u2705Ch\u1ec9 v\u1edbi 250k qu\u00fd kh\u00e1ch \u0111\u01b0\u1ee3c tr\u1ea3i nghi\u1ec7m c\u00e1c d\u1ecbch v\u1ee5 c\u1ee7a tour s\u0103n m\u00e2y \u0111\u1ed3i \u0110a Ph\u00fa.<\/p>\n<h2 id=\"5-lien-he\"><span style=\"color: #003300;\"><strong>5. Li\u00ean h\u1ec7<\/strong><\/span><\/h2>\n<p>\u2705S\u1ed1 \u0111i\u1ec7n tho\u1ea1i: 0989 249 297<\/p>\n<p>\u2705Facebook: <a href=\"https:\/\/www.facebook.com\/toursanmay\" target=\"_blank\" rel=\"noopener\">Tour S\u0103n M\u00e2y \u0110\u1ed3i \u0110a Ph\u00fa<\/a><\/p>\n<\/div>\n<\/div>\n<div>\n<div dir=\"auto\">\n<p>Xem th\u00eam t\u1ea1i: <a href=\"https:\/\/toursanmay.com\/\" target=\"_blank\" rel=\"noopener\">Tour S\u0103n M\u00e2y<\/a><\/p>\n<\/div>\n<\/div>","protected":false},"excerpt":{"rendered":"<p>Danh m\u1ee5c ch\u00ednh TOUR S\u0102N M\u00c2Y \u0110\u1ed2I \u0110A PH\u00da GI\u00c1 R\u1eba &#8211; \u0110\u00c0 L\u1ea0T 1. T\u1ea1i sao n\u00ean book tour s\u0103n m\u00e2y \u0111\u1ed3i \u0110a Ph\u00fa? 2 . L\u1ecbch tr\u00ecnh tour s\u0103n m\u00e2y \u0111\u1ed3i \u0110a Ph\u00fa 3. D\u1ecbch v\u1ee5 c\u01a1 b\u1ea3n c\u1ee7a tour s\u0103n m\u00e2y \u0111\u1ed3i \u0110a Ph\u00fa 4. Gi\u00e1 tour 5. Li\u00ean h\u1ec7 TOUR S\u0102N [&hellip;]<\/p>","protected":false},"featured_media":9974,"comment_status":"open","ping_status":"closed","template":"","meta":{"_acf_changed":false,"rank_math_lock_modified_date":false},"product_cat":[26,27],"product_tag":[],"acf":[],"_links":{"self":[{"href":"https:\/\/dalatreview.vn\/en\/wp-json\/wp\/v2\/product\/9964"}],"collection":[{"href":"https:\/\/dalatreview.vn\/en\/wp-json\/wp\/v2\/product"}],"about":[{"href":"https:\/\/dalatreview.vn\/en\/wp-json\/wp\/v2\/types\/product"}],"replies":[{"embeddable":true,"href":"https:\/\/dalatreview.vn\/en\/wp-json\/wp\/v2\/comments?post=9964"}],"wp:featuredmedia":[{"embeddable":true,"href":"https:\/\/dalatreview.vn\/en\/wp-json\/wp\/v2\/media\/9974"}],"wp:attachment":[{"href":"https:\/\/dalatreview.vn\/en\/wp-json\/wp\/v2\/media?parent=9964"}],"wp:term":[{"taxonomy":"product_cat","embeddable":true,"href":"https:\/\/dalatreview.vn\/en\/wp-json\/wp\/v2\/product_cat?post=9964"},{"taxonomy":"product_tag","embeddable":true,"href":"https:\/\/dalatreview.vn\/en\/wp-json\/wp\/v2\/product_tag?post=9964"}],"curies":[{"name":"wp","href":"https:\/\/api.w.org\/{rel}","templated":true}]}}