
{"id":9694,"date":"2021-05-19T16:06:17","date_gmt":"2021-05-19T09:06:17","guid":{"rendered":"https:\/\/dalatreview.vn\/?p=9694"},"modified":"2026-03-29T10:51:02","modified_gmt":"2026-03-29T03:51:02","slug":"tour-camping-da-lat","status":"publish","type":"product","link":"https:\/\/dalatreview.vn\/en\/tour-camping-da-lat.html","title":{"rendered":"Tour Camping \u0110\u1ed3i C\u1ecf H\u1ed3ng &#8211; \u0110\u00e0 L\u1ea1t"},"content":{"rendered":"<nav class=\"vietrick-auto-toc\">\n<div class=\"box-title\">\n<h3 class=\"toc-title\" id=\"select-menu\">Danh m\u1ee5c ch\u00ednh<\/h3>\n<div><ion-icon name=\"chevron-up-outline\"><\/ion-icon><\/div>\n<\/div>\n<ul class=\"toc-list\">\n<li><a href='https:\/\/dalatreview.vn\/en#tour-camping-doi-co-hong-da-lat' class='heading-h2 toc-link smooth-scroll'>Tour Camping \u0110\u1ed3i C\u1ecf H\u1ed3ng &#8211; \u0110\u00e0 L\u1ea1t<\/a>\n<li><a href='https:\/\/dalatreview.vn\/en#1-gioi-thieu' class='heading-h2 toc-link smooth-scroll'>1. Gi\u1edbi Thi\u1ec7u<\/a>\n<li><a href='https:\/\/dalatreview.vn\/en#2-lich-trinh' class='heading-h2 toc-link smooth-scroll'>2 . L\u1ecbch Tr\u00ecnh<\/a>\n<li><a href='https:\/\/dalatreview.vn\/en#3-dich-vu' class='heading-h2 toc-link smooth-scroll'>3. D\u1ecbch V\u1ee5<\/a>\n<li><a href='https:\/\/dalatreview.vn\/en#4-gia-tour' class='heading-h2 toc-link smooth-scroll'>4. Gi\u00e1 Tour<\/a>\n<li><a href='https:\/\/dalatreview.vn\/en#5-lien-he' class='heading-h2 toc-link smooth-scroll'>5. Li\u00ean H\u1ec7<\/a><\/ul>\n<\/ul>\n<\/li>\n<\/ul>\n<\/nav>\n<h2 style=\"text-align: center;\" id=\"tour-camping-doi-co-hong-da-lat\"><span style=\"color: #003300;\"><strong>Tour Camping \u0110\u1ed3i C\u1ecf H\u1ed3ng &#8211; \u0110\u00e0 L\u1ea1t<\/strong><\/span><\/h2>\n<p>C\u1eafm tr\u1ea1i, camping l\u00e0 ho\u1ea1t \u0111\u1ed9ng d\u00e0nh cho nh\u1eefng b\u1ea1n y\u00eau th\u00edch tr\u1ea3i nghi\u1ec7m v\u00e0 kh\u00e1m ph\u00e1 thi\u00ean nhi\u00ean t\u1ea1i \u0110\u00e0 L\u1ea1t. Xu h\u01b0\u1edbng n\u00e0y ng\u00e0y c\u00e0ng \u0111\u01b0\u1ee3c du kh\u00e1ch \u0111\u00f3n nh\u1eadn \u0111\u1eb7c bi\u1ec7t l\u00e0 nh\u1eefng b\u1ea1n tr\u1ebb \u0111\u1ebfn v\u1edbi \u0110\u00e0 L\u1ea1t. C\u00f9ng <a href=\"https:\/\/dalatreview.vn\/en\/\">\u0110\u00e0 L\u1ea1t Review<\/a> t\u00ecm hi\u1ec3u Tour camping t\u1ea1i \u0110\u00e0 L\u1ea1t d\u01b0\u1edbi b\u00e0i vi\u1ebft nh\u00e9.<\/p>\n<h2 id=\"1-gioi-thieu\"><span style=\"color: #003300;\"><strong>1. Gi\u1edbi Thi\u1ec7u<\/strong><\/span><\/h2>\n<hr \/>\n<p>V\u1edbi m\u1ed7i ng\u01b0\u1eddi \u0110\u00e0 L\u1ea1t l\u1ea1i mang m\u1ed9t v\u1ebb \u0111\u1eb9p ri\u00eang. C\u00f3 ng\u01b0\u1eddi th\u00edch s\u1ef1 nh\u1eb9 nh\u00e0ng c\u1ee7a ng\u01b0\u1eddi \u0110\u00e0 L\u1ea1t, ng\u01b0\u1eddi th\u00edch phong c\u1ea3nh n\u00ean th\u01a1, ng\u01b0\u1eddi l\u1ea1i th\u00edch c\u1ea3m gi\u00e1c se l\u1ea1nh t\u1ea1i \u0111\u00e2y,\u2026\u0110\u1ebfn v\u1edbi tour camping \u0110\u00e0 L\u1ea1t c\u00e1c b\u1ea1n s\u1ebd \u0111\u01b0\u1ee3c tr\u1ea3i nghi\u1ec7m \u0110\u00e0 L\u1ea1t v\u1edbi t\u1ea5t c\u1ea3 g\u00f3c nh\u00ecn. V\u1eeba \u0111\u01b0\u1ee3c vui ch\u01a1i v\u1eeba \u0111\u01b0\u1ee3c tr\u1ea3i nghi\u1ec7m kh\u00f4ng gian t\u1ef1 nhi\u00ean, r\u1eebng th\u00f4ng, m\u00e2y n\u00fai \u0110\u00e0 L\u1ea1t nh\u00e9.<\/p>\n<p><img decoding=\"async\" src=\"https:\/\/dalatreview.vn\/wp-content\/uploads\/2021\/05\/1-36.jpg\" alt=\"\" width=\"1200\" height=\"900\"><\/p>\n<p>Ngo\u00e0i ra n\u1ebfu c\u1eafm tr\u1ea1i tr\u00ean \u0111\u1ed3i b\u1ea1n c\u00f2n c\u00f3 th\u1ec3 ng\u1eafm view thi\u00ean nhi\u00ean xanh ng\u00e1t xanh. C\u00f2n c\u1eafm tr\u1ea1i c\u1ea1nh h\u1ed3 \u0110\u00e0 L\u1ea1t th\u00ec \u0111\u01b0\u1ee3c ng\u1eafm b\u00ecnh minh ho\u00e0ng h\u00f4n tr\u00ean m\u1eb7t h\u1ed3 c\u1ef1c \u0111\u1eb9p nh\u00e9.<\/p>\n<p><img decoding=\"async\" src=\"https:\/\/dalatreview.vn\/wp-content\/uploads\/2021\/05\/1-37.jpg\" alt=\"\" width=\"1200\" height=\"900\"><\/p>\n<h2 id=\"2-lich-trinh\"><span style=\"color: #003300;\"><strong>2 . L\u1ecbch Tr\u00ecnh<\/strong><\/span><\/h2>\n<hr \/>\n<p><img decoding=\"async\" src=\"https:\/\/static.xx.fbcdn.net\/images\/emoji.php\/v9\/tac\/1\/16\/1f4cc.png\" alt=\"\ud83d\udccc\" width=\"16\" height=\"16\" \/>\u0110\u1ee6 4 KH\u00c1CH KH\u1edeI H\u00c0NH<img decoding=\"async\" src=\"https:\/\/static.xx.fbcdn.net\/images\/emoji.php\/v9\/tac\/1\/16\/1f4cc.png\" alt=\"\ud83d\udccc\" width=\"16\" height=\"16\" \/><\/p>\n<div>\n<div dir=\"auto\"><img decoding=\"async\" src=\"https:\/\/static.xx.fbcdn.net\/images\/emoji.php\/v9\/tac\/1\/16\/1f4cc.png\" alt=\"\ud83d\udccc\" width=\"16\" height=\"16\" \/>\u00a0L\u1ecaCH TR\u00ccNH C\u1ee4 TH\u1ec2 :<\/div>\n<\/div>\n<div>\n<div dir=\"auto\"><img decoding=\"async\" src=\"https:\/\/static.xx.fbcdn.net\/images\/emoji.php\/v9\/t51\/1\/16\/1f449.png\" alt=\"\ud83d\udc49\" width=\"16\" height=\"16\" \/>\u00a015h00 xe t\u01a1\u0301i \u0111\u00f3n \u1edf n\u00f4\u0323i tha\u0300nh \u0110\u00c0 L\u1ea0T. Di chuy\u1ec3n ra n\u01a1i c\u1eafm tr\u1ea1i.<\/div>\n<\/div>\n<div>\n<div dir=\"auto\"><img decoding=\"async\" src=\"https:\/\/static.xx.fbcdn.net\/images\/emoji.php\/v9\/t51\/1\/16\/1f449.png\" alt=\"\ud83d\udc49\" width=\"16\" height=\"16\" \/>\u00a016h00 c\u00f3 m\u1eb7t t\u1ea1i n\u01a1i c\u1eafm tr\u1ea1i d\u1ef1ng l\u1ec1u v\u00e0 ng\u1eafm ho\u00e0ng h\u00f4n.<\/div>\n<\/div>\n<div>\n<div dir=\"auto\"><img decoding=\"async\" src=\"https:\/\/static.xx.fbcdn.net\/images\/emoji.php\/v9\/t51\/1\/16\/1f449.png\" alt=\"\ud83d\udc49\" width=\"16\" height=\"16\" \/>\u00a019h00 b\u1eaft \u0111\u1ea7u nh\u1eadp ti\u1ec7c BBQ, u\u00f4\u0301ng r\u01b0\u01a1\u0323u c\u00e2\u0300n, h\u00e1t h\u00f2, t\u00e2m s\u1ef1 m\u1ecfng \u0111\u00eam khuya. Sinh ho\u1ea1t t\u1ef1 do<\/div>\n<\/div>\n<div>\n<div dir=\"auto\"><img decoding=\"async\" src=\"https:\/\/static.xx.fbcdn.net\/images\/emoji.php\/v9\/t51\/1\/16\/1f449.png\" alt=\"\ud83d\udc49\" width=\"16\" height=\"16\" \/>\u00a05h30 th\u1ee9c d\u1eady \u1edf m\u1ed9t n\u01a1i xa \u0111\u00f3n b\u00ecnh minh, s\u0103n m\u00e2y (m\u00ecnh s\u1ebd h\u1ed7 tr\u1ee3 c\u00e1c b\u1ea1n ch\u1ee5p \u1ea3nh &amp; quay clip s\u1ed1ng \u1ea3o), \u0103n s\u00e1ng, u\u1ed1ng c\u00e0 ph\u00ea xong sau \u0111\u00f3 thu d\u1ecdn l\u1ec1u, r\u00e1c ( v\u00ec m\u1ed9t \u0111\u00e0 l\u1ea1t xanh s\u1ea1ch \u0111\u1eb9p ^^).<\/div>\n<\/div>\n<div>\n<div dir=\"auto\"><img decoding=\"async\" src=\"https:\/\/static.xx.fbcdn.net\/images\/emoji.php\/v9\/t51\/1\/16\/1f449.png\" alt=\"\ud83d\udc49\" width=\"16\" height=\"16\" \/>\u00a08h00 b\u0103\u0301t \u0111\u00e2\u0300u xu\u00e2\u0301t pha\u0301t v\u00ea\u0300 kha\u0301ch sa\u0323n.<\/div>\n<\/div>\n<div>\n<div dir=\"auto\"><img decoding=\"async\" src=\"https:\/\/static.xx.fbcdn.net\/images\/emoji.php\/v9\/t51\/1\/16\/1f449.png\" alt=\"\ud83d\udc49\" width=\"16\" height=\"16\" \/>\u00a0Sau \u0111\u00f3 \u0111\u01b0a b\u1ea1n v\u1ec1 n\u01a1i xu\u1ea5t ph\u00e1t.<\/div>\n<div dir=\"auto\">\u00a0<\/div>\n<div dir=\"auto\"><img decoding=\"async\" src=\"https:\/\/dalatreview.vn\/wp-content\/uploads\/2021\/05\/1-38.jpg\" alt=\"\" width=\"1200\" height=\"900\"><\/div>\n<div dir=\"auto\">\u00a0<\/div>\n<div dir=\"auto\">\u0110\u1ebfn v\u1edbi tour camping \u0110\u00e0 L\u1ea1t b\u1ea1n s\u1ebd \u0111\u01b0\u1ee3c \u0111\u01b0a \u0111\u1ebfn nh\u1eefng \u0111\u1ecba \u0111i\u1ec3m thi\u00ean nhi\u00ean c\u1ee7a \u0110\u00e0 L\u1ea1t. Ban ng\u00e0y c\u00f9ng nhau c\u1eafm tr\u1ea1i, n\u01b0\u1edbng th\u1ecbt, \u0111\u00e0n h\u00e1t vui ch\u01a1i. Bu\u1ed5i t\u1ed1i ng\u1eafm tr\u0103ng ng\u1eafm m\u00e2y v\u00e0 ng\u1ee7 m\u1ed9t \u0111\u00eam trong l\u1ec1u gi\u1eefa r\u1eebng n\u00fai, thi\u00ean nhi\u00ean \u0110\u00e0 L\u1ea1t. \u0110\u00e1ng \u0111\u1ed3ng ti\u1ec1n b\u00e1t g\u1ea1o l\u1eafm m\u1ecdi ng\u01b0\u1eddi nh\u00e9.<\/div>\n<div dir=\"auto\">\n<p><img decoding=\"async\" src=\"https:\/\/dalatreview.vn\/wp-content\/uploads\/2021\/05\/1-39.jpg\" alt=\"\" width=\"1200\" height=\"900\"><\/p>\n<p>Th\u00f4ng th\u01b0\u1eddng tour s\u1ebd \u0111\u01b0a b\u1ea1n \u0111\u1ebfn nh\u1eefng ng\u1ecdn \u0111\u1ed3i \u0111\u1eb9p \u1edf \u0110\u00e0 L\u1ea1t. Nh\u1eefng \u0111\u1ecba \u0111i\u1ec3m n\u00e0y c\u00f2n s\u0103n \u0111\u01b0\u1ee3c m\u00e2y v\u00e0o s\u00e1ng s\u1edbm. View th\u00ec mi\u1ec5n ch\u00ea lu\u00f4n.<\/p>\n<p><img decoding=\"async\" src=\"https:\/\/dalatreview.vn\/wp-content\/uploads\/2021\/05\/1-40.jpg\" alt=\"\" width=\"1200\" height=\"900\"><\/p>\n<h2 id=\"3-dich-vu\"><span style=\"color: #003300;\"><strong>3. D\u1ecbch V\u1ee5<\/strong><\/span><\/h2>\n<hr \/>\n<p>Ch\u1ec9 v\u1edbi 650.000\u0111 b\u1ea1n \u0111\u01b0\u1ee3c tr\u1ea3i nghi\u1ec7m full g\u00f3i camping bao g\u1ed3m:<\/p>\n<p>\u2705 \u0110\u1ebfn v\u1edbi tour camping \u0111\u1ed3i c\u1ecf h\u1ed3ng b\u1ea1n v\u1eeba \u0111\u01b0\u1ee3c tr\u1ea3i nghi\u1ec7m v\u1eeba vui ch\u01a1i v\u00e0 checkin th\u1ecfa th\u00edch<\/p>\n<p>\u2705 B\u1ea1n \u0111\u01b0\u1ee3c kh\u00e1m ph\u00e1 nh\u1eefng \u0111\u1ecba \u0111i\u1ec3m m\u1edbi \u0111\u1ed9c l\u1ea1, hoang s\u01a1, thi\u00ean v\u1ec1 t\u1ef1 nhi\u00ean phong c\u1ea3nh \u0110\u00e0 L\u1ea1t.<\/p>\n<p>\u2705 Xe \u0111\u01b0a v\u00e0 \u0111\u00f3n t\u1ea1i trung t\u00e2m \u0110\u00e0 L\u1ea1t<\/p>\n<p>\u2705 Cung c\u1ea5p d\u1ecbch l\u1ec1u tr\u1ea1i v\u00e0 d\u1ee5ng c\u1ee5<\/p>\n<p>\u2705 BBQ, \u0102n s\u00e1ng v\u00e0 u\u1ed1ng cafe<\/p>\n<p>Ngo\u00e0i ra tour c\u00f2n nh\u1eadn:<\/p>\n<p>\u2705 Ch\u1ee5p \u1ea3nh chuy\u00ean nghi\u1ec7p gi\u00e1 h\u1ee3p l\u00fd \u0111i k\u00e8m theo tour cho kh\u00e1ch n\u00e0o c\u1ea7n nh\u1eefng album k\u1ef7 ni\u1ec7m \u0111\u1ec3 \u0111\u1eddi.<\/p>\n<p>\u2705 Cho thu\u00ea l\u1ec1u tr\u1ea1i, setup ch\u1ee5p \u1ea3nh\u2026<\/p>\n<p><img decoding=\"async\" src=\"https:\/\/dalatreview.vn\/wp-content\/uploads\/2021\/05\/1-41.jpg\" alt=\"\" width=\"1200\" height=\"900\"><img decoding=\"async\" src=\"https:\/\/dalatreview.vn\/wp-content\/uploads\/2021\/05\/1-42.jpg\" alt=\"\" width=\"1200\" height=\"900\"><\/p>\n<h2 id=\"4-gia-tour\"><span style=\"color: #003300;\"><strong>4. Gi\u00e1 Tour<\/strong><\/span><\/h2>\n<hr \/>\n<p>\u2705 Gi\u00e1 tour: 650.000\u0111\/ng\u01b0\u1eddi<\/p>\n<p>\u2705 Gi\u00e1 tr\u00ean \u0111\u00e3 bao g\u1ed3m xe \u0111\u01b0a \u0111\u00f3n t\u1ea1i trung t\u00e2m, l\u1ec1u tr\u1ea1i v\u00e0 d\u1ee5ng c\u1ee5, BBQ, c\u00e0 ph\u00ea,\u2026<\/p>\n<h2 id=\"5-lien-he\"><span style=\"color: #003300;\"><strong>5. Li\u00ean H\u1ec7<\/strong><\/span><\/h2>\n<hr \/>\n<p>\u2705 S\u1ed1 \u0111i\u1ec7n tho\u1ea1i: 0986 249 297<\/p>\n<p>\u2705 Facebook: <a href=\"https:\/\/www.facebook.com\/CampingArtDaLat\" target=\"_blank\" rel=\"noopener\">Tour C\u1eafm \u0110\u1ed3i C\u1ecf H\u1ed3ng Tr\u1ea1i \u0110\u00e0 L\u1ea1t<\/a><\/p>\n<p>\u2705 \u0110\u1ecba ch\u1ec9: <a tabindex=\"0\" role=\"link\" href=\"https:\/\/www.google.com\/maps\/dir\/?api=1&amp;destination=11.960213820052%2C108.44385623932&amp;fbclid=IwAR2_2lXPhKOLiD900DRWBEZeSN3A9EhoCFkYmM-uVd4_g2DcAkN8lAnNwMo\" target=\"_blank\" rel=\"nofollow noopener\">22\/6 Ph\u00f9 \u0110\u1ed5ng Thi\u00ean V\u01b0\u01a1ng \u0110\u00e0 L\u1ea1t<\/a><\/p>\n<\/div>\n<\/div>","protected":false},"excerpt":{"rendered":"<p>Danh m\u1ee5c ch\u00ednh Tour Camping \u0110\u1ed3i C\u1ecf H\u1ed3ng &#8211; \u0110\u00e0 L\u1ea1t 1. Gi\u1edbi Thi\u1ec7u 2 . L\u1ecbch Tr\u00ecnh 3. D\u1ecbch V\u1ee5 4. Gi\u00e1 Tour 5. Li\u00ean H\u1ec7 Tour Camping \u0110\u1ed3i C\u1ecf H\u1ed3ng &#8211; \u0110\u00e0 L\u1ea1t C\u1eafm tr\u1ea1i, camping l\u00e0 ho\u1ea1t \u0111\u1ed9ng d\u00e0nh cho nh\u1eefng b\u1ea1n y\u00eau th\u00edch tr\u1ea3i nghi\u1ec7m v\u00e0 kh\u00e1m ph\u00e1 thi\u00ean nhi\u00ean t\u1ea1i [&hellip;]<\/p>","protected":false},"featured_media":9721,"comment_status":"open","ping_status":"closed","template":"","meta":{"_acf_changed":false,"rank_math_lock_modified_date":false},"product_cat":[28],"product_tag":[],"acf":[],"_links":{"self":[{"href":"https:\/\/dalatreview.vn\/en\/wp-json\/wp\/v2\/product\/9694"}],"collection":[{"href":"https:\/\/dalatreview.vn\/en\/wp-json\/wp\/v2\/product"}],"about":[{"href":"https:\/\/dalatreview.vn\/en\/wp-json\/wp\/v2\/types\/product"}],"replies":[{"embeddable":true,"href":"https:\/\/dalatreview.vn\/en\/wp-json\/wp\/v2\/comments?post=9694"}],"wp:featuredmedia":[{"embeddable":true,"href":"https:\/\/dalatreview.vn\/en\/wp-json\/wp\/v2\/media\/9721"}],"wp:attachment":[{"href":"https:\/\/dalatreview.vn\/en\/wp-json\/wp\/v2\/media?parent=9694"}],"wp:term":[{"taxonomy":"product_cat","embeddable":true,"href":"https:\/\/dalatreview.vn\/en\/wp-json\/wp\/v2\/product_cat?post=9694"},{"taxonomy":"product_tag","embeddable":true,"href":"https:\/\/dalatreview.vn\/en\/wp-json\/wp\/v2\/product_tag?post=9694"}],"curies":[{"name":"wp","href":"https:\/\/api.w.org\/{rel}","templated":true}]}}