
{"id":9682,"date":"2021-05-19T15:14:21","date_gmt":"2021-05-19T08:14:21","guid":{"rendered":"https:\/\/dalatreview.vn\/?p=9682"},"modified":"2024-05-20T02:43:57","modified_gmt":"2024-05-20T02:43:57","slug":"tour-cheo-sup-tren-ho-tuyen-lam","status":"publish","type":"product","link":"https:\/\/dalatreview.vn\/en\/tour-cheo-sup-tren-ho-tuyen-lam.html","title":{"rendered":"Tour ch\u00e8o SUP tr\u00ean h\u1ed3 Tuy\u1ec1n L\u00e2m"},"content":{"rendered":"<nav class=\"vietrick-auto-toc\">\n<div class=\"box-title\">\n<h3 class=\"toc-title\" id=\"select-menu\">Danh m\u1ee5c ch\u00ednh<\/h3>\n<div><ion-icon name=\"chevron-up-outline\"><\/ion-icon><\/div>\n<\/div>\n<ul class=\"toc-list\">\n<li><a href='https:\/\/dalatreview.vn\/en#tour-cheo-sup-tren-ho-tuyen-lam' class='heading-h2 toc-link smooth-scroll'>Tour ch\u00e8o SUP\u00a0 tr\u00ean h\u1ed3 Tuy\u1ec1n L\u00e2m<\/a>\n<li><a href='https:\/\/dalatreview.vn\/en#1-gioi-thieu' class='heading-h2 toc-link smooth-scroll'>1. Gi\u1edbi thi\u1ec7u<\/a>\n<li><a href='https:\/\/dalatreview.vn\/en#2-lich-trinh' class='heading-h2 toc-link smooth-scroll'>2. L\u1ecbch tr\u00ecnh<\/a>\n<li><a href='https:\/\/dalatreview.vn\/en#3-dich-vu' class='heading-h2 toc-link smooth-scroll'>3. D\u1ecbch V\u1ee5<\/a>\n<li><a href='https:\/\/dalatreview.vn\/en#4-gia-tour' class='heading-h2 toc-link smooth-scroll'>4. Gi\u00e1 Tour<\/a>\n<li><a href='https:\/\/dalatreview.vn\/en#5-lien-he' class='heading-h2 toc-link smooth-scroll'>5. Li\u00ean H\u1ec7\u00a0<\/a><\/ul>\n<\/ul>\n<\/li>\n<\/ul>\n<\/nav>\n<h2 style=\"text-align: center;\" id=\"tour-cheo-sup-tren-ho-tuyen-lam\"><span style=\"color: #003300;\"><strong>Tour ch\u00e8o SUP\u00a0 tr\u00ean h\u1ed3 Tuy\u1ec1n L\u00e2m<\/strong><\/span><\/h2>\n<h2 id=\"1-gioi-thieu\"><span style=\"color: #003300;\"><strong>1. Gi\u1edbi thi\u1ec7u<\/strong><\/span><\/h2>\n<p>Ch\u00e8o thuy\u1ec1n l\u00e0 ho\u1ea1t \u0111\u1ed9ng th\u00fa v\u1ecb \u0111\u01b0\u1ee3c r\u1ea5t nhi\u1ec1u ng\u01b0\u1eddi y\u00eau th\u00edch khi du l\u1ecbch t\u1ea1i \u0110\u00e0 L\u1ea1t. Tuy nhi\u00ean kh\u00f4ng ph\u1ea3i \u0111\u1ecba \u0111i\u1ec3m n\u00e0o t\u1ea1i \u0110\u00e0 L\u1ea1t b\u1ea1n c\u0169ng \u0111\u01b0\u1ee3c tr\u1ea3i nghi\u1ec7m ho\u1ea1t \u0111\u1ed9ng n\u00e0y. Ch\u00ednh v\u00ec v\u1eady \u0110\u00e0 L\u1ea1t Review s\u1ebd gi\u1edbi thi\u1ec7u cho b\u1ea1n m\u1ed9t tour ch\u00e8o SUP gi\u1eefa h\u1ed3 Tuy\u1ec1n L\u00e2m, h\u00f2a m\u00ecnh v\u00e0o thi\u00ean nhi\u00ean. Ng\u1eafm r\u1eebng th\u00f4ng xanh in b\u00f3ng d\u01b0\u1edbi m\u1eb7t n\u01b0\u1edbc xanh ng\u00e1t.<\/p>\n<p><img decoding=\"async\" class=\"alignnone\" src=\"https:\/\/dalatreview.vn\/wp-content\/uploads\/2021\/05\/1-30.jpg\" alt=\"tour ch\u00e8o SUP h\u1ed3 tuy\u1ec1n l\u00e2m\" width=\"1200\" height=\"900\" \/><\/p>\n<p>\u0110\u1ebfn v\u1edbi tour ch\u00e8o SUP tr\u00ean h\u1ed3 Tuy\u1ec1n L\u00e2m b\u1ea1n \u0111\u01b0\u1ee3c kh\u00e1m ph\u00e1 thi\u00ean nhi\u00ean \u0110\u00e0 L\u1ea1t theo m\u1ed9t c\u00e1ch ho\u00e0n to\u00e0n kh\u00e1c. Kh\u00f4ng ch\u1ec9 l\u00e0 ng\u1eafm nh\u00ecn, checkin m\u00e0 ch\u00ednh b\u1ea1n s\u1ebd l\u00e0 ng\u01b0\u1eddi tr\u1ea3i nghi\u1ec7m ho\u1ea1t \u0111\u1ed9ng ch\u00e8o thuy\u1ec1n. \u0110\u00e2y h\u1ee9a h\u1eb9n l\u00e0 m\u1ed9t k\u1ef3 ngh\u1ec9 v\u1ecb t\u1ea1i \u0110\u00e0 L\u1ea1t.<\/p>\n<p><img decoding=\"async\" class=\"alignnone\" src=\"https:\/\/dalatreview.vn\/wp-content\/uploads\/2021\/05\/1-31.jpg\" alt=\"tour ch\u00e8o SUP h\u1ed3 tuy\u1ec1n l\u00e2m\" width=\"1200\" height=\"900\" \/><\/p>\n<h2 id=\"2-lich-trinh\"><span style=\"color: #003300;\"><strong>2. L\u1ecbch tr\u00ecnh<\/strong><\/span><\/h2>\n<p><img decoding=\"async\" src=\"https:\/\/static.xx.fbcdn.net\/images\/emoji.php\/v9\/tac\/1\/16\/1f4cc.png\" alt=\"\ud83d\udccc\" width=\"16\" height=\"16\" \/>\u00a0L\u1ecaCH TR\u00ccNH C\u1ee4 TH\u1ec2 :<\/p>\n<div>\n<div dir=\"auto\"><img decoding=\"async\" src=\"https:\/\/static.xx.fbcdn.net\/images\/emoji.php\/v9\/t51\/1\/16\/1f449.png\" alt=\"\ud83d\udc49\" width=\"16\" height=\"16\" \/> 9h00: T\u1edbi \u0111i\u1ec3m t\u1eadp k\u1ebft. H\u01b0\u1edbng d\u1eabn vi\u00ean s\u1ebd ph\u00e1t cho b\u1ea1n phi\u1ebfu mi\u1ec5n tr\u1eeb tr\u00e1ch nhi\u1ec7m v\u00e0 h\u1ee3p \u0111\u1ed3ng v\u1edbi b\u1ea1n. B\u1ea1n nh\u1edb \u0111\u1ecdc k\u1ef9 chi ti\u1ebft r\u1ed3i k\u00fd gi\u1ea5y tr\u01b0\u1edbc khi ti\u1ebfn h\u00e0nh tour nh\u00e9.<\/div>\n<\/div>\n<div>\n<div dir=\"auto\"><img decoding=\"async\" src=\"https:\/\/static.xx.fbcdn.net\/images\/emoji.php\/v9\/t51\/1\/16\/1f449.png\" alt=\"\ud83d\udc49\" width=\"16\" height=\"16\" \/>9h30: H\u01b0\u1edbng d\u1eabn vi\u00ean v\u00e0 b\u1ea1n s\u1ebd ti\u1ebfn h\u00e0nh b\u01a1m thuy\u1ec1n SUP v\u00e0 ph\u00e1t cho b\u1ea1n c\u00e1c thi\u1ebft b\u1ecb c\u1ea7n thi\u1ebft nh\u01b0: \u00e1o phao (b\u1eaft bu\u1ed9c), m\u00e1i ch\u00e8o, d\u00e2y bu\u1ed9c ch\u00e2n v\u1edbi SUP, t\u00fai ch\u1ed1ng n\u01b0\u1edbc, m\u0169 ch\u1ed1ng n\u1eafng,\u2026<\/div>\n<\/div>\n<div>\n<div dir=\"auto\"><img decoding=\"async\" src=\"https:\/\/static.xx.fbcdn.net\/images\/emoji.php\/v9\/t51\/1\/16\/1f449.png\" alt=\"\ud83d\udc49\" width=\"16\" height=\"16\" \/>10h00: H\u01b0\u1edbng d\u1eabn vi\u00ean s\u1ebd h\u01b0\u1edbng d\u1eabn cho b\u1ea1n c\u00e1c k\u1ef9 n\u0103ng nh\u01b0 ch\u00e8o SUP v\u00e0 trang b\u1ecb \u00e1o phao, thi\u1ebft b\u1ecb an to\u00e0n cho b\u1ea1n c\u0169ng nh\u01b0 gi\u1edbi thi\u1ec7u v\u1ec1 l\u1ecbch tr\u00ecnh chuy\u1ebfn \u0111i.<\/div>\n<\/div>\n<div>\n<div dir=\"auto\"><img decoding=\"async\" src=\"https:\/\/static.xx.fbcdn.net\/images\/emoji.php\/v9\/t51\/1\/16\/1f449.png\" alt=\"\ud83d\udc49\" width=\"16\" height=\"16\" \/>10h30: Sau khi m\u1ecdi th\u1ee9 \u0111\u00e3 s\u1eb5n s\u00e0ng th\u00ec \u0111o\u00e0n s\u1ebd xu\u1ea5t ph\u00e1t ch\u00e8o thuy\u1ec1n l\u00ean th\u01b0\u1ee3ng ngu\u1ed3n h\u1ed3 Tuy\u1ec1n L\u00e2m, tr\u00ean \u0111\u01b0\u1eddng \u0111i \u0111o\u00e0n s\u1ebd d\u1eebng l\u1ea1i m\u1ed9t s\u1ed1 n\u01a1i \u0111\u1eb9p nh\u01b0: b\u00e3i c\u1ecf lau tr\u00ean m\u1eb7t n\u01b0\u1edbc, cung \u0111\u01b0\u1eddng \u0111i b\u1ed9 qua c\u00e1c \u0111\u1ed3ng c\u1ecf\u2026b\u1ea1n s\u1ebd c\u00f3 nh\u1eefng b\u1ee9c \u1ea3nh l\u01b0u ni\u1ec7m c\u00f9ng thi\u00ean nhi\u00ean xinh \u0111\u1eb9p c\u1ee7a \u0110\u00e0 L\u1ea1t .<\/div>\n<\/div>\n<div>\n<div dir=\"auto\"><img decoding=\"async\" src=\"https:\/\/static.xx.fbcdn.net\/images\/emoji.php\/v9\/t51\/1\/16\/1f449.png\" alt=\"\ud83d\udc49\" width=\"16\" height=\"16\" \/>12h00: \u0102n tr\u01b0a Picnic t\u1ea1i khu du l\u1ecbch Nam Qua.<\/div>\n<\/div>\n<div>\n<div dir=\"auto\"><img decoding=\"async\" src=\"https:\/\/static.xx.fbcdn.net\/images\/emoji.php\/v9\/t51\/1\/16\/1f449.png\" alt=\"\ud83d\udc49\" width=\"16\" height=\"16\" \/>13h00: \u0110o\u00e0n s\u1ebd ti\u1ebfp t\u1ee5c h\u00e0nh tr\u00ecnh kh\u00e1m ph\u00e1 H\u1ed3 tuy\u1ec1n L\u00e2m.<\/div>\n<\/div>\n<div>\n<div dir=\"auto\">\n<p><img decoding=\"async\" src=\"https:\/\/static.xx.fbcdn.net\/images\/emoji.php\/v9\/t51\/1\/16\/1f449.png\" alt=\"\ud83d\udc49\" width=\"16\" height=\"16\" \/>14h00: K\u1ebft th\u00fac h\u00e0nh tr\u00ecnh t\u1ea1i khu \u0110\u01b0\u1eddng h\u1ea7m \u0111\u1ea5t s\u00e9t.<\/p>\n<p><img decoding=\"async\" class=\"alignnone\" src=\"https:\/\/dalatreview.vn\/wp-content\/uploads\/2021\/05\/1-32.jpg\" alt=\"tour ch\u00e8o SUP h\u1ed3 tuy\u1ec1n l\u00e2m\" width=\"1200\" height=\"900\" \/><\/p>\n<p>&nbsp;<\/p>\n<p>\u0110\u1ebfn v\u1edbi tour ch\u00e8o SUP b\u1ea1n s\u1ebd \u0111\u01b0\u1ee3c \u0111\u01b0a \u0111\u1ebfn h\u1ed3 Tuy\u1ec1n L\u00e2m, m\u1ed9t trong nh\u1eefng \u0111\u1ecba \u0111i\u1ec3m thi\u00ean nhi\u00ean \u0111\u1eb9p nh\u1ea5t c\u1ee7a \u0110\u00e0 L\u1ea1t. C\u00f9ng nhau tr\u00e8o thuy\u1ec1n, du ngo\u1ea1n tr\u00ean h\u1ed3. Sau khi ch\u00e8o thuy\u1ec1n b\u1ea1n \u0111\u01b0\u1ee3c c\u1eafm tr\u1ea1i, n\u01b0\u1edbng th\u1ecbt, \u0111\u00e0n h\u00e1t vui ch\u01a1i. V\u1edbi nh\u1eefng m\u00f3n \u0103n d\u00e2n d\u00e3 nh\u01b0ng \u0111\u1eadm ch\u1ea5t T\u00e2y Nguy\u00ean. \u0110\u00e1ng \u0111\u1ed3ng ti\u1ec1n b\u00e1t g\u1ea1o l\u1eafm m\u1ecdi ng\u01b0\u1eddi nh\u00e9.<\/p>\n<p>&nbsp;<\/p>\n<p><img decoding=\"async\" class=\"alignnone\" src=\"https:\/\/dalatreview.vn\/wp-content\/uploads\/2021\/05\/1-33.jpg\" alt=\"tour ch\u00e8o SUP h\u1ed3 tuy\u1ec1n l\u00e2m\" width=\"1200\" height=\"900\" \/><\/p>\n<h2 id=\"3-dich-vu\"><span style=\"color: #003300;\"><strong>3. D\u1ecbch V\u1ee5<\/strong><\/span><\/h2>\n<p>\u2705\u0110\u1ebfn v\u1edbi tour ch\u00e8o SUP b\u1ea1n v\u1eeba \u0111\u01b0\u1ee3c tr\u1ea3i nghi\u1ec7m v\u1eeba vui ch\u01a1i v\u00e0 checkin th\u1ecfa th\u00edch<\/p>\n<p>\u2705\u0110\u01b0\u1ee3c ph\u00e1t \u00e1o phao, d\u00e2y bu\u1ed9c ch\u00e2n v\u1edbi SUP, t\u00fai ch\u1ed1ng n\u01b0\u1edbc, m\u0169 ch\u1ed1ng n\u1eafng, v\u00e0 nh\u1eefng v\u1eadt d\u1ee5ng c\u1ea7n thi\u1ebft<\/p>\n<p>\u2705\u0110\u01b0\u1ee3c h\u01b0\u1edbng d\u1eabn c\u00e1c k\u1ef9 n\u0103ng nh\u01b0 ch\u00e8o SUP v\u00e0 gi\u1eef an to\u00e0n khi ch\u00e8o thuy\u1ec1n<\/p>\n<p>\u2705B\u1ea1n \u0111\u01b0\u1ee3c kh\u00e1m ph\u00e1 nh\u1eefng \u0111\u1ecba \u0111i\u1ec3m m\u1edbi \u0111\u1ed9c l\u1ea1, hoang s\u01a1, thi\u00ean v\u1ec1 t\u1ef1 nhi\u00ean phong c\u1ea3nh \u0110\u00e0 L\u1ea1t.<\/p>\n<p>\u2705Picnic, \u0103n tr\u01b0a v\u00e0 ngh\u1ec9 ng\u01a1i.<\/p>\n<p>&nbsp;<\/p>\n<p><img decoding=\"async\" class=\"alignnone\" src=\"https:\/\/dalatreview.vn\/wp-content\/uploads\/2021\/05\/1-34.jpg\" alt=\"tour ch\u00e8o SUP h\u1ed3 tuy\u1ec1n l\u00e2m\" width=\"1200\" height=\"900\" \/><\/p>\n<p>Tour ch\u00e8o SUP tr\u00ean h\u1ed3 Tuy\u1ec1n L\u00e2m \u0110\u00e0 L\u1ea1t<\/p>\n<p>&nbsp;<\/p>\n<p><img decoding=\"async\" class=\"alignnone\" src=\"https:\/\/dalatreview.vn\/wp-content\/uploads\/2021\/05\/1-35.jpg\" alt=\"tour ch\u00e8o SUP h\u1ed3 tuy\u1ec1n l\u00e2m\" width=\"1200\" height=\"900\" \/><\/p>\n<p>&nbsp;<\/p>\n<h2 id=\"4-gia-tour\"><span style=\"color: #003300;\"><strong>4. Gi\u00e1 Tour<\/strong><\/span><\/h2>\n<p>\u2705Gi\u00e1 tour: 500.000\u0111\/ng\u01b0\u1eddi<\/p>\n<p>\u2705Gi\u00e1 tr\u00ean \u0111\u00e3 bao g\u1ed3m xe v\u1eadt d\u1ee5ng ch\u00e8o thuy\u1ec1n, picnic v\u00e0 \u0103n tr\u01b0a.<\/p>\n<h2 id=\"5-lien-he\"><span style=\"color: #003300;\"><strong>5. Li\u00ean H\u1ec7\u00a0<\/strong><\/span><\/h2>\n<p>\u2705S\u1ed1 \u0111i\u1ec7n tho\u1ea1i : 0989 249 297<\/p>\n<p>\u2705Facebook: <a href=\"https:\/\/www.facebook.com\/TourCheoSup\" target=\"_blank\" rel=\"noopener\">Tour ch\u00e8o SUP \u0110\u00e0 L\u1ea1t<\/a><\/p>\n<p>______________<\/p>\n<p>Xem th\u00eam v\u1ec1 tour du l\u1ecbch \u0110\u00e0 L\u1ea1t t\u1ea1i: <a href=\"https:\/\/dalatreview.vn\/en\/\">dalatreview.vn<\/a><\/p>\n<\/div>\n<\/div>","protected":false},"excerpt":{"rendered":"<p>Danh m\u1ee5c ch\u00ednh Tour ch\u00e8o SUP\u00a0 tr\u00ean h\u1ed3 Tuy\u1ec1n L\u00e2m 1. Gi\u1edbi thi\u1ec7u 2. L\u1ecbch tr\u00ecnh 3. D\u1ecbch V\u1ee5 4. Gi\u00e1 Tour 5. Li\u00ean H\u1ec7\u00a0 Tour ch\u00e8o SUP\u00a0 tr\u00ean h\u1ed3 Tuy\u1ec1n L\u00e2m 1. Gi\u1edbi thi\u1ec7u Ch\u00e8o thuy\u1ec1n l\u00e0 ho\u1ea1t \u0111\u1ed9ng th\u00fa v\u1ecb \u0111\u01b0\u1ee3c r\u1ea5t nhi\u1ec1u ng\u01b0\u1eddi y\u00eau th\u00edch khi du l\u1ecbch t\u1ea1i \u0110\u00e0 L\u1ea1t. Tuy [&hellip;]<\/p>","protected":false},"featured_media":9683,"comment_status":"open","ping_status":"closed","template":"","meta":{"_acf_changed":false,"rank_math_lock_modified_date":false},"product_cat":[26,1050],"product_tag":[],"acf":[],"_links":{"self":[{"href":"https:\/\/dalatreview.vn\/en\/wp-json\/wp\/v2\/product\/9682"}],"collection":[{"href":"https:\/\/dalatreview.vn\/en\/wp-json\/wp\/v2\/product"}],"about":[{"href":"https:\/\/dalatreview.vn\/en\/wp-json\/wp\/v2\/types\/product"}],"replies":[{"embeddable":true,"href":"https:\/\/dalatreview.vn\/en\/wp-json\/wp\/v2\/comments?post=9682"}],"wp:featuredmedia":[{"embeddable":true,"href":"https:\/\/dalatreview.vn\/en\/wp-json\/wp\/v2\/media\/9683"}],"wp:attachment":[{"href":"https:\/\/dalatreview.vn\/en\/wp-json\/wp\/v2\/media?parent=9682"}],"wp:term":[{"taxonomy":"product_cat","embeddable":true,"href":"https:\/\/dalatreview.vn\/en\/wp-json\/wp\/v2\/product_cat?post=9682"},{"taxonomy":"product_tag","embeddable":true,"href":"https:\/\/dalatreview.vn\/en\/wp-json\/wp\/v2\/product_tag?post=9682"}],"curies":[{"name":"wp","href":"https:\/\/api.w.org\/{rel}","templated":true}]}}