
{"id":9647,"date":"2022-11-16T08:00:41","date_gmt":"2022-11-16T01:00:41","guid":{"rendered":"https:\/\/dalatreview.vn\/?p=9647"},"modified":"2026-02-19T10:40:40","modified_gmt":"2026-02-19T03:40:40","slug":"tour-san-may-cau-dat-da-lat","status":"publish","type":"product","link":"https:\/\/dalatreview.vn\/en\/tour-san-may-cau-dat-da-lat.html","title":{"rendered":"Tour the hunt the clouds Bridge Earth \u2013 Da Lat"},"content":{"rendered":"<nav class=\"vietrick-auto-toc\">\n<div class=\"box-title\">\n<h3 class=\"toc-title\" id=\"select-menu\">Danh m\u1ee5c ch\u00ednh<\/h3>\n<div><ion-icon name=\"chevron-up-outline\"><\/ion-icon><\/div>\n<\/div>\n<ul class=\"toc-list\">\n<li><a href='https:\/\/dalatreview.vn\/en#1-gioi-thieu' class='heading-h2 toc-link smooth-scroll'>1.Gi\u1edbi thi\u1ec7u<\/a>\n<li><a href='https:\/\/dalatreview.vn\/en#2-lich-trinh-tour-san-may-cau-dat' class='heading-h2 toc-link smooth-scroll'>2 .L\u1ecbch tr\u00ecnh Tour s\u0103n m\u00e2y C\u1ea7u \u0110\u1ea5t<\/a>\n<ul>\n<li><a href='https:\/\/dalatreview.vn\/en#tham-quan-doi-che-cau-dat' class='heading-h3 toc-link smooth-scroll'>Tham quan \u0111\u1ed3i ch\u00e8 C\u1ea7u \u0110\u1ea5t<\/a>\n<li><a href='https:\/\/dalatreview.vn\/en#tham-quan-vuon-hong' class='heading-h3 toc-link smooth-scroll'>Tham quan v\u01b0\u1eddn h\u1ed3ng<\/a>\n<li><a href='https:\/\/dalatreview.vn\/en#ngam-hoa-da-lat' class='heading-h3 toc-link smooth-scroll'>Ng\u1eafm hoa \u0110\u00e0 L\u1ea1t<\/a>\n<li><a href='https:\/\/dalatreview.vn\/en#ngam-thanh-pho-tu-tren-cao' class='heading-h3 toc-link smooth-scroll'>Ng\u1eafm th\u00e0nh ph\u1ed1 t\u1eeb tr\u00ean cao<\/a><\/ul>\n<li><a href='https:\/\/dalatreview.vn\/en#3-dich-vu' class='heading-h2 toc-link smooth-scroll'>3. D\u1ecbch v\u1ee5<\/a>\n<li><a href='https:\/\/dalatreview.vn\/en#4-gia-tour' class='heading-h2 toc-link smooth-scroll'>4 . Gi\u00e1 Tour<\/a>\n<li><a href='https:\/\/dalatreview.vn\/en#5-lien-he' class='heading-h2 toc-link smooth-scroll'>5 . Li\u00ean h\u1ec7\u00a0<\/a><\/ul>\n<\/ul>\n<\/li>\n<\/ul>\n<\/nav>\n<h2 id=\"1-gioi-thieu\"><strong><span style=\"color: #003300;\">1.Gi\u1edbi thi\u1ec7u<\/span><\/strong><\/h2>\n<hr \/>\n<p>N\u0103m nay l\u00e0 n\u0103m c\u1ee7a nh\u1eefng c\u1ee5m t\u1eeb nh\u01b0 \u201cs\u0103n m\u00e2y \u1edf \u0111\u00e2u\u201d \u201cs\u0103n m\u00e2y \u0110\u00e0 L\u1ea1t\u201d. N\u1ebfu b\u1ea1n quy\u1ebft \u0111\u1ecbnh \u0111i du l\u1ecbch <a href=\"https:\/\/dalatreview.vn\/en\/tin-tuc-da-lat\/\">\u0110\u00e0 L\u1ea1t<\/a> trong d\u1ecbp n\u00e0y \u0111\u1eebng b\u1ecf qua tr\u1ea3i nghi\u1ec7m Tour s\u0103n bi\u1ec3n m\u00e2y \u0110\u00e0 L\u1ea1t si\u00eau hot. Ng\u1eafm nh\u00ecn bi\u1ec3n m\u00e2y b\u1ed3ng b\u1ec1nh d\u01b0\u1edbi ch\u00e2n. C\u1ea3m nh\u1eadn t\u1eebng tia n\u1eafng xuy\u00ean qua \u0111\u00e1m m\u00e2y tr\u1eafng th\u00ec c\u00f2n g\u00ec b\u1eb1ng.<\/p>\n<p><img decoding=\"async\" src=\"https:\/\/dalatreview.vn\/wp-content\/uploads\/2021\/05\/1-22.jpg\" alt=\"tour s\u0103n m\u00e2y \u0111\u00e0 l\u1ea1t\" width=\"1200\" height=\"900\" \/><\/p>\n<p>Ng\u01b0\u1eddi ta v\u1eabn th\u01b0\u1eddng n\u00f3i \u00edt nh\u1ea5t ph\u1ea3i s\u0103n m\u00e2y \u0110\u00e0 L\u1ea1t m\u1ed9t l\u1ea7n trong \u0111\u1eddi. C\u1ea3m gi\u00e1c l\u1ea1c v\u00e0o thi\u00ean \u0111\u01b0\u1eddng s\u0103n m\u00e2y b\u1ed3ng b\u1ec1nh ch\u1eafc ch\u1eafn s\u1ebd kh\u00f3 qu\u00ean nh\u1ea5t.<\/p>\n<p><img decoding=\"async\" src=\"https:\/\/dalatreview.vn\/wp-content\/uploads\/2021\/05\/3-1-1.jpg\" alt=\"tour s\u0103n m\u00e2y \u0111\u00e0 l\u1ea1t\" width=\"1200\" height=\"900\" \/><\/p>\n<p><img decoding=\"async\" class=\"aligncenter wp-image-23572 size-full\" src=\"https:\/\/dalatreview.vn\/wp-content\/uploads\/2022\/02\/tour-san-may-cau-dat-thien-duong-san-may-39.jpg\" alt=\"\" width=\"1428\" height=\"2048\"><\/p>\n<h2 id=\"2-lich-trinh-tour-san-may-cau-dat\"><span style=\"color: #003300;\"><strong>2 .L\u1ecbch tr\u00ecnh Tour s\u0103n m\u00e2y C\u1ea7u \u0110\u1ea5t<\/strong><\/span><\/h2>\n<hr \/>\n<div>\n<div dir=\"auto\">L\u1ecaCH TR\u00ccNH TOUR S\u0102N M\u00c2Y \u0110\u00c0 L\u1ea0T:<\/div>\n<\/div>\n<div>\n<div dir=\"auto\">\n<ul>\n<li><em><span style=\"color: #003300;\"><strong>\u0110\u00f3n ng\u00e0y m\u1edbi th\u1eadt chill v\u1edbi thi\u00ean \u0111\u01b0\u1eddng s\u0103n m\u00e2y C\u1ea7u \u0110\u1ea5t (C\u00f3 h\u01b0\u1edbng d\u1eabn vi\u00ean \u0111\u01b0a \u0111o\u00e0n h\u1ed7 tr\u1ee3 ch\u1ee5p \u1ea3nh cho qu\u00fd kh\u00e1ch).<\/strong><\/span><\/em><\/li>\n<li><em><span style=\"color: #003300;\"><strong>Tham quan \u0110\u1ed3i Ch\u00e8 C\u1ea7u \u0110\u1ea5t \u2013 chi\u00eam ng\u01b0\u1ee1ng \u0111\u1ed3i ch\u00e8 b\u1ea1t ng\u00e0n trong n\u1eafng s\u1edbm<\/strong><\/span><\/em><\/li>\n<li><em><span style=\"color: #003300;\"><strong>V\u01b0\u1eddn H\u1ed3ng Treo \u2013 Tham quan tr\u1ea3i nghi\u1ec7m, ch\u1ee5p \u1ea3nh v\u1edbi h\u1ed3ng treo gi\u00f3.<\/strong><\/span><\/em><\/li>\n<li><em><span style=\"color: #003300;\"><strong>Tham quan ch\u1ee5p h\u00ecnh s\u1ed1ng \u1ea3o v\u1edbi con \u0111\u01b0\u1eddng hoa Ban tr\u1eafng \u2013 \u0110\u00e0 L\u1ea1t<\/strong><\/span><\/em><\/li>\n<li><em><span style=\"color: #003300;\"><strong>Check-in \u0111\u1ecba \u0111i\u1ec3m s\u1ed1ng \u1ea3o ng\u1eafm to\u00e0n c\u1ea3nh th\u00e0nh ph\u1ed1 \u0110\u00e0 L\u1ea1t t\u1ea1i Dalat Golf Cafe \u2013 Mi\u1ec5n ph\u00ed tham quan ch\u1ee5p \u1ea3nh, n\u1ebfu qu\u00fd kh\u00e1ch kh\u00f4ng mu\u1ed1n order n\u01b0\u1edbc.<\/strong><\/span><\/em><\/li>\n<\/ul>\n<p><img decoding=\"async\" src=\"https:\/\/dalatreview.vn\/wp-content\/uploads\/2021\/05\/1-10-1.jpg\" alt=\"tour s\u0103n m\u00e2y c\u1ea7u \u0111\u1ea5t\" width=\"1200\" height=\"900\" \/><\/p>\n<p><img decoding=\"async\" class=\"aligncenter size-full wp-image-23569\" src=\"https:\/\/dalatreview.vn\/wp-content\/uploads\/2022\/02\/tour-san-may-cau-dat-thien-duong-san-may-29.jpg\" alt=\"\" width=\"1536\" height=\"2048\"><\/p>\n<p>\u0110\u1ecba \u0111i\u1ec3m \u0111\u1ea7u ti\u00ean trong tour s\u0103n m\u00e2y l\u00e0 C\u1ea7u \u0110\u1ea5t. \u0110\u00e2y \u0111\u01b0\u1ee3c xem l\u00e0 \u0111\u1ecba \u0111i\u1ec3m s\u0103n bi\u1ec3n m\u00e2y l\u00fd t\u01b0\u1edfng nh\u1ea5t \u0110\u00e0 L\u1ea1t. N\u01a1i \u0111\u00e2y c\u00f3 thi\u00ean nhi\u00ean h\u00f9ng v\u0129, xung quanh l\u00e0 \u0111\u1ed3i n\u00fai xanh ng\u00e1t. S\u00e1ng s\u1edbm ng\u1eafm bi\u1ec3n m\u00e2y chen ch\u00fac qua c\u00e1c d\u00e3y n\u00fai. Bay l\u1eefng l\u1edd tr\u01b0\u1edbc m\u1eb7t b\u1ea1n th\u00ec c\u00f2n g\u00ec b\u1eb1ng.<\/p>\n<\/div>\n<\/div>\n<p><img decoding=\"async\" src=\"https:\/\/dalatreview.vn\/wp-content\/uploads\/2021\/05\/0-1.jpg\" alt=\"s\u0103n m\u00e2y c\u1ea7u \u0111\u1ea5t\" width=\"1200\" height=\"900\" \/><\/p>\n<p><img decoding=\"async\" class=\"aligncenter wp-image-23571 size-full\" src=\"https:\/\/dalatreview.vn\/wp-content\/uploads\/2022\/02\/tour-san-may-cau-dat-thien-duong-san-may-32.jpg\" alt=\"\" width=\"956\" height=\"1276\"><\/p>\n<div>\n<div dir=\"auto\">\n<h3 id=\"tham-quan-doi-che-cau-dat\"><strong><span style=\"color: #003300;\">Tham quan \u0111\u1ed3i ch\u00e8 C\u1ea7u \u0110\u1ea5t<\/span><\/strong><\/h3>\n<p>Ti\u1ebfp theo l\u00e0 \u0111\u1ed3i ch\u00e8 C\u1ea7u \u0110\u1ea5t, b\u1ea1n s\u1ebd cho\u00e1ng ng\u1ee3p b\u1edfi c\u00e1nh \u0111\u1ed3ng ch\u00e8 xanh b\u00e1t ng\u00e1t. C\u1ed9ng th\u00eam view ng\u1eafm m\u00e2y tr\u1eafng s\u00e1ng s\u1edbm. \u0110\u00e2y h\u1ee9a h\u1eb9n l\u00e0 \u0111i\u1ec3m ng\u1eafm c\u1ea3nh checkin kh\u00f4ng l\u00e0m b\u1ea1n th\u1ea5t v\u1ecdng \u0111\u00e2u nh\u00e9.<\/p>\n<\/div>\n<\/div>\n<p style=\"text-align: center;\"><img decoding=\"async\" src=\"https:\/\/dalatreview.vn\/wp-content\/uploads\/2021\/05\/1-11-1.jpg\" alt=\"\u0111\u1ed3i ch\u00e8 c\u1ea7u \u0111\u1ea5t\" width=\"1200\" height=\"900\" \/><\/p>\n<div>\n<div dir=\"auto\">\n<h3 id=\"tham-quan-vuon-hong\"><span style=\"color: #003300;\"><strong>Tham quan v\u01b0\u1eddn h\u1ed3ng<\/strong><\/span><\/h3>\n<p>\u0110\u1ecba \u0111i\u1ec3m th\u1ee9 3 trong tour s\u0103n m\u00e2y \u0110\u00e0 L\u1ea1t l\u00e0 v\u01b0\u1eddn h\u1ed3ng treo gi\u00f3. Sau khi s\u0103n bi\u1ec3n m\u00e2y t\u1ea1i thi\u00ean \u0111\u01b0\u1eddng s\u0103n m\u00e2y v\u00e0 \u0111\u1ed3i ch\u00e8 C\u1ea7u \u0110\u1ea5t. B\u1ea1n \u0111\u01b0\u1ee3c h\u01b0\u1edbng d\u1eabn vi\u00ean \u0111\u01b0a \u0111\u1ebfn v\u01b0\u1eddn h\u1ed3ng treo n\u1ed5i ti\u1ebfng t\u1ea1i \u0110\u00e0 L\u1ea1t.<\/p>\n<\/div>\n<p style=\"text-align: center;\"><img decoding=\"async\" src=\"https:\/\/dalatreview.vn\/wp-content\/uploads\/2021\/05\/1-12-1.jpg\" alt=\"v\u01b0\u1eddn h\u1ed3ng treo gi\u00f3 \u0111\u00e0 l\u1ea1t\" width=\"1200\" height=\"900\" \/><\/p>\n<div dir=\"auto\">\n<h3 id=\"ngam-hoa-da-lat\"><strong><span style=\"color: #003300;\">Ng\u1eafm hoa \u0110\u00e0 L\u1ea1t<\/span><\/strong><\/h3>\n<p>Sau khi tham quan v\u01b0\u1eddn h\u1ed3ng treo b\u1ea1n s\u1ebd \u0111\u01b0\u1ee3c t\u1eadn h\u01b0\u1edfng c\u1ea3m gi\u00e1c trong l\u00e0nh tinh kh\u00f4i d\u01b0\u1edbi s\u1eafc hoa c\u1ee7a \u0110\u00e0 L\u1ea1t. Nh\u1ea5t l\u00e0 v\u00e0o m\u00f9a hoa ban tr\u1eafng n\u1edf, t\u01b0\u1edfng ch\u1eebng nh\u01b0 ch\u1ec9 \u0111\u01b0\u1ee3c ng\u1eafm \u1edf T\u00e2y B\u1eafc th\u00ec gi\u1edd \u0111\u00e3 c\u00f3 t\u1ea1i \u0110\u00e0 L\u1ea1t. \u0110i \u0110\u00e0 L\u1ea1t m\u00e0 kh\u00f4ng ng\u1eafm hoa c\u00f3 thi\u00ean nhi\u00ean l\u00e0 m\u1ed9t thi\u1ebfu s\u00f3t \u0111\u1ea5y nh\u00e9.<\/p>\n<p><img decoding=\"async\" src=\"https:\/\/dalatreview.vn\/wp-content\/uploads\/2021\/05\/1-13-1.jpg\" alt=\"m\u00f9a hoa ban \u0111\u00e0 l\u1ea1t\" width=\"1200\" height=\"900\" \/><\/p>\n<p>Ngo\u00e0i ra b\u1ea1n c\u00f2n \u0111\u01b0\u1ee3c tham quan v\u01b0\u1eddn d\u00e2u c\u00f4ng ngh\u1ec7 cao. T\u00ecm hi\u1ec3u quy tr\u00ecnh tr\u1ed3ng d\u00e2u, checkin v\u00e0 h\u00e1i d\u00e2u ngay t\u1ea1i v\u01b0\u1eddn n\u1eefa nh\u00e9.<\/p>\n<\/div>\n<\/div>\n<p style=\"text-align: center;\"><img decoding=\"async\" src=\"https:\/\/dalatreview.vn\/wp-content\/uploads\/2021\/05\/1-14-1.jpg\" alt=\"v\u01b0\u1eddn d\u00e2u t\u00e2y c\u00f4ng ngh\u1ec7 cao\" width=\"1200\" height=\"900\" \/><\/p>\n<div>\n<div dir=\"auto\">\n<h3 id=\"ngam-thanh-pho-tu-tren-cao\"><strong><span style=\"color: #003300;\">Ng\u1eafm th\u00e0nh ph\u1ed1 t\u1eeb tr\u00ean cao<\/span><\/strong><\/h3>\n<p>\u0110i\u1ec3m \u0111\u1ebfn cu\u1ed1i c\u00f9ng trong tour s\u0103n m\u00e2y \u0110\u00e0 L\u1ea1t l\u00e0 m\u1ed9t qu\u00e1n cafe view th\u00e0nh ph\u1ed1 tri\u1ec7u like. Qu\u00e1n t\u1ea1o l\u1ea1c tr\u00ean ng\u1ecdn \u0111\u1ed3i cao n\u00ean b\u1ea1n c\u00f3 th\u1ec3 ph\u00f3ng t\u1ea7m m\u1eaft ng\u1eafm view th\u00e0nh ph\u1ed1 t\u1ee9 ph\u00eda<\/p>\n<\/div>\n<\/div>\n<p style=\"text-align: center;\"><img decoding=\"async\" src=\"https:\/\/dalatreview.vn\/wp-content\/uploads\/2021\/05\/1-15-1.jpg\" alt=\"\u0111\u00e0 l\u1ea1t golf coffee\" width=\"1200\" height=\"900\" \/><\/p>\n<div>\n<div dir=\"auto\">\n<h2 id=\"3-dich-vu\"><span style=\"color: #003300;\"><strong>3. D\u1ecbch v\u1ee5<\/strong><\/span><\/h2>\n<hr \/>\n<p>Ch\u1ec9 v\u1edbi 280.000\u0111 b\u1ea1n \u0111\u01b0\u1ee3c tr\u1ea3i nghi\u1ec7m full g\u00f3i tour s\u0103n m\u00e2y bao g\u1ed3m:<\/p>\n<ul>\n<li>\u0110\u1ebfn v\u1edbi tour s\u0103n m\u00e2y b\u1ea1n v\u1eeba \u0111\u01b0\u1ee3c tr\u1ea3i nghi\u1ec7m v\u1eeba vui ch\u01a1i v\u00e0 checkin th\u1ecfa th\u00edch<\/li>\n<li>\u0110\u01b0\u1ee3c \u0111\u01b0a \u0111\u00f3n t\u1eadn n\u01a1i, h\u01b0\u1edbng d\u1eabn vi\u00ean nhi\u1ec7t t\u00ecnh, d\u1ec5 m\u1ebfn<\/li>\n<li>B\u1ea1n \u0111\u01b0\u1ee3c kh\u00e1m ph\u00e1 nh\u1eefng \u0111\u1ecba \u0111i\u1ec3m m\u1edbi \u0111\u1ed9c l\u1ea1, hoang s\u01a1, thi\u00ean v\u1ec1 t\u1ef1 nhi\u00ean phong c\u1ea3nh \u0110\u00e0 L\u1ea1t.<\/li>\n<li>T\u00ecm hi\u1ec3u quy tr\u00ecnh l\u00e0m h\u1ed3ng s\u1ea5y, mua \u0111\u1eb7c s\u1ea3n l\u00e0m qu\u00e0,&#8230;<\/li>\n<\/ul>\n<\/div>\n<p style=\"text-align: center;\"><img decoding=\"async\" src=\"https:\/\/dalatreview.vn\/wp-content\/uploads\/2021\/05\/1-16-1.jpg\" alt=\"thi\u00ean \u0111\u01b0\u1eddng s\u0103n m\u00e2y c\u1ea7u \u0111\u1ea5t\" width=\"1200\" height=\"900\" \/><\/p>\n<div dir=\"auto\">\n<h2 id=\"4-gia-tour\"><strong><span style=\"color: #003300;\">4 . Gi\u00e1 Tour<\/span><\/strong><\/h2>\n<hr \/>\n<ul>\n<li>Gi\u00e1 tour: 280.000\u0111\/ng\u01b0\u1eddi<\/li>\n<li>Gi\u00e1 tr\u00ean \u0111\u00e3 bao g\u1ed3m xe \u0111\u01b0a \u0111\u00f3n t\u1ea1i trung t\u00e2m<\/li>\n<\/ul>\n<h2 id=\"5-lien-he\"><span style=\"color: #003300;\"><strong>5 . Li\u00ean h\u1ec7\u00a0<\/strong><\/span><\/h2>\n<hr \/>\n<div dir=\"auto\">Book Tour S\u0103n M\u00e2y \u0110\u00e0 L\u1ea1t:<\/div>\n<div dir=\"auto\">Fanpage:\u00a0 <a href=\"http:\/\/m.me\/toursanmay\" target=\"_blank\">Tour S\u0103n M\u00e2y<\/a><br \/>\nHotline\/Zalo: 0989 249 297<\/div>\n<div dir=\"auto\">\n<p>\u2705 Hotline t\u01b0 v\u1ea5n: 0989249297<\/p>\n<hr \/>\n<\/div>\n<p>&nbsp;<\/p>\n<\/div>\n<\/div>","protected":false},"excerpt":{"rendered":"<p>Danh m\u1ee5c ch\u00ednh 1.Gi\u1edbi thi\u1ec7u 2 .L\u1ecbch tr\u00ecnh Tour s\u0103n m\u00e2y C\u1ea7u \u0110\u1ea5t Tham quan \u0111\u1ed3i ch\u00e8 C\u1ea7u \u0110\u1ea5t Tham quan v\u01b0\u1eddn h\u1ed3ng Ng\u1eafm hoa \u0110\u00e0 L\u1ea1t Ng\u1eafm th\u00e0nh ph\u1ed1 t\u1eeb tr\u00ean cao 3. D\u1ecbch v\u1ee5 4 . Gi\u00e1 Tour 5 . Li\u00ean h\u1ec7\u00a0 1.Gi\u1edbi thi\u1ec7u N\u0103m nay l\u00e0 n\u0103m c\u1ee7a nh\u1eefng c\u1ee5m t\u1eeb nh\u01b0 [&hellip;]<\/p>","protected":false},"featured_media":28468,"comment_status":"open","ping_status":"closed","template":"","meta":{"_acf_changed":false,"rank_math_lock_modified_date":false},"product_cat":[26,27],"product_tag":[75],"acf":[],"_links":{"self":[{"href":"https:\/\/dalatreview.vn\/en\/wp-json\/wp\/v2\/product\/9647"}],"collection":[{"href":"https:\/\/dalatreview.vn\/en\/wp-json\/wp\/v2\/product"}],"about":[{"href":"https:\/\/dalatreview.vn\/en\/wp-json\/wp\/v2\/types\/product"}],"replies":[{"embeddable":true,"href":"https:\/\/dalatreview.vn\/en\/wp-json\/wp\/v2\/comments?post=9647"}],"wp:featuredmedia":[{"embeddable":true,"href":"https:\/\/dalatreview.vn\/en\/wp-json\/wp\/v2\/media\/28468"}],"wp:attachment":[{"href":"https:\/\/dalatreview.vn\/en\/wp-json\/wp\/v2\/media?parent=9647"}],"wp:term":[{"taxonomy":"product_cat","embeddable":true,"href":"https:\/\/dalatreview.vn\/en\/wp-json\/wp\/v2\/product_cat?post=9647"},{"taxonomy":"product_tag","embeddable":true,"href":"https:\/\/dalatreview.vn\/en\/wp-json\/wp\/v2\/product_tag?post=9647"}],"curies":[{"name":"wp","href":"https:\/\/api.w.org\/{rel}","templated":true}]}}