
{"id":9396,"date":"2021-05-01T11:37:27","date_gmt":"2021-05-01T04:37:27","guid":{"rendered":"https:\/\/dalatreview.vn\/?p=9396"},"modified":"2024-07-12T13:58:51","modified_gmt":"2024-07-12T06:58:51","slug":"doc-garden-homestay-apartment","status":"publish","type":"product","link":"https:\/\/dalatreview.vn\/en\/doc-garden-homestay-apartment.html","title":{"rendered":"D\u1ed1c Garden Homestay &#8211; Apartment"},"content":{"rendered":"<nav class=\"vietrick-auto-toc\">\n<div class=\"box-title\">\n<h3 class=\"toc-title\" id=\"select-menu\">Danh m\u1ee5c ch\u00ednh<\/h3>\n<div><ion-icon name=\"chevron-up-outline\"><\/ion-icon><\/div>\n<\/div>\n<ul class=\"toc-list\">\n<li><a href='https:\/\/dalatreview.vn\/en#doc-garden-homestay-apartment' class='heading-h2 toc-link smooth-scroll'>D\u1ed1c Garden Homestay &#8211; Apartment\u00a0<\/a>\n<li><a href='https:\/\/dalatreview.vn\/en#1-vi-tri' class='heading-h2 toc-link smooth-scroll'>1. V\u1ecb Tr\u00ed<\/a>\n<li><a href='https:\/\/dalatreview.vn\/en#2-decor' class='heading-h2 toc-link smooth-scroll'>2. Decor<\/a>\n<li><a href='https:\/\/dalatreview.vn\/en#3-dich-vu-tien-nghi' class='heading-h2 toc-link smooth-scroll'>3. D\u1ecbch v\u1ee5 &amp; Ti\u1ec7n nghi<\/a>\n<li><a href='https:\/\/dalatreview.vn\/en#4-gia-phong' class='heading-h2 toc-link smooth-scroll'>4. Gi\u00e1 ph\u00f2ng<\/a>\n<li><a href='https:\/\/dalatreview.vn\/en#5-lien-he' class='heading-h2 toc-link smooth-scroll'>5. Li\u00ean h\u1ec7<\/a><\/ul>\n<\/ul>\n<\/li>\n<\/ul>\n<\/nav>\n<h2 style=\"text-align: center;\" id=\"doc-garden-homestay-apartment\"><span style=\"color: #003300;\"><strong>D\u1ed1c Garden Homestay &#8211; Apartment\u00a0<\/strong><\/span><\/h2>\n<h2 id=\"1-vi-tri\"><span style=\"color: #003300;\"><strong>1. V\u1ecb Tr\u00ed<\/strong><\/span><\/h2>\n<hr \/>\n<p>D\u1ed1c Garden n\u1eb1m \u1edf s\u1ed1 106 Phan Chu Trinh, Ph\u01b0\u1eddng 9, \u0110\u00e0 L\u1ea1t. N\u1eb1m g\u1ea7n trung t\u00e2m th\u00e0nh ph\u1ed1, ch\u1ec9 c\u00e1ch ch\u1ee3 \u0111\u00eam 10 ph\u00fat \u0111i xe v\u00e0 3 ph\u00fat t\u1eeb b\u1ebfn xe Th\u00e0nh B\u01b0\u1edfi. L\u00e0 \u0111\u1ecba \u0111i\u1ec3m l\u01b0u tr\u00fa l\u00fd t\u01b0\u1edfng cho chuy\u1ebfn du l\u1ecbch c\u1ee7a b\u1ea1n t\u1ea1i \u0110\u00e0 L\u1ea1t.<\/p>\n<p><img decoding=\"async\" src=\"https:\/\/dalatreview.vn\/wp-content\/uploads\/2021\/05\/1-9.jpg\" alt=\"\" width=\"1200\" height=\"900\"><\/p>\n<p>&nbsp;<\/p>\n<p>Ngo\u00e0i ra D\u1ed1c Garden c\u00f2n g\u1ea7n ch\u1ee3 v\u00e0 nhi\u1ec1u qu\u00e1n \u0103n n\u1ed5i ti\u1ebfng t\u1ea1i \u0110\u00e0 L\u1ea1t. R\u1ea5t th\u00edch h\u1ee3p \u0111i theo nh\u00f3m b\u1ea1n ho\u1eb7c gia \u0111\u00ecnh nh\u00e9.<\/p>\n<p>&nbsp;<\/p>\n<p><img decoding=\"async\" src=\"https:\/\/dalatreview.vn\/wp-content\/uploads\/2021\/05\/1-2.jpg\" alt=\"\" width=\"1200\" height=\"900\"><\/p>\n<h2 id=\"2-decor\"><span style=\"color: #003300;\"><strong>2. Decor<\/strong><\/span><\/h2>\n<hr \/>\n<p>D\u1ed1c Garden l\u00e0 t\u1ed5 h\u1ee3p c\u1ea3 c\u0103n h\u1ed9, cafe v\u00e0 \u0103n s\u00e1ng n\u00ean n\u1ed9i th\u1ea5t, trang tr\u00ed \u0111\u1ec1u r\u1ea5t b\u1eaft m\u1eaft. M\u1ed7i g\u00f3c \u0111\u1ec1u \u0111\u01b0\u1ee3c trang tr\u00ed t\u1ec9 m\u1ec9, v\u1edbi nhi\u1ec1u \u00e1nh s\u00e1ng v\u00e0 c\u00e2y xanh nhi\u1ec7t \u0111\u1edbi. Ngo\u00e0i ra t\u1ea1i \u0111\u00e2y c\u00f2n c\u00f3 c\u1ea3 s\u00e2n v\u01b0\u1eddn r\u1ea5t th\u00edch h\u1ee3p v\u1edbi nh\u1eefng b\u1ea1n y\u00eau th\u00edch phong c\u00e1ch ph\u00f3ng kho\u00e1ng v\u00e0 t\u01b0\u01a1i m\u1edbi nh\u00e9.<img decoding=\"async\" src=\"https:\/\/dalatreview.vn\/wp-content\/uploads\/2021\/05\/1-4.jpg\" alt=\"\" width=\"1200\" height=\"900\"><\/p>\n<p>&nbsp;<\/p>\n<p>Trong ph\u00f2ng \u0111\u01b0\u1ee3c thi\u1ebft k\u1ebf theo phong c\u00e1ch \u1ea5m c\u00fang. Ph\u00f2ng c\u00f3 c\u1eeda s\u1ed5 th\u00f4ng tho\u00e1ng, n\u1ed9i th\u1ea5t hi\u1ec7n \u0111\u1ea1i. Nh\u01b0 m\u1ed9t c\u0103n h\u1ed9 thu nh\u1ecf v\u1eady. \u0110\u1eb7c bi\u1ec7t trong ph\u00f2ng c\u00f2n c\u00f3 m\u00e1y ch\u01a1i game gi\u00fap b\u1ea1n vui ch\u01a1i th\u01b0 gi\u00e3n sau nh\u1eefng ng\u00e0y h\u1ecdc t\u1eadp, l\u00e0m vi\u1ec7c c\u0103ng th\u1eb3ng.<\/p>\n<p>&nbsp;<\/p>\n<p><img decoding=\"async\" src=\"https:\/\/dalatreview.vn\/wp-content\/uploads\/2021\/05\/1-7.jpg\" alt=\"\" width=\"1200\" height=\"900\"><\/p>\n<p>&nbsp;<\/p>\n<p>C\u0103n h\u1ed9 \u0111\u1ea7y \u0111\u1ee7 ti\u1ec7n nghi t\u1ea1i D\u1ed1c Garden<\/p>\n<p><img decoding=\"async\" src=\"https:\/\/dalatreview.vn\/wp-content\/uploads\/2021\/05\/1-3.jpg\" alt=\"\" width=\"1200\" height=\"900\"><\/p>\n<h2 id=\"3-dich-vu-tien-nghi\"><span style=\"color: #003300;\"><strong>3. D\u1ecbch v\u1ee5 &amp; Ti\u1ec7n nghi<\/strong><\/span><\/h2>\n<hr \/>\n<p>Cafe s\u00e2n v\u01b0\u1eddn, \u0103n s\u00e1ng<\/p>\n<p>Thi\u1ebft b\u1ecb hi\u1ec7n \u0111\u1ea1i, \u0111\u1ea7y \u0111\u1ee7 ti\u1ec7n nghi,<\/p>\n<p>Tivi m\u00e0n h\u00ecnh l\u1edbn, loa c\u00f4ng su\u1ea5t l\u1edbn.mi\u1ec5n ph\u00ed Wifi t\u1ed1c \u0111\u1ed9 cao<\/p>\n<p>Gi\u1eef h\u00e0nh l\u00fd free.<\/p>\n<p>C\u0103n h\u1ed9 trang b\u1ecb \u0111\u1ea7y \u0111\u1ee7 d\u1ee5ng c\u1ee5 n\u1ea5u \u0103n, b\u00e0n \u0103n, b\u1ebfp \u0111i\u1ec7n,\u2026<\/p>\n<p>Ph\u00f2ng c\u1eeda s\u1ed5 th\u00f4ng tho\u00e1ng.<\/p>\n<p>Ch\u1ed7 \u0111\u1eadu xe an to\u00e0n, \u0111\u1ea3m b\u1ea3o.<\/p>\n<p>&nbsp;<\/p>\n<p><img decoding=\"async\" src=\"https:\/\/dalatreview.vn\/wp-content\/uploads\/2021\/05\/1-5.jpg\" alt=\"\" width=\"1200\" height=\"900\"><\/p>\n<p>C\u0103n h\u1ed9 c\u1ee7a D\u1ed1c Garden c\u00f3 \u0111\u1ea7y \u0111\u1ee7 ph\u00f2ng kh\u00e1ch, ph\u00f2ng ng\u1ee7, ph\u00f2ng b\u1ebfp, t\u1ee7 l\u1ea1nh,\u2026C\u00f3 th\u1ec3 sinh ho\u1ea1t tho\u1ea3i m\u00e1i nh\u01b0 \u1edf nh\u00e0. M\u1ed9t c\u0103n h\u1ed9 qu\u00e1 h\u1ee3p l\u00fd cho chuy\u1ebfn \u0111i n\u00ean b\u1ea1n c\u1ee9 y\u00ean t\u00e2m nh\u00e9.<\/p>\n<p><img decoding=\"async\" src=\"https:\/\/dalatreview.vn\/wp-content\/uploads\/2021\/05\/1-6.jpg\" alt=\"\" width=\"1200\" height=\"900\"><\/p>\n<h2 id=\"4-gia-phong\"><span style=\"color: #003300;\"><strong>4. Gi\u00e1 ph\u00f2ng<\/strong><\/span><\/h2>\n<hr \/>\n<p>V\u1edbi m\u1ee9c gi\u00e1 v\u1eeba ph\u1ea3i. Th\u00edch h\u1ee3p cho t\u1ea5t c\u1ea3 m\u1ecdi ng\u01b0\u1eddi. Gi\u00e1 ph\u00f2ng ch\u1ec9 t\u1eeb 400k l\u00e0 b\u1ea1n \u0111\u00e3 c\u00f3 m\u1ed9t c\u0103n ph\u00f2ng nh\u01b0 \u00fd.<\/p>\n<p><img decoding=\"async\" src=\"https:\/\/dalatreview.vn\/wp-content\/uploads\/2021\/05\/1-8.jpg\" alt=\"\" width=\"1200\" height=\"900\"><\/p>\n<h2 id=\"5-lien-he\"><span style=\"color: #003300;\"><strong>5. Li\u00ean h\u1ec7<\/strong><\/span><\/h2>\n<hr \/>\n<div dir=\"auto\">Fanpage: <a href=\"https:\/\/www.facebook.com\/booking.dalatreview.vn\">D\u1ed1c Garden Homestay &#8211; Apartment &amp; Coffee<\/a><\/div>\n<div dir=\"auto\"><img decoding=\"async\" src=\"https:\/\/static.xx.fbcdn.net\/images\/emoji.php\/v9\/t2d\/1\/16\/1f4cd.png\" alt=\"\ud83d\udccd\" width=\"16\" height=\"16\" \/> \u0110\u1ecba ch\u1ec9: S\u1ed1 106 Phan Chu Trinh, ph\u01b0\u1eddng 9, \u0110\u00e0 L\u1ea1t<\/div>\n<div dir=\"auto\"><img decoding=\"async\" src=\"https:\/\/static.xx.fbcdn.net\/images\/emoji.php\/v9\/t4d\/1\/16\/1f4de.png\" alt=\"\ud83d\udcde\" width=\"16\" height=\"16\" \/> Hotline: 0988 249 297<\/div>","protected":false},"excerpt":{"rendered":"<p>D\u1ed1c Garden n\u1eb1m \u1edf s\u1ed1 106 Phan Chu Trinh, Ph\u01b0\u1eddng 9, \u0110\u00e0 L\u1ea1t. N\u1eb1m g\u1ea7n trung t\u00e2m th\u00e0nh ph\u1ed1, ch\u1ec9 c\u00e1ch ch\u1ee3 \u0111\u00eam 10 ph\u00fat \u0111i xe v\u00e0 3 ph\u00fat t\u1eeb b\u1ebfn xe Th\u00e0nh B\u01b0\u1edfi. L\u00e0 \u0111\u1ecba \u0111i\u1ec3m l\u01b0u tr\u00fa l\u00fd t\u01b0\u1edfng cho chuy\u1ebfn du l\u1ecbch c\u1ee7a b\u1ea1n t\u1ea1i \u0110\u00e0 L\u1ea1t.<\/p>","protected":false},"featured_media":9408,"comment_status":"open","ping_status":"closed","template":"","meta":{"_acf_changed":false,"rank_math_lock_modified_date":false},"product_cat":[29,2255,36],"product_tag":[],"acf":[],"_links":{"self":[{"href":"https:\/\/dalatreview.vn\/en\/wp-json\/wp\/v2\/product\/9396"}],"collection":[{"href":"https:\/\/dalatreview.vn\/en\/wp-json\/wp\/v2\/product"}],"about":[{"href":"https:\/\/dalatreview.vn\/en\/wp-json\/wp\/v2\/types\/product"}],"replies":[{"embeddable":true,"href":"https:\/\/dalatreview.vn\/en\/wp-json\/wp\/v2\/comments?post=9396"}],"wp:featuredmedia":[{"embeddable":true,"href":"https:\/\/dalatreview.vn\/en\/wp-json\/wp\/v2\/media\/9408"}],"wp:attachment":[{"href":"https:\/\/dalatreview.vn\/en\/wp-json\/wp\/v2\/media?parent=9396"}],"wp:term":[{"taxonomy":"product_cat","embeddable":true,"href":"https:\/\/dalatreview.vn\/en\/wp-json\/wp\/v2\/product_cat?post=9396"},{"taxonomy":"product_tag","embeddable":true,"href":"https:\/\/dalatreview.vn\/en\/wp-json\/wp\/v2\/product_tag?post=9396"}],"curies":[{"name":"wp","href":"https:\/\/api.w.org\/{rel}","templated":true}]}}