
{"id":9123,"date":"2021-04-13T14:52:57","date_gmt":"2021-04-13T07:52:57","guid":{"rendered":"https:\/\/dalatreview.vn\/?p=9123"},"modified":"2024-07-09T14:21:57","modified_gmt":"2024-07-09T07:21:57","slug":"yumie-house-da-lat","status":"publish","type":"product","link":"https:\/\/dalatreview.vn\/en\/yumie-house-da-lat.html","title":{"rendered":"Yumie House &#8211; \u0110i\u1ec3m l\u01b0u tr\u00fa g\u1ea7n trung t\u00e2m \u0110\u00e0 L\u1ea1t"},"content":{"rendered":"<nav class=\"vietrick-auto-toc\">\n<div class=\"box-title\">\n<h3 class=\"toc-title\" id=\"select-menu\">Danh m\u1ee5c ch\u00ednh<\/h3>\n<div><ion-icon name=\"chevron-up-outline\"><\/ion-icon><\/div>\n<\/div>\n<ul class=\"toc-list\"><\/ul>\n<li><a href='https:\/\/dalatreview.vn\/en#yumie-house-da-lat' class='heading-h1 toc-link smooth-scroll'>Yumie House \u0110\u00e0 L\u1ea1t<\/a>\n<ul>\n<li><a href='https:\/\/dalatreview.vn\/en#1-vi-tri%f0%9f%92%90' class='heading-h2 toc-link smooth-scroll'>1. V\u1ecb tr\u00ed\ud83d\udc90<\/a>\n<li><a href='https:\/\/dalatreview.vn\/en#2-decor-%f0%9f%92%90' class='heading-h2 toc-link smooth-scroll'>2. Decor\u00a0\ud83d\udc90<\/a>\n<li><a href='https:\/\/dalatreview.vn\/en#3-dich-vu-tien-nghi%f0%9f%92%90' class='heading-h2 toc-link smooth-scroll'>3. D\u1ecbch v\u1ee5 &amp; Ti\u1ec7n nghi\ud83d\udc90<\/a>\n<li><a href='https:\/\/dalatreview.vn\/en#4-gia-phong%f0%9f%92%90' class='heading-h2 toc-link smooth-scroll'>4.\u00a0Gi\u00e1 ph\u00f2ng\ud83d\udc90<\/a>\n<li><a href='https:\/\/dalatreview.vn\/en#5-lien-he%f0%9f%92%90' class='heading-h2 toc-link smooth-scroll'>5.\u00a0Li\u00ean h\u1ec7\ud83d\udc90<\/a><\/ul>\n<\/ul>\n<\/li>\n<\/ul>\n<\/nav>\n<h1 style=\"text-align: center;\" id=\"yumie-house-da-lat\"><strong><span style=\"font-size: 24px; color: #003300;\">Yumie House \u0110\u00e0 L\u1ea1t<\/span><\/strong><\/h1>\n<h2 id=\"1-vi-tri%f0%9f%92%90\"><span style=\"color: #003300;\"><strong>1. V\u1ecb tr\u00ed<\/strong><strong><span class=\"_4yxo _4yxp\"><span class=\"_5mfr\"><span class=\"_6qdm\">\ud83d\udc90<\/span><\/span><\/span><\/strong><\/span><\/h2>\n<p>N\u1eb1m \u1edf \u0111\u1ecba ch\u1ec9 s\u1ed1 <span class=\"d2edcug0 hpfvmrgz qv66sw1b c1et5uql lr9zc1uh jq4qci2q a3bd9o3v knj5qynh py34i1dx\"><span class=\"a8c37x1j ni8dbmo4 stjgntxs l9j0dhe7\">240\/13 B\u00f9i Th\u1ecb Xu\u00e2n, Ph\u01b0\u1eddng 8, \u0110\u00e0 L\u1ea1t. N<\/span><\/span>\u1eb1m ngay trung t\u00e2m th\u00e0nh ph\u1ed1, ch\u1ec9 \u0111i v\u00e0i ph\u00fat l\u00e0 \u0111\u00e3 \u0111\u1ebfn Khu H\u00f2a B\u00ecnh v\u00e0 Ch\u1ee3 \u0110\u00e0 L\u1ea1t. Yumie House c\u00f2n n\u1eb1m ngay khu \u0103n u\u1ed1ng, nhi\u1ec1u \u0111\u1ed3 \u0103n ngon n\u00ean kh\u1ecfi ph\u1ea3i lo ngh\u0129 \u0111i \u0111\u00e2u, \u0103n g\u00ec hay b\u1ecb \u0111\u00f3i b\u1ee5ng nh\u00e9.<\/p>\n<p style=\"text-align: center;\"><img decoding=\"async\" class=\"aligncenter size-full wp-image-9125\" src=\"https:\/\/dalatreview.vn\/wp-content\/uploads\/2021\/04\/1-3-1.jpg\" alt=\"\" width=\"1200\" height=\"900\"><span style=\"font-size: 14px;\">Home g\u1ea7n ngay trung t\u00e2m th\u00e0nh ph\u1ed1 \u0110\u00e0 L\u1ea1t<\/span><\/p>\n<h2 id=\"2-decor-%f0%9f%92%90\"><span style=\"color: #003300;\"><strong><span class=\"_4yxo _4yxp\">2. Decor\u00a0<span class=\"_5mfr\"><span class=\"_6qdm\">\ud83d\udc90<\/span><\/span><\/span><\/strong><\/span><\/h2>\n<p>T\u00f4ng m\u00e0u ch\u1ee7 \u0111\u1ea1o l\u00e0 h\u1ed3ng \u1ea5m \u00e1p v\u00e0 si\u00eau d\u1ec5 th\u01b0\u01a1ng. Thi\u1ebft k\u1ebf \u0111\u01a1n gi\u1ea3n nh\u01b0ng \u0111\u1ea7y \u0111\u1ee7 ti\u1ec7n nghi nh\u01b0 ch\u00ednh ng\u00f4i nh\u00e0 c\u1ee7a b\u1ea1n. Trong ph\u00f2ng c\u00f2n \u0111\u1eb7t nhi\u1ec1u c\u00e2y c\u1ea3nh t\u1ea1o c\u1ea3m gi\u00e1c g\u1ea7n g\u0169i v\u00e0 th\u01b0 gi\u00e3n.<\/p>\n<p style=\"text-align: center;\"><img decoding=\"async\" class=\"aligncenter size-full wp-image-9127\" src=\"https:\/\/dalatreview.vn\/wp-content\/uploads\/2021\/04\/3-1-1.jpg\" alt=\"\" width=\"1200\" height=\"900\"><span style=\"font-size: 14px;\">Decor \u0111\u01a1n gi\u1ea3n nh\u01b0ng \u1ea5m c\u00fang, t\u1ea1o c\u1ea3m gi\u00e1c nh\u01b0 \u0111ang \u1edf nh\u00e0<\/span><\/p>\n<p style=\"text-align: left;\"><img decoding=\"async\" class=\"aligncenter size-full wp-image-9126\" src=\"https:\/\/dalatreview.vn\/wp-content\/uploads\/2021\/04\/2-1-1.jpg\" alt=\"\" width=\"1200\" height=\"900\">Nhi\u1ec1u ph\u00f2ng thi\u1ebft k\u1ebf c\u1eeda s\u1ed5 th\u00f4ng tho\u00e1ng. T\u1ea1i \u0111\u00e2y c\u00f2n c\u00f3 th\u1ec3 ng\u1eafm b\u00ecnh minh v\u00e0 ho\u00e0ng h\u00f4n m\u1ed7i ng\u00e0y n\u1eefa nh\u00e9.<img decoding=\"async\" class=\"aligncenter size-full wp-image-9128\" src=\"https:\/\/dalatreview.vn\/wp-content\/uploads\/2021\/04\/4-2-1.jpg\" alt=\"\" width=\"1200\" height=\"900\"><\/p>\n<h2 id=\"3-dich-vu-tien-nghi%f0%9f%92%90\"><span style=\"color: #003300;\"><strong>3. D\u1ecbch v\u1ee5 &amp; Ti\u1ec7n nghi<\/strong><strong><span class=\"_4yxo _4yxp\"><span class=\"_5mfr\"><span class=\"_6qdm\">\ud83d\udc90<\/span><\/span><\/span><\/strong><\/span><\/h2>\n<p><img decoding=\"async\" class=\"emoji\" role=\"img\" draggable=\"false\" src=\"https:\/\/s.w.org\/images\/core\/emoji\/12.0.0-1\/svg\/2705.svg\" alt=\"\u2705\" \/>Thi\u1ebft b\u1ecb hi\u1ec7n \u0111\u1ea1i, \u0111\u1ea7y \u0111\u1ee7 ti\u1ec7n nghi, m\u1ed7i ph\u00f2ng \u0111\u1ec1u c\u00f3 toilet ri\u00eang.<\/p>\n<p><img decoding=\"async\" class=\"emoji\" role=\"img\" draggable=\"false\" src=\"https:\/\/s.w.org\/images\/core\/emoji\/12.0.0-1\/svg\/2705.svg\" alt=\"\u2705\" \/>Gi\u1eef h\u00e0nh l\u00fd free.<\/p>\n<p><img decoding=\"async\" class=\"emoji\" role=\"img\" draggable=\"false\" src=\"https:\/\/s.w.org\/images\/core\/emoji\/12.0.0-1\/svg\/2705.svg\" alt=\"\u2705\" \/>Ph\u00f2ng c\u1eeda s\u1ed5 view th\u00e0nh ph\u1ed1.<\/p>\n<p><img decoding=\"async\" class=\"emoji\" role=\"img\" draggable=\"false\" src=\"https:\/\/s.w.org\/images\/core\/emoji\/12.0.0-1\/svg\/2705.svg\" alt=\"\u2705\" \/>\u00a0 Ch\u1ed7 \u0111\u1eadu xe an to\u00e0n, \u0111\u1ea3m b\u1ea3o.<img decoding=\"async\" class=\"aligncenter size-full wp-image-9129\" src=\"https:\/\/dalatreview.vn\/wp-content\/uploads\/2021\/04\/1-4-3.jpg\" alt=\"\" width=\"1200\" height=\"900\"><\/p>\n<h2 id=\"4-gia-phong%f0%9f%92%90\"><span style=\"color: #003300;\"><strong><span class=\"_4yxo\">4.<\/span><\/strong>\u00a0Gi\u00e1 ph\u00f2ng<strong><span class=\"_4yxo _4yxp\"><span class=\"_5mfr\"><span class=\"_6qdm\">\ud83d\udc90<\/span><\/span><\/span><\/strong><\/span><\/h2>\n<div dir=\"auto\"><span style=\"color: #003300;\"><strong><span class=\"pq6dq46d tbxw36s4 knj5qynh kvgmc6g5 ditlmg2l oygrvhab nvdbi5me sf5mxxl7 gl3lb2sf hhz5lgdu\"><img decoding=\"async\" src=\"https:\/\/static.xx.fbcdn.net\/images\/emoji.php\/v9\/t51\/1\/16\/1f449.png\" alt=\"\ud83d\udc49\" width=\"16\" height=\"16\" \/><\/span> C\u00f3 3 h\u1ea1ng ph\u00f2ng cho c\u00e1c b\u1ea1n l\u1ef1a ch\u1ecdn:<\/strong><\/span><\/div>\n<div dir=\"auto\">Ph\u00f2ng \u0111\u01a1n: 350k\/ng\u00e0y.<\/div>\n<div dir=\"auto\">Ph\u00f2ng 2 gi\u01b0\u1eddng: 500k\/ng\u00e0y.<\/div>\n<div dir=\"auto\">Ph\u00f2ng 4 gi\u01b0\u1eddng 8 ng\u01b0\u1eddi: 800k\/ng\u00e0y.<\/div>\n<div dir=\"auto\">\n<p><img decoding=\"async\" class=\"aligncenter size-full wp-image-9130\" src=\"https:\/\/dalatreview.vn\/wp-content\/uploads\/2021\/04\/2-2-1.jpg\" alt=\"\" width=\"1200\" height=\"900\"><\/p>\n<h2 id=\"5-lien-he%f0%9f%92%90\"><span style=\"color: #003300;\"><strong><span class=\"_4yxo\">5.<\/span><\/strong>\u00a0Contact<strong><span class=\"_4yxo _4yxp\"><span class=\"_5mfr\"><span class=\"_6qdm\">\ud83d\udc90<\/span><\/span><\/span><\/strong><\/span><\/h2>\n<p><span class=\"pq6dq46d tbxw36s4 knj5qynh kvgmc6g5 ditlmg2l oygrvhab nvdbi5me sf5mxxl7 gl3lb2sf hhz5lgdu\"><img decoding=\"async\" src=\"https:\/\/static.xx.fbcdn.net\/images\/emoji.php\/v9\/t86\/1.5\/16\/1f4cd.png\" alt=\"\ud83d\udccd\" width=\"16\" height=\"16\" \/><\/span> \u0110\u1ecba ch\u1ec9: 240\/13, Bu\u0300i Thi\u0323 Xua\u0302n, <span class=\"d2edcug0 hpfvmrgz qv66sw1b c1et5uql lr9zc1uh jq4qci2q a3bd9o3v knj5qynh py34i1dx\"><span class=\"a8c37x1j ni8dbmo4 stjgntxs l9j0dhe7\">Ph\u01b0\u1eddng 8,<\/span><\/span> \u0110a\u0300 La\u0323t<\/p>\n<p><span class=\"pq6dq46d tbxw36s4 knj5qynh kvgmc6g5 ditlmg2l oygrvhab nvdbi5me sf5mxxl7 gl3lb2sf hhz5lgdu\"><img decoding=\"async\" src=\"https:\/\/static.xx.fbcdn.net\/images\/emoji.php\/v9\/t86\/1.5\/16\/1f4cd.png\" alt=\"\ud83d\udccd\" width=\"16\" height=\"16\" \/><\/span>Facebook: <a href=\"https:\/\/www.facebook.com\/Yumie-House-103551821145827\/?ref=page_internal\" target=\"_blank\" rel=\"noopener\">Yumie House \u0110\u00e0 L\u1ea1t<\/a><\/p>\n<div dir=\"auto\"><span class=\"pq6dq46d tbxw36s4 knj5qynh kvgmc6g5 ditlmg2l oygrvhab nvdbi5me sf5mxxl7 gl3lb2sf hhz5lgdu\"><img decoding=\"async\" src=\"https:\/\/static.xx.fbcdn.net\/images\/emoji.php\/v9\/t86\/1.5\/16\/1f4cd.png\" alt=\"\ud83d\udccd\" width=\"16\" height=\"16\" \/><\/span>S\u0110T: 097 953 6476<\/div>\n<\/div>","protected":false},"excerpt":{"rendered":"<p>Danh m\u1ee5c ch\u00ednh Yumie House \u0110\u00e0 L\u1ea1t 1. V\u1ecb tr\u00ed\ud83d\udc90 2. Decor\u00a0\ud83d\udc90 3. D\u1ecbch v\u1ee5 &amp; Ti\u1ec7n nghi\ud83d\udc90 4.\u00a0Gi\u00e1 ph\u00f2ng\ud83d\udc90 5.\u00a0Li\u00ean h\u1ec7\ud83d\udc90 Yumie House \u0110\u00e0 L\u1ea1t 1. V\u1ecb tr\u00ed\ud83d\udc90 N\u1eb1m \u1edf \u0111\u1ecba ch\u1ec9 s\u1ed1 240\/13 B\u00f9i Th\u1ecb Xu\u00e2n, Ph\u01b0\u1eddng 8, \u0110\u00e0 L\u1ea1t. N\u1eb1m ngay trung t\u00e2m th\u00e0nh ph\u1ed1, ch\u1ec9 \u0111i v\u00e0i ph\u00fat l\u00e0 \u0111\u00e3 \u0111\u1ebfn [&hellip;]<\/p>","protected":false},"featured_media":9132,"comment_status":"open","ping_status":"closed","template":"","meta":{"_acf_changed":false,"rank_math_lock_modified_date":false},"product_cat":[29,2255,36],"product_tag":[],"acf":[],"_links":{"self":[{"href":"https:\/\/dalatreview.vn\/en\/wp-json\/wp\/v2\/product\/9123"}],"collection":[{"href":"https:\/\/dalatreview.vn\/en\/wp-json\/wp\/v2\/product"}],"about":[{"href":"https:\/\/dalatreview.vn\/en\/wp-json\/wp\/v2\/types\/product"}],"replies":[{"embeddable":true,"href":"https:\/\/dalatreview.vn\/en\/wp-json\/wp\/v2\/comments?post=9123"}],"wp:featuredmedia":[{"embeddable":true,"href":"https:\/\/dalatreview.vn\/en\/wp-json\/wp\/v2\/media\/9132"}],"wp:attachment":[{"href":"https:\/\/dalatreview.vn\/en\/wp-json\/wp\/v2\/media?parent=9123"}],"wp:term":[{"taxonomy":"product_cat","embeddable":true,"href":"https:\/\/dalatreview.vn\/en\/wp-json\/wp\/v2\/product_cat?post=9123"},{"taxonomy":"product_tag","embeddable":true,"href":"https:\/\/dalatreview.vn\/en\/wp-json\/wp\/v2\/product_tag?post=9123"}],"curies":[{"name":"wp","href":"https:\/\/api.w.org\/{rel}","templated":true}]}}