
{"id":9094,"date":"2021-04-12T16:39:53","date_gmt":"2021-04-12T09:39:53","guid":{"rendered":"https:\/\/dalatreview.vn\/?p=9094"},"modified":"2024-05-29T08:48:39","modified_gmt":"2024-05-29T08:48:39","slug":"to-hop-can-ho-spa-gym-rosy-da-lat","status":"publish","type":"product","link":"https:\/\/dalatreview.vn\/en\/to-hop-can-ho-spa-gym-rosy-da-lat.html","title":{"rendered":"T\u1ed5 h\u1ee3p c\u0103n h\u1ed9, spa &#038; gym Rosy \u0110\u00e0 L\u1ea1t"},"content":{"rendered":"<nav class=\"vietrick-auto-toc\">\n<div class=\"box-title\">\n<h3 class=\"toc-title\" id=\"select-menu\">Danh m\u1ee5c ch\u00ednh<\/h3>\n<div><ion-icon name=\"chevron-up-outline\"><\/ion-icon><\/div>\n<\/div>\n<ul class=\"toc-list\"><\/ul>\n<li><a href='https:\/\/dalatreview.vn\/en#to-hop-can-ho-spa-gym-rosy-da-lat' class='heading-h1 toc-link smooth-scroll'>T\u1ed5 h\u1ee3p c\u0103n h\u1ed9, spa &amp; gym Rosy \u0110\u00e0 L\u1ea1t<\/a>\n<ul>\n<li><a href='https:\/\/dalatreview.vn\/en#1-vi-tri%f0%9f%92%90' class='heading-h2 toc-link smooth-scroll'>1. V\u1ecb tr\u00ed\ud83d\udc90<\/a>\n<li><a href='https:\/\/dalatreview.vn\/en#2-decor-%f0%9f%92%90' class='heading-h2 toc-link smooth-scroll'>2. Decor\u00a0\ud83d\udc90<\/a>\n<li><a href='https:\/\/dalatreview.vn\/en#3-dich-vu-tien-nghi%f0%9f%92%90' class='heading-h2 toc-link smooth-scroll'>3. D\u1ecbch v\u1ee5 &amp; Ti\u1ec7n nghi\ud83d\udc90<\/a>\n<li><a href='https:\/\/dalatreview.vn\/en#4-gia-phong%f0%9f%92%90' class='heading-h2 toc-link smooth-scroll'>4.\u00a0Gi\u00e1 ph\u00f2ng\ud83d\udc90<\/a>\n<li><a href='https:\/\/dalatreview.vn\/en#5-lien-he%f0%9f%92%90' class='heading-h2 toc-link smooth-scroll'>5.\u00a0Li\u00ean h\u1ec7\ud83d\udc90<\/a><\/ul>\n<\/ul>\n<\/li>\n<\/ul>\n<\/nav>\n<h1 style=\"text-align: center;\" id=\"to-hop-can-ho-spa-gym-rosy-da-lat\"><strong><span style=\"font-size: 24px; color: #003300;\">T\u1ed5 h\u1ee3p c\u0103n h\u1ed9, spa &amp; gym Rosy \u0110\u00e0 L\u1ea1t<\/span><\/strong><\/h1>\n<h2 style=\"text-align: left;\" id=\"1-vi-tri%f0%9f%92%90\"><span style=\"color: #003300;\"><strong>1. V\u1ecb tr\u00ed<\/strong><strong><span class=\"_4yxo _4yxp\"><span class=\"_5mfr\"><span class=\"_6qdm\">\ud83d\udc90<\/span><\/span><\/span><\/strong><\/span><\/h2>\n<p style=\"text-align: left;\">N\u1eb1m \u1edf \u0111\u1ecba ch\u1ec9 s\u1ed1 50 Ph\u00f9 \u0110\u1ed5ng Thi\u00ean V\u01b0\u01a1ng, Ph\u01b0\u1eddng 8, \u0110\u00e0 L\u1ea1t. Ch\u1ec9 m\u1ea5t 6 ph\u00fat di chuy\u1ec3n b\u1eb1ng xe m\u00e1y l\u00e0 b\u1ea1n \u0111\u00e3 t\u1edbi n\u01a1i r\u1ed3i. T\u1eeb \u0111\u00e2y b\u1ea1n c\u00f3 th\u1ec3 di chuy\u1ec3n t\u1edbi nhi\u1ec1u \u0111\u1ecba \u0111i\u1ec3m du l\u1ecbch n\u1ed5i ti\u1ebfng nh\u01b0: V\u01b0\u1eddn hoa th\u00e0nh ph\u1ed1, \u0110\u1ea1i h\u1ecdc \u0110\u00e0 L\u1ea1t, Cafe woodstock,&#8230;\u0111\u00e2y c\u0169ng l\u00e0 cung \u0111\u01b0\u1eddng c\u1ee7a nhi\u1ec1u qu\u00e1n \u0103n n\u1ed5i ti\u1ebfng t\u1ea1i \u0110\u00e0 L\u1ea1t.<\/p>\n<p style=\"text-align: center;\"><img decoding=\"async\" class=\"aligncenter size-full wp-image-9102\" src=\"https:\/\/dalatreview.vn\/wp-content\/uploads\/2021\/04\/1-4-1.jpg\" alt=\"\" width=\"1200\" height=\"900\"><span style=\"font-size: 12px;\">C\u0103n h\u1ed9 cao c\u1ea5p v\u1edbi nhi\u1ec1u ti\u1ec7n nghi t\u1ea1i \u0110\u00e0 L\u1ea1t.<\/span><br \/>\n<img decoding=\"async\" class=\"aligncenter size-full wp-image-9105\" src=\"https:\/\/dalatreview.vn\/wp-content\/uploads\/2021\/04\/4-2.jpg\" alt=\"\" width=\"1200\" height=\"900\"><\/p>\n<h2 style=\"text-align: left;\" id=\"2-decor-%f0%9f%92%90\"><span style=\"color: #003300;\"><strong><span class=\"_4yxo _4yxp\">2. Decor\u00a0<span class=\"_5mfr\"><span class=\"_6qdm\">\ud83d\udc90<\/span><\/span><\/span><\/strong><\/span><\/h2>\n<p style=\"text-align: left;\">Rosy l\u00e0 t\u1ed5 h\u1ee3p c\u1ea3 c\u0103n h\u1ed9 v\u00e0 spa v\u00e0 gym n\u00ean n\u1ed9i th\u1ea5t, trang tr\u00ed \u0111\u1ec1u r\u1ea5t hi\u1ec7n \u0111\u1ea1i. Ngo\u00e0i ra c\u0103n h\u1ed9 t\u1ea1i \u0111\u00e2y c\u00f2n c\u00f3 view thi\u00ean nhi\u00ean, ban ng\u00e0y \u00e1nh s\u00e1ng ng\u1eadp tr\u00e0n c\u0103n ph\u00f2ng, ban \u0111\u00eam ng\u1eafm th\u00e0nh ph\u1ed1 lung linh huy\u1ec1n \u1ea3o. Th\u00edch h\u1ee3p cho nh\u1eefng ai y\u00eau th\u00edch phong c\u00e1ch ph\u00f3ng kho\u00e1ng v\u00e0 t\u01b0\u01a1i m\u1edbi nh\u00e9.<img decoding=\"async\" class=\"aligncenter size-full wp-image-9104\" src=\"https:\/\/dalatreview.vn\/wp-content\/uploads\/2021\/04\/3-3-1.jpg\" alt=\"\" width=\"1200\" height=\"900\">S\u1eed d\u1ee5ng t\u00f4ng m\u00e0u ch\u00ednh l\u00e0 m\u00e0u tr\u1eafng v\u00e0 v\u00e0ng g\u1ed7 t\u1ea1o c\u1ea3m gi\u00e1c nh\u1eb9 nh\u00e0ng thanh l\u1ecbch m\u00e0 v\u1eabn \u1ea5m c\u00fang nh\u00e9. N\u1ebfu b\u1ea1n \u0111i du l\u1ecbch theo nh\u00f3m b\u1ea1n ho\u1eb7c gia \u0111\u00ecnh th\u00ec ch\u1ecdn c\u0103n h\u1ed9 n\u00e0y l\u00e0 \u0111\u00fang chu\u1ea9n lu\u00f4n r\u1ed3i.<img decoding=\"async\" class=\"aligncenter size-full wp-image-9103\" src=\"https:\/\/dalatreview.vn\/wp-content\/uploads\/2021\/04\/2-4.jpg\" alt=\"\" width=\"1200\" height=\"900\"><\/p>\n<h2 style=\"text-align: left;\" id=\"3-dich-vu-tien-nghi%f0%9f%92%90\"><span style=\"color: #003300;\"><strong>3. D\u1ecbch v\u1ee5 &amp; Ti\u1ec7n nghi<\/strong><strong><span class=\"_4yxo _4yxp\"><span class=\"_5mfr\"><span class=\"_6qdm\">\ud83d\udc90<\/span><\/span><\/span><\/strong><\/span><\/h2>\n<p style=\"text-align: left;\"><img decoding=\"async\" class=\"emoji\" role=\"img\" draggable=\"false\" src=\"https:\/\/s.w.org\/images\/core\/emoji\/12.0.0-1\/svg\/2705.svg\" alt=\"\u2705\" \/>Thi\u1ebft b\u1ecb hi\u1ec7n \u0111\u1ea1i, \u0111\u1ea7y \u0111\u1ee7 ti\u1ec7n nghi.<\/p>\n<p style=\"text-align: left;\"><img decoding=\"async\" class=\"emoji\" role=\"img\" draggable=\"false\" src=\"https:\/\/s.w.org\/images\/core\/emoji\/12.0.0-1\/svg\/2705.svg\" alt=\"\u2705\" \/> Gi\u1eef h\u00e0nh l\u00fd free.<\/p>\n<p style=\"text-align: left;\"><img decoding=\"async\" class=\"emoji\" role=\"img\" draggable=\"false\" src=\"https:\/\/s.w.org\/images\/core\/emoji\/12.0.0-1\/svg\/2705.svg\" alt=\"\u2705\" \/>C\u0103n h\u1ed9 n\u1eb1m tr\u00ean t\u1ea7ng 4, 5 ng\u1eafm view th\u00e0nh ph\u1ed1 c\u1ef1c \u0111\u1eb9p.<\/p>\n<p style=\"text-align: left;\"><img decoding=\"async\" class=\"emoji\" role=\"img\" draggable=\"false\" src=\"https:\/\/s.w.org\/images\/core\/emoji\/12.0.0-1\/svg\/2705.svg\" alt=\"\u2705\" \/> C\u0103n h\u1ed9 trang b\u1ecb \u0111\u1ea7y \u0111\u1ee7 d\u1ee5ng c\u1ee5 n\u1ea5u \u0103n, t\u1ee7 l\u1ea1nh, b\u00e0n \u0103n, b\u1ebfp \u0111i\u1ec7n,&#8230;<\/p>\n<p style=\"text-align: left;\"><img decoding=\"async\" class=\"emoji\" role=\"img\" draggable=\"false\" src=\"https:\/\/s.w.org\/images\/core\/emoji\/12.0.0-1\/svg\/2705.svg\" alt=\"\u2705\" \/> D\u1ecbch v\u1ee5 spa ch\u0103m s\u00f3c s\u1eafc \u0111\u1eb9p c\u00f4ng ngh\u1ec7 cao.<\/p>\n<p style=\"text-align: left;\"><img decoding=\"async\" class=\"emoji\" role=\"img\" draggable=\"false\" src=\"https:\/\/s.w.org\/images\/core\/emoji\/12.0.0-1\/svg\/2705.svg\" alt=\"\u2705\" \/> Ph\u00f2ng t\u1eadp gym \u0111\u1ea7y \u0111\u1ee7 thi\u1ebft b\u1ecb hi\u1ec7n \u0111\u1ea1i, HLV chuy\u00ean nghi\u1ec7p.<\/p>\n<p style=\"text-align: left;\"><img decoding=\"async\" class=\"emoji\" role=\"img\" draggable=\"false\" src=\"https:\/\/s.w.org\/images\/core\/emoji\/12.0.0-1\/svg\/2705.svg\" alt=\"\u2705\" \/>\u00a0 Ch\u1ed7 \u0111\u1eadu xe an to\u00e0n, \u0111\u1ea3m b\u1ea3o.<\/p>\n<p style=\"text-align: left;\"><img decoding=\"async\" class=\"aligncenter size-full wp-image-9106\" src=\"https:\/\/dalatreview.vn\/wp-content\/uploads\/2021\/04\/5-3-1.jpg\" alt=\"\" width=\"1200\" height=\"900\">M\u1ed7i c\u0103n h\u1ed9 c\u1ee7a Rosy \u0111\u1ec1u c\u00f3 view, di\u1ec7n t\u00edch l\u00ean \u0111\u1ebfn 80m2 \u2013 90m2 t\u00f9y c\u0103n, c\u00f3 \u0111\u1ea7y \u0111\u1ee7 ph\u00f2ng kh\u00e1ch, ph\u00f2ng ng\u1ee7, ph\u00f2ng b\u1ebfp, t\u1ee7 l\u1ea1nh, m\u00e1y gi\u1eb7t&#8230;Kh\u00f4ng kh\u00e1c g\u00ec c\u0103n nh\u00e0 c\u1ee7a b\u1ea1n. M\u1ed9t c\u0103n h\u1ed9 qu\u00e1 h\u1ee3p l\u00fd cho chuy\u1ebfn \u0111i n\u00ean b\u1ea1n c\u1ee9 y\u00ean t\u00e2m nh\u00e9.<\/p>\n<p style=\"text-align: center;\"><img decoding=\"async\" class=\"aligncenter size-full wp-image-9107\" src=\"https:\/\/dalatreview.vn\/wp-content\/uploads\/2021\/04\/6-1-1.jpg\" alt=\"\" width=\"1200\" height=\"900\"><span style=\"font-size: 12px;\">C\u0103n h\u1ed9 r\u1ed9ng r\u00e3i, view ng\u1eafm thi\u00ean nhi\u00ean v\u00e0 th\u00e0nh ph\u1ed1 \u0110\u00e0 L\u1ea1t<\/span><\/p>\n<p style=\"text-align: center;\"><img decoding=\"async\" class=\"aligncenter size-full wp-image-9110\" src=\"https:\/\/dalatreview.vn\/wp-content\/uploads\/2021\/04\/9-1-1.jpg\" alt=\"\" width=\"1200\" height=\"900\"><\/p>\n<h2 style=\"text-align: left;\" id=\"4-gia-phong%f0%9f%92%90\"><span style=\"color: #003300;\"><strong><span class=\"_4yxo\">4.<\/span><\/strong>\u00a0Gi\u00e1 ph\u00f2ng<strong><span class=\"_4yxo _4yxp\"><span class=\"_5mfr\"><span class=\"_6qdm\">\ud83d\udc90<\/span><\/span><\/span><\/strong><\/span><\/h2>\n<p style=\"text-align: left;\">T\u1ea1i Rosy c\u00f3 t\u1ea5t c\u1ea3 6 c\u0103n h\u1ed9, chi ph\u00ed \u1edf m\u1ee9c h\u1ee3p l\u00fd. Ch\u1ec9 t\u1eeb 1tr\/ c\u0103n. Ngo\u00e0i ra b\u1ea1n c\u00f2n nh\u1eadn \u0111\u01b0\u1ee3c nhi\u1ec1u \u01b0u \u0111\u00e3i kh\u1ee7ng khi s\u1eed d\u1ee5ng c\u00f9ng l\u00fac 3 d\u1ecbch v\u1ee5 c\u1ee7a Rosy (C\u0103n h\u1ed9, spa &amp; gym) nh\u00e9!<\/p>\n<p style=\"text-align: left;\"><img decoding=\"async\" class=\"emoji\" role=\"img\" draggable=\"false\" src=\"https:\/\/s.w.org\/images\/core\/emoji\/12.0.0-1\/svg\/2705.svg\" alt=\"\u2705\" \/>M\u1ee9c gi\u00e1 c\u0103n h\u1ed9 ng\u00e0y th\u01b0\u1eddng: 1tr &#8211; 1tr4\/c\u0103n h\u1ed9<\/p>\n<p style=\"text-align: left;\"><img decoding=\"async\" class=\"emoji\" role=\"img\" draggable=\"false\" src=\"https:\/\/s.w.org\/images\/core\/emoji\/12.0.0-1\/svg\/2705.svg\" alt=\"\u2705\" \/>M\u1ee9c gi\u00e1 l\u1ec5 t\u1ebft: 1tr4 &#8211; 1tr8\/c\u0103n h\u1ed9<\/p>\n<p style=\"text-align: left;\"><img decoding=\"async\" class=\"emoji\" role=\"img\" draggable=\"false\" src=\"https:\/\/s.w.org\/images\/core\/emoji\/12.0.0-1\/svg\/2705.svg\" alt=\"\u2705\" \/>M\u1ee9c gi\u00e1 thu\u00ea theo th\u00e1ng: 8tr\/c\u0103n h\u1ed9\/th\u00e1ng<img decoding=\"async\" class=\"aligncenter size-full wp-image-9108\" src=\"https:\/\/dalatreview.vn\/wp-content\/uploads\/2021\/04\/7-1-1.jpg\" alt=\"\" width=\"1200\" height=\"900\"><\/p>\n<p style=\"text-align: left;\"><img decoding=\"async\" class=\"aligncenter size-full wp-image-9109\" src=\"https:\/\/dalatreview.vn\/wp-content\/uploads\/2021\/04\/8-2-1.jpg\" alt=\"\" width=\"1200\" height=\"900\"><\/p>\n<h2 style=\"text-align: left;\" id=\"5-lien-he%f0%9f%92%90\"><span style=\"color: #003300;\"><strong><span class=\"_4yxo\">5.<\/span><\/strong>\u00a0Contact<strong><span class=\"_4yxo _4yxp\"><span class=\"_5mfr\"><span class=\"_6qdm\">\ud83d\udc90<\/span><\/span><\/span><\/strong><\/span><\/h2>\n<div dir=\"auto\" style=\"text-align: left;\">Fanpage: <a href=\"https:\/\/www.facebook.com\/booking.dalatreview.vn\">Rosy Gym, Spa &amp; Apartment<\/a><\/div>\n<div dir=\"auto\" style=\"text-align: left;\"><span class=\"pq6dq46d tbxw36s4 knj5qynh kvgmc6g5 ditlmg2l oygrvhab nvdbi5me sf5mxxl7 gl3lb2sf hhz5lgdu\"><img decoding=\"async\" src=\"https:\/\/static.xx.fbcdn.net\/images\/emoji.php\/v9\/t2d\/1\/16\/1f4cd.png\" alt=\"\ud83d\udccd\" width=\"16\" height=\"16\" \/><\/span> \u0110\u1ecba ch\u1ec9: 50 Ph\u00f9 \u0110\u1ed5ng Thi\u00ean V\u01b0\u01a1ng, Ph\u01b0\u1eddng 8, TP \u0110\u00e0 L\u1ea1t.<\/div>\n<div dir=\"auto\" style=\"text-align: left;\"><span class=\"pq6dq46d tbxw36s4 knj5qynh kvgmc6g5 ditlmg2l oygrvhab nvdbi5me sf5mxxl7 gl3lb2sf hhz5lgdu\"><img decoding=\"async\" src=\"https:\/\/static.xx.fbcdn.net\/images\/emoji.php\/v9\/t4d\/1\/16\/1f4de.png\" alt=\"\ud83d\udcde\" width=\"16\" height=\"16\" \/><\/span> Hotline: 0988 249 297<\/div>\n<p style=\"text-align: left;\">","protected":false},"excerpt":{"rendered":"<p>Danh m\u1ee5c ch\u00ednh T\u1ed5 h\u1ee3p c\u0103n h\u1ed9, spa &amp; gym Rosy \u0110\u00e0 L\u1ea1t 1. V\u1ecb tr\u00ed\ud83d\udc90 2. Decor\u00a0\ud83d\udc90 3. D\u1ecbch v\u1ee5 &amp; Ti\u1ec7n nghi\ud83d\udc90 4.\u00a0Gi\u00e1 ph\u00f2ng\ud83d\udc90 5.\u00a0Li\u00ean h\u1ec7\ud83d\udc90 T\u1ed5 h\u1ee3p c\u0103n h\u1ed9, spa &amp; gym Rosy \u0110\u00e0 L\u1ea1t 1. V\u1ecb tr\u00ed\ud83d\udc90 N\u1eb1m \u1edf \u0111\u1ecba ch\u1ec9 s\u1ed1 50 Ph\u00f9 \u0110\u1ed5ng Thi\u00ean V\u01b0\u01a1ng, Ph\u01b0\u1eddng 8, \u0110\u00e0 L\u1ea1t. [&hellip;]<\/p>","protected":false},"featured_media":9111,"comment_status":"open","ping_status":"closed","template":"","meta":{"_acf_changed":false,"rank_math_lock_modified_date":false},"product_cat":[29,45],"product_tag":[],"acf":[],"_links":{"self":[{"href":"https:\/\/dalatreview.vn\/en\/wp-json\/wp\/v2\/product\/9094"}],"collection":[{"href":"https:\/\/dalatreview.vn\/en\/wp-json\/wp\/v2\/product"}],"about":[{"href":"https:\/\/dalatreview.vn\/en\/wp-json\/wp\/v2\/types\/product"}],"replies":[{"embeddable":true,"href":"https:\/\/dalatreview.vn\/en\/wp-json\/wp\/v2\/comments?post=9094"}],"wp:featuredmedia":[{"embeddable":true,"href":"https:\/\/dalatreview.vn\/en\/wp-json\/wp\/v2\/media\/9111"}],"wp:attachment":[{"href":"https:\/\/dalatreview.vn\/en\/wp-json\/wp\/v2\/media?parent=9094"}],"wp:term":[{"taxonomy":"product_cat","embeddable":true,"href":"https:\/\/dalatreview.vn\/en\/wp-json\/wp\/v2\/product_cat?post=9094"},{"taxonomy":"product_tag","embeddable":true,"href":"https:\/\/dalatreview.vn\/en\/wp-json\/wp\/v2\/product_tag?post=9094"}],"curies":[{"name":"wp","href":"https:\/\/api.w.org\/{rel}","templated":true}]}}