
{"id":9005,"date":"2021-04-04T16:04:58","date_gmt":"2021-04-04T09:04:58","guid":{"rendered":"https:\/\/dalatreview.vn\/?p=9005"},"modified":"2024-07-12T13:59:16","modified_gmt":"2024-07-12T06:59:16","slug":"ziczac-homestay-coffee-da-lat","status":"publish","type":"product","link":"https:\/\/dalatreview.vn\/en\/ziczac-homestay-coffee-da-lat.html","title":{"rendered":"ZicZac Homestay &#038; Coffee \u0110\u00e0 L\u1ea1t"},"content":{"rendered":"<nav class=\"vietrick-auto-toc\">\n<div class=\"box-title\">\n<h3 class=\"toc-title\" id=\"select-menu\">Danh m\u1ee5c ch\u00ednh<\/h3>\n<div><ion-icon name=\"chevron-up-outline\"><\/ion-icon><\/div>\n<\/div>\n<ul class=\"toc-list\"><\/ul>\n<li><a href='https:\/\/dalatreview.vn\/en#ziczac-homestay-coffee-da-lat' class='heading-h1 toc-link smooth-scroll'>ZicZac Homestay &amp; Coffee \u0110\u00e0 L\u1ea1t<\/a>\n<ul>\n<li><a href='https:\/\/dalatreview.vn\/en#1-vi-tri%f0%9f%92%90' class='heading-h2 toc-link smooth-scroll'>1. V\u1ecb tr\u00ed\ud83d\udc90<\/a>\n<li><a href='https:\/\/dalatreview.vn\/en#2-decor-%f0%9f%92%90' class='heading-h2 toc-link smooth-scroll'>2. Decor\u00a0\ud83d\udc90<\/a>\n<li><a href='https:\/\/dalatreview.vn\/en#3-dich-vu-tien-nghi%f0%9f%92%90' class='heading-h2 toc-link smooth-scroll'>3. D\u1ecbch v\u1ee5 &amp; Ti\u1ec7n nghi\ud83d\udc90<\/a>\n<li><a href='https:\/\/dalatreview.vn\/en#4-gia-phong%f0%9f%92%90' class='heading-h2 toc-link smooth-scroll'>4.\u00a0Gi\u00e1 ph\u00f2ng\ud83d\udc90<\/a>\n<li><a href='https:\/\/dalatreview.vn\/en#5-lien-he%f0%9f%92%90' class='heading-h2 toc-link smooth-scroll'>5.\u00a0Li\u00ean h\u1ec7\ud83d\udc90<\/a><\/ul>\n<\/ul>\n<\/li>\n<\/ul>\n<\/nav>\n<h1 style=\"text-align: center;\" id=\"ziczac-homestay-coffee-da-lat\"><strong><span style=\"font-size: 24px; color: #003300;\">ZicZac Homestay &amp; Coffee \u0110\u00e0 L\u1ea1t<\/span><\/strong><\/h1>\n<h2 style=\"text-align: left;\" id=\"1-vi-tri%f0%9f%92%90\"><span style=\"color: #003300;\"><strong>1. V\u1ecb tr\u00ed<\/strong><strong><span class=\"_4yxo _4yxp\"><span class=\"_5mfr\"><span class=\"_6qdm\">\ud83d\udc90<\/span><\/span><\/span><\/strong><\/span><\/h2>\n<p style=\"text-align: left;\"><a href=\"https:\/\/www.facebook.com\/search\/top?q=ZicZac%20Homestay%20%26%20Coffee%20%C4%90%C3%A0%20L%E1%BA%A1t\" target=\"_blank\" rel=\"noopener\"><span style=\"color: #0000ff;\">ZicZac Homestay &amp; Coffee \u0110\u00e0 L\u1ea1t<\/span><\/a> n\u1eb1m \u1edf s\u1ed1 199 Huy\u1ec1n Tr\u00e2n C\u00f4ng Ch\u00faa &#8211; Ph\u01b0\u1eddng 4 \u0110\u00e0 L\u1ea1t. C\u00e1ch trung t\u00e2m, ch\u1ee3 \u0110\u00e0 L\u1ea1t kho\u1ea3ng 3,4 km ch\u1ec9 m\u1ea5t 10 &#8211; 15 ph\u00fat di chuy\u1ec3n l\u00e0 t\u1edbi r\u1ed3i. \u0110\u1ee7 g\u1ea7n \u0111\u1ec3 b\u1ea1n d\u1ec5 d\u00e0ng di chuy\u1ec3n \u0111\u1ebfn c\u00e1c \u0111\u1ecba \u0111i\u1ec3m du l\u1ecbch. \u0110\u1ee7 xa \u0111\u1ec3 t\u00e1ch bi\u1ec7t \u1ed3n \u00e0o n\u00e1o nhi\u1ec7t c\u1ee7a th\u00e0nh ph\u1ed1. \u1ede home \u0111\u00fang theo c\u00e1ch y\u00ean b\u00ecnh c\u1ee7a \u0110\u00e0 L\u1ea1t<\/p>\n<p style=\"text-align: left;\"><img decoding=\"async\" class=\"aligncenter size-full wp-image-9006\" src=\"https:\/\/dalatreview.vn\/wp-content\/uploads\/2021\/04\/1-6.jpg\" alt=\"\" width=\"1200\" height=\"900\">N\u1ebfu \u1edf \u0111\u00e2y b\u1ea1n c\u00f3 th\u1ec3 \u0111\u1ebfn nh\u1eefng \u0111\u1ecba \u0111i\u1ec3m du l\u1ecbch g\u1ea7n \u0111\u00f3 nh\u01b0: Dinh B\u1ea3o \u0110\u1ea1i, Th\u00e1c Cam Ly, Mal\u00e1 coffee, Nh\u00e0 th\u1edd Domaine&#8230;.<\/p>\n<p style=\"text-align: left;\"><img decoding=\"async\" class=\"aligncenter size-full wp-image-9007\" src=\"https:\/\/dalatreview.vn\/wp-content\/uploads\/2021\/04\/2-1.jpg\" alt=\"\" width=\"1200\" height=\"900\"><\/p>\n<h2 style=\"text-align: left;\" id=\"2-decor-%f0%9f%92%90\"><span style=\"color: #003300;\"><strong><span class=\"_4yxo _4yxp\">2. Decor\u00a0<span class=\"_5mfr\"><span class=\"_6qdm\">\ud83d\udc90<\/span><\/span><\/span><\/strong><\/span><\/h2>\n<p style=\"text-align: left;\">Qu\u00e1n l\u00e0 t\u1ed5 h\u1ee3p c\u1ea3 homestay v\u00e0 coffee n\u00ean decor xinh x\u1eafn thi\u00ean theo h\u01b0\u1edbng thi\u00ean nhi\u00ean. Thi\u1ebft k\u1ebf ch\u1ee7 y\u1ebfu b\u1eb1ng g\u1ed7. B\u00ean ngo\u00e0i tr\u1ed3ng nhi\u1ec1u c\u00e2y xanh v\u00e0 hoa c\u1ecf. V\u1eeba \u0111\u01b0\u1ee3c ngh\u1ec9 ng\u01a1i v\u1eeba ng\u1eafm hoa c\u1ecf, \u0111\u1ed3i n\u00fai \u0110\u00e0 L\u1ea1t th\u00ec c\u00f2n g\u00ec b\u1eb1ng.<img decoding=\"async\" class=\"aligncenter size-full wp-image-9009\" src=\"https:\/\/dalatreview.vn\/wp-content\/uploads\/2021\/04\/5-1.jpg\" alt=\"\" width=\"1200\" height=\"900\"><\/p>\n<p style=\"text-align: left;\">S\u1eed d\u1ee5ng t\u00f4ng m\u00e0u ch\u00ednh l\u00e0 v\u00e0ng g\u1ed7 t\u1ea1o c\u1ea3m gi\u00e1c \u1ea5m c\u00fang khi b\u1ea1n \u1edf \u0110\u00e0 L\u1ea1t. Ngo\u00e0i ra thi\u1ebft k\u1ebf c\u1eeda k\u00ednh nhi\u1ec1u m\u00e0u t\u1ea1o s\u1ef1 kh\u00e1c bi\u1ec7t cho c\u0103n ph\u00f2ng. M\u1edf c\u1eeda s\u1ed5 l\u00e0 thu tr\u1ecdn view r\u1eebng n\u00fai trong t\u1ea7m m\u1eaft nh\u00e9.<img decoding=\"async\" class=\"aligncenter size-full wp-image-9010\" src=\"https:\/\/dalatreview.vn\/wp-content\/uploads\/2021\/04\/4-1.jpg\" alt=\"\" width=\"1200\" height=\"900\"><\/p>\n<h2 style=\"text-align: left;\" id=\"3-dich-vu-tien-nghi%f0%9f%92%90\"><span style=\"color: #003300;\"><strong>3. D\u1ecbch v\u1ee5 &amp; Ti\u1ec7n nghi<\/strong><strong><span class=\"_4yxo _4yxp\"><span class=\"_5mfr\"><span class=\"_6qdm\">\ud83d\udc90<\/span><\/span><\/span><\/strong><\/span><\/h2>\n<p style=\"text-align: left;\"><img decoding=\"async\" class=\"emoji\" role=\"img\" draggable=\"false\" src=\"https:\/\/s.w.org\/images\/core\/emoji\/12.0.0-1\/svg\/2705.svg\" alt=\"\u2705\" \/>Thi\u1ebft b\u1ecb hi\u1ec7n \u0111\u1ea1i, \u0111\u1ea7y \u0111\u1ee7 ti\u1ec7n nghi<\/p>\n<p style=\"text-align: left;\"><img decoding=\"async\" class=\"emoji\" role=\"img\" draggable=\"false\" src=\"https:\/\/s.w.org\/images\/core\/emoji\/12.0.0-1\/svg\/2705.svg\" alt=\"\u2705\" \/> Gi\u1eef h\u00e0nh l\u00fd free<\/p>\n<p style=\"text-align: left;\"><img decoding=\"async\" class=\"emoji\" role=\"img\" draggable=\"false\" src=\"https:\/\/s.w.org\/images\/core\/emoji\/12.0.0-1\/svg\/2705.svg\" alt=\"\u2705\" \/> D\u1ecbch v\u1ee5 gi\u1eb7t \u0111\u1ed3 khi b\u1ea1n c\u1ea7n<\/p>\n<p style=\"text-align: left;\"><img decoding=\"async\" class=\"emoji\" role=\"img\" draggable=\"false\" src=\"https:\/\/s.w.org\/images\/core\/emoji\/12.0.0-1\/svg\/2705.svg\" alt=\"\u2705\" \/> D\u1ecbch v\u1ee5 \u0111\u01b0a \u0111\u00f3n s\u00e2n bay ti\u1ec7n l\u1ee3i<\/p>\n<p style=\"text-align: left;\"><img decoding=\"async\" class=\"emoji\" role=\"img\" draggable=\"false\" src=\"https:\/\/s.w.org\/images\/core\/emoji\/12.0.0-1\/svg\/2705.svg\" alt=\"\u2705\" \/> C\u00f3 qu\u00e1n cafe ngay trong khu\u00f4n vi\u00ean home<\/p>\n<p style=\"text-align: left;\"><img decoding=\"async\" class=\"emoji\" role=\"img\" draggable=\"false\" src=\"https:\/\/s.w.org\/images\/core\/emoji\/12.0.0-1\/svg\/2705.svg\" alt=\"\u2705\" \/> T\u1ea7ng th\u01b0\u1ee3ng ng\u1eafm c\u1ea3nh, BBQ<\/p>\n<p style=\"text-align: left;\"><img decoding=\"async\" class=\"emoji\" role=\"img\" draggable=\"false\" src=\"https:\/\/s.w.org\/images\/core\/emoji\/12.0.0-1\/svg\/2705.svg\" alt=\"\u2705\" \/>\u00a0 Ch\u1ed7 \u0111\u1eadu xe an to\u00e0n, \u0111\u1ea3m b\u1ea3o<img decoding=\"async\" class=\"aligncenter size-full wp-image-9011\" src=\"https:\/\/dalatreview.vn\/wp-content\/uploads\/2021\/04\/4-1-1.jpg\" alt=\"\" width=\"1200\" height=\"900\"><\/p>\n<h2 style=\"text-align: left;\" id=\"4-gia-phong%f0%9f%92%90\"><span style=\"color: #003300;\"><strong><span class=\"_4yxo\">4.<\/span><\/strong>\u00a0Gi\u00e1 ph\u00f2ng<strong><span class=\"_4yxo _4yxp\"><span class=\"_5mfr\"><span class=\"_6qdm\">\ud83d\udc90<\/span><\/span><\/span><\/strong><\/span><\/h2>\n<p style=\"text-align: left;\"><img decoding=\"async\" class=\"emoji\" role=\"img\" draggable=\"false\" src=\"https:\/\/s.w.org\/images\/core\/emoji\/12.0.0-1\/svg\/2705.svg\" alt=\"\u2705\" \/>Gi\u00e1 ph\u00f2ng<\/p>\n<p style=\"text-align: left;\">Ph\u00f2ng dorm: Ch\u1ec9 90.000\u0111\/ng\u01b0\u1eddi<\/p>\n<p style=\"text-align: left;\">Ph\u00f2ng \u0111\u01a1n: 250.000\u0111\/ng\u01b0\u1eddi<\/p>\n<p style=\"text-align: left;\">Ph\u00f2ng \u0111\u00f4i:\u00a0 450.000\u0111\/ng\u01b0\u1eddi<\/p>\n<p style=\"text-align: left;\"><img decoding=\"async\" class=\"emoji\" role=\"img\" draggable=\"false\" src=\"https:\/\/s.w.org\/images\/core\/emoji\/12.0.0-1\/svg\/2705.svg\" alt=\"\u2705\" \/>Gi\u00e1 n\u01b0\u1edbc: T\u1eeb 28.000\u0111 &#8211; 40.000\u0111<\/p>\n<p style=\"text-align: left;\"><span class=\"pq6dq46d tbxw36s4 knj5qynh kvgmc6g5 ditlmg2l oygrvhab nvdbi5me sf5mxxl7 gl3lb2sf hhz5lgdu\"><img decoding=\"async\" src=\"https:\/\/static.xx.fbcdn.net\/images\/emoji.php\/v9\/tb5\/1\/16\/23f1.png\" alt=\"\u23f1\" width=\"16\" height=\"16\" \/><\/span> Check in: 14h, check out: 12h tr\u01b0a h\u00f4m sau <span class=\"pq6dq46d tbxw36s4 knj5qynh kvgmc6g5 ditlmg2l oygrvhab nvdbi5me sf5mxxl7 gl3lb2sf hhz5lgdu\"><img decoding=\"async\" src=\"https:\/\/static.xx.fbcdn.net\/images\/emoji.php\/v9\/tb5\/1\/16\/23f1.png\" alt=\"\u23f1\" width=\"16\" height=\"16\" \/><img decoding=\"async\" class=\"aligncenter size-full wp-image-9012\" src=\"https:\/\/dalatreview.vn\/wp-content\/uploads\/2021\/04\/5-1-1.jpg\" alt=\"\" width=\"1200\" height=\"900\"><\/span><\/p>\n<h2 style=\"text-align: left;\" id=\"5-lien-he%f0%9f%92%90\"><span style=\"color: #003300;\"><strong><span class=\"_4yxo\">5.<\/span><\/strong>\u00a0Contact<strong><span class=\"_4yxo _4yxp\"><span class=\"_5mfr\"><span class=\"_6qdm\">\ud83d\udc90<\/span><\/span><\/span><\/strong><\/span><\/h2>\n<p style=\"text-align: left;\"><span class=\"pq6dq46d tbxw36s4 knj5qynh kvgmc6g5 ditlmg2l oygrvhab nvdbi5me sf5mxxl7 gl3lb2sf hhz5lgdu\"><img decoding=\"async\" src=\"https:\/\/static.xx.fbcdn.net\/images\/emoji.php\/v9\/t86\/1.5\/16\/1f4cd.png\" alt=\"\ud83d\udccd\" width=\"16\" height=\"16\" \/><\/span> \u0110\u1ecba ch\u1ec9: 199 Huy\u1ec1n Tr\u00e2n C\u00f4ng Ch\u00faa, Ph\u01b0\u1eddng 4, \u0110\u00e0 L\u1ea1t<\/p>\n<p style=\"text-align: left;\"><span class=\"pq6dq46d tbxw36s4 knj5qynh kvgmc6g5 ditlmg2l oygrvhab nvdbi5me sf5mxxl7 gl3lb2sf hhz5lgdu\"><img decoding=\"async\" src=\"https:\/\/static.xx.fbcdn.net\/images\/emoji.php\/v9\/t86\/1.5\/16\/1f4cd.png\" alt=\"\ud83d\udccd\" width=\"16\" height=\"16\" \/><\/span>Facebook: <a href=\"\/en\/ZicZac%20Homestay &amp; Coffee \u0110\u00e0 L\u1ea1t\/\">ZicZac Homestay &amp; Coffee \u0110\u00e0 L\u1ea1t\u00a0<\/a><\/p>\n<div dir=\"auto\" style=\"text-align: left;\"><span class=\"pq6dq46d tbxw36s4 knj5qynh kvgmc6g5 ditlmg2l oygrvhab nvdbi5me sf5mxxl7 gl3lb2sf hhz5lgdu\"><img decoding=\"async\" src=\"https:\/\/static.xx.fbcdn.net\/images\/emoji.php\/v9\/t86\/1.5\/16\/1f4cd.png\" alt=\"\ud83d\udccd\" width=\"16\" height=\"16\" \/><\/span>S\u0110T : 0983477449 &#8211; 0703111141<\/div>\n<p style=\"text-align: left;\">","protected":false},"excerpt":{"rendered":"<p>Danh m\u1ee5c ch\u00ednh ZicZac Homestay &amp; Coffee \u0110\u00e0 L\u1ea1t 1. V\u1ecb tr\u00ed\ud83d\udc90 2. Decor\u00a0\ud83d\udc90 3. D\u1ecbch v\u1ee5 &amp; Ti\u1ec7n nghi\ud83d\udc90 4.\u00a0Gi\u00e1 ph\u00f2ng\ud83d\udc90 5.\u00a0Li\u00ean h\u1ec7\ud83d\udc90 ZicZac Homestay &amp; Coffee \u0110\u00e0 L\u1ea1t 1. V\u1ecb tr\u00ed\ud83d\udc90 ZicZac Homestay &amp; Coffee \u0110\u00e0 L\u1ea1t n\u1eb1m \u1edf s\u1ed1 199 Huy\u1ec1n Tr\u00e2n C\u00f4ng Ch\u00faa &#8211; Ph\u01b0\u1eddng 4 \u0110\u00e0 L\u1ea1t. C\u00e1ch trung t\u00e2m, [&hellip;]<\/p>","protected":false},"featured_media":9013,"comment_status":"open","ping_status":"closed","template":"","meta":{"_acf_changed":false,"rank_math_lock_modified_date":false},"product_cat":[29,2255,36],"product_tag":[],"acf":[],"_links":{"self":[{"href":"https:\/\/dalatreview.vn\/en\/wp-json\/wp\/v2\/product\/9005"}],"collection":[{"href":"https:\/\/dalatreview.vn\/en\/wp-json\/wp\/v2\/product"}],"about":[{"href":"https:\/\/dalatreview.vn\/en\/wp-json\/wp\/v2\/types\/product"}],"replies":[{"embeddable":true,"href":"https:\/\/dalatreview.vn\/en\/wp-json\/wp\/v2\/comments?post=9005"}],"wp:featuredmedia":[{"embeddable":true,"href":"https:\/\/dalatreview.vn\/en\/wp-json\/wp\/v2\/media\/9013"}],"wp:attachment":[{"href":"https:\/\/dalatreview.vn\/en\/wp-json\/wp\/v2\/media?parent=9005"}],"wp:term":[{"taxonomy":"product_cat","embeddable":true,"href":"https:\/\/dalatreview.vn\/en\/wp-json\/wp\/v2\/product_cat?post=9005"},{"taxonomy":"product_tag","embeddable":true,"href":"https:\/\/dalatreview.vn\/en\/wp-json\/wp\/v2\/product_tag?post=9005"}],"curies":[{"name":"wp","href":"https:\/\/api.w.org\/{rel}","templated":true}]}}