
{"id":8375,"date":"2021-03-02T14:46:54","date_gmt":"2021-03-02T07:46:54","guid":{"rendered":"https:\/\/dalatreview.vn\/?p=8375"},"modified":"2024-07-12T13:59:59","modified_gmt":"2024-07-12T06:59:59","slug":"s-candi-homestay-da-lat","status":"publish","type":"product","link":"https:\/\/dalatreview.vn\/en\/s-candi-homestay-da-lat.html","title":{"rendered":"S-CANDI HOMESTAY \u0110\u00c0 L\u1ea0T"},"content":{"rendered":"<nav class=\"vietrick-auto-toc\">\n<div class=\"box-title\">\n<h3 class=\"toc-title\" id=\"select-menu\">Danh m\u1ee5c ch\u00ednh<\/h3>\n<div><ion-icon name=\"chevron-up-outline\"><\/ion-icon><\/div>\n<\/div>\n<ul class=\"toc-list\"><\/ul>\n<li><a href='https:\/\/dalatreview.vn\/en#s-candi-homestay-da-lat' class='heading-h1 toc-link smooth-scroll'>S-CANDI HOMESTAY \u0110\u00c0 L\u1ea0T<\/a>\n<ul>\n<li><a href='https:\/\/dalatreview.vn\/en#1-vi-tri%f0%9f%92%90' class='heading-h2 toc-link smooth-scroll'>1. V\u1ecb tr\u00ed\ud83d\udc90<\/a>\n<li><a href='https:\/\/dalatreview.vn\/en#2-decor-%f0%9f%92%90' class='heading-h2 toc-link smooth-scroll'>2. Decor\u00a0\ud83d\udc90<\/a>\n<li><a href='https:\/\/dalatreview.vn\/en#3-dich-vu-tien-nghi%f0%9f%92%90' class='heading-h2 toc-link smooth-scroll'>3. D\u1ecbch v\u1ee5 &amp; Ti\u1ec7n nghi\ud83d\udc90<\/a>\n<li><a href='https:\/\/dalatreview.vn\/en#4-gia-phong%f0%9f%92%90' class='heading-h2 toc-link smooth-scroll'>4.\u00a0Gi\u00e1 ph\u00f2ng\ud83d\udc90<\/a>\n<li><a href='https:\/\/dalatreview.vn\/en#5-lien-he%f0%9f%92%90' class='heading-h2 toc-link smooth-scroll'>5.\u00a0Li\u00ean h\u1ec7\ud83d\udc90<\/a><\/ul>\n<\/ul>\n<\/li>\n<\/ul>\n<\/nav>\n<h1 style=\"text-align: center;\" id=\"s-candi-homestay-da-lat\"><span style=\"color: #003300;\"><strong>S-CANDI HOMESTAY \u0110\u00c0 L\u1ea0T<\/strong><\/span><\/h1>\n<h2 style=\"text-align: left;\" id=\"1-vi-tri%f0%9f%92%90\"><strong>1. V\u1ecb tr\u00ed<\/strong><strong><span class=\"_4yxo _4yxp\"><span class=\"_5mfr\"><span class=\"_6qdm\">\ud83d\udc90<\/span><\/span><\/span><\/strong><\/h2>\n<p style=\"text-align: left;\"><span style=\"font-family: arial, helvetica, sans-serif; font-size: 16px;\">S-Candi Homestay Dalat n\u1eb1m \u1edf v\u1ecb tr\u00ed thu\u1eadn l\u1ee3i ngay m\u1eb7t \u0111\u01b0\u1eddng. Ch\u1ec9 m\u1ea5t kho\u1ea3ng 10-15 ph\u00fat l\u00e0 b\u1ea1n \u0111\u00e3 \u0111\u1ebfn trung t\u00e2m th\u00e0nh ph\u1ed1. N\u1eb1m g\u1ea7n c\u00e1c \u0111\u1ecba \u0111i\u1ec3m tham quan nh\u01b0: Dinh B\u1ea3o \u0110\u1ea1i 1, Qu\u1ea3ng Tr\u01b0\u1eddng L\u00e2m Vi\u00ean, Still Coffee, Mountain View, Bohem,&#8230; thu\u1eadn ti\u1ec7n di chuy\u1ec3n.<\/span><img decoding=\"async\" class=\"aligncenter size-full wp-image-8376\" src=\"https:\/\/dalatreview.vn\/wp-content\/uploads\/2021\/03\/1-1.jpg\" alt=\"\" width=\"1200\" height=\"900\"><\/p>\n<h2 style=\"text-align: left;\" id=\"2-decor-%f0%9f%92%90\"><strong><span class=\"_4yxo _4yxp\">2. Decor\u00a0<span class=\"_5mfr\"><span class=\"_6qdm\">\ud83d\udc90<\/span><\/span><\/span><\/strong><\/h2>\n<p style=\"text-align: left;\"><span style=\"font-family: arial, helvetica, sans-serif; font-size: 16px;\">Kh\u00f4ng gian \u1ea5m c\u00fang, trong ph\u00f2ng trang tr\u00ed nhi\u1ec1u v\u1eadt d\u1ee5ng xinh x\u1eafn. V\u1edbi tone m\u00e0u tr\u1eafng l\u00e0m n\u1ec1n h\u01b0\u1edbng t\u1edbi s\u1ef1 tho\u1ea3i m\u00e1i v\u00e0 th\u00e2n thi\u1ec7n nh\u1ea5t.<img decoding=\"async\" class=\"aligncenter size-full wp-image-8998\" src=\"https:\/\/dalatreview.vn\/wp-content\/uploads\/2021\/03\/1-2-1.jpg\" alt=\"\" width=\"1200\" height=\"900\"><\/span>Kh\u00f4ng gian r\u1ed9ng tho\u00e1ng, c\u00e1c ph\u00f2ng b\u1ed1 tr\u00ed c\u00f3 chi\u1ec1u s\u00e2u, \u0111\u01a1n gi\u1ea3n m\u00e0 tinh t\u1ebf. Th\u00edch h\u1ee3p cho c\u1eb7p \u0111\u00f4i du l\u1ecbch, gia \u0111\u00ecnh ho\u1eb7c c\u1ea3 nh\u00f3m b\u1ea1n. Homestay c\u00f3 hai lo\u1ea1i ph\u00f2ng Deluxe d\u00e0nh cho 2 ng\u01b0\u1eddi v\u00e0 Family room d\u00e0nh cho 4 ng\u01b0\u1eddi.<img decoding=\"async\" class=\"aligncenter size-full wp-image-8999\" src=\"https:\/\/dalatreview.vn\/wp-content\/uploads\/2021\/03\/2-2-1.jpg\" alt=\"\" width=\"1200\" height=\"900\">Ngo\u00e0i ra t\u1ea1i S-Candi Coffee Dalat c\u00f2n cung c\u1ea5p:<\/p>\n<p style=\"text-align: left;\">Tr\u00e0 hoa \u0110\u00e0 L\u1ea1t v\u1edbi nguy\u00ean li\u1ec7u ch\u00ednh l\u00e0 tr\u00e0 Ph\u00fac Long, hoa C\u00fac, hoa \u0111\u1eadu bi\u1ebfc, m\u1eadt ong, t\u00e1o \u0111\u1ecf, hoa h\u1ed3ng, g\u1eebng,&#8230;B\u1ea1n c\u00f2n c\u00f3 th\u1ec3 g\u1ecdi th\u00eam soda, coffee, iced tea, tr\u00e0 s\u1eefa, sinh t\u1ed1, n\u01b0\u1edbc \u00e9p, yogurt, kem n\u1eefa nh\u00e9.<\/p>\n<div dir=\"auto\">\n<div dir=\"auto\">\n<div dir=\"auto\">\n<p style=\"text-align: left;\"><img decoding=\"async\" class=\"aligncenter size-full wp-image-9000\" src=\"https:\/\/dalatreview.vn\/wp-content\/uploads\/2021\/03\/3-4-1.jpg\" alt=\"\" width=\"1200\" height=\"900\"><\/p>\n<p style=\"text-align: left;\"><img decoding=\"async\" class=\"aligncenter size-full wp-image-8387\" src=\"https:\/\/dalatreview.vn\/wp-content\/uploads\/2021\/03\/1-2.jpg\" alt=\"\" width=\"1200\" height=\"900\"><\/p>\n<h2 style=\"text-align: left;\" id=\"3-dich-vu-tien-nghi%f0%9f%92%90\"><strong>3. D\u1ecbch v\u1ee5 &amp; Ti\u1ec7n nghi<\/strong><strong><span class=\"_4yxo _4yxp\"><span class=\"_5mfr\"><span class=\"_6qdm\">\ud83d\udc90<\/span><\/span><\/span><\/strong><\/h2>\n<div dir=\"auto\" style=\"text-align: left;\"><img decoding=\"async\" class=\"emoji\" role=\"img\" draggable=\"false\" src=\"https:\/\/s.w.org\/images\/core\/emoji\/12.0.0-1\/svg\/2705.svg\" alt=\"\u2705\" \/>\u00a0D\u1ecbch v\u1ee5 gi\u1eb7t \u1ee7i<\/div>\n<div dir=\"auto\" style=\"text-align: left;\"><img decoding=\"async\" class=\"emoji\" role=\"img\" draggable=\"false\" src=\"https:\/\/s.w.org\/images\/core\/emoji\/12.0.0-1\/svg\/2705.svg\" alt=\"\u2705\" \/>\u00a0Trang tr\u00ed ti\u1ec7c<\/div>\n<div dir=\"auto\" style=\"text-align: left;\"><img decoding=\"async\" class=\"emoji\" role=\"img\" draggable=\"false\" src=\"https:\/\/s.w.org\/images\/core\/emoji\/12.0.0-1\/svg\/2705.svg\" alt=\"\u2705\" \/>\u00a0\u0110\u1eb7t b\u00e1nh kem, hoa<\/div>\n<div dir=\"auto\" style=\"text-align: left;\"><img decoding=\"async\" class=\"emoji\" role=\"img\" draggable=\"false\" src=\"https:\/\/s.w.org\/images\/core\/emoji\/12.0.0-1\/svg\/2705.svg\" alt=\"\u2705\" \/>\u00a0Cho thu\u00ea xe m\u00e1y<\/div>\n<div dir=\"auto\" style=\"text-align: left;\"><img decoding=\"async\" class=\"emoji\" role=\"img\" draggable=\"false\" src=\"https:\/\/s.w.org\/images\/core\/emoji\/12.0.0-1\/svg\/2705.svg\" alt=\"\u2705\" \/> Mi\u1ec5n ph\u00ed 2 chai n\u01b0\u1edbc setup s\u1eb5n trong ph\u00f2ng<\/div>\n<div dir=\"auto\" style=\"text-align: left;\"><img decoding=\"async\" class=\"emoji\" role=\"img\" draggable=\"false\" src=\"https:\/\/s.w.org\/images\/core\/emoji\/12.0.0-1\/svg\/2705.svg\" alt=\"\u2705\" \/>\u00a0M\u00e1y s\u1ea5y, b\u00e0n \u1ee7i, g\u01b0\u01a1ng l\u01b0\u1ee3c, v\u1eadt d\u1ee5ng v\u1ec7 sinh&#8230;, d\u1ecdn ph\u00f2ng m\u1ed7i ng\u00e0y n\u1ebfu c\u00f3 y\u00eau c\u1ea7u.<\/div>\n<div dir=\"auto\" style=\"text-align: left;\"><img decoding=\"async\" class=\"emoji\" role=\"img\" draggable=\"false\" src=\"https:\/\/s.w.org\/images\/core\/emoji\/12.0.0-1\/svg\/2705.svg\" alt=\"\u2705\" \/>C\u00f3 ch\u1ed7 \u0111\u1ec3 \u00f4 t\u00f4 v\u00e0 xe m\u00e1y<\/div>\n<div dir=\"auto\">\n<p style=\"text-align: left;\"><img decoding=\"async\" class=\"aligncenter size-full wp-image-9002\" src=\"https:\/\/dalatreview.vn\/wp-content\/uploads\/2021\/03\/4-2-1.jpg\" alt=\"\" width=\"1200\" height=\"900\"><\/p>\n<h2 style=\"text-align: left;\" id=\"4-gia-phong%f0%9f%92%90\"><strong><span class=\"_4yxo\">4.<\/span><\/strong>\u00a0Gi\u00e1 ph\u00f2ng<strong><span class=\"_4yxo _4yxp\"><span class=\"_5mfr\"><span class=\"_6qdm\">\ud83d\udc90<\/span><\/span><\/span><\/strong><\/h2>\n<p style=\"text-align: left;\"><span class=\"pq6dq46d tbxw36s4 knj5qynh kvgmc6g5 ditlmg2l oygrvhab nvdbi5me sf5mxxl7 gl3lb2sf hhz5lgdu\"><img decoding=\"async\" src=\"https:\/\/static.xx.fbcdn.net\/images\/emoji.php\/v9\/tb5\/1\/16\/23f1.png\" alt=\"\u23f1\" width=\"16\" height=\"16\" \/><\/span>Gi\u1edd Check in : 24\/24<\/p>\n<div dir=\"auto\" style=\"text-align: left;\">Deluxe ( 2 Ng\u01b0\u1eddi) : 400.000\/\u0111\u00eam<\/div>\n<div dir=\"auto\" style=\"text-align: left;\">Family Room ( 4 Ng\u01b0\u1eddi) : 500.000\/\u0111\u00eam<\/div>\n<div dir=\"auto\" style=\"text-align: left;\"><span class=\"pq6dq46d tbxw36s4 knj5qynh kvgmc6g5 ditlmg2l oygrvhab nvdbi5me sf5mxxl7 gl3lb2sf hhz5lgdu\"><img decoding=\"async\" src=\"https:\/\/static.xx.fbcdn.net\/images\/emoji.php\/v9\/t14\/1\/16\/2618.png\" alt=\"\u2618\" width=\"16\" height=\"16\" \/><\/span>Gi\u1ea3m ngay 10% cho kh\u00e1ch c\u0169 v\u00e0 kh\u00e1ch checkin t\u1ea1i ph\u00f2ng<span class=\"pq6dq46d tbxw36s4 knj5qynh kvgmc6g5 ditlmg2l oygrvhab nvdbi5me sf5mxxl7 gl3lb2sf hhz5lgdu\"><img decoding=\"async\" src=\"https:\/\/static.xx.fbcdn.net\/images\/emoji.php\/v9\/t14\/1\/16\/2618.png\" alt=\"\u2618\" width=\"16\" height=\"16\" \/><\/span><\/div>\n<div dir=\"auto\">\n<p style=\"text-align: left;\"><img decoding=\"async\" class=\"aligncenter size-full wp-image-9003\" src=\"https:\/\/dalatreview.vn\/wp-content\/uploads\/2021\/03\/5-1-1.jpg\" alt=\"\" width=\"1200\" height=\"900\"><\/p>\n<h2 style=\"text-align: left;\" id=\"5-lien-he%f0%9f%92%90\"><strong><span class=\"_4yxo\">5.<\/span><\/strong>\u00a0Contact<strong><span class=\"_4yxo _4yxp\"><span class=\"_5mfr\"><span class=\"_6qdm\">\ud83d\udc90<\/span><\/span><\/span><\/strong><\/h2>\n<p style=\"text-align: left;\"><span class=\"pq6dq46d tbxw36s4 knj5qynh kvgmc6g5 ditlmg2l oygrvhab nvdbi5me sf5mxxl7 gl3lb2sf hhz5lgdu\"><img decoding=\"async\" src=\"https:\/\/static.xx.fbcdn.net\/images\/emoji.php\/v9\/t86\/1.5\/16\/1f4cd.png\" alt=\"\ud83d\udccd\" width=\"16\" height=\"16\" \/><\/span>\u00a0\u0110\u1ecba ch\u1ec9: 97 Phan Chu Trinh, Ph\u01b0\u1eddng 9, \u0110\u00e0 L\u1ea1t<\/p>\n<p style=\"text-align: left;\"><span class=\"pq6dq46d tbxw36s4 knj5qynh kvgmc6g5 ditlmg2l oygrvhab nvdbi5me sf5mxxl7 gl3lb2sf hhz5lgdu\"><img decoding=\"async\" src=\"https:\/\/static.xx.fbcdn.net\/images\/emoji.php\/v9\/t86\/1.5\/16\/1f4cd.png\" alt=\"\ud83d\udccd\" width=\"16\" height=\"16\" \/><\/span>Facebook: <a href=\"https:\/\/www.facebook.com\/S-Candi-Coffee-Home-Dalat-100141255404861\" target=\"_blank\" rel=\"noopener\">S-Candi Homestay &amp; Coffee Dalat<\/a><\/p>\n<p style=\"text-align: left;\"><span class=\"pq6dq46d tbxw36s4 knj5qynh kvgmc6g5 ditlmg2l oygrvhab nvdbi5me sf5mxxl7 gl3lb2sf hhz5lgdu\"><img decoding=\"async\" src=\"https:\/\/static.xx.fbcdn.net\/images\/emoji.php\/v9\/t86\/1.5\/16\/1f4cd.png\" alt=\"\ud83d\udccd\" width=\"16\" height=\"16\" \/><\/span>Hotline : 037.411.4111<\/p>\n<\/div>\n<\/div>\n<\/div>\n<\/div>\n<\/div>","protected":false},"excerpt":{"rendered":"<p>Danh m\u1ee5c ch\u00ednh S-CANDI HOMESTAY \u0110\u00c0 L\u1ea0T 1. V\u1ecb tr\u00ed\ud83d\udc90 2. Decor\u00a0\ud83d\udc90 3. D\u1ecbch v\u1ee5 &amp; Ti\u1ec7n nghi\ud83d\udc90 4.\u00a0Gi\u00e1 ph\u00f2ng\ud83d\udc90 5.\u00a0Li\u00ean h\u1ec7\ud83d\udc90 S-CANDI HOMESTAY \u0110\u00c0 L\u1ea0T 1. V\u1ecb tr\u00ed\ud83d\udc90 S-Candi Homestay Dalat n\u1eb1m \u1edf v\u1ecb tr\u00ed thu\u1eadn l\u1ee3i ngay m\u1eb7t \u0111\u01b0\u1eddng. Ch\u1ec9 m\u1ea5t kho\u1ea3ng 10-15 ph\u00fat l\u00e0 b\u1ea1n \u0111\u00e3 \u0111\u1ebfn trung t\u00e2m th\u00e0nh ph\u1ed1. N\u1eb1m [&hellip;]<\/p>","protected":false},"featured_media":8385,"comment_status":"open","ping_status":"closed","template":"","meta":{"_acf_changed":false,"rank_math_lock_modified_date":false},"product_cat":[29,2255,36],"product_tag":[],"acf":[],"_links":{"self":[{"href":"https:\/\/dalatreview.vn\/en\/wp-json\/wp\/v2\/product\/8375"}],"collection":[{"href":"https:\/\/dalatreview.vn\/en\/wp-json\/wp\/v2\/product"}],"about":[{"href":"https:\/\/dalatreview.vn\/en\/wp-json\/wp\/v2\/types\/product"}],"replies":[{"embeddable":true,"href":"https:\/\/dalatreview.vn\/en\/wp-json\/wp\/v2\/comments?post=8375"}],"wp:featuredmedia":[{"embeddable":true,"href":"https:\/\/dalatreview.vn\/en\/wp-json\/wp\/v2\/media\/8385"}],"wp:attachment":[{"href":"https:\/\/dalatreview.vn\/en\/wp-json\/wp\/v2\/media?parent=8375"}],"wp:term":[{"taxonomy":"product_cat","embeddable":true,"href":"https:\/\/dalatreview.vn\/en\/wp-json\/wp\/v2\/product_cat?post=8375"},{"taxonomy":"product_tag","embeddable":true,"href":"https:\/\/dalatreview.vn\/en\/wp-json\/wp\/v2\/product_tag?post=8375"}],"curies":[{"name":"wp","href":"https:\/\/api.w.org\/{rel}","templated":true}]}}