
{"id":8056,"date":"2021-01-13T17:07:56","date_gmt":"2021-01-13T10:07:56","guid":{"rendered":"https:\/\/dalatreview.vn\/?p=8056"},"modified":"2024-07-12T14:00:07","modified_gmt":"2024-07-12T07:00:07","slug":"cao-nguyen-xanh-homestay-villa","status":"publish","type":"product","link":"https:\/\/dalatreview.vn\/en\/cao-nguyen-xanh-homestay-villa.html","title":{"rendered":"Cao Nguy\u00ean Xanh Homestay &#038; villa"},"content":{"rendered":"<nav class=\"vietrick-auto-toc\">\n<div class=\"box-title\">\n<h3 class=\"toc-title\" id=\"select-menu\">Danh m\u1ee5c ch\u00ednh<\/h3>\n<div><ion-icon name=\"chevron-up-outline\"><\/ion-icon><\/div>\n<\/div>\n<ul class=\"toc-list\"><\/ul>\n<li><a href='https:\/\/dalatreview.vn\/en#cao-nguyen-xanh-homestay-villa' class='heading-h1 toc-link smooth-scroll'>Cao Nguy\u00ean Xanh Homestay &amp; villa<\/a>\n<ul>\n<li><a href='https:\/\/dalatreview.vn\/en#1-vi-tri%f0%9f%92%90' class='heading-h2 toc-link smooth-scroll'>1. V\u1ecb tr\u00ed\ud83d\udc90<\/a>\n<li><a href='https:\/\/dalatreview.vn\/en#2-decor-%f0%9f%92%90' class='heading-h2 toc-link smooth-scroll'>2. Decor\u00a0\ud83d\udc90<\/a>\n<li><a href='https:\/\/dalatreview.vn\/en#3-dich-vu-tien-nghi%f0%9f%92%90' class='heading-h2 toc-link smooth-scroll'>3. D\u1ecbch v\u1ee5 &amp; Ti\u1ec7n nghi\ud83d\udc90<\/a>\n<li><a href='https:\/\/dalatreview.vn\/en#4-gia-phong%f0%9f%92%90' class='heading-h2 toc-link smooth-scroll'>4.\u00a0Gi\u00e1 ph\u00f2ng\ud83d\udc90<\/a>\n<li><a href='https:\/\/dalatreview.vn\/en#5-lien-he%f0%9f%92%90' class='heading-h2 toc-link smooth-scroll'>5.\u00a0Li\u00ean h\u1ec7\ud83d\udc90<\/a><\/ul>\n<\/ul>\n<\/li>\n<\/ul>\n<\/nav>\n<h1 style=\"text-align: center;\" id=\"cao-nguyen-xanh-homestay-villa\"><span style=\"color: #003300; font-size: 24px;\">Cao Nguy\u00ean Xanh Homestay &amp; villa<\/span><\/h1>\n<h2 id=\"1-vi-tri%f0%9f%92%90\"><strong>1. V\u1ecb tr\u00ed<\/strong><strong><span class=\"_4yxo _4yxp\"><span class=\"_5mfr\"><span class=\"_6qdm\">\ud83d\udc90<\/span><\/span><\/span><\/strong><\/h2>\n<p>N\u1eb1m \u1edf 64 An B\u00ecnh, Ph\u01b0\u1eddng 3, \u0110\u00e0 L\u1ea1t. Ch\u1ec9 m\u1ea5y 7 ph\u00fat \u0111i xe m\u00e1y l\u00e0 b\u1ea1n \u0111\u00e3 \u0111\u1ebfn ch\u1ee3 \u0111\u00eam, qu\u1ea3ng tr\u01b0\u1eddng. D\u1ec5 d\u00e0ng di chuy\u1ec3n \u0111\u1ebfn c\u00e1c \u0111i\u1ec3m du l\u1ecbch n\u1ed5i ti\u1ebfng c\u1ee7a th\u00e0nh ph\u1ed1.<img decoding=\"async\" class=\"aligncenter size-full wp-image-8061\" src=\"https:\/\/dalatreview.vn\/wp-content\/uploads\/2021\/01\/1-23.jpg\" alt=\"\" width=\"1200\" height=\"900\"><\/p>\n<h2 id=\"2-decor-%f0%9f%92%90\"><strong><span class=\"_4yxo _4yxp\">2. Decor\u00a0<span class=\"_5mfr\"><span class=\"_6qdm\">\ud83d\udc90<\/span><\/span><\/span><\/strong><\/h2>\n<p>Thi\u1ebft k\u1ebf kh\u00f4ng gian v\u00e0 ph\u00f2ng \u1ed1c \u0111\u00fang v\u1edbi c\u00e1i t\u00ean Cao Nguy\u00ean Xanh. Mang l\u1ea1i c\u1ea3m gi\u00e1c h\u00f2a m\u00ecnh v\u00e0o thi\u00ean nhi\u00ean \u0110\u00e0 L\u1ea1t. Ngo\u00e0i ra t\u1ea1i \u0111\u00e2y c\u00f2n c\u00f3 nhi\u1ec1u g\u00f3c checkin, b\u1ea1n s\u1ebd c\u00f3 nh\u1eefng b\u1ee9c h\u00ecnh \u0111\u1eb9p ngay t\u1ea1i home m\u00ecnh \u1edf nh\u00e9.<img decoding=\"async\" class=\"aligncenter size-full wp-image-8059\" src=\"https:\/\/dalatreview.vn\/wp-content\/uploads\/2021\/01\/1-21.jpg\" alt=\"\" width=\"1200\" height=\"900\"><\/p>\n<p>C\u00f3 2 d\u1ea1ng l\u00e0 ph\u00f2ng homestay h\u00ecnh th\u00f9ng r\u01b0\u1ee3u v\u00e0 nh\u00e0 nguy\u00ean c\u0103n Villa s\u1ee9c ch\u1ee9a 18-25 ng\u01b0\u1eddi. B\u1ea1n c\u00f3 th\u1ec3 l\u1ef1a ch\u1ecdn c\u0103n ph\u00f2ng m\u00ecnh y\u00eau th\u00edch. <img decoding=\"async\" class=\"aligncenter size-full wp-image-8060\" src=\"https:\/\/dalatreview.vn\/wp-content\/uploads\/2021\/01\/1-22.jpg\" alt=\"\" width=\"1200\" height=\"900\">Khu\u00f4n vi\u00ean c\u00f3 nhi\u1ec1u g\u00f3c \u0111\u1eb9p, c\u00e2y xanh v\u00e0 hoa. Chi\u1ec1u chi\u1ec1u nh\u00e2m nhi cafe ng\u1eafm c\u1ea3nh th\u00ec \u0111\u00fang chill lu\u00f4n nh\u00e9.<img decoding=\"async\" class=\"aligncenter size-full wp-image-8062\" src=\"https:\/\/dalatreview.vn\/wp-content\/uploads\/2021\/01\/1-24.jpg\" alt=\"\" width=\"1200\" height=\"900\"><\/p>\n<h2 id=\"3-dich-vu-tien-nghi%f0%9f%92%90\"><strong>3. D\u1ecbch v\u1ee5 &amp; Ti\u1ec7n nghi<\/strong><strong><span class=\"_4yxo _4yxp\"><span class=\"_5mfr\"><span class=\"_6qdm\">\ud83d\udc90<\/span><\/span><\/span><\/strong><\/h2>\n<div dir=\"auto\"><img decoding=\"async\" class=\"emoji\" role=\"img\" draggable=\"false\" src=\"https:\/\/s.w.org\/images\/core\/emoji\/12.0.0-1\/svg\/2705.svg\" alt=\"\u2705\" \/>\u00a0Ph\u00f2ng \u1edf \u0111\u00e2y c\u00f3 \u0111\u1ea7y \u0111\u1ee7 c\u00e1c ti\u1ec7n nghi sinh ho\u1ea1t<\/div>\n<div dir=\"auto\"><img decoding=\"async\" class=\"emoji\" role=\"img\" draggable=\"false\" src=\"https:\/\/s.w.org\/images\/core\/emoji\/12.0.0-1\/svg\/2705.svg\" alt=\"\u2705\" \/> C\u00f3 Ti\u1ec7c BBQ m\u1ed7i t\u1ed1i theo y\u00eau c\u1ea7u<\/div>\n<div dir=\"auto\"><img decoding=\"async\" class=\"emoji\" role=\"img\" draggable=\"false\" src=\"https:\/\/s.w.org\/images\/core\/emoji\/12.0.0-1\/svg\/2705.svg\" alt=\"\u2705\" \/> Coffee + \u0102n s\u00e1ng ngay t\u1ea1i khu\u00f4n vi\u00ean d\u00e0nh ri\u00eang cho kh\u00e1ch khi \u0111\u1ebfn Cao Nguy\u00ean Xanh<\/div>\n<div dir=\"auto\"><img decoding=\"async\" class=\"emoji\" style=\"background-color: #ffffff;\" role=\"img\" draggable=\"false\" src=\"https:\/\/s.w.org\/images\/core\/emoji\/12.0.0-1\/svg\/2705.svg\" alt=\"\u2705\" \/>\u00a0Nh\u00e2n Vi\u00ean th\u00e2n thi\u1ec7n h\u00f2a \u0111\u1ed3ng<\/div>\n<div dir=\"auto\">\n<p><img decoding=\"async\" class=\"aligncenter size-full wp-image-8063\" src=\"https:\/\/dalatreview.vn\/wp-content\/uploads\/2021\/01\/1-25.jpg\" alt=\"\" width=\"1200\" height=\"900\"><\/p>\n<h2 id=\"4-gia-phong%f0%9f%92%90\"><strong><span class=\"_4yxo\">4.<\/span><\/strong>\u00a0Gi\u00e1 ph\u00f2ng<strong><span class=\"_4yxo _4yxp\"><span class=\"_5mfr\"><span class=\"_6qdm\">\ud83d\udc90<\/span><\/span><\/span><\/strong><\/h2>\n<p>Ch\u1ec9 t\u1eeb 350k\/ng\u00e0y<\/p>\n<div class=\"o9v6fnle cxmmr5t8 oygrvhab hcukyx3x c1et5uql ii04i59q\">\n<div dir=\"auto\"><span class=\"pq6dq46d tbxw36s4 knj5qynh kvgmc6g5 ditlmg2l oygrvhab nvdbi5me sf5mxxl7 gl3lb2sf hhz5lgdu\"><img decoding=\"async\" src=\"https:\/\/static.xx.fbcdn.net\/images\/emoji.php\/v9\/t9e\/1\/16\/27a1.png\" alt=\"\u27a1\" width=\"16\" height=\"16\" \/><\/span>\u00a0Checkin: 13h00<\/div>\n<\/div>\n<div class=\"o9v6fnle cxmmr5t8 oygrvhab hcukyx3x c1et5uql ii04i59q\">\n<div dir=\"auto\"><span class=\"pq6dq46d tbxw36s4 knj5qynh kvgmc6g5 ditlmg2l oygrvhab nvdbi5me sf5mxxl7 gl3lb2sf hhz5lgdu\"><img decoding=\"async\" src=\"https:\/\/static.xx.fbcdn.net\/images\/emoji.php\/v9\/t1e\/1\/16\/2b05.png\" alt=\"\u2b05\" width=\"16\" height=\"16\" \/><\/span> Checkout: 12h00<\/div>\n<\/div>\n<p><img decoding=\"async\" class=\"aligncenter size-full wp-image-8067\" src=\"https:\/\/dalatreview.vn\/wp-content\/uploads\/2021\/01\/1-26.jpg\" alt=\"\" width=\"1200\" height=\"900\"><\/p>\n<h2 id=\"5-lien-he%f0%9f%92%90\"><strong><span class=\"_4yxo\">5.<\/span><\/strong>\u00a0Contact<strong><span class=\"_4yxo _4yxp\"><span class=\"_5mfr\"><span class=\"_6qdm\">\ud83d\udc90<\/span><\/span><\/span><\/strong><\/h2>\n<p><span class=\"pq6dq46d tbxw36s4 knj5qynh kvgmc6g5 ditlmg2l oygrvhab nvdbi5me sf5mxxl7 gl3lb2sf hhz5lgdu\"><img decoding=\"async\" src=\"https:\/\/static.xx.fbcdn.net\/images\/emoji.php\/v9\/t86\/1.5\/16\/1f4cd.png\" alt=\"\ud83d\udccd\" width=\"16\" height=\"16\" \/><\/span> \u0110\u1ecba ch\u1ec9: 64 An B\u00ecnh , Ph\u01b0\u1eddng 3, \u0110\u00e0 L\u1ea1t<\/p>\n<p><span class=\"pq6dq46d tbxw36s4 knj5qynh kvgmc6g5 ditlmg2l oygrvhab nvdbi5me sf5mxxl7 gl3lb2sf hhz5lgdu\"><img decoding=\"async\" src=\"https:\/\/static.xx.fbcdn.net\/images\/emoji.php\/v9\/t86\/1.5\/16\/1f4cd.png\" alt=\"\ud83d\udccd\" width=\"16\" height=\"16\" \/><\/span>Facebook: <a href=\"https:\/\/www.facebook.com\/caonguyenxanhhomestay\/?ref=page_internal\" target=\"_blank\" rel=\"noopener\">Cao Nguy\u00ean Xanh Homestay &amp; villa<\/a><\/p>\n<div dir=\"auto\"><span class=\"pq6dq46d tbxw36s4 knj5qynh kvgmc6g5 ditlmg2l oygrvhab nvdbi5me sf5mxxl7 gl3lb2sf hhz5lgdu\"><img decoding=\"async\" src=\"https:\/\/static.xx.fbcdn.net\/images\/emoji.php\/v9\/t86\/1.5\/16\/1f4cd.png\" alt=\"\ud83d\udccd\" width=\"16\" height=\"16\" \/><\/span>S\u0110T : 0988 249 297<\/div>\n<div dir=\"auto\"><\/div>\n<\/div>\n<div dir=\"auto\"><\/div>","protected":false},"excerpt":{"rendered":"<p>Danh m\u1ee5c ch\u00ednh Cao Nguy\u00ean Xanh Homestay &amp; villa 1. V\u1ecb tr\u00ed\ud83d\udc90 2. Decor\u00a0\ud83d\udc90 3. D\u1ecbch v\u1ee5 &amp; Ti\u1ec7n nghi\ud83d\udc90 4.\u00a0Gi\u00e1 ph\u00f2ng\ud83d\udc90 5.\u00a0Li\u00ean h\u1ec7\ud83d\udc90 Cao Nguy\u00ean Xanh Homestay &amp; villa 1. V\u1ecb tr\u00ed\ud83d\udc90 N\u1eb1m \u1edf 64 An B\u00ecnh, Ph\u01b0\u1eddng 3, \u0110\u00e0 L\u1ea1t. Ch\u1ec9 m\u1ea5y 7 ph\u00fat \u0111i xe m\u00e1y l\u00e0 b\u1ea1n \u0111\u00e3 \u0111\u1ebfn ch\u1ee3 \u0111\u00eam, [&hellip;]<\/p>","protected":false},"featured_media":8064,"comment_status":"open","ping_status":"closed","template":"","meta":{"_acf_changed":false,"rank_math_lock_modified_date":false},"product_cat":[36,2255,29,45],"product_tag":[],"acf":[],"_links":{"self":[{"href":"https:\/\/dalatreview.vn\/en\/wp-json\/wp\/v2\/product\/8056"}],"collection":[{"href":"https:\/\/dalatreview.vn\/en\/wp-json\/wp\/v2\/product"}],"about":[{"href":"https:\/\/dalatreview.vn\/en\/wp-json\/wp\/v2\/types\/product"}],"replies":[{"embeddable":true,"href":"https:\/\/dalatreview.vn\/en\/wp-json\/wp\/v2\/comments?post=8056"}],"wp:featuredmedia":[{"embeddable":true,"href":"https:\/\/dalatreview.vn\/en\/wp-json\/wp\/v2\/media\/8064"}],"wp:attachment":[{"href":"https:\/\/dalatreview.vn\/en\/wp-json\/wp\/v2\/media?parent=8056"}],"wp:term":[{"taxonomy":"product_cat","embeddable":true,"href":"https:\/\/dalatreview.vn\/en\/wp-json\/wp\/v2\/product_cat?post=8056"},{"taxonomy":"product_tag","embeddable":true,"href":"https:\/\/dalatreview.vn\/en\/wp-json\/wp\/v2\/product_tag?post=8056"}],"curies":[{"name":"wp","href":"https:\/\/api.w.org\/{rel}","templated":true}]}}