
{"id":7929,"date":"2020-12-15T22:26:20","date_gmt":"2020-12-15T15:26:20","guid":{"rendered":"https:\/\/dalatreview.vn\/?p=7929"},"modified":"2025-01-16T12:25:55","modified_gmt":"2025-01-16T05:25:55","slug":"an-khue-farmhouse","status":"publish","type":"product","link":"https:\/\/dalatreview.vn\/en\/an-khue-farmhouse.html","title":{"rendered":"An Khu\u00ea Farmhouse"},"content":{"rendered":"<nav class=\"vietrick-auto-toc\">\n<div class=\"box-title\">\n<h3 class=\"toc-title\" id=\"select-menu\">Danh m\u1ee5c ch\u00ednh<\/h3>\n<div><ion-icon name=\"chevron-up-outline\"><\/ion-icon><\/div>\n<\/div>\n<ul class=\"toc-list\"><\/ul>\n<li><a href='https:\/\/dalatreview.vn\/en#an-khue-farmhouse-binh-yen-giua-long-da-lat' class='heading-h1 toc-link smooth-scroll'>An Khu\u00ea Farmhouse &#8211; b\u00ecnh y\u00ean gi\u1eefa l\u00f2ng \u0110\u00e0 L\u1ea1t<\/a>\n<ul>\n<li><a href='https:\/\/dalatreview.vn\/en#1-vi-tri%f0%9f%92%90' class='heading-h2 toc-link smooth-scroll'>1. V\u1ecb tr\u00ed\ud83d\udc90<\/a>\n<li><a href='https:\/\/dalatreview.vn\/en#2-decor-%f0%9f%92%90' class='heading-h2 toc-link smooth-scroll'>2. Decor\u00a0\ud83d\udc90<\/a>\n<li><a href='https:\/\/dalatreview.vn\/en#3-dich-vu-tien-nghi%f0%9f%92%90' class='heading-h2 toc-link smooth-scroll'>3. D\u1ecbch v\u1ee5 &amp; Ti\u1ec7n nghi\ud83d\udc90<\/a>\n<li><a href='https:\/\/dalatreview.vn\/en#4-lien-he%f0%9f%92%90' class='heading-h2 toc-link smooth-scroll'>4.\u00a0Li\u00ean h\u1ec7\ud83d\udc90.<\/a><\/ul>\n<\/ul>\n<\/li>\n<\/ul>\n<\/nav>\n<h1 style=\"text-align: center;\" id=\"an-khue-farmhouse-binh-yen-giua-long-da-lat\"><span style=\"font-size: 24px; color: #003300;\">An Khu\u00ea Farmhouse &#8211; b\u00ecnh y\u00ean gi\u1eefa l\u00f2ng \u0110\u00e0 L\u1ea1t<\/span><\/h1>\n<h2 id=\"1-vi-tri%f0%9f%92%90\"><strong>1. V\u1ecb tr\u00ed<\/strong><strong><span class=\"_4yxo _4yxp\"><span class=\"_5mfr\"><span class=\"_6qdm\">\ud83d\udc90<\/span><\/span><\/span><\/strong><\/h2>\n<p>N\u1eb1m \u1edf th\u00f4n 3, Th\u00e0nh ph\u1ed1 \u0110\u00e0 L\u1ea1t, L\u00e2m \u0110\u1ed3ng (n\u1eb1m tr\u00ean cung \u0111\u01b0\u1eddng \u0111i M\u00ea Linh, ngay T\u00e0 Nung. An Khu\u00ea Farmhouse l\u00e0 m\u1ed9t farm-stay n\u1eb1m gi\u1eefa n\u00fai r\u1eebng T\u00e0 Nung, \u0111\u1ee9ng gi\u1eefa An Khu\u00ea, b\u1ea1n s\u1ebd c\u1ea3m th\u1ea5y nh\u01b0 m\u00ecnh \u0111\u1ee9ng gi\u1eefa Sapa v\u1eady.<\/p>\n<p><img decoding=\"async\" class=\"aligncenter size-full wp-image-7931\" src=\"https:\/\/dalatreview.vn\/wp-content\/uploads\/2020\/12\/2-7.jpg\" alt=\"\" width=\"1200\" height=\"900\"><\/p>\n<h2 id=\"2-decor-%f0%9f%92%90\"><strong><span class=\"_4yxo _4yxp\">2. Decor\u00a0<span class=\"_5mfr\"><span class=\"_6qdm\">\ud83d\udc90<\/span><\/span><\/span><\/strong><\/h2>\n<p>An Khu\u00ea Farmhouse c\u00f3 thi\u1ebft k\u1ebf v\u1edbi kh\u00f4ng gian m\u1edf. T\u1ee9 ph\u00eda l\u00e0 thi\u00ean nhi\u00ean th\u01a1 m\u1ed9ng \u0110\u00e0 L\u1ea1t. Nh\u1eefng c\u0103n nh\u00e0 \u0111\u01b0\u1ee3c l\u1ee3p b\u1eb1ng m\u00e1i l\u00e0 v\u00e0 tre k\u1ebft h\u1ee3p v\u1edbi k\u00ednh trong su\u1ed1t. Gi\u00fap b\u1ea1n c\u00f3 c\u1ea3m gi\u00e1c nh\u01b0 \u0111\u01b0\u1ee3c h\u00f2a m\u00ecnh c\u00f9ng kh\u00f4ng gian xung quanh.<img decoding=\"async\" class=\"aligncenter size-full wp-image-7930\" src=\"https:\/\/dalatreview.vn\/wp-content\/uploads\/2020\/12\/1-17.jpg\" alt=\"\" width=\"1200\" height=\"900\">Farmstay c\u00f3 nhi\u1ec1u g\u00f3c \u0111\u1eb9p, c\u00e2y xanh v\u00e0 hoa. Chi\u1ec1u chi\u1ec1u nh\u00e2m nhi cafe ng\u1eafm c\u1ea3nh th\u00ec \u0111\u00fang chill lu\u00f4n nh\u00e9.<img decoding=\"async\" class=\"aligncenter size-full wp-image-7932\" src=\"https:\/\/dalatreview.vn\/wp-content\/uploads\/2020\/12\/3-5.jpg\" alt=\"\" width=\"1200\" height=\"900\"><\/p>\n<h2 id=\"3-dich-vu-tien-nghi%f0%9f%92%90\"><strong>3. D\u1ecbch v\u1ee5 &amp; Ti\u1ec7n nghi<\/strong><strong><span class=\"_4yxo _4yxp\"><span class=\"_5mfr\"><span class=\"_6qdm\">\ud83d\udc90<\/span><\/span><\/span><\/strong><\/h2>\n<p>Farmhouse c\u00f3 \u0111\u1ea7y \u0111\u1ee7 d\u1ee5ng c\u1ee5 sinh ho\u1ea1t ti\u1ec7n nghi cho b\u1ea1n. \u0110\u1eb7c bi\u1ec7t t\u1ea1i \u0111\u00e2y c\u00f2n c\u00f3 cafe m\u00e8o, v\u01b0\u1eddn hoa d\u1ecdc l\u1ed1i \u0111i, n\u00f4ng tr\u1ea1i, spa, c\u1ea7u checkin ch\u1ee5p view, c\u01a1m lam g\u00e0 n\u01b0\u1edbng l\u1ea9u g\u00e0 l\u00e1 \u00e9. Ph\u00f2ng bungalow, villa, ch\u00e8o thuy\u1ec1n kayak, trekking, c\u1eafm tr\u1ea1i, BBQ s\u00e2n v\u01b0\u1eddn, b\u1ebfp n\u1ea5u \u0103n ki\u1ec3u n\u00f4ng d\u00e2n,&#8230;<img decoding=\"async\" class=\"aligncenter size-full wp-image-7933\" src=\"https:\/\/dalatreview.vn\/wp-content\/uploads\/2020\/12\/1-18.jpg\" alt=\"\" width=\"1200\" height=\"900\">R\u1ea5t th\u00edch h\u1ee3p ngh\u1ec9 ng\u01a1i, th\u01b0 gi\u00e3n sau nh\u1eefng ng\u00e0y h\u1ecdc t\u1eadp l\u00e0m vi\u1ec7c c\u0103ng th\u1eb3ng. B\u1ea1n \u0111\u01b0\u1ee3c kh\u00e1m ph\u00e1 b\u1ea3n s\u1eafc n\u00f4ng tr\u1ea1i \u0110\u00e0 L\u1ea1t, h\u00f2a m\u00ecnh v\u1edbi thi\u00ean nhi\u00ean, g\u1ea7n g\u0169i v\u1edbi ch\u00f3 m\u00e8o. \u0110\u00e2y s\u1ebd l\u00e0 tr\u1ea3i nghi\u1ec7m ngh\u1ec9 d\u01b0\u1ee1ng \u0111\u00e1ng nh\u1edb cho b\u1ea1n v\u00e0 gia \u0111\u00ecnh.<img decoding=\"async\" class=\"aligncenter size-full wp-image-7934\" src=\"https:\/\/dalatreview.vn\/wp-content\/uploads\/2020\/12\/1-19.jpg\" alt=\"\" width=\"1200\" height=\"900\"><\/p>\n<h2 id=\"4-lien-he%f0%9f%92%90\"><strong><span class=\"_4yxo\">4.<\/span><\/strong>\u00a0Contact<strong><span class=\"_4yxo _4yxp\"><span class=\"_5mfr\"><span class=\"_6qdm\">\ud83d\udc90.<\/span><\/span><\/span><\/strong><\/h2>\n<p><img decoding=\"async\" class=\"emoji\" role=\"img\" draggable=\"false\" src=\"https:\/\/s.w.org\/images\/core\/emoji\/12.0.0-1\/svg\/2705.svg\" alt=\"\u2705\" \/>\u0110\u1ecba ch\u1ec9: Th\u00f4n 3, Th\u00e0nh ph\u1ed1 \u0110\u00e0 L\u1ea1t, L\u00e2m \u0110\u1ed3ng (n\u1eb1m tr\u00ean cung \u0111\u01b0\u1eddng \u0111i M\u00ea Linh, ngay T\u00e0 Nung<\/p>\n<p><img decoding=\"async\" class=\"emoji\" role=\"img\" draggable=\"false\" src=\"https:\/\/s.w.org\/images\/core\/emoji\/12.0.0-1\/svg\/2705.svg\" alt=\"\u2705\" \/>S\u1ed1 \u0111i\u1ec7n tho\u1ea1i: 0988 249 297<\/p>\n<p><img decoding=\"async\" class=\"emoji\" role=\"img\" draggable=\"false\" src=\"https:\/\/s.w.org\/images\/core\/emoji\/12.0.0-1\/svg\/2705.svg\" alt=\"\u2705\" \/>Fanpage: <a href=\"https:\/\/www.facebook.com\/booking.dalatreview.vn\">An Khu\u00ea Farm House<\/a><\/p>\n<p>&nbsp;<\/p>","protected":false},"excerpt":{"rendered":"<p>Danh m\u1ee5c ch\u00ednh An Khu\u00ea Farmhouse &#8211; b\u00ecnh y\u00ean gi\u1eefa l\u00f2ng \u0110\u00e0 L\u1ea1t 1. V\u1ecb tr\u00ed\ud83d\udc90 2. Decor\u00a0\ud83d\udc90 3. D\u1ecbch v\u1ee5 &amp; Ti\u1ec7n nghi\ud83d\udc90 4.\u00a0Li\u00ean h\u1ec7\ud83d\udc90. An Khu\u00ea Farmhouse &#8211; b\u00ecnh y\u00ean gi\u1eefa l\u00f2ng \u0110\u00e0 L\u1ea1t 1. V\u1ecb tr\u00ed\ud83d\udc90 N\u1eb1m \u1edf th\u00f4n 3, Th\u00e0nh ph\u1ed1 \u0110\u00e0 L\u1ea1t, L\u00e2m \u0110\u1ed3ng (n\u1eb1m tr\u00ean cung \u0111\u01b0\u1eddng \u0111i M\u00ea [&hellip;]<\/p>","protected":false},"featured_media":7936,"comment_status":"open","ping_status":"closed","template":"","meta":{"_acf_changed":false,"rank_math_lock_modified_date":false},"product_cat":[2256,29,36],"product_tag":[],"acf":[],"_links":{"self":[{"href":"https:\/\/dalatreview.vn\/en\/wp-json\/wp\/v2\/product\/7929"}],"collection":[{"href":"https:\/\/dalatreview.vn\/en\/wp-json\/wp\/v2\/product"}],"about":[{"href":"https:\/\/dalatreview.vn\/en\/wp-json\/wp\/v2\/types\/product"}],"replies":[{"embeddable":true,"href":"https:\/\/dalatreview.vn\/en\/wp-json\/wp\/v2\/comments?post=7929"}],"wp:featuredmedia":[{"embeddable":true,"href":"https:\/\/dalatreview.vn\/en\/wp-json\/wp\/v2\/media\/7936"}],"wp:attachment":[{"href":"https:\/\/dalatreview.vn\/en\/wp-json\/wp\/v2\/media?parent=7929"}],"wp:term":[{"taxonomy":"product_cat","embeddable":true,"href":"https:\/\/dalatreview.vn\/en\/wp-json\/wp\/v2\/product_cat?post=7929"},{"taxonomy":"product_tag","embeddable":true,"href":"https:\/\/dalatreview.vn\/en\/wp-json\/wp\/v2\/product_tag?post=7929"}],"curies":[{"name":"wp","href":"https:\/\/api.w.org\/{rel}","templated":true}]}}