
{"id":7893,"date":"2020-12-09T12:18:34","date_gmt":"2020-12-09T05:18:34","guid":{"rendered":"https:\/\/dalatreview.vn\/?p=7893"},"modified":"2024-07-12T14:03:20","modified_gmt":"2024-07-12T07:03:20","slug":"co-chu-nho-homestay-da-lat","status":"publish","type":"product","link":"https:\/\/dalatreview.vn\/en\/co-chu-nho-homestay-da-lat.html","title":{"rendered":"C\u00f4 Ch\u1ee7 Nh\u1ecf Homestay"},"content":{"rendered":"<nav class=\"vietrick-auto-toc\">\n<div class=\"box-title\">\n<h3 class=\"toc-title\" id=\"select-menu\">Danh m\u1ee5c ch\u00ednh<\/h3>\n<div><ion-icon name=\"chevron-up-outline\"><\/ion-icon><\/div>\n<\/div>\n<ul class=\"toc-list\"><\/ul>\n<li><a href='https:\/\/dalatreview.vn\/en#co-chu-nho-homestay-xinh-xan-giua-long-da-lat' class='heading-h1 toc-link smooth-scroll'>C\u00f4 Ch\u1ee7 Nh\u1ecf Homestay xinh x\u1eafn gi\u1eefa l\u00f2ng \u0110\u00e0 L\u1ea1t<\/a>\n<ul>\n<li><a href='https:\/\/dalatreview.vn\/en#1-vi-tri%f0%9f%92%90' class='heading-h2 toc-link smooth-scroll'>1. V\u1ecb tr\u00ed\ud83d\udc90<\/a>\n<li><a href='https:\/\/dalatreview.vn\/en#2-decor-%f0%9f%92%90' class='heading-h2 toc-link smooth-scroll'>2. Decor\u00a0\ud83d\udc90<\/a>\n<li><a href='https:\/\/dalatreview.vn\/en#3-dich-vu-tien-nghi%f0%9f%92%90' class='heading-h2 toc-link smooth-scroll'>3. D\u1ecbch v\u1ee5 &amp; Ti\u1ec7n nghi\ud83d\udc90<\/a>\n<li><a href='https:\/\/dalatreview.vn\/en#4-gia-phong%f0%9f%92%90' class='heading-h2 toc-link smooth-scroll'>4.\u00a0Gi\u00e1 ph\u00f2ng\ud83d\udc90<\/a>\n<li><a href='https:\/\/dalatreview.vn\/en#5-lien-he%f0%9f%92%90' class='heading-h2 toc-link smooth-scroll'>5.\u00a0Li\u00ean h\u1ec7\ud83d\udc90<\/a><\/ul>\n<\/ul>\n<\/li>\n<\/ul>\n<\/nav>\n<h1 style=\"text-align: center;\" id=\"co-chu-nho-homestay-xinh-xan-giua-long-da-lat\"><span style=\"color: #003300;\">C\u00f4 Ch\u1ee7 Nh\u1ecf Homestay xinh x\u1eafn gi\u1eefa l\u00f2ng \u0110\u00e0 L\u1ea1t<\/span><\/h1>\n<h2 style=\"text-align: left;\" id=\"1-vi-tri%f0%9f%92%90\"><strong>1. V\u1ecb tr\u00ed<\/strong><strong><span class=\"_4yxo _4yxp\"><span class=\"_5mfr\"><span class=\"_6qdm\">\ud83d\udc90<\/span><\/span><\/span><\/strong><\/h2>\n<p style=\"text-align: left;\">T\u1ecda l\u1ea1c \u1edf v\u1ecb tr\u00ed s\u1ed1 107 L\u00fd Nam \u0110\u1ebf, P8, \u0110\u00e0 L\u1ea1t. Ch\u1ec9 c\u1ea7n ch\u01b0a \u0111\u1ebfn 10p (2km) \u0111\u1ec3 di chuy\u1ec3n t\u1edbi ch\u1ee3 \u0111\u00eam \u0110\u00e0 L\u1ea1t, qu\u1ea3ng tr\u01b0\u1eddng, si\u00eau th\u1ecb BigC,&#8230;V\u1eeba ti\u1ec7n di chuy\u1ec3n v\u00e0 \u0103n u\u1ed1ng. Ti\u1ebft ki\u1ec7m th\u1eddi gian v\u00e0 chi ph\u00ed \u0111i l\u1ea1i nh\u00e9.<img decoding=\"async\" class=\"aligncenter size-full wp-image-8075\" src=\"https:\/\/dalatreview.vn\/wp-content\/uploads\/2020\/12\/1-27.jpg\" alt=\"\" width=\"1200\" height=\"900\"><img decoding=\"async\" class=\"alignnone wp-image-8077 size-full\" src=\"https:\/\/dalatreview.vn\/wp-content\/uploads\/2020\/12\/2-6-scaled-1.jpg\" alt=\"\" width=\"2560\" height=\"1920\"><\/p>\n<h2 style=\"text-align: left;\" id=\"2-decor-%f0%9f%92%90\"><strong><span class=\"_4yxo _4yxp\">2. Decor\u00a0<span class=\"_5mfr\"><span class=\"_6qdm\">\ud83d\udc90<\/span><\/span><\/span><\/strong><\/h2>\n<p style=\"text-align: left;\">Homestay C\u00f4 Ch\u1ee7 Nh\u1ecf mang phong c\u00e1ch gi\u1ea3n \u0111\u01a1n, \u1ea5m c\u00fang, g\u1ea7n g\u0169i, ph\u00f2ng r\u1ed9ng tho\u00e1ng m\u00e1t view s\u00e2n v\u01b0\u1eddn. Ph\u00f2ng nh\u1ecf xinh v\u1edbi c\u00e1c ti\u1ec7n nghi c\u01a1 b\u1ea3n, \u0111\u1eb7c bi\u1ec7t c\u00f3 nhi\u1ec1u g\u00f3c checkin. B\u1ea1n c\u00f3 th\u1ec3 \u1edf t\u1ea1i home checkin c\u1ea3 ng\u00e0y m\u00e0 kh\u00f4ng th\u1ea5y ch\u00e1n.<img decoding=\"async\" class=\"alignnone wp-image-8078 size-full\" src=\"https:\/\/dalatreview.vn\/wp-content\/uploads\/2020\/12\/4-5-scaled-1.jpg\" alt=\"\" width=\"2560\" height=\"1707\"><\/p>\n<p style=\"text-align: left;\"><img decoding=\"async\" class=\"aligncenter size-full wp-image-8080\" src=\"https:\/\/dalatreview.vn\/wp-content\/uploads\/2020\/12\/6-2.jpg\" alt=\"\" width=\"1536\" height=\"2048\">Home c\u00f3 nhi\u1ec1u g\u00f3c \u0111\u1eb9p, c\u00e2y xanh v\u00e0 hoa. Chi\u1ec1u chi\u1ec1u nh\u00e2m nhi cafe ng\u1eafm c\u1ea3nh th\u00ec \u0111\u00fang chill lu\u00f4n nh\u00e9.<img decoding=\"async\" class=\"aligncenter size-full wp-image-8079\" src=\"https:\/\/dalatreview.vn\/wp-content\/uploads\/2020\/12\/5-2.jpg\" alt=\"\" width=\"1680\" height=\"1120\"><\/p>\n<h2 style=\"text-align: left;\" id=\"3-dich-vu-tien-nghi%f0%9f%92%90\"><strong>3. D\u1ecbch v\u1ee5 &amp; Ti\u1ec7n nghi<\/strong><strong><span class=\"_4yxo _4yxp\"><span class=\"_5mfr\"><span class=\"_6qdm\">\ud83d\udc90<\/span><\/span><\/span><\/strong><\/h2>\n<p style=\"text-align: left;\">\u0110\u1ea7y \u0111\u1ee7 ti\u1ec7n nghi \u0103n s\u00e1ng<\/p>\n<p style=\"text-align: left;\">Qu\u00e1n coffee<\/p>\n<p style=\"text-align: left;\">B\u00e3i \u0111\u1eadu xe r\u1ed9ng r\u00e3i d\u00e0nh cho 7c, 16c,&#8230;<\/p>\n<div class=\"o9v6fnle cxmmr5t8 oygrvhab hcukyx3x c1et5uql ii04i59q\" style=\"text-align: left;\">\n<div dir=\"auto\">Home c\u0169ng c\u00f3 d\u1ecbch v\u1ee5 cho thu\u00ea xe m\u00e1y cho kh\u00e1ch t\u1ea1i home<\/div>\n<\/div>\n<p style=\"text-align: left;\">H\u1ed7 tr\u1ee3 trang tr\u00ed c\u00e1c ti\u1ec7c<\/p>\n<p style=\"text-align: left;\">Khu v\u1ef1c BBQ<img decoding=\"async\" class=\"alignnone wp-image-8083 size-full\" src=\"https:\/\/dalatreview.vn\/wp-content\/uploads\/2020\/12\/10-2-scaled-1.jpg\" alt=\"\" width=\"2560\" height=\"1707\"><\/p>\n<p><img decoding=\"async\" class=\"aligncenter size-full wp-image-8084\" src=\"https:\/\/dalatreview.vn\/wp-content\/uploads\/2020\/12\/11-2.jpg\" alt=\"\" width=\"1280\" height=\"852\"><\/p>\n<p><img decoding=\"async\" class=\"alignnone wp-image-8085 size-full\" src=\"https:\/\/dalatreview.vn\/wp-content\/uploads\/2020\/12\/11-3-scaled-1.jpg\" alt=\"\" width=\"2560\" height=\"1707\"><\/p>\n<h2 style=\"text-align: left;\" id=\"4-gia-phong%f0%9f%92%90\"><strong><span class=\"_4yxo\">4.<\/span><\/strong>\u00a0Gi\u00e1 ph\u00f2ng<strong><span class=\"_4yxo _4yxp\"><span class=\"_5mfr\"><span class=\"_6qdm\">\ud83d\udc90<\/span><\/span><\/span><\/strong><\/h2>\n<p style=\"text-align: left;\"><strong>Ch\u1ec9 t\u1eeb 350k\/ng\u00e0y<\/strong><\/p>\n<div class=\"o9v6fnle cxmmr5t8 oygrvhab hcukyx3x c1et5uql ii04i59q\" style=\"text-align: left;\">\n<div dir=\"auto\">Ph\u00f2ng \u0111\u01a1n: 350k\/ng\u00e0y<\/div>\n<\/div>\n<div class=\"o9v6fnle cxmmr5t8 oygrvhab hcukyx3x c1et5uql ii04i59q\" style=\"text-align: left;\">\n<div dir=\"auto\"><span class=\"pq6dq46d tbxw36s4 knj5qynh kvgmc6g5 ditlmg2l oygrvhab nvdbi5me sf5mxxl7 gl3lb2sf hhz5lgdu\"><img decoding=\"async\" src=\"https:\/\/static.xx.fbcdn.net\/images\/emoji.php\/v9\/t9e\/1\/16\/27a1.png\" alt=\"\u27a1\" width=\"16\" height=\"16\" \/><\/span> Checkin: 13h00<\/div>\n<\/div>\n<div class=\"o9v6fnle cxmmr5t8 oygrvhab hcukyx3x c1et5uql ii04i59q\" style=\"text-align: left;\">\n<div dir=\"auto\"><span class=\"pq6dq46d tbxw36s4 knj5qynh kvgmc6g5 ditlmg2l oygrvhab nvdbi5me sf5mxxl7 gl3lb2sf hhz5lgdu\"><img decoding=\"async\" src=\"https:\/\/static.xx.fbcdn.net\/images\/emoji.php\/v9\/t1e\/1\/16\/2b05.png\" alt=\"\u2b05\" width=\"16\" height=\"16\" \/><\/span> Checkout: 12h00<\/div>\n<div dir=\"auto\"><img decoding=\"async\" class=\"alignnone wp-image-8076 size-full\" src=\"https:\/\/dalatreview.vn\/wp-content\/uploads\/2020\/12\/1-14-scaled-1.jpg\" alt=\"\" width=\"2560\" height=\"1707\"><\/div>\n<div dir=\"auto\"><\/div>\n<div dir=\"auto\"><img decoding=\"async\" class=\"alignnone wp-image-8082 size-full\" src=\"https:\/\/dalatreview.vn\/wp-content\/uploads\/2020\/12\/7-2-scaled-1.jpg\" alt=\"\" width=\"2560\" height=\"1707\"><img decoding=\"async\" class=\"aligncenter size-full wp-image-7898\" src=\"https:\/\/dalatreview.vn\/wp-content\/uploads\/2020\/12\/0-7.jpg\" alt=\"\" width=\"1200\" height=\"900\"><\/div>\n<\/div>\n<h2 style=\"text-align: left;\" id=\"5-lien-he%f0%9f%92%90\"><strong><span class=\"_4yxo\">5.<\/span><\/strong>\u00a0Contact<strong><span class=\"_4yxo _4yxp\"><span class=\"_5mfr\"><span class=\"_6qdm\">\ud83d\udc90<\/span><\/span><\/span><\/strong><\/h2>\n<div class=\"o9v6fnle cxmmr5t8 oygrvhab hcukyx3x c1et5uql ii04i59q\" style=\"text-align: left;\">\n<div dir=\"auto\">\u0110\u1ecba ch\u1ec9: 107 L\u00fd Nam \u0110\u1ebf, P8, \u0110\u00e0 L\u1ea1t<\/div>\n<\/div>\n<div class=\"o9v6fnle cxmmr5t8 oygrvhab hcukyx3x c1et5uql ii04i59q\">\n<div dir=\"auto\" style=\"text-align: left;\">Hotline: 0988 249 297<\/div>\n<div dir=\"auto\" style=\"text-align: left;\">Fanpage: <a href=\"https:\/\/www.facebook.com\/booking.dalatreview.vn\">Homestay c\u00f4 ch\u1ee7 nh\u1ecf<\/a><\/div>\n<\/div>","protected":false},"excerpt":{"rendered":"<p>T\u1ecda l\u1ea1c \u1edf v\u1ecb tr\u00ed s\u1ed1 107 L\u00fd Nam \u0110\u1ebf, P8, \u0110\u00e0 L\u1ea1t. Ch\u1ec9 c\u1ea7n ch\u01b0a \u0111\u1ebfn 10p (2km) \u0111\u1ec3 di chuy\u1ec3n t\u1edbi ch\u1ee3 \u0111\u00eam \u0110\u00e0 L\u1ea1t, qu\u1ea3ng tr\u01b0\u1eddng, si\u00eau th\u1ecb BigC,&#8230;V\u1eeba ti\u1ec7n di chuy\u1ec3n v\u00e0 \u0103n u\u1ed1ng. Ti\u1ebft ki\u1ec7m th\u1eddi gian v\u00e0 chi ph\u00ed \u0111i l\u1ea1i nh\u00e9.<\/p>","protected":false},"featured_media":7900,"comment_status":"open","ping_status":"closed","template":"","meta":{"_acf_changed":false,"rank_math_lock_modified_date":false},"product_cat":[29,2255,36],"product_tag":[],"acf":[],"_links":{"self":[{"href":"https:\/\/dalatreview.vn\/en\/wp-json\/wp\/v2\/product\/7893"}],"collection":[{"href":"https:\/\/dalatreview.vn\/en\/wp-json\/wp\/v2\/product"}],"about":[{"href":"https:\/\/dalatreview.vn\/en\/wp-json\/wp\/v2\/types\/product"}],"replies":[{"embeddable":true,"href":"https:\/\/dalatreview.vn\/en\/wp-json\/wp\/v2\/comments?post=7893"}],"wp:featuredmedia":[{"embeddable":true,"href":"https:\/\/dalatreview.vn\/en\/wp-json\/wp\/v2\/media\/7900"}],"wp:attachment":[{"href":"https:\/\/dalatreview.vn\/en\/wp-json\/wp\/v2\/media?parent=7893"}],"wp:term":[{"taxonomy":"product_cat","embeddable":true,"href":"https:\/\/dalatreview.vn\/en\/wp-json\/wp\/v2\/product_cat?post=7893"},{"taxonomy":"product_tag","embeddable":true,"href":"https:\/\/dalatreview.vn\/en\/wp-json\/wp\/v2\/product_tag?post=7893"}],"curies":[{"name":"wp","href":"https:\/\/api.w.org\/{rel}","templated":true}]}}