
{"id":7713,"date":"2020-11-08T09:49:44","date_gmt":"2020-11-08T02:49:44","guid":{"rendered":"https:\/\/dalatreview.vn\/?p=7713"},"modified":"2024-05-25T07:50:39","modified_gmt":"2024-05-25T07:50:39","slug":"lam-thienn-photo-dalat","status":"publish","type":"product","link":"https:\/\/dalatreview.vn\/en\/lam-thienn-photo-dalat.html","title":{"rendered":"L\u00e2m Thi\u00eann  &#8211; Photo Tour Dalat"},"content":{"rendered":"<nav class=\"vietrick-auto-toc\">\n<div class=\"box-title\">\n<h3 class=\"toc-title\" id=\"select-menu\">Danh m\u1ee5c ch\u00ednh<\/h3>\n<div><ion-icon name=\"chevron-up-outline\"><\/ion-icon><\/div>\n<\/div>\n<ul class=\"toc-list\"><\/ul>\n<li><a href='https:\/\/dalatreview.vn\/en#lam-thienn-photo-tour-dalat' class='heading-h1 toc-link smooth-scroll'>L\u00e2m Thi\u00eann Photo Tour Dalat<\/a>\n<ul>\n<li><a href='https:\/\/dalatreview.vn\/en#1-gioi-thieu%f0%9f%92%90' class='heading-h2 toc-link smooth-scroll'>1. Gi\u1edbi thi\u1ec7u\ud83d\udc90<\/a>\n<li><a href='https:\/\/dalatreview.vn\/en#2-dia-diem%f0%9f%92%90' class='heading-h2 toc-link smooth-scroll'>2 . \u0110i\u1ea1 \u0111i\u1ec3m\ud83d\udc90<\/a>\n<li><a href='https:\/\/dalatreview.vn\/en#3-dich-vu%f0%9f%92%90' class='heading-h2 toc-link smooth-scroll'>3. D\u1ecbch v\u1ee5\ud83d\udc90<\/a>\n<li><a href='https:\/\/dalatreview.vn\/en#4-lien-he%f0%9f%92%90' class='heading-h2 toc-link smooth-scroll'>\u00a04. Li\u00ean h\u1ec7\ud83d\udc90<\/a><\/ul>\n<\/ul>\n<\/li>\n<\/ul>\n<\/nav>\n<h1 style=\"text-align: center;\" id=\"lam-thienn-photo-tour-dalat\"><span style=\"color: #003300; font-size: 28px;\">L\u00e2m Thi\u00eann Photo Tour Dalat<\/span><\/h1>\n<h2 style=\"text-align: left;\" id=\"1-gioi-thieu%f0%9f%92%90\"><span style=\"color: #003300;\">1. Gi\u1edbi thi\u1ec7u<strong><span class=\"_4yxo _4yxp\"><span class=\"_5mfr\"><span class=\"_6qdm\">\ud83d\udc90<\/span><\/span><\/span><\/strong><\/span><\/h2>\n<p style=\"text-align: left;\">Du l\u1ecbch \u0110\u00e0 L\u1ea1t nh\u1ea5t \u0111\u1ecbnh ph\u1ea3i l\u01b0u l\u1ea1i cho m\u00ecnh nh\u1eefng b\u1ee9c \u1ea3nh \u0111\u1eb9p. L\u01b0u l\u1ea1i nhi\u1ec1u k\u1ec9 ni\u1ec7m v\u00e0 tr\u1ea3i nghi\u1ec7m \u0111\u00e1ng nh\u1edb. Ch\u00ednh v\u00ec v\u1eady kh\u00f4ng th\u1ec3 thi\u1ebfu m\u1ed9t photographer x\u1ecbn x\u00f2. \u0110\u1ebfn v\u1edbi L\u00e2m Thi\u00eann Photo Dalat b\u1ea1n s\u1ebd \u0111\u01b0\u1ee3c tr\u1ea3i nghi\u1ec7m \u0110\u00e0 L\u1ea1t m\u1ed9t c\u00e1ch tr\u1ecdn v\u1eb9n nh\u1ea5t. Ngo\u00e0i \u0111\u01b0\u1ee3c kh\u00e1m ph\u00e1 nh\u1eefng \u0111\u1ecba \u0111i\u1ec3m thi\u00ean nhi\u00ean, \u0111\u1ecba \u0111i\u1ec3m m\u1edbi \u0111\u1ed9c l\u1ea1 b\u1ea1n c\u00f2n c\u00f3 cho m\u00ecnh m\u1ed9t album si\u00eau \u0111\u1eb9p t\u1ea1i \u0110\u00e0 L\u1ea1t n\u1eefa nh\u00e9\u2764\ufe0f<img decoding=\"async\" class=\"aligncenter size-full wp-image-7714\" src=\"https:\/\/dalatreview.vn\/wp-content\/uploads\/2020\/11\/1-3-1.jpg\" alt=\"\" width=\"1200\" height=\"900\"><\/p>\n<h2 style=\"text-align: left;\" id=\"2-dia-diem%f0%9f%92%90\"><strong><span class=\"_5mfr\"><span class=\"_6qdm\"><span class=\"_4yxp\">2 . \u0110i\u1ea1 \u0111i\u1ec3m<\/span><\/span><\/span><\/strong><strong><span class=\"_4yxo _4yxp\"><span class=\"_5mfr\"><span class=\"_6qdm\">\ud83d\udc90<\/span><\/span><\/span><\/strong><\/h2>\n<p style=\"text-align: left;\">S\u1eed d\u1ee5ng Photo tour b\u1ea1n c\u00f3 th\u1ec3 ch\u1ecdn cho m\u00ecnh nh\u1eefng \u0111i\u1ec3m \u0111\u1ebfn y\u00eau th\u00edch nh\u1ea5t. Th\u00edch h\u1ee3p ch\u1ee5p \u0111\u01a1n, c\u1eb7p \u0111\u00f4i ho\u1eb7c nh\u00f3m b\u1ea1n. D\u01b0\u1edbi \u0111\u00e2y l\u00e0 nh\u1eefng \u0111\u1ecba \u0111i\u1ec3m m\u00e0 Photo tour gi\u1edbi thi\u1ec7u cho b\u1ea1n. Vui l\u00f2ng ch\u1ecdn cho m\u00ecnh \u0111i\u1ec3m \u0111\u1ebfn \u01b0ng \u00fd nh\u1ea5t cho chuy\u1ebfn \u0111i nh\u00e9!<\/p>\n<p style=\"text-align: left;\"><span class=\"_5mfr\"><span class=\"_6qdm\">\u2705<\/span><\/span>\u0110\u1ed3i th\u00f4ng \u0110\u00e0 L\u1ea1t<\/p>\n<p style=\"text-align: left;\"><span class=\"_5mfr\"><span class=\"_6qdm\">\u2705<\/span><\/span>C\u1ea7u G\u1ed7 S\u0103n m\u00e2y<\/p>\n<p style=\"text-align: left;\"><span class=\"_5mfr\"><span class=\"_6qdm\">\u2705<\/span><\/span>\u0110\u01b0\u1eddng h\u1ea7m H\u1ecfa Xa<\/p>\n<p style=\"text-align: left;\"><span class=\"_5mfr\"><span class=\"_6qdm\">\u2705<\/span><\/span>Cung \u0111\u01b0\u1eddng hoa<\/p>\n<p style=\"text-align: left;\"><span class=\"_5mfr\"><span class=\"_6qdm\">\u2705H\u1ed3 Tuy\u1ec1n L\u00e2m<\/span><\/span><\/p>\n<p style=\"text-align: left;\"><span class=\"_5mfr\"><span class=\"_6qdm\">\u2705<\/span><\/span>V\u01b0\u1eddn h\u1ed3ng<\/p>\n<p style=\"text-align: left;\"><span class=\"_5mfr\"><span class=\"_6qdm\">\u2705<\/span><\/span>Nh\u1eefng qu\u00e1n cafe \u0111\u1eb9p \u1edf \u0110\u00e0 L\u1ea1t<\/p>\n<p style=\"text-align: left;\"><span class=\"_5mfr\"><span class=\"_6qdm\">\u2705Qu\u1ea3ng tr\u01b0\u1eddng L\u00e2m Vi\u00ean<img decoding=\"async\" class=\"aligncenter size-full wp-image-7715\" src=\"https:\/\/dalatreview.vn\/wp-content\/uploads\/2020\/11\/2-3.jpg\" alt=\"\" width=\"1200\" height=\"900\"><\/span><\/span><span class=\"_5mfr\"><span class=\"_6qdm\">\u2705<\/span><\/span>C\u00e1c \u0110\u1ecba \u0110i\u1ec3m Kh\u00e1c<\/p>\n<p style=\"text-align: left;\">Ngo\u00e0i nh\u1eefng \u0111\u1ecba \u0111i\u1ec3m \u0111\u1ecbnh s\u1eb5n b\u1ea1n c\u00f3 th\u1ec3 ch\u1ecdn cho m\u00ecnh nh\u1eefng \u0111\u1ecba \u0111i\u1ec3m y\u00eau th\u00edch ph\u00f9 h\u1ee3p v\u1edbi chuy\u1ebfn \u0111i nh\u00e9\u2764\ufe0f.<img decoding=\"async\" class=\"aligncenter size-full wp-image-7716\" src=\"https:\/\/dalatreview.vn\/wp-content\/uploads\/2020\/11\/3-2.jpg\" alt=\"\" width=\"1200\" height=\"900\"><\/p>\n<h2 style=\"text-align: left;\" id=\"3-dich-vu%f0%9f%92%90\"><strong>3. D\u1ecbch v\u1ee5<\/strong><strong><span class=\"_4yxo _4yxp\"><span class=\"_5mfr\"><span class=\"_6qdm\">\ud83d\udc90<\/span><\/span><\/span><\/strong><\/h2>\n<p style=\"text-align: left;\">\u2705\u0110\u1ebfn v\u1edbi Photo tour \u2013 L\u00e2m Thi\u00eann b\u1ea1n v\u1eeba \u0111\u01b0\u1ee3c ch\u01a1i v\u1eeba ch\u1ee5p h\u00ecnh th\u1ecfa th\u00edch<\/p>\n<p style=\"text-align: left;\">\u2705B\u1ea1n \u0111\u01b0\u1ee3c kh\u00e1m ph\u00e1 nh\u1eefng \u0111\u1ecba \u0111i\u1ec3m m\u1edbi \u0111\u1ed9c l\u1ea1, hoang s\u01a1, thi\u00ean v\u1ec1 t\u1ef1 nhi\u00ean phong c\u1ea3nh \u0110\u00e0 L\u1ea1t<\/p>\n<p style=\"text-align: left;\">\u2705Sau chuy\u1ebfn \u0111i b\u1ea1n \u0111\u01b0\u1ee3c t\u1eb7ng m\u1ed9t b\u1ed9 \u1ea3nh bao g\u1ed3m: T\u1ea5t c\u1ea3 \u1ea3nh g\u1ed1c v\u00e0 h\u00ecnh ch\u1ec9nh s\u1eeda blend m\u00e0u (th\u01b0\u1eddng \u0111\u01b0\u1ee3c bonus nhi\u1ec1u h\u00ecnh h\u01a1n nh\u00e9\u2764\ufe0f)<img decoding=\"async\" class=\"aligncenter size-full wp-image-7717\" src=\"https:\/\/dalatreview.vn\/wp-content\/uploads\/2020\/11\/8-1.jpg\" alt=\"\" width=\"1200\" height=\"900\"><\/p>\n<h2 style=\"text-align: left;\" id=\"4-lien-he%f0%9f%92%90\"><strong>\u00a04. Li\u00ean h\u1ec7<\/strong><strong><span class=\"_4yxo _4yxp\"><span class=\"_5mfr\"><span class=\"_6qdm\">\ud83d\udc90<\/span><\/span><\/span><\/strong><\/h2>\n<p style=\"text-align: left;\">\u2705S\u1ed1 \u0111i\u1ec7n tho\u1ea1i :0528157977 &#8211; 0378555871<\/p>\n<p style=\"text-align: left;\">\u2705Facebook:<a href=\"https:\/\/www.facebook.com\/Ankero264\/timeline?lst=100009960258111%3A100007360089443%3A1604802025\" target=\"_blank\" rel=\"noopener\"> L\u00e2m Thi\u00eann<\/a><\/p>","protected":false},"excerpt":{"rendered":"<p>Danh m\u1ee5c ch\u00ednh L\u00e2m Thi\u00eann Photo Tour Dalat 1. Gi\u1edbi thi\u1ec7u\ud83d\udc90 2 . \u0110i\u1ea1 \u0111i\u1ec3m\ud83d\udc90 3. D\u1ecbch v\u1ee5\ud83d\udc90 \u00a04. Li\u00ean h\u1ec7\ud83d\udc90 L\u00e2m Thi\u00eann Photo Tour Dalat 1. Gi\u1edbi thi\u1ec7u\ud83d\udc90 Du l\u1ecbch \u0110\u00e0 L\u1ea1t nh\u1ea5t \u0111\u1ecbnh ph\u1ea3i l\u01b0u l\u1ea1i cho m\u00ecnh nh\u1eefng b\u1ee9c \u1ea3nh \u0111\u1eb9p. L\u01b0u l\u1ea1i nhi\u1ec1u k\u1ec9 ni\u1ec7m v\u00e0 tr\u1ea3i nghi\u1ec7m \u0111\u00e1ng nh\u1edb. Ch\u00ednh [&hellip;]<\/p>","protected":false},"featured_media":7726,"comment_status":"open","ping_status":"closed","template":"","meta":{"_acf_changed":false,"rank_math_lock_modified_date":false},"product_cat":[26,1369],"product_tag":[],"acf":[],"_links":{"self":[{"href":"https:\/\/dalatreview.vn\/en\/wp-json\/wp\/v2\/product\/7713"}],"collection":[{"href":"https:\/\/dalatreview.vn\/en\/wp-json\/wp\/v2\/product"}],"about":[{"href":"https:\/\/dalatreview.vn\/en\/wp-json\/wp\/v2\/types\/product"}],"replies":[{"embeddable":true,"href":"https:\/\/dalatreview.vn\/en\/wp-json\/wp\/v2\/comments?post=7713"}],"wp:featuredmedia":[{"embeddable":true,"href":"https:\/\/dalatreview.vn\/en\/wp-json\/wp\/v2\/media\/7726"}],"wp:attachment":[{"href":"https:\/\/dalatreview.vn\/en\/wp-json\/wp\/v2\/media?parent=7713"}],"wp:term":[{"taxonomy":"product_cat","embeddable":true,"href":"https:\/\/dalatreview.vn\/en\/wp-json\/wp\/v2\/product_cat?post=7713"},{"taxonomy":"product_tag","embeddable":true,"href":"https:\/\/dalatreview.vn\/en\/wp-json\/wp\/v2\/product_tag?post=7713"}],"curies":[{"name":"wp","href":"https:\/\/api.w.org\/{rel}","templated":true}]}}