
{"id":7703,"date":"2020-11-08T09:08:27","date_gmt":"2020-11-08T02:08:27","guid":{"rendered":"https:\/\/dalatreview.vn\/?p=7703"},"modified":"2024-05-25T08:22:47","modified_gmt":"2024-05-25T08:22:47","slug":"photo-tour-nguyen-nam-dalat","status":"publish","type":"product","link":"https:\/\/dalatreview.vn\/en\/photo-tour-nguyen-nam-dalat.html","title":{"rendered":"Photo Tour &#8211; Nguy\u1ec5n Nam Dalat"},"content":{"rendered":"<nav class=\"vietrick-auto-toc\">\n<div class=\"box-title\">\n<h3 class=\"toc-title\" id=\"select-menu\">Danh m\u1ee5c ch\u00ednh<\/h3>\n<div><ion-icon name=\"chevron-up-outline\"><\/ion-icon><\/div>\n<\/div>\n<ul class=\"toc-list\"><\/ul>\n<li><a href='https:\/\/dalatreview.vn\/en#photo-tour-nguyen-nam-dalat' class='heading-h1 toc-link smooth-scroll'>Photo Tour &#8211; Nguy\u1ec5n Nam Dalat<\/a>\n<ul>\n<li><a href='https:\/\/dalatreview.vn\/en#1-gioi-thieu%f0%9f%92%90' class='heading-h2 toc-link smooth-scroll'>1. Gi\u1edbi thi\u1ec7u\ud83d\udc90<\/a>\n<li><a href='https:\/\/dalatreview.vn\/en#2-dia-diem%f0%9f%92%90' class='heading-h2 toc-link smooth-scroll'>2 . \u0110i\u1ea1 \u0111i\u1ec3m\ud83d\udc90<\/a>\n<li><a href='https:\/\/dalatreview.vn\/en#3-dich-vu%f0%9f%92%90' class='heading-h2 toc-link smooth-scroll'>3. D\u1ecbch v\u1ee5\ud83d\udc90<\/a>\n<li><a href='https:\/\/dalatreview.vn\/en#4-lien-he%f0%9f%92%90' class='heading-h2 toc-link smooth-scroll'>4 . Li\u00ean h\u1ec7\ud83d\udc90<\/a><\/ul>\n<\/ul>\n<\/li>\n<\/ul>\n<\/nav>\n<h1 style=\"text-align: center;\" id=\"photo-tour-nguyen-nam-dalat\"><span style=\"color: #003300;\">Photo Tour &#8211; Nguy\u1ec5n Nam Dalat<\/span><\/h1>\n<h2 style=\"text-align: left;\" id=\"1-gioi-thieu%f0%9f%92%90\"><span style=\"color: #003300;\">1. Gi\u1edbi thi\u1ec7u<strong><span class=\"_4yxo _4yxp\"><span class=\"_5mfr\"><span class=\"_6qdm\">\ud83d\udc90<\/span><\/span><\/span><\/strong><\/span><\/h2>\n<p style=\"text-align: left;\">Du l\u1ecbch \u0110\u00e0 L\u1ea1t l\u00e0 ni\u1ec1m \u0111am m\u00ea c\u1ee7a r\u1ea5t nhi\u1ec1u b\u1ea1n tr\u1ebb v\u00e0 du kh\u00e1ch b\u1ed1n ph\u01b0\u01a1ng. V\u1edbi thi\u00ean nhi\u00ean trong l\u00e0nh, m\u00e1t m\u1ebb, nhi\u1ec1u c\u1ea3nh \u0111\u1eb9p s\u1ebd khi\u1ebfn b\u1ea1n l\u01b0u luy\u1ebfn kh\u00f4ng mu\u1ed1n v\u1ec1. \u0110\u1ec3 c\u00f3 nhi\u1ec1u tr\u1ea3i nghi\u1ec7m th\u00fa v\u1ecb t\u1ea1i \u0110\u00e0 L\u1ea1t kh\u00f4ng th\u1ec3 thi\u1ebfu m\u1ed9t tour k\u00e8m photographer x\u1ecbn x\u00f2. \u0110\u1ebfn v\u1edbi Photo tour Nam Nguy\u1ec5n nhi\u1ec1u n\u0103m kinh nghi\u1ec7m b\u1ea1n s\u1ebd c\u00f3 chuy\u1ebfn \u0111i \u0110\u00e0 L\u1ea1t tr\u1ecdn v\u1eb9n nh\u1ea5t. Ngo\u00e0i \u0111\u01b0\u1ee3c kh\u00e1m ph\u00e1 nh\u1eefng \u0111\u1ecba \u0111i\u1ec3m thi\u00ean nhi\u00ean, \u0111\u1ecba \u0111i\u1ec3m m\u1edbi \u0111\u1ed9c l\u1ea1 b\u1ea1n c\u00f2n c\u00f3 cho m\u00ecnh m\u1ed9t album si\u00eau \u0111\u1eb9p t\u1ea1i \u0110\u00e0 L\u1ea1t n\u1eefa nh\u00e9\u2764\ufe0f<img decoding=\"async\" class=\"aligncenter size-full wp-image-7704\" src=\"https:\/\/dalatreview.vn\/wp-content\/uploads\/2020\/11\/1-2-1.jpg\" alt=\"\" width=\"1200\" height=\"900\"><\/p>\n<h2 style=\"text-align: left;\" id=\"2-dia-diem%f0%9f%92%90\"><strong><span class=\"_5mfr\"><span class=\"_6qdm\"><span class=\"_4yxp\">2 . \u0110i\u1ea1 \u0111i\u1ec3m<\/span><\/span><\/span><\/strong><span style=\"color: #003300;\"><strong><span class=\"_4yxo _4yxp\"><span class=\"_5mfr\"><span class=\"_6qdm\">\ud83d\udc90<\/span><\/span><\/span><\/strong><\/span><\/h2>\n<p style=\"text-align: left;\">Th\u00edch h\u1ee3p cho nh\u1eefng c\u1eb7p \u0111\u00f4i, nh\u00f3m b\u1ea1n ho\u1eb7c gia \u0111\u00ecnh ch\u1ee5p \u1ea3nh t\u1ea1i \u0110\u00e0 L\u1ea1t.\u00a0S\u1eed d\u1ee5ng Photo tour b\u1ea1n c\u00f3 th\u1ec3 ch\u1ecdn cho m\u00ecnh nh\u1eefng \u0111i\u1ec3m \u0111\u1ebfn y\u00eau th\u00edch nh\u1ea5t. D\u01b0\u1edbi \u0111\u00e2y l\u00e0 nh\u1eefng \u0111\u1ecba \u0111i\u1ec3m m\u00e0 Photo tour gi\u1edbi thi\u1ec7u cho b\u1ea1n. Vui l\u00f2ng ch\u1ecdn cho m\u00ecnh \u0111i\u1ec3m \u0111\u1ebfn \u01b0ng \u00fd nh\u1ea5t cho chuy\u1ebfn \u0111i nh\u00e9!<\/p>\n<p style=\"text-align: left;\"><span class=\"_5mfr\"><span class=\"_6qdm\">\u2705<\/span><\/span>\u0110\u1ed3i th\u00f4ng \u0110\u00e0 L\u1ea1t<\/p>\n<p style=\"text-align: left;\"><span class=\"_5mfr\"><span class=\"_6qdm\">\u2705<\/span><\/span>C\u1ea7u G\u1ed7 S\u0103n m\u00e2y<\/p>\n<p style=\"text-align: left;\"><span class=\"_5mfr\"><span class=\"_6qdm\">\u2705<\/span><\/span>Cung \u0111\u01b0\u1eddng hoa<\/p>\n<p style=\"text-align: left;\"><span class=\"_5mfr\"><span class=\"_6qdm\">\u2705<\/span><\/span>Tuy\u1ec7t t\u00ecnh c\u1ed1c<\/p>\n<p style=\"text-align: left;\"><span class=\"_5mfr\"><span class=\"_6qdm\">\u2705<\/span><\/span>V\u01b0\u1eddn h\u1ed3ng<\/p>\n<p style=\"text-align: left;\"><span class=\"_5mfr\"><span class=\"_6qdm\">\u2705<\/span><\/span>Nh\u1eefng qu\u00e1n cafe \u0111\u1eb9p \u1edf \u0110\u00e0 L\u1ea1t<\/p>\n<p style=\"text-align: left;\"><span class=\"_5mfr\"><span class=\"_6qdm\">\u2705<\/span><\/span>\u0110\u1ed3i view th\u00e0nh ph\u1ed1<\/p>\n<p style=\"text-align: left;\"><img decoding=\"async\" class=\"aligncenter size-full wp-image-7706\" src=\"https:\/\/dalatreview.vn\/wp-content\/uploads\/2020\/11\/3-1-1.jpg\" alt=\"\" width=\"1200\" height=\"900\"><\/p>\n<p style=\"text-align: left;\"><span class=\"_5mfr\"><span class=\"_6qdm\">\u2705<\/span><\/span>C\u00e1c \u0110\u1ecba \u0110i\u1ec3m Kh\u00e1c<\/p>\n<p style=\"text-align: left;\">Ngo\u00e0i nh\u1eefng \u0111\u1ecba \u0111i\u1ec3m \u0111\u1ecbnh s\u1eb5n b\u1ea1n c\u00f3 th\u1ec3 ch\u1ecdn cho m\u00ecnh nh\u1eefng \u0111\u1ecba \u0111i\u1ec3m y\u00eau th\u00edch ph\u00f9 h\u1ee3p v\u1edbi chuy\u1ebfn \u0111i nh\u00e9\u2764\ufe0f.<\/p>\n<p style=\"text-align: left;\"><img decoding=\"async\" class=\"aligncenter size-full wp-image-7729\" src=\"https:\/\/dalatreview.vn\/wp-content\/uploads\/2020\/11\/1-14.jpg\" alt=\"\" width=\"1200\" height=\"900\"><\/p>\n<h2 style=\"text-align: left;\" id=\"3-dich-vu%f0%9f%92%90\"><span style=\"color: #003300;\"><strong>3. D\u1ecbch v\u1ee5<\/strong><\/span><span style=\"color: #003300;\"><strong><span class=\"_4yxo _4yxp\"><span class=\"_5mfr\"><span class=\"_6qdm\">\ud83d\udc90<\/span><\/span><\/span><\/strong><\/span><\/h2>\n<p style=\"text-align: left;\">\u2705\u0110\u1ebfn v\u1edbi Photo tour \u2013 Nguy\u1ec5n Nam b\u1ea1n v\u1eeba \u0111\u01b0\u1ee3c ch\u01a1i v\u1eeba ch\u1ee5p h\u00ecnh th\u1ecfa th\u00edch<\/p>\n<p style=\"text-align: left;\">\u2705B\u1ea1n \u0111\u01b0\u1ee3c kh\u00e1m ph\u00e1 nh\u1eefng \u0111\u1ecba \u0111i\u1ec3m m\u1edbi \u0111\u1ed9c l\u1ea1, hoang s\u01a1, thi\u00ean v\u1ec1 t\u1ef1 nhi\u00ean phong c\u1ea3nh \u0110\u00e0 L\u1ea1t<\/p>\n<p style=\"text-align: left;\">\u2705Sau chuy\u1ebfn \u0111i b\u1ea1n \u0111\u01b0\u1ee3c t\u1eb7ng m\u1ed9t b\u1ed9 \u1ea3nh bao g\u1ed3m: T\u1ea5t c\u1ea3 \u1ea3nh g\u1ed1c v\u00e0 h\u00ecnh ch\u1ec9nh s\u1eeda blend m\u00e0u (th\u01b0\u1eddng \u0111\u01b0\u1ee3c bonus nhi\u1ec1u h\u00ecnh h\u01a1n nh\u00e9\u2764\ufe0f)<img decoding=\"async\" class=\"aligncenter size-full wp-image-7732\" src=\"https:\/\/dalatreview.vn\/wp-content\/uploads\/2020\/11\/1-15.jpg\" alt=\"\" width=\"1200\" height=\"900\"><\/p>\n<h2 style=\"text-align: left;\" id=\"4-lien-he%f0%9f%92%90\"><strong>4 . Li\u00ean h\u1ec7<\/strong><span style=\"color: #003300;\"><strong><span class=\"_4yxo _4yxp\"><span class=\"_5mfr\"><span class=\"_6qdm\">\ud83d\udc90<\/span><\/span><\/span><\/strong><\/span><\/h2>\n<p style=\"text-align: left;\">\u2705S\u1ed1 \u0111i\u1ec7n tho\u1ea1i : 0333878982<\/p>\n<p style=\"text-align: left;\">\u2705Facebook: <a href=\"https:\/\/www.facebook.com\/chupanhdalatnguyennamphoto\/timeline?lst=100009960258111%3A100009817720225%3A1604798825\" target=\"_blank\" rel=\"noopener\">Nguy\u1ec5n Nam<\/a><\/p>\n<p style=\"text-align: left;\">","protected":false},"excerpt":{"rendered":"<p>Danh m\u1ee5c ch\u00ednh Photo Tour &#8211; Nguy\u1ec5n Nam Dalat 1. Gi\u1edbi thi\u1ec7u\ud83d\udc90 2 . \u0110i\u1ea1 \u0111i\u1ec3m\ud83d\udc90 3. D\u1ecbch v\u1ee5\ud83d\udc90 4 . Li\u00ean h\u1ec7\ud83d\udc90 Photo Tour &#8211; Nguy\u1ec5n Nam Dalat 1. Gi\u1edbi thi\u1ec7u\ud83d\udc90 Du l\u1ecbch \u0110\u00e0 L\u1ea1t l\u00e0 ni\u1ec1m \u0111am m\u00ea c\u1ee7a r\u1ea5t nhi\u1ec1u b\u1ea1n tr\u1ebb v\u00e0 du kh\u00e1ch b\u1ed1n ph\u01b0\u01a1ng. V\u1edbi thi\u00ean nhi\u00ean trong l\u00e0nh, [&hellip;]<\/p>","protected":false},"featured_media":7708,"comment_status":"open","ping_status":"closed","template":"","meta":{"_acf_changed":false,"rank_math_lock_modified_date":false},"product_cat":[1050,26],"product_tag":[],"acf":[],"_links":{"self":[{"href":"https:\/\/dalatreview.vn\/en\/wp-json\/wp\/v2\/product\/7703"}],"collection":[{"href":"https:\/\/dalatreview.vn\/en\/wp-json\/wp\/v2\/product"}],"about":[{"href":"https:\/\/dalatreview.vn\/en\/wp-json\/wp\/v2\/types\/product"}],"replies":[{"embeddable":true,"href":"https:\/\/dalatreview.vn\/en\/wp-json\/wp\/v2\/comments?post=7703"}],"wp:featuredmedia":[{"embeddable":true,"href":"https:\/\/dalatreview.vn\/en\/wp-json\/wp\/v2\/media\/7708"}],"wp:attachment":[{"href":"https:\/\/dalatreview.vn\/en\/wp-json\/wp\/v2\/media?parent=7703"}],"wp:term":[{"taxonomy":"product_cat","embeddable":true,"href":"https:\/\/dalatreview.vn\/en\/wp-json\/wp\/v2\/product_cat?post=7703"},{"taxonomy":"product_tag","embeddable":true,"href":"https:\/\/dalatreview.vn\/en\/wp-json\/wp\/v2\/product_tag?post=7703"}],"curies":[{"name":"wp","href":"https:\/\/api.w.org\/{rel}","templated":true}]}}