
{"id":7680,"date":"2020-11-04T10:14:02","date_gmt":"2020-11-04T03:14:02","guid":{"rendered":"https:\/\/dalatreview.vn\/?p=7680"},"modified":"2024-07-12T14:02:12","modified_gmt":"2024-07-12T07:02:12","slug":"the-circle-vietnam-homestay-thien-nhien-da-lat","status":"publish","type":"product","link":"https:\/\/dalatreview.vn\/en\/the-circle-vietnam-homestay-thien-nhien-da-lat.html","title":{"rendered":"The Circle VietNam &#8211; Homestay thi\u00ean nhi\u00ean \u0110\u00e0 L\u1ea1t"},"content":{"rendered":"<nav class=\"vietrick-auto-toc\">\n<div class=\"box-title\">\n<h3 class=\"toc-title\" id=\"select-menu\">Danh m\u1ee5c ch\u00ednh<\/h3>\n<div><ion-icon name=\"chevron-up-outline\"><\/ion-icon><\/div>\n<\/div>\n<ul class=\"toc-list\"><\/ul>\n<li><a href='https:\/\/dalatreview.vn\/en#the-circle-vietnam-homestay-thien-nhien-da-lat' class='heading-h1 toc-link smooth-scroll'>The Circle VietNam &#8211; Homestay thi\u00ean nhi\u00ean \u0110\u00e0 L\u1ea1t<\/a>\n<ul>\n<li><a href='https:\/\/dalatreview.vn\/en#1-vi-tri-%f0%9f%92%90the-circle-vietnam' class='heading-h2 toc-link smooth-scroll'>1. V\u1ecb tr\u00ed\u00a0\ud83d\udc90The Circle VietNam<\/a>\n<li><a href='https:\/\/dalatreview.vn\/en#2-decor-%f0%9f%92%90the-circle-vietnam' class='heading-h2 toc-link smooth-scroll'>2. Decor\u00a0\ud83d\udc90The Circle VietNam<\/a>\n<li><a href='https:\/\/dalatreview.vn\/en#3-dich-vu-tien-nghi%f0%9f%92%90the-circle-vietnam' class='heading-h2 toc-link smooth-scroll'>3. D\u1ecbch v\u1ee5 &amp; Ti\u1ec7n nghi\ud83d\udc90The Circle VietNam<\/a>\n<li><a href='https:\/\/dalatreview.vn\/en#4-gia-phong%f0%9f%92%90' class='heading-h2 toc-link smooth-scroll'>4. Gi\u00e1 ph\u00f2ng\ud83d\udc90<\/a>\n<li><a href='https:\/\/dalatreview.vn\/en#5-lien-he%f0%9f%92%90' class='heading-h2 toc-link smooth-scroll'>5. Li\u00ean h\u1ec7\ud83d\udc90<\/a><\/ul>\n<\/ul>\n<\/li>\n<\/ul>\n<\/nav>\n<h1 style=\"text-align: center;\" id=\"the-circle-vietnam-homestay-thien-nhien-da-lat\"><span style=\"font-size: 24px;\">The Circle VietNam &#8211; Homestay thi\u00ean nhi\u00ean \u0110\u00e0 L\u1ea1t<\/span><\/h1>\n<h2 style=\"text-align: left;\" id=\"1-vi-tri-%f0%9f%92%90the-circle-vietnam\"><span style=\"color: #003300;\"><strong><span class=\"_4yxo _4yxp\">1. V\u1ecb tr\u00ed\u00a0<span class=\"_5mfr\"><span class=\"_6qdm\">\ud83d\udc90<span style=\"color: #ffffff;\">The Circle VietNam<\/span><\/span><\/span><\/span><\/strong><\/span><\/h2>\n<p style=\"text-align: left;\"><span class=\"_4yxo\"> The Circle Vietnam<\/span> n\u1eb1m trong n\u1ed9i th\u00e0nh \u0110\u00e0 l\u1ea1t, b\u00e1n k\u00ednh 1.5km, <span class=\"_4yxp\">g\u1ea7n b\u1ebfn xe, qu\u1ea3ng tr\u01b0\u1eddng, si\u00eau th\u1ecb, H\u1ed3 Xu\u00e2n H\u01b0\u01a1ng, Ch\u1ee3 \u0110\u00eam \u0110\u00e0 L\u1ea1t&#8230;L\u00e0 m\u1ed9t homestay th\u00edch h\u1ee3p cho nh\u1eefng ai mu\u1ed1n ng\u1eafm nh\u00ecn thi\u00ean nhi\u00ean v\u1eeba mu\u1ed1n g\u1ea7n trung t\u00e2m<\/span><img decoding=\"async\" class=\"aligncenter wp-image-7681 size-full\" src=\"https:\/\/dalatreview.vn\/wp-content\/uploads\/2020\/11\/1-1.jpg\" alt=\"The Circle VietNam\" width=\"1200\" height=\"900\" \/><\/p>\n<h2 style=\"text-align: left;\" id=\"2-decor-%f0%9f%92%90the-circle-vietnam\"><span style=\"color: #003300;\"><strong><span class=\"_4yxo _4yxp\">2. Decor\u00a0<span class=\"_5mfr\"><span class=\"_6qdm\">\ud83d\udc90<\/span><\/span><\/span><\/strong><\/span><span style=\"color: #ffffff;\"><strong><span class=\"_4yxo _4yxp\"><span class=\"_5mfr\"><span class=\"_6qdm\">The Circle VietNam<\/span><\/span><\/span><\/strong><\/span><\/h2>\n<p style=\"text-align: left;\">S\u1eed d\u1ee5ng t\u00f4ng m\u00e0u tr\u1eafng k\u1ebft h\u1ee3p v\u1edbi nh\u1eefng m\u1ea3ng m\u00e0u \u1ea5m, xua tan c\u00e1i l\u1ea1nh \u0110\u00e0 L\u1ea1t. B\u00ean c\u1ea1nh \u0111\u00f3 home c\u00f2n s\u1eed d\u1ee5ng nhi\u1ec1u k\u00ednh trong su\u1ed1t gi\u00fap b\u1ea1n c\u00f3 th\u1ec3 ng\u1eafm tr\u1ecdn thi\u00ean nhi\u00ean xung quanh.<img decoding=\"async\" class=\"aligncenter wp-image-7682 size-full\" src=\"https:\/\/dalatreview.vn\/wp-content\/uploads\/2020\/11\/2-1.jpg\" alt=\"The Circle VietNam\" width=\"1200\" height=\"900\" \/><\/p>\n<p style=\"text-align: left;\">Ph\u00f2ng \u1ed1c: S\u1ea1ch tho\u00e1ng m\u00e1t v\u00e0 r\u1ed9ng. Nhi\u1ec1u khi \u1edf trong ph\u00f2ng checkin th\u00f4i c\u0169ng th\u00edch n\u1eefa. Ngo\u00e0i ph\u00f2ng d\u1ea1ng homestay v\u00e0 d\u1ea1ng chu\u1ea9n kh\u00e1ch s\u1ea1n The Circle VietNam c\u00f2n c\u00f3 ph\u00f2ng d\u1ea1ng \u1ed1ng c\u1ed1ng \u0111\u1ed9c \u0111\u00e1o.<span style=\"color: #ffffff;\"><a style=\"color: #ffffff;\" href=\"https:\/\/dalatreview.vn\/en\/\">\u0110\u00e0L\u1ea1tReview<\/a><\/span><img decoding=\"async\" class=\"aligncenter wp-image-7683 size-full\" src=\"https:\/\/dalatreview.vn\/wp-content\/uploads\/2020\/11\/3.jpg\" alt=\"The Circle VietNam\" width=\"1200\" height=\"900\" \/><\/p>\n<h2 style=\"text-align: left;\" id=\"3-dich-vu-tien-nghi%f0%9f%92%90the-circle-vietnam\"><span style=\"color: #003300;\"><strong>3. D\u1ecbch v\u1ee5 &amp; Ti\u1ec7n nghi<\/strong><strong><span class=\"_4yxo _4yxp\"><span class=\"_5mfr\"><span class=\"_6qdm\">\ud83d\udc90<\/span><\/span><\/span><\/strong><\/span><span style=\"color: #ffffff;\"><strong><span class=\"_4yxo _4yxp\"><span class=\"_5mfr\"><span class=\"_6qdm\">The Circle VietNam<\/span><\/span><\/span><\/strong><\/span><\/h2>\n<p style=\"text-align: left;\"><img decoding=\"async\" class=\"emoji\" role=\"img\" draggable=\"false\" src=\"https:\/\/s.w.org\/images\/core\/emoji\/12.0.0-1\/svg\/2705.svg\" alt=\"\u2705\" \/>Pho\u0300ng m\u01a1\u0301i, r\u00f4\u0323ng ra\u0303i v\u01a1\u0301i c\u01b0\u0309a s\u00f4\u0309 \u0111o\u0301n n\u0103\u0301ng s\u01a1\u0301m.<\/p>\n<p style=\"text-align: left;\"><img decoding=\"async\" class=\"emoji\" role=\"img\" draggable=\"false\" src=\"https:\/\/s.w.org\/images\/core\/emoji\/12.0.0-1\/svg\/2705.svg\" alt=\"\u2705\" \/>\u0110\u1ea7y \u0111\u1ee7 ti\u1ec7n nghi (Toilet, t\u1ee7, kh\u0103n, \u0111\u00e8n, v\u1eadt d\u1ee5ng sinh ho\u1ea1t\u2026)<\/p>\n<p style=\"text-align: left;\"><img decoding=\"async\" class=\"emoji\" role=\"img\" draggable=\"false\" src=\"https:\/\/s.w.org\/images\/core\/emoji\/12.0.0-1\/svg\/2705.svg\" alt=\"\u2705\" \/>View c\u1ef1c \u201cchill\u201d<\/p>\n<p style=\"text-align: left;\"><img decoding=\"async\" class=\"emoji\" role=\"img\" draggable=\"false\" src=\"https:\/\/s.w.org\/images\/core\/emoji\/12.0.0-1\/svg\/2705.svg\" alt=\"\u2705\" \/>Ti\u1ec7c BBQ c\u00f9ng b\u1ea1n b\u00e8, gia \u0111\u00ecnh<\/p>\n<p style=\"text-align: left;\"><img decoding=\"async\" class=\"emoji\" role=\"img\" draggable=\"false\" src=\"https:\/\/s.w.org\/images\/core\/emoji\/12.0.0-1\/svg\/2705.svg\" alt=\"\u2705\" \/>Nhi\u1ec1u ti\u1ec7n nghi v\u00e0 \u01b0u \u0111\u00e3i kh\u00e1c<\/p>\n<p style=\"text-align: left;\"><img decoding=\"async\" class=\"aligncenter wp-image-7684 size-full\" src=\"https:\/\/dalatreview.vn\/wp-content\/uploads\/2020\/11\/4.jpg\" alt=\"The Circle VietNam\" width=\"1200\" height=\"900\" \/><\/p>\n<h2 style=\"text-align: left;\" id=\"4-gia-phong%f0%9f%92%90\"><span style=\"color: #003300;\"><strong><span class=\"_4yxo\">4.<\/span><\/strong> Gi\u00e1 ph\u00f2ng<strong><span class=\"_4yxo _4yxp\"><span class=\"_5mfr\"><span class=\"_6qdm\">\ud83d\udc90<\/span><\/span><\/span><\/strong><\/span><\/h2>\n<p style=\"text-align: left;\">\ud83c\udf32V\u1edbi ch\u1ec9 t\u1eeb <span class=\"_4yxo _4yxp\">300-600k\/ph\u00f2ng\/\u0111\u00eam<\/span>\ud83c\udf32<img decoding=\"async\" class=\"aligncenter wp-image-7685 size-full\" src=\"https:\/\/dalatreview.vn\/wp-content\/uploads\/2020\/11\/5-1.jpg\" alt=\"The Circle VietNam\" width=\"1200\" height=\"900\" \/><\/p>\n<h2 style=\"text-align: left;\" id=\"5-lien-he%f0%9f%92%90\"><span style=\"color: #003300;\"><strong><span class=\"_4yxo\">5.<\/span><\/strong> Contact<strong><span class=\"_4yxo _4yxp\"><span class=\"_5mfr\"><span class=\"_6qdm\">\ud83d\udc90<\/span><\/span><\/span><\/strong><\/span><\/h2>\n<div class=\"_2cuy _3dgx _2vxa\" style=\"text-align: left;\"><span class=\"_4yxo\">CS1:<\/span> 233 \u0110\u1eb7ng Th\u00e1i Th\u00e2n, P3, \u0110\u00e0 L\u1ea1t<\/div>\n<div class=\"_2cuy _3dgx _2vxa\" style=\"text-align: left;\"><span class=\"_4yxo\">CS2:<\/span> 17B \u0110\u1eb7ng Th\u00e1i Th\u00e2n, P3, \u0110\u00e0 L\u1ea1t<\/div>\n<div class=\"_2cuy _3dgx _2vxa\" style=\"text-align: left;\"><span class=\"_4yxo\">CS3: <\/span>128C An D\u01b0\u01a1ng V\u01b0\u01a1ng, P2, \u0110\u00e0 L\u1ea1t<\/div>\n<div style=\"text-align: left;\">\u2705Fanpage: <a href=\"https:\/\/www.facebook.com\/booking.dalatreview.vn\">The Circle VietNam<\/a><br \/>\n\u2705S\u1ed1 \u0111i\u1ec7n tho\u1ea1i: 0988 249 297<\/div>","protected":false},"excerpt":{"rendered":"<p><span class=\"_4yxo\">The Circle Vietnam<\/span> n\u1eb1m trong n\u1ed9i th\u00e0nh \u0110\u00e0 l\u1ea1t, b\u00e1n k\u00ednh 1.5km, <span class=\"_4yxp\">g\u1ea7n b\u1ebfn xe, qu\u1ea3ng tr\u01b0\u1eddng, si\u00eau th\u1ecb, H\u1ed3 Xu\u00e2n H\u01b0\u01a1ng, Ch\u1ee3 \u0110\u00eam \u0110\u00e0 L\u1ea1t&#8230;L\u00e0 m\u1ed9t homestay th\u00edch h\u1ee3p cho nh\u1eefng ai mu\u1ed1n ng\u1eafm nh\u00ecn thi\u00ean nhi\u00ean v\u1eeba mu\u1ed1n g\u1ea7n trung t\u00e2m<\/span><\/p>","protected":false},"featured_media":7686,"comment_status":"open","ping_status":"closed","template":"","meta":{"_acf_changed":false,"rank_math_lock_modified_date":false},"product_cat":[29,2255,36],"product_tag":[],"acf":[],"_links":{"self":[{"href":"https:\/\/dalatreview.vn\/en\/wp-json\/wp\/v2\/product\/7680"}],"collection":[{"href":"https:\/\/dalatreview.vn\/en\/wp-json\/wp\/v2\/product"}],"about":[{"href":"https:\/\/dalatreview.vn\/en\/wp-json\/wp\/v2\/types\/product"}],"replies":[{"embeddable":true,"href":"https:\/\/dalatreview.vn\/en\/wp-json\/wp\/v2\/comments?post=7680"}],"wp:featuredmedia":[{"embeddable":true,"href":"https:\/\/dalatreview.vn\/en\/wp-json\/wp\/v2\/media\/7686"}],"wp:attachment":[{"href":"https:\/\/dalatreview.vn\/en\/wp-json\/wp\/v2\/media?parent=7680"}],"wp:term":[{"taxonomy":"product_cat","embeddable":true,"href":"https:\/\/dalatreview.vn\/en\/wp-json\/wp\/v2\/product_cat?post=7680"},{"taxonomy":"product_tag","embeddable":true,"href":"https:\/\/dalatreview.vn\/en\/wp-json\/wp\/v2\/product_tag?post=7680"}],"curies":[{"name":"wp","href":"https:\/\/api.w.org\/{rel}","templated":true}]}}