
{"id":7668,"date":"2020-11-02T11:29:14","date_gmt":"2020-11-02T04:29:14","guid":{"rendered":"https:\/\/dalatreview.vn\/?p=7668"},"modified":"2024-05-30T07:44:19","modified_gmt":"2024-05-30T07:44:19","slug":"casanova-dalat-hotel","status":"publish","type":"product","link":"https:\/\/dalatreview.vn\/en\/casanova-dalat-hotel.html","title":{"rendered":"Casanova Dalat Hotel"},"content":{"rendered":"<nav class=\"vietrick-auto-toc\">\n<div class=\"box-title\">\n<h3 class=\"toc-title\" id=\"select-menu\">Danh m\u1ee5c ch\u00ednh<\/h3>\n<div><ion-icon name=\"chevron-up-outline\"><\/ion-icon><\/div>\n<\/div>\n<ul class=\"toc-list\"><\/ul>\n<li><a href='https:\/\/dalatreview.vn\/en#casanova-dalat-hotel' class='heading-h1 toc-link smooth-scroll'>Casanova Dalat Hotel<\/a>\n<ul>\n<li><a href='https:\/\/dalatreview.vn\/en#1-vi-tri-%f0%9f%92%90' class='heading-h2 toc-link smooth-scroll'>1. V\u1ecb tr\u00ed\u00a0\ud83d\udc90<\/a>\n<li><a href='https:\/\/dalatreview.vn\/en#2-decor-%f0%9f%92%90' class='heading-h2 toc-link smooth-scroll'>2. Decor\u00a0\ud83d\udc90<\/a>\n<li><a href='https:\/\/dalatreview.vn\/en#3-dich-vu-tien-nghi%f0%9f%92%90' class='heading-h2 toc-link smooth-scroll'>3. D\u1ecbch v\u1ee5 &amp; Ti\u1ec7n nghi\ud83d\udc90<\/a>\n<li><a href='https:\/\/dalatreview.vn\/en#4-lien-he%f0%9f%92%90' class='heading-h2 toc-link smooth-scroll'>4.\u00a0Li\u00ean h\u1ec7\ud83d\udc90<\/a><\/ul>\n<\/ul>\n<\/li>\n<\/ul>\n<\/nav>\n<h1 style=\"text-align: center;\" id=\"casanova-dalat-hotel\">Casanova Dalat Hotel<\/h1>\n<h2 id=\"1-vi-tri-%f0%9f%92%90\"><span style=\"color: #000080;\"><strong><span class=\"_4yxo _4yxp\">1. V\u1ecb tr\u00ed\u00a0<span class=\"_5mfr\"><span class=\"_6qdm\">\ud83d\udc90<\/span><\/span><\/span><\/strong><\/span><\/h2>\n<p>Kh\u00e1ch s\u1ea1n khu v\u1ef1c trung t\u00e2m g\u1ea7n ch\u1ee3 \u0111\u00eam, trung t\u00e2m \u0110\u00e0 L\u1ea1t v\u00e0 h\u1ed3 Xu\u00e2n H\u01b0\u01a1ng. Gi\u00fap b\u1ea1n d\u1ec5 d\u00e0ng di chuy\u1ec3n t\u1edbi nh\u1eefng \u0111i\u1ec3m du l\u1ecbch. G\u1ea7n trung t\u00e2m nh\u01b0ng kh\u00e1ch s\u1ea1n l\u1ea1i n\u1eb1m tr\u00ean cung \u0111\u01b0\u1eddng y\u00ean t\u0129nh cho b\u1ea1n c\u1ea3m gi\u00e1c th\u01b0 gi\u00e3n nh\u1ea5t.<\/p>\n<p><img decoding=\"async\" class=\"aligncenter size-full wp-image-7669\" src=\"https:\/\/dalatreview.vn\/wp-content\/uploads\/2020\/11\/1-3.jpg\" alt=\"\" width=\"1200\" height=\"900\"><\/p>\n<h2 id=\"2-decor-%f0%9f%92%90\"><span style=\"color: #000080;\"><strong><span class=\"_4yxo _4yxp\">2. Decor\u00a0<span class=\"_5mfr\"><span class=\"_6qdm\">\ud83d\udc90<\/span><\/span><\/span><\/strong><\/span><\/h2>\n<p>Thi\u1ebft k\u1ebf \u0111\u1ed9c \u0111\u00e1o, phong c\u00e1ch Boho h\u00f2a quy\u1ec7n trong kh\u00f4ng gian th\u01a1 m\u1ed9ng c\u1ee7a \u0110\u00e0 L\u1ea1t. M\u1ed7i ph\u00f2ng \u1edf kh\u00e1ch s\u1ea1n \u0111\u1ec1u mang t\u00ean 1 n\u00e0ng th\u01a1 c\u1ee7a Casanova, v\u1edbi h\u00e0m \u00fd r\u1eb1ng: m\u1ed7i v\u1ecb kh\u00e1ch t\u1edbi Casanova, s\u1ebd \u0111\u01b0\u1ee3c \u0111\u1ed1i \u0111\u00e3i \u1ea5m \u00e1p v\u00e0 ch\u00e2n t\u00ecnh nh\u1ea5t, nh\u01b0 m\u1ed9t ng\u01b0\u1eddi t\u00ecnh v\u1eady. C\u00e1c ph\u00f2ng \u0111\u01b0\u1ee3c trang tr\u00ed theo m\u1ed9t c\u00e1ch ri\u00eang, ph\u00e1 c\u00e1ch v\u00e0 l\u1ea1 m\u1eaft.<\/p>\n<p><img decoding=\"async\" class=\"aligncenter size-full wp-image-7670\" src=\"https:\/\/dalatreview.vn\/wp-content\/uploads\/2020\/11\/2-4.jpg\" alt=\"\" width=\"1200\" height=\"900\"><\/p>\n<p>H\u1ecda ti\u1ebft boho l\u00e0 \u0111i\u1ec3m nh\u1ea5n cho to\u00e0n c\u0103n ph\u00f2ng. K\u1ebft h\u1ee3p c\u0169ng t\u00f4ng m\u00e0u tr\u1eafng v\u00e0 \u00e1nh \u0111\u00e8n v\u00e0ng v\u00f4 c\u00f9ng b\u00e1t m\u1eaft.<\/p>\n<p><img decoding=\"async\" class=\"aligncenter size-full wp-image-7674\" src=\"https:\/\/dalatreview.vn\/wp-content\/uploads\/2020\/11\/1-6.jpg\" alt=\"\" width=\"1200\" height=\"900\"><\/p>\n<h2 id=\"3-dich-vu-tien-nghi%f0%9f%92%90\"><span style=\"color: #000080;\"><strong>3. D\u1ecbch v\u1ee5 &amp; Ti\u1ec7n nghi<\/strong><strong><span class=\"_4yxo _4yxp\"><span class=\"_5mfr\"><span class=\"_6qdm\">\ud83d\udc90<\/span><\/span><\/span><\/strong><\/span><\/h2>\n<p><img decoding=\"async\" class=\"emoji\" role=\"img\" draggable=\"false\" src=\"https:\/\/s.w.org\/images\/core\/emoji\/12.0.0-1\/svg\/2705.svg\" alt=\"\u2705\" \/>Pho\u0300ng m\u01a1\u0301i, r\u00f4\u0323ng ra\u0303i v\u01a1\u0301i c\u01b0\u0309a s\u00f4\u0309 \u0111o\u0301n n\u0103\u0301ng s\u01a1\u0301m.<\/p>\n<p><img decoding=\"async\" class=\"emoji\" role=\"img\" draggable=\"false\" src=\"https:\/\/s.w.org\/images\/core\/emoji\/12.0.0-1\/svg\/2705.svg\" alt=\"\u2705\" \/>\u0110\u1ea7y \u0111\u1ee7 ti\u1ec7n nghi (Toilet, t\u1ee7, kh\u0103n, \u0111\u00e8n, v\u1eadt d\u1ee5ng sinh ho\u1ea1t&#8230;)<\/p>\n<p><img decoding=\"async\" class=\"emoji\" role=\"img\" draggable=\"false\" src=\"https:\/\/s.w.org\/images\/core\/emoji\/12.0.0-1\/svg\/2705.svg\" alt=\"\u2705\" \/>C\u00e0 ph\u00ea view c\u1ef1c \u201cchill\u201d \u0111\u1ed3 u\u1ed1ng h\u1ea5p d\u1eabn<\/p>\n<p><img decoding=\"async\" class=\"emoji\" role=\"img\" draggable=\"false\" src=\"https:\/\/s.w.org\/images\/core\/emoji\/12.0.0-1\/svg\/2705.svg\" alt=\"\u2705\" \/>S\u00e2n th\u01b0\u1ee3ng view 360 bao qu\u00e1t th\u00e0nh ph\u1ed1<\/p>\n<p><img decoding=\"async\" class=\"emoji\" role=\"img\" draggable=\"false\" src=\"https:\/\/s.w.org\/images\/core\/emoji\/12.0.0-1\/svg\/2705.svg\" alt=\"\u2705\" \/>D\u1ecbch v\u1ee5 cho thu\u00ea xe m\u00e1y t\u1ea1i kh\u00e1ch s\u1ea1n<\/p>\n<p><img decoding=\"async\" class=\"emoji\" role=\"img\" draggable=\"false\" src=\"https:\/\/s.w.org\/images\/core\/emoji\/12.0.0-1\/svg\/2705.svg\" alt=\"\u2705\" \/>\u0110\u01b0a \u0111\u00f3n s\u00e2n bay<\/p>\n<p><img decoding=\"async\" class=\"emoji\" role=\"img\" draggable=\"false\" src=\"https:\/\/s.w.org\/images\/core\/emoji\/12.0.0-1\/svg\/2705.svg\" alt=\"\u2705\" \/>\u0110\u1eb7t tour theo y\u00eau c\u1ea7u.<\/p>\n<p><img decoding=\"async\" class=\"aligncenter size-full wp-image-7672\" src=\"https:\/\/dalatreview.vn\/wp-content\/uploads\/2020\/11\/1-4.jpg\" alt=\"\" width=\"1200\" height=\"900\">Kh\u00e1ch s\u1ea1n c\u00f3 nhi\u1ec1u g\u00f3c \u0111\u1eb9p. B\u1ea1n c\u00f3 th\u1ec3 checkin c\u1ea3 ng\u00e0y t\u1ea1i \u0111\u00e2y m\u00e0 kh\u00f4ng th\u1ea5y ch\u00e1n,\u2026<\/p>\n<p><img decoding=\"async\" class=\"aligncenter size-full wp-image-7673\" src=\"https:\/\/dalatreview.vn\/wp-content\/uploads\/2020\/11\/1-5.jpg\" alt=\"\" width=\"1200\" height=\"900\"><\/p>\n<h2 id=\"4-lien-he%f0%9f%92%90\"><span style=\"color: #000080;\"><strong><span class=\"_4yxo\">4.<\/span><\/strong>\u00a0Contact<strong><span class=\"_4yxo _4yxp\"><span class=\"_5mfr\"><span class=\"_6qdm\">\ud83d\udc90<\/span><\/span><\/span><\/strong><\/span><\/h2>\n<p>Li\u00ean h\u1ec7 \u0111\u1eb7t ph\u00f2ng<\/p>\n<p><span class=\"_5mfr\"><span class=\"_6qdm\">\ud83d\udccd<\/span><\/span> 24 L\u01b0\u01a1ng Th\u1ebf Vinh, \u0110\u00e0 L\u1ea1t<\/p>\n<p><span class=\"_5mfr\"><span class=\"_6qdm\">\ud83d\udcde<\/span><\/span> 0988 249 297<\/p>\n<p>Fanpage: <a href=\"https:\/\/www.facebook.com\/booking.dalatreview.vn\">Casanova Dalat Hotel<\/a><\/p>","protected":false},"excerpt":{"rendered":"<p>Danh m\u1ee5c ch\u00ednh Casanova Dalat Hotel 1. V\u1ecb tr\u00ed\u00a0\ud83d\udc90 2. Decor\u00a0\ud83d\udc90 3. D\u1ecbch v\u1ee5 &amp; Ti\u1ec7n nghi\ud83d\udc90 4.\u00a0Li\u00ean h\u1ec7\ud83d\udc90 Casanova Dalat Hotel 1. V\u1ecb tr\u00ed\u00a0\ud83d\udc90 Kh\u00e1ch s\u1ea1n khu v\u1ef1c trung t\u00e2m g\u1ea7n ch\u1ee3 \u0111\u00eam, trung t\u00e2m \u0110\u00e0 L\u1ea1t v\u00e0 h\u1ed3 Xu\u00e2n H\u01b0\u01a1ng. Gi\u00fap b\u1ea1n d\u1ec5 d\u00e0ng di chuy\u1ec3n t\u1edbi nh\u1eefng \u0111i\u1ec3m du l\u1ecbch. G\u1ea7n trung [&hellip;]<\/p>","protected":false},"featured_media":7675,"comment_status":"open","ping_status":"closed","template":"","meta":{"_acf_changed":false,"rank_math_lock_modified_date":false},"product_cat":[46,29],"product_tag":[],"acf":[],"_links":{"self":[{"href":"https:\/\/dalatreview.vn\/en\/wp-json\/wp\/v2\/product\/7668"}],"collection":[{"href":"https:\/\/dalatreview.vn\/en\/wp-json\/wp\/v2\/product"}],"about":[{"href":"https:\/\/dalatreview.vn\/en\/wp-json\/wp\/v2\/types\/product"}],"replies":[{"embeddable":true,"href":"https:\/\/dalatreview.vn\/en\/wp-json\/wp\/v2\/comments?post=7668"}],"wp:featuredmedia":[{"embeddable":true,"href":"https:\/\/dalatreview.vn\/en\/wp-json\/wp\/v2\/media\/7675"}],"wp:attachment":[{"href":"https:\/\/dalatreview.vn\/en\/wp-json\/wp\/v2\/media?parent=7668"}],"wp:term":[{"taxonomy":"product_cat","embeddable":true,"href":"https:\/\/dalatreview.vn\/en\/wp-json\/wp\/v2\/product_cat?post=7668"},{"taxonomy":"product_tag","embeddable":true,"href":"https:\/\/dalatreview.vn\/en\/wp-json\/wp\/v2\/product_tag?post=7668"}],"curies":[{"name":"wp","href":"https:\/\/api.w.org\/{rel}","templated":true}]}}