
{"id":7656,"date":"2020-10-29T16:10:54","date_gmt":"2020-10-29T09:10:54","guid":{"rendered":"https:\/\/dalatreview.vn\/?p=7656"},"modified":"2024-07-12T14:02:16","modified_gmt":"2024-07-12T07:02:16","slug":"nha-homestay-da-lat","status":"publish","type":"product","link":"https:\/\/dalatreview.vn\/en\/nha-homestay-da-lat.html","title":{"rendered":"Nh\u00e0 homestay &#8211; \u0110\u00e0 L\u1ea1t"},"content":{"rendered":"<nav class=\"vietrick-auto-toc\">\n<div class=\"box-title\">\n<h3 class=\"toc-title\" id=\"select-menu\">Danh m\u1ee5c ch\u00ednh<\/h3>\n<div><ion-icon name=\"chevron-up-outline\"><\/ion-icon><\/div>\n<\/div>\n<ul class=\"toc-list\"><\/ul>\n<li><a href='https:\/\/dalatreview.vn\/en#nha-homestay-da-lat' class='heading-h1 toc-link smooth-scroll'> Nh\u00e0 homestay &#8211; \u0110\u00e0 L\u1ea1t<\/a>\n<ul>\n<li><a href='https:\/\/dalatreview.vn\/en#1-vi-tri' class='heading-h2 toc-link smooth-scroll'>1.V\u1ecb tr\u00ed\u00a0<\/a>\n<li><a href='https:\/\/dalatreview.vn\/en#2-decor' class='heading-h2 toc-link smooth-scroll'>2. Decor\u00a0<\/a>\n<li><a href='https:\/\/dalatreview.vn\/en#3-dich-vu-tien-nghi' class='heading-h2 toc-link smooth-scroll'>3. D\u1ecbch v\u1ee5 &amp; Ti\u1ec7n nghi<\/a>\n<li><a href='https:\/\/dalatreview.vn\/en#4-gia-phong' class='heading-h2 toc-link smooth-scroll'>4. Gi\u00e1 ph\u00f2ng\u00a0<\/a>\n<li><a href='https:\/\/dalatreview.vn\/en#5-lien-he' class='heading-h2 toc-link smooth-scroll'>5.\u00a0Li\u00ean h\u1ec7 <\/a><\/ul>\n<\/ul>\n<\/li>\n<\/ul>\n<\/nav>\n<h1 style=\"text-align: center;\" id=\"nha-homestay-da-lat\"><span style=\"color: #003300;\"> Nh\u00e0 homestay &#8211; \u0110\u00e0 L\u1ea1t<\/span><\/h1>\n<h2 id=\"1-vi-tri\"><strong>1.V\u1ecb tr\u00ed\u00a0<span class=\"pq6dq46d tbxw36s4 knj5qynh kvgmc6g5 ditlmg2l oygrvhab nvdbi5me sf5mxxl7 gl3lb2sf hhz5lgdu\"><img decoding=\"async\" src=\"https:\/\/static.xx.fbcdn.net\/images\/emoji.php\/v9\/tea\/1\/16\/1f332.png\" alt=\"\ud83c\udf32\" width=\"16\" height=\"16\" \/><\/span><\/strong><\/h2>\n<p>N\u1eb1m t\u1ea1i trung t\u00e2m th\u00e0nh ph\u1ed1. Ch\u1ec9 m\u1ea5t 5 ph\u00fat ch\u1ea1y xe m\u00e1y l\u00e0 b\u1ea1n \u0111\u00e3 \u0111\u1ebfn ch\u1ee3 \u0110\u00e0 L\u1ea1t. Kh\u00f4ng gian t\u1ea1i Nh\u00e0 Homestay Nh\u00e0 tho\u00e1ng \u0111\u00e3ng. View nh\u00ecn c\u1ea3 thi\u00ean nhi\u00ean v\u00e0 th\u00e0nh ph\u1ed1. Ph\u00f9 h\u1ee3p cho nh\u1eefng ai mu\u1ed1n t\u00ecm m\u1ed9t homestay g\u1ea7n trung t\u00e2m v\u1eeba c\u00f3 view \u0111\u1eb9p.<img decoding=\"async\" class=\"aligncenter size-full wp-image-7657\" src=\"https:\/\/dalatreview.vn\/wp-content\/uploads\/2020\/10\/1-2-3.jpg\" alt=\"\" width=\"1200\" height=\"900\"><\/p>\n<h2 id=\"2-decor\"><strong>2. Decor\u00a0<span class=\"pq6dq46d tbxw36s4 knj5qynh kvgmc6g5 ditlmg2l oygrvhab nvdbi5me sf5mxxl7 gl3lb2sf hhz5lgdu\"><img decoding=\"async\" src=\"https:\/\/static.xx.fbcdn.net\/images\/emoji.php\/v9\/tea\/1\/16\/1f332.png\" alt=\"\ud83c\udf32\" width=\"16\" height=\"16\" \/><\/span><\/strong><\/h2>\n<p><img decoding=\"async\" class=\"emoji\" role=\"img\" draggable=\"false\" src=\"https:\/\/s.w.org\/images\/core\/emoji\/12.0.0-1\/svg\/1f331.svg\" alt=\"\ud83c\udf31\" \/>Thi\u1ebft k\u1ebf n\u1ed9i th\u1ea5t \u0111\u1eb9p m\u1eaft nh\u01b0ng v\u1eabn sang tr\u1ecdng. C\u00e1c ph\u00f2ng \u0111\u1ec1u \u0111\u01b0\u1ee3c trang b\u1ecb thi\u1ebft b\u1ecb hi\u1ec7n \u0111\u1ea1i v\u00e0 ti\u1ec7n d\u1ee5ng. M\u1ed7i ph\u00f2ng l\u1ea1i c\u00f3 n\u00e9t \u0111\u1ed9c \u0111\u00e1o v\u1edbi t\u00f4ng m\u00e0u ri\u00eang cho b\u1ea1n kh\u00f4ng gian ngh\u1ec9 ng\u01a1i tho\u1ea3i m\u00e1i nh\u1ea5t.<img decoding=\"async\" class=\"aligncenter size-full wp-image-7658\" src=\"https:\/\/dalatreview.vn\/wp-content\/uploads\/2020\/10\/2-3-1.jpg\" alt=\"\" width=\"1200\" height=\"900\"><\/p>\n<h2 id=\"3-dich-vu-tien-nghi\"><strong>3. D\u1ecbch v\u1ee5 &amp; Ti\u1ec7n nghi<\/strong><strong><span class=\"pq6dq46d tbxw36s4 knj5qynh kvgmc6g5 ditlmg2l oygrvhab nvdbi5me sf5mxxl7 gl3lb2sf hhz5lgdu\"><img decoding=\"async\" src=\"https:\/\/static.xx.fbcdn.net\/images\/emoji.php\/v9\/tea\/1\/16\/1f332.png\" alt=\"\ud83c\udf32\" width=\"16\" height=\"16\" \/><\/span><\/strong><\/h2>\n<p><img decoding=\"async\" class=\"emoji\" role=\"img\" draggable=\"false\" src=\"https:\/\/s.w.org\/images\/core\/emoji\/12.0.0-1\/svg\/2705.svg\" alt=\"\u2705\" \/>Ph\u00f2ng \u0111\u1eb9p s\u1ea1ch s\u1ebd, c\u00f3 view th\u00e0nh ph\u1ed1, thi\u00ean nhi\u00ean<\/p>\n<p><img decoding=\"async\" class=\"emoji\" role=\"img\" draggable=\"false\" src=\"https:\/\/s.w.org\/images\/core\/emoji\/12.0.0-1\/svg\/2705.svg\" alt=\"\u2705\" \/>Ban c\u00f4ng tho\u00e1ng m\u00e1t<\/p>\n<p><img decoding=\"async\" class=\"emoji\" role=\"img\" draggable=\"false\" src=\"https:\/\/s.w.org\/images\/core\/emoji\/12.0.0-1\/svg\/2705.svg\" alt=\"\u2705\" \/>Tollet ri\u00eang<\/p>\n<p><img decoding=\"async\" class=\"emoji\" role=\"img\" draggable=\"false\" src=\"https:\/\/s.w.org\/images\/core\/emoji\/12.0.0-1\/svg\/2705.svg\" alt=\"\u2705\" \/>Trang b\u1ecb \u0111\u1ee7 v\u1eadt d\u1ee5ng c\u00e1 nh\u00e2n<img decoding=\"async\" class=\"aligncenter size-full wp-image-7659\" src=\"https:\/\/dalatreview.vn\/wp-content\/uploads\/2020\/10\/3-2-2.jpg\" alt=\"\" width=\"1200\" height=\"900\"><\/p>\n<p>Homestay c\u00f3 nhi\u1ec1u g\u00f3c \u0111\u1eb9p. B\u1ea1n c\u00f3 th\u1ec3 checkin c\u1ea3 ng\u00e0y t\u1ea1i \u0111\u00e2y m\u00e0 kh\u00f4ng th\u1ea5y ch\u00e1n,\u2026<img decoding=\"async\" class=\"aligncenter size-full wp-image-7660\" src=\"https:\/\/dalatreview.vn\/wp-content\/uploads\/2020\/10\/4-2-2.jpg\" alt=\"\" width=\"1200\" height=\"900\"><\/p>\n<h2 id=\"4-gia-phong\"><strong><span class=\"_4yxo\">4. Gi\u00e1 ph\u00f2ng\u00a0<\/span><\/strong><strong><span class=\"pq6dq46d tbxw36s4 knj5qynh kvgmc6g5 ditlmg2l oygrvhab nvdbi5me sf5mxxl7 gl3lb2sf hhz5lgdu\"><img decoding=\"async\" src=\"https:\/\/static.xx.fbcdn.net\/images\/emoji.php\/v9\/tea\/1\/16\/1f332.png\" alt=\"\ud83c\udf32\" width=\"16\" height=\"16\" \/><\/span><\/strong><\/h2>\n<p>&nbsp;<\/p>\n<h2 id=\"5-lien-he\"><strong><span class=\"_4yxo\">5.<\/span><\/strong>\u00a0Contact <strong><span class=\"pq6dq46d tbxw36s4 knj5qynh kvgmc6g5 ditlmg2l oygrvhab nvdbi5me sf5mxxl7 gl3lb2sf hhz5lgdu\"><img decoding=\"async\" src=\"https:\/\/static.xx.fbcdn.net\/images\/emoji.php\/v9\/tea\/1\/16\/1f332.png\" alt=\"\ud83c\udf32\" width=\"16\" height=\"16\" \/><\/span><\/strong><\/h2>\n<p><span class=\"_5mfr\"><span class=\"_6qdm\">\ud83d\udccd<\/span><\/span>\u0110\u1ecba ch\u1ec9: 121 C\u1ed5 Loa, Ph\u01b0\u1eddng 2, TP \u0110\u00e0 L\u1ea1t<\/p>\n<p><span class=\"_5mfr\"><span class=\"_6qdm\">\ud83d\udccd<\/span><\/span>Fanpage: <a href=\"https:\/\/www.facebook.com\/booking.dalatreview.vn\">Nh\u00e0 Homestay \u0110\u00e0 L\u1ea1t<\/a><\/p>\n<p><span class=\"_5mfr\"><span class=\"_6qdm\">\ud83d\udccd<\/span><\/span>SDT: 0988 249 297<\/p>\n<p>&nbsp;<\/p>","protected":false},"excerpt":{"rendered":"<p>N\u1eb1m t\u1ea1i trung t\u00e2m th\u00e0nh ph\u1ed1. Ch\u1ec9 m\u1ea5t 5 ph\u00fat ch\u1ea1y xe m\u00e1y l\u00e0 b\u1ea1n \u0111\u00e3 \u0111\u1ebfn ch\u1ee3 \u0110\u00e0 L\u1ea1t. Kh\u00f4ng gian t\u1ea1i Nh\u00e0 Homestay Nh\u00e0 tho\u00e1ng \u0111\u00e3ng. View nh\u00ecn c\u1ea3 thi\u00ean nhi\u00ean v\u00e0 th\u00e0nh ph\u1ed1. Ph\u00f9 h\u1ee3p cho nh\u1eefng ai mu\u1ed1n t\u00ecm m\u1ed9t homestay g\u1ea7n trung t\u00e2m v\u1eeba c\u00f3 view \u0111\u1eb9p.<\/p>","protected":false},"featured_media":7661,"comment_status":"open","ping_status":"closed","template":"","meta":{"_acf_changed":false,"rank_math_lock_modified_date":false},"product_cat":[29,2255,36],"product_tag":[],"acf":[],"_links":{"self":[{"href":"https:\/\/dalatreview.vn\/en\/wp-json\/wp\/v2\/product\/7656"}],"collection":[{"href":"https:\/\/dalatreview.vn\/en\/wp-json\/wp\/v2\/product"}],"about":[{"href":"https:\/\/dalatreview.vn\/en\/wp-json\/wp\/v2\/types\/product"}],"replies":[{"embeddable":true,"href":"https:\/\/dalatreview.vn\/en\/wp-json\/wp\/v2\/comments?post=7656"}],"wp:featuredmedia":[{"embeddable":true,"href":"https:\/\/dalatreview.vn\/en\/wp-json\/wp\/v2\/media\/7661"}],"wp:attachment":[{"href":"https:\/\/dalatreview.vn\/en\/wp-json\/wp\/v2\/media?parent=7656"}],"wp:term":[{"taxonomy":"product_cat","embeddable":true,"href":"https:\/\/dalatreview.vn\/en\/wp-json\/wp\/v2\/product_cat?post=7656"},{"taxonomy":"product_tag","embeddable":true,"href":"https:\/\/dalatreview.vn\/en\/wp-json\/wp\/v2\/product_tag?post=7656"}],"curies":[{"name":"wp","href":"https:\/\/api.w.org\/{rel}","templated":true}]}}