
{"id":7644,"date":"2020-10-28T09:33:23","date_gmt":"2020-10-28T02:33:23","guid":{"rendered":"https:\/\/dalatreview.vn\/?p=7644"},"modified":"2024-05-30T06:46:06","modified_gmt":"2024-05-30T06:46:06","slug":"da-lat-peach-valley-hotel","status":"publish","type":"product","link":"https:\/\/dalatreview.vn\/en\/da-lat-peach-valley-hotel.html","title":{"rendered":"\u0110\u00e0 L\u1ea1t Peach Valley Hotel"},"content":{"rendered":"<nav class=\"vietrick-auto-toc\">\n<div class=\"box-title\">\n<h3 class=\"toc-title\" id=\"select-menu\">Danh m\u1ee5c ch\u00ednh<\/h3>\n<div><ion-icon name=\"chevron-up-outline\"><\/ion-icon><\/div>\n<\/div>\n<ul class=\"toc-list\"><\/ul>\n<li><a href='https:\/\/dalatreview.vn\/en#da-lat-peach-valley-hotel-khach-san-view-ho-xuan-huong-cuc-xin' class='heading-h1 toc-link smooth-scroll'>\u0110\u00e0 L\u1ea1t Peach Valley Hotel &#8211; kh\u00e1ch s\u1ea1n view h\u1ed3 Xu\u00e2n H\u01b0\u01a1ng c\u1ef1c x\u1ecbn<\/a>\n<ul>\n<li><a href='https:\/\/dalatreview.vn\/en#1-vi-tri' class='heading-h2 toc-link smooth-scroll'>1.V\u1ecb tr\u00ed\u00a0<\/a>\n<li><a href='https:\/\/dalatreview.vn\/en#2-decor' class='heading-h2 toc-link smooth-scroll'>2. Decor\u00a0<\/a>\n<li><a href='https:\/\/dalatreview.vn\/en#3-dich-vu-tien-nghi' class='heading-h2 toc-link smooth-scroll'>3. D\u1ecbch v\u1ee5 &amp; Ti\u1ec7n nghi<\/a>\n<li><a href='https:\/\/dalatreview.vn\/en#4-gia-phong' class='heading-h2 toc-link smooth-scroll'>4. Gi\u00e1 ph\u00f2ng\u00a0<\/a>\n<li><a href='https:\/\/dalatreview.vn\/en#5-lien-he' class='heading-h2 toc-link smooth-scroll'>5. Li\u00ean h\u1ec7\u00a0<\/a><\/ul>\n<\/ul>\n<\/li>\n<\/ul>\n<\/nav>\n<h1 style=\"text-align: center;\" id=\"da-lat-peach-valley-hotel-khach-san-view-ho-xuan-huong-cuc-xin\"><span style=\"font-size: 24px; color: #003300;\">\u0110\u00e0 L\u1ea1t Peach Valley Hotel &#8211; kh\u00e1ch s\u1ea1n view h\u1ed3 Xu\u00e2n H\u01b0\u01a1ng c\u1ef1c x\u1ecbn<\/span><\/h1>\n<h2 id=\"1-vi-tri\"><strong>1.V\u1ecb tr\u00ed\u00a0<span class=\"pq6dq46d tbxw36s4 knj5qynh kvgmc6g5 ditlmg2l oygrvhab nvdbi5me sf5mxxl7 gl3lb2sf hhz5lgdu\"><img decoding=\"async\" src=\"https:\/\/static.xx.fbcdn.net\/images\/emoji.php\/v9\/tea\/1\/16\/1f332.png\" alt=\"\ud83c\udf32\" width=\"16\" height=\"16\" \/><\/span><\/strong><\/h2>\n<div class=\"_2cuy _3dgx _2vxa\"><span class=\"_4yxp\">N\u1eb1m t\u1ea1i trung t\u00e2m th\u00e0nh ph\u1ed1, <\/span><span class=\"_4yxo _4yxp\">view ng\u1eafm H\u1ed3 Xu\u00e2n H\u01b0\u01a1ng<\/span><span class=\"_4yxp\">. Tuy\u1ebfn \u0111\u01b0\u1eddng thu\u1eadn l\u1ee3i c\u1ee7a nhi\u1ec1u \u0111i\u1ec3m du l\u1ecbch n\u1ed5i ti\u1ebfng.<\/span><\/div>\n<p>\u2705C\u00e1ch h\u1ed3 Xu\u00e2n H\u01b0\u01a1ng 200m<\/p>\n<p>\u2705C\u00e1ch Qu\u1ea3ng tr\u01b0\u1eddng L\u00e2m Vi\u00ean 800m<\/p>\n<p>\u2705C\u00e1ch ch\u1ee3 H\u00f2a B\u00ecnh 1,5km<\/p>\n<p>\u2705G\u1ea7n k\u1ec1 Cao \u0110\u1eb3ng S\u01b0 Ph\u1ea1m \u0110\u00e0 L\u1ea1t<\/p>\n<p>\u2705\u0110\u1ebfn nh\u00e0 ga xe l\u1eeda \u0110\u00e0 L\u1ea1t 400m<img decoding=\"async\" class=\"aligncenter size-full wp-image-7646\" src=\"https:\/\/dalatreview.vn\/wp-content\/uploads\/2020\/10\/2-1-1.jpg\" alt=\"\" width=\"1200\" height=\"900\"><\/p>\n<h2 id=\"2-decor\"><strong>2. Decor\u00a0<span class=\"pq6dq46d tbxw36s4 knj5qynh kvgmc6g5 ditlmg2l oygrvhab nvdbi5me sf5mxxl7 gl3lb2sf hhz5lgdu\"><img decoding=\"async\" src=\"https:\/\/static.xx.fbcdn.net\/images\/emoji.php\/v9\/tea\/1\/16\/1f332.png\" alt=\"\ud83c\udf32\" width=\"16\" height=\"16\" \/><\/span><\/strong><\/h2>\n<div class=\"_2cuy _3dgx _2vxa\"><span class=\"_5mfr\"><span class=\"_6qdm\">\u2728<\/span><\/span><span class=\"_4yxp\">Chu\u1ea9n kh\u00e1ch s\u1ea1n 3 sao<\/span><span class=\"_5mfr\"><span class=\"_6qdm\">\u2728<\/span><\/span><\/div>\n<p>\u2705Phong c\u00e1ch ki\u1ebfn tr\u00fac Ph\u00e1p \ud835\udc7b\ud835\udc82\u0302\ud835\udc8f \ud835\udc84\ud835\udc90\u0302\u0309 \u0111\ud835\udc8a\ud835\udc86\u0302\u0309\ud835\udc8f<span class=\"_5mfr\"><span class=\"_6qdm\">\u2601\ufe0f<\/span><\/span><\/p>\n<p>\u2705N\u1ed9i th\u1ea5t sang tr\u1ecdng \ud835\udc73\ud835\udc96\ud835\udc99\ud835\udc96\ud835\udc93\ud835\udc9a<span class=\"_5mfr\"><span class=\"_6qdm\">\u2601\ufe0f<\/span><\/span><\/p>\n<p>\u2705\u0110\u01b0\u1ee3c l\u1ef1a ch\u1ecdn ph\u00f2ng c\u00f3 lo\u1ea1i gi\u01b0\u1eddng v\u00e0 r\u00e8m theo c\u00e1c m\u00e0u y\u00eau th\u00edch: T\u00edm, tr\u1eafng s\u1eefa, xanh r\u00eau, xanh ng\u1ecdc<span class=\"_5mfr\"><span class=\"_6qdm\">\u2601\ufe0f<img decoding=\"async\" class=\"aligncenter size-full wp-image-7647\" src=\"https:\/\/dalatreview.vn\/wp-content\/uploads\/2020\/10\/3-1-3.jpg\" alt=\"\" width=\"1200\" height=\"900\"><\/span><\/span><\/p>\n<h2 id=\"3-dich-vu-tien-nghi\"><strong>3. D\u1ecbch v\u1ee5 &amp; Ti\u1ec7n nghi<\/strong><strong><span class=\"pq6dq46d tbxw36s4 knj5qynh kvgmc6g5 ditlmg2l oygrvhab nvdbi5me sf5mxxl7 gl3lb2sf hhz5lgdu\"><img decoding=\"async\" src=\"https:\/\/static.xx.fbcdn.net\/images\/emoji.php\/v9\/tea\/1\/16\/1f332.png\" alt=\"\ud83c\udf32\" width=\"16\" height=\"16\" \/><\/span><\/strong><\/h2>\n<p>Full ti\u1ec7n nghi.<\/p>\n<p>V\u1eadt d\u1ee5ng cao c\u1ea5p, v\u1ec7 sinh h\u00e0ng \u0111\u1ea7u.<\/p>\n<p>Ch\u1ed7 \u0111\u1eadu xe r\u1ed9ng<\/p>\n<p>D\u1ecbch v\u1ee5 cho thu\u00ea xe m\u00e1y du l\u1ecbch.<img decoding=\"async\" class=\"aligncenter size-full wp-image-7648\" src=\"https:\/\/dalatreview.vn\/wp-content\/uploads\/2020\/10\/3-2-1.jpg\" alt=\"\" width=\"1200\" height=\"900\"><\/p>\n<h2 id=\"4-gia-phong\"><strong><span class=\"_4yxo\">4. Gi\u00e1 ph\u00f2ng\u00a0<\/span><\/strong><strong><span class=\"pq6dq46d tbxw36s4 knj5qynh kvgmc6g5 ditlmg2l oygrvhab nvdbi5me sf5mxxl7 gl3lb2sf hhz5lgdu\"><img decoding=\"async\" src=\"https:\/\/static.xx.fbcdn.net\/images\/emoji.php\/v9\/tea\/1\/16\/1f332.png\" alt=\"\ud83c\udf32\" width=\"16\" height=\"16\" \/><\/span><\/strong><\/h2>\n<p>Ph\u00f2ng 1 gi\u01b0\u1eddng \u0111\u00f4i: <span class=\"_4yxo\">320k &#8211; 420k<\/span><\/p>\n<p>Ph\u00f2ng 1 gi\u01b0\u1eddng \u0111\u00f4i, ban c\u00f4ng tho\u00e1ng: <span class=\"_4yxo\">440k<\/span><\/p>\n<p>Ph\u00f2ng 1 gi\u01b0\u1eddng \u0111\u00f4i, View H\u1ed3 Xu\u00e2n H\u01b0\u01a1ng:<span class=\"_4yxo\"> 510k<\/span><\/p>\n<p>Ph\u00f2ng 2 gi\u01b0\u1eddng \u0111\u00f4i: <span class=\"_4yxo\">510k<\/span><\/p>\n<p>Ph\u00f2ng 2 gi\u01b0\u1eddng \u0111\u00f4i, View H\u1ed3 Xu\u00e2n H\u01b0\u01a1ng: <span class=\"_4yxo\">640k<\/span><\/p>\n<p>Ph\u00f2ng 2 gi\u01b0\u1eddng \u0111\u00f4i, ban c\u00f4ng tho\u00e1ng: <span class=\"_4yxo\">580k<\/span><\/p>\n<div class=\"_2cuy _3dgx _2vxa\"><span class=\"_5mfr\"><span class=\"_6qdm\">\u2744\ufe0f<\/span><\/span><span class=\"_4yxo _4yxp\">C\u00e1c ph\u00f2ng \u0111\u1eb7c bi\u1ec7t<\/span><span class=\"_5mfr\"><span class=\"_6qdm\">\u2744\ufe0f<\/span><\/span><\/div>\n<p>Ph\u00f2ng 1 gi\u01b0\u1eddng \u0111\u00f4i_View H\u1ed3 Xu\u00e2n H\u01b0\u01a1ng_C\u0103n \u00e1p m\u00e1i<\/p>\n<p>Ph\u00f2ng 1 gi\u01b0\u1eddng \u0111\u00f4i_View H\u1ed3 XH_C\u0103n \u00e1p m\u00e1i Deluxe<\/p>\n<p>Ph\u00f2ng Deluxe 1 gi\u01b0\u1eddng \u0111\u00f4i_View H\u1ed3 Xu\u00e2n H\u01b0\u01a1ng<img decoding=\"async\" class=\"aligncenter size-full wp-image-7649\" src=\"https:\/\/dalatreview.vn\/wp-content\/uploads\/2020\/10\/4-1-2.jpg\" alt=\"\" width=\"1200\" height=\"900\"><\/p>\n<h2 id=\"5-lien-he\">5. Li\u00ean h\u1ec7\u00a0<strong><span class=\"pq6dq46d tbxw36s4 knj5qynh kvgmc6g5 ditlmg2l oygrvhab nvdbi5me sf5mxxl7 gl3lb2sf hhz5lgdu\"><img decoding=\"async\" src=\"https:\/\/static.xx.fbcdn.net\/images\/emoji.php\/v9\/tea\/1\/16\/1f332.png\" alt=\"\ud83c\udf32\" width=\"16\" height=\"16\" \/><\/span><\/strong><\/h2>\n<div class=\"_2cuy _3dgx _2vxa\">\ud83d\udc49\u0110\u1ecba ch\u1ec9: 26k Yersin Ph\u01b0\u1eddng 10, \u0110\u00e0 L\u1ea1t.<\/div>\n<div class=\"_2cuy _3dgx _2vxa\">\ud83d\udc49Fanpage: <a class=\"_2u0z\" href=\"https:\/\/www.facebook.com\/booking.dalatreview.vn\" data-hovercard=\"\/ajax\/hovercard\/page.php?id=108368997264144&amp;extragetparams=%7B%22__tn__%22%3A%22%2CdK-R-R%22%2C%22eid%22%3A%22ARB5TQoZGttExkBtfZKeE2pcDyy4aFheCMv_jhzbEzsLFFycSnt4y40k8uP-nlQOJvu1tHBChDKK9C-d%22%2C%22directed_target_id%22%3A684676338733437%2C%22fref%22%3A%22gs%22%2C%22dti%22%3A684676338733437%2C%22hc_location%22%3A%22group%22%7D\" data-hovercard-prefer-more-content-show=\"1\">\u0110\u00e0 L\u1ea1t PeachValley Hotel<\/a><br \/>\n\ud83d\udc49Phone: 0988 249 297<\/div>","protected":false},"excerpt":{"rendered":"<p><span class=\"_4yxp\">N\u1eb1m t\u1ea1i trung t\u00e2m th\u00e0nh ph\u1ed1, <\/span><span class=\"_4yxo _4yxp\">view ng\u1eafm H\u1ed3 Xu\u00e2n H\u01b0\u01a1ng<\/span><span class=\"_4yxp\">. Tuy\u1ebfn \u0111\u01b0\u1eddng thu\u1eadn l\u1ee3i c\u1ee7a nhi\u1ec1u \u0111i\u1ec3m du l\u1ecbch n\u1ed5i ti\u1ebfng.<\/span><\/p>","protected":false},"featured_media":7650,"comment_status":"open","ping_status":"closed","template":"","meta":{"_acf_changed":false,"rank_math_lock_modified_date":false},"product_cat":[29,46],"product_tag":[],"acf":[],"_links":{"self":[{"href":"https:\/\/dalatreview.vn\/en\/wp-json\/wp\/v2\/product\/7644"}],"collection":[{"href":"https:\/\/dalatreview.vn\/en\/wp-json\/wp\/v2\/product"}],"about":[{"href":"https:\/\/dalatreview.vn\/en\/wp-json\/wp\/v2\/types\/product"}],"replies":[{"embeddable":true,"href":"https:\/\/dalatreview.vn\/en\/wp-json\/wp\/v2\/comments?post=7644"}],"wp:featuredmedia":[{"embeddable":true,"href":"https:\/\/dalatreview.vn\/en\/wp-json\/wp\/v2\/media\/7650"}],"wp:attachment":[{"href":"https:\/\/dalatreview.vn\/en\/wp-json\/wp\/v2\/media?parent=7644"}],"wp:term":[{"taxonomy":"product_cat","embeddable":true,"href":"https:\/\/dalatreview.vn\/en\/wp-json\/wp\/v2\/product_cat?post=7644"},{"taxonomy":"product_tag","embeddable":true,"href":"https:\/\/dalatreview.vn\/en\/wp-json\/wp\/v2\/product_tag?post=7644"}],"curies":[{"name":"wp","href":"https:\/\/api.w.org\/{rel}","templated":true}]}}