
{"id":7632,"date":"2020-10-25T08:16:28","date_gmt":"2020-10-25T01:16:28","guid":{"rendered":"https:\/\/dalatreview.vn\/?p=7632"},"modified":"2025-05-10T09:41:14","modified_gmt":"2025-05-10T02:41:14","slug":"homestay-thi-tran-nho-da-lat","status":"publish","type":"product","link":"https:\/\/dalatreview.vn\/en\/homestay-thi-tran-nho-da-lat.html","title":{"rendered":"Homestay Th\u1ecb Tr\u1ea5n Nh\u1ecf \u0110\u00e0 L\u1ea1t"},"content":{"rendered":"<nav class=\"vietrick-auto-toc\">\n<div class=\"box-title\">\n<h3 class=\"toc-title\" id=\"select-menu\">Danh m\u1ee5c ch\u00ednh<\/h3>\n<div><ion-icon name=\"chevron-up-outline\"><\/ion-icon><\/div>\n<\/div>\n<ul class=\"toc-list\">\n<li><a href='https:\/\/dalatreview.vn\/en#1-vi-tri' class='heading-h2 toc-link smooth-scroll'>1.V\u1ecb tr\u00ed\u00a0<\/a>\n<li><a href='https:\/\/dalatreview.vn\/en#2-decor' class='heading-h2 toc-link smooth-scroll'>2. Decor\u00a0<\/a>\n<li><a href='https:\/\/dalatreview.vn\/en#3-dich-vu-tien-nghi' class='heading-h2 toc-link smooth-scroll'>3. D\u1ecbch v\u1ee5 &amp; Ti\u1ec7n nghi<\/a>\n<li><a href='https:\/\/dalatreview.vn\/en#4-gia-phong' class='heading-h2 toc-link smooth-scroll'>4. Gi\u00e1 ph\u00f2ng\u00a0<\/a>\n<li><a href='https:\/\/dalatreview.vn\/en#5-lien-he' class='heading-h2 toc-link smooth-scroll'>5. Li\u00ean h\u1ec7\u00a0<\/a><\/ul>\n<\/ul>\n<\/li>\n<\/ul>\n<\/nav>\n<h1 style=\"text-align: center;\"><a class=\"_2u0z\" role=\"button\" href=\"https:\/\/www.facebook.com\/booking.dalatreview.vn\" rel=\"dialog\" data-hovercard=\"\/ajax\/hovercard\/page.php?id=148363075822628&amp;extragetparams=%7B%22__tn__%22%3A%22%2CdK-R-R%22%2C%22eid%22%3A%22ARBxHnDL5dgkGipYM_gEiOB_UiVqw9ZFuMpwbbTtoLh9FX2db0-DOa-GgBmt3V6A8XgaEpOJnErRn9a-%22%2C%22directed_target_id%22%3A295094014719733%2C%22fref%22%3A%22gs%22%2C%22dti%22%3A295094014719733%2C%22hc_location%22%3A%22group%22%7D\" data-hovercard-prefer-more-content-show=\"1\"><span style=\"font-size: 24px; color: #003300;\">Th\u1ecb Tr\u1ea5n Nh\u1ecf Homestay \u0110\u00e0 L\u1ea1t<\/span><\/a><span style=\"font-size: 24px; color: #003300;\"> &#8211; <span class=\"_4yxo\">GI\u00c1 CH\u1ec8 T\u1eea 280K<\/span><\/span><\/h1>\n<p>&nbsp;<\/p>\n<h2 style=\"text-align: left;\" id=\"1-vi-tri\"><strong>1.V\u1ecb tr\u00ed\u00a0<span class=\"pq6dq46d tbxw36s4 knj5qynh kvgmc6g5 ditlmg2l oygrvhab nvdbi5me sf5mxxl7 gl3lb2sf hhz5lgdu\"><img decoding=\"async\" src=\"https:\/\/static.xx.fbcdn.net\/images\/emoji.php\/v9\/tea\/1\/16\/1f332.png\" alt=\"\ud83c\udf32\" width=\"16\" height=\"16\" \/><\/span><\/strong><\/h2>\n<p style=\"text-align: left;\">T\u1ecda l\u1ea1c t\u1ea1i s\u1ed1 17 Ng\u00f4 V\u0103n S\u1edf &#8211; Ph\u01b0\u1eddng 9 &#8211; \u0110\u00e0 L\u1ea1t. \u0110\u00e2y l\u00e0 v\u1ecb tr\u00ed th\u00f4ng tho\u00e1ng. G\u1ea7n nhi\u1ec1u \u0111\u1ecba \u0111i\u1ec3m du l\u1ecbch n\u1ed5i ti\u1ebfng t\u1ea1i \u0110\u00e0 L\u1ea1t nh\u01b0 v\u01b0\u1eddn d\u00e2u BioFresh, v\u01b0\u1eddn d\u00e2u b\u00e0 Vai, cafe Kimochi,&#8230;Ph\u00f9 h\u1ee3p cho nh\u1eefng ai y\u00eau th\u00edch s\u1ef1 b\u00ecnh y\u00ean. Mu\u1ed1n t\u00ecm m\u1ed9t homestay xinh s\u1eafn \u1ea5m c\u00fang t\u1ea1i s\u1ee9 s\u1edf x\u01b0\u01a1ng m\u00f9. <img decoding=\"async\" class=\"aligncenter size-full wp-image-7633\" src=\"https:\/\/dalatreview.vn\/wp-content\/uploads\/2020\/10\/1-9-1.jpg\" alt=\"\" width=\"1200\" height=\"900\"><\/p>\n<h2 style=\"text-align: left;\" id=\"2-decor\"><strong>2. Decor\u00a0<span class=\"pq6dq46d tbxw36s4 knj5qynh kvgmc6g5 ditlmg2l oygrvhab nvdbi5me sf5mxxl7 gl3lb2sf hhz5lgdu\"><img decoding=\"async\" src=\"https:\/\/static.xx.fbcdn.net\/images\/emoji.php\/v9\/tea\/1\/16\/1f332.png\" alt=\"\ud83c\udf32\" width=\"16\" height=\"16\" \/><\/span><\/strong><\/h2>\n<p style=\"text-align: left;\">Thi\u1ebft k\u1ebf g\u1ea7n g\u0169i, c\u1ea3m gi\u00e1c nh\u01b0 \u0111ang \u1edf m\u1ed9t th\u1ecb tr\u1ea5n nh\u1ecf, b\u00ecnh y\u00ean. Gam m\u00e0u ch\u1ee7 \u0111\u1ea1o l\u00e0 h\u1ed3ng v\u00e0 v\u00e0ng t\u01b0\u01a1i m\u1edbi. Trong home s\u1eed d\u1ee5ng nhi\u1ec1u v\u1eadt d\u1ee5ng trang tr\u00ed xinh x\u1eafn d\u1ec5 th\u01b0\u01a1ng nh\u01b0: Bi\u1ec3n hi\u1ec7u g\u1ed7, ch\u1eadu hoa nh\u1ecf, \u0111\u00e8n l\u1ed3ng,..n\u1eefa nh\u00e9.<img decoding=\"async\" class=\"aligncenter size-full wp-image-7634\" src=\"https:\/\/dalatreview.vn\/wp-content\/uploads\/2020\/10\/2-9.jpg\" alt=\"\" width=\"1200\" height=\"900\">Nhi\u1ec1u g\u00f3c \u0111\u01b0\u1ee3c trang tr\u00ed t\u1ec9 m\u1ec9. \u0110\u01b0\u1ee3c ngh\u1ec9 ng\u01a1i t\u1ea1i home, chi\u1ec1u chi\u1ec1u ra v\u01b0\u1eddn ch\u1ee5p \u1ea3nh, ng\u1eafm ho\u00e0ng h\u00f4n th\u00ec c\u00f2n g\u00ec b\u1eb1ng.<br \/>\n<img decoding=\"async\" class=\"aligncenter size-full wp-image-7635\" src=\"https:\/\/dalatreview.vn\/wp-content\/uploads\/2020\/10\/3-11.jpg\" alt=\"\" width=\"1200\" height=\"900\"><\/p>\n<p><span style=\"color: #003300;\"><strong>Book tour c\u1eafm tr\u1ea1i s\u0103n m\u00e2y \u0110\u00e0 L\u1ea1t<\/strong><\/span><\/p>\n<p>\u2705Fanpage:\u00a0<a href=\"https:\/\/www.facebook.com\/CampingArtDaLat\" target=\"_blank\" rel=\"noopener\">Camping Art \u0110\u00e0 L\u1ea1t\u00a0<\/a><\/p>\n<p>\u2705Hotline t\u01b0 v\u1ea5n: 0968249297<\/p>\n<h2 style=\"text-align: left;\" id=\"3-dich-vu-tien-nghi\"><strong>3. D\u1ecbch v\u1ee5 &amp; Ti\u1ec7n nghi<\/strong><strong><span class=\"pq6dq46d tbxw36s4 knj5qynh kvgmc6g5 ditlmg2l oygrvhab nvdbi5me sf5mxxl7 gl3lb2sf hhz5lgdu\"><img decoding=\"async\" src=\"https:\/\/static.xx.fbcdn.net\/images\/emoji.php\/v9\/tea\/1\/16\/1f332.png\" alt=\"\ud83c\udf32\" width=\"16\" height=\"16\" \/><\/span><\/strong><\/h2>\n<div class=\"_2cuy _3dgx _2vxa\" style=\"text-align: left;\">Ph\u00f2ng nh\u1ecf xinh v\u1edbi c\u00e1c ti\u1ec7n nghi c\u01a1 b\u1ea3n.<\/div>\n<div class=\"_2cuy _3dgx _2vxa\" style=\"text-align: left;\">T\u1ed1i t\u1ed1i b\u1ea1n c\u00f2n c\u00f3 th\u1ec3 t\u1ef1 t\u1ed5 ch\u1ee9c n\u1ea5u \u0103n ho\u1eb7c ti\u1ec7c BBQ<br \/>\n\u0110\u1eb7c bi\u1ec7t: Th\u1ecb Tr\u1ea5n Nh\u1ecf c\u00f3 nhi\u1ec1u g\u00f3c checkin.<\/div>\n<div class=\"_2cuy _3dgx _2vxa\" style=\"text-align: left;\"><span class=\"_5mfr\"><span class=\"_6qdm\">D<\/span><\/span>\u1ecbch v\u1ee5 cho thu\u00ea xe m\u00e1y cho kh\u00e1ch t\u1ea1i home: xe s\u1ed1 100k\/ng\u00e0y, xe ga 130k\/ng\u00e0y<\/div>\n<div class=\"_2cuy _3dgx _2vxa\" style=\"text-align: left;\">Anh ch\u1ecb ch\u1ee7 vui v\u1ebb v\u00e0 th\u00e2n thi\u1ec7n, s\u1eb5n s\u00e0ng h\u1ed7 tr\u1ee3 c\u00e1c b\u1ea1n khi c\u00f3 nhu c\u1ea7u nh\u00e9<\/div>\n<div style=\"text-align: left;\">Th\u1ecb Tr\u1ea5n Nh\u1ecf c\u00f3 cho thu\u00ea \u0111\u1ea9y em b\u00e9, ch\u1eafc ch\u1eafn &amp; ti\u1ec7n d\u1ee5ng, giao nh\u1eadn t\u1eadn n\u01a1i<\/div>\n<div style=\"text-align: left;\"><img decoding=\"async\" class=\"aligncenter size-full wp-image-7636\" src=\"https:\/\/dalatreview.vn\/wp-content\/uploads\/2020\/10\/4-8.jpg\" alt=\"\" width=\"1200\" height=\"900\"><\/div>\n<div>\n<h2 style=\"text-align: left;\" id=\"4-gia-phong\"><strong><span class=\"_4yxo\">4. Gi\u00e1 ph\u00f2ng\u00a0<\/span><\/strong><strong><span class=\"pq6dq46d tbxw36s4 knj5qynh kvgmc6g5 ditlmg2l oygrvhab nvdbi5me sf5mxxl7 gl3lb2sf hhz5lgdu\"><img decoding=\"async\" src=\"https:\/\/static.xx.fbcdn.net\/images\/emoji.php\/v9\/tea\/1\/16\/1f332.png\" alt=\"\ud83c\udf32\" width=\"16\" height=\"16\" \/><\/span><\/strong><\/h2>\n<p style=\"text-align: left;\">Ph\u00f2ng 2 ng\u01b0\u1eddi lo\u1ea1i 1: gi\u00e1 280k\/ng\u00e0y<br \/>\nPh\u00f2ng 2 ng\u01b0\u1eddi lo\u1ea1i 2: gi\u00e1 350k\/ng\u00e0y<br \/>\nPh\u00f2ng 3-4 ng\u01b0\u1eddi: gi\u00e1 500k\/ng\u00e0y<br \/>\nPh\u00f2ng nh\u00f3m ri\u00eang 5-8 ng\u01b0\u1eddi: gi\u00e1 90k\/ng\u01b0\u1eddi\/ng\u00e0y<br \/>\n<span class=\"_5mfr\"><span class=\"_6qdm\">\ud83c\udf4e<\/span><\/span>Checkin 14:00, checkout 12:00<span class=\"_5mfr\"><span class=\"_6qdm\">\ud83c\udf4e<\/span><\/span><\/p>\n<p style=\"text-align: left;\"><img decoding=\"async\" class=\"aligncenter size-full wp-image-7637\" src=\"https:\/\/dalatreview.vn\/wp-content\/uploads\/2020\/10\/5-8.jpg\" alt=\"\" width=\"1200\" height=\"900\"><\/p>\n<h2 style=\"text-align: left;\" id=\"5-lien-he\">5. Li\u00ean h\u1ec7\u00a0<strong><span class=\"pq6dq46d tbxw36s4 knj5qynh kvgmc6g5 ditlmg2l oygrvhab nvdbi5me sf5mxxl7 gl3lb2sf hhz5lgdu\"><img decoding=\"async\" src=\"https:\/\/static.xx.fbcdn.net\/images\/emoji.php\/v9\/tea\/1\/16\/1f332.png\" alt=\"\ud83c\udf32\" width=\"16\" height=\"16\" \/><\/span><\/strong><\/h2>\n<p style=\"text-align: left;\"><span class=\"_5mfr\"><span class=\"_6qdm\">\ud83d\udc49<\/span><\/span>\u0110\u1ecba ch\u1ec9: 17 Ng\u00f4 V\u0103n S\u1edf &#8211; Ph\u01b0\u1eddng 9 &#8211; \u0110\u00e0 L\u1ea1t<br \/>\n<span class=\"_5mfr\"><span class=\"_6qdm\">\ud83d\udc49<\/span><\/span>Fanpage: <a href=\"https:\/\/www.facebook.com\/booking.dalatreview.vn\">Th\u1ecb Tr\u1ea5n Nh\u1ecf Homestay \u0110\u00e0 L\u1ea1t<\/a><br \/>\n<span class=\"_5mfr\"><span class=\"_6qdm\">\ud83d\udc49<\/span><\/span>Hotline: 0968249297<\/p>\n<\/div>","protected":false},"excerpt":{"rendered":"<p>T\u1ecda l\u1ea1c t\u1ea1i s\u1ed1 17 Ng\u00f4 V\u0103n S\u1edf &#8211; Ph\u01b0\u1eddng 9 &#8211; \u0110\u00e0 L\u1ea1t. \u0110\u00e2y l\u00e0 v\u1ecb tr\u00ed th\u00f4ng tho\u00e1ng. G\u1ea7n nhi\u1ec1u \u0111\u1ecba \u0111i\u1ec3m du l\u1ecbch n\u1ed5i ti\u1ebfng t\u1ea1i \u0110\u00e0 L\u1ea1t nh\u01b0 v\u01b0\u1eddn d\u00e2u BioFresh, v\u01b0\u1eddn d\u00e2u b\u00e0 Vai, cafe Kimochi,&#8230;Ph\u00f9 h\u1ee3p cho nh\u1eefng ai y\u00eau th\u00edch s\u1ef1 b\u00ecnh y\u00ean. Mu\u1ed1n t\u00ecm m\u1ed9t homestay xinh s\u1eafn \u1ea5m c\u00fang t\u1ea1i s\u1ee9 s\u1edf x\u01b0\u01a1ng m\u00f9.<\/p>","protected":false},"featured_media":7638,"comment_status":"open","ping_status":"closed","template":"","meta":{"_acf_changed":false,"rank_math_lock_modified_date":false},"product_cat":[29,2255,36],"product_tag":[],"acf":[],"_links":{"self":[{"href":"https:\/\/dalatreview.vn\/en\/wp-json\/wp\/v2\/product\/7632"}],"collection":[{"href":"https:\/\/dalatreview.vn\/en\/wp-json\/wp\/v2\/product"}],"about":[{"href":"https:\/\/dalatreview.vn\/en\/wp-json\/wp\/v2\/types\/product"}],"replies":[{"embeddable":true,"href":"https:\/\/dalatreview.vn\/en\/wp-json\/wp\/v2\/comments?post=7632"}],"wp:featuredmedia":[{"embeddable":true,"href":"https:\/\/dalatreview.vn\/en\/wp-json\/wp\/v2\/media\/7638"}],"wp:attachment":[{"href":"https:\/\/dalatreview.vn\/en\/wp-json\/wp\/v2\/media?parent=7632"}],"wp:term":[{"taxonomy":"product_cat","embeddable":true,"href":"https:\/\/dalatreview.vn\/en\/wp-json\/wp\/v2\/product_cat?post=7632"},{"taxonomy":"product_tag","embeddable":true,"href":"https:\/\/dalatreview.vn\/en\/wp-json\/wp\/v2\/product_tag?post=7632"}],"curies":[{"name":"wp","href":"https:\/\/api.w.org\/{rel}","templated":true}]}}