
{"id":7488,"date":"2020-10-08T10:01:37","date_gmt":"2020-10-08T03:01:37","guid":{"rendered":"https:\/\/dalatreview.vn\/?p=7488"},"modified":"2024-07-12T14:02:56","modified_gmt":"2024-07-12T07:02:56","slug":"sunrise-homestay-xinh-san-giua-long-da-lat","status":"publish","type":"product","link":"https:\/\/dalatreview.vn\/en\/sunrise-homestay-xinh-san-giua-long-da-lat.html","title":{"rendered":"Sunrise homestay xinh s\u1eafn gi\u1eefa l\u00f2ng \u0110\u00e0 L\u1ea1t"},"content":{"rendered":"<nav class=\"vietrick-auto-toc\">\n<div class=\"box-title\">\n<h3 class=\"toc-title\" id=\"select-menu\">Danh m\u1ee5c ch\u00ednh<\/h3>\n<div><ion-icon name=\"chevron-up-outline\"><\/ion-icon><\/div>\n<\/div>\n<ul class=\"toc-list\"><\/ul>\n<li><a href='https:\/\/dalatreview.vn\/en#sunrise-homestay-xinh-xan-giua-long-da-lat' class='heading-h1 toc-link smooth-scroll'>Sunrise homestay xinh x\u1eafn gi\u1eefa l\u00f2ng \u0110\u00e0 L\u1ea1t<\/a>\n<ul>\n<li><a href='https:\/\/dalatreview.vn\/en#1-vi-tri' class='heading-h2 toc-link smooth-scroll'>1. V\u1ecb tr\u00ed <\/a>\n<li><a href='https:\/\/dalatreview.vn\/en#2-decor' class='heading-h2 toc-link smooth-scroll'>2. Decor <\/a>\n<li><a href='https:\/\/dalatreview.vn\/en#3-dich-vu-tien-nghi' class='heading-h2 toc-link smooth-scroll'>3. D\u1ecbch v\u1ee5 &amp; Ti\u1ec7n nghi <\/a>\n<li><a href='https:\/\/dalatreview.vn\/en#4-gia-phong' class='heading-h2 toc-link smooth-scroll'>4. Gi\u00e1 ph\u00f2ng <\/a>\n<li><a href='https:\/\/dalatreview.vn\/en#5-lien-he' class='heading-h2 toc-link smooth-scroll'>5. Li\u00ean h\u1ec7 <\/a><\/ul>\n<\/ul>\n<\/li>\n<\/ul>\n<\/nav>\n<h1 style=\"text-align: center;\" id=\"sunrise-homestay-xinh-xan-giua-long-da-lat\"><strong><span style=\"color: #003300; font-size: 24px;\">Sunrise homestay xinh x\u1eafn gi\u1eefa l\u00f2ng \u0110\u00e0 L\u1ea1t<\/span><\/strong><\/h1>\n<p>&nbsp;<\/p>\n<h2 style=\"text-align: left;\" id=\"1-vi-tri\"><span style=\"color: #000080;\"><strong>1. V\u1ecb tr\u00ed <img decoding=\"async\" src=\"https:\/\/static.xx.fbcdn.net\/images\/emoji.php\/v9\/t87\/1\/16\/1f340.png\" alt=\"\ud83c\udf40\" width=\"16\" height=\"16\" \/><\/strong><\/span><\/h2>\n<p style=\"text-align: left;\">T\u1ecda l\u1ea1c t\u1ea1i \u0111\u1ecba ch\u1ec9 s\u1ed1 33C , \u0111\u01b0\u1eddng X\u00f4 Vi\u1ebft Ngh\u1ec7 T\u0129nh, ph\u01b0\u1eddng 7, th\u00e0nh ph\u1ed1 \u0110\u00e0 L\u1ea1t. L\u00e0 m\u1ed9t homestay xinh x\u1eafn \u0111\u01b0\u1ee3c du kh\u00e1ch y\u00eau m\u1ebfn khi \u0111\u1ebfn \u0110\u00e0 L\u1ea1t. Ngo\u00e0i ra Sunrise homestay c\u00f2n c\u00f3 view ban c\u00f4ng tho\u00e1ng m\u00e1t cho nh\u1eefng ai th\u00edch ng\u1eafm c\u1ea3nh, ch\u1ee5p h\u00ecnh,&#8230;<img decoding=\"async\" class=\"aligncenter size-full wp-image-7490\" src=\"https:\/\/dalatreview.vn\/wp-content\/uploads\/2020\/10\/2-2-1.jpg\" alt=\"\" width=\"1200\" height=\"900\"><\/p>\n<h2 style=\"text-align: left;\" id=\"2-decor\"><span style=\"color: #000080;\"><strong>2. Decor <\/strong><\/span><span style=\"color: #000080;\"><strong><img decoding=\"async\" src=\"https:\/\/static.xx.fbcdn.net\/images\/emoji.php\/v9\/t87\/1\/16\/1f340.png\" alt=\"\ud83c\udf40\" width=\"16\" height=\"16\" \/><\/strong><\/span><\/h2>\n<p style=\"text-align: left;\">Thi\u1ebft k\u1ebf n\u1ed9i th\u1ea5t sang tr\u1ecdng, ti\u1ec7n l\u1ee3i. T\u00f4ng m\u00e0u ch\u00ednh l\u00e0 m\u00e0u tr\u1eafng t\u1ea1o c\u1ea3m gi\u00e1c r\u1ea5t thanh l\u1ecbch. Ph\u00f2ng v\u00e0 l\u1ed1i \u0111i thi\u1ebft k\u1ebf b\u1eb1ng k\u00ednh trong su\u1ed1t cho b\u1ea1n ng\u1eafm view th\u00e0nh ph\u1ed1 ngay t\u1ea1i ph\u00f2ng ngh\u1ec9 c\u1ee7a m\u00ecnh.<img decoding=\"async\" class=\"aligncenter size-full wp-image-7491\" src=\"https:\/\/dalatreview.vn\/wp-content\/uploads\/2020\/10\/3-1-2.jpg\" alt=\"\" width=\"1200\" height=\"900\">Kh\u00f4ng gian tho\u00e1ng gi\u00fap b\u1ea1n ngh\u1ec9 ng\u01a1i th\u01b0 gi\u00e3n nh\u1ea5t. Ph\u00f2ng \u1ed1c s\u1ea1ch s\u1ebd v\u00e0 hi\u1ec7n \u0111\u1ea1i. B\u00ean ngo\u00e0i homestay \u0111\u01b0\u1ee3c trang tr\u00ed b\u1edfi nhi\u1ec1u hoa v\u0103n v\u00e0 hoa c\u1ecf b\u1ea1n c\u00f3 th\u1ec3 tham quan, checkin ngay t\u1ea1i \u0111\u00e2y.<\/p>\n<p style=\"text-align: left;\"><img decoding=\"async\" class=\"aligncenter size-full wp-image-7492\" src=\"https:\/\/dalatreview.vn\/wp-content\/uploads\/2020\/10\/4-1-1.jpg\" alt=\"\" width=\"1200\" height=\"900\">Ph\u00f2ng thi\u1ebft k\u1ebf h\u01b0\u1edbng s\u00e1ng. Ng\u1eafm \u0111\u01b0\u1ee3c b\u00ecnh minh v\u00e0 ho\u00e0ng h\u00f4n r\u1ea5t \u0111\u1eb9p. Th\u00edch h\u1ee3p cho c\u1ea3 \u0111\u00f4i b\u1ea1n, gia \u0111\u00ecnh hay nh\u00f3m b\u1ea1n,&#8230;<img decoding=\"async\" class=\"aligncenter size-full wp-image-7495\" src=\"https:\/\/dalatreview.vn\/wp-content\/uploads\/2020\/10\/7-1-1.jpg\" alt=\"\" width=\"1200\" height=\"900\"><\/p>\n<h2 style=\"text-align: left;\" id=\"3-dich-vu-tien-nghi\"><span style=\"color: #000080;\"><strong>3. D\u1ecbch v\u1ee5 &amp; Ti\u1ec7n nghi <\/strong><\/span><span style=\"color: #000080;\"><strong><img decoding=\"async\" src=\"https:\/\/static.xx.fbcdn.net\/images\/emoji.php\/v9\/t87\/1\/16\/1f340.png\" alt=\"\ud83c\udf40\" width=\"16\" height=\"16\" \/><\/strong><\/span><\/h2>\n<p style=\"text-align: left;\">\u00a0\u0110\u1ea7y \u0111\u1ee7 ti\u1ec7n nghi c\u1ee7a m\u1ed9t homestay hi\u1ec7n \u0111\u1ea1i<\/p>\n<p style=\"text-align: left;\">\u00a0C\u00f3 s\u00e2n BBQ r\u1ed9ng<\/p>\n<p style=\"text-align: left;\">\u00a0S\u00e2n th\u01b0\u1ee3ng cafe s\u00e1ng<\/p>\n<p style=\"text-align: left;\">\u00a0Nh\u1eadn \u0111\u1eb7t BBQ n\u1ebfu kh\u00e1ch c\u00f3 nhu c\u1ea7u <img decoding=\"async\" class=\"aligncenter size-full wp-image-7493\" src=\"https:\/\/dalatreview.vn\/wp-content\/uploads\/2020\/10\/5-1-2.jpg\" alt=\"\" width=\"1200\" height=\"900\"><\/p>\n<h2 style=\"text-align: left;\" id=\"4-gia-phong\"><span style=\"color: #000080;\"><strong><span class=\"_4yxo\">4. Gi\u00e1 ph\u00f2ng <\/span><\/strong><strong><img decoding=\"async\" src=\"https:\/\/static.xx.fbcdn.net\/images\/emoji.php\/v9\/t87\/1\/16\/1f340.png\" alt=\"\ud83c\udf40\" width=\"16\" height=\"16\" \/><\/strong><\/span><\/h2>\n<div dir=\"auto\" style=\"text-align: left;\"><span class=\"pq6dq46d tbxw36s4 knj5qynh kvgmc6g5 ditlmg2l oygrvhab nvdbi5me sf5mxxl7 gl3lb2sf hhz5lgdu\"><img decoding=\"async\" src=\"https:\/\/static.xx.fbcdn.net\/images\/emoji.php\/v9\/t2e\/1\/16\/1f6cc.png\" alt=\"\ud83d\udecc\" width=\"16\" height=\"16\" \/><\/span> Ph\u00f2ng 1 gi\u01b0\u1eddng\u00a0 t\u1ea7ng tr\u1ec7t: 200.000\u0111\/ \u0111\u00eam<\/div>\n<div dir=\"auto\" style=\"text-align: left;\"><span class=\"pq6dq46d tbxw36s4 knj5qynh kvgmc6g5 ditlmg2l oygrvhab nvdbi5me sf5mxxl7 gl3lb2sf hhz5lgdu\"><img decoding=\"async\" src=\"https:\/\/static.xx.fbcdn.net\/images\/emoji.php\/v9\/t2e\/1\/16\/1f6cc.png\" alt=\"\ud83d\udecc\" width=\"16\" height=\"16\" \/><\/span>ph\u00f2ng 1 gi\u01b0\u1eddng\u00a0 view k\u00ednh t\u1ea7ng 1: 300.000\u0111\/ \u0111\u00eam<\/div>\n<div dir=\"auto\" style=\"text-align: left;\"><span class=\"pq6dq46d tbxw36s4 knj5qynh kvgmc6g5 ditlmg2l oygrvhab nvdbi5me sf5mxxl7 gl3lb2sf hhz5lgdu\"><img decoding=\"async\" src=\"https:\/\/static.xx.fbcdn.net\/images\/emoji.php\/v9\/t2e\/1\/16\/1f6cc.png\" alt=\"\ud83d\udecc\" width=\"16\" height=\"16\" \/><\/span>ph\u00f2ng 1 gi\u01b0\u1eddng vip view k\u00ednh t\u1ea7ng cao nh\u1ea5t: 400.000\u0111\/ \u0111\u00eam<\/div>\n<div dir=\"auto\" style=\"text-align: left;\"><span class=\"pq6dq46d tbxw36s4 knj5qynh kvgmc6g5 ditlmg2l oygrvhab nvdbi5me sf5mxxl7 gl3lb2sf hhz5lgdu\"><img decoding=\"async\" src=\"https:\/\/static.xx.fbcdn.net\/images\/emoji.php\/v9\/t2e\/1\/16\/1f6cc.png\" alt=\"\ud83d\udecc\" width=\"16\" height=\"16\" \/><\/span>ph\u00f2ng 2 gi\u01b0\u1eddng view k\u00ednh: 600.000\u0111\/ \u0111\u00eam<\/div>\n<div dir=\"auto\" style=\"text-align: left;\"><span class=\"pq6dq46d tbxw36s4 knj5qynh kvgmc6g5 ditlmg2l oygrvhab nvdbi5me sf5mxxl7 gl3lb2sf hhz5lgdu\"><img decoding=\"async\" src=\"https:\/\/static.xx.fbcdn.net\/images\/emoji.php\/v9\/t2e\/1\/16\/1f6cc.png\" alt=\"\ud83d\udecc\" width=\"16\" height=\"16\" \/>P<\/span>h\u00f2ng dorm t\u1eadp th\u1ec3 15 ng\u01b0\u1eddi:\u00a0 Gi\u00e1 ch\u1ec9 100.000\u0111 \/1 b\u1ea1n<\/div>\n<div dir=\"auto\" style=\"text-align: left;\"><span class=\"pq6dq46d tbxw36s4 knj5qynh kvgmc6g5 ditlmg2l oygrvhab nvdbi5me sf5mxxl7 gl3lb2sf hhz5lgdu\"><img decoding=\"async\" src=\"https:\/\/static.xx.fbcdn.net\/images\/emoji.php\/v9\/t2e\/1\/16\/1f6cc.png\" alt=\"\ud83d\udecc\" width=\"16\" height=\"16\" \/>Nh\u00e0 n<\/span>guy\u00ean c\u0103n 20 ng\u01b0\u1eddi &#8211; 40 ng\u01b0\u1eddi: T\u1eeb 3 tri\u1ec7u &#8211; 5 tri\u1ec7u\/ \u0111\u00eam<\/div>\n<div dir=\"auto\" style=\"text-align: left;\"><img decoding=\"async\" class=\"aligncenter size-full wp-image-7494\" src=\"https:\/\/dalatreview.vn\/wp-content\/uploads\/2020\/10\/6-1-2.jpg\" alt=\"\" width=\"1200\" height=\"900\"><\/div>\n<div dir=\"auto\">\n<h2 style=\"text-align: left;\" id=\"5-lien-he\"><span style=\"color: #000080;\">5. Li\u00ean h\u1ec7 <strong><img decoding=\"async\" src=\"https:\/\/static.xx.fbcdn.net\/images\/emoji.php\/v9\/t87\/1\/16\/1f340.png\" alt=\"\ud83c\udf40\" width=\"16\" height=\"16\" \/><\/strong><\/span><\/h2>\n<p style=\"text-align: left;\">\ud83d\udccd\u0110\u1ecba ch\u1ec9: 33C, \u0111\u01b0\u1eddng X\u00f4 Vi\u1ebft Ngh\u1ec7 T\u0129nh, ph\u01b0\u1eddng 7, th\u00e0nh ph\u1ed1 \u0110\u00e0 L\u1ea1t<\/p>\n<p style=\"text-align: left;\"><span class=\"pq6dq46d tbxw36s4 knj5qynh kvgmc6g5 ditlmg2l oygrvhab nvdbi5me sf5mxxl7 gl3lb2sf hhz5lgdu\"><img decoding=\"async\" src=\"https:\/\/static.xx.fbcdn.net\/images\/emoji.php\/v9\/t51\/1\/16\/1f449.png\" alt=\"\ud83d\udc49\" width=\"16\" height=\"16\" \/><\/span>Fanpage: <a href=\"https:\/\/www.facebook.com\/booking.dalatreview.vn\">Sunrise homestay \u0110\u00e0 L\u1ea1t<\/a><\/p>\n<p style=\"text-align: left;\">\ud83d\udcdeSDT: 0988 249 297<\/p>\n<\/div>","protected":false},"excerpt":{"rendered":"<p>T\u1ecda l\u1ea1c t\u1ea1i \u0111\u1ecba ch\u1ec9 s\u1ed1 33C , \u0111\u01b0\u1eddng X\u00f4 Vi\u1ebft Ngh\u1ec7 T\u0129nh, ph\u01b0\u1eddng 7, th\u00e0nh ph\u1ed1 \u0110\u00e0 L\u1ea1t. L\u00e0 m\u1ed9t homestay xinh x\u1eafn \u0111\u01b0\u1ee3c du kh\u00e1ch y\u00eau m\u1ebfn khi \u0111\u1ebfn \u0110\u00e0 L\u1ea1t. Ngo\u00e0i ra Sunrise homestay c\u00f2n c\u00f3 view ban c\u00f4ng tho\u00e1ng m\u00e1t cho nh\u1eefng ai th\u00edch ng\u1eafm c\u1ea3nh, ch\u1ee5p h\u00ecnh,&#8230;<\/p>","protected":false},"featured_media":7496,"comment_status":"open","ping_status":"closed","template":"","meta":{"_acf_changed":false,"rank_math_lock_modified_date":false},"product_cat":[29,2255,36],"product_tag":[],"acf":[],"_links":{"self":[{"href":"https:\/\/dalatreview.vn\/en\/wp-json\/wp\/v2\/product\/7488"}],"collection":[{"href":"https:\/\/dalatreview.vn\/en\/wp-json\/wp\/v2\/product"}],"about":[{"href":"https:\/\/dalatreview.vn\/en\/wp-json\/wp\/v2\/types\/product"}],"replies":[{"embeddable":true,"href":"https:\/\/dalatreview.vn\/en\/wp-json\/wp\/v2\/comments?post=7488"}],"wp:featuredmedia":[{"embeddable":true,"href":"https:\/\/dalatreview.vn\/en\/wp-json\/wp\/v2\/media\/7496"}],"wp:attachment":[{"href":"https:\/\/dalatreview.vn\/en\/wp-json\/wp\/v2\/media?parent=7488"}],"wp:term":[{"taxonomy":"product_cat","embeddable":true,"href":"https:\/\/dalatreview.vn\/en\/wp-json\/wp\/v2\/product_cat?post=7488"},{"taxonomy":"product_tag","embeddable":true,"href":"https:\/\/dalatreview.vn\/en\/wp-json\/wp\/v2\/product_tag?post=7488"}],"curies":[{"name":"wp","href":"https:\/\/api.w.org\/{rel}","templated":true}]}}