
{"id":7355,"date":"2020-10-03T11:29:28","date_gmt":"2020-10-03T04:29:28","guid":{"rendered":"https:\/\/dalatreview.vn\/?p=7355"},"modified":"2024-05-30T07:21:29","modified_gmt":"2024-05-30T07:21:29","slug":"hotel-colline-da-lat","status":"publish","type":"product","link":"https:\/\/dalatreview.vn\/en\/hotel-colline-da-lat.html","title":{"rendered":"H\u00f4tel Colline &#8211; \u0110\u00e0 L\u1ea1t"},"content":{"rendered":"<h1 style=\"text-align: center;\"><strong><span style=\"color: #003366; font-size: 28px;\">H\u00f4tel Colline &#8211; Hotel x\u1ecbn sang x\u1ecbn b\u1eadc nh\u1ea5t \u0110\u00e0 L\u1ea1t<br \/>\n<\/span><\/strong><\/h1>\n<nav class=\"vietrick-auto-toc\">\n<div class=\"box-title\">\n<h3 class=\"toc-title\" id=\"select-menu\">Danh m\u1ee5c ch\u00ednh<\/h3>\n<div><ion-icon name=\"chevron-up-outline\"><\/ion-icon><\/div>\n<\/div>\n<ul class=\"toc-list\">\n<li><a href='https:\/\/dalatreview.vn\/en#1-vi-tri' class='heading-h2 toc-link smooth-scroll'>1.V\u1ecb tr\u00ed <\/a>\n<li><a href='https:\/\/dalatreview.vn\/en#2-decor' class='heading-h2 toc-link smooth-scroll'>2. Decor <\/a>\n<li><a href='https:\/\/dalatreview.vn\/en#3-dich-vu-tien-nghi' class='heading-h2 toc-link smooth-scroll'>3. D\u1ecbch v\u1ee5 &amp; Ti\u1ec7n nghi<\/a>\n<li><a href='https:\/\/dalatreview.vn\/en#4-gia-phong' class='heading-h2 toc-link smooth-scroll'>4. Gi\u00e1 ph\u00f2ng <\/a>\n<li><a href='https:\/\/dalatreview.vn\/en#5-lien-he' class='heading-h2 toc-link smooth-scroll'>5. Li\u00ean h\u1ec7 <\/a><\/ul>\n<\/ul>\n<\/li>\n<\/ul>\n<\/nav>\n<h2 id=\"1-vi-tri\"><span style=\"color: #003366;\"><strong>1.V\u1ecb tr\u00ed <span class=\"pq6dq46d tbxw36s4 knj5qynh kvgmc6g5 ditlmg2l oygrvhab nvdbi5me sf5mxxl7 gl3lb2sf hhz5lgdu\"><img decoding=\"async\" src=\"https:\/\/static.xx.fbcdn.net\/images\/emoji.php\/v9\/tea\/1\/16\/1f332.png\" alt=\"\ud83c\udf32\" width=\"16\" height=\"16\" \/><\/span><\/strong><\/span><\/h2>\n<p>T\u1ecda l\u1ea1c t\u1ea1i \u0111\u1ecba ch\u1ec9 s\u1ed1 10 Phan B\u1ed9i Ch\u00e2u, ph\u01b0\u1eddng 1, TP \u0110\u00e0 L\u1ea1t. N\u1eb1m \u1edf trung t\u00e2m th\u00e0nh ph\u1ed1 ngay \u0110\u00e0 L\u1ea1t Center, c\u00e1ch ch\u1ee3 \u0111\u00eam \u0110\u00e0 L\u1ea1t 220m, ch\u1ee3 \u0110\u00e0 L\u1ea1t 200m, H\u1ed3 xu\u00e2n h\u01b0\u01a1ng 450m&#8230;R\u1ea5t thu\u1eadn ti\u1ec7n \u0111\u1ec3 b\u1ea1n v\u1eeba du l\u1ecbch v\u1eeba ngh\u1ec9 ng\u01a1i nh\u00e9.<img decoding=\"async\" class=\"aligncenter size-full wp-image-7358\" src=\"https:\/\/dalatreview.vn\/wp-content\/uploads\/2020\/10\/1-2-1.jpg\" alt=\"\" width=\"1200\" height=\"900\"><\/p>\n<h2 id=\"2-decor\"><span style=\"color: #003366;\"><strong>2. Decor <span class=\"pq6dq46d tbxw36s4 knj5qynh kvgmc6g5 ditlmg2l oygrvhab nvdbi5me sf5mxxl7 gl3lb2sf hhz5lgdu\"><img decoding=\"async\" src=\"https:\/\/static.xx.fbcdn.net\/images\/emoji.php\/v9\/tea\/1\/16\/1f332.png\" alt=\"\ud83c\udf32\" width=\"16\" height=\"16\" \/><\/span><\/strong><\/span><\/h2>\n<p><img decoding=\"async\" class=\"emoji\" role=\"img\" draggable=\"false\" src=\"https:\/\/s.w.org\/images\/core\/emoji\/12.0.0-1\/svg\/1f331.svg\" alt=\"\ud83c\udf31\" \/>Thi\u1ebft k\u1ebf n\u1ed9i th\u1ea5t sang tr\u1ecdng, chu\u1ea9n kh\u00e1ch s\u1ea1n 4 sao. C\u00e1c ph\u00f2ng \u0111\u1ec1u \u0111\u01b0\u1ee3c trang b\u1ecb thi\u1ebft b\u1ecb hi\u1ec7n \u0111\u1ea1i v\u00e0 ti\u1ec7n d\u1ee5ng. B\u1ea1n c\u00f2n \u0111\u01b0\u1ee3c ng\u1eafm view th\u00e0nh ph\u1ed1 ngay t\u1ea1i ph\u00f2ng ngh\u1ec9 c\u1ee7a m\u00ecnh.<img decoding=\"async\" class=\"aligncenter size-full wp-image-7360\" src=\"https:\/\/dalatreview.vn\/wp-content\/uploads\/2020\/10\/7-1.jpg\" alt=\"\" width=\"1200\" height=\"900\"><img decoding=\"async\" class=\"emoji\" role=\"img\" draggable=\"false\" src=\"https:\/\/s.w.org\/images\/core\/emoji\/12.0.0-1\/svg\/1f331.svg\" alt=\"\ud83c\udf31\" \/> H\u00f4tel Colline v\u1edbi thi\u1ebft k\u1ebf t\u1ed1i gi\u1ea3n v\u1edbi tone m\u00e0u n\u00e2u v\u00e0ng \u1ea5m c\u00fang. Xen k\u1ebd m\u1ed9t ch\u00fat phong c\u00e1ch ch\u00e2u \u00c2u, mang \u0111\u1ebfn c\u1ea3m gi\u00e1c th\u1ea3nh th\u01a1i tho\u1ea3i m\u00e1i nh\u01b0ng l\u1ea1i v\u00f4 c\u00f9ng s\u1ea1ch s\u1ebd sang tr\u1ecdng,\u2026<img decoding=\"async\" class=\"aligncenter size-full wp-image-7359\" src=\"https:\/\/dalatreview.vn\/wp-content\/uploads\/2020\/10\/6-1-1.jpg\" alt=\"\" width=\"1200\" height=\"900\"><\/p>\n<h2 id=\"3-dich-vu-tien-nghi\"><span style=\"color: #003366;\"><strong>3. D\u1ecbch v\u1ee5 &amp; Ti\u1ec7n nghi<\/strong><strong><span class=\"pq6dq46d tbxw36s4 knj5qynh kvgmc6g5 ditlmg2l oygrvhab nvdbi5me sf5mxxl7 gl3lb2sf hhz5lgdu\"><img decoding=\"async\" src=\"https:\/\/static.xx.fbcdn.net\/images\/emoji.php\/v9\/tea\/1\/16\/1f332.png\" alt=\"\ud83c\udf32\" width=\"16\" height=\"16\" \/><\/span><\/strong><\/span><\/h2>\n<p><img decoding=\"async\" class=\"emoji\" role=\"img\" draggable=\"false\" src=\"https:\/\/s.w.org\/images\/core\/emoji\/12.0.0-1\/svg\/2705.svg\" alt=\"\u2705\" \/>\u0110\u1ea7y \u0111\u1ee7 ti\u1ec7n nghi c\u1ee7a m\u1ed9t kh\u00e1ch s\u1ea1n 4 sao<\/p>\n<p><img decoding=\"async\" class=\"emoji\" role=\"img\" draggable=\"false\" src=\"https:\/\/s.w.org\/images\/core\/emoji\/12.0.0-1\/svg\/2705.svg\" alt=\"\u2705\" \/>D\u1ecbch v\u1ee5 massage, spa<\/p>\n<p><img decoding=\"async\" class=\"emoji\" role=\"img\" draggable=\"false\" src=\"https:\/\/s.w.org\/images\/core\/emoji\/12.0.0-1\/svg\/2705.svg\" alt=\"\u2705\" \/>D\u1ecbch v\u1ee5 x\u00f4ng h\u01a1i kh\u00f4, \u01b0\u1edbt<\/p>\n<p><img decoding=\"async\" class=\"emoji\" role=\"img\" draggable=\"false\" src=\"https:\/\/s.w.org\/images\/core\/emoji\/12.0.0-1\/svg\/2705.svg\" alt=\"\u2705\" \/>Ph\u00f2ng t\u1eadp th\u1ec3 d\u1ee5c<\/p>\n<p><img decoding=\"async\" class=\"emoji\" role=\"img\" draggable=\"false\" src=\"https:\/\/s.w.org\/images\/core\/emoji\/12.0.0-1\/svg\/2705.svg\" alt=\"\u2705\" \/>Ph\u00f2ng h\u1ed9i ngh\u1ecb v\u00e0 t\u1ed5 ch\u1ee9c ti\u1ec7c c\u01b0\u1edbi <img decoding=\"async\" class=\"aligncenter size-full wp-image-7361\" src=\"https:\/\/dalatreview.vn\/wp-content\/uploads\/2020\/10\/8-1.jpg\" alt=\"\" width=\"1200\" height=\"900\"><\/p>\n<h2 id=\"4-gia-phong\"><span style=\"color: #003366;\"><strong><span class=\"_4yxo\">4. Gi\u00e1 ph\u00f2ng <\/span><\/strong><\/span><span style=\"color: #003366;\"><strong><span class=\"pq6dq46d tbxw36s4 knj5qynh kvgmc6g5 ditlmg2l oygrvhab nvdbi5me sf5mxxl7 gl3lb2sf hhz5lgdu\"><img decoding=\"async\" src=\"https:\/\/static.xx.fbcdn.net\/images\/emoji.php\/v9\/tea\/1\/16\/1f332.png\" alt=\"\ud83c\udf32\" width=\"16\" height=\"16\" \/><\/span><\/strong><\/span><\/h2>\n<p><img decoding=\"async\" class=\"emoji\" role=\"img\" draggable=\"false\" src=\"https:\/\/s.w.org\/images\/core\/emoji\/12.0.0-1\/svg\/2705.svg\" alt=\"\u2705\" \/>Ph\u00f2ng superior (1 gi\u01b0\u1eddng \u0111\u00f4i): 2.690.000\u0111\/ \u0111\u00eam<\/p>\n<p><img decoding=\"async\" class=\"emoji\" role=\"img\" draggable=\"false\" src=\"https:\/\/s.w.org\/images\/core\/emoji\/12.0.0-1\/svg\/2705.svg\" alt=\"\u2705\" \/>Ph\u00f2ng Deluxe (2 ng\u01b0\u1eddi l\u1edbn): 2.990.000\u0111\/ \u0111\u00eam<\/p>\n<p><img decoding=\"async\" class=\"emoji\" role=\"img\" draggable=\"false\" src=\"https:\/\/s.w.org\/images\/core\/emoji\/12.0.0-1\/svg\/2705.svg\" alt=\"\u2705\" \/>Ph\u00f2ng Premire Deluxe (1 gi\u01b0\u1eddng \u0111\u00f4i\/2 gi\u01b0\u1eddng \u0111\u01a1n): 3.390.000\u0111\/ \u0111\u00eam<\/p>\n<p><img decoding=\"async\" class=\"emoji\" role=\"img\" draggable=\"false\" src=\"https:\/\/s.w.org\/images\/core\/emoji\/12.0.0-1\/svg\/2705.svg\" alt=\"\u2705\" \/>Ph\u00f2ng Studio (1 gi\u01b0\u1eddng \u0111\u00f4i) : 3.590.000\u0111\/ \u0111\u00eam<\/p>\n<p><img decoding=\"async\" class=\"emoji\" role=\"img\" draggable=\"false\" src=\"https:\/\/s.w.org\/images\/core\/emoji\/12.0.0-1\/svg\/2705.svg\" alt=\"\u2705\" \/>Ph\u00f2ng Deluxe Family ( 2 gi\u01b0\u1eddng \u0111\u00f4i): 4.590.000\u0111\/ \u0111\u00eam<\/p>\n<p><img decoding=\"async\" class=\"emoji\" role=\"img\" draggable=\"false\" src=\"https:\/\/s.w.org\/images\/core\/emoji\/12.0.0-1\/svg\/2705.svg\" alt=\"\u2705\" \/>Ph\u00f2ng Signature Suite (1 gi\u01b0\u1eddng \u0111\u00f4i): 6.690.000\u0111\/ \u0111\u00eam<img decoding=\"async\" class=\"aligncenter size-full wp-image-7362\" src=\"https:\/\/dalatreview.vn\/wp-content\/uploads\/2020\/10\/9-1.jpg\" alt=\"\" width=\"1200\" height=\"900\"><\/p>\n<h2 id=\"5-lien-he\"><span style=\"color: #003366;\">5. Li\u00ean h\u1ec7 <\/span><span style=\"color: #003366;\"><strong><span class=\"pq6dq46d tbxw36s4 knj5qynh kvgmc6g5 ditlmg2l oygrvhab nvdbi5me sf5mxxl7 gl3lb2sf hhz5lgdu\"><img decoding=\"async\" src=\"https:\/\/static.xx.fbcdn.net\/images\/emoji.php\/v9\/tea\/1\/16\/1f332.png\" alt=\"\ud83c\udf32\" width=\"16\" height=\"16\" \/><\/span><\/strong><\/span><\/h2>\n<p><span class=\"pq6dq46d tbxw36s4 knj5qynh kvgmc6g5 ditlmg2l oygrvhab nvdbi5me sf5mxxl7 gl3lb2sf hhz5lgdu\"><img decoding=\"async\" src=\"https:\/\/static.xx.fbcdn.net\/images\/emoji.php\/v9\/t51\/1\/16\/1f449.png\" alt=\"\ud83d\udc49\" width=\"16\" height=\"16\" \/><\/span>\u0110\u1ecba ch\u1ec9: S\u1ed1 10 Phan B\u1ed9i Ch\u00e2u, ph\u01b0\u1eddng 1, TP \u0110\u00e0 L\u1ea1t<\/p>\n<p><span class=\"pq6dq46d tbxw36s4 knj5qynh kvgmc6g5 ditlmg2l oygrvhab nvdbi5me sf5mxxl7 gl3lb2sf hhz5lgdu\"><img decoding=\"async\" src=\"https:\/\/static.xx.fbcdn.net\/images\/emoji.php\/v9\/t51\/1\/16\/1f449.png\" alt=\"\ud83d\udc49\" width=\"16\" height=\"16\" \/><\/span>Fanpage: <a href=\"https:\/\/www.facebook.com\/booking.dalatreview.vn\">H\u00f4tel Colline \u0110\u00e0 L\u1ea1t<\/a><\/p>\n<p><span class=\"pq6dq46d tbxw36s4 knj5qynh kvgmc6g5 ditlmg2l oygrvhab nvdbi5me sf5mxxl7 gl3lb2sf hhz5lgdu\"><img decoding=\"async\" src=\"https:\/\/static.xx.fbcdn.net\/images\/emoji.php\/v9\/t51\/1\/16\/1f449.png\" alt=\"\ud83d\udc49\" width=\"16\" height=\"16\" \/><\/span>SDT: 0988 249 297<\/p>","protected":false},"excerpt":{"rendered":"<p>H\u00f4tel Colline &#8211; Hotel x\u1ecbn sang x\u1ecbn b\u1eadc nh\u1ea5t \u0110\u00e0 L\u1ea1t Danh m\u1ee5c ch\u00ednh 1.V\u1ecb tr\u00ed 2. Decor 3. D\u1ecbch v\u1ee5 &amp; Ti\u1ec7n nghi 4. Gi\u00e1 ph\u00f2ng 5. Li\u00ean h\u1ec7 1.V\u1ecb tr\u00ed T\u1ecda l\u1ea1c t\u1ea1i \u0111\u1ecba ch\u1ec9 s\u1ed1 10 Phan B\u1ed9i Ch\u00e2u, ph\u01b0\u1eddng 1, TP \u0110\u00e0 L\u1ea1t. N\u1eb1m \u1edf trung t\u00e2m th\u00e0nh ph\u1ed1 ngay \u0110\u00e0 [&hellip;]<\/p>","protected":false},"featured_media":7365,"comment_status":"open","ping_status":"closed","template":"","meta":{"_acf_changed":false,"rank_math_lock_modified_date":false},"product_cat":[29,46],"product_tag":[],"acf":[],"_links":{"self":[{"href":"https:\/\/dalatreview.vn\/en\/wp-json\/wp\/v2\/product\/7355"}],"collection":[{"href":"https:\/\/dalatreview.vn\/en\/wp-json\/wp\/v2\/product"}],"about":[{"href":"https:\/\/dalatreview.vn\/en\/wp-json\/wp\/v2\/types\/product"}],"replies":[{"embeddable":true,"href":"https:\/\/dalatreview.vn\/en\/wp-json\/wp\/v2\/comments?post=7355"}],"wp:featuredmedia":[{"embeddable":true,"href":"https:\/\/dalatreview.vn\/en\/wp-json\/wp\/v2\/media\/7365"}],"wp:attachment":[{"href":"https:\/\/dalatreview.vn\/en\/wp-json\/wp\/v2\/media?parent=7355"}],"wp:term":[{"taxonomy":"product_cat","embeddable":true,"href":"https:\/\/dalatreview.vn\/en\/wp-json\/wp\/v2\/product_cat?post=7355"},{"taxonomy":"product_tag","embeddable":true,"href":"https:\/\/dalatreview.vn\/en\/wp-json\/wp\/v2\/product_tag?post=7355"}],"curies":[{"name":"wp","href":"https:\/\/api.w.org\/{rel}","templated":true}]}}