
{"id":7342,"date":"2020-10-03T10:28:39","date_gmt":"2020-10-03T03:28:39","guid":{"rendered":"https:\/\/dalatreview.vn\/?p=7342"},"modified":"2024-07-12T14:03:13","modified_gmt":"2024-07-12T07:03:13","slug":"chill-house-homestay-da-lat-view-xin-so-va-cuc-de-thuong","status":"publish","type":"product","link":"https:\/\/dalatreview.vn\/en\/chill-house-homestay-da-lat-view-xin-so-va-cuc-de-thuong.html","title":{"rendered":"CHILL House &#8211; Homestay \u0110\u00e0 L\u1ea1t view x\u1ecbn s\u00f2 v\u00e0 c\u1ef1c d\u1ec5 th\u01b0\u01a1ng"},"content":{"rendered":"<nav class=\"vietrick-auto-toc\">\n<div class=\"box-title\">\n<h3 class=\"toc-title\" id=\"select-menu\">Danh m\u1ee5c ch\u00ednh<\/h3>\n<div><ion-icon name=\"chevron-up-outline\"><\/ion-icon><\/div>\n<\/div>\n<ul class=\"toc-list\"><\/ul>\n<li><a href='https:\/\/dalatreview.vn\/en#chill-house-homestay-da-lat-view-xin-so-va-cuc-de-thuong' class='heading-h1 toc-link smooth-scroll'>CHILL House &#8211; Homestay \u0110\u00e0 L\u1ea1t view x\u1ecbn s\u00f2 v\u00e0 c\u1ef1c d\u1ec5 th\u01b0\u01a1ng<\/a>\n<ul>\n<li><a href='https:\/\/dalatreview.vn\/en#1-vi-tri' class='heading-h2 toc-link smooth-scroll'>1. V\u1ecb tr\u00ed<\/a>\n<li><a href='https:\/\/dalatreview.vn\/en#2-decor' class='heading-h2 toc-link smooth-scroll'>2. Decor<\/a>\n<li><a href='https:\/\/dalatreview.vn\/en#3-dich-vu-tien-nghi' class='heading-h2 toc-link smooth-scroll'>3. D\u1ecbch v\u1ee5 &amp; Ti\u1ec7n nghi<\/a>\n<li><a href='https:\/\/dalatreview.vn\/en#4-gia-phong' class='heading-h2 toc-link smooth-scroll'>4. Gi\u00e1 ph\u00f2ng<\/a>\n<li><a href='https:\/\/dalatreview.vn\/en#5-lien-he' class='heading-h2 toc-link smooth-scroll'>5. Li\u00ean h\u1ec7<\/a><\/ul>\n<\/ul>\n<\/li>\n<\/ul>\n<\/nav>\n<h1 style=\"text-align: center;\" id=\"chill-house-homestay-da-lat-view-xin-so-va-cuc-de-thuong\"><span style=\"font-size: 24px; color: #003300;\">CHILL House &#8211; Homestay \u0110\u00e0 L\u1ea1t view x\u1ecbn s\u00f2 v\u00e0 c\u1ef1c d\u1ec5 th\u01b0\u01a1ng<\/span><\/h1>\n<p>&nbsp;<\/p>\n<h2 style=\"text-align: left;\" id=\"1-vi-tri\"><span style=\"color: #003366;\"><strong><span class=\"_4yxo\">1. V\u1ecb tr\u00ed<\/span><\/strong><\/span><\/h2>\n<p style=\"text-align: left;\"><span style=\"font-family: arial, helvetica, sans-serif; font-size: 16px;\">N\u1eb1m t\u1eadp trung t\u1ea1i trung t\u00e2m th\u00e0nh ph\u1ed1 \u0110\u00e0 L\u1ea1t, \u0111\u01b0\u1ee3c nhi\u1ec1u du kh\u00e1ch y\u00eau m\u1ebfn v\u00e0 l\u1ef1a ch\u1ecdn. CHILL House Dalat<span class=\"_4yxo _4yxp\">\u00a0<\/span><span class=\"_4yxp\">l\u00e0 h\u1ec7 th\u1ed1ng g\u1ed3m 3 homestay v\u1edbi kh\u00f4ng gian y\u00ean t\u0129nh v\u00e0 ri\u00eang bi\u1ec7t. <\/span>\u0110\u00e2y c\u0169ng l\u00e0 n\u01a1i cho ra \u0111\u1eddi nh\u1eefng b\u1ee9c \u1ea3nh c\u1ef1c \u0111\u1eb9p\ud83c\udf27\ud83c\udf27.<\/span><\/p>\n<p style=\"text-align: left;\"><span style=\"font-family: arial, helvetica, sans-serif; font-size: 16px;\">\u2618\ufe0fChi nh\u00e1nh CHILL House Dalat 1:<\/span><br \/>\n<span class=\"d2edcug0 hpfvmrgz qv66sw1b c1et5uql rrkovp55 jq4qci2q a3bd9o3v knj5qynh py34i1dx\" style=\"font-family: arial, helvetica, sans-serif; font-size: 16px;\"><span class=\"a8c37x1j ni8dbmo4 stjgntxs l9j0dhe7\">S\u00f4\u0301 3 Ha\u0300 Huy T\u00e2\u0323p, P.3, TP. \u0110a\u0300 La\u0323t<\/span><\/span><\/p>\n<p style=\"text-align: left;\"><span style=\"font-family: arial, helvetica, sans-serif; font-size: 16px;\">\u2618\ufe0fChi nh\u00e1nh CHILL House Dalat 2:<\/span><br \/>\n<span class=\"d2edcug0 hpfvmrgz qv66sw1b c1et5uql rrkovp55 jq4qci2q a3bd9o3v knj5qynh py34i1dx\" style=\"font-family: arial, helvetica, sans-serif; font-size: 16px;\"><span class=\"a8c37x1j ni8dbmo4 stjgntxs l9j0dhe7\">140 T\u00f4 Hi\u1ebfn Th\u00e0nh, Ph\u01b0\u1eddng 3, TP \u0110\u00e0 L\u1ea1t<\/span><\/span><\/p>\n<p style=\"text-align: left;\"><span style=\"font-family: arial, helvetica, sans-serif; font-size: 16px;\">\u2618\ufe0fChi nh\u00e1nh CHILL House Dalat 3:<\/span><br \/>\n<span class=\"d2edcug0 hpfvmrgz qv66sw1b c1et5uql rrkovp55 jq4qci2q a3bd9o3v knj5qynh py34i1dx\" style=\"font-family: arial, helvetica, sans-serif; font-size: 16px;\"><span class=\"a8c37x1j ni8dbmo4 stjgntxs l9j0dhe7\">Khu quy ho\u1ea1ch Ph\u1ea1m H\u1ed3ng Th\u00e1i, \u0110\u00e0 L\u1ea1t<img decoding=\"async\" class=\"aligncenter size-full wp-image-7469\" src=\"https:\/\/dalatreview.vn\/wp-content\/uploads\/2020\/10\/1-10.jpg\" alt=\"\" width=\"1200\" height=\"900\"><\/span><\/span><\/p>\n<h2 style=\"text-align: left;\" id=\"2-decor\"><span style=\"color: #003366;\"><strong>2. Decor<\/strong><\/span><\/h2>\n<p style=\"text-align: left;\">\u0110\u1ebfn v\u1edbi CHILL House b\u1ea1n s\u1ebd c\u1ea3m th\u1ea5y \u1ea5n t\u01b0\u1ee3ng ngay v\u00ec \u0111\u01b0\u1ee3c thi\u1ebft k\u1ebf v\u1edbi phong c\u00e1ch \u0111\u1ed9c \u0111\u00e1o. G\u1ea7n g\u0169i nh\u01b0ng l\u1ea1i r\u1ea5t tinh t\u1ebf. N\u1ebfu b\u1ea1n l\u00e0 m\u1ed9t t\u00edn \u0111\u1ed3 s\u1ed1ng \u1ea3o th\u00ec \u0111\u00e2y ch\u00ednh l\u00e0 s\u1ef1 l\u1ef1a ch\u1ecdn ho\u00e0n h\u1ea3o. <img decoding=\"async\" class=\"aligncenter size-full wp-image-7348\" src=\"https:\/\/dalatreview.vn\/wp-content\/uploads\/2020\/10\/4-2-1.jpg\" alt=\"\" width=\"1200\" height=\"900\">N\u1ed9i th\u1ea5t hi\u1ec7n \u0111\u1ea1i gi\u00fap b\u1ea1n ngh\u1ec9 ng\u01a1i tho\u1ea3i m\u00e1i nh\u1ea5t. Homestay \u0111\u01b0\u1ee3c trang tr\u00ed b\u1eb1ng nhi\u1ec1u v\u1eadt d\u1ee5ng xinh x\u1eafn, b\u00e1t m\u1eaft. Ngo\u00e0i ra c\u00f2n c\u00f3 view ng\u1eafm th\u00e0nh ph\u1ed1 v\u00e0 s\u0103n m\u00e2y s\u00e1ng s\u1edbm&#8230;.<img decoding=\"async\" class=\"aligncenter size-full wp-image-7343\" src=\"https:\/\/dalatreview.vn\/wp-content\/uploads\/2020\/10\/1-1-2.jpg\" alt=\"\" width=\"1200\" height=\"900\"><\/p>\n<h2 style=\"text-align: left;\" id=\"3-dich-vu-tien-nghi\"><span style=\"color: #003366;\"><strong><span class=\"_4yxo\">3. D\u1ecbch v\u1ee5 &amp; Ti\u1ec7n nghi<\/span><\/strong><\/span><\/h2>\n<div class=\"bi6gxh9e\" style=\"text-align: left;\"><span class=\"d2edcug0 hpfvmrgz qv66sw1b c1et5uql rrkovp55 jq4qci2q a3bd9o3v knj5qynh oo9gr5id\"><img decoding=\"async\" class=\"emoji\" role=\"img\" draggable=\"false\" src=\"https:\/\/s.w.org\/images\/core\/emoji\/12.0.0-1\/svg\/2705.svg\" alt=\"\u2705\" \/>Ph\u00f2ng \u0111\u1ea7y \u0111\u1ee7 ti\u1ec7n nghi<\/span><\/div>\n<div class=\"bi6gxh9e\" style=\"text-align: left;\"><span class=\"d2edcug0 hpfvmrgz qv66sw1b c1et5uql rrkovp55 jq4qci2q a3bd9o3v knj5qynh oo9gr5id\"><img decoding=\"async\" class=\"emoji\" role=\"img\" draggable=\"false\" src=\"https:\/\/s.w.org\/images\/core\/emoji\/12.0.0-1\/svg\/2705.svg\" alt=\"\u2705\" \/>Kh\u00f4ng gian s\u00e2n v\u01b0\u1eddn, n\u01b0\u1edbng BBQ<\/span><\/div>\n<div class=\"bi6gxh9e\" style=\"text-align: left;\"><img decoding=\"async\" class=\"emoji\" role=\"img\" draggable=\"false\" src=\"https:\/\/s.w.org\/images\/core\/emoji\/12.0.0-1\/svg\/2705.svg\" alt=\"\u2705\" \/>B\u00e3i \u0111\u1eadu xe r\u1ed9ng<\/div>\n<div class=\"bi6gxh9e\" style=\"text-align: left;\"><span class=\"d2edcug0 hpfvmrgz qv66sw1b c1et5uql rrkovp55 jq4qci2q a3bd9o3v knj5qynh oo9gr5id\"><img decoding=\"async\" class=\"emoji\" role=\"img\" draggable=\"false\" src=\"https:\/\/s.w.org\/images\/core\/emoji\/12.0.0-1\/svg\/2705.svg\" alt=\"\u2705\" \/>D\u1ecbch v\u1ee5 cho thu\u00ea xe m\u00e1y, \u00f4 t\u00f4 \u0111i tour trong ng\u00e0y&#8230;.<\/span><\/div>\n<div class=\"bi6gxh9e\" style=\"text-align: left;\"><span class=\"d2edcug0 hpfvmrgz qv66sw1b c1et5uql rrkovp55 jq4qci2q a3bd9o3v knj5qynh oo9gr5id\"><img decoding=\"async\" class=\"emoji\" role=\"img\" draggable=\"false\" src=\"https:\/\/s.w.org\/images\/core\/emoji\/12.0.0-1\/svg\/2705.svg\" alt=\"\u2705\" \/>Nhi\u1ec1u g\u00f3c ch\u1ee5p h\u00ecnh \u0111\u1eb9p<img decoding=\"async\" class=\"aligncenter size-full wp-image-7346\" src=\"https:\/\/dalatreview.vn\/wp-content\/uploads\/2020\/10\/3-1-1.jpg\" alt=\"\" width=\"1200\" height=\"900\"><\/span><\/div>\n<h2 style=\"text-align: left;\" id=\"4-gia-phong\"><span style=\"color: #003366;\"><strong><span class=\"_4yxo\">4. Gi\u00e1 ph\u00f2ng<\/span><\/strong><\/span><\/h2>\n<p style=\"text-align: center;\"><span style=\"font-size: 16px;\">\ud83d\udccdGi\u00e1 ch\u1ec9 t\u1eeb 350.000\u0111\/ \u0111\u00eam\ud83d\udccd<\/span><\/p>\n<p style=\"text-align: left;\"><img decoding=\"async\" class=\"aligncenter size-full wp-image-7418\" src=\"https:\/\/dalatreview.vn\/wp-content\/uploads\/2020\/10\/1-3-1.jpg\" alt=\"\" width=\"1200\" height=\"900\"><\/p>\n<h2 style=\"text-align: left;\" id=\"5-lien-he\"><span style=\"color: #003366;\">5. Li\u00ean h\u1ec7<\/span><\/h2>\n<div style=\"text-align: left;\"><strong><span class=\"_5mfr\"><span class=\"_6qdm\">CHILL House Dalat 1<\/span><\/span><\/strong><\/div>\n<div style=\"text-align: left;\"><span class=\"d2edcug0 hpfvmrgz qv66sw1b c1et5uql rrkovp55 jq4qci2q a3bd9o3v knj5qynh oo9gr5id\"><span class=\"pq6dq46d tbxw36s4 knj5qynh kvgmc6g5 ditlmg2l oygrvhab nvdbi5me sf5mxxl7 gl3lb2sf hhz5lgdu\"><img decoding=\"async\" src=\"https:\/\/static.xx.fbcdn.net\/images\/emoji.php\/v9\/t4f\/1.5\/16\/1f3e0.png\" alt=\"\ud83c\udfe0\" width=\"16\" height=\"16\" \/><\/span><\/span>\u0110\u1ecba ch\u1ec9: <span class=\"d2edcug0 hpfvmrgz qv66sw1b c1et5uql rrkovp55 jq4qci2q a3bd9o3v knj5qynh py34i1dx\"><span class=\"a8c37x1j ni8dbmo4 stjgntxs l9j0dhe7\">S\u00f4\u0301 3 Ha\u0300 Huy T\u00e2\u0323p, P.3, TP. \u0110a\u0300 La\u0323t<\/span><\/span><\/div>\n<div class=\"bi6gxh9e\" style=\"text-align: left;\"><span class=\"d2edcug0 hpfvmrgz qv66sw1b c1et5uql rrkovp55 jq4qci2q a3bd9o3v knj5qynh oo9gr5id\"><strong><span class=\"_5mfr\"><span class=\"_6qdm\"><img decoding=\"async\" class=\"emoji\" role=\"img\" draggable=\"false\" src=\"https:\/\/s.w.org\/images\/core\/emoji\/12.0.0-1\/svg\/1f328.svg\" alt=\"\ud83c\udf28\" \/><\/span><\/span><\/strong>Fanpage: <a href=\"https:\/\/www.facebook.com\/booking.dalatreview.vn\">CHILL House Dalat<\/a><\/span><\/div>\n<div class=\"bi6gxh9e\" style=\"text-align: left;\"><span class=\"d2edcug0 hpfvmrgz qv66sw1b c1et5uql rrkovp55 jq4qci2q a3bd9o3v knj5qynh oo9gr5id\"><span class=\"pq6dq46d tbxw36s4 knj5qynh kvgmc6g5 ditlmg2l oygrvhab nvdbi5me sf5mxxl7 gl3lb2sf hhz5lgdu\"><img decoding=\"async\" src=\"https:\/\/static.xx.fbcdn.net\/images\/emoji.php\/v9\/ta9\/1.5\/16\/260e.png\" alt=\"\u260e\ufe0f\" width=\"16\" height=\"16\" \/><\/span>S\u0111t: 0988 249 297<\/span><\/div>\n<div style=\"text-align: left;\"><strong>CHILL House Dalat 2<\/strong><\/div>\n<div>\n<div style=\"text-align: left;\"><span class=\"d2edcug0 hpfvmrgz qv66sw1b c1et5uql rrkovp55 jq4qci2q a3bd9o3v knj5qynh oo9gr5id\"><span class=\"pq6dq46d tbxw36s4 knj5qynh kvgmc6g5 ditlmg2l oygrvhab nvdbi5me sf5mxxl7 gl3lb2sf hhz5lgdu\"><img decoding=\"async\" src=\"https:\/\/static.xx.fbcdn.net\/images\/emoji.php\/v9\/t4f\/1.5\/16\/1f3e0.png\" alt=\"\ud83c\udfe0\" width=\"16\" height=\"16\" \/><\/span><\/span>\u0110\u1ecba ch\u1ec9: <span class=\"d2edcug0 hpfvmrgz qv66sw1b c1et5uql rrkovp55 jq4qci2q a3bd9o3v knj5qynh py34i1dx\"><span class=\"a8c37x1j ni8dbmo4 stjgntxs l9j0dhe7\">140 T\u00f4 Hi\u1ebfn Th\u00e0nh, Ph\u01b0\u1eddng 3, TP \u0110\u00e0 L\u1ea1t<\/span><\/span><\/div>\n<div class=\"bi6gxh9e\" style=\"text-align: left;\"><span class=\"d2edcug0 hpfvmrgz qv66sw1b c1et5uql rrkovp55 jq4qci2q a3bd9o3v knj5qynh oo9gr5id\"><strong><span class=\"_5mfr\"><span class=\"_6qdm\"><img decoding=\"async\" class=\"emoji\" role=\"img\" draggable=\"false\" src=\"https:\/\/s.w.org\/images\/core\/emoji\/12.0.0-1\/svg\/1f328.svg\" alt=\"\ud83c\udf28\" \/><\/span><\/span><\/strong>Fanpage: <a href=\"https:\/\/www.facebook.com\/booking.dalatreview.vn\">CHILL House Dalat 2<\/a><\/span><\/div>\n<div class=\"bi6gxh9e\" style=\"text-align: left;\"><span class=\"d2edcug0 hpfvmrgz qv66sw1b c1et5uql rrkovp55 jq4qci2q a3bd9o3v knj5qynh oo9gr5id\"><span class=\"pq6dq46d tbxw36s4 knj5qynh kvgmc6g5 ditlmg2l oygrvhab nvdbi5me sf5mxxl7 gl3lb2sf hhz5lgdu\"><img decoding=\"async\" src=\"https:\/\/static.xx.fbcdn.net\/images\/emoji.php\/v9\/ta9\/1.5\/16\/260e.png\" alt=\"\u260e\ufe0f\" width=\"16\" height=\"16\" \/><\/span>S\u0111t: 0988 249 297<\/span><\/div>\n<div style=\"text-align: left;\"><strong>CHILL House Dalat 3<\/strong><\/div>\n<div style=\"text-align: left;\">\n<div><span class=\"pq6dq46d tbxw36s4 knj5qynh kvgmc6g5 ditlmg2l oygrvhab nvdbi5me sf5mxxl7 gl3lb2sf hhz5lgdu\"><img decoding=\"async\" src=\"https:\/\/static.xx.fbcdn.net\/images\/emoji.php\/v9\/t4f\/1.5\/16\/1f3e0.png\" alt=\"\ud83c\udfe0\" width=\"16\" height=\"16\" \/><\/span>\u0110\u1ecba ch\u1ec9: 2\/5 Quang Trung ( KQH PH\u1ea1m H\u1ed3ng Th\u00e1i)<span class=\"d2edcug0 hpfvmrgz qv66sw1b c1et5uql rrkovp55 jq4qci2q a3bd9o3v knj5qynh py34i1dx\"><span class=\"a8c37x1j ni8dbmo4 stjgntxs l9j0dhe7\">, \u0110\u00e0 L\u1ea1t<\/span><\/span><\/div>\n<div class=\"bi6gxh9e\"><span class=\"d2edcug0 hpfvmrgz qv66sw1b c1et5uql rrkovp55 jq4qci2q a3bd9o3v knj5qynh oo9gr5id\"><strong><span class=\"_5mfr\"><span class=\"_6qdm\"><img decoding=\"async\" class=\"emoji\" role=\"img\" draggable=\"false\" src=\"https:\/\/s.w.org\/images\/core\/emoji\/12.0.0-1\/svg\/1f328.svg\" alt=\"\ud83c\udf28\" \/><\/span><\/span><\/strong>\u00a0Fanpage: <a href=\"https:\/\/www.facebook.com\/booking.dalatreview.vn\">CHILL House Dalat 3<\/a><\/span><\/div>\n<div class=\"bi6gxh9e\"><span class=\"d2edcug0 hpfvmrgz qv66sw1b c1et5uql rrkovp55 jq4qci2q a3bd9o3v knj5qynh oo9gr5id\"><span class=\"d2edcug0 hpfvmrgz qv66sw1b c1et5uql rrkovp55 jq4qci2q a3bd9o3v knj5qynh oo9gr5id\"><span class=\"pq6dq46d tbxw36s4 knj5qynh kvgmc6g5 ditlmg2l oygrvhab nvdbi5me sf5mxxl7 gl3lb2sf hhz5lgdu\"><img decoding=\"async\" src=\"https:\/\/static.xx.fbcdn.net\/images\/emoji.php\/v9\/ta9\/1.5\/16\/260e.png\" alt=\"\u260e\ufe0f\" width=\"16\" height=\"16\" \/><\/span>\u00a0S\u0111t: <\/span><\/span>0988 249 297<\/div>\n<\/div>\n<div style=\"text-align: left;\"><\/div>\n<\/div>","protected":false},"excerpt":{"rendered":"<p>Danh m\u1ee5c ch\u00ednh CHILL House &#8211; Homestay \u0110\u00e0 L\u1ea1t view x\u1ecbn s\u00f2 v\u00e0 c\u1ef1c d\u1ec5 th\u01b0\u01a1ng 1. V\u1ecb tr\u00ed 2. Decor 3. D\u1ecbch v\u1ee5 &amp; Ti\u1ec7n nghi 4. Gi\u00e1 ph\u00f2ng 5. Li\u00ean h\u1ec7 CHILL House &#8211; Homestay \u0110\u00e0 L\u1ea1t view x\u1ecbn s\u00f2 v\u00e0 c\u1ef1c d\u1ec5 th\u01b0\u01a1ng &nbsp; 1. V\u1ecb tr\u00ed N\u1eb1m t\u1eadp trung t\u1ea1i trung [&hellip;]<\/p>","protected":false},"featured_media":7483,"comment_status":"open","ping_status":"closed","template":"","meta":{"_acf_changed":false,"rank_math_lock_modified_date":false},"product_cat":[29,2255,36],"product_tag":[],"acf":[],"_links":{"self":[{"href":"https:\/\/dalatreview.vn\/en\/wp-json\/wp\/v2\/product\/7342"}],"collection":[{"href":"https:\/\/dalatreview.vn\/en\/wp-json\/wp\/v2\/product"}],"about":[{"href":"https:\/\/dalatreview.vn\/en\/wp-json\/wp\/v2\/types\/product"}],"replies":[{"embeddable":true,"href":"https:\/\/dalatreview.vn\/en\/wp-json\/wp\/v2\/comments?post=7342"}],"wp:featuredmedia":[{"embeddable":true,"href":"https:\/\/dalatreview.vn\/en\/wp-json\/wp\/v2\/media\/7483"}],"wp:attachment":[{"href":"https:\/\/dalatreview.vn\/en\/wp-json\/wp\/v2\/media?parent=7342"}],"wp:term":[{"taxonomy":"product_cat","embeddable":true,"href":"https:\/\/dalatreview.vn\/en\/wp-json\/wp\/v2\/product_cat?post=7342"},{"taxonomy":"product_tag","embeddable":true,"href":"https:\/\/dalatreview.vn\/en\/wp-json\/wp\/v2\/product_tag?post=7342"}],"curies":[{"name":"wp","href":"https:\/\/api.w.org\/{rel}","templated":true}]}}