
{"id":7323,"date":"2020-10-02T21:12:13","date_gmt":"2020-10-02T14:12:13","guid":{"rendered":"https:\/\/dalatreview.vn\/?p=7323"},"modified":"2024-05-25T08:25:18","modified_gmt":"2024-05-25T08:25:18","slug":"photo-tour-nguyen-huu-loc","status":"publish","type":"product","link":"https:\/\/dalatreview.vn\/en\/photo-tour-nguyen-huu-loc.html","title":{"rendered":"Photo Tour \u2013 Nguy\u1ec5n H\u1eefu L\u1ed9c"},"content":{"rendered":"<nav class=\"vietrick-auto-toc\">\n<div class=\"box-title\">\n<h3 class=\"toc-title\" id=\"select-menu\">Danh m\u1ee5c ch\u00ednh<\/h3>\n<div><ion-icon name=\"chevron-up-outline\"><\/ion-icon><\/div>\n<\/div>\n<ul class=\"toc-list\">\n<li><a href='https:\/\/dalatreview.vn\/en#photo-tour-nguyen-huu-loc' class='heading-h2 toc-link smooth-scroll'>Photo Tour \u2013 Nguy\u1ec5n H\u1eefu L\u1ed9c<\/a>\n<li><a href='https:\/\/dalatreview.vn\/en#1-gioi-thieu' class='heading-h2 toc-link smooth-scroll'>1. Gi\u1edbi thi\u1ec7u<\/a>\n<li><a href='https:\/\/dalatreview.vn\/en#2-dia-diem' class='heading-h2 toc-link smooth-scroll'>2 . \u0110i\u1ea1 \u0111i\u1ec3m<\/a>\n<li><a href='https:\/\/dalatreview.vn\/en#3-dich-vu' class='heading-h2 toc-link smooth-scroll'>3. D\u1ecbch v\u1ee5<\/a>\n<li><a href='https:\/\/dalatreview.vn\/en#4-gia-ca' class='heading-h2 toc-link smooth-scroll'>4 . Gi\u00e1 c\u1ea3.<\/a>\n<li><a href='https:\/\/dalatreview.vn\/en#5-lien-he' class='heading-h2 toc-link smooth-scroll'>5 . Li\u00ean h\u1ec7<\/a><\/ul>\n<\/ul>\n<\/li>\n<\/ul>\n<\/nav>\n<h2 style=\"text-align: center;\" id=\"photo-tour-nguyen-huu-loc\">Photo Tour \u2013 Nguy\u1ec5n H\u1eefu L\u1ed9c<\/h2>\n<h2 id=\"1-gioi-thieu\">1. Gi\u1edbi thi\u1ec7u<\/h2>\n<p>V\u1edbi m\u1ed7i ng\u01b0\u1eddi \u0110\u00e0 L\u1ea1t l\u1ea1i mang m\u1ed9t v\u1ebb \u0111\u1eb9p ri\u00eang. C\u00f3 ng\u01b0\u1eddi th\u00edch s\u1ef1 nh\u1eb9 nh\u00e0ng c\u1ee7a ng\u01b0\u1eddi \u0110\u00e0 L\u1ea1t, ng\u01b0\u1eddi th\u00edch phong c\u1ea3nh n\u00ean th\u01a1, ng\u01b0\u1eddi l\u1ea1i th\u00edch c\u1ea3m gi\u00e1c se l\u1ea1nh t\u1ea1i \u0111\u00e2y,&#8230; \u0110\u1ebfn v\u1edbi photo tour c\u1ee7a m\u00ecnh c\u00e1c b\u1ea1n s\u1ebd \u0111\u01b0\u1ee3c tr\u1ea3i nghi\u1ec7m \u0110\u00e0 L\u1ea1t v\u1edbi t\u1ea5t c\u1ea3 g\u00f3c nh\u00ecn. V\u1eeba \u0111\u01b0\u1ee3c vui ch\u01a1i v\u1eeba \u0111\u01b0\u1ee3c t\u00e0i tr\u1ee3 h\u00ecnh \u1ea3nh video c\u1ef1c \u0111\u1eb9p nh\u00e9.<img decoding=\"async\" class=\"aligncenter size-full wp-image-7336\" src=\"https:\/\/dalatreview.vn\/wp-content\/uploads\/2020\/10\/1-3.jpg\" alt=\"\" width=\"1200\" height=\"900\"><\/p>\n<h2 id=\"2-dia-diem\"><strong><span class=\"_5mfr\"><span class=\"_6qdm\"><span class=\"_4yxp\">2 . \u0110i\u1ea1 \u0111i\u1ec3m<\/span><\/span><\/span><\/strong><\/h2>\n<p>S\u1eed d\u1ee5ng Photo tour b\u1ea1n c\u00f3 th\u1ec3 ch\u1ecdn cho m\u00ecnh nh\u1eefng \u0111i\u1ec3m \u0111\u1ebfn y\u00eau th\u00edch nh\u1ea5t. D\u01b0\u1edbi \u0111\u00e2y l\u00e0 nh\u1eefng \u0111\u1ecba \u0111i\u1ec3m m\u00e0 Photo tour gi\u1edbi thi\u1ec7u cho b\u1ea1n. B\u1ea1n c\u00f3 th\u1ec3 ch\u1ecdn cho m\u00ecnh nh\u1eefng \u0111\u1ecba \u0111i\u1ec3m y\u00eau th\u00edch ph\u00f9 h\u1ee3p v\u1edbi chuy\u1ebfn \u0111i nh\u00e9.<\/p>\n<p><strong>Cung \u0111\u01b0\u1eddng \u0111\u1ed3i ch\u00e8<\/strong><\/p>\n<p>\u2705\u0110\u1ed3i C\u1ea9m t\u00fa c\u1ea7u<\/p>\n<p>\u2705Ch\u00f9a ve chai<\/p>\n<p>\u2705\u0110\u01b0\u1eddng h\u1ea7m xe l\u1eeda<\/p>\n<p>\u2705M\u1ed9c Tr\u00e0 Farm<\/p>\n<p>\u2705\u0110\u1ed3i Ch\u00e8<img decoding=\"async\" class=\"aligncenter size-full wp-image-7337\" src=\"https:\/\/dalatreview.vn\/wp-content\/uploads\/2020\/10\/2-2.jpg\" alt=\"\" width=\"1200\" height=\"900\"><\/p>\n<p><strong>Cung kombiland<\/strong><\/p>\n<p>\u2705Qu\u00ea Garden<\/p>\n<p>\u2705Kombi land<\/p>\n<p>\u2705V\u01b0\u1eddn H\u1ed3ng<img decoding=\"async\" class=\"aligncenter size-full wp-image-7340\" src=\"https:\/\/dalatreview.vn\/wp-content\/uploads\/2020\/10\/5-2.jpg\" alt=\"\" width=\"1200\" height=\"900\"><\/p>\n<p><strong>C\u00e1c \u0110\u1ecba \u0110i\u1ec3m Kh\u00e1c<\/strong><\/p>\n<p>Ngo\u00e0i nh\u1eefng \u0111\u1ecba \u0111i\u1ec3m \u0111\u1ecbnh s\u1eb5n b\u1ea1n c\u00f3 th\u1ec3 ch\u1ecdn cho m\u00ecnh nh\u1eefng \u0111\u1ecba \u0111i\u1ec3m y\u00eau th\u00edch t\u1ea1i \u0110\u00e0 L\u1ea1t:<\/p>\n<p>\u2705\u0110\u1ed3i \u0110\u00e0 L\u1ea1t<\/p>\n<p>\u2705H\u1ed3 Xu\u00e2n H\u01b0\u01a1ng<\/p>\n<p>\u2705Cafe \u0111\u1eb9p t\u1ea1i \u0110\u00e0 L\u1ea1t<\/p>\n<p>\u2705S\u0103n m\u00e2y<\/p>\n<p>\u2705\u0110\u1ecba \u0111i\u1ec3m m\u1edbi m\u1edf \u0110\u00e0 L\u1ea1t&#8230;<\/p>\n<p>Photo tour Nguy\u1ec5n H\u1eefu L\u1ed9c s\u1ebd l\u00ean l\u1ecbch tr\u00ecnh ph\u00f9 h\u1ee3p, gi\u00fap b\u1ea1n c\u00f3 tr\u1ea3i nghi\u1ec7m th\u00fa v\u1ecb nh\u1ea5t.<img decoding=\"async\" class=\"aligncenter size-full wp-image-7327\" src=\"https:\/\/dalatreview.vn\/wp-content\/uploads\/2020\/10\/3-2.jpg\" alt=\"\" width=\"1200\" height=\"900\"><\/p>\n<h2 id=\"3-dich-vu\"><strong>3. D\u1ecbch v\u1ee5<\/strong><\/h2>\n<p>\u2705\u0110\u1ebfn v\u1edbi Photo tour \u2013 Nguy\u1ec5n H\u1eefu L\u1ed9c b\u1ea1n v\u1eeba \u0111\u01b0\u1ee3c ch\u01a1i v\u1eeba ch\u1ee5p h\u00ecnh th\u1ecfa th\u00edch.<\/p>\n<p>\u2705B\u1ea1n \u0111\u01b0\u1ee3c kh\u00e1m ph\u00e1 nh\u1eefng \u0111\u1ecba \u0111i\u1ec3m m\u1edbi \u0111\u1ed9c l\u1ea1, hoang s\u01a1, thi\u00ean v\u1ec1 t\u1ef1 nhi\u00ean phong c\u1ea3nh \u0110\u00e0 L\u1ea1t.<\/p>\n<p>\u2705Sau chuy\u1ebfn \u0111i b\u1ea1n \u0111\u01b0\u1ee3c t\u1eb7ng m\u1ed9t b\u1ed9 \u1ea3nh\/ video<\/p>\n<p>\u2705Cung c\u1ea5p d\u1ecbch v\u1ee5 xe du l\u1ecbch 4-7 ch\u1ed7. \u0110\u00e1p \u1ee9ng nhu c\u1ea7u du l\u1ecbch c\u1ee7a b\u1ea1n<img decoding=\"async\" class=\"aligncenter size-full wp-image-7339\" src=\"https:\/\/dalatreview.vn\/wp-content\/uploads\/2020\/10\/4-2.jpg\" alt=\"\" width=\"1200\" height=\"900\"><\/p>\n<h2 id=\"4-gia-ca\"><strong>4 . Gi\u00e1 c\u1ea3.<\/strong><\/h2>\n<p>\u2705Gi\u00e1 ch\u1ee5p: T\u1eeb 700.000\u0111\/ 1bu\u1ed5i<\/p>\n<p>\u2705S\u1ed1 ng\u01b0\u1eddi : 2 ng\u01b0\u1eddi ho\u1eb7c gia \u0111\u00ecnh nh\u1ecf<\/p>\n<p>Gi\u00e1 tr\u00ean ch\u01b0a bao g\u1ed3m v\u00e9 v\u00f4 c\u00e1c khu du l\u1ecbch (n\u1ebfu c\u00f3). Kh\u00f4ng bao g\u1ed3m makeup, trang ph\u1ee5c.<\/p>\n<h2 id=\"5-lien-he\"><strong>5 . Li\u00ean h\u1ec7<\/strong><\/h2>\n<p>\u2705S\u1ed1 \u0111i\u1ec7n tho\u1ea1i : 0968992235<\/p>\n<p>\u2705Facebook: <a href=\"https:\/\/www.facebook.com\/ronnguyendl\" target=\"_blank\" rel=\"noopener\">Nguy\u1ec5n H\u1eefu L\u1ed9c<\/a><\/p>","protected":false},"excerpt":{"rendered":"<p>Danh m\u1ee5c ch\u00ednh Photo Tour \u2013 Nguy\u1ec5n H\u1eefu L\u1ed9c 1. Gi\u1edbi thi\u1ec7u 2 . \u0110i\u1ea1 \u0111i\u1ec3m 3. D\u1ecbch v\u1ee5 4 . Gi\u00e1 c\u1ea3. 5 . Li\u00ean h\u1ec7 Photo Tour \u2013 Nguy\u1ec5n H\u1eefu L\u1ed9c 1. Gi\u1edbi thi\u1ec7u V\u1edbi m\u1ed7i ng\u01b0\u1eddi \u0110\u00e0 L\u1ea1t l\u1ea1i mang m\u1ed9t v\u1ebb \u0111\u1eb9p ri\u00eang. C\u00f3 ng\u01b0\u1eddi th\u00edch s\u1ef1 nh\u1eb9 nh\u00e0ng c\u1ee7a ng\u01b0\u1eddi [&hellip;]<\/p>","protected":false},"featured_media":7330,"comment_status":"open","ping_status":"closed","template":"","meta":{"_acf_changed":false,"rank_math_lock_modified_date":false},"product_cat":[26,1369],"product_tag":[],"acf":[],"_links":{"self":[{"href":"https:\/\/dalatreview.vn\/en\/wp-json\/wp\/v2\/product\/7323"}],"collection":[{"href":"https:\/\/dalatreview.vn\/en\/wp-json\/wp\/v2\/product"}],"about":[{"href":"https:\/\/dalatreview.vn\/en\/wp-json\/wp\/v2\/types\/product"}],"replies":[{"embeddable":true,"href":"https:\/\/dalatreview.vn\/en\/wp-json\/wp\/v2\/comments?post=7323"}],"wp:featuredmedia":[{"embeddable":true,"href":"https:\/\/dalatreview.vn\/en\/wp-json\/wp\/v2\/media\/7330"}],"wp:attachment":[{"href":"https:\/\/dalatreview.vn\/en\/wp-json\/wp\/v2\/media?parent=7323"}],"wp:term":[{"taxonomy":"product_cat","embeddable":true,"href":"https:\/\/dalatreview.vn\/en\/wp-json\/wp\/v2\/product_cat?post=7323"},{"taxonomy":"product_tag","embeddable":true,"href":"https:\/\/dalatreview.vn\/en\/wp-json\/wp\/v2\/product_tag?post=7323"}],"curies":[{"name":"wp","href":"https:\/\/api.w.org\/{rel}","templated":true}]}}