
{"id":7172,"date":"2020-09-24T19:15:20","date_gmt":"2020-09-24T12:15:20","guid":{"rendered":"https:\/\/dalatreview.vn\/?p=7172"},"modified":"2024-08-12T12:04:31","modified_gmt":"2024-08-12T05:04:31","slug":"the-gate-da-lat","status":"publish","type":"product","link":"https:\/\/dalatreview.vn\/en\/the-gate-da-lat.html","title":{"rendered":"THE GATE \u0110\u00c0 L\u1ea0T"},"content":{"rendered":"<nav class=\"vietrick-auto-toc\">\n<div class=\"box-title\">\n<h3 class=\"toc-title\" id=\"select-menu\">Danh m\u1ee5c ch\u00ednh<\/h3>\n<div><ion-icon name=\"chevron-up-outline\"><\/ion-icon><\/div>\n<\/div>\n<ul class=\"toc-list\"><\/ul>\n<li><a href='https:\/\/dalatreview.vn\/en#hoa-minh-giua-da-lat-mong-mo-cung-the-gate-da-lat' class='heading-h1 toc-link smooth-scroll'>H\u00d2A M\u00ccNH GI\u1eeeA \u0110\u00c0 L\u1ea0T M\u1ed8NG M\u01a0 C\u00d9NG THE GATE \u0110\u00c0 L\u1ea0T<\/a>\n<ul>\n<li><a href='https:\/\/dalatreview.vn\/en#1-vi-tri-%f0%9f%8c%a8' class='heading-h2 toc-link smooth-scroll'>1.V\u1ecb tr\u00ed \ud83c\udf28<\/a>\n<li><a href='https:\/\/dalatreview.vn\/en#2-decor-%f0%9f%8c%a8' class='heading-h2 toc-link smooth-scroll'>2. Decor \ud83c\udf28<\/a>\n<li><a href='https:\/\/dalatreview.vn\/en#3-dich-vu-tien-nghi-%f0%9f%8c%a8' class='heading-h2 toc-link smooth-scroll'>3. D\u1ecbch v\u1ee5 &amp; Ti\u1ec7n nghi \ud83c\udf28<\/a>\n<li><a href='https:\/\/dalatreview.vn\/en#4-gia-phong' class='heading-h2 toc-link smooth-scroll'>4. Gi\u00e1 ph\u00f2ng<\/a>\n<li><a href='https:\/\/dalatreview.vn\/en#5-lien-he-%f0%9f%8c%a8' class='heading-h2 toc-link smooth-scroll'>5. Li\u00ean h\u1ec7 \ud83c\udf28<\/a><\/ul>\n<\/ul>\n<\/li>\n<\/ul>\n<\/nav>\n<h1 style=\"text-align: center;\" id=\"hoa-minh-giua-da-lat-mong-mo-cung-the-gate-da-lat\"><span style=\"font-family: terminal, monaco, monospace; color: #003366;\">H\u00d2A M\u00ccNH GI\u1eeeA \u0110\u00c0 L\u1ea0T M\u1ed8NG M\u01a0 C\u00d9NG THE GATE \u0110\u00c0 L\u1ea0T<\/span><\/h1>\n<h2 style=\"text-align: left;\" id=\"1-vi-tri-%f0%9f%8c%a8\"><span style=\"color: #003366; font-family: 'times new roman', times, serif;\"><strong>1.V\u1ecb tr\u00ed <\/strong><strong>\ud83c\udf28<\/strong><\/span><\/h2>\n<p style=\"text-align: left;\"><span style=\"font-family: 'times new roman', times, serif;\"><span style=\"font-size: 20px;\"><strong><span style=\"color: #ff0000;\">The Gate \u0110\u00e0 L\u1ea1t<\/span><\/strong> t\u1ecda l\u1ea1c gi\u1eefa kh\u00f4ng gian c\u1ee7a thi\u00ean nhi\u00ean th\u01a1 m\u1ed9ng, h\u00f9ng v\u0129 v\u1edbi nh\u1eefng c\u00e1nh r\u1eebng th\u00f4ng tr\u1ea3i d\u00e0i xanh ng\u1eaft c\u00f9ng thung l\u0169ng b\u1ea1t ng\u00e0n m\u00e2y tr\u1eafng, ch\u1ec9 c\u00e1ch trung t\u00e2m th\u00e0nh ph\u1ed1 v\u00e0 ch\u1ee3 \u0110\u00e0 L\u1ea1t 5 ph\u00fat \u0111i xe. Ngo\u00e0i ra <strong>The Gate \u0110\u00e0 L\u1ea1<\/strong>t c\u00f2n n\u1eb1m c\u1ea1nh <em>KDL L\u00e1 Phong<\/em> n\u1ed5i ti\u1ebfng, \u0111\u00e2y l\u00e0 n\u01a1i b\u1ea1n c\u00f3 th\u1ec3 <em>\u201cth\u1ea3 ch\u1eadm\u201d<\/em> m\u00ecnh l\u1ea1i \u0111\u1ec3 th\u01b0 gi\u00e3n, h\u00f2a v\u00e0o khung c\u1ea3nh c\u1ee7a n\u00fai r\u1eebng, ph\u00f3ng t\u1ea7m m\u1eaft v\u1ec1 ph\u00eda thung l\u0169ng \u0111\u1eb1ng xa v\u00e0 chill theo c\u00f9ng nh\u1eefng b\u1ea3n nh\u1ea1c.<\/span><img decoding=\"async\" class=\"aligncenter wp-image-7173 size-full\" src=\"https:\/\/dalatreview.vn\/wp-content\/uploads\/2020\/09\/Artboard-1.png\" alt=\"\" width=\"1200\" height=\"900\"><\/span><\/p>\n<h2 style=\"text-align: left;\" id=\"2-decor-%f0%9f%8c%a8\"><span style=\"color: #003366; font-family: 'times new roman', times, serif;\"><strong>2. Decor <\/strong><strong>\ud83c\udf28<\/strong><\/span><\/h2>\n<p style=\"text-align: left;\"><span style=\"font-family: 'times new roman', times, serif; font-size: 20px;\">\ud83c\udf31 <strong>The Gate \u0110\u00e0 L\u1ea1t<\/strong> v\u1edbi thi\u1ebft k\u1ebf t\u1ed1i gi\u1ea3n v\u1edbi tone m\u00e0u xanh, tr\u1eafng l\u00e0m ch\u1ee7 \u0111\u1ea1o, xen k\u1ebd m\u1ed9t ch\u00fat phong c\u00e1ch ch\u00e2u \u00c2u, mang \u0111\u1ebfn c\u1ea3m gi\u00e1c th\u1ea3nh th\u01a1i tho\u1ea3i m\u00e1i nh\u01b0ng l\u1ea1i v\u00f4 c\u00f9ng s\u1ea1ch s\u1ebd sang tr\u1ecdng,\u2026<\/span><\/p>\n<p style=\"text-align: left;\"><span style=\"font-family: 'times new roman', times, serif; font-size: 20px;\">\ud83c\udf31 <strong>The Gate \u0110\u00e0 L\u1ea1t<\/strong> l\u00e0 n\u01a1i ngh\u1ec9 d\u01b0\u1ee1ng mang \u0111\u1ebfn nhi\u1ec1u l\u1ef1a ch\u1ecdn ph\u00f9 h\u1ee3p \u0111\u1ed1i v\u1edbi t\u1eebng kh\u00e1ch h\u00e0ng, m\u1ed7i c\u0103n ph\u00f2ng \u1edf \u0111\u00e2y \u0111\u1ec1u \u0111\u01b0\u1ee3c ch\u0103m s\u00f3c k\u1ef9 c\u00e0ng, \u0111\u1ea3m b\u1ea3o cho b\u1ea1n c\u00f3 gi\u1ea5c ng\u1ee7 tho\u1ea3i m\u00e1i nh\u1ea5t, mang \u0111\u1ebfn cho du kh\u00e1ch nh\u1eefng tr\u1ea3i nghi\u1ec7m tuy\u1ec7t v\u1eddi nh\u1ea5t khi gh\u00e9 th\u0103m th\u00e0nh ph\u1ed1 tuy\u1ec7t v\u1eddi n\u00e0y.<\/span><\/p>\n<p style=\"text-align: left;\"><span style=\"font-family: 'times new roman', times, serif;\"><img decoding=\"async\" class=\"aligncenter wp-image-7174 size-full\" src=\"https:\/\/dalatreview.vn\/wp-content\/uploads\/2020\/09\/Artboard-2.png\" alt=\"\" width=\"1200\" height=\"900\"><\/span><\/p>\n<h2 style=\"text-align: left;\" id=\"3-dich-vu-tien-nghi-%f0%9f%8c%a8\"><span style=\"color: #003366; font-family: 'times new roman', times, serif;\"><strong>3. D\u1ecbch v\u1ee5 &amp; Ti\u1ec7n nghi <\/strong><strong>\ud83c\udf28<\/strong><\/span><\/h2>\n<p style=\"text-align: left;\"><span style=\"font-family: 'times new roman', times, serif; font-size: 20px;\">\ud83c\udf40Ng\u00e2m ch\u00e2n th\u1ea3o d\u01b0\u1ee3c<\/span><\/p>\n<p style=\"text-align: left;\"><span style=\"font-family: 'times new roman', times, serif; font-size: 20px;\">\ud83c\udfe0Khu v\u1ef1c \u0103n s\u00e1ng mi\u1ec5n ph\u00ed r\u1ed9ng r\u00e3i, s\u00e2n th\u01b0\u1ee3ng view to\u00e0n n\u00fai Voi, thung l\u0169ng c\u1ef1c \u0111\u1eb9p<\/span><\/p>\n<p style=\"text-align: left;\"><span style=\"font-family: 'times new roman', times, serif; font-size: 20px;\">\ud83c\udf3cS\u00e2n n\u01b0\u1edbng BBQ<\/span><\/p>\n<p style=\"text-align: left;\"><span style=\"font-family: 'times new roman', times, serif; font-size: 20px;\">\ud83d\udef5Cho thu\u00ea xe m\u00e1y<\/span><\/p>\n<p style=\"text-align: left;\"><span style=\"font-family: 'times new roman', times, serif;\"><span style=\"font-size: 20px;\">\ud83c\udf79Th\u01b0\u1edfng th\u1ee9c #special_drink: Sangria v\u00e0 cocktail Vodka<\/span><img decoding=\"async\" class=\"size-full wp-image-7175 aligncenter\" src=\"https:\/\/dalatreview.vn\/wp-content\/uploads\/2020\/09\/Artboard-3.png\" alt=\"\" width=\"1200\" height=\"900\"><\/span><\/p>\n<h2 style=\"text-align: left;\" id=\"4-gia-phong\"><span style=\"color: #003366; font-family: 'times new roman', times, serif;\"><strong>4. Gi\u00e1 ph\u00f2ng<\/strong><\/span><\/h2>\n<p style=\"text-align: left;\"><span style=\"font-family: 'times new roman', times, serif; font-size: 20px;\">\u27a1\ufe0fPh\u00f2ng ti\u00eau chu\u1ea9n \u00e1p m\u00e1i : 650.000 \u0111 <\/span><\/p>\n<p style=\"text-align: left;\"><span style=\"font-family: 'times new roman', times, serif; font-size: 20px;\">\u27a1\ufe0fPh\u00f2ng Deluxe \u00e1p m\u00e1i: 900.000 \u0111 <\/span><\/p>\n<p style=\"text-align: left;\"><span style=\"font-family: 'times new roman', times, serif; font-size: 20px;\">\u27a1\ufe0fPh\u00f2ng Superior h\u01b0\u1edbng \u0111\u1ed3i th\u00f4ng: 1.100.000 \u0111 <\/span><\/p>\n<p style=\"text-align: left;\"><span style=\"font-family: 'times new roman', times, serif; font-size: 20px;\">\u27a1\ufe0fPh\u00f2ng ti\u00eau chu\u1ea9n h\u01b0\u1edbng v\u01b0\u1eddn: 600.000 \u0111 <\/span><\/p>\n<p style=\"text-align: left;\"><span style=\"font-family: 'times new roman', times, serif; font-size: 20px;\">\u27a1\ufe0fPh\u00f2ng Superior h\u01b0\u1edbng thung l\u0169ng n\u00fai voi: 1.100.000 \u0111 <\/span><\/p>\n<p style=\"text-align: left;\"><span style=\"font-family: 'times new roman', times, serif; font-size: 20px;\">\u27a1\ufe0fPh\u00f2ng Deluxe h\u01b0\u1edbng thung l\u0169ng: 900.000 \u0111<\/span><\/p>\n<div style=\"text-align: left;\">\n<div>\n<div>\n<div>\n<div>\n<div><img decoding=\"async\" class=\"size-full wp-image-7176 aligncenter\" src=\"https:\/\/dalatreview.vn\/wp-content\/uploads\/2020\/09\/Artboard-4.png\" alt=\"\" width=\"1200\" height=\"900\"><\/div>\n<\/div>\n<\/div>\n<\/div>\n<\/div>\n<\/div>\n<h2 style=\"text-align: left;\" id=\"5-lien-he-%f0%9f%8c%a8\"><span style=\"color: #003366; font-family: 'times new roman', times, serif;\"><strong>5. Li\u00ean h\u1ec7 <\/strong><strong>\ud83c\udf28<\/strong><\/span><\/h2>\n<p style=\"text-align: left;\"><strong><span style=\"font-family: 'times new roman', times, serif; font-size: 20px;\">M\u00ecnh \u0111\u1ec3 \u0111\u1ecba ch\u1ec9 \u1edf \u0111\u00e2y m\u1ecdi ng\u01b0\u1eddi gh\u00e9 qua Fanpage t\u00ecm hi\u1ec3u nh\u00e9!!!<\/span><\/strong><\/p>\n<p style=\"text-align: left;\"><span style=\"font-family: 'times new roman', times, serif; font-size: 20px;\"><strong>Fanpage<\/strong>: <a href=\"https:\/\/www.facebook.com\/thegatehoteldalat\/?__cft__%5b0%5d=AZVLkVYPByFvh2FXbLGWWvK7viUsrrTENqZ8LhqvkgiWqRD8T0Zd9DN3uEqkZ45gP3dy8sYBqI-7nChUOZS_eNv6xyurw6uQvAfhn_Bv-hm2sXt_-bJs6CKvYMAZN9TG9CAqwzEBbEu4qqCi-LTYswMFjzTju7bchr6BaLcWedrhqFBscWKvkh95SF4xN5_8MARBgwstMMjSrxHtPQbhmdxC&amp;__tn__=kK-R\" target=\"_blank\" rel=\"noopener\">The Gate \u0110\u00e0 L\u1ea1t <\/a><\/span><\/p>\n<p style=\"text-align: left;\"><span style=\"font-family: 'times new roman', times, serif; font-size: 20px;\"><strong>\u0110\u1ecba ch\u1ec9:<\/strong> 28 \u0110\u1eb7ng Th\u00e1i Th\u00e2n, ph\u01b0\u1eddng 3, TP \u0110\u00e0 L\u1ea1t<\/span><\/p>\n<p style=\"text-align: left;\"><span style=\"font-family: 'times new roman', times, serif; font-size: 20px;\"><strong>S\u0110T:<\/strong> 02633552828<\/span><\/p>\n<p style=\"text-align: left;\">","protected":false},"excerpt":{"rendered":"<p>Danh m\u1ee5c ch\u00ednh H\u00d2A M\u00ccNH GI\u1eeeA \u0110\u00c0 L\u1ea0T M\u1ed8NG M\u01a0 C\u00d9NG THE GATE \u0110\u00c0 L\u1ea0T 1.V\u1ecb tr\u00ed \ud83c\udf28 2. Decor \ud83c\udf28 3. D\u1ecbch v\u1ee5 &amp; Ti\u1ec7n nghi \ud83c\udf28 4. Gi\u00e1 ph\u00f2ng 5. Li\u00ean h\u1ec7 \ud83c\udf28 H\u00d2A M\u00ccNH GI\u1eeeA \u0110\u00c0 L\u1ea0T M\u1ed8NG M\u01a0 C\u00d9NG THE GATE \u0110\u00c0 L\u1ea0T 1.V\u1ecb tr\u00ed \ud83c\udf28 The Gate \u0110\u00e0 L\u1ea1t t\u1ecda [&hellip;]<\/p>","protected":false},"featured_media":7173,"comment_status":"open","ping_status":"closed","template":"","meta":{"_acf_changed":false,"rank_math_lock_modified_date":false},"product_cat":[46,29],"product_tag":[],"acf":[],"_links":{"self":[{"href":"https:\/\/dalatreview.vn\/en\/wp-json\/wp\/v2\/product\/7172"}],"collection":[{"href":"https:\/\/dalatreview.vn\/en\/wp-json\/wp\/v2\/product"}],"about":[{"href":"https:\/\/dalatreview.vn\/en\/wp-json\/wp\/v2\/types\/product"}],"replies":[{"embeddable":true,"href":"https:\/\/dalatreview.vn\/en\/wp-json\/wp\/v2\/comments?post=7172"}],"wp:featuredmedia":[{"embeddable":true,"href":"https:\/\/dalatreview.vn\/en\/wp-json\/wp\/v2\/media\/7173"}],"wp:attachment":[{"href":"https:\/\/dalatreview.vn\/en\/wp-json\/wp\/v2\/media?parent=7172"}],"wp:term":[{"taxonomy":"product_cat","embeddable":true,"href":"https:\/\/dalatreview.vn\/en\/wp-json\/wp\/v2\/product_cat?post=7172"},{"taxonomy":"product_tag","embeddable":true,"href":"https:\/\/dalatreview.vn\/en\/wp-json\/wp\/v2\/product_tag?post=7172"}],"curies":[{"name":"wp","href":"https:\/\/api.w.org\/{rel}","templated":true}]}}