
{"id":6563,"date":"2020-08-16T16:13:02","date_gmt":"2020-08-16T09:13:02","guid":{"rendered":"https:\/\/dalatreview.vn\/?p=6563"},"modified":"2025-01-16T12:24:24","modified_gmt":"2025-01-16T05:24:24","slug":"comy-hostel","status":"publish","type":"product","link":"https:\/\/dalatreview.vn\/en\/comy-hostel.html","title":{"rendered":"Comy Hostel"},"content":{"rendered":"<p style=\"text-align: center;\"><span style=\"color: #003366;\"><strong>Comy Hostel M\u1ed9t Chi\u1ebfc Home Xinh X\u1eafn Ngay Trung T\u00e2m Th\u00e0nh Ph\u1ed1 V\u1edbi M\u1ee9c Gi\u00e1 C\u1ef1c R\u1ebb Cho H\u1ed9i B\u1ea1n Th\u00e2n Th\u1ea3nh Th\u01a1i \u0110i Ch\u01a1i \u0110\u00e0 L\u1ea1t<\/strong><\/span><\/p>\n<div class=\"_2cuy _3dgx _2vxa\"><\/div>\n<div class=\"_2cuy _3dgx _2vxa\"><span style=\"font-size: 20px; color: #003366;\"><strong><span class=\"_4yxo\">1. V\u1ecb tr\u00ed<\/span><\/strong><\/span><\/div>\n<div class=\"_2cuy _3dgx _2vxa\"><a href=\"https:\/\/www.facebook.com\/COMY-Hostel-104423167976972\/\" target=\"_blank\" rel=\"noopener\"><span class=\"_4yxo _4yxp\">COMY Hostel<\/span><\/a> <span class=\"_4yxp\">t\u1ecda l\u1ea1c t\u1ea1i s\u1ed1 65 Th\u1ee7 Khoa Hu\u00e2n c\u00e1ch ch\u1ee3 \u0111\u00eam \u0110\u00e0 L\u1ea1t ch\u1ec9 v\u00e0i ph\u00fat xe m\u00e1y, g\u1ea7n ngay trung t\u00e2m n\u00ean vi\u1ec7c \u0111i l\u1ea1i r\u1ea5t thu\u1eadn ti\u1ec7n, g\u1ea7n nhi\u1ec1u \u0111\u1ecba \u0111i\u1ec3m tham quan n\u1ed5i ti\u1ebfng nh\u01b0 Ch\u1ee3 \u0110\u00eam, Ti\u1ec7m b\u00e1nh C\u1ed1i Xay Gi\u00f3, View H\u1ed3ng Kh\u00f4ng b\u00ean h\u00f4ng ch\u1ee3 \u0110\u00e0 L\u1ea1t, C\u00f4ng vi\u00ean \u00c1nh S\u00e1ng,&#8230;<\/span><\/div>\n<div class=\"_2cuy _3dgx _2vxa\"><span class=\"_4yxp\">Ngo\u00e0i ra Comy c\u00f2n g\u1ea7n r\u1ea5t nhi\u1ec1u \u0111\u1ecba \u0111i\u1ec3m \u0103n u\u1ed1ng n\u1ed5i ti\u1ebfng m\u00e0 khi \u0111\u1ebfn \u0110\u00e0 L\u1ea1t b\u1ea1n nh\u1ea5t \u0111\u1ecbnh ph\u1ea3i th\u1eed, \u0111\u00f3 l\u00e0 L\u1ea9u B\u00f2 Ba toa qu\u00e1n G\u1ed7, B\u00e1nh tr\u00e1ng n\u01b0\u1edbng, Kem b\u01a1, B\u1ea1nh \u01b0\u1edbt l\u00f2ng g\u00e0,&#8230;<br \/>\n<img decoding=\"async\" class=\"aligncenter size-full wp-image-6564\" src=\"https:\/\/dalatreview.vn\/wp-content\/uploads\/2020\/08\/1-15.jpg\" alt=\"\" width=\"1200\" height=\"900\"><br \/>\n<\/span><\/div>\n<div class=\"_2cuy _3dgx _2vxa\"><\/div>\n<div class=\"_2cuy _3dgx _2vxa\"><span class=\"_4yxo\" style=\"color: #003366; font-size: 20px;\"><strong>2. Decor<\/strong> <\/span><\/div>\n<div class=\"_2cuy _3dgx _2vxa\">\u0110\u1ebfn v\u1edbi<span class=\"_4yxo\"> COMY hostel <\/span>b\u1ea1n s\u1ebd c\u1ea3m nh\u1eadn \u0111\u01b0\u1ee3c s\u1ef1 \u0111\u1ed9c \u0111\u00e1o trong c\u00e1ch b\u00e0y tr\u00ed c\u1ee7a c\u00e1c c\u0103n ph\u00f2ng<span class=\"_5mfr\"><span class=\"_6qdm\">\ud83e\udd70<\/span><\/span><\/div>\n<div class=\"_2cuy _3dgx _2vxa\">COMY c\u00f3:<\/div>\n<div class=\"_2cuy _3dgx _2vxa\">Ph\u00f2ng dorm 12 ng\u01b0\u1eddi, 2 ph\u00f2ng t\u1eafm, 2 toilet ri\u00eang<\/div>\n<div class=\"_2cuy _3dgx _2vxa\">Ph\u00f2ng dorm 10nguoi, 3 nh\u00e0 t\u1eafm, 2 toilet ri\u00eang<\/div>\n<div class=\"_2cuy _3dgx _2vxa\">Ph\u00f2ng dorm 8ng, 2 nh\u00e0 t\u1eafm v\u00e0 toilet ri\u00eang<\/div>\n<div class=\"_2cuy _3dgx _2vxa\">Ph\u00f2ng dorm 5 ng\u01b0\u1eddi, 1 nh\u00e0 t\u1eafm v\u00e0 toilet ri\u00eang<\/div>\n<div class=\"_2cuy _3dgx _2vxa\">Ph\u00f2ng dorm 4 ng\u01b0\u1eddi, 1 nh\u00e0 t\u1eafm v\u00e0 toilet ri\u00eang<br \/>\nPh\u00f2ng dorm nh\u01b0ng v\u1eabn \u0111\u1ea3m b\u1ea3o v\u1ec7 sinh ri\u00eang kh\u00f4ng lo b\u1ea5t ti\u1ec7n nh\u00e9<br \/>\n<img decoding=\"async\" class=\"aligncenter size-full wp-image-6565\" src=\"https:\/\/dalatreview.vn\/wp-content\/uploads\/2020\/08\/2-13.jpg\" alt=\"\" width=\"1200\" height=\"900\"><\/div>\n<div class=\"_2cuy _3dgx _2vxa\"><\/div>\n<div class=\"_2cuy _3dgx _2vxa\"><span class=\"_4yxo\" style=\"font-size: 20px; color: #003366;\"><strong>3. D\u1ecbch v\u1ee5 $Ti\u1ec7n nghi<\/strong> <\/span><\/div>\n<ul class=\"_5a_q _5yj1\" dir=\"ltr\">\n<li class=\"_2cuy _509q _2vxa\">C\u00f3 d\u1ecbch v\u1ee5 thu\u00ea xe m\u00e1y cho b\u1ea1n n\u00e0o c\u1ea7n nh\u00e9<\/li>\n<li class=\"_2cuy _509q _2vxa\">B\u00ean home c\u00f2n nh\u1eadn set up BBQ gi\u00e1 ch\u1ec9 t\u1eeb 120k-180k\/ph\u1ea7n\/ ng\u01b0\u1eddi m\u00e0 th\u00f4i, c\u1ea3 nh\u00e0 l\u00ean m\u00f9a n\u00e0y ng\u1ed3i qu\u00e2y qu\u1ea7n b\u00ean nhau b\u00ean b\u1ebfp l\u1eeda l\u00e0 tuy\u1ec7t v\u1eddi lu\u00f4n<\/li>\n<li class=\"_2cuy _509q _2vxa\">C\u00f3 qu\u1ea7y Bar, s\u00e2n BBQ, b\u1ebfp, l\u00f2 vi s\u00f3ng lu\u00f4n s\u1eb5n s\u00e0ng ph\u1ee5c v\u1ee5 24\/24 <span class=\"_5mfr\"><span class=\"_6qdm\">\ud83d\ude0d<\/span><\/span><span class=\"_5mfr\"><span class=\"_6qdm\">\ud83d\ude0d<\/span><\/span><\/li>\n<\/ul>\n<p><img decoding=\"async\" class=\"aligncenter size-full wp-image-6566\" src=\"https:\/\/dalatreview.vn\/wp-content\/uploads\/2020\/08\/3-12.jpg\" alt=\"\" width=\"1200\" height=\"900\"><\/p>\n<div class=\"_2cuy _3dgx _2vxa\"><\/div>\n<div class=\"_2cuy _3dgx _2vxa\"><span style=\"color: #003366; font-size: 20px;\"><strong><span class=\"_4yxo\">4. Gi\u00e1 ph\u00f2ng<\/span><\/strong><\/span><\/div>\n<ul class=\"_5a_q _5yj1\" dir=\"ltr\">\n<li class=\"_2cuy _509q _2vxa\">Gi\u00e1 ph\u00f2ng 100k\/ng\u01b0\u1eddi\/ dorm (gi\u01b0\u1eddng)<\/li>\n<\/ul>\n<p><img decoding=\"async\" class=\"aligncenter size-full wp-image-6567\" src=\"https:\/\/dalatreview.vn\/wp-content\/uploads\/2020\/08\/4-10.jpg\" alt=\"\" width=\"1200\" height=\"900\"><\/p>\n<div class=\"_2cuy _3dgx _2vxa\"><\/div>\n<div class=\"_2cuy _3dgx _2vxa\"><span style=\"color: #003366; font-size: 20px;\"><strong><span class=\"_4yxo\">5. \u0110\u1eb7c bi\u1ec7t l\u01b0u \u00fd<\/span><\/strong><\/span><\/div>\n<div class=\"_2cuy _3dgx _2vxa\"><span class=\"_4yxo\">Comy <\/span>to\u00e0n b\u1ed9 l\u00e0 d\u1ea1ng ph\u00f2ng Dorm (ph\u00f2ng t\u1eadp th\u1ec3) n\u00ean m\u1ee9c gi\u00e1 r\u1ea5t chi l\u00e0 \u01b0u \u0111\u00e3i, ph\u00f9 h\u1ee3p cho h\u1ed9i b\u1ea1n th\u00e2n, nh\u00f3m l\u1edbp, sinh vi\u00ean n\u00e8<\/div>\n<div class=\"_2cuy _3dgx _2vxa\"><\/div>\n<div class=\"_2cuy _3dgx _2vxa\">Ad s\u1ebd \u0111\u1ec3 \u0111\u1ecba ch\u1ec9 \u1edf \u0111\u00e2yy m\u1ecdi ng\u01b0\u1eddi \u0111\u1ebfn \u0110\u00e0 L\u1ea1t th\u00ec nh\u1edb gh\u00e9 COMY \u0111\u1eb7t ph\u00f2ng nhaa<\/div>\n<div class=\"_2cuy _3dgx _2vxa\">Fanpage: <a href=\"https:\/\/www.facebook.com\/COMY-Hostel-104423167976972\/\" target=\"_blank\" rel=\"noopener\"><span class=\"_4yxo _4yxp\">COMY Hostel<\/span><\/a><\/div>\n<div class=\"_2cuy _3dgx _2vxa\">Li\u00ean h\u1ec7: <span class=\"_4yxo _4yxp\">0935209686<\/span><\/div>\n<div class=\"_2cuy _3dgx _2vxa\">\u0110\u1ecba ch\u1ec9: <span class=\"_4yxo _4yxp\">65 Th\u1ee7 Khoa Hu\u00e2n, Ph\u01b0\u1eddng 1, TP \u0110\u00e0 L\u1ea1t<\/span><\/div>","protected":false},"excerpt":{"rendered":"<p>Comy Hostel M\u1ed9t Chi\u1ebfc Home Xinh X\u1eafn Ngay Trung T\u00e2m Th\u00e0nh Ph\u1ed1 V\u1edbi M\u1ee9c Gi\u00e1 C\u1ef1c R\u1ebb Cho H\u1ed9i B\u1ea1n Th\u00e2n Th\u1ea3nh Th\u01a1i \u0110i Ch\u01a1i \u0110\u00e0 L\u1ea1t 1. V\u1ecb tr\u00ed COMY Hostel t\u1ecda l\u1ea1c t\u1ea1i s\u1ed1 65 Th\u1ee7 Khoa Hu\u00e2n c\u00e1ch ch\u1ee3 \u0111\u00eam \u0110\u00e0 L\u1ea1t ch\u1ec9 v\u00e0i ph\u00fat xe m\u00e1y, g\u1ea7n ngay trung t\u00e2m n\u00ean [&hellip;]<\/p>","protected":false},"featured_media":6570,"comment_status":"open","ping_status":"closed","template":"","meta":{"_acf_changed":false,"rank_math_lock_modified_date":false},"product_cat":[29,2255,36],"product_tag":[],"acf":[],"_links":{"self":[{"href":"https:\/\/dalatreview.vn\/en\/wp-json\/wp\/v2\/product\/6563"}],"collection":[{"href":"https:\/\/dalatreview.vn\/en\/wp-json\/wp\/v2\/product"}],"about":[{"href":"https:\/\/dalatreview.vn\/en\/wp-json\/wp\/v2\/types\/product"}],"replies":[{"embeddable":true,"href":"https:\/\/dalatreview.vn\/en\/wp-json\/wp\/v2\/comments?post=6563"}],"wp:featuredmedia":[{"embeddable":true,"href":"https:\/\/dalatreview.vn\/en\/wp-json\/wp\/v2\/media\/6570"}],"wp:attachment":[{"href":"https:\/\/dalatreview.vn\/en\/wp-json\/wp\/v2\/media?parent=6563"}],"wp:term":[{"taxonomy":"product_cat","embeddable":true,"href":"https:\/\/dalatreview.vn\/en\/wp-json\/wp\/v2\/product_cat?post=6563"},{"taxonomy":"product_tag","embeddable":true,"href":"https:\/\/dalatreview.vn\/en\/wp-json\/wp\/v2\/product_tag?post=6563"}],"curies":[{"name":"wp","href":"https:\/\/api.w.org\/{rel}","templated":true}]}}