
{"id":6555,"date":"2020-08-16T15:54:46","date_gmt":"2020-08-16T08:54:46","guid":{"rendered":"https:\/\/dalatreview.vn\/?p=6555"},"modified":"2024-07-11T11:07:31","modified_gmt":"2024-07-11T04:07:31","slug":"khu-nghi-duong-golden-hill","status":"publish","type":"product","link":"https:\/\/dalatreview.vn\/en\/khu-nghi-duong-golden-hill.html","title":{"rendered":"Khu Ngh\u1ec9 D\u01b0\u1ee1ng Golden Hill"},"content":{"rendered":"<div class=\"_2cuy _3dgx _2vxa\" style=\"text-align: center;\"><span style=\"font-size: 20px; color: #003366;\"><strong><span class=\"_4yxo\">PH\u00c1T HI\u1ec6N GOLDEN HILLS &#8211; M\u1ed8T TR\u1edcI T\u00c2Y &#8211; M\u1ed8T TR\u1edcI \u0110\u00c0 L\u1ea0T<\/span><\/strong><\/span><\/div>\n<div class=\"_2cuy _3dgx _2vxa\"><\/div>\n<div class=\"_2cuy _3dgx _2vxa\"><span style=\"font-size: 20px; color: #003366;\"><strong><span class=\"_4yxo\">1. V\u1ecb tr\u00ed <\/span><span class=\"_5mfr\"><span class=\"_6qdm\">\ud83e\udd5d<\/span><\/span><\/strong><\/span><\/div>\n<div class=\"_2cuy _3dgx _2vxa\"><a href=\"https:\/\/www.facebook.com\/booking.dalatreview.vn\"><span class=\"_4yxo _4yxp\">Asagari Dalat &#8211; Khu ngh\u1ec9 d\u01b0\u1ee1ng Golden Hills \u0110\u00e0 L\u1ea1t<\/span><\/a> -t\u1ecda l\u1ea1c t\u1ea1i s\u1ed1 128\/A16 Nguy\u1ec5n Trung Tr\u1ef1c \u0110\u00e0 L\u1ea1t, ch\u1ec9 c\u00e1c Qu\u1ea3ng Tr\u01b0\u1eddng L\u00e2m Vi\u00ean v\u00e0i ph\u00fat xe m\u00e1y, ti\u1ec7n \u0111\u01b0\u1eddng tham quan c\u00e1c khu du l\u1ecbch \u0111\u1ecba \u0111i\u1ec3m checkin n\u1ed5i ti\u1ebfng nh\u01b0 Dinh III B\u1ea3o \u0110\u1ea1i, D\u1ed1c Nh\u00e0 B\u00f2, Nh\u00e0 th\u1edd Con G\u00e0, KDL L\u00e1 Phong,&#8230;.<\/div>\n<div class=\"_2cuy _3dgx _2vxa\">Ngo\u00e0i ra khu ngh\u0129 d\u01b0\u1ee1ng c\u00f2n g\u1ea7n c\u00e1c \u0111\u1ecba \u0111i\u1ec3m \u0103n u\u1ed1ng kh\u00e1 l\u00e0 n\u1ed5i ti\u1ebfng nh\u01b0 Thi\u00ean \u0111\u01b0\u1eddng \u0103n v\u1eb7t Nh\u00e0 Chung, B\u00e1nh c\u0103n Nh\u00e0 Chung, L\u1ea9u g\u00e0 L\u00e1 \u00c9,&#8230;<br \/>\n<img decoding=\"async\" class=\"aligncenter size-full wp-image-6557\" src=\"https:\/\/dalatreview.vn\/wp-content\/uploads\/2020\/08\/1-14.jpg\" alt=\"\" width=\"1200\" height=\"900\"><\/div>\n<div class=\"_2cuy _3dgx _2vxa\"><\/div>\n<div class=\"_2cuy _3dgx _2vxa\"><span style=\"color: #003366; font-size: 20px;\"><strong><span class=\"_4yxo\">2. Decor <\/span><span class=\"_5mfr\"><span class=\"_6qdm\">\ud83e\udd5d<\/span><\/span><span class=\"_5mfr\"><span class=\"_6qdm\">\ud83e\udd5d<\/span><\/span><\/strong><\/span><\/div>\n<div class=\"_2cuy _3dgx _2vxa\">M\u1ed9t thi\u1ebft k\u1ebf kh\u00f4ng th\u1ec3 tuy\u1ec7t v\u1eddi h\u01a1n v\u1edbi t\u1ea7m view \u0111\u1eb9p m\u1eaft nh\u00ecn t\u1eeb tr\u00ean cao xu\u1ed1ng v\u00e0 c\u00e1ch b\u00e0i tr\u00ed sang tr\u1ecdng v\u00e0 tinh t\u1ebf. V\u1edbi c\u1eeda s\u1ed5 r\u1ed9ng h\u01b0\u1edbng t\u1ea7m nh\u00ecn ra r\u1eebng th\u00f4ng xanh b\u1ea1t ng\u00e0n, gi\u01b0\u1eddng ng\u1ee7 r\u1ed9ng v\u00e0 \u00eam \u00e1i mang l\u1ea1i cho b\u1ea1n gi\u1ea5c ng\u1ee7 tuy\u1ec7t v\u1eddi.<\/div>\n<div class=\"_2cuy _3dgx _2vxa\">N\u1ed9i th\u1ea5t v\u00f4 c\u00f9ng ti\u1ec7n nghi v\u00e0 hi\u1ec7n \u0111\u1ea1i cho b\u1ea1n nh\u1eefng tr\u1ea3i nghi\u1ec7m t\u1ed1t nh\u1ea5t v\u1ec1 m\u1ed9t k\u1ef3 ngh\u1ec9 tuy\u1ec7t v\u1eddi.<br \/>\n<img decoding=\"async\" class=\"aligncenter size-full wp-image-6558\" src=\"https:\/\/dalatreview.vn\/wp-content\/uploads\/2020\/08\/2-12.jpg\" alt=\"\" width=\"1200\" height=\"900\"><\/div>\n<div class=\"_2cuy _3dgx _2vxa\"><\/div>\n<div class=\"_2cuy _3dgx _2vxa\"><span style=\"color: #003366; font-size: 20px;\"><strong><span class=\"_4yxo\">3. D\u1ecbch v\u1ee5 &amp;Ti\u1ec7n nghi <\/span><span class=\"_5mfr\"><span class=\"_6qdm\">\ud83e\udd5d<\/span><\/span><\/strong><\/span><\/div>\n<p>&#8211; C\u00e1c ph\u00f2ng \u0111\u1ea7y \u0111\u1ee7 ti\u1ec7n nghi<br \/>\n&#8211; Ri\u00eang c\u0103n h\u1ed9 th\u00ec c\u00f3 ph\u00f2ng b\u1ebfp<br \/>\n&#8211; C\u00f3 d\u1ecbch v\u1ee5 \u0103n s\u00e1ng, cafe,..<br \/>\n&#8211; C\u00f3 d\u1ecbch v\u1ee5 thu\u00ea xe m\u00e1y, d\u1ecbch v\u1ee5 gi\u1eb7t \u1ee7i,&#8230;<\/p>\n<p><img decoding=\"async\" class=\"aligncenter size-full wp-image-6559\" src=\"https:\/\/dalatreview.vn\/wp-content\/uploads\/2020\/08\/3-11.jpg\" alt=\"\" width=\"1200\" height=\"900\"><\/p>\n<div class=\"_2cuy _3dgx _2vxa\"><\/div>\n<div class=\"_2cuy _3dgx _2vxa\"><span style=\"font-size: 20px; color: #003366;\"><strong><span class=\"_4yxo\">4. \u0110\u1eb7c bi\u1ec7t <\/span><span class=\"_5mfr\"><span class=\"_6qdm\">\ud83e\udd5d<br \/>\n<img decoding=\"async\" class=\"aligncenter size-full wp-image-6560\" src=\"https:\/\/dalatreview.vn\/wp-content\/uploads\/2020\/08\/4-9.jpg\" alt=\"\" width=\"1200\" height=\"900\"><br \/>\n<\/span><\/span><\/strong><\/span><\/div>\n<div class=\"_2cuy _3dgx _2vxa\"><\/div>\n<div class=\"_2cuy _3dgx _2vxa\"><\/div>\n<div class=\"_2cuy _3dgx _2vxa\">Fanpage: <span style=\"color: #003300;\"><a style=\"color: #003300;\" href=\"https:\/\/www.facebook.com\/booking.dalatreview.vn\">Booking \u0110\u00e0 L\u1ea1t &#8211; www.dalatreview.vn<\/a><\/span><\/div>\n<div class=\"_2cuy _3dgx _2vxa\">Li\u00ean h\u1ec7:<span style=\"color: #003300;\"><strong><span class=\"_4yxo _4yxp\"> 0988 249 297<\/span><\/strong><\/span><\/div>\n<div class=\"_2cuy _3dgx _2vxa\">\u0110\u1ecba ch\u1ec9: <span class=\"_4yxo _4yxp\">128\/A16 Nguy\u1ec5n Trung Tr\u1ef1c &#8211; khu ngh\u1ec9 d\u01b0\u1ee1ng Golden Hills, Ph\u01b0\u1eddng 3, \u0110\u00e0 L\u1ea1t. <\/span><\/div>","protected":false},"excerpt":{"rendered":"<p>PH\u00c1T HI\u1ec6N GOLDEN HILLS &#8211; M\u1ed8T TR\u1edcI T\u00c2Y &#8211; M\u1ed8T TR\u1edcI \u0110\u00c0 L\u1ea0T 1. V\u1ecb tr\u00ed \ud83e\udd5d Asagari Dalat &#8211; Khu ngh\u1ec9 d\u01b0\u1ee1ng Golden Hills \u0110\u00e0 L\u1ea1t -t\u1ecda l\u1ea1c t\u1ea1i s\u1ed1 128\/A16 Nguy\u1ec5n Trung Tr\u1ef1c \u0110\u00e0 L\u1ea1t, ch\u1ec9 c\u00e1c Qu\u1ea3ng Tr\u01b0\u1eddng L\u00e2m Vi\u00ean v\u00e0i ph\u00fat xe m\u00e1y, ti\u1ec7n \u0111\u01b0\u1eddng tham quan c\u00e1c khu du l\u1ecbch [&hellip;]<\/p>","protected":false},"featured_media":6556,"comment_status":"open","ping_status":"closed","template":"","meta":{"_acf_changed":false,"rank_math_lock_modified_date":false},"product_cat":[29,44],"product_tag":[],"acf":[],"_links":{"self":[{"href":"https:\/\/dalatreview.vn\/en\/wp-json\/wp\/v2\/product\/6555"}],"collection":[{"href":"https:\/\/dalatreview.vn\/en\/wp-json\/wp\/v2\/product"}],"about":[{"href":"https:\/\/dalatreview.vn\/en\/wp-json\/wp\/v2\/types\/product"}],"replies":[{"embeddable":true,"href":"https:\/\/dalatreview.vn\/en\/wp-json\/wp\/v2\/comments?post=6555"}],"wp:featuredmedia":[{"embeddable":true,"href":"https:\/\/dalatreview.vn\/en\/wp-json\/wp\/v2\/media\/6556"}],"wp:attachment":[{"href":"https:\/\/dalatreview.vn\/en\/wp-json\/wp\/v2\/media?parent=6555"}],"wp:term":[{"taxonomy":"product_cat","embeddable":true,"href":"https:\/\/dalatreview.vn\/en\/wp-json\/wp\/v2\/product_cat?post=6555"},{"taxonomy":"product_tag","embeddable":true,"href":"https:\/\/dalatreview.vn\/en\/wp-json\/wp\/v2\/product_tag?post=6555"}],"curies":[{"name":"wp","href":"https:\/\/api.w.org\/{rel}","templated":true}]}}