
{"id":6545,"date":"2020-08-16T14:24:48","date_gmt":"2020-08-16T07:24:48","guid":{"rendered":"https:\/\/dalatreview.vn\/?p=6545"},"modified":"2024-07-12T14:04:43","modified_gmt":"2024-07-12T07:04:43","slug":"am-homestay","status":"publish","type":"product","link":"https:\/\/dalatreview.vn\/en\/am-homestay.html","title":{"rendered":"\u1ea4m HomeStay"},"content":{"rendered":"<div class=\"_2cuy _3dgx _2vxa\" style=\"text-align: center;\"><span style=\"color: #003366; font-size: 20px;\"><strong>&#8220;T\u00ecm ch\u1ed1n b\u00ecnh y\u00ean t\u1ea1i \u0110\u00e0 L\u1ea1t, bao nhi\u00eau mu\u1ed9n phi\u1ec1n \u00e2u lo, \u0111\u1ec3 <a style=\"color: #003366;\" href=\"https:\/\/www.facebook.com\/AmHomeStayDL\/\" target=\"_blank\" rel=\"noopener\"><span class=\"_4yxo _4yxp\">\u1ea4m HomeStay<\/span><\/a> c\u1ea5t gi\u1eef&#8221;<\/strong><\/span><\/div>\n<div class=\"_2cuy _3dgx _2vxa\"><\/div>\n<div class=\"_2cuy _3dgx _2vxa\"><span style=\"color: #003366; font-size: 20px;\"><strong><span class=\"_4yxo\">1. V\u1ecb tr\u00ed<\/span><span class=\"_5mfr\"><span class=\"_6qdm\">\ud83c\udf28<\/span><\/span><span class=\"_5mfr\"><span class=\"_6qdm\">\ud83c\udf28<\/span><\/span><\/strong><\/span><\/div>\n<div class=\"_2cuy _3dgx _2vxa\"><a href=\"https:\/\/www.facebook.com\/booking.dalatreview.vn\"><span class=\"_4yxo _4yxp\">\u1ea4m HomeStay<\/span><\/a> t\u1ecda l\u1ea1c t\u1ea1i s\u1ed1 56 \u0110\u01b0\u1eddng Tri\u1ec7u Vi\u1ec7t V\u01b0\u01a1ng, Ph\u01b0\u1eddng 3, c\u00e1ch H\u1ed3 Xu\u00e2n H\u01b0\u01a1ng ch\u1ec9 5 ph\u00fat xe m\u00e1y, ti\u1ec7n \u0111\u01b0\u1eddng \u0111i r\u1ea5t nhi\u1ec1u \u0111i\u1ec3m du l\u1ecbch nh\u01b0 Dinh B\u1ea3o \u0110\u1ea1i, D\u1ed1c Nh\u00e0 B\u00f2, Bi\u1ec7t th\u1ef1 H\u1eb1ng Nga, Nh\u00e0 th\u1edd Con G\u00e0, KDL L\u00e1 Phong,&#8230;<br \/>\n<img decoding=\"async\" class=\"aligncenter size-full wp-image-6546\" src=\"https:\/\/dalatreview.vn\/wp-content\/uploads\/2020\/08\/1-13.jpg\" alt=\"\" width=\"1200\" height=\"900\"><\/div>\n<div class=\"_2cuy _3dgx _2vxa\"><\/div>\n<div class=\"_2cuy _3dgx _2vxa\"><span style=\"color: #003366; font-size: 20px;\"><strong><span class=\"_4yxo\">2. Decor<\/span><span class=\"_5mfr\"><span class=\"_6qdm\">\ud83c\udf28<\/span><\/span><span class=\"_5mfr\"><span class=\"_6qdm\">\ud83c\udf28<\/span><\/span><\/strong><\/span><\/div>\n<div class=\"_2cuy _3dgx _2vxa\">M\u1ed7i c\u0103n ph\u00f2ng c\u1ee7a \u1ea4m Homestay mang m\u1ed9t m\u00e0u s\u1eafc ri\u00eang chu\u1ea9n \u0111i du l\u1ecbch nh\u01b0 \u1edf nh\u00e0, m\u1ee9c gi\u00e1 th\u00ec si\u00eau r\u1ebb ch\u1ec9 t\u1eeb 160k\/\u0111\u00eam\/2 ng\u01b0\u1eddi<\/div>\n<div class=\"_2cuy _3dgx _2vxa\">\u1ea4m c\u00f3 s\u00e2n v\u01b0\u1eddn r\u1ea5t r\u1ed9ng \u0111\u01b0\u1ee3c ph\u1ee7 k\u00edn b\u1eb1ng nh\u1eefng v\u01b0\u1eddn hoa c\u00fac h\u1ecda mi, n\u1eef ho\u00e0ng xanh xinh \u0111\u1eb9p, \u1edf \u1ea4m r\u1ea5t y\u00ean t\u0129nh, ng\u1ed3i b\u00ean b\u00e0n \u0111\u1ecdc s\u00e1ch ngh\u1ec9 ng\u01a1i thhuw gi\u00e3n b\u1ecf l\u1ea1i mu\u1ed9n phi\u1ec1n b\u1ea5y l\u00e2u<\/div>\n<div><img decoding=\"async\" class=\"aligncenter size-full wp-image-6547\" src=\"https:\/\/dalatreview.vn\/wp-content\/uploads\/2020\/08\/2-11.jpg\" alt=\"\" width=\"1200\" height=\"900\"><\/div>\n<div class=\"_2cuy _3dgx _2vxa\"><\/div>\n<div class=\"_2cuy _3dgx _2vxa\"><span style=\"color: #003366; font-size: 20px;\"><strong><span class=\"_4yxo\">3. D\u1ecbch v\u1ee5 $Ti\u1ec7n nghi<\/span><span class=\"_5mfr\"><span class=\"_6qdm\">\ud83c\udf28<\/span><\/span><span class=\"_5mfr\"><span class=\"_6qdm\">\ud83c\udf28<\/span><\/span><\/strong><\/span><\/div>\n<p>&#8211; Ph\u00f2ng \u0111\u1ea7y \u0111\u1ee7 ti\u1ec7n nghi<br \/>\n&#8211; C\u00f3 ch\u1ed7 n\u01b0\u1edbng BBQ r\u1ed9ng r\u00e3i v\u00e0 nh\u1eadn setup BBQ cho h\u1ed9i b\u1ea1n n\u00e0o c\u1ea7n nh\u00e9<br \/>\n<img decoding=\"async\" class=\"aligncenter size-full wp-image-6548\" src=\"https:\/\/dalatreview.vn\/wp-content\/uploads\/2020\/08\/3-10.jpg\" alt=\"\" width=\"1200\" height=\"900\"><\/p>\n<div class=\"_2cuy _3dgx _2vxa\"><span style=\"color: #003366; font-size: 20px;\"><strong><span class=\"_4yxo\">4. \u0110\u1eb7c bi\u1ec7t<\/span><span class=\"_5mfr\"><span class=\"_6qdm\">\ud83c\udf79<\/span><\/span><span class=\"_5mfr\"><span class=\"_6qdm\">\ud83c\udf79<br \/>\n<img decoding=\"async\" class=\"aligncenter size-full wp-image-6549\" src=\"https:\/\/dalatreview.vn\/wp-content\/uploads\/2020\/08\/4-8.jpg\" alt=\"\" width=\"1200\" height=\"900\"><br \/>\n<\/span><\/span><\/strong><\/span><\/div>\n<div class=\"_2cuy _3dgx _2vxa\">M\u1ee9c gi\u00e1 si\u00eau h\u1ea1t d\u1ebb ch\u1ec9 t\u1eeb 160k\/\u0111\u00eam\/2 ng\u01b0\u1eddi m\u00e0 th\u00f4i,<\/div>\n<div class=\"_2cuy _3dgx _2vxa\">Ad s\u1ebd \u0111\u1ec3 Fanpage \u1edf b\u00ean d\u01b0\u1edbi cho b\u1ea1n n\u00e0o c\u1ea7n nh\u00e9<\/div>\n<div class=\"_2cuy _3dgx _2vxa\"><span class=\"_4yxo\">Fanpage:<\/span> <a href=\"https:\/\/www.facebook.com\/booking.dalatreview.vn\"><span class=\"_4yxo _4yxp\">\u1ea4m HomeStay<\/span><\/a><\/div>\n<div class=\"_2cuy _3dgx _2vxa\"><span class=\"_4yxo\">Li\u00ean h\u1ec7:<\/span> 0988 249 297<\/div>\n<div class=\"_2cuy _3dgx _2vxa\"><span class=\"_4yxo\">\u0110\u1ecba Ch\u1ec9:<\/span> 56 \u0110\u01b0\u1eddng Tri\u1ec7u Vi\u1ec7t V\u01b0\u01a1ng, Ph\u01b0\u1eddng 3, Th\u00e0nh ph\u1ed1 \u0110\u00e0 L\u1ea1t.<\/div>","protected":false},"excerpt":{"rendered":"<p>&#8220;T\u00ecm ch\u1ed1n b\u00ecnh y\u00ean t\u1ea1i \u0110\u00e0 L\u1ea1t, bao nhi\u00eau mu\u1ed9n phi\u1ec1n \u00e2u lo, \u0111\u1ec3 \u1ea4m HomeStay c\u1ea5t gi\u1eef&#8221; 1. V\u1ecb tr\u00ed\ud83c\udf28\ud83c\udf28 \u1ea4m HomeStay t\u1ecda l\u1ea1c t\u1ea1i s\u1ed1 56 \u0110\u01b0\u1eddng Tri\u1ec7u Vi\u1ec7t V\u01b0\u01a1ng, Ph\u01b0\u1eddng 3, c\u00e1ch H\u1ed3 Xu\u00e2n H\u01b0\u01a1ng ch\u1ec9 5 ph\u00fat xe m\u00e1y, ti\u1ec7n \u0111\u01b0\u1eddng \u0111i r\u1ea5t nhi\u1ec1u \u0111i\u1ec3m du l\u1ecbch nh\u01b0 Dinh B\u1ea3o \u0110\u1ea1i, [&hellip;]<\/p>","protected":false},"featured_media":6550,"comment_status":"open","ping_status":"closed","template":"","meta":{"_acf_changed":false,"rank_math_lock_modified_date":false},"product_cat":[29,2255,36],"product_tag":[],"acf":[],"_links":{"self":[{"href":"https:\/\/dalatreview.vn\/en\/wp-json\/wp\/v2\/product\/6545"}],"collection":[{"href":"https:\/\/dalatreview.vn\/en\/wp-json\/wp\/v2\/product"}],"about":[{"href":"https:\/\/dalatreview.vn\/en\/wp-json\/wp\/v2\/types\/product"}],"replies":[{"embeddable":true,"href":"https:\/\/dalatreview.vn\/en\/wp-json\/wp\/v2\/comments?post=6545"}],"wp:featuredmedia":[{"embeddable":true,"href":"https:\/\/dalatreview.vn\/en\/wp-json\/wp\/v2\/media\/6550"}],"wp:attachment":[{"href":"https:\/\/dalatreview.vn\/en\/wp-json\/wp\/v2\/media?parent=6545"}],"wp:term":[{"taxonomy":"product_cat","embeddable":true,"href":"https:\/\/dalatreview.vn\/en\/wp-json\/wp\/v2\/product_cat?post=6545"},{"taxonomy":"product_tag","embeddable":true,"href":"https:\/\/dalatreview.vn\/en\/wp-json\/wp\/v2\/product_tag?post=6545"}],"curies":[{"name":"wp","href":"https:\/\/api.w.org\/{rel}","templated":true}]}}