
{"id":6536,"date":"2020-08-16T14:16:39","date_gmt":"2020-08-16T07:16:39","guid":{"rendered":"https:\/\/dalatreview.vn\/?p=6536"},"modified":"2024-07-12T14:04:50","modified_gmt":"2024-07-12T07:04:50","slug":"nha-cua-an-ans-villa-dalat","status":"publish","type":"product","link":"https:\/\/dalatreview.vn\/en\/nha-cua-an-ans-villa-dalat.html","title":{"rendered":"Nha\u0300 cu\u0309a An &#8211; An\u2019s villa Dalat"},"content":{"rendered":"<nav class=\"vietrick-auto-toc\">\n<div class=\"box-title\">\n<h3 class=\"toc-title\" id=\"select-menu\">Danh m\u1ee5c ch\u00ednh<\/h3>\n<div><ion-icon name=\"chevron-up-outline\"><\/ion-icon><\/div>\n<\/div>\n<ul class=\"toc-list\">\n<li><a href='https:\/\/dalatreview.vn\/en#%f0%9f%8d%b9%f0%9f%8d%b9khong-phai-dau-dau-suy-nghi-len-da-lat-theo-nhom-o-dau-thi-chill-nua-da-co-nha-cu%cc%89a-an-ans-villa-dalat-%f0%9f%8d%b9%f0%9f%8d%b9' class='heading-h2 toc-link smooth-scroll'>\ud83c\udf79\ud83c\udf79Kh\u00f4ng ph\u1ea3i \u0111au \u0111\u1ea7u suy ngh\u0129 l\u00ean \u0110\u00e0 L\u1ea1t theo nh\u00f3m \u1edf \u0111\u00e2u th\u00ec CHILL n\u1eefa \u0111\u00e3 c\u00f3 Nha\u0300 cu\u0309a An &#8211; An\u2019s villa Dalat \ud83c\udf79\ud83c\udf79<\/a><\/ul>\n<\/ul>\n<\/li>\n<\/ul>\n<\/nav>\n<h2 class=\"_2cuy _3dgx _2vxa\" style=\"text-align: center;\" id=\"%f0%9f%8d%b9%f0%9f%8d%b9khong-phai-dau-dau-suy-nghi-len-da-lat-theo-nhom-o-dau-thi-chill-nua-da-co-nha-cu%cc%89a-an-ans-villa-dalat-%f0%9f%8d%b9%f0%9f%8d%b9\"><span style=\"color: #003366;\"><strong><span class=\"_5mfr\"><span class=\"_6qdm\">\ud83c\udf79<\/span><\/span><span class=\"_5mfr\"><span class=\"_6qdm\">\ud83c\udf79<\/span><\/span>Kh\u00f4ng ph\u1ea3i \u0111au \u0111\u1ea7u suy ngh\u0129 l\u00ean \u0110\u00e0 L\u1ea1t theo nh\u00f3m \u1edf \u0111\u00e2u th\u00ec CHILL n\u1eefa \u0111\u00e3 c\u00f3 <a style=\"color: #003366;\" href=\"https:\/\/www.facebook.com\/booking.dalatreview.vn\"><span class=\"_4yxo _4yxp\">Nha\u0300 cu\u0309a An &#8211; An\u2019s villa Dalat<\/span><\/a> <span class=\"_5mfr\"><span class=\"_6qdm\">\ud83c\udf79<\/span><\/span><span class=\"_5mfr\"><span class=\"_6qdm\">\ud83c\udf79<\/span><\/span><\/strong><\/span><\/h2>\n<div class=\"_2cuy _3dgx _2vxa\"><\/div>\n<div class=\"_2cuy _3dgx _2vxa\"><span style=\"color: #003366; font-size: 20px;\"><strong><span class=\"_4yxo\">1. V\u1ecb tr\u00ed<\/span><span class=\"_5mfr\"><span class=\"_6qdm\">\ud83c\udf28<\/span><\/span><span class=\"_5mfr\"><span class=\"_6qdm\">\ud83c\udf28<\/span><\/span><\/strong><\/span><\/div>\n<div class=\"_2cuy _3dgx _2vxa\"><a href=\"https:\/\/www.facebook.com\/booking.dalatreview.vn\"><span class=\"_4yxo _4yxp\">Nha\u0300 cu\u0309a An &#8211; An\u2019s villa Dalat<\/span><\/a> t\u1ecda l\u1ea1c t\u1ea1i L\u00f4 13 khu QH 51 \u0110\u1ed1ng \u0110a, \u0110\u00e0 L\u1ea1t, c\u00e1ch Qu\u1ea3ng tr\u01b0\u1eddng L\u00e2m Vi\u00ean ch\u1ec9 10 ph\u00fat xe m\u00e1y, <span class=\"_4yxo _4yxp\">Nh\u00e0 c\u1ee7a An<\/span> g\u1ea7n nhi\u1ec1u \u0111i\u1ec3m du l\u1ecbch n\u1ed5i ti\u1ebfng nh\u01b0 <span class=\"_4yxp\">KDL L\u00e1 Phong, Horizon Coffee<\/span>, ti\u1ec7n \u0111\u01b0\u1eddng \u0111i <span class=\"_4yxp\">Th\u00e1c Datanla, H\u1ed3 Tuy\u1ec1n L\u00e2m, Happy Hill, \u0110\u01b0\u1eddng H\u1ea7m \u0110i\u00eau Kh\u1eafc,&#8230;<br \/>\n<img decoding=\"async\" class=\"aligncenter size-full wp-image-6537\" src=\"https:\/\/dalatreview.vn\/wp-content\/uploads\/2020\/08\/1-12.jpg\" alt=\"\" width=\"1200\" height=\"900\"><br \/>\n<\/span><\/div>\n<div class=\"_2cuy _3dgx _2vxa\"><\/div>\n<div class=\"_2cuy _3dgx _2vxa\"><span style=\"font-size: 20px; color: #003366;\"><strong><span class=\"_4yxo\">2. Decor<\/span><span class=\"_5mfr\"><span class=\"_6qdm\">\ud83c\udf28<\/span><\/span><span class=\"_5mfr\"><span class=\"_6qdm\">\ud83c\udf28<\/span><\/span><\/strong><\/span><\/div>\n<div class=\"_2cuy _3dgx _2vxa\"><span class=\"_4yxo _4yxp\">Nh\u00e0 c\u1ee7a An<\/span> \u0111\u01b0\u1ee3c thi\u1ebft k\u1ebf t\u1ea1o kh\u00f4ng gian \u1ea5m c\u00fang, \u1ea5n t\u01b0\u1ee3ng \u0111\u1ea7u ti\u00ean l\u00e0 c\u0103n nh\u00e0 \u0111\u01b0\u1ee3c anh ch\u1ecb ch\u1ee7 ch\u0103m ch\u00fat r\u1ea5t c\u1ea3n th\u1eadn \u0111\u1ebfn t\u1eebng chi ti\u1ebft nh\u1ecf trong nh\u00e0 \u0111\u01b0\u1ee3c trang tr\u00ed nhi\u1ec1u b\u00ecnh hoa, nh\u1eefng ch\u1eadu c\u00e2y nh\u1ecf d\u1ec5 th\u01b0\u01a1ng v\u00e0 c\u00f3 nhi\u1ec1u g\u00f3c s\u1ed1ng \u1ea3o c\u1ef1c chill n\u1eefa<\/div>\n<div class=\"_2cuy _3dgx _2vxa\"><\/div>\n<div class=\"_2cuy _3dgx _2vxa\">\u0110\u1eb7c bi\u1ec7t Nh\u00e0 c\u1ee7a An c\u00f3 s\u00e2n v\u01b0\u1eddn c\u1ef1c r\u1ed9ng v\u00e0 \u0111\u1eb9p, ng\u00e0y m\u00ecnh picnic t\u1ed1i \u0111\u1ebfn n\u01b0\u1edbng BBQ, ng\u1ed3i h\u00e0n huy\u00ean t\u00e2m s\u1ef1 th\u00ec c\u00f2n g\u00ec b\u1eb1ng nh\u1ec9<br \/>\n<img decoding=\"async\" class=\"aligncenter size-full wp-image-6538\" src=\"https:\/\/dalatreview.vn\/wp-content\/uploads\/2020\/08\/2-10.jpg\" alt=\"\" width=\"1200\" height=\"900\"><\/div>\n<div class=\"_2cuy _3dgx _2vxa\"><\/div>\n<div class=\"_2cuy _3dgx _2vxa\"><span style=\"font-size: 20px; color: #003366;\"><strong><span class=\"_4yxo\">3. D\u1ecbch v\u1ee5 $Ti\u1ec7n nghi<\/span><span class=\"_5mfr\"><span class=\"_6qdm\">\ud83c\udf28<\/span><\/span><span class=\"_5mfr\"><span class=\"_6qdm\">\ud83c\udf28<\/span><\/span><\/strong><\/span><\/div>\n<div>&#8211; \u0110\u1ea7y \u0111\u1ee7 ti\u1ec7n nghi<br \/>\n&#8211; C\u00f3 b\u1ebfp n\u1ea5u \u0103n, s\u00e2n v\u01b0\u1eddn r\u1ed9ng<br \/>\n&#8211; Nh\u1eadn setup BBQ<\/div>\n<p><img decoding=\"async\" class=\"aligncenter size-full wp-image-6539\" src=\"https:\/\/dalatreview.vn\/wp-content\/uploads\/2020\/08\/3-9.jpg\" alt=\"\" width=\"1200\" height=\"900\"><\/p>\n<div class=\"_2cuy _3dgx _2vxa\"><span style=\"font-size: 20px; color: #003366;\"><strong><span class=\"_4yxo\">4. \u0110\u1eb7c bi\u1ec7t<\/span><span class=\"_5mfr\"><span class=\"_6qdm\">\ud83c\udf79<\/span><\/span><span class=\"_5mfr\"><span class=\"_6qdm\">\ud83c\udf79<br \/>\n<img decoding=\"async\" class=\"aligncenter size-full wp-image-6540\" src=\"https:\/\/dalatreview.vn\/wp-content\/uploads\/2020\/08\/4-7.jpg\" alt=\"\" width=\"1200\" height=\"900\"><br \/>\n<\/span><\/span><\/strong><\/span><\/div>\n<div class=\"_2cuy _3dgx _2vxa\">Anh ch\u1ecb ch\u1ee7 c\u1ee7a home th\u00ec kh\u1ecfi b\u00e0n lu\u00f4n, th\u00e2n thi\u1ec7n m\u00e0 m\u1ebfn kh\u00e1ch l\u1eafm, c\u00f3 b\u0103n kho\u0103ng ch\u1ed7 \u0103n u\u1ed1ng, vui ch\u01a1i g\u00ec th\u00ec c\u1ee9 vi\u1ec7c h\u1ecfi anh ch\u1ecb \u1ea5y gi\u00fap \u0111\u1ee1 r\u1ea5t nhi\u1ec7t t\u00ecnh,..<\/div>\n<div class=\"_2cuy _3dgx _2vxa\">Fanpage: <a href=\"https:\/\/www.facebook.com\/booking.dalatreview.vn\"><span class=\"_4yxo _4yxp\">Nha\u0300 cu\u0309a An &#8211; An\u2019s villa Dalat<\/span><\/a><\/div>\n<div class=\"_2cuy _3dgx _2vxa\">Li\u00ean h\u1ec7: 0988 249 297<\/div>\n<div class=\"_2cuy _3dgx _2vxa\">\u0110\u1ecba Ch\u1ec9 : L\u00f4 13 khu QH 51 \u0110\u1ed1ng \u0110a, Th\u00e0nh ph\u1ed1 \u0110\u00e0 L\u1ea1t.<\/div>","protected":false},"excerpt":{"rendered":"<p>Danh m\u1ee5c ch\u00ednh \ud83c\udf79\ud83c\udf79Kh\u00f4ng ph\u1ea3i \u0111au \u0111\u1ea7u suy ngh\u0129 l\u00ean \u0110\u00e0 L\u1ea1t theo nh\u00f3m \u1edf \u0111\u00e2u th\u00ec CHILL n\u1eefa \u0111\u00e3 c\u00f3 Nha\u0300 cu\u0309a An &#8211; An\u2019s villa Dalat \ud83c\udf79\ud83c\udf79 \ud83c\udf79\ud83c\udf79Kh\u00f4ng ph\u1ea3i \u0111au \u0111\u1ea7u suy ngh\u0129 l\u00ean \u0110\u00e0 L\u1ea1t theo nh\u00f3m \u1edf \u0111\u00e2u th\u00ec CHILL n\u1eefa \u0111\u00e3 c\u00f3 Nha\u0300 cu\u0309a An &#8211; An\u2019s villa Dalat \ud83c\udf79\ud83c\udf79 [&hellip;]<\/p>","protected":false},"featured_media":6542,"comment_status":"open","ping_status":"closed","template":"","meta":{"_acf_changed":false,"rank_math_lock_modified_date":false},"product_cat":[29,2255,36],"product_tag":[],"acf":[],"_links":{"self":[{"href":"https:\/\/dalatreview.vn\/en\/wp-json\/wp\/v2\/product\/6536"}],"collection":[{"href":"https:\/\/dalatreview.vn\/en\/wp-json\/wp\/v2\/product"}],"about":[{"href":"https:\/\/dalatreview.vn\/en\/wp-json\/wp\/v2\/types\/product"}],"replies":[{"embeddable":true,"href":"https:\/\/dalatreview.vn\/en\/wp-json\/wp\/v2\/comments?post=6536"}],"wp:featuredmedia":[{"embeddable":true,"href":"https:\/\/dalatreview.vn\/en\/wp-json\/wp\/v2\/media\/6542"}],"wp:attachment":[{"href":"https:\/\/dalatreview.vn\/en\/wp-json\/wp\/v2\/media?parent=6536"}],"wp:term":[{"taxonomy":"product_cat","embeddable":true,"href":"https:\/\/dalatreview.vn\/en\/wp-json\/wp\/v2\/product_cat?post=6536"},{"taxonomy":"product_tag","embeddable":true,"href":"https:\/\/dalatreview.vn\/en\/wp-json\/wp\/v2\/product_tag?post=6536"}],"curies":[{"name":"wp","href":"https:\/\/api.w.org\/{rel}","templated":true}]}}