
{"id":6527,"date":"2020-08-16T11:30:30","date_gmt":"2020-08-16T04:30:30","guid":{"rendered":"https:\/\/dalatreview.vn\/?p=6527"},"modified":"2024-07-12T14:04:53","modified_gmt":"2024-07-12T07:04:53","slug":"ngo-da-lat-the-gallery","status":"publish","type":"product","link":"https:\/\/dalatreview.vn\/en\/ngo-da-lat-the-gallery.html","title":{"rendered":"Ngo \u0110\u00e0 L\u1ea1t &#8211; The Gallery"},"content":{"rendered":"<div class=\"_2cuy _3dgx _2vxa\" style=\"text-align: center;\"><span style=\"color: #003366;\"><strong>&#8220;B\u1ea1n \u0111ang t\u00ecm cho m\u00ecnh m\u1ed9t Kh\u00e1ch s\u1ea1n Sang- S\u1ea1ch- \u0110\u1eb9p- G\u1ea7n trung t\u00e2m, c\u00f2n ng\u1ea7n ng\u1ea1i g\u00ec kh\u00f4ng \u0111\u1eb7t ngay m\u1ed9t chi\u1ebfc ph\u00f2ng t\u1ea1i <a style=\"color: #003366;\" href=\"https:\/\/www.facebook.com\/ngothegallery\/\" target=\"_blank\" rel=\"noopener\"><span class=\"_4yxo\">Ngo \u0110\u00e0 L\u1ea1t &#8211; The Gallery<\/span><\/a> &#8220;<\/strong><\/span><\/div>\n<div class=\"_2cuy _3dgx _2vxa\"><\/div>\n<div class=\"_2cuy _3dgx _2vxa\"><span style=\"color: #003366;\"><strong><span style=\"font-size: 20px;\"><span class=\"_4yxo\">1. V\u1ecb tr\u00ed<\/span><span class=\"_5mfr\"><span class=\"_6qdm\">\ud83c\udf28<\/span><\/span><span class=\"_5mfr\"><span class=\"_6qdm\">\ud83c\udf28<\/span><\/span><\/span><\/strong><\/span><\/div>\n<div class=\"_2cuy _3dgx _2vxa\" style=\"text-align: left;\"><a href=\"https:\/\/www.facebook.com\/booking.dalatreview.vn\"><span class=\"_4yxo _4yxp\">Ngo \u0110\u00e0 L\u1ea1t &#8211; The Gallery<\/span><\/a> t\u1ecda l\u1ea1c t\u1ea1i 481 Phan \u0110\u00ecnh Ph\u00f9ng, P.2, ngay trung t\u00e2m th\u00e0nh ph\u1ed1, d\u00e0nh cho c\u00e1c b\u1ea1n l\u1ea7n \u0111\u1ea7u \u0111\u1ebfn \u0110\u00e0 L\u1ea1t hay \u01b0a th\u00edch kh\u00e1m ph\u00e1 khu trung t\u00e2m th\u00e0nh ph\u1ed1,..<\/div>\n<div class=\"_2cuy _3dgx _2vxa\" style=\"text-align: left;\">Ngo \u0110\u00e0 L\u1ea1t c\u00e1ch Ch\u1ee3 \u0111\u00eam ch\u1ec9 7 ph\u00fat xe m\u00e1y, g\u1ea7n ngay khu thi\u00ean \u0111\u01b0\u1eddng \u0103n u\u1ed1ng n\u1ed5i ti\u1ebfng nh\u01b0 Nem n\u01b0\u1edbng B\u00e0 H\u00d9ng, K\u00eam B\u01a1 Thanh Th\u1ea3o , Natri, Banh d tr\u00e1ng n\u01b0\u1edbng, Qu\u00e1n Cafe B\u00e0 N\u0103m, B\u00e1nh \u01b0\u1edbt l\u00f2ng G\u00e0, Ti\u1ec7n B\u00e1nh C\u1ed1i Xay gi\u00f3,&#8230; v\u00e0 c\u00f2n g\u1ea7n r\u1ea5t nhi\u1ec1u ddieeerm ch\u1ee5p h\u00ecnh s\u1ed1ng \u1ea3o kh\u00e1ch n\u1eefa&#8230;<br \/>\n<img decoding=\"async\" class=\"aligncenter size-full wp-image-6528\" src=\"https:\/\/dalatreview.vn\/wp-content\/uploads\/2020\/08\/1-11.jpg\" alt=\"\" width=\"1200\" height=\"900\"><\/div>\n<div class=\"_2cuy _3dgx _2vxa\"><\/div>\n<div class=\"_2cuy _3dgx _2vxa\"><span style=\"color: #003366;\"><strong><span style=\"font-size: 20px;\"><span class=\"_4yxo\">2. Decor<\/span><span class=\"_5mfr\"><span class=\"_6qdm\">\ud83c\udf28<\/span><\/span><span class=\"_5mfr\"><span class=\"_6qdm\">\ud83c\udf28<\/span><\/span><\/span><\/strong><\/span><\/div>\n<div class=\"_2cuy _3dgx _2vxa\" style=\"text-align: left;\">Thi\u1ebft k\u1ebf t\u1ed1i gi\u1ea3n v\u1edbi tone m\u00e0u ch\u1ee7 \u0111\u1ea1o l\u00e0 tr\u1eafng, n\u00e2u g\u1ed7, v\u00f4 c\u00f9ng sang tr\u1ecdng, s\u1ea1ch s\u1ebd, \u0111\u1eb9p \u0111\u1ebd chu\u1ea9n 3 sao,..<\/div>\n<div class=\"_2cuy _3dgx _2vxa\"><\/div>\n<div class=\"_2cuy _3dgx _2vxa\" style=\"text-align: left;\">M\u1ed7i c\u0103n ph\u00f2ng t\u1ea1i Ngo \u0110\u00e0 L\u1ea1t \u0111\u1ec1u \u0111\u01b0\u1ee3c ch\u0103m s\u00f3c r\u1ea5t k\u1ef9 l\u01b0\u1ee1ng, \u0111\u1ea3m b\u1ea3o cho gi\u1ea5c ng\u1ee7 c\u1ee7a b\u1ea1n t\u1ed1t nh\u1ea5t, mang l\u1ea1i cho b\u1ea1n tr\u1ea3i nghi\u1ec7m tuy\u1ec7t v\u1eddi nh\u1ea5t khi gh\u00e9 th\u00e0nh ph\u1ed1 \u0110\u00e0 L\u1ea1t th\u00e2n y\u00eau n\u00e0y<br \/>\n<img decoding=\"async\" class=\"aligncenter size-full wp-image-6529\" src=\"https:\/\/dalatreview.vn\/wp-content\/uploads\/2020\/08\/2-9.jpg\" alt=\"\" width=\"1200\" height=\"900\"><\/div>\n<div class=\"_2cuy _3dgx _2vxa\"><\/div>\n<div class=\"_2cuy _3dgx _2vxa\"><span style=\"color: #003366;\"><strong><span style=\"font-size: 20px;\"><span class=\"_4yxo\">3. D\u1ecbch v\u1ee5 $Ti\u1ec7n nghi<\/span><span class=\"_5mfr\"><span class=\"_6qdm\">\ud83c\udf28<\/span><\/span><span class=\"_5mfr\"><span class=\"_6qdm\">\ud83c\udf28<\/span><\/span><\/span><\/strong><\/span><\/div>\n<div>&#8211; Ph\u00f2ng si\u00eau m\u1edbi, n\u1ed9i th\u1ea5t v\u00e0 trang thi\u1ebft b\u1ecb hi\u1ec7n \u0111\u1ea1i, c\u00f3 thang m\u00e1y<br \/>\n&#8211; Cho thu\u00ea xe ga Janus \u0111\u1eddi m\u1edbi, nh\u1eadn xe \u0111\u1ea7y x\u0103ng<br \/>\n&#8211; D\u1ecbch v\u1ee5 trang tr\u00ed ph\u00f2ng theo d\u1ecbp<br \/>\n&#8211; C\u00f3 d\u1ecbch v\u1ee5 tour trong ng\u00e0y, checkin s\u1ed1ng \u1ea3o<\/div>\n<div class=\"_2cuy _3dgx _2vxa\"><img decoding=\"async\" class=\"aligncenter size-full wp-image-6530\" src=\"https:\/\/dalatreview.vn\/wp-content\/uploads\/2020\/08\/3-8.jpg\" alt=\"\" width=\"1200\" height=\"900\"><\/div>\n<div class=\"_2cuy _3dgx _2vxa\"><span style=\"color: #003366;\"><strong><span style=\"font-size: 20px;\"><span class=\"_4yxo\">4. \u0110\u1eb7c bi\u1ec7t<\/span><span class=\"_5mfr\"><span class=\"_6qdm\">\ud83c\udf79<\/span><\/span><span class=\"_5mfr\"><span class=\"_6qdm\">\ud83c\udf79<\/span><\/span><\/span><\/strong><\/span><\/div>\n<div class=\"_2cuy _3dgx _2vxa\" style=\"text-align: left;\">Ngay t\u1ea1i s\u1ea3nh Ngo \u0110\u00e0 L\u1ea1t c\u00f2n c\u00f3 Hair Salon, d\u00e0nh cho c\u00e1c n\u00e0ng l\u00e0m \u0111\u1eb9p kh\u00f4ng ng\u1ea1i s\u1ed1ng \u1ea3o n\u1eefa<\/div>\n<div class=\"_2cuy _3dgx _2vxa\" style=\"text-align: left;\"><span class=\"_4yxo\">Fanpage:<\/span> <a href=\"https:\/\/www.facebook.com\/booking.dalatreview.vn\"><span class=\"_4yxo _4yxp\">Ngo \u0110\u00e0 L\u1ea1t &#8211; The Gallery<\/span><\/a><\/div>\n<div class=\"_2cuy _3dgx _2vxa\" style=\"text-align: left;\"><span class=\"_4yxo\">Li\u00ean h\u1ec7:<\/span> 0988 249 297<\/div>\n<div class=\"_2cuy _3dgx _2vxa\" style=\"text-align: left;\"><span class=\"_4yxo\">\u0110\u1ecba Ch\u1ec9:<\/span> 481 Phan \u0110\u00ecnh Ph\u00f9ng, P. 2, \u0110\u00e0 L\u1ea1t.<\/div>","protected":false},"excerpt":{"rendered":"<p>&#8220;B\u1ea1n \u0111ang t\u00ecm cho m\u00ecnh m\u1ed9t Kh\u00e1ch s\u1ea1n Sang- S\u1ea1ch- \u0110\u1eb9p- G\u1ea7n trung t\u00e2m, c\u00f2n ng\u1ea7n ng\u1ea1i g\u00ec kh\u00f4ng \u0111\u1eb7t ngay m\u1ed9t chi\u1ebfc ph\u00f2ng t\u1ea1i Ngo \u0110\u00e0 L\u1ea1t &#8211; The Gallery &#8220; 1. V\u1ecb tr\u00ed\ud83c\udf28\ud83c\udf28 Ngo \u0110\u00e0 L\u1ea1t &#8211; The Gallery t\u1ecda l\u1ea1c t\u1ea1i 481 Phan \u0110\u00ecnh Ph\u00f9ng, P.2, ngay trung t\u00e2m th\u00e0nh ph\u1ed1, d\u00e0nh [&hellip;]<\/p>","protected":false},"featured_media":6531,"comment_status":"open","ping_status":"closed","template":"","meta":{"_acf_changed":false,"rank_math_lock_modified_date":false},"product_cat":[29,2255,36],"product_tag":[],"acf":[],"_links":{"self":[{"href":"https:\/\/dalatreview.vn\/en\/wp-json\/wp\/v2\/product\/6527"}],"collection":[{"href":"https:\/\/dalatreview.vn\/en\/wp-json\/wp\/v2\/product"}],"about":[{"href":"https:\/\/dalatreview.vn\/en\/wp-json\/wp\/v2\/types\/product"}],"replies":[{"embeddable":true,"href":"https:\/\/dalatreview.vn\/en\/wp-json\/wp\/v2\/comments?post=6527"}],"wp:featuredmedia":[{"embeddable":true,"href":"https:\/\/dalatreview.vn\/en\/wp-json\/wp\/v2\/media\/6531"}],"wp:attachment":[{"href":"https:\/\/dalatreview.vn\/en\/wp-json\/wp\/v2\/media?parent=6527"}],"wp:term":[{"taxonomy":"product_cat","embeddable":true,"href":"https:\/\/dalatreview.vn\/en\/wp-json\/wp\/v2\/product_cat?post=6527"},{"taxonomy":"product_tag","embeddable":true,"href":"https:\/\/dalatreview.vn\/en\/wp-json\/wp\/v2\/product_tag?post=6527"}],"curies":[{"name":"wp","href":"https:\/\/api.w.org\/{rel}","templated":true}]}}