
{"id":6512,"date":"2020-08-16T09:40:49","date_gmt":"2020-08-16T02:40:49","guid":{"rendered":"https:\/\/dalatreview.vn\/?p=6512"},"modified":"2024-07-12T14:05:18","modified_gmt":"2024-07-12T07:05:18","slug":"la-belles-house","status":"publish","type":"product","link":"https:\/\/dalatreview.vn\/en\/la-belles-house.html","title":{"rendered":"La Belle\u2019s House"},"content":{"rendered":"<div class=\"_2cuy _3dgx _2vxa\" style=\"text-align: center;\"><span style=\"color: #003366; font-size: 20px;\"><strong><span class=\"_5mfr\"><span class=\"_6qdm\">\ud83c\udf27<\/span><\/span><span class=\"_5mfr\"><span class=\"_6qdm\">\ud83c\udf27<\/span><\/span>&#8220;M\u1ed9t chi\u1ebfc Home c\u00f3 view thung l\u0169ng \u0111\u1ed3i th\u00f4ng d\u00e0nh cho ng\u01b0\u1eddi m\u00ea m\u1ea9n \u0110\u00e0 L\u1ea1t- <a style=\"color: #003366;\" href=\"https:\/\/www.facebook.com\/labellehomedalat\/\" target=\"_blank\" rel=\"noopener\"><span class=\"_4yxo\">La Belle\u2019s House<\/span><\/a>&#8221; <span class=\"_5mfr\"><span class=\"_6qdm\">\ud83c\udf27<\/span><\/span><span class=\"_5mfr\"><span class=\"_6qdm\">\ud83c\udf27<\/span><\/span><\/strong><\/span><\/div>\n<div class=\"_2cuy _3dgx _2vxa\"><\/div>\n<div class=\"_2cuy _3dgx _2vxa\"><span style=\"color: #003366; font-size: 20px;\"><strong><span class=\"_4yxo\">1. V\u1ecb tr\u00ed<\/span><span class=\"_5mfr\"><span class=\"_6qdm\">\ud83c\udf32<\/span><\/span><span class=\"_5mfr\"><span class=\"_6qdm\">\ud83c\udf32<\/span><\/span><\/strong><\/span><\/div>\n<div class=\"_2cuy _3dgx _2vxa\" style=\"text-align: left;\"><a href=\"https:\/\/www.facebook.com\/labellehomedalat\/\" target=\"_blank\" rel=\"noopener\"><span class=\"_4yxo _4yxp\">La Belle\u2019s House<\/span><\/a> n\u1eb1m ngay d\u01b0\u1edbi thung l\u0169ng, t\u1ecda l\u1ea1c t\u1ea1i s\u1ed1 65 \u0110\u01b0\u1eddng Huy\u1ec1n Tr\u00e2n C\u00f4ng Ch\u00faa, P.4, ch\u1eb3ng c\u1ea7n \u0111i \u0111\u00e2u xa, s\u00e1ng s\u1edbm m\u1edf c\u1eeda ra l\u00e0 b\u1ea1n c\u00f3 th\u1ec3 nh\u00ecn th\u1ea5y c\u1ea3nh m\u00e2y tr\u1eddi r\u1eebng th\u00f4ng tuy\u1ec7t \u0111\u1eb9p c\u1ee7a \u0110\u00e0 L\u1ea1t r\u1ed3i, ban \u0111\u00eam c\u00f2n c\u00f3 th\u1ec3 ng\u1eafm thung l\u0169ng \u0111\u00e8n lung linh n\u1eefa<\/div>\n<div class=\"_2cuy _3dgx _2vxa\" style=\"text-align: left;\">Nh\u00e0 Belle ch\u1ec9 c\u00e1ch ch\u1ee3 \u0111\u00eam \u0110\u00e0 L\u1ea1t 10 ph\u00fat xe m\u00e1y, g\u1ea7n nhi\u1ec1u \u0111i\u1ec3m du l\u1ecbch nh\u01b0 Bi\u1ec7t th\u1ef1 H\u1eb1ng Nga, D\u1ed1c Nh\u00e0 B\u00f2, Dinh B\u1ea3o \u0110\u1ea1i,&#8230;<br \/>\n<img decoding=\"async\" class=\"aligncenter size-full wp-image-6513\" src=\"https:\/\/dalatreview.vn\/wp-content\/uploads\/2020\/08\/5-4.jpg\" alt=\"\" width=\"1200\" height=\"900\"><\/div>\n<div class=\"_2cuy _3dgx _2vxa\"><\/div>\n<div class=\"_2cuy _3dgx _2vxa\"><span style=\"color: #003366; font-size: 20px;\"><strong><span class=\"_4yxo\">2. Decor<\/span><span class=\"_5mfr\"><span class=\"_6qdm\">\ud83c\udf32<\/span><\/span><span class=\"_5mfr\"><span class=\"_6qdm\">\ud83c\udf32<\/span><\/span><\/strong><\/span><\/div>\n<div class=\"_2cuy _3dgx _2vxa\" style=\"text-align: left;\">M\u1ed7i c\u0103n ph\u00f2ng c\u1ee7a Nh\u00e0 Belle c\u00f3 m\u1ed9t ki\u1ec3u thi\u1ebft k\u1ebf ri\u00eang, \u1ea5m c\u00fang c\u00f3, xinh x\u1ebbo c\u00f3, sang tr\u1ecdng c\u00f3,&#8230; tha h\u1ed3 cho b\u1ea1n l\u1ef1a ch\u1ecdn nha, View \u0111\u1ed3i n\u00fai n\u00ean r\u1ea5t y\u00ean t\u0129nh th\u00edch h\u1ee3p cho c\u00e1c b\u1ea1n ngh\u1ec9 ng\u01a1i, \u0111\u1ecdc s\u00e1ch&#8230;<\/div>\n<div class=\"_2cuy _3dgx _2vxa\" style=\"text-align: left;\">Nh\u00e0 Belle c\u00f3 10 ph\u00f2ng, 6 ph\u00f2ng s\u1ee9c ch\u1ee9a m\u1ed7i ph\u00f2ng 4 ng\u01b0\u1eddi, 4 ph\u00f2ng nh\u1ecf s\u1ee9c ch\u1ee9a m\u1ed7i ph\u00f2ng 2 ng\u01b0\u1eddi.<img decoding=\"async\" class=\"aligncenter size-full wp-image-6514\" src=\"https:\/\/dalatreview.vn\/wp-content\/uploads\/2020\/08\/2-8.jpg\" alt=\"\" width=\"1200\" height=\"900\"><\/div>\n<div class=\"_2cuy _3dgx _2vxa\"><\/div>\n<div class=\"_2cuy _3dgx _2vxa\"><span style=\"font-size: 20px; color: #003366;\"><strong><span class=\"_4yxo\">3. D\u1ecbch v\u1ee5 &amp;Ti\u1ec7n nghi<\/span><span class=\"_5mfr\"><span class=\"_6qdm\">\ud83c\udf32<\/span><\/span><span class=\"_5mfr\"><span class=\"_6qdm\">\ud83c\udf32<\/span><\/span><\/strong><\/span><\/div>\n<div style=\"text-align: left;\">&#8211; Ph\u00f2ng \u0111\u1ea7y \u0111\u1ee7 ti\u1ec7n nghi<\/div>\n<div style=\"text-align: left;\">&#8211; Home c\u00f3 s\u1eb5n d\u1ecbch v\u1ee5 thu\u00ea qu\u1ea7n \u00e1o th\u1eddi trang s\u1ed1ng \u1ea3o<\/div>\n<div class=\"_2cuy _3dgx _2vxa\"><img decoding=\"async\" class=\"aligncenter size-full wp-image-6515\" src=\"https:\/\/dalatreview.vn\/wp-content\/uploads\/2020\/08\/4-6.jpg\" alt=\"\" width=\"1200\" height=\"900\"><\/div>\n<div class=\"_2cuy _3dgx _2vxa\"><span style=\"font-size: 20px; color: #003366;\"><strong><span class=\"_4yxo\">4. \u0110\u1eb7c bi\u1ec7t l\u01b0u \u00fd<\/span><span class=\"_5mfr\"><span class=\"_6qdm\">\ud83c\udf32<\/span><\/span><span class=\"_5mfr\"><span class=\"_6qdm\">\ud83c\udf32<\/span><\/span><\/strong><\/span><\/div>\n<div class=\"_2cuy _3dgx _2vxa\" style=\"text-align: left;\">Gi\u1edd check in c\u1ee7a <span class=\"_4yxp\">Nh\u00e0 Belle<\/span> l\u00e0 1pm &#8211; Gi\u1edd check out l\u00e0 12pm &#8211; N\u1ebfu c\u00e1c b\u1ea1n t\u1edbi s\u1edbm c\u00f3 th\u1ec3 g\u1eedi \u0111\u1ed3 \u1edf<span class=\"_4yxp\"> Nh\u00e0 Belle<\/span> r\u1ed3i \u0111i ch\u01a1i.<\/div>\n<div class=\"_2cuy _3dgx _2vxa\" style=\"text-align: left;\"><span class=\"_4yxo\">Fanpage:<\/span> <a href=\"https:\/\/www.facebook.com\/labellehomedalat\/\" target=\"_blank\" rel=\"noopener\"><span class=\"_4yxo _4yxp\">La Belle\u2019s House<\/span><\/a><\/div>\n<div class=\"_2cuy _3dgx _2vxa\" style=\"text-align: left;\"><span class=\"_4yxo\">Li\u00ean h\u1ec7:<\/span> 090 330 54 86<\/div>\n<div class=\"_2cuy _3dgx _2vxa\" style=\"text-align: left;\"><span class=\"_4yxo\">\u0110\u1ecba Ch\u1ec9:<\/span> 65 \u0110\u01b0\u1eddng Huy\u1ec1n Tr\u00e2n C\u00f4ng Ch\u00faa, Ph\u01b0\u1eddng 4, Th\u00e0nh ph\u1ed1 \u0110\u00e0 L\u1ea1t.<\/div>\n<p>&nbsp;<\/p>","protected":false},"excerpt":{"rendered":"<p>\ud83c\udf27\ud83c\udf27&#8220;M\u1ed9t chi\u1ebfc Home c\u00f3 view thung l\u0169ng \u0111\u1ed3i th\u00f4ng d\u00e0nh cho ng\u01b0\u1eddi m\u00ea m\u1ea9n \u0110\u00e0 L\u1ea1t- La Belle\u2019s House&#8221; \ud83c\udf27\ud83c\udf27 1. V\u1ecb tr\u00ed\ud83c\udf32\ud83c\udf32 La Belle\u2019s House n\u1eb1m ngay d\u01b0\u1edbi thung l\u0169ng, t\u1ecda l\u1ea1c t\u1ea1i s\u1ed1 65 \u0110\u01b0\u1eddng Huy\u1ec1n Tr\u00e2n C\u00f4ng Ch\u00faa, P.4, ch\u1eb3ng c\u1ea7n \u0111i \u0111\u00e2u xa, s\u00e1ng s\u1edbm m\u1edf c\u1eeda ra l\u00e0 b\u1ea1n c\u00f3 [&hellip;]<\/p>","protected":false},"featured_media":6518,"comment_status":"open","ping_status":"closed","template":"","meta":{"_acf_changed":false,"rank_math_lock_modified_date":false},"product_cat":[29,2255,36],"product_tag":[],"acf":[],"_links":{"self":[{"href":"https:\/\/dalatreview.vn\/en\/wp-json\/wp\/v2\/product\/6512"}],"collection":[{"href":"https:\/\/dalatreview.vn\/en\/wp-json\/wp\/v2\/product"}],"about":[{"href":"https:\/\/dalatreview.vn\/en\/wp-json\/wp\/v2\/types\/product"}],"replies":[{"embeddable":true,"href":"https:\/\/dalatreview.vn\/en\/wp-json\/wp\/v2\/comments?post=6512"}],"wp:featuredmedia":[{"embeddable":true,"href":"https:\/\/dalatreview.vn\/en\/wp-json\/wp\/v2\/media\/6518"}],"wp:attachment":[{"href":"https:\/\/dalatreview.vn\/en\/wp-json\/wp\/v2\/media?parent=6512"}],"wp:term":[{"taxonomy":"product_cat","embeddable":true,"href":"https:\/\/dalatreview.vn\/en\/wp-json\/wp\/v2\/product_cat?post=6512"},{"taxonomy":"product_tag","embeddable":true,"href":"https:\/\/dalatreview.vn\/en\/wp-json\/wp\/v2\/product_tag?post=6512"}],"curies":[{"name":"wp","href":"https:\/\/api.w.org\/{rel}","templated":true}]}}