
{"id":6210,"date":"2020-07-26T15:58:58","date_gmt":"2020-07-26T08:58:58","guid":{"rendered":"https:\/\/dalatreview.vn\/?p=6210"},"modified":"2024-05-30T04:50:50","modified_gmt":"2024-05-30T04:50:50","slug":"ngo-da-lat-eat-n-stay","status":"publish","type":"product","link":"https:\/\/dalatreview.vn\/en\/ngo-da-lat-eat-n-stay.html","title":{"rendered":"Ngo \u0110\u00e0 L\u1ea1t &#8211; Eat N\u2019 Stay"},"content":{"rendered":"<div class=\"bi6gxh9e\" style=\"text-align: center;\"><span class=\"oi732d6d ik7dh3pa d2edcug0 qv66sw1b c1et5uql jq4qci2q a3bd9o3v knj5qynh oo9gr5id\"><span class=\"q9uorilb tbxw36s4 knj5qynh kvgmc6g5 ditlmg2l oygrvhab nvdbi5me fgm26odu gl3lb2sf hhz5lgdu\"><br \/>\n<span style=\"font-size: 32px; color: #003366;\"><strong>\u00a0<\/strong><\/span><a class=\"oajrlxb2 g5ia77u1 qu0x051f esr5mh6w e9989ue4 r7d6kgcz rq0escxv nhd2j8a9 nc684nl6 p7hjln8o kvgmc6g5 cxmmr5t8 oygrvhab hcukyx3x jb3vyjys rz4wbd8a qt6c0cv9 a8nywdso i1ao9s8h esuyzwwr f1sip0of lzcic4wl oo9gr5id gpro0wi8 lrazzd5p\" tabindex=\"0\" role=\"link\" href=\"https:\/\/www.facebook.com\/NGO.EATNSTAY\/?__cft__[0]=AZUHx6STIyknC7uVIjRvRzFWCuALVuPDI2w7T7P04TkN2PbDrp6HWMLdHNYAuqMdx7hjnOf-V0fCEXegoG9EjXOmgWzynhhtR4By-rp35GTkckZC4PQ35p6DzZxasQiLOOwCMj4wj7Zu9GuwnLqO84bYz2xPf3Q7gmHOzEJNheCUyHk71MPG1UQ-xzoykSRufUjLLQSKgQ9-zN0WtG9s4PFi&amp;__tn__=-UK-R\" target=\"_blank\" rel=\"noopener\"><strong><span style=\"font-size: 32px;\"><span style=\"color: #003366;\">Ngo \u0110\u00e0 L\u1ea1t &#8211; Eat N\u2019 Stay<\/span><\/span><\/strong><\/a><br \/>\n<span style=\"font-size: 24px;\"><strong><img decoding=\"async\" src=\"https:\/\/static.xx.fbcdn.net\/images\/emoji.php\/v9\/te3\/1\/16\/1f490.png\" alt=\"\ud83d\udc90\" width=\"16\" height=\"16\" \/><\/strong><\/span><\/span><span style=\"font-size: 24px;\"><strong><span class=\"q9uorilb tbxw36s4 knj5qynh kvgmc6g5 ditlmg2l oygrvhab nvdbi5me fgm26odu gl3lb2sf hhz5lgdu\"><img decoding=\"async\" src=\"https:\/\/static.xx.fbcdn.net\/images\/emoji.php\/v9\/te3\/1\/16\/1f490.png\" alt=\"\ud83d\udc90\" width=\"16\" height=\"16\" \/><\/span><span style=\"color: #003366; font-size: 20px;\">\u00a0M\u1ed9t chi\u1ebfc Villa ch\u1ea5t \u0111\u1ebfn ph\u00e1t ng\u1ea5t, 5&#8242; t\u1eeb ch\u1ee3 \u0111\u00eam, Ngo eat n&#8217; stay villa l\u1ef1a ch\u1ecdn ho\u00e0n h\u1ea3o da\u0300nh cho ca\u0301c ba\u0323n tre\u0309 thi\u0301ch s\u01b0\u0323 t\u01b0\u0323 do kha\u0301m pha\u0301 trung t\u00e2m \u0110a\u0300 La\u0323t<span class=\"q9uorilb tbxw36s4 knj5qynh kvgmc6g5 ditlmg2l oygrvhab nvdbi5me fgm26odu gl3lb2sf hhz5lgdu\"><img decoding=\"async\" src=\"https:\/\/static.xx.fbcdn.net\/images\/emoji.php\/v9\/te3\/1\/16\/1f490.png\" alt=\"\ud83d\udc90\" width=\"16\" height=\"16\" \/><\/span><span class=\"q9uorilb tbxw36s4 knj5qynh kvgmc6g5 ditlmg2l oygrvhab nvdbi5me fgm26odu gl3lb2sf hhz5lgdu\"><img decoding=\"async\" src=\"https:\/\/static.xx.fbcdn.net\/images\/emoji.php\/v9\/te3\/1\/16\/1f490.png\" alt=\"\ud83d\udc90\" width=\"16\" height=\"16\" \/><\/span><\/span><\/strong><\/span><\/span><\/div>\n<nav class=\"vietrick-auto-toc\">\n<div class=\"box-title\">\n<h3 class=\"toc-title\" id=\"select-menu\">Danh m\u1ee5c ch\u00ednh<\/h3>\n<div><ion-icon name=\"chevron-up-outline\"><\/ion-icon><\/div>\n<\/div>\n<ul class=\"toc-list\">\n<li><a href=\"https:\/\/dalatreview.vn\/en#1-vi-tri\" class=\"heading-h2 toc-link smooth-scroll\">1. V\u1ecb tr\u00ed<\/a>\n<li><a href=\"https:\/\/dalatreview.vn\/en#2-decor\" class=\"heading-h2 toc-link smooth-scroll\">2. Decor<\/a>\n<li><a href=\"https:\/\/dalatreview.vn\/en#3-dich-vu-tien-nghi\" class=\"heading-h2 toc-link smooth-scroll\">3. D\u1ecbch v\u1ee5 Ti\u1ec7n nghi<\/a>\n<li><a href=\"https:\/\/dalatreview.vn\/en#4-gia-phong\" class=\"heading-h2 toc-link smooth-scroll\">4. Gi\u00e1 ph\u00f2ng<\/a>\n<li><a href=\"https:\/\/dalatreview.vn\/en#5-dac-biet-luu-y\" class=\"heading-h2 toc-link smooth-scroll\">5. \u0110\u1eb7c bi\u1ec7t l\u01b0u \u00fd<\/a><\/ul>\n<\/ul>\n<\/li>\n<\/ul>\n<\/nav>\n<h2 class=\"bi6gxh9e\" id=\"1-vi-tri\"><span style=\"color: #003366;\"><strong><span class=\"oi732d6d ik7dh3pa d2edcug0 qv66sw1b c1et5uql jq4qci2q a3bd9o3v knj5qynh oo9gr5id\" style=\"font-size: 32px;\">1. V\u1ecb tr\u00ed<\/span><\/strong><\/span><\/h2>\n<div class=\"bi6gxh9e\"><span class=\"oi732d6d ik7dh3pa d2edcug0 qv66sw1b c1et5uql jq4qci2q a3bd9o3v knj5qynh oo9gr5id\"><span class=\"oi732d6d ik7dh3pa d2edcug0 qv66sw1b c1et5uql jq4qci2q a3bd9o3v knj5qynh oo9gr5id\">N\u1eb1m ng\u00e0y trung t\u00e2m th\u00e0nh ph\u1ed1 c\u00e1ch h\u1ed3 Xu\u00e2n H\u01b0\u01a1ng 5 ph\u00fat \u0111i b\u1ed9<br \/>\n&#8211; Thu\u1ed9c khu quy ho\u1ea1ch m\u1edbi c\u1ee7a th\u00e0nh ph\u1ed1, c\u1ef1c k\u00ec y\u00ean t\u0129nh v\u00e0 an to\u00e0n<br \/>\n&#8211; G\u1ea7n nh\u1eefng \u0111i\u1ec3m s\u1ed1ng \u1ea3o ch\u1ea5t l\u1eeb c\u1ee7a \u0110\u00e0 L\u1ea1t (Ga \u0110\u00e0 L\u1ea1t, Still Coffee, H\u1ed3 Xu\u00e2n H\u01b0\u01a1ng, Ch\u1ee3 \u0110\u00e0 L\u1ea1t, B\u1ee9c t\u01b0\u1eddng v\u00e0ng&#8230;)\u00a0<span class=\"q9uorilb tbxw36s4 knj5qynh kvgmc6g5 ditlmg2l oygrvhab nvdbi5me fgm26odu gl3lb2sf hhz5lgdu\"><img decoding=\"async\" src=\"https:\/\/static.xx.fbcdn.net\/images\/emoji.php\/v9\/tb7\/1\/16\/1f917.png\" alt=\"\ud83e\udd17\" width=\"16\" height=\"16\" \/><\/span><\/span><\/span><img decoding=\"async\" class=\"aligncenter size-full wp-image-6213\" src=\"https:\/\/dalatreview.vn\/wp-content\/uploads\/2020\/07\/1-12.jpg\" alt=\"\" width=\"1200\" height=\"900\"><\/div>\n<h2 class=\"bi6gxh9e\" id=\"2-decor\"><span style=\"font-size: 32px; color: #003366;\"><strong><span class=\"oi732d6d ik7dh3pa d2edcug0 qv66sw1b c1et5uql jq4qci2q a3bd9o3v knj5qynh oo9gr5id\">2. Decor<\/span><\/strong><\/span><\/h2>\n<div class=\"bi6gxh9e\"><span class=\"oi732d6d ik7dh3pa d2edcug0 qv66sw1b c1et5uql jq4qci2q a3bd9o3v knj5qynh oo9gr5id\">V\u1edbi thi\u1ebft k\u1ebf \u1ea5m c\u00fang, m\u1ed9c m\u1ea1c v\u00e0 r\u1ea5t \u0111\u1ed7i th\u00e2n quen. \u0110\u1ec3 m\u1ed7i khi nh\u1edb v\u1ec1 \u0110\u00e0 L\u1ea1t, b\u1ea1n s\u1ebd ngh\u0129 \u0111\u1ebfn Ngo, nh\u01b0 m\u1ed9t ng\u00f4i nh\u00e0 th\u1ee9 hai, m\u1ed9t ng\u01b0\u1eddi b\u1ea1n lu\u00f4n \u00e2m th\u1ea7m b\u00ean c\u1ea1nh, s\u1eb5n s\u00e0ng ch\u1edd \u0111\u00f3n b\u1ea1n sau nh\u1eefng ng\u00e0y d\u00e0i phi\u00eau du m\u1ec7t m\u1ecfi.<br \/>\n<img decoding=\"async\" class=\"aligncenter size-full wp-image-6214\" src=\"https:\/\/dalatreview.vn\/wp-content\/uploads\/2020\/07\/2-11.jpg\" alt=\"\" width=\"1200\" height=\"900\"><br \/>\n<\/span><\/div>\n<div class=\"bi6gxh9e\"><\/div>\n<div class=\"bi6gxh9e\"><span class=\"oi732d6d ik7dh3pa d2edcug0 qv66sw1b c1et5uql jq4qci2q a3bd9o3v knj5qynh oo9gr5id\">\u0110\u1ebfn v\u1edbi Ngo eat n&#8217; stay villa \u0111\u1ec3 tr\u1ea3i nghi\u1ec7m m\u1ed9t \u0110\u00e0 L\u1ea1t r\u1ea5t nguy\u00ean b\u1ea3n, r\u1ea5t ri\u00eang, r\u1ea5t \u0111\u1eadm ch\u1ea5t \u201cl\u00e0 nh\u00e0&#8221;<\/span><\/div>\n<h2 class=\"bi6gxh9e\" id=\"3-dich-vu-tien-nghi\"><span style=\"color: #003366; font-size: 32px;\"><strong><span class=\"oi732d6d ik7dh3pa d2edcug0 qv66sw1b c1et5uql jq4qci2q a3bd9o3v knj5qynh oo9gr5id\">3. D\u1ecbch v\u1ee5 Ti\u1ec7n nghi<\/span><\/strong><\/span><\/h2>\n<div class=\"bi6gxh9e\"><span class=\"oi732d6d ik7dh3pa d2edcug0 qv66sw1b c1et5uql jq4qci2q a3bd9o3v knj5qynh oo9gr5id\">Cafe \u1edf d\u01b0\u1edbi kh\u00f4ng gian xanh, menu \u0111a d\u1ea1ng, nh\u00e2n vi\u00ean tr\u1ef1c 24\/7, c\u00f3 m\u00e1y s\u1ea5y, n\u01b0\u1edbc u\u1ed1ng, b\u00e0n ch\u1ea3i, l\u01b0\u1ee3c, d\u1ea7u g\u1ed9i, x\u1ea3, t\u1eafm t\u1eeb th\u00e0nh ph\u1ea7n thi\u00ean nhi\u00ean, c\u00f3 cho thu\u00ea xe m\u00e1y janus \u0111\u1eddi m\u1edbi v\u1edbi m\u0169 b\u1ea3o hi\u1ec3m c\u1eb7p, gi\u1eb7t \u1ee7i, tour&#8230;<\/span><\/div>\n<div class=\"bi6gxh9e\"><span class=\"oi732d6d ik7dh3pa d2edcug0 qv66sw1b c1et5uql jq4qci2q a3bd9o3v knj5qynh oo9gr5id\">C\u00f3 b\u1ebfp cho thu\u00ea 50k\/ ng\u01b0\u1eddi t\u1ef1 n\u1ea5u ho\u1eb7c order set menu c\u00f3 b\u1ebfp ri\u00eang n\u1ea5u, t\u1ed5 ch\u1ee9c bbq s\u00e2n v\u01b0\u1eddn.<br \/>\n<img decoding=\"async\" class=\"aligncenter size-full wp-image-6215\" src=\"https:\/\/dalatreview.vn\/wp-content\/uploads\/2020\/07\/3-10.jpg\" alt=\"\" width=\"1200\" height=\"900\"><br \/>\n<\/span><\/div>\n<h2 class=\"bi6gxh9e\" id=\"4-gia-phong\"><span style=\"font-size: 32px; color: #003366;\"><strong><span class=\"oi732d6d ik7dh3pa d2edcug0 qv66sw1b c1et5uql jq4qci2q a3bd9o3v knj5qynh oo9gr5id\">4. Gi\u00e1 ph\u00f2ng<\/span><\/strong><\/span><\/h2>\n<div class=\"bi6gxh9e\"><span class=\"oi732d6d ik7dh3pa d2edcug0 qv66sw1b c1et5uql jq4qci2q a3bd9o3v knj5qynh oo9gr5id\">H\u1ea1ng ph\u00f2ng \u0111a d\u1ea1ng v\u1edbi gi\u00e1 c\u1ea3 ph\u1ea3i ch\u0103ng!<\/span><\/div>\n<div class=\"bi6gxh9e\"><span class=\"oi732d6d ik7dh3pa d2edcug0 qv66sw1b c1et5uql jq4qci2q a3bd9o3v knj5qynh oo9gr5id\"><span class=\"oi732d6d ik7dh3pa d2edcug0 qv66sw1b c1et5uql jq4qci2q a3bd9o3v knj5qynh oo9gr5id\">Ph\u00f2ng \u0111\u1eb9p nh\u1ea5t (\u0111\u01a1n \u00e1p m\u00e1i) 600\/ \u0111\u00eam<br \/>\n<img decoding=\"async\" class=\"aligncenter size-full wp-image-6216\" src=\"https:\/\/dalatreview.vn\/wp-content\/uploads\/2020\/07\/4-7.jpg\" alt=\"\" width=\"1200\" height=\"900\"><\/span><\/span><\/div>\n<h2 class=\"bi6gxh9e\" id=\"5-dac-biet-luu-y\"><span style=\"color: #003366; font-size: 32px;\"><strong><span class=\"oi732d6d ik7dh3pa d2edcug0 qv66sw1b c1et5uql jq4qci2q a3bd9o3v knj5qynh oo9gr5id\">5. \u0110\u1eb7c bi\u1ec7t l\u01b0u \u00fd<\/span><\/strong><\/span><\/h2>\n<div class=\"bi6gxh9e\"><span class=\"oi732d6d ik7dh3pa d2edcug0 qv66sw1b c1et5uql jq4qci2q a3bd9o3v knj5qynh oo9gr5id\">Ngo ch\u1ec9 c\u00e1ch v\u00e0i ph\u00fat \u0111\u1ebfn Qu\u1ea3ng tr\u01b0\u1eddng L\u00e2m Vi\u00ean b\u00ean H\u1ed3 Xu\u00e2n H\u01b0\u01a1ng, \u0111\u1ebfn Ga t\u00e0u ho\u1ea3 \u0110\u00e0 L\u1ea1t, hay tr\u01b0\u1eddng Cao \u0110\u1eb3ng S\u01b0 Ph\u1ea1m \u0110\u00e0 L\u1ea1t v\u1edbi l\u1ed1i ki\u1ebfn tr\u00fac \u0111\u1eb7c tr\u01b0ng v\u00e0 c\u1ed5 k\u00ednh c\u1ee7a ng\u01b0\u1eddi Ph\u00e1p. C\u00f2n \u0111\u1ee3i ch\u1edd g\u00ec n\u1eefa, h\u00e3y g\u00e1c l\u1ea1i nh\u1eefng b\u1ed9n b\u1ec1, lo toan c\u1ee7a cu\u1ed9c s\u1ed1ng, gh\u00e9 th\u0103m \u0110\u00e0 L\u1ea1t v\u00e0 \u0111\u1ebfn nh\u00e0 Ngo \u0111\u1ec3 s\u1ebb chia nh\u1eefng c\u00e2u chuy\u1ec7n c\u1ee7a b\u1ea1n b\u00ean l\u00f2 s\u01b0\u1edfi b\u1eadp b\u00f9ng, c\u00f9ng nh\u1ea5m nh\u00e1p nh\u1eefng ly c\u00e0 ph\u00ea, nh\u1eefng ng\u1ee5m tr\u00e0 \u1ea5m trong c\u00e1i ti\u1ebft tr\u1eddi se l\u1ea1nh, \u0111\u01b0\u1ee3c h\u00f2a m\u00ecnh v\u1edbi thi\u00ean nhi\u00ean v\u00e0 l\u00e0m b\u1ea1n c\u00f9ng Ngo, nh\u00e9!<\/span><\/div>\n<div class=\"bi6gxh9e\"><span class=\"oi732d6d ik7dh3pa d2edcug0 qv66sw1b c1et5uql jq4qci2q a3bd9o3v knj5qynh oo9gr5id\">Fanpage:\u00a0<a class=\"oajrlxb2 g5ia77u1 qu0x051f esr5mh6w e9989ue4 r7d6kgcz rq0escxv nhd2j8a9 nc684nl6 p7hjln8o kvgmc6g5 cxmmr5t8 oygrvhab hcukyx3x jb3vyjys rz4wbd8a qt6c0cv9 a8nywdso i1ao9s8h esuyzwwr f1sip0of lzcic4wl oo9gr5id gpro0wi8 lrazzd5p\" tabindex=\"0\" role=\"link\" href=\"https:\/\/www.facebook.com\/NGO.EATNSTAY\/?__cft__[0]=AZUHx6STIyknC7uVIjRvRzFWCuALVuPDI2w7T7P04TkN2PbDrp6HWMLdHNYAuqMdx7hjnOf-V0fCEXegoG9EjXOmgWzynhhtR4By-rp35GTkckZC4PQ35p6DzZxasQiLOOwCMj4wj7Zu9GuwnLqO84bYz2xPf3Q7gmHOzEJNheCUyHk71MPG1UQ-xzoykSRufUjLLQSKgQ9-zN0WtG9s4PFi&amp;__tn__=-UK-R\" target=\"_blank\" rel=\"noopener\">Ngo \u0110\u00e0 L\u1ea1t &#8211; Eat N\u2019 Stay<\/a><\/span><\/div>\n<div class=\"bi6gxh9e\"><span class=\"oi732d6d ik7dh3pa d2edcug0 qv66sw1b c1et5uql jq4qci2q a3bd9o3v knj5qynh oo9gr5id\">Li\u00ean h\u1ec7: 02636299988<\/span><\/div>\n<div class=\"bi6gxh9e\"><span class=\"oi732d6d ik7dh3pa d2edcug0 qv66sw1b c1et5uql jq4qci2q a3bd9o3v knj5qynh oo9gr5id\">\u0110\u1ecba Ch\u1ec9 : A12 KQH Ph\u1ea1m H\u1ed3ng Th\u00e1i, ph\u01b0\u1eddng 10, TP \u0110\u00e0 L\u1ea1t, T\u1ec9nh L\u00e2m \u0110\u1ed3ng<\/span><\/div>","protected":false},"excerpt":{"rendered":"<p>\u00a0Ngo \u0110\u00e0 L\u1ea1t &#8211; Eat N\u2019 Stay \u00a0M\u1ed9t chi\u1ebfc Villa ch\u1ea5t \u0111\u1ebfn ph\u00e1t ng\u1ea5t, 5&#8242; t\u1eeb ch\u1ee3 \u0111\u00eam, Ngo eat n&#8217; stay villa l\u1ef1a ch\u1ecdn ho\u00e0n h\u1ea3o da\u0300nh cho ca\u0301c ba\u0323n tre\u0309 thi\u0301ch s\u01b0\u0323 t\u01b0\u0323 do kha\u0301m pha\u0301 trung t\u00e2m \u0110a\u0300 La\u0323t Danh m\u1ee5c ch\u00ednh 1. V\u1ecb tr\u00ed 2. Decor 3. D\u1ecbch v\u1ee5 Ti\u1ec7n nghi [&hellip;]<\/p>","protected":false},"featured_media":6211,"comment_status":"open","ping_status":"closed","template":"","meta":{"_acf_changed":false,"rank_math_lock_modified_date":false},"product_cat":[29,45],"product_tag":[],"acf":[],"_links":{"self":[{"href":"https:\/\/dalatreview.vn\/en\/wp-json\/wp\/v2\/product\/6210"}],"collection":[{"href":"https:\/\/dalatreview.vn\/en\/wp-json\/wp\/v2\/product"}],"about":[{"href":"https:\/\/dalatreview.vn\/en\/wp-json\/wp\/v2\/types\/product"}],"replies":[{"embeddable":true,"href":"https:\/\/dalatreview.vn\/en\/wp-json\/wp\/v2\/comments?post=6210"}],"wp:featuredmedia":[{"embeddable":true,"href":"https:\/\/dalatreview.vn\/en\/wp-json\/wp\/v2\/media\/6211"}],"wp:attachment":[{"href":"https:\/\/dalatreview.vn\/en\/wp-json\/wp\/v2\/media?parent=6210"}],"wp:term":[{"taxonomy":"product_cat","embeddable":true,"href":"https:\/\/dalatreview.vn\/en\/wp-json\/wp\/v2\/product_cat?post=6210"},{"taxonomy":"product_tag","embeddable":true,"href":"https:\/\/dalatreview.vn\/en\/wp-json\/wp\/v2\/product_tag?post=6210"}],"curies":[{"name":"wp","href":"https:\/\/api.w.org\/{rel}","templated":true}]}}