
{"id":5995,"date":"2020-07-15T11:13:35","date_gmt":"2020-07-15T04:13:35","guid":{"rendered":"https:\/\/dalatreview.vn\/?p=5995"},"modified":"2024-05-30T04:35:22","modified_gmt":"2024-05-30T04:35:22","slug":"da-lat-centro-hotel","status":"publish","type":"product","link":"https:\/\/dalatreview.vn\/en\/da-lat-centro-hotel.html","title":{"rendered":"\u0110\u00e0 L\u1ea1t Centro Hotel"},"content":{"rendered":"<div class=\"_2cuy _3dgx _2vxa\" style=\"text-align: center;\">\n<p><span style=\"color: #003366; font-size: 32px;\"><strong><a class=\"_2u0z\" style=\"color: #003366;\" role=\"button\" href=\"https:\/\/www.facebook.com\/booking.dalatreview.vn\" rel=\"dialog\" data-hovercard=\"\/ajax\/hovercard\/page.php?id=101939624755755&amp;extragetparams=%7B%22__tn__%22%3A%22%2CdK-R-R%22%2C%22eid%22%3A%22ARAv_owPnp5xv5EIWRh3mZNjFPnxExVdm7P3Wpx7HEc4WUJfvI5UiKs04i1zx1LQxj7RttKWdCgyFoiY%22%2C%22directed_target_id%22%3A295094014719733%2C%22fref%22%3A%22gs%22%2C%22dti%22%3A295094014719733%2C%22hc_location%22%3A%22group%22%7D\" data-hovercard-prefer-more-content-show=\"1\"><span class=\"_4yxo\">\u0110\u00e0 L\u1ea1t Centro Hotel <\/span><\/a><span class=\"_4yxo\">n\u1eb1m ngay trung t\u00e2m th\u00e0nh ph\u1ed1<\/span><\/strong><\/span><\/p>\n<p>&nbsp;<\/p>\n<\/div>\n<div class=\"_2cuy _3dgx _2vxa\"><span style=\"font-size: 32px; color: #003366;\"><strong><span class=\"_4yxo\">1. V\u1ecb tr\u00ed<\/span><\/strong><\/span><\/div>\n<div class=\"_2cuy _3dgx _2vxa\">Kh\u00e1ch s\u1ea1n CENTRO v\u1edbi ti\u00eau chu\u1ea9n 2 sao, n\u1eb1m ngay t\u1ea1i v\u1ecb tr\u00ed \u0111\u1eafc \u0111\u1ecba c\u1ee7a trung t\u00e2m th\u00e0nh ph\u1ed1, ngay \u0111\u1ed1i di\u1ec7n \u0110\u00e0 L\u1ea1t Center. Kh\u00e1ch s\u1ea1n Centro l\u00e0 n\u01a1i k\u1ebft n\u1ed1i cu\u1ed9c s\u1ed1ng hi\u1ec7n \u0111\u1ea1i, \u0111\u00e1p \u1ee9ng t\u1ea5t c\u1ea3 mong mu\u1ed1n c\u1ee7a Qu\u00fd kh\u00e1ch d\u00f9 l\u00e0 \u0111ang \u0111i du l\u1ecbch hay c\u00f4ng t\u00e1c.<\/div>\n<div class=\"_2cuy _3dgx _2vxa\">T\u1eeb kh\u00e1ch s\u1ea1n Centro, Qu\u00fd kh\u00e1ch d\u1ec5 d\u00e0ng tham quan nh\u1eefng \u0111\u1ecba danh n\u1ed5i ti\u1ebfng c\u1ee7a th\u00e0nh ph\u1ed1 nh\u01b0 Ch\u1ee3 \u0110\u00e0 L\u1ea1t, h\u1ed3 Xu\u00e2n H\u01b0\u01a1ng v\u1edbi ch\u1ec9 01 ho\u1eb7c 02 ph\u00fat \u0111i b\u1ed9, V\u01b0\u1eddn hoa th\u00e0nh ph\u1ed1, nh\u00e0 th\u1edd con g\u00e0, Ga xe L\u1eeda\u2026 v\u1edbi v\u00e0i ph\u00fat \u0111i xe. Lang thang tr\u00ean nh\u1eefng con ph\u1ed1, Qu\u00fd kh\u00e1ch c\u00f3 th\u1ec3 th\u1ecfa th\u00edch \u0111\u1eafm m\u00ecnh t\u1ea1i c\u00e1c c\u1eeda h\u00e0ng th\u1eddi trang, hay th\u01b0\u1edfng th\u1ee9c \u1ea9m th\u1ef1c t\u1ea1i c\u00e1c nh\u00e0 h\u00e0ng, qu\u00e1n bar, \u0111\u1eb7c bi\u1ec7t l\u00e0 \u0111\u1ebfn v\u1edbi Ch\u1ee3 \u0110\u00eam &#8211; n\u01a1i c\u00f3 nh\u1eefng m\u00f3n \u0103n \u0111\u1ed9c nh\u1ea5t v\u00f4 nh\u1ecb mang \u0111\u1eadm d\u1ea5u \u1ea5n \u0110\u00e0 L\u1ea1t.<br \/>\n<img decoding=\"async\" class=\"aligncenter size-full wp-image-5996\" src=\"https:\/\/dalatreview.vn\/wp-content\/uploads\/2020\/07\/1-4.jpg\" alt=\"\" width=\"1200\" height=\"900\"><\/div>\n<div class=\"_2cuy _3dgx _2vxa\"><span style=\"color: #003366; font-size: 32px;\"><strong><span class=\"_4yxo\">2. Decor<\/span><\/strong><\/span><\/div>\n<div class=\"_2cuy _3dgx _2vxa\">V\u1edbi c\u00f4ng su\u1ea5t thi\u1ebft k\u1ebf 27 ph\u00f2ng bao g\u1ed3m ph\u00f2ng Double, Twin, Quad v\u00e0 c\u0103n h\u1ed9 mini \u0111\u1ea7y \u0111\u1ee7 ti\u1ec7n nghi. C\u00e1c ph\u00f2ng c\u1ee7a kh\u00e1ch s\u1ea1n Centro \u0111\u01b0\u1ee3c trang b\u1ecb hi\u1ec7n \u0111\u1ea1i, ti\u1ec7n nghi sang tr\u1ecdng v\u00e0 tinh t\u1ebf trong m\u1ed9t kh\u00f4ng gian h\u00e0i h\u00f2a, v\u1edbi gam m\u00e0u ch\u1ee7 \u0111\u1ea1o l\u00e0 m\u00e0u tr\u1eafng, n\u1ed9i th\u1ea5t ch\u1ee7 y\u1ebfu \u0111\u01b0\u1ee3c l\u00e0m b\u1eb1ng g\u1ed7, t\u1ea1o n\u00ean v\u1ebb sang tr\u1ecdng \u1ea5m c\u00fang. Kh\u00e1ch s\u1ea1n CENTRO l\u00e0 n\u01a1i ngh\u1ec9 d\u01b0\u1ee1ng mang \u0111\u1ebfn nhi\u1ec1u l\u1ef1a ch\u1ecdn ph\u00f9 h\u1ee3p v\u1edbi t\u1eebng nhu c\u1ea7u v\u00e0 ng\u00e2n s\u00e1ch c\u1ee7a Qu\u00fd kh\u00e1ch.<br \/>\n<img decoding=\"async\" class=\"aligncenter size-full wp-image-5997\" src=\"https:\/\/dalatreview.vn\/wp-content\/uploads\/2020\/07\/2-4.jpg\" alt=\"\" width=\"1200\" height=\"900\"><\/div>\n<div class=\"_2cuy _3dgx _2vxa\"><span style=\"font-size: 32px; color: #003366;\"><strong><span class=\"_4yxo\">3. D\u1ecbch v\u1ee5 Ti\u1ec7n nghi<br \/>\n<img decoding=\"async\" class=\"aligncenter size-full wp-image-5998\" src=\"https:\/\/dalatreview.vn\/wp-content\/uploads\/2020\/07\/3-3.jpg\" alt=\"\" width=\"1200\" height=\"900\"><br \/>\n<\/span><\/strong><\/span><\/div>\n<div class=\"_2cuy _3dgx _2vxa\">C\u00f3 d\u1ecbch v\u1ee5 thu\u00ea \u00f4t\u00f4, xe m\u00e1y cho b\u1ea1n n\u00e0o c\u1ea7n nh\u00e9<\/div>\n<div class=\"_2cuy _3dgx _2vxa\">Thang m\u00e1y, t\u1ee7 m\u00e1t, m\u00e1y qu\u1ea1t, m\u00e1y s\u1ea5y t\u00f3c, b\u00e0n trang \u0111i\u1ec3m\u2026.<\/div>\n<div class=\"_2cuy _3dgx _2vxa\">Ngo\u00e0i ra, c\u0103n h\u1ed9 mini c\u00f3 th\u00eam \u0111\u1ea7y \u0111\u1ee7 v\u1eadt d\u1ee5ng b\u1ebfp, b\u00e0n \u0103n, b\u00e0n gh\u1ebf caf\u00e9 ngo\u00e0i ban c\u00f4ng\u2026<\/div>\n<div class=\"_2cuy _3dgx _2vxa\"><span style=\"color: #003366; font-size: 32px;\"><strong><span class=\"_4yxo\">4. Gi\u00e1 ph\u00f2ng<\/span><\/strong><\/span><\/div>\n<div class=\"_2cuy _3dgx _2vxa\">Ph\u00f2ng \u0111\u01a1n 2ng t\u1eeb 500k xu\u1ed1ng ch\u1ec9 c\u00f2n 450k + Ph\u00f2ng \u0111\u00f4i 4ng t\u1eeb 800k gi\u1ea3m ch\u1ec9 c\u00f2n 700k + C\u0103n h\u1ed9 mini t\u1eeb 01tri\u1ec7u gi\u1ea3m ch\u1ec9 c\u00f2n 850k\/\u0111\u00eam.<\/div>\n<div class=\"_2cuy _3dgx _2vxa\">Li\u00ean h\u1ec7: 0988 249 297<\/div>\n<div class=\"_2cuy _3dgx _2vxa\">Fanpage: <a class=\"_2u0z\" role=\"button\" href=\"https:\/\/www.facebook.com\/booking.dalatreview.vn\" rel=\"dialog\" data-hovercard=\"\/ajax\/hovercard\/page.php?id=101939624755755&amp;extragetparams=%7B%22__tn__%22%3A%22%2CdK-R-R%22%2C%22eid%22%3A%22ARDpEiLIpIIElzwL-5LWppIXwWb6gi4WSfJ0UzDEp01RvTNZG85QhKAJoCliFKtDdAdBDcA6KrGKvUmy%22%2C%22directed_target_id%22%3A295094014719733%2C%22fref%22%3A%22gs%22%2C%22dti%22%3A295094014719733%2C%22hc_location%22%3A%22group%22%7D\" data-hovercard-prefer-more-content-show=\"1\">\u0110\u00e0 L\u1ea1t Centro Hotel<\/a><\/div>","protected":false},"excerpt":{"rendered":"<p>\u0110\u00e0 L\u1ea1t Centro Hotel n\u1eb1m ngay trung t\u00e2m th\u00e0nh ph\u1ed1 &nbsp; 1. V\u1ecb tr\u00ed Kh\u00e1ch s\u1ea1n CENTRO v\u1edbi ti\u00eau chu\u1ea9n 2 sao, n\u1eb1m ngay t\u1ea1i v\u1ecb tr\u00ed \u0111\u1eafc \u0111\u1ecba c\u1ee7a trung t\u00e2m th\u00e0nh ph\u1ed1, ngay \u0111\u1ed1i di\u1ec7n \u0110\u00e0 L\u1ea1t Center. Kh\u00e1ch s\u1ea1n Centro l\u00e0 n\u01a1i k\u1ebft n\u1ed1i cu\u1ed9c s\u1ed1ng hi\u1ec7n \u0111\u1ea1i, \u0111\u00e1p \u1ee9ng t\u1ea5t c\u1ea3 [&hellip;]<\/p>","protected":false},"featured_media":5999,"comment_status":"open","ping_status":"closed","template":"","meta":{"_acf_changed":false,"rank_math_lock_modified_date":false},"product_cat":[29,46],"product_tag":[],"acf":[],"_links":{"self":[{"href":"https:\/\/dalatreview.vn\/en\/wp-json\/wp\/v2\/product\/5995"}],"collection":[{"href":"https:\/\/dalatreview.vn\/en\/wp-json\/wp\/v2\/product"}],"about":[{"href":"https:\/\/dalatreview.vn\/en\/wp-json\/wp\/v2\/types\/product"}],"replies":[{"embeddable":true,"href":"https:\/\/dalatreview.vn\/en\/wp-json\/wp\/v2\/comments?post=5995"}],"wp:featuredmedia":[{"embeddable":true,"href":"https:\/\/dalatreview.vn\/en\/wp-json\/wp\/v2\/media\/5999"}],"wp:attachment":[{"href":"https:\/\/dalatreview.vn\/en\/wp-json\/wp\/v2\/media?parent=5995"}],"wp:term":[{"taxonomy":"product_cat","embeddable":true,"href":"https:\/\/dalatreview.vn\/en\/wp-json\/wp\/v2\/product_cat?post=5995"},{"taxonomy":"product_tag","embeddable":true,"href":"https:\/\/dalatreview.vn\/en\/wp-json\/wp\/v2\/product_tag?post=5995"}],"curies":[{"name":"wp","href":"https:\/\/api.w.org\/{rel}","templated":true}]}}