
{"id":5985,"date":"2020-07-15T11:01:10","date_gmt":"2020-07-15T04:01:10","guid":{"rendered":"https:\/\/dalatreview.vn\/?p=5985"},"modified":"2024-05-29T08:50:23","modified_gmt":"2024-05-29T08:50:23","slug":"la-maison-dalat","status":"publish","type":"product","link":"https:\/\/dalatreview.vn\/en\/la-maison-dalat.html","title":{"rendered":"LA MAISON DALAT"},"content":{"rendered":"<h3 class=\"_2cuy _50a1 _2vxa\" style=\"text-align: center;\"><span style=\"color: #000080; font-size: 28px;\"><strong><span style=\"color: #003366;\">C\u00c1C B\u1ea0N \u01a0I ! C\u00d2N CH\u1ea6N CH\u1eea G\u00cc N\u1eeeA M\u00c0 KH\u00d4NG \u0110\u1ebeN CHECK IN T\u1ea0I <\/span><a class=\"_2u0z\" style=\"color: #000080;\" role=\"button\" href=\"https:\/\/www.facebook.com\/09LaMaisondalat\/?ref=gs&amp;__tn__=%2CdK-R-R&amp;eid=ARCrS3o9q5DUNaeVUP-mXxVqCPQD5Cvr0Xu73n-_-MrC14fLJjmzX05-yND-Pwu2y-vZs1kLy77B4yNl&amp;fref=gs&amp;dti=295094014719733&amp;hc_location=group\" rel=\"dialog\" data-hovercard=\"\/ajax\/hovercard\/page.php?id=108892547394859&amp;extragetparams=%7B%22__tn__%22%3A%22%2CdK-R-R%22%2C%22eid%22%3A%22ARCrS3o9q5DUNaeVUP-mXxVqCPQD5Cvr0Xu73n-_-MrC14fLJjmzX05-yND-Pwu2y-vZs1kLy77B4yNl%22%2C%22directed_target_id%22%3A295094014719733%2C%22fref%22%3A%22gs%22%2C%22dti%22%3A295094014719733%2C%22hc_location%22%3A%22group%22%7D\" data-hovercard-prefer-more-content-show=\"1\"><span style=\"color: #003366;\">LA MAISON DALAT<\/span><\/a><\/strong><\/span><\/h3>\n<div class=\"_2cuy _3dgx _2vxa\"><span style=\"font-size: 32px; color: #003366;\"><strong><span class=\"_4yxo\">1. V\u1ecb tr\u00ed<\/span><\/strong><\/span><\/div>\n<div class=\"_2cuy _3dgx _2vxa\">La Maison Dalat n\u1eb1m c\u00e1ch trung t\u00e2m th\u00e0nh ph\u1ed1 2km, ch\u1ec9 m\u1ea5t t\u1ea5m 5p th\u00ec ra \u0111\u01b0\u1ee3c \u0111\u1ebfn H\u1ed3 Xu\u00e2n H\u01b0\u01a1ng! C\u00e1c b\u1ea1n kh\u00f4ng c\u1ea7n lo l\u1eafng v\u1ea5n \u0111\u1ec1 \u0111i l\u1ea1i \u0103n ch\u01a1i r\u1ed3i <span class=\"_5mfr\"><span class=\"_6qdm\">\ud83e\udd17<\/span><\/span><\/div>\n<div class=\"_2cuy _3dgx _2vxa\"><span class=\"_4yxo\">2. Decor<\/span><\/div>\n<div class=\"_2cuy _3dgx _2vxa\">V\u1edbi khu\u00f4n vi\u00ean nh\u00e0 m\u00e1t m\u1ebb, g\u1ea7n g\u0169i v\u1edbi thi\u00ean nhi\u00ean v\u00e0 nh\u1eefng h\u00e0ng x\u00f3m th\u00e2n thi\u1ec7t. Ba\u0323n se\u0303 \u0111\u01b0\u01a1\u0323c t\u00e2\u0323n h\u01b0\u01a1\u0309ng b\u00e2\u0300u kh\u00f4ng khi\u0301 v\u00f4 cu\u0300ng d\u00ea\u0303 chi\u0323u, trong l\u00e0nh, m\u00e1t m\u1ebb c\u00f9ng v\u1edbi s\u1ef1 y\u00ean t\u0129nh nh\u01b0 ch\u00ednh nh\u1eefng g\u00ec b\u1ea1n mong mu\u1ed1n khi \u0111\u1ebfn v\u1edbi \u0110\u00e0 L\u1ea1t v\u1eady.<br \/>\n<img decoding=\"async\" class=\"aligncenter wp-image-5986 size-full\" src=\"https:\/\/dalatreview.vn\/wp-content\/uploads\/2020\/07\/1-3.jpg\" alt=\"LA MAISON DALAT\" width=\"1200\" height=\"900\" \/>\u0110\u1ebfn v\u1edbi<span class=\"_4yxo\"> LaMaison <\/span>b\u1ea1n s\u1ebd c\u1ea3m nh\u1eadn \u0111\u01b0\u1ee3c s\u1ef1 \u0111\u1ed9c \u0111\u00e1o trong c\u00e1ch b\u00e0y tr\u00ed c\u1ee7a c\u00e1c c\u0103n ph\u00f2ng<span class=\"_5mfr\"><span class=\"_6qdm\">\ud83e\udd70<\/span><\/span><\/div>\n<div class=\"_2cuy _3dgx _2vxa\">LaMaison 4 ph\u00f2ng \u0111\u01a1n &#8211; gi\u01b0\u1eddng 1,8x 2m. &#8211; 3 ph\u00f2ng \u0111\u00f4i. &#8211; 1 ph\u00f2ng t\u1eadp th\u1ec3 8 &#8211; 10 ng\u01b0\u1eddi. &#8211; S\u00e2n n\u01b0\u1edbng bbq, coffee, b\u1ebfp n\u1ea5u \u0103n chung \u0111\u1ea7y \u0111\u1ee7 n\u1ed3i ni\u00eau, gia v\u1ecb. . .<\/div>\n<div class=\"_2cuy _3dgx _2vxa\"><span style=\"font-size: 32px; color: #003366;\"><strong><span class=\"_4yxo\">3. D\u1ecbch v\u1ee5 &amp; Ti\u1ec7n nghi<\/span><\/strong><\/span><\/div>\n<ul class=\"_5a_q _5yj1\" dir=\"ltr\">\n<li class=\"_2cuy _509q _2vxa\">C\u00f3 d\u1ecbch v\u1ee5 thu\u00ea xe m\u00e1y cho b\u1ea1n n\u00e0o c\u1ea7n nh\u00e9<\/li>\n<li class=\"_2cuy _509q _2vxa\">S\u00e2n n\u01b0\u1edbng bbq, cofee, b\u1ebfp n\u1ea5u \u0103n chung \u0111\u1ea7y \u0111\u1ee7 n\u1ed3i ni\u00eau, gia v\u1ecb. .<\/li>\n<li class=\"_2cuy _509q _2vxa\">C\u00f9ng \u0111\u1ea7y \u0111\u1ee7 ti\u1ec7n nghi (b\u1ebfp gas, t\u1ee7 l\u1ea1nh, l\u00f2vi s\u00f3ng, m\u00e1y n\u01b0\u1edbc n\u00f3ng, m\u00e1y s\u1ea5y t\u00f3c\u2026. ) s\u1ebd gi\u00fap b\u1ea1n c\u00f3 nh\u1eefng tr\u1ea3i nghi\u1ec7m \u0111\u00e1ng nh\u1edb c\u00f9ng v\u1edbi b\u1ea1n b\u00e8 v\u00e0 gia \u0111\u00ecnh. .<br \/>\n<img decoding=\"async\" class=\"aligncenter wp-image-5987 size-full\" src=\"https:\/\/dalatreview.vn\/wp-content\/uploads\/2020\/07\/2-3.jpg\" alt=\"LA MAISON DALAT\" width=\"1200\" height=\"900\" \/><\/li>\n<\/ul>\n<div class=\"_2cuy _3dgx _2vxa\"><span class=\"_4yxo\"><span style=\"font-size: 32px; color: #003366;\"><strong>4. Gi\u00e1 ph\u00f2ng<\/strong><\/span><br \/>\n<img decoding=\"async\" class=\"aligncenter wp-image-5988 size-full\" src=\"https:\/\/dalatreview.vn\/wp-content\/uploads\/2020\/07\/3-2.jpg\" alt=\"LA MAISON DALAT\" width=\"1200\" height=\"900\" \/><br \/>\n<\/span><\/div>\n<ul class=\"_5a_q _5yj1\" dir=\"ltr\">\n<li class=\"_2cuy _509q _2vxa\">H\u1ea1ng ph\u00f2ng \u0111a d\u1ea1ng v\u1edbi gi\u00e1 c\u1ea3 ph\u1ea3i ch\u0103ng!<br \/>\n&#8211; Ph\u00f2ng 1 gi\u01b0\u1eddng: 250k<br \/>\n&#8211; Ph\u00f2ng 2 gi\u01b0\u1eddng: 500k<\/li>\n<\/ul>\n<div class=\"_2cuy _3dgx _2vxa\"><span style=\"color: #003366; font-size: 32px;\"><strong><span class=\"_4yxo\">5. \u0110\u1eb7c bi\u1ec7t l\u01b0u \u00fd<\/span><\/strong><\/span><\/div>\n<div class=\"_2cuy _3dgx _2vxa\">\u0110i\u1ec3m c\u1ed9ng l\u1edbn nh\u1ea5t l\u00e0 ch\u1ee7 nh\u00e0 v\u00f4 c\u00f9ng m\u1ebfn kh\u00e1ch v\u00e0 nhi\u1ec7t t\u00ecnh, \u0111\u1ea3m b\u1ea3o c\u00e1c b\u1ea1n s\u1ebd kh\u00f4ng th\u1ea5t v\u1ecdng khi tr\u1ea3i nghi\u1ec7m \u1edf La Maison<\/div>\n<div class=\"_2cuy _3dgx _2vxa\">Fanpage: <a class=\"_2u0z\" role=\"button\" href=\"https:\/\/www.facebook.com\/09LaMaisondalat\/?ref=gs&amp;__tn__=%2CdK-R-R&amp;eid=ARCzuy-KgO1tSU6EbF8RT4uCrgmpCcxAzfGj56a3yOPeYlQ6ZgkOs_lSzU6cb04FSESoSadRnbO4VwdV&amp;fref=gs&amp;dti=295094014719733&amp;hc_location=group\" rel=\"dialog\" data-hovercard=\"\/ajax\/hovercard\/page.php?id=108892547394859&amp;extragetparams=%7B%22__tn__%22%3A%22%2CdK-R-R%22%2C%22eid%22%3A%22ARCzuy-KgO1tSU6EbF8RT4uCrgmpCcxAzfGj56a3yOPeYlQ6ZgkOs_lSzU6cb04FSESoSadRnbO4VwdV%22%2C%22directed_target_id%22%3A295094014719733%2C%22fref%22%3A%22gs%22%2C%22dti%22%3A295094014719733%2C%22hc_location%22%3A%22group%22%7D\" data-hovercard-prefer-more-content-show=\"1\">La Maison Dalat<\/a><\/div>\n<div class=\"_2cuy _3dgx _2vxa\">Li\u00ean h\u1ec7: 0909496058<\/div>\n<div class=\"_2cuy _3dgx _2vxa\">\u0110\u1ecba Ch\u1ec9 : S\u1ed1 9 H\u00f9ng V\u01b0\u01a1ng, P. 10, Tp. \u0110\u00e0 L\u1ea1t, L\u00e2m \u0110\u1ed3ng<\/div>","protected":false},"excerpt":{"rendered":"<p>C\u00c1C B\u1ea0N \u01a0I ! C\u00d2N CH\u1ea6N CH\u1eea G\u00cc N\u1eeeA M\u00c0 KH\u00d4NG \u0110\u1ebeN CHECK IN T\u1ea0I LA MAISON DALAT 1. V\u1ecb tr\u00ed La Maison Dalat n\u1eb1m c\u00e1ch trung t\u00e2m th\u00e0nh ph\u1ed1 2km, ch\u1ec9 m\u1ea5t t\u1ea5m 5p th\u00ec ra \u0111\u01b0\u1ee3c \u0111\u1ebfn H\u1ed3 Xu\u00e2n H\u01b0\u01a1ng! C\u00e1c b\u1ea1n kh\u00f4ng c\u1ea7n lo l\u1eafng v\u1ea5n \u0111\u1ec1 \u0111i l\u1ea1i \u0103n ch\u01a1i r\u1ed3i [&hellip;]<\/p>","protected":false},"featured_media":5990,"comment_status":"open","ping_status":"closed","template":"","meta":{"_acf_changed":false,"rank_math_lock_modified_date":false},"product_cat":[29,45],"product_tag":[],"acf":[],"_links":{"self":[{"href":"https:\/\/dalatreview.vn\/en\/wp-json\/wp\/v2\/product\/5985"}],"collection":[{"href":"https:\/\/dalatreview.vn\/en\/wp-json\/wp\/v2\/product"}],"about":[{"href":"https:\/\/dalatreview.vn\/en\/wp-json\/wp\/v2\/types\/product"}],"replies":[{"embeddable":true,"href":"https:\/\/dalatreview.vn\/en\/wp-json\/wp\/v2\/comments?post=5985"}],"wp:featuredmedia":[{"embeddable":true,"href":"https:\/\/dalatreview.vn\/en\/wp-json\/wp\/v2\/media\/5990"}],"wp:attachment":[{"href":"https:\/\/dalatreview.vn\/en\/wp-json\/wp\/v2\/media?parent=5985"}],"wp:term":[{"taxonomy":"product_cat","embeddable":true,"href":"https:\/\/dalatreview.vn\/en\/wp-json\/wp\/v2\/product_cat?post=5985"},{"taxonomy":"product_tag","embeddable":true,"href":"https:\/\/dalatreview.vn\/en\/wp-json\/wp\/v2\/product_tag?post=5985"}],"curies":[{"name":"wp","href":"https:\/\/api.w.org\/{rel}","templated":true}]}}