
{"id":5974,"date":"2020-07-15T10:43:11","date_gmt":"2020-07-15T03:43:11","guid":{"rendered":"https:\/\/dalatreview.vn\/?p=5974"},"modified":"2024-07-12T14:06:09","modified_gmt":"2024-07-12T07:06:09","slug":"homestay-nhan-an","status":"publish","type":"product","link":"https:\/\/dalatreview.vn\/en\/homestay-nhan-an.html","title":{"rendered":"Homestay Nh\u00e2n An"},"content":{"rendered":"<div class=\"_2cuy _3dgx _2vxa\" style=\"text-align: center;\">\n<p><span style=\"color: #003366; font-size: 32px;\"><strong><a class=\"_2u0z\" style=\"color: #003366;\" href=\"https:\/\/www.facebook.com\/booking.dalatreview.vn\" data-hovercard=\"\/ajax\/hovercard\/page.php?id=517274845344464&amp;extragetparams=%7B%22__tn__%22%3A%22%2CdK-R-R%22%2C%22eid%22%3A%22ARATSJpPAGd4nlUI5F_Z8ETwneDdLC15mPx9rlRoZ7KT5BkGE6QsQSpYMv4yXweXoDUCpH-R86i651jn%22%2C%22directed_target_id%22%3A295094014719733%2C%22fref%22%3A%22gs%22%2C%22dti%22%3A295094014719733%2C%22hc_location%22%3A%22group%22%7D\" data-hovercard-prefer-more-content-show=\"1\">Homestay Nh\u00e2n An<\/a> <span class=\"_4yxo _4yxp\">&#8211; 101 g\u00f3c s\u1ed1ng \u1ea3o, \u0111\u1ea7y \u0111\u1ee7 ti\u1ec7n nghi v\u1edbi ki\u1ebfn tr\u00fac g\u1ea7n nh\u01b0 5 sao<\/span><\/strong><\/span><\/p>\n<p>&nbsp;<\/p>\n<\/div>\n<div class=\"_2cuy _3dgx _2vxa\"><span style=\"color: #003366; font-size: 24px;\"><strong><span class=\"_4yxo _4yxp\">1. V\u1ecb tr\u00ed <span class=\"_5mfr\"><span class=\"_6qdm\">\ud83d\udc90<\/span><\/span><span class=\"_5mfr\"><span class=\"_6qdm\">\ud83d\udc90<\/span><\/span>.<\/span><\/strong><\/span><\/div>\n<div class=\"_2cuy _3dgx _2vxa\"><a class=\"_2u0z\" href=\"https:\/\/www.facebook.com\/booking.dalatreview.vn\" data-hovercard=\"\/ajax\/hovercard\/page.php?id=517274845344464&amp;extragetparams=%7B%22__tn__%22%3A%22%2CdK-R-R%22%2C%22eid%22%3A%22ARADwkTUu1sFqgO75ABjSlhnQdifMx5gZ_m_99_xQLIp4OzxbPtrLImfs5pVClWxUOHKCWeJ-olnq0K3%22%2C%22directed_target_id%22%3A295094014719733%2C%22fref%22%3A%22gs%22%2C%22dti%22%3A295094014719733%2C%22hc_location%22%3A%22group%22%7D\" data-hovercard-prefer-more-content-show=\"1\">Homestay Nh\u00e2n An<\/a> n\u1eb1m \u1edf ch\u00e2n \u0111\u00e8o Pren, l\u00e0 m\u1ed9t n\u01a1i x\u1ee9ng \u0111\u00e1ng \u0111\u1ec3 ngh\u1ec9 d\u01b0\u1ee1ng, y\u00ean t\u0129nh, c\u0169ng kh\u00f4ng qu\u00e1 xa khi \u0111\u1ebfn trung t\u00e2m th\u00e0nh ph\u1ed1,m\u1ecdi ng\u01b0\u1eddi c\u00f3 th\u1ec3 ng\u1eafm m\u1ecdi c\u1ea3nh quan tr\u00ean \u0111\u00e8o,v\u00e0 \u0111i ngang qua c\u00e1c ng\u00f4i nh\u00e0 Ma th\u00e0nh ph\u1ed1, nh\u1eefng qu\u00e1n cafe n\u1ed5i ti\u1ebfng nh\u1ea5t hi\u1ec7n nay nh\u01b0 (horizone coffe,\u0110\u00e0 L\u1ea1t golf, c\u00e1p treo \u0110\u00e0 L\u1ea1t)<br \/>\n<img decoding=\"async\" class=\"alignnone wp-image-5975 size-full\" src=\"https:\/\/dalatreview.vn\/wp-content\/uploads\/2020\/07\/11-3-scaled-1.jpg\" alt=\"\" width=\"2560\" height=\"1920\"><\/div>\n<div class=\"_2cuy _3dgx _2vxa\"><span style=\"color: #003366; font-size: 24px;\"><strong><span class=\"_4yxo _4yxp\">2. Decor <span class=\"_5mfr\"><span class=\"_6qdm\">\ud83d\udc90<\/span><\/span><span class=\"_5mfr\"><span class=\"_6qdm\">\ud83d\udc90<\/span><\/span>.<\/span><\/strong><\/span><\/div>\n<div class=\"_2cuy _3dgx _2vxa\">V\u1edbi thi\u1ebft k\u1ebf g\u1ea7n 20 ph\u00f2ng, m\u1ed7i ph\u00f2ng c\u00f3 1 n\u00e9t \u0111\u1eb7c tr\u01b0ng ri\u00eang, v\u1edbi t\u1eebng thi\u1ebft k\u1ebf sang tr\u1ecdng, x\u1ee9ng t\u1ea7m 5 sao,\u1ea5m c\u00fang,\u0111\u1ea7y \u0111\u1ee7 ti\u1ec7n nghi trong c\u0103n ph\u00f2ng. Trang b\u1ecb hi\u1ec7n \u0111\u1ea1i, ti\u1ec7n nghi sang tr\u1ecdng v\u00e0 tinh t\u1ebf trong m\u1ed9t kh\u00f4ng gian h\u00e0i h\u00f2a.<\/div>\n<div class=\"_2cuy _3dgx _2vxa\">To\u00e0n b\u1ed9 quang c\u1ea3nh ph\u00eda ngo\u00e0i kh\u00f4ng kh\u00e1c g\u00ec \u0111\u00e2y l\u00e0 1 khu ngh\u1ec9 d\u01b0\u1ee1ng tuy\u1ec7t v\u1eddi, r\u1ea5t nhi\u1ec1u g\u00f3c ch\u1ee5p h\u00ecnh, v\u1edbi 1 kh\u00f4ng gian y\u00ean t\u0129nh.<br \/>\n<img decoding=\"async\" class=\"alignnone wp-image-5976 size-full\" src=\"https:\/\/dalatreview.vn\/wp-content\/uploads\/2020\/07\/22-1-scaled-1.jpg\" alt=\"\" width=\"2560\" height=\"1920\"><\/div>\n<div class=\"_2cuy _3dgx _2vxa\"><span style=\"color: #003366; font-size: 24px;\"><strong><span class=\"_4yxo _4yxp\">3. D\u1ecbch v\u1ee5 &#8211; Ti\u1ec7n nghi<span class=\"_5mfr\"><span class=\"_6qdm\">\ud83d\udc90<\/span><\/span><span class=\"_5mfr\"><span class=\"_6qdm\">\ud83d\udc90<\/span><\/span>.<\/span><\/strong><\/span><\/div>\n<div class=\"_2cuy _3dgx _2vxa\"><a class=\"_2u0z\" href=\"https:\/\/www.facebook.com\/homestaynhanan\/?ref=gs&amp;__tn__=%2CdK-R-R&amp;eid=ARDGRpIrOic4BT2FGe3y3I1BhOLDGkTPNlLrgiqEF_z5FsKrC5nN40CkLw0Tg5J3SRZprBoxlBejBCje&amp;fref=gs&amp;dti=295094014719733&amp;hc_location=group\" data-hovercard=\"\/ajax\/hovercard\/page.php?id=517274845344464&amp;extragetparams=%7B%22__tn__%22%3A%22%2CdK-R-R%22%2C%22eid%22%3A%22ARDGRpIrOic4BT2FGe3y3I1BhOLDGkTPNlLrgiqEF_z5FsKrC5nN40CkLw0Tg5J3SRZprBoxlBejBCje%22%2C%22directed_target_id%22%3A295094014719733%2C%22fref%22%3A%22gs%22%2C%22dti%22%3A295094014719733%2C%22hc_location%22%3A%22group%22%7D\" data-hovercard-prefer-more-content-show=\"1\" target=\"_blank\" rel=\"noopener\">Homestay Nh\u00e2n An<\/a> c\u00f2n c\u00f3 c\u1ea3 kh\u00f4ng gian \u0111\u1ec3 Qu\u00fd kh\u00e1ch t\u1ed5 ch\u1ee9c ti\u1ec7c BBQ, th\u01b0 gi\u00e3n nghe nh\u1ea1c, \u0111\u00e0n h\u00e1t. Ch\u00f4\u0303 \u0111\u00e2\u0323u xe thoa\u0309i ma\u0301i. \u0110\u00e2y ch\u1eafc ch\u1eafn l\u00e0 \u0111i\u1ec3m l\u01b0u tr\u00fa l\u00fd t\u01b0\u1edfng \u0111\u1ec3 Qu\u00fd kh\u00e1ch \u0111\u01b0\u1ee3c h\u00f2a m\u00ecnh v\u1edbi thi\u00ean nhi\u00ean trong nh\u1eefng ph\u00fat gi\u00e2y th\u01b0 gi\u00e3n, y\u00ean b\u00ecnh.<\/div>\n<div class=\"_2cuy _3dgx _2vxa\">Th\u01b0\u1eddng c\u00f3 c\u00e1c s\u1ef1 ki\u1ec7n ti\u1ec7c buffet v\u00e0o cu\u1ed1i tu\u1ea7n.<\/div>\n<div class=\"_2cuy _3dgx _2vxa\">C\u00f3 h\u1ed3 b\u01a1i,t\u1ed5 chim,x\u00edch \u0111u v\u00e0 h\u00e0ng tr\u0103m g\u00f3c s\u1ed1ng \u1ea3o ch\u1ee5p h\u00ecnh kh\u00e1c.<br \/>\n<img decoding=\"async\" class=\"alignnone wp-image-5977 size-full\" src=\"https:\/\/dalatreview.vn\/wp-content\/uploads\/2020\/07\/33-scaled-1.jpg\" alt=\"\" width=\"2560\" height=\"1920\"><\/div>\n<div class=\"_2cuy _3dgx _2vxa\">\n<p><span style=\"color: #003366; font-size: 24px;\"><strong><span class=\"_4yxo _4yxp\">4. Gi\u00e1 ph\u00f2ng <span class=\"_5mfr\"><span class=\"_6qdm\">\ud83d\udc90<\/span><\/span><span class=\"_5mfr\"><span class=\"_6qdm\">\ud83d\udc90<\/span><\/span>.<\/span><\/strong><\/span><\/p>\n<p><img decoding=\"async\" class=\"alignnone wp-image-5978 size-full\" src=\"https:\/\/dalatreview.vn\/wp-content\/uploads\/2020\/07\/44-scaled-1.jpg\" alt=\"\" width=\"2560\" height=\"1920\"><\/p>\n<\/div>\n<div class=\"_2cuy _3dgx _2vxa\">Ph\u00f2ng \u0111\u01a1n <span class=\"_4yxo\">2ng<\/span> t\u1eeb : <span class=\"_4yxo\">600k-800k<\/span> c\u00f3 c\u00e1c view su\u1ed1i,b\u1ed3n s\u1ee5c spa,toilet ri\u00eang,di\u1ec7n t\u00edch ph\u00f2ng 20-27m2<\/div>\n<div class=\"_2cuy _3dgx _2vxa\">Ph\u00f2ng \u0111\u00f4i <span class=\"_4yxo\">4ng<\/span> t\u1eeb : <span class=\"_4yxo\">900k<\/span> view su\u1ed1i, c\u00f3 b\u1ebfp di\u1ec7n t\u00edch 25-27m2<\/div>\n<div class=\"_2cuy _3dgx _2vxa\">Ph\u00f2ng <span class=\"_4yxo\">6ng<\/span> :<span class=\"_4yxo\">1tr500k<\/span> 1 ng\u00e0y c\u00f3 2 toilet ,v\u00e0 c\u00f3 b\u1ed3n s\u1ee5c spa<\/div>\n<div class=\"_2cuy _3dgx _2vxa\">Li\u00ean h\u1ec7: 0988 249 297<\/div>\n<div class=\"_2cuy _3dgx _2vxa\">Fanpage: <a class=\"_2u0z\" href=\"https:\/\/www.facebook.com\/booking.dalatreview.vn\" data-hovercard=\"\/ajax\/hovercard\/page.php?id=517274845344464&amp;extragetparams=%7B%22__tn__%22%3A%22%2CdK-R-R%22%2C%22eid%22%3A%22ARC1Ob7U_t_KgYSP6-9LZ8K_mU-DE1m4-PX7gcZ2kwpypIrPtGIuQvXPhVi82aHaa-5hX6sLyI0D7d0J%22%2C%22directed_target_id%22%3A295094014719733%2C%22fref%22%3A%22gs%22%2C%22dti%22%3A295094014719733%2C%22hc_location%22%3A%22group%22%7D\" data-hovercard-prefer-more-content-show=\"1\">Homestay Nh\u00e2n An<\/a><\/div>","protected":false},"excerpt":{"rendered":"<p>Homestay Nh\u00e2n An &#8211; 101 g\u00f3c s\u1ed1ng \u1ea3o, \u0111\u1ea7y \u0111\u1ee7 ti\u1ec7n nghi v\u1edbi ki\u1ebfn tr\u00fac g\u1ea7n nh\u01b0 5 sao &nbsp; 1. V\u1ecb tr\u00ed \ud83d\udc90\ud83d\udc90. Homestay Nh\u00e2n An n\u1eb1m \u1edf ch\u00e2n \u0111\u00e8o Pren, l\u00e0 m\u1ed9t n\u01a1i x\u1ee9ng \u0111\u00e1ng \u0111\u1ec3 ngh\u1ec9 d\u01b0\u1ee1ng, y\u00ean t\u0129nh, c\u0169ng kh\u00f4ng qu\u00e1 xa khi \u0111\u1ebfn trung t\u00e2m th\u00e0nh ph\u1ed1,m\u1ecdi ng\u01b0\u1eddi c\u00f3 th\u1ec3 [&hellip;]<\/p>","protected":false},"featured_media":5979,"comment_status":"open","ping_status":"closed","template":"","meta":{"_acf_changed":false,"rank_math_lock_modified_date":false},"product_cat":[29,2255,36],"product_tag":[],"acf":[],"_links":{"self":[{"href":"https:\/\/dalatreview.vn\/en\/wp-json\/wp\/v2\/product\/5974"}],"collection":[{"href":"https:\/\/dalatreview.vn\/en\/wp-json\/wp\/v2\/product"}],"about":[{"href":"https:\/\/dalatreview.vn\/en\/wp-json\/wp\/v2\/types\/product"}],"replies":[{"embeddable":true,"href":"https:\/\/dalatreview.vn\/en\/wp-json\/wp\/v2\/comments?post=5974"}],"wp:featuredmedia":[{"embeddable":true,"href":"https:\/\/dalatreview.vn\/en\/wp-json\/wp\/v2\/media\/5979"}],"wp:attachment":[{"href":"https:\/\/dalatreview.vn\/en\/wp-json\/wp\/v2\/media?parent=5974"}],"wp:term":[{"taxonomy":"product_cat","embeddable":true,"href":"https:\/\/dalatreview.vn\/en\/wp-json\/wp\/v2\/product_cat?post=5974"},{"taxonomy":"product_tag","embeddable":true,"href":"https:\/\/dalatreview.vn\/en\/wp-json\/wp\/v2\/product_tag?post=5974"}],"curies":[{"name":"wp","href":"https:\/\/api.w.org\/{rel}","templated":true}]}}