
{"id":5701,"date":"2020-06-23T19:36:36","date_gmt":"2020-06-23T12:36:36","guid":{"rendered":"https:\/\/dalatreview.vn\/?p=5701"},"modified":"2024-07-12T14:06:11","modified_gmt":"2024-07-12T07:06:11","slug":"chill-garden","status":"publish","type":"product","link":"https:\/\/dalatreview.vn\/en\/chill-garden.html","title":{"rendered":"Chill Garden"},"content":{"rendered":"<nav class=\"vietrick-auto-toc\">\n<div class=\"box-title\">\n<h3 class=\"toc-title\" id=\"select-menu\">Danh m\u1ee5c ch\u00ednh<\/h3>\n<div><ion-icon name=\"chevron-up-outline\"><\/ion-icon><\/div>\n<\/div>\n<ul class=\"toc-list\"><\/ul>\n<li><a href='https:\/\/dalatreview.vn\/en#chill-garden' class='heading-h1 toc-link smooth-scroll'>Chill Garden<\/a>\n<ul>\n<li><a href='https:\/\/dalatreview.vn\/en#1-gioi-thieu' class='heading-h2 toc-link smooth-scroll'>1. Gi\u1edbi thi\u1ec7u\u00a0<\/a>\n<li><a href='https:\/\/dalatreview.vn\/en#3-gia-phong' class='heading-h2 toc-link smooth-scroll'>3 . Gi\u00e1 ph\u00f2ng<\/a>\n<li><a href='https:\/\/dalatreview.vn\/en#4-tien-nghi' class='heading-h2 toc-link smooth-scroll'>4. Ti\u1ec7n nghi<\/a>\n<li><a href='https:\/\/dalatreview.vn\/en#5-decor' class='heading-h2 toc-link smooth-scroll'>5. Decor<\/a><\/ul>\n<\/ul>\n<\/li>\n<\/ul>\n<\/nav>\n<h1 style=\"text-align: center;\" id=\"chill-garden\"><span style=\"font-size: 32px; color: #003366;\"><strong>Chill Garden<\/strong><\/span><\/h1>\n<h2 id=\"1-gioi-thieu\"><span style=\"color: #003366;\">1. Gi\u1edbi thi\u1ec7u\u00a0<\/span><\/h2>\n<p><a class=\"_64-f\" href=\"https:\/\/www.facebook.com\/booking.dalatreview.vn\">Chill Garden<\/a> &#8211; t\u1ecda l\u1ea1c t\u1ea1i \u0111\u1ecba ch\u1ec9 s\u1ed1 17B \u0110\u1eb7ng Th\u00e1i Th\u00e2n, v\u1edbi thi\u1ebft k\u1ebf \u0111\u1eb9p m\u1eaft, m\u1ed7i c\u0103n ph\u00f2ng mang m\u1ed9t ch\u1ea5t ri\u00eang, \u0111\u1ed9c \u0111\u00e1o, chi\u1ebfu homestay n\u00e0y kh\u00f4ng ch\u1ec9 \u0111\u1ec3 ng\u1ee7 m\u00e0 l\u00e0 \u0111\u1ec3 <span class=\"_4yxp\">&#8220;<strong>chill with love<\/strong>&#8220;.<\/span> N\u1ebfu ch\u1ecdn \u0110\u00e0 L\u1ea1t- Th\u00e0nh ph\u1ed1 s\u01b0\u01a1ng m\u00f9 l\u00e0m n\u01a1i d\u1eebng ch\u00e2n cho k\u00ec ngh\u1ec9 c\u1ee7a b\u1ea1n th\u00ec h\u00e3y li\u00ean h\u1ec7 ngay Chill Garden \u0111\u1ec3 \u0111\u1eb7t ph\u00f2ng v\u1edbi m\u1ee9c gi\u00e1 lu\u00f4n lu\u00f4n \u01b0u \u0111\u00e3i nh\u00e9!<\/p>\n<p><img decoding=\"async\" class=\"alignnone size-full wp-image-5702\" src=\"https:\/\/dalatreview.vn\/wp-content\/uploads\/2020\/06\/01.jpg\" alt=\"\" width=\"960\" height=\"898\"><\/p>\n<p><strong style=\"color: #003366;\"><span style=\"font-size: 24px;\"><span class=\"_5mfr\"><span class=\"_6qdm\"><span class=\"_4yxp\">2 . V\u1ecb tr\u00ed<\/span><\/span><\/span><\/span><\/strong><\/p>\n<p><a href=\"https:\/\/www.facebook.com\/ChillGarden17\/\" target=\"_blank\" rel=\"noopener\"><span class=\"_4yxo _4yxp\">Chill Garden<\/span><\/a><span class=\"_4yxp\"> t\u1ecda l\u1ea1c t\u1ea1i \u0111\u1ecba ch\u1ec9 s\u1ed1 17B \u0110\u1eb7ng Th\u00e1i Th\u00e2n, \u0110\u00e0 L\u1ea1t m\u1ed9ng m\u01a1, ch\u1ec9 c\u00e1ch Qu\u1ea3ng tr\u01b0\u1eddng L\u00e2m Vi\u00ean 4 ph\u00fat xe m\u00e1y, g\u1ea7n ngay c\u00e1c \u0111i\u1ec3m du l\u1ecbch n\u1ed5i ti\u1ebfng nh\u01b0 KDL L\u00e1 phong, Kokoro Cafe, Horizon Cafe, Dinh B\u1ea3o \u0110\u1ea1i,&#8230; Ngo\u00e0i r<span class=\"text_exposed_show\">a c\u00f2n g\u1ea7n nh\u1eefng qu\u00e1n \u0103n n\u1ed5i ti\u1ebfng nh\u01b0 L\u1ea9u g\u00e0 L\u00e1 \u00c9, \u0103n v\u1eb7t Nh\u00e0 Chung, B\u00e1nh c\u0103n,&#8230;<\/span><\/span><\/p>\n<p><img decoding=\"async\" class=\"alignnone size-full wp-image-5703\" src=\"https:\/\/dalatreview.vn\/wp-content\/uploads\/2020\/06\/12-5.jpg\" alt=\"\" width=\"2048\" height=\"1153\"><\/p>\n<h2 id=\"3-gia-phong\"><span style=\"font-size: 24px; color: #003366;\"><strong>3 . Gi\u00e1 ph\u00f2ng<\/strong><\/span><\/h2>\n<p><strong><span class=\"_5mfr\"><span class=\"_6qdm\">\ud83c\udf42<\/span><\/span>Ph\u00f2ng \u0111\u01a1n (2 ng\u01b0\u1eddi)<\/strong><\/p>\n<p><span class=\"_4yxp\">\u2705<\/span>Ph\u00f2ng 1 gi\u01b0\u1eddng 2 ng\u01b0\u1eddi gi\u00e1 ch\u1ec9 t\u1eeb <strong><span class=\"_4yxo\">450k\/\u0111\u00eam<\/span><\/strong><\/p>\n<p><strong><span class=\"_5mfr\"><span class=\"_6qdm\">\ud83c\udf42Ph\u00f2ng \u0111\u00f4i (4 ng\u01b0\u1eddi)<\/span><\/span><\/strong><\/p>\n<p><span class=\"_4yxp\">\u2705 <\/span>Ph\u00f2ng 2 gi\u01b0\u1eddng gi\u00e1 ch\u1ec9 t\u1eeb<strong><span class=\"_4yxo\"> 600k\/\u0111\u00eam<\/span><\/strong><\/p>\n<p><img decoding=\"async\" class=\"alignnone size-full wp-image-5704\" src=\"https:\/\/dalatreview.vn\/wp-content\/uploads\/2020\/06\/collage-11.jpg\" alt=\"\" width=\"1200\" height=\"900\"><\/p>\n<h2 id=\"4-tien-nghi\"><span style=\"color: #003366;\">4. Ti\u1ec7n nghi<\/span><\/h2>\n<p><span class=\"_4yxp\">\u2705Toilet trong, Wifi t\u1ed1c \u0111\u1ed9 cao, Ph\u00f2ng c\u00f3 ban c\u00f4ng, view \u0111\u1ed3i th\u00f4ng, thung l\u0169ng bao ng\u1ea5t ng\u00e2y&#8230;<\/span><\/p>\n<p><span class=\"_4yxp\">\u2705C\u00f3 khu b\u1ebfp, khu BBQ cho nh\u00f3m b\u1ea1n, gia \u0111\u00ecnh c\u00f9ng nhau n\u01b0\u1edbng th\u1ecbt ng\u1ed3i n\u00f3i chuy\u1ec7n nh\u00e2m nhi ch\u00e9n r\u01b0\u1ee3u&#8230; <\/span><\/p>\n<p><span class=\"_4yxp\">\u2705<\/span>\u0110\u01b0a \u0111\u00f3n s\u00e2n bay b\u1eb1ng xe sang ch\u1ec9 v\u1edbi <span class=\"_4yxo _4yxp\">200k\/l\u01b0\u1ee3t, c<\/span>\u00f3 d\u1ecbch v\u1ee5 thu\u00ea xe gi\u00e1 r\u1ebb,&#8230;<\/p>\n<p><img decoding=\"async\" class=\"alignnone size-full wp-image-5705\" src=\"https:\/\/dalatreview.vn\/wp-content\/uploads\/2020\/06\/06-1.jpg\" alt=\"\" width=\"2048\" height=\"1364\"><\/p>\n<h2 id=\"5-decor\"><span style=\"color: #003366; font-size: 24px;\"><strong>5. Decor<\/strong><\/span><\/h2>\n<div class=\"_2cuy _3dgx _2vxa\">V\u1edbi thi\u1ebft k\u1ebf \u0111\u1eb9p m\u1eaft, m\u1ed7i c\u0103n ph\u00f2ng mang m\u1ed9t ch\u1ea5t ri\u00eang, \u0111\u1ed9c \u0111\u00e1o, chi\u1ebfu homestay n\u00e0y kh\u00f4ng ch\u1ec9 \u0111\u1ec3 ng\u1ee7 m\u00e0 l\u00e0 \u0111\u1ec3 <span class=\"_4yxp\">&#8220;<strong>chill with love<\/strong>&#8220;&#8230;<\/span><\/div>\n<div class=\"_2cuy _3dgx _2vxa\">C\u00f3 hai d\u1ea1ng ph\u00f2ng cho b\u1ea1n l\u1ef1a ch\u1ecdn \u0111\u00f3 l\u00e0 ph\u00f2ng ngoa\u0300i tro\u031b\u0300i, \u0111o\u0302\u0301t lu\u031b\u0309a &amp; trong nha\u0300 nh\u00e9<\/div>\n<div><img decoding=\"async\" class=\"alignnone size-full wp-image-5706\" src=\"https:\/\/dalatreview.vn\/wp-content\/uploads\/2020\/06\/collage-12.jpg\" alt=\"\" width=\"1200\" height=\"900\"><\/div>\n<div>\n<p><span style=\"color: #003366; font-size: 24px;\"><strong>6. Li\u00ean h\u1ec7<\/strong><\/span><\/p>\n<div class=\"_2cuy _3dgx _2vxa\"><strong><em>\u0110\u1ecba ch\u1ec9: 17B \u0110\u1eb7ng Th\u00e1i Th\u00e2n, Ph\u01b0\u1eddng<\/em><\/strong><strong><em>\u00a03, \u0110\u00e0 L\u1ea1t.<\/em><\/strong><br \/>\n<strong><em>Fanpage: <a class=\"_64-f\" href=\"https:\/\/www.facebook.com\/booking.dalatreview.vn\">Chill Garden<\/a><\/em><\/strong><\/div>\n<div><strong><em>Hotline: 0988 249 297<\/em><\/strong><\/div>\n<\/div>","protected":false},"excerpt":{"rendered":"<p>Danh m\u1ee5c ch\u00ednh Chill Garden 1. Gi\u1edbi thi\u1ec7u\u00a0 3 . Gi\u00e1 ph\u00f2ng 4. Ti\u1ec7n nghi 5. Decor Chill Garden 1. Gi\u1edbi thi\u1ec7u\u00a0 Chill Garden &#8211; t\u1ecda l\u1ea1c t\u1ea1i \u0111\u1ecba ch\u1ec9 s\u1ed1 17B \u0110\u1eb7ng Th\u00e1i Th\u00e2n, v\u1edbi thi\u1ebft k\u1ebf \u0111\u1eb9p m\u1eaft, m\u1ed7i c\u0103n ph\u00f2ng mang m\u1ed9t ch\u1ea5t ri\u00eang, \u0111\u1ed9c \u0111\u00e1o, chi\u1ebfu homestay n\u00e0y kh\u00f4ng ch\u1ec9 \u0111\u1ec3 [&hellip;]<\/p>","protected":false},"featured_media":5705,"comment_status":"open","ping_status":"closed","template":"","meta":{"_acf_changed":false,"rank_math_lock_modified_date":false},"product_cat":[29,2255,36],"product_tag":[],"acf":[],"_links":{"self":[{"href":"https:\/\/dalatreview.vn\/en\/wp-json\/wp\/v2\/product\/5701"}],"collection":[{"href":"https:\/\/dalatreview.vn\/en\/wp-json\/wp\/v2\/product"}],"about":[{"href":"https:\/\/dalatreview.vn\/en\/wp-json\/wp\/v2\/types\/product"}],"replies":[{"embeddable":true,"href":"https:\/\/dalatreview.vn\/en\/wp-json\/wp\/v2\/comments?post=5701"}],"wp:featuredmedia":[{"embeddable":true,"href":"https:\/\/dalatreview.vn\/en\/wp-json\/wp\/v2\/media\/5705"}],"wp:attachment":[{"href":"https:\/\/dalatreview.vn\/en\/wp-json\/wp\/v2\/media?parent=5701"}],"wp:term":[{"taxonomy":"product_cat","embeddable":true,"href":"https:\/\/dalatreview.vn\/en\/wp-json\/wp\/v2\/product_cat?post=5701"},{"taxonomy":"product_tag","embeddable":true,"href":"https:\/\/dalatreview.vn\/en\/wp-json\/wp\/v2\/product_tag?post=5701"}],"curies":[{"name":"wp","href":"https:\/\/api.w.org\/{rel}","templated":true}]}}