
{"id":5527,"date":"2020-06-11T10:52:35","date_gmt":"2020-06-11T03:52:35","guid":{"rendered":"https:\/\/dalatreview.vn\/?p=5527"},"modified":"2024-07-12T14:07:13","modified_gmt":"2024-07-12T07:07:13","slug":"homestay-the-train-da-lat","status":"publish","type":"product","link":"https:\/\/dalatreview.vn\/en\/homestay-the-train-da-lat.html","title":{"rendered":"Homestay the train \u0110\u00e0 L\u1ea1t"},"content":{"rendered":"<nav class=\"vietrick-auto-toc\">\n<div class=\"box-title\">\n<h3 class=\"toc-title\" id=\"select-menu\">Danh m\u1ee5c ch\u00ednh<\/h3>\n<div><ion-icon name=\"chevron-up-outline\"><\/ion-icon><\/div>\n<\/div>\n<ul class=\"toc-list\"><\/ul>\n<li><a href='https:\/\/dalatreview.vn\/en#homestay-the-train-da-lat' class='heading-h1 toc-link smooth-scroll'>Homestay the train \u0110\u00e0 L\u1ea1t<\/a>\n<ul>\n<li><a href='https:\/\/dalatreview.vn\/en#1-gioi-thieu' class='heading-h2 toc-link smooth-scroll'>1. Gi\u1edbi thi\u1ec7u<\/a>\n<li><a href='https:\/\/dalatreview.vn\/en#3-gia-phong' class='heading-h2 toc-link smooth-scroll'>3. Gi\u00e1 ph\u00f2ng<\/a>\n<li><a href='https:\/\/dalatreview.vn\/en#4-tien-nghi' class='heading-h2 toc-link smooth-scroll'>4. Ti\u1ec7n nghi<\/a>\n<li><a href='https:\/\/dalatreview.vn\/en#5-decor' class='heading-h2 toc-link smooth-scroll'>5. Decor<\/a><\/ul>\n<\/ul>\n<\/li>\n<\/ul>\n<\/nav>\n<h1 style=\"text-align: center;\" id=\"homestay-the-train-da-lat\"><span style=\"font-size: 32px; color: #003366;\"><strong><a class=\"_64-f\" href=\"https:\/\/www.facebook.com\/booking.dalatreview.vn\">Homestay the train \u0110\u00e0 L\u1ea1t<\/a><\/strong><\/span><\/h1>\n<h2 id=\"1-gioi-thieu\"><span style=\"color: #003366;\">1. Gi\u1edbi thi\u1ec7u<\/span><\/h2>\n<p style=\"text-align: justify;\">\u00a0B\u1ea1n \u0111ang t\u00ecm ki\u1ebfm cho m\u00ecnh m\u1ed9t homestay th\u1eadt \u0111\u1ed9c \u0111\u00e1o? B\u1ea1n mu\u1ed1n c\u1ea3m nh\u1eadn m\u1ed9t \u0110\u00e0 L\u1ea1t theo ch\u1ea5t ri\u00eang c\u1ee7a m\u00ecnh th\u1ebf th\u00ec c\u00f2n ch\u1ea7n ch\u1edd g\u00ec m\u00e0 kh\u00f4ng \u0111\u1ebfn ngay v\u1edbi <a href=\"https:\/\/www.facebook.com\/booking.dalatreview.vn\"><span class=\"_4yxo _4yxp\">Homestay the train \u0110\u00e0 L\u1ea1t<\/span><\/a><\/p>\n<p><img decoding=\"async\" class=\"alignnone size-full wp-image-5529\" src=\"https:\/\/dalatreview.vn\/wp-content\/uploads\/2020\/06\/collage-6.jpg\" alt=\"\" width=\"1200\" height=\"900\"><\/p>\n<p><strong style=\"color: #003366;\"><span style=\"font-size: 24px;\"><span class=\"_5mfr\"><span class=\"_6qdm\"><span class=\"_4yxp\">2. V\u1ecb tr\u00ed<\/span><\/span><\/span><\/span><\/strong><\/p>\n<p><a href=\"https:\/\/www.facebook.com\/booking.dalatreview.vn\"><span class=\"_4yxo _4yxp\">Homestay the train \u0110\u00e0 L\u1ea1t<\/span><\/a><span class=\"_4yxo _4yxp\"> &#8211;<\/span> t\u1ecda l\u1ea1c t\u1ea1i s\u1ed1 2 \u0110inh C\u00f4ng Tr\u00e1ng, c\u00e1ch ch\u1ee3 ch\u1ec9 3km g\u1ea7n c\u00e1c \u0111\u1ecba \u0111i\u1ec3m du <span class=\"text_exposed_show\">l\u1ecbch n\u1ed5i ti\u1ebfng nh\u01b0 B\u1ea3o t\u00e0ng \u0110\u1ed9ng v\u1eadt h\u1ecdc, \u0111\u1ea1i h\u1ecdc Yersin, \u0110\u1ed3i Ng\u00f4 Quy\u1ec1n, Thung l\u0169ng T\u00ecnh y\u00eau, Thung l\u0169ng V\u00e0ng, Su\u1ed1i v\u00e0ng, nh\u00e0 th\u1edd Domain, V\u01b0\u1eddn d\u00e2u Nh\u1eadt,&#8230;<\/span><\/p>\n<p><img decoding=\"async\" class=\"alignnone wp-image-5530 size-full\" src=\"https:\/\/dalatreview.vn\/wp-content\/uploads\/2020\/06\/collage-7.jpg\" alt=\"\" width=\"1200\" height=\"900\"><\/p>\n<h2 id=\"3-gia-phong\"><span style=\"font-size: 24px; color: #003366;\"><strong>3. Gi\u00e1 ph\u00f2ng<\/strong><\/span><\/h2>\n<p>Ph\u00f2ng \u0111\u01a1n 2 ng\u01b0\u1eddi gi\u00e1 ch\u1ec9 t\u1eeb <span class=\"_4yxo _4yxp\"><em><strong>250k\/\u0111\u00eam<\/strong><\/em>.<\/span><\/p>\n<p><img decoding=\"async\" class=\"alignnone size-full wp-image-5532\" src=\"https:\/\/dalatreview.vn\/wp-content\/uploads\/2020\/06\/collage-9.jpg\" alt=\"\" width=\"1200\" height=\"900\"><\/p>\n<h2 id=\"4-tien-nghi\"><span style=\"color: #003366;\">4. Ti\u1ec7n nghi<\/span><\/h2>\n<p><span class=\"_4yxp\">\u2705<\/span>Ph\u00f2ng \u0111\u1ea7y \u0111\u1ee7 ti\u1ec7n nghi, ngo\u00e0i ra nh\u1eefng v\u1eadt d\u1ee5ng nh\u01b0 m\u00e1y s\u1ea5y, b\u00e0n \u1ee7i&#8230; ch\u1ec9 c\u1ea7n l\u00e0 alo ch\u1ecb ch\u1ee7 home l\u00e0 c\u00f3 li\u1ec1n.<\/p>\n<p><span class=\"_4yxp\">\u2705<\/span>C\u00f3 d\u1ecbch v\u1ee5 thu\u00ea xe m\u00e1y, tour \u0111\u1ea7y \u0111\u1ee7,&#8230;<\/p>\n<p><span class=\"_4yxp\">\u2705<\/span>B\u00ean kh\u00e1ch \u0111\u01b0\u1ee3c s\u1eed d\u1ee5ng b\u1ebfp n\u1ea5u \u0103n, s\u00e2n BBQ, loa mi\u1ec5n ph\u00ed,&#8230;<\/p>\n<p><img decoding=\"async\" class=\"alignnone wp-image-5533 size-full\" src=\"https:\/\/dalatreview.vn\/wp-content\/uploads\/2020\/06\/37.jpg\" alt=\"\" width=\"2560\" height=\"1920\"><\/p>\n<h2 id=\"5-decor\"><span style=\"color: #003366; font-size: 24px;\"><strong>5. Decor<\/strong><\/span><\/h2>\n<p>Chi\u1ebfc homestay n\u00e0y c\u00f3 decor v\u00f4 c\u00f9ng \u0111\u1ed9c \u0111\u00e1o, \u0111\u01b0\u1ee3c l\u1ea5y \u00fd t\u01b0\u1edfng t\u1eeb Ga xe h\u1ecfa n\u1ed5i ti\u1ebfng \u0110\u00e0 L\u1ea1t, \u0111\u1eb9p m\u1eaft, s\u00e1ng t\u1ea1o,&#8230; \u0111\u00e2y kh\u00f4ng ch\u1ec9 l\u00e0 m\u1ed9t homestay ch\u1ec9 \u0111\u1ec3 ng\u1ee7 m\u00e0 l\u00e0 homestay d\u00e0nh cho ng\u01b0\u1eddi m\u00ea nh\u1eefng \u0111i\u1ec1u \u0111\u1eb7c bi\u1ec7t v\u00e0 th\u00edch kh\u00e1m ph\u00e1.<\/p>\n<p><img decoding=\"async\" class=\"alignnone size-full wp-image-5534\" src=\"https:\/\/dalatreview.vn\/wp-content\/uploads\/2020\/06\/collage-10.jpg\" alt=\"\" width=\"1200\" height=\"900\"><\/p>\n<p><span style=\"color: #003366; font-size: 24px;\"><strong>6. Li\u00ean h\u1ec7<\/strong><\/span><\/p>\n<div class=\"_2cuy _3dgx _2vxa\"><strong><em>\u0110\u1ecba ch\u1ec9: 02 \u0110inh C\u00f4ng Tr\u00e1ng, Ph\u01b0\u1eddng 7, \u0110\u00e0 L\u1ea1t, Vi\u1ec7t Nam.<\/em><\/strong><br \/>\n<strong><strong><em>Fanpage: <\/em><\/strong><\/strong><a class=\"_64-f\" href=\"https:\/\/www.facebook.com\/booking.dalatreview.vn\">Homestay the train \u0110\u00e0 L\u1ea1t<\/a><\/div>\n<div><strong><em>Map: <a href=\"https:\/\/goo.gl\/maps\/ujcqSGnajQv7jR9QA\" target=\"_blank\" rel=\"noopener\">Google map<\/a><\/em><\/strong><\/div>\n<div><strong><em>Hotline: 0988 249 297<\/em><\/strong><\/div>","protected":false},"excerpt":{"rendered":"<p>Danh m\u1ee5c ch\u00ednh Homestay the train \u0110\u00e0 L\u1ea1t 1. Gi\u1edbi thi\u1ec7u 3. Gi\u00e1 ph\u00f2ng 4. Ti\u1ec7n nghi 5. Decor Homestay the train \u0110\u00e0 L\u1ea1t 1. Gi\u1edbi thi\u1ec7u \u00a0B\u1ea1n \u0111ang t\u00ecm ki\u1ebfm cho m\u00ecnh m\u1ed9t homestay th\u1eadt \u0111\u1ed9c \u0111\u00e1o? B\u1ea1n mu\u1ed1n c\u1ea3m nh\u1eadn m\u1ed9t \u0110\u00e0 L\u1ea1t theo ch\u1ea5t ri\u00eang c\u1ee7a m\u00ecnh th\u1ebf th\u00ec c\u00f2n ch\u1ea7n ch\u1edd [&hellip;]<\/p>","protected":false},"featured_media":5529,"comment_status":"open","ping_status":"closed","template":"","meta":{"_acf_changed":false,"rank_math_lock_modified_date":false},"product_cat":[29,2255,36],"product_tag":[],"acf":[],"_links":{"self":[{"href":"https:\/\/dalatreview.vn\/en\/wp-json\/wp\/v2\/product\/5527"}],"collection":[{"href":"https:\/\/dalatreview.vn\/en\/wp-json\/wp\/v2\/product"}],"about":[{"href":"https:\/\/dalatreview.vn\/en\/wp-json\/wp\/v2\/types\/product"}],"replies":[{"embeddable":true,"href":"https:\/\/dalatreview.vn\/en\/wp-json\/wp\/v2\/comments?post=5527"}],"wp:featuredmedia":[{"embeddable":true,"href":"https:\/\/dalatreview.vn\/en\/wp-json\/wp\/v2\/media\/5529"}],"wp:attachment":[{"href":"https:\/\/dalatreview.vn\/en\/wp-json\/wp\/v2\/media?parent=5527"}],"wp:term":[{"taxonomy":"product_cat","embeddable":true,"href":"https:\/\/dalatreview.vn\/en\/wp-json\/wp\/v2\/product_cat?post=5527"},{"taxonomy":"product_tag","embeddable":true,"href":"https:\/\/dalatreview.vn\/en\/wp-json\/wp\/v2\/product_tag?post=5527"}],"curies":[{"name":"wp","href":"https:\/\/api.w.org\/{rel}","templated":true}]}}