
{"id":5409,"date":"2020-06-06T09:14:19","date_gmt":"2020-06-06T02:14:19","guid":{"rendered":"https:\/\/dalatreview.vn\/?p=5409"},"modified":"2024-07-12T14:07:23","modified_gmt":"2024-07-12T07:07:23","slug":"cherry-house-dalat","status":"publish","type":"product","link":"https:\/\/dalatreview.vn\/en\/cherry-house-dalat.html","title":{"rendered":"Cherry House Dalat"},"content":{"rendered":"<nav class=\"vietrick-auto-toc\">\n<div class=\"box-title\">\n<h3 class=\"toc-title\" id=\"select-menu\">Danh m\u1ee5c ch\u00ednh<\/h3>\n<div><ion-icon name=\"chevron-up-outline\"><\/ion-icon><\/div>\n<\/div>\n<ul class=\"toc-list\"><\/ul>\n<li><a href='https:\/\/dalatreview.vn\/en#cherry-house-dalat' class='heading-h1 toc-link smooth-scroll'>Cherry House Dalat<\/a>\n<ul>\n<li><a href='https:\/\/dalatreview.vn\/en#1-gioi-thieu' class='heading-h2 toc-link smooth-scroll'>1. Gi\u1edbi thi\u1ec7u<\/a>\n<li><a href='https:\/\/dalatreview.vn\/en#3-gia-phong' class='heading-h2 toc-link smooth-scroll'>3 . Gi\u00e1 ph\u00f2ng<\/a>\n<li><a href='https:\/\/dalatreview.vn\/en#4-tien-nghi' class='heading-h2 toc-link smooth-scroll'>4. Ti\u1ec7n nghi<\/a>\n<li><a href='https:\/\/dalatreview.vn\/en#5-decor' class='heading-h2 toc-link smooth-scroll'>5. Decor<\/a><\/ul>\n<\/ul>\n<\/li>\n<\/ul>\n<\/nav>\n<h1 style=\"text-align: center;\" id=\"cherry-house-dalat\"><span style=\"font-size: 32px; color: #003366;\"><strong>Cherry House Dalat<\/strong><\/span><\/h1>\n<h2 id=\"1-gioi-thieu\"><span style=\"color: #003366;\">1. Gi\u1edbi thi\u1ec7u<\/span><\/h2>\n<p style=\"text-align: justify;\"><a href=\"https:\/\/www.facebook.com\/booking.dalatreview.vn\"><strong>Cherry House Dalat <\/strong><\/a>&#8211; t\u1ecda l\u1ea1c t\u1ea1i khu ng\u00e3 n\u0103m \u0110\u1ea1i h\u1ecdc \u0110\u00e0 L\u1ea1t, v\u1edbi decor \u1ea5m c\u00fang t\u1ea1o cho b\u1ea1n c\u1ea3m gi\u00e1c nh\u01b0 \u1edf nh\u00e0<span class=\"_5mfr\"><span class=\"_6qdm\">\ud83e\udd70<\/span><\/span><\/p>\n<p><img decoding=\"async\" class=\"alignnone size-full wp-image-5410\" src=\"https:\/\/dalatreview.vn\/wp-content\/uploads\/2020\/06\/23-1.jpg\" alt=\"\" width=\"2560\" height=\"1706\"><\/p>\n<p><strong style=\"color: #003366;\"><span style=\"font-size: 24px;\"><span class=\"_5mfr\"><span class=\"_6qdm\"><span class=\"_4yxp\">2 . V\u1ecb tr\u00ed<\/span><\/span><\/span><\/span><\/strong><\/p>\n<div class=\"_2cuy _3dgx _2vxa\">T\u1ecda l\u1ea1c t\u1ea1i s\u1ed1 31 Nguy\u1ec5n C\u00f4ng Tr\u1ee9, ngay ng\u00e3 n\u0103m \u0110\u1ea1i h\u1ecdc, g\u1ea7n ngay khu \u0103n u\u1ed1ng n\u1ed5i ti\u1ebfng l\u1ea1i si\u00eau r\u1ebb, g\u1ea7n r\u1ea5t nhi\u1ec1u \u0111\u1ecba \u0111i\u1ec3m tham quan n\u1ed5i ti\u1ebfng nh\u01b0 V\u01b0\u1eddn hoa Th\u00e0nh ph\u1ed1, Thung l\u0169ng t\u00ecnh y\u00eau, \u0110\u1ea1i h\u1ecdc \u0110\u00e0 L\u1ea1t,&#8230; c\u00e1ch ch\u1ee3 ch\u1ec9 v\u00e0i ph\u00fat xe m\u00e1y&#8230;<\/div>\n<div class=\"_2cuy _3dgx _2vxa\"><img decoding=\"async\" class=\"alignnone size-full wp-image-5411\" src=\"https:\/\/dalatreview.vn\/wp-content\/uploads\/2020\/06\/cherry.jpg\" alt=\"\" width=\"1200\" height=\"900\"><\/div>\n<div>\n<h2 id=\"3-gia-phong\"><span style=\"font-size: 24px; color: #003366;\"><strong>3 . Gi\u00e1 ph\u00f2ng<\/strong><\/span><\/h2>\n<ul class=\"_5a_q _5yj1\">\n<li class=\"_2cuy _509q _2vxa\"><strong>Ph\u00f2ng \u0111\u01a1n:<\/strong> gi\u1ea3m ch\u1ec9 c\u00f2n t\u1eeb <strong><span class=\"_4yxo\">250k\/\u0111\u00eam<\/span><\/strong> cho 2 ng\u01b0\u1eddi<\/li>\n<li class=\"_2cuy _509q _2vxa\"><strong>Ph\u00f2ng \u0111\u00f4i:<\/strong> gi\u1ea3m ch\u1ec9 c\u00f2n t\u1eeb<strong><span class=\"_4yxo\"> 420k\/\u0111\u00eam<\/span><\/strong> cho 4 ng\u01b0\u1eddi<\/li>\n<li class=\"_2cuy _509q _2vxa\"><strong>Ph\u00f2ng l\u1edbn:<\/strong> gi\u00e1 si\u00eau \u01b0u \u0111\u00e3i cho nh\u00f3m t\u1eeb 5 ng\u01b0\u1eddi l\u1edbn<\/li>\n<li class=\"_2cuy _509q _2vxa\"><strong>Mi\u1ec5n Ph\u00ed:<\/strong> 1 Ng\u00e0y s\u1eed d\u1ee5ng xe m\u00e1y khi l\u01b0u tr\u00fa 2 \u0111\u00eam<\/li>\n<\/ul>\n<div class=\"_2cuy _3dgx _2vxa\"><strong><span class=\"_4yxo\">\u0110\u1eb7c bi\u1ec7t:<\/span><\/strong> <a href=\"https:\/\/www.facebook.com\/cherryhousedl\/\" target=\"_blank\" rel=\"noopener\">Cherry House<\/a> c\u00f3 s\u1eb5n m\u00e1y h\u00ecnh c\u01a1 ph\u1ee5c v\u1ee5 mi\u1ec5n ph\u00ed cho kh\u00e1ch th\u00edch \u0111i s\u0103n m\u00e2y nh\u00e9!<span class=\"_5mfr\"><span class=\"_6qdm\">\ud83c\udf37<\/span><\/span><\/div>\n<div><img decoding=\"async\" class=\"alignnone size-full wp-image-5425\" src=\"https:\/\/dalatreview.vn\/wp-content\/uploads\/2020\/06\/collage-4.jpg\" alt=\"\" width=\"1200\" height=\"900\"><\/div>\n<div>\n<h2 id=\"4-tien-nghi\"><span style=\"color: #003366;\">4. Ti\u1ec7n nghi<\/span><\/h2>\n<div class=\"_2cuy _3dgx _2vxa\"><span class=\"_4yxp\">\u2705<\/span>Ph\u00f2ng \u0111\u1ea7y \u0111\u1ee7 ti\u1ec7n nghi<span class=\"_5mfr\"><span class=\"_6qdm\">\ud83d\ude0d<\/span><\/span><\/div>\n<div><\/div>\n<div class=\"_2cuy _3dgx _2vxa\"><span class=\"_4yxp\">\u2705<\/span>\u0110\u01b0a \u0111\u00f3n s\u00e2n bay gi\u00e1 r\u1ebb<\/div>\n<div class=\"_2cuy _3dgx _2vxa\"><span class=\"_4yxp\">\u2705<\/span>D\u1ecbch V\u1ee5 Cho thu\u00ea xe m\u00e1y ch\u1ea5t l\u01b0\u1ee3ng<\/div>\n<\/div>\n<div><img decoding=\"async\" class=\"alignnone size-full wp-image-5460\" src=\"https:\/\/dalatreview.vn\/wp-content\/uploads\/2020\/06\/collage-5.jpg\" alt=\"\" width=\"1200\" height=\"900\"><\/div>\n<div>\n<h2 id=\"5-decor\"><span style=\"color: #003366; font-size: 24px;\"><strong>5. Decor<\/strong><\/span><\/h2>\n<p>Decor \u1ea5m c\u00fang, c\u00f3 ban c\u00f4ng ng\u1eafm th\u00e0nh ph\u1ed1 xinh xinh&#8230;<\/p>\n<p><img decoding=\"async\" class=\"alignnone size-full wp-image-5416\" src=\"https:\/\/dalatreview.vn\/wp-content\/uploads\/2020\/06\/cherry1-4.jpg\" alt=\"\" width=\"1200\" height=\"900\"><\/p>\n<p><span style=\"color: #003366; font-size: 24px;\"><strong>6. Li\u00ean h\u1ec7<\/strong><\/span><\/p>\n<div class=\"_2cuy _3dgx _2vxa\"><strong><em>\u0110\u1ecba ch\u1ec9: S\u1ed1 31 Nguy\u1ec5n C\u00f4ng Tr\u1ee9, Ph\u01b0\u1eddng 8, TP \u0110\u00e0 L\u1ea1t.<\/em><\/strong><br \/>\n<strong><em>Fanpage: <a href=\"https:\/\/www.facebook.com\/booking.dalatreview.vn\">Cherry House Dalat<\/a><\/em><\/strong><\/div>\n<div><strong><em>Hotline: 0988 249 297<\/em><\/strong><\/div>\n<\/div>\n<\/div>","protected":false},"excerpt":{"rendered":"<p>Danh m\u1ee5c ch\u00ednh Cherry House Dalat 1. Gi\u1edbi thi\u1ec7u 3 . Gi\u00e1 ph\u00f2ng 4. Ti\u1ec7n nghi 5. Decor Cherry House Dalat 1. Gi\u1edbi thi\u1ec7u Cherry House Dalat &#8211; t\u1ecda l\u1ea1c t\u1ea1i khu ng\u00e3 n\u0103m \u0110\u1ea1i h\u1ecdc \u0110\u00e0 L\u1ea1t, v\u1edbi decor \u1ea5m c\u00fang t\u1ea1o cho b\u1ea1n c\u1ea3m gi\u00e1c nh\u01b0 \u1edf nh\u00e0\ud83e\udd70 2 . V\u1ecb tr\u00ed T\u1ecda [&hellip;]<\/p>","protected":false},"featured_media":5410,"comment_status":"open","ping_status":"closed","template":"","meta":{"_acf_changed":false,"rank_math_lock_modified_date":false},"product_cat":[29,2255,36],"product_tag":[],"acf":[],"_links":{"self":[{"href":"https:\/\/dalatreview.vn\/en\/wp-json\/wp\/v2\/product\/5409"}],"collection":[{"href":"https:\/\/dalatreview.vn\/en\/wp-json\/wp\/v2\/product"}],"about":[{"href":"https:\/\/dalatreview.vn\/en\/wp-json\/wp\/v2\/types\/product"}],"replies":[{"embeddable":true,"href":"https:\/\/dalatreview.vn\/en\/wp-json\/wp\/v2\/comments?post=5409"}],"wp:featuredmedia":[{"embeddable":true,"href":"https:\/\/dalatreview.vn\/en\/wp-json\/wp\/v2\/media\/5410"}],"wp:attachment":[{"href":"https:\/\/dalatreview.vn\/en\/wp-json\/wp\/v2\/media?parent=5409"}],"wp:term":[{"taxonomy":"product_cat","embeddable":true,"href":"https:\/\/dalatreview.vn\/en\/wp-json\/wp\/v2\/product_cat?post=5409"},{"taxonomy":"product_tag","embeddable":true,"href":"https:\/\/dalatreview.vn\/en\/wp-json\/wp\/v2\/product_tag?post=5409"}],"curies":[{"name":"wp","href":"https:\/\/api.w.org\/{rel}","templated":true}]}}