
{"id":5393,"date":"2020-06-04T15:26:28","date_gmt":"2020-06-04T08:26:28","guid":{"rendered":"https:\/\/dalatreview.vn\/?p=5393"},"modified":"2024-07-12T14:08:24","modified_gmt":"2024-07-12T07:08:24","slug":"family-and-friends-da-lat","status":"publish","type":"product","link":"https:\/\/dalatreview.vn\/en\/family-and-friends-da-lat.html","title":{"rendered":"Family and Friends Da Lat"},"content":{"rendered":"<nav class=\"vietrick-auto-toc\">\n<div class=\"box-title\">\n<h3 class=\"toc-title\" id=\"select-menu\">Danh m\u1ee5c ch\u00ednh<\/h3>\n<div><ion-icon name=\"chevron-up-outline\"><\/ion-icon><\/div>\n<\/div>\n<ul class=\"toc-list\"><\/ul>\n<li><a href='https:\/\/dalatreview.vn\/en#family-and-friends-da-lat' class='heading-h1 toc-link smooth-scroll'>Family and Friends Da Lat<\/a>\n<ul>\n<li><a href='https:\/\/dalatreview.vn\/en#1-gioi-thieu' class='heading-h2 toc-link smooth-scroll'>1. Gi\u1edbi thi\u1ec7u<\/a>\n<li><a href='https:\/\/dalatreview.vn\/en#3-gia-phong' class='heading-h2 toc-link smooth-scroll'>3 . Gi\u00e1 ph\u00f2ng<\/a>\n<li><a href='https:\/\/dalatreview.vn\/en#4-tien-nghi' class='heading-h2 toc-link smooth-scroll'>4. Ti\u1ec7n nghi<\/a>\n<li><a href='https:\/\/dalatreview.vn\/en#5-decor' class='heading-h2 toc-link smooth-scroll'>5. Decor<\/a><\/ul>\n<\/ul>\n<\/li>\n<\/ul>\n<\/nav>\n<h1 style=\"text-align: center;\" id=\"family-and-friends-da-lat\"><span style=\"color: #003366;\">Family and Friends Da Lat<\/span><\/h1>\n<h2 id=\"1-gioi-thieu\"><span style=\"color: #003366;\">1. Gi\u1edbi thi\u1ec7u<\/span><\/h2>\n<p style=\"text-align: justify;\"><strong><a class=\"_64-f\" href=\"https:\/\/www.facebook.com\/booking.dalatreview.vn\">Family and Friends Homestay Da Lat<\/a><\/strong><span class=\"_4yxp\"> &#8211; t\u1ecda l\u1ea1c t\u1ea1i <\/span>19\/9 \u0110\u1eb7ng Th\u00e1i Th\u00e2n v\u1edbi kh\u00f4ng gian r\u1ed9ng r\u00e3i tho\u00e1ng m\u00e1t, view \u0111\u1ed3i th\u00f4ng, s\u00e2n n\u01b0\u1edbng BBQ mang l\u1ea1i tr\u1ea3i nghi\u1ec7m tuy\u1ec7t v\u1eddi. Nhanh tay \u0111\u1eb7t ngay \u0111\u1ec3 m\u1ed9t c\u0103n ph\u00f2ng \u1ea5m c\u00fang m\u00e0 m\u1ee9c gi\u00e1 \u01b0u \u0111\u00e3i ch\u01b0a t\u1eebng c\u00f3 nh\u00e9!<\/p>\n<p><img decoding=\"async\" class=\"alignnone size-full wp-image-5396\" src=\"https:\/\/dalatreview.vn\/wp-content\/uploads\/2020\/06\/10-1.jpg\" alt=\"\" width=\"1280\" height=\"960\"><\/p>\n<p><strong style=\"color: #003366;\"><span style=\"font-size: 24px;\"><span class=\"_5mfr\"><span class=\"_6qdm\"><span class=\"_4yxp\">2 . V\u1ecb tr\u00ed<\/span><\/span><\/span><\/span><\/strong><\/p>\n<p><a href=\"https:\/\/www.facebook.com\/familyandfriendshomestaydalat\/\" target=\"_blank\" rel=\"noopener\"><span class=\"_4yxo _4yxp\">Family and Friends Homestay Da Lat<\/span><\/a> <span class=\"_4yxp\">l\u00e0 m\u1ed9t chi\u1ebfu homestay xinh x\u1eafn t\u1ea1i \u0111\u1ecba ch\u1ec9 19\/9 \u0110\u1eb7ng Th\u00e1i Th\u00e2n, H\u1ebbm 2, Ph\u01b0\u1eddng 3, \u0110\u00e0 L\u1ea1t. Family and Friends c\u00f3 view \u0111\u1ed3i th\u00f4ng, s\u00e2n v\u01b0\u1eddn BBQ m\u00e0 l\u1ea1i n\u1eb1m ngay trung t\u00e2m th\u00e0nh ph\u1ed1, ch\u1ec9 c\u00e1ch Qu\u1ea3ng tr\u01b0\u1eddng L\u00e2m Vi\u00ean 1km, g\u1ea7n ngay c\u00e1c \u0111\u1ecba \u0111i\u1ec3m du l\u1ecbch n\u1ed5i ti\u1ebfng nh\u01b0 KDL L\u00e1 Phong, Kokoro Cafe&#8230; c\u00e1c \u0111i\u1ec3m \u0103n u\u1ed1ng n\u1ed5i ti\u1ebfng nh\u01b0 Horizon Coffee, L\u1ea9u g\u00e0 L\u00e1 \u00e9 Tao Ng\u1ed9, v\u01b0\u1eddn d\u00e2u,&#8230;<\/span><\/p>\n<p><img decoding=\"async\" class=\"alignnone wp-image-5399 size-full\" src=\"https:\/\/dalatreview.vn\/wp-content\/uploads\/2020\/06\/family-and-friends-2.jpg\" alt=\"\" width=\"1200\" height=\"900\"><\/p>\n<h2 id=\"3-gia-phong\"><span style=\"font-size: 24px; color: #003366;\"><strong>3 . Gi\u00e1 ph\u00f2ng<\/strong><\/span><\/h2>\n<p><strong><span class=\"_5mfr\"><span class=\"_6qdm\">\ud83c\udf42<\/span><\/span>Ph\u00f2ng \u0111\u01a1n (2 ng\u01b0\u1eddi)<\/strong><\/p>\n<p><span class=\"_4yxp\">\u2705View \u0111\u1ed3i th\u00f4ng gi\u00e1 <strong>450k\/\u0111\u00eam<\/strong> nay \u01b0u \u0111\u00e3i ch\u1ec9 c\u00f2n <strong>350k\/\u0111\u00eam<\/strong><\/span><\/p>\n<p><span class=\"_4yxp\">\u2705View khu nhi\u1ec1u m\u00e0u gi\u00e1 <strong>350k\/\u0111\u00eam<\/strong> nay \u01b0u \u0111\u00e3i ch\u1ec9 c\u00f2n <strong>250k\/\u0111\u00eam<\/strong><\/span><\/p>\n<p><span class=\"_4yxp\">\u2705Khu trong nh\u00e0 gi\u00e1 <strong>300k\/\u0111\u00eam<\/strong> nay \u01b0u \u0111\u00e3i ch\u1ec9 c\u00f2n <strong>200k\/\u0111\u00eam<\/strong><\/span><\/p>\n<p><strong><span class=\"_5mfr\"><span class=\"_6qdm\">\ud83c\udf42<\/span><\/span>Ph\u00f2ng \u0111\u00f4i (4 ng\u01b0\u1eddi)<\/strong><\/p>\n<p><span class=\"_4yxp\">\u2705M\u1ee9c gi\u00e1 <strong>550k\/\u0111\u00eam<\/strong> nay \u01b0u \u0111\u00e3i ch\u1ec9 c\u00f2n <strong>450k\/\u0111\u00eam<\/strong><\/span><\/p>\n<p><img decoding=\"async\" class=\"alignnone wp-image-5401 size-full\" src=\"https:\/\/dalatreview.vn\/wp-content\/uploads\/2020\/06\/09.jpg\" alt=\"\" width=\"1434\" height=\"960\"><\/p>\n<h2 id=\"4-tien-nghi\"><span style=\"color: #003366;\">4. Ti\u1ec7n nghi<\/span><\/h2>\n<p><span class=\"_4yxp\">\u2705D\u1ecbch v\u1ee5 thu\u00ea xe m\u00e1y, \u0111\u01b0a \u0111\u00f3n s\u00e2n bay<\/span><\/p>\n<p><span class=\"_4yxp\">\u2705Ph\u00f2ng \u0111\u1ea7y \u0111\u1ee7 ti\u1ec7n nghi, view \u0111\u1ed3i th\u00f4ng<\/span><\/p>\n<p><span class=\"_4yxp\">\u2705G\u1ea7n ngay c\u1ea1nh c\u00e1c qu\u00e1n \u0103n, qu\u00e1n cafe,&#8230;<\/span><\/p>\n<p><span class=\"_4yxp\">\u2705\u0110\u1ed1t l\u1eeda tr\u1ea1i mi\u1ec5n ph\u00ed, s\u00e2n BBQ r\u1ed9ng r\u00e3i tho\u00e1ng m\u00e1t.<\/span><\/p>\n<p><img decoding=\"async\" class=\"alignnone size-full wp-image-5402\" src=\"https:\/\/dalatreview.vn\/wp-content\/uploads\/2020\/06\/family-and-friends-1-1.jpg\" alt=\"\" width=\"1200\" height=\"900\"><\/p>\n<h2 id=\"5-decor\"><span style=\"color: #003366; font-size: 24px;\"><strong>5. Decor<\/strong><\/span><\/h2>\n<p><span class=\"_4yxp\">Kh\u00f4ng gian tho\u00e1ng m\u00e1t, th\u00edch h\u1ee3p ngh\u1ec9 ng\u01a1i th\u01b0 gi\u00e3n, c\u00f3 s\u00e2n BBQ si\u00eau r\u1ed9ng, m\u1ed7i c\u0103n ph\u00f2ng mang m\u1ed9t m\u00e0u s\u1eafc ri\u00eang, \u1ea5m c\u00fang, sang tr\u1ecdng, nh\u1eb9 nh\u00e0ng, tho\u1ea3i m\u00e1i, mang l\u1ea1i cho b\u1ea1n m\u1ed9t tr\u1ea3i nghi\u1ec7m tuy\u1ec7t v\u1eddi.<\/span><span class=\"_5mfr\"><span class=\"_6qdm\">\ud83d\ude3b<\/span><\/span><\/p>\n<p><img decoding=\"async\" class=\"alignnone size-full wp-image-5403\" src=\"https:\/\/dalatreview.vn\/wp-content\/uploads\/2020\/06\/12-1.jpg\" alt=\"\" width=\"1280\" height=\"960\"><\/p>\n<p><span style=\"color: #003366; font-size: 24px;\"><strong>6. Li\u00ean h\u1ec7<\/strong><\/span><\/p>\n<div class=\"_2cuy _3dgx _2vxa\"><strong><em>\u0110\u1ecba ch\u1ec9: 19\/9 \u0110\u1eb7ng Th\u00e1i Th\u00e2n, H\u1ebbm 2, Ph\u01b0\u1eddng 3, \u0110\u00e0 L\u1ea1t.<\/em><\/strong><br \/>\n<strong><em>Fanpage: <a class=\"_64-f\" href=\"https:\/\/www.facebook.com\/booking.dalatreview.vn\">Family and Friends Homestay Da Lat<\/a><\/em><\/strong><\/div>\n<div><strong><em>Map: <a href=\"https:\/\/goo.gl\/maps\/XQuy1hhwsqJskHZi8\" target=\"_blank\" rel=\"noopener\">Google Map<\/a><\/em><\/strong><\/div>\n<div><strong><em>Hotline: 0988 249 297<\/em><\/strong><\/div>","protected":false},"excerpt":{"rendered":"<p>Danh m\u1ee5c ch\u00ednh Family and Friends Da Lat 1. Gi\u1edbi thi\u1ec7u 3 . Gi\u00e1 ph\u00f2ng 4. Ti\u1ec7n nghi 5. Decor Family and Friends Da Lat 1. Gi\u1edbi thi\u1ec7u Family and Friends Homestay Da Lat &#8211; t\u1ecda l\u1ea1c t\u1ea1i 19\/9 \u0110\u1eb7ng Th\u00e1i Th\u00e2n v\u1edbi kh\u00f4ng gian r\u1ed9ng r\u00e3i tho\u00e1ng m\u00e1t, view \u0111\u1ed3i th\u00f4ng, s\u00e2n n\u01b0\u1edbng BBQ [&hellip;]<\/p>","protected":false},"featured_media":5396,"comment_status":"open","ping_status":"closed","template":"","meta":{"_acf_changed":false,"rank_math_lock_modified_date":false},"product_cat":[29,2255,36],"product_tag":[],"acf":[],"_links":{"self":[{"href":"https:\/\/dalatreview.vn\/en\/wp-json\/wp\/v2\/product\/5393"}],"collection":[{"href":"https:\/\/dalatreview.vn\/en\/wp-json\/wp\/v2\/product"}],"about":[{"href":"https:\/\/dalatreview.vn\/en\/wp-json\/wp\/v2\/types\/product"}],"replies":[{"embeddable":true,"href":"https:\/\/dalatreview.vn\/en\/wp-json\/wp\/v2\/comments?post=5393"}],"wp:featuredmedia":[{"embeddable":true,"href":"https:\/\/dalatreview.vn\/en\/wp-json\/wp\/v2\/media\/5396"}],"wp:attachment":[{"href":"https:\/\/dalatreview.vn\/en\/wp-json\/wp\/v2\/media?parent=5393"}],"wp:term":[{"taxonomy":"product_cat","embeddable":true,"href":"https:\/\/dalatreview.vn\/en\/wp-json\/wp\/v2\/product_cat?post=5393"},{"taxonomy":"product_tag","embeddable":true,"href":"https:\/\/dalatreview.vn\/en\/wp-json\/wp\/v2\/product_tag?post=5393"}],"curies":[{"name":"wp","href":"https:\/\/api.w.org\/{rel}","templated":true}]}}