
{"id":5120,"date":"2020-05-11T22:00:27","date_gmt":"2020-05-11T15:00:27","guid":{"rendered":"https:\/\/dalatreview.vn\/?p=5120"},"modified":"2026-03-07T23:32:07","modified_gmt":"2026-03-07T16:32:07","slug":"khach-san-tri-nguyen","status":"publish","type":"product","link":"https:\/\/dalatreview.vn\/en\/khach-san-tri-nguyen.html","title":{"rendered":"Kh\u00e1ch s\u1ea1n Tr\u00ed Nguy\u1ec5n &#8211; \u0110\u00e0 L\u1ea1t"},"content":{"rendered":"<nav class=\"vietrick-auto-toc\">\n<div class=\"box-title\">\n<h3 class=\"toc-title\" id=\"select-menu\">Danh m\u1ee5c ch\u00ednh<\/h3>\n<div><ion-icon name=\"chevron-up-outline\"><\/ion-icon><\/div>\n<\/div>\n<ul class=\"toc-list\"><\/ul>\n<li><a href='https:\/\/dalatreview.vn\/en#khach-san-tri-nguyen-da-lat' class='heading-h1 toc-link smooth-scroll'>Kh\u00e1ch s\u1ea1n Tr\u00ed Nguy\u1ec5n &#8211; \u0110\u00e0 L\u1ea1t<\/a>\n<ul>\n<li><a href='https:\/\/dalatreview.vn\/en#1-gioi-thieu' class='heading-h2 toc-link smooth-scroll'>1. Gi\u1edbi thi\u1ec7u<\/a>\n<li><a href='https:\/\/dalatreview.vn\/en#3-gia-phong' class='heading-h2 toc-link smooth-scroll'>3. Gi\u00e1 ph\u00f2ng<\/a>\n<li><a href='https:\/\/dalatreview.vn\/en#4-tien-nghi' class='heading-h2 toc-link smooth-scroll'>4. Ti\u1ec7n nghi<\/a>\n<li><a href='https:\/\/dalatreview.vn\/en#5-decor' class='heading-h2 toc-link smooth-scroll'>5. Decor<\/a><\/ul>\n<\/ul>\n<\/li>\n<\/ul>\n<\/nav>\n<h1 style=\"text-align: center;\" id=\"khach-san-tri-nguyen-da-lat\"><span style=\"font-size: 32px; color: #003366;\"><strong>Kh\u00e1ch s\u1ea1n Tr\u00ed Nguy\u1ec5n &#8211; \u0110\u00e0 L\u1ea1t<\/strong><\/span><\/h1>\n<h2 id=\"1-gioi-thieu\"><span style=\"color: #003366;\">1. Gi\u1edbi thi\u1ec7u<\/span><\/h2>\n<p style=\"text-align: justify;\"><a href=\"https:\/\/www.facebook.com\/booking.dalatreview.vn\"><strong>Kh\u00e1ch s\u1ea1n Tr\u00ed Nguy\u1ec5n <\/strong><\/a>&#8211; t\u1ecda l\u1ea1c t\u1ea1i khu ng\u00e3 n\u0103m \u0110\u1ea1i h\u1ecdc \u0110\u00e0 L\u1ea1t, v\u1edbi decor \u0111\u01a1n gi\u1ea3n m\u00e0 sang tr\u1ecdng, Kh\u00e1ch s\u1ea1n Tr\u00ed Nguy\u1ec5n l\u00e0 \u0111i\u1ec3n h\u00ecnh cho m\u00f4 h\u00ecnh kh\u00e1ch s\u1ea1n m\u00e0 tho\u1ea3i m\u00e1i nh\u01b0 \u1edf nh\u00e0, \u0111i\u1ec3m \u0111\u1eb7c bi\u1ec7t \u1edf Kh\u00e1ch s\u1ea1n n\u00e0y l\u00e0 anh ch\u1ee7 r\u1ea5t nhi\u1ec7t t\u00ecnh v\u00e0 m\u1ebfn kh\u00e1ch. N\u1ebfu ch\u1ecdn \u0110\u00e0 L\u1ea1t- Th\u00e0nh ph\u1ed1 s\u01b0\u01a1ng m\u00f9 l\u00e0m n\u01a1i d\u1eebng ch\u00e2n cho k\u00ec ngh\u1ec9 c\u1ee7a b\u1ea1n th\u00ec h\u00e3y li\u00ean h\u1ec7 ngay Kh\u00e1ch s\u1ea1n Tr\u00ed Nguy\u1ec5n \u0111\u1ec3 \u0111\u1eb7t ph\u00f2ng v\u1edbi m\u1ee9c gi\u00e1 lu\u00f4n lu\u00f4n \u01b0u \u0111\u00e3i nh\u00e9!<\/p>\n<p><img decoding=\"async\" class=\"alignnone size-full wp-image-5121\" src=\"https:\/\/dalatreview.vn\/wp-content\/uploads\/2020\/05\/kstringuyen01.jpg\" alt=\"\" width=\"1200\" height=\"900\"><\/p>\n<p><strong style=\"color: #003366;\"><span style=\"font-size: 24px;\"><span class=\"_5mfr\"><span class=\"_6qdm\"><span class=\"_4yxp\">2 . V\u1ecb tr\u00ed<\/span><\/span><\/span><\/span><\/strong><\/p>\n<p>N\u1eb1m \u1edf s\u1ed1 31 Nguy\u1ec5n C\u00f4ng Tr\u1ee9 &#8211; Ph\u01b0\u1eddng 8 &#8211; \u0110\u00e0 L\u1ea1t &#8211; L\u00e2m \u0110\u1ed3ng, ngay c\u1ea1nh tr\u01b0\u1eddng \u0110\u1ea1i h\u1ecdc \u0110\u00e0 L\u1ea1t, v\u1edbi v\u1ecb tr\u00ed thu\u1eadn l\u1ee3i Tr\u00ed Nguy\u1ec5n g\u1ea7n ngay nh\u1eefng qu\u00e1n cafe\u00a0 v\u1edbi view ch\u1ea5t ng\u1ea5t nh\u01b0 T\u1ecfi \u0111en, Anh em,Hoang Cafe,&#8230; khu \u0103n u\u1ed1ng n\u1ed5i ti\u1ebfng nh\u01b0 B\u00f9i Th\u1ecb Xu\u00e2n, Ph\u00f9 \u0110\u1ed5ng- Thi\u00ean V\u01b0\u01a1ng,&#8230; c\u00e1ch Ch\u1ee3 \u0110\u00eam ch\u1ec9 10 ph\u00fat xe m\u00e1y, g\u1ea7n ngay c\u00e1c \u0111i\u1ec3m du l\u1ecbch nh\u01b0 \u0110\u1ea1i h\u1ecdc \u0110\u00e0 L\u1ea1t, Thung l\u0169ng t\u00ecnh y\u00eau, V\u01b0\u1eddn hoa th\u00e0nh ph\u1ed1, H\u1ed3 Xu\u00e2n H\u01b0\u01a1ng,&#8230;<\/p>\n<p><img decoding=\"async\" class=\"alignnone size-full wp-image-5123\" src=\"https:\/\/dalatreview.vn\/wp-content\/uploads\/2020\/05\/Capture.png\" alt=\"\" width=\"1318\" height=\"828\"><\/p>\n<h2 id=\"3-gia-phong\"><span style=\"font-size: 24px; color: #003366;\"><strong>3. Gi\u00e1 ph\u00f2ng<\/strong><\/span><\/h2>\n<p><strong><span class=\"_5mfr\"><span class=\"_6qdm\">\ud83c\udf42<\/span><\/span>Ph\u00f2ng \u0111\u01a1n (2 ng\u01b0\u1eddi)<\/strong><\/p>\n<p><span class=\"_4yxp\">\u2705<\/span>Ph\u00f2ng c\u00f3 ban c\u00f4ng: 350k\/\u0111\u00eam gi\u1ea3m c\u00f2n <strong>250k\/\u0111\u00eam<\/strong><\/p>\n<p><span class=\"_4yxp\">\u2705<\/span>Ph\u00f2ng kh\u00f4ng c\u00f3 ban c\u00f4ng: 300k\/\u0111\u00eam gi\u1ea3m c\u00f2n <strong>200k\/\u0111\u00eam<\/strong><\/p>\n<p><strong><span class=\"_5mfr\"><span class=\"_6qdm\">\ud83c\udf42Ph\u00f2ng \u0111\u00f4i (4 ng\u01b0\u1eddi)<\/span><\/span><\/strong><\/p>\n<p><span class=\"_4yxp\">\u2705<\/span>450k\/\u0111\u00eam gi\u1ea3m c\u00f2n <strong>350k\/\u0111\u00eam<\/strong><\/p>\n<h2 id=\"4-tien-nghi\"><span style=\"color: #003366;\">4. Ti\u1ec7n nghi<\/span><\/h2>\n<p><span class=\"_4yxp\">\u2705D\u1ecbch v\u1ee5 thu\u00ea xe m\u00e1y 90k\/xe s\u1ed1, 120k\/xe tay ga<\/span><\/p>\n<p><span class=\"_4yxp\">\u2705Ph\u00f2ng \u0111\u1ea7y \u0111\u1ee7 ti\u1ec7n nghi, view ban c\u00f4ng ng\u1eafm th\u00e0nh ph\u1ed1<\/span><\/p>\n<p><span class=\"_4yxp\">\u2705G\u1ea7n ngay c\u1ea1nh c\u00e1c qu\u00e1n \u0103n, qu\u00e1n cafe, ti\u1ec7m gi\u1eb7t \u1ee7i<\/span><\/p>\n<p><img decoding=\"async\" class=\"wp-image-5129 size-full aligncenter\" src=\"https:\/\/dalatreview.vn\/wp-content\/uploads\/2020\/05\/96234951_291097698587570_8760008111441313792_n.jpg\" alt=\"\" width=\"960\" height=\"638\"><\/p>\n<h2 id=\"5-decor\"><span style=\"color: #003366; font-size: 24px;\"><strong>5. Decor<\/strong><\/span><\/h2>\n<p>Decor \u0111\u01a1n gi\u1ea3n, kh\u00f4ng gian \u1ea5m c\u00fang, \u0111\u1ea7y \u0111\u1ee7 ti\u1ec7n nghi.<\/p>\n<p><img decoding=\"async\" class=\"alignnone size-full wp-image-5124\" src=\"https:\/\/dalatreview.vn\/wp-content\/uploads\/2020\/05\/kstringuyen-1.jpg\" alt=\"\" width=\"1200\" height=\"900\"><\/p>\n<p><span style=\"color: #003366; font-size: 24px;\"><strong>6. Li\u00ean h\u1ec7<\/strong><\/span><\/p>\n<div class=\"_2cuy _3dgx _2vxa\"><strong><em>\u0110\u1ecba ch\u1ec9: s\u1ed1 31 Nguy\u1ec5n C\u00f4ng Tr\u1ee9 &#8211; Ph\u01b0\u1eddng 8 &#8211; \u0110\u00e0 L\u1ea1t &#8211; L\u00e2m \u0110\u1ed3ng<\/em><\/strong><br \/>\n<strong><em>Fanpage: <a href=\"https:\/\/www.facebook.com\/booking.dalatreview.vn\">Tr\u00ed Nguy\u1ec5n Tr\u00ed Nguy\u1ec5n &#8211; Kh\u00e1ch S\u1ea1n \u0110\u00e0 L\u1ea1t Gi\u00e1 R\u1ebb<\/a><\/em><\/strong><\/div>\n<div><strong><em>Map: <a href=\"https:\/\/her.is\/3dCNNvw\" target=\"_blank\" rel=\"noopener\">Google map<\/a><\/em><\/strong><\/div>\n<div><strong><em>Hotline: 0988 249 297<\/em><\/strong><\/div>\n<p>&nbsp;<\/p>","protected":false},"excerpt":{"rendered":"<p>Danh m\u1ee5c ch\u00ednh Kh\u00e1ch s\u1ea1n Tr\u00ed Nguy\u1ec5n &#8211; \u0110\u00e0 L\u1ea1t 1. Gi\u1edbi thi\u1ec7u 3. Gi\u00e1 ph\u00f2ng 4. Ti\u1ec7n nghi 5. Decor Kh\u00e1ch s\u1ea1n Tr\u00ed Nguy\u1ec5n &#8211; \u0110\u00e0 L\u1ea1t 1. Gi\u1edbi thi\u1ec7u Kh\u00e1ch s\u1ea1n Tr\u00ed Nguy\u1ec5n &#8211; t\u1ecda l\u1ea1c t\u1ea1i khu ng\u00e3 n\u0103m \u0110\u1ea1i h\u1ecdc \u0110\u00e0 L\u1ea1t, v\u1edbi decor \u0111\u01a1n gi\u1ea3n m\u00e0 sang tr\u1ecdng, Kh\u00e1ch s\u1ea1n [&hellip;]<\/p>","protected":false},"featured_media":5125,"comment_status":"open","ping_status":"closed","template":"","meta":{"_acf_changed":false,"rank_math_lock_modified_date":false},"product_cat":[29,46],"product_tag":[],"acf":[],"_links":{"self":[{"href":"https:\/\/dalatreview.vn\/en\/wp-json\/wp\/v2\/product\/5120"}],"collection":[{"href":"https:\/\/dalatreview.vn\/en\/wp-json\/wp\/v2\/product"}],"about":[{"href":"https:\/\/dalatreview.vn\/en\/wp-json\/wp\/v2\/types\/product"}],"replies":[{"embeddable":true,"href":"https:\/\/dalatreview.vn\/en\/wp-json\/wp\/v2\/comments?post=5120"}],"wp:featuredmedia":[{"embeddable":true,"href":"https:\/\/dalatreview.vn\/en\/wp-json\/wp\/v2\/media\/5125"}],"wp:attachment":[{"href":"https:\/\/dalatreview.vn\/en\/wp-json\/wp\/v2\/media?parent=5120"}],"wp:term":[{"taxonomy":"product_cat","embeddable":true,"href":"https:\/\/dalatreview.vn\/en\/wp-json\/wp\/v2\/product_cat?post=5120"},{"taxonomy":"product_tag","embeddable":true,"href":"https:\/\/dalatreview.vn\/en\/wp-json\/wp\/v2\/product_tag?post=5120"}],"curies":[{"name":"wp","href":"https:\/\/api.w.org\/{rel}","templated":true}]}}