
{"id":5008,"date":"2020-05-05T10:49:59","date_gmt":"2020-05-05T03:49:59","guid":{"rendered":"https:\/\/dalatreview.vn\/?p=5008"},"modified":"2024-05-25T08:33:09","modified_gmt":"2024-05-25T08:33:09","slug":"photo-tour-dong-ngo","status":"publish","type":"product","link":"https:\/\/dalatreview.vn\/en\/photo-tour-dong-ngo.html","title":{"rendered":"Photo Tour \u0110\u1ed3ng Ng\u00f4"},"content":{"rendered":"<nav class=\"vietrick-auto-toc\">\n<div class=\"box-title\">\n<h3 class=\"toc-title\" id=\"select-menu\">Danh m\u1ee5c ch\u00ednh<\/h3>\n<div><ion-icon name=\"chevron-up-outline\"><\/ion-icon><\/div>\n<\/div>\n<ul class=\"toc-list\"><\/ul>\n<li><a href='https:\/\/dalatreview.vn\/en#photo-tour-dong-ngo-pap-photo' class='heading-h1 toc-link smooth-scroll'>Photo Tour &#8211; \u0110\u1ed3ng Ng\u00f4 (p\u1eafp photo)<\/a>\n<ul>\n<li><a href='https:\/\/dalatreview.vn\/en#1-gioi-thieu' class='heading-h2 toc-link smooth-scroll'>1. Gi\u1edbi thi\u1ec7u<\/a>\n<li><a href='https:\/\/dalatreview.vn\/en#3-dich-vu' class='heading-h2 toc-link smooth-scroll'>3. D\u1ecbch v\u1ee5<\/a>\n<li><a href='https:\/\/dalatreview.vn\/en#4-gia-ca' class='heading-h2 toc-link smooth-scroll'>4 . Gi\u00e1 c\u1ea3.<\/a>\n<li><a href='https:\/\/dalatreview.vn\/en#5-lien-he' class='heading-h2 toc-link smooth-scroll'>5 . Li\u00ean h\u1ec7<\/a><\/ul>\n<\/ul>\n<\/li>\n<\/ul>\n<\/nav>\n<h1 style=\"text-align: center;\" id=\"photo-tour-dong-ngo-pap-photo\"><span style=\"color: #003366; font-family: arial, helvetica, sans-serif;\"><strong>Photo Tour &#8211; \u0110\u1ed3ng Ng\u00f4 (p\u1eafp photo)<\/strong><\/span><\/h1>\n<h2 style=\"text-align: left;\" id=\"1-gioi-thieu\"><span style=\"font-size: 24px; color: #003366; font-family: arial, helvetica, sans-serif;\">1. Gi\u1edbi thi\u1ec7u<\/span><\/h2>\n<p style=\"text-align: justify;\">Ch\u00e0o c\u00e1c b\u1ea1n, m\u00ecnh l\u00e0 \u0110\u1ed3ng Ng\u00f4 (p\u1eafp photo),m\u1ed9t ch\u00e0ng trai \u0111\u1ebfn t\u1eeb m\u1ea3nh \u0111\u1ea5t \u0111\u1ea7y n\u1eafng v\u00e0 c\u00e1t Nha Trang v\u00ec \u0111am m\u00ea c\u00e1i m\u1ed9ng m\u01a1 c\u1ee7a th\u00e0nh ph\u1ed1 ng\u00e0n hoa_ \u0110\u00e0 L\u1ea1t m\u00e0 m\u00ecnh \u0111\u00e3 chuy\u1ec3n l\u00ean n\u01a1i \u0111\u00e2y s\u1ed1ng v\u1edbi \u0111am m\u00ea ch\u1ee5p \u1ea3nh c\u0169ng \u0111\u00e3 h\u01a1n 4 n\u0103m r\u1ed3i, ngo\u00e0i ch\u1ee5p l\u1ea1i nh\u1eefng kho\u1ea3ng kh\u1eafc \u0111\u1eb9p, P\u1eafp c\u00f2n \u0111am m\u00ea quay video clip n\u1eefa. N\u1ebfu l\u1ef1a ch\u1ecdn \u0110\u00e0 L\u1ea1t l\u00e0m n\u01a1i d\u1eebng ch\u00e2n cho chuy\u1ebfn h\u00e0nh tr\u00ecnh c\u1ee7a b\u1ea1n th\u00ec \u0111\u1eebng qu\u00ean l\u1ef1a ch\u1ecdn cho m\u00ecnh m\u1ed9t photo tour ph\u00f9 h\u1ee3p \u0111\u1ec3 l\u01b0u l\u1ea1i nh\u1eefng kho\u1ea3ng kh\u1eafc tuy\u1ec7t v\u1eddi c\u00f9ng v\u1edbi gia \u0111\u00ecnh, b\u1ea1n b\u00e8 c\u1ee7a m\u00ecnh nh\u00e9! \u0110\u1ebfn v\u1edbi Photo tour c\u1ee7a P\u1eafp b\u1ea1n s\u1ebd \u0111\u01b0\u1ee3c c\u1ea3m nh\u1eadn m\u1ed9t \u0110\u00e0 L\u1ea1t m\u1ed9ng m\u01a1, m\u1ed9t \u0110\u00e0 L\u1ea1t \u0111\u1ea7y nh\u1eefng kho\u1ea3ng kh\u1eafc \u0111\u1eb9p v\u00e0 th\u00fa v\u1ecb, h\u01a1n th\u1ebf n\u1eefa b\u1ea1n s\u1ebd \u0111\u01b0\u1ee3c t\u00e0i tr\u1ee3 m\u1ed9t album h\u00ecnh \u1ea3nh, video c\u1ef1c ch\u1ea5t nh\u00e9\u2764\ufe0f<\/p>\n<p><img decoding=\"async\" class=\"alignnone size-full wp-image-5109\" src=\"https:\/\/dalatreview.vn\/wp-content\/uploads\/2020\/05\/papphoto-6.jpg\" alt=\"\" width=\"1200\" height=\"900\"><\/p>\n<p>&nbsp;<\/p>\n<p style=\"text-align: justify;\"><strong style=\"color: #003366; font-family: arial, helvetica, sans-serif;\"><span style=\"font-size: 24px;\"><span class=\"_5mfr\"><span class=\"_6qdm\"><span class=\"_4yxp\">2 . \u0110i\u1ea1 \u0111i\u1ec3m<\/span><\/span><\/span><\/span><\/strong><\/p>\n<p>S\u1eed d\u1ee5ng Photo tour b\u1ea1n c\u00f3 th\u1ec3 ch\u1ecdn cho m\u00ecnh nh\u1eefng \u0111i\u1ec3m \u0111\u1ebfn y\u00eau th\u00edch nh\u1ea5t. D\u01b0\u1edbi \u0111\u00e2y l\u00e0 nh\u1eefng \u0111\u1ecba \u0111i\u1ec3m m\u00e0 Photo tour gi\u1edbi thi\u1ec7u cho b\u1ea1n. M\u1ed9t bu\u1ed5i b\u1ea1n s\u1ebd \u0111\u01b0\u1ee3c kh\u00e1m ph\u00e1 2 \u0111\u1ecba \u0111i\u1ec3m v\u00e0 ch\u1ee5p h\u00ecnh t\u1ea1i \u0111\u00e2y. Vui l\u00f2ng ch\u1ecdn cho m\u00ecnh 2 \u0111i\u1ec3m \u01b0ng \u00fd nh\u1ea5t cho chuy\u1ebfn \u0111i nh\u00e9!<\/p>\n<p><strong>Tuy\u1ebfn \u0110\u1ed3i Ch\u00e8<\/strong><\/p>\n<p><span class=\"_5mfr\"><span class=\"_6qdm\">\u2705<\/span><\/span>C\u1ea7u g\u1ed7 s\u0103n m\u00e2y<\/p>\n<p><span class=\"_5mfr\"><span class=\"_6qdm\">\u2705<\/span><\/span>M\u1ed9c tr\u00e0 farm cafe<\/p>\n<p><span class=\"_5mfr\"><span class=\"_6qdm\">\u2705S\u00e0n g\u1ed7 s\u0103n m\u00e2y \u0111\u1ea1i ng\u00e0n<\/span><\/span><\/p>\n<p><img decoding=\"async\" class=\"alignnone size-full wp-image-5110\" src=\"https:\/\/dalatreview.vn\/wp-content\/uploads\/2020\/05\/papphoto11.jpg\" alt=\"\" width=\"1200\" height=\"900\"><\/p>\n<p><span class=\"_5mfr\"><span class=\"_6qdm\">\u2705<\/span><\/span>C\u00e2y c\u00f4 \u0111\u01a1n m\u1eadp + \u1ed1m \u1edf s\u00e2u<\/p>\n<p><span class=\"_5mfr\"><span class=\"_6qdm\">\u2705<\/span><\/span>Ixora<\/p>\n<p><span class=\"_5mfr\"><span class=\"_6qdm\">\u2705<\/span><\/span>L\u1ea1c ti\u00ean gi\u1edbi<\/p>\n<p><img decoding=\"async\" class=\"alignnone size-full wp-image-5112\" src=\"https:\/\/dalatreview.vn\/wp-content\/uploads\/2020\/05\/papphoto11-2.jpg\" alt=\"\" width=\"1200\" height=\"900\"><\/p>\n<p><strong>Tuy\u1ebfn Su\u1ed1i V\u00e0ng<\/strong><\/p>\n<p><span class=\"_5mfr\"><span class=\"_6qdm\">\u2705<\/span><\/span>\u0110\u1ed3i tr\u1ecdc<\/p>\n<p><span class=\"_5mfr\"><span class=\"_6qdm\">\u2705<\/span><\/span>Tuy\u1ec7t t\u00ecnh c\u1ed1c 2<\/p>\n<p><span class=\"_5mfr\"><span class=\"_6qdm\">\u2705<\/span><\/span>C\u00e2y c\u00f4 \u0111\u01a1n su\u1ed1i v\u00e0ng<\/p>\n<p><img decoding=\"async\" class=\"alignnone size-full wp-image-5113\" src=\"https:\/\/dalatreview.vn\/wp-content\/uploads\/2020\/05\/papphoto11-3.jpg\" alt=\"\" width=\"1200\" height=\"900\"><\/p>\n<p><strong>Tuy\u1ebfn H\u1ed3 Tuy\u1ec1n L\u00e2m<\/strong><\/p>\n<p><span class=\"_5mfr\"><span class=\"_6qdm\">\u2705<\/span><\/span>Secret Garden<br \/>\n<span class=\"_5mfr\"><span class=\"_6qdm\">\u2705Khu du l\u1ecbch<\/span><\/span>\u00a0lavender<br \/>\n<span class=\"_5mfr\"><span class=\"_6qdm\">\u2705<\/span><\/span>N\u0103m c\u0103n bi\u1ec7t th\u1ef1 b\u1ecf hoang<br \/>\n<span class=\"_5mfr\"><span class=\"_6qdm\">\u2705<\/span><\/span>\u0110\u1ed3i th\u1eadp gi\u00e1<\/p>\n<p><img decoding=\"async\" class=\"alignnone size-full wp-image-5115\" src=\"https:\/\/dalatreview.vn\/wp-content\/uploads\/2020\/05\/collage.jpg\" alt=\"\" width=\"1200\" height=\"900\"><\/p>\n<p><strong>C\u00e1c \u0110\u1ecba \u0110i\u1ec3m Kh\u00e1c<\/strong><\/p>\n<p><span class=\"_5mfr\"><span class=\"_6qdm\">\u2705<\/span><\/span>Ngo\u00e0i nh\u1eefng \u0111\u1ecba \u0111i\u1ec3m \u0111\u1ecbnh s\u1eb5n b\u1ea1n c\u00f3 th\u1ec3 ch\u1ecdn cho m\u00ecnh nh\u1eefng \u0111\u1ecba \u0111i\u1ec3m y\u00eau th\u00edch ph\u00f9 h\u1ee3p v\u1edbi chuy\u1ebfn \u0111i nh\u00e9\u2764\ufe0f<\/p>\n<p><img decoding=\"async\" class=\"alignnone size-full wp-image-5116\" src=\"https:\/\/dalatreview.vn\/wp-content\/uploads\/2020\/05\/10-2.jpg\" alt=\"\" width=\"1706\" height=\"2560\"><\/p>\n<p>&nbsp;<\/p>\n<h2 id=\"3-dich-vu\"><span style=\"font-family: arial, helvetica, sans-serif;\"><strong style=\"color: #003366; font-size: 24px;\">3. D\u1ecbch v\u1ee5<\/strong><\/span><\/h2>\n<p>\u2705\u0110\u1ebfn v\u1edbi Photo tour \u2013 \u0110\u1ed3ng Ng\u00f4 (P\u1eafp photo) b\u1ea1n v\u1eeba \u0111\u01b0\u1ee3c ch\u01a1i v\u1eeba ch\u1ee5p h\u00ecnh th\u1ecfa th\u00edch.<\/p>\n<p>\u2705B\u1ea1n \u0111\u01b0\u1ee3c kh\u00e1m ph\u00e1 nh\u1eefng \u0111\u1ecba \u0111i\u1ec3m m\u1edbi \u0111\u1ed9c l\u1ea1, hoang s\u01a1, thi\u00ean v\u1ec1 t\u1ef1 nhi\u00ean phong c\u1ea3nh \u0110\u00e0 L\u1ea1t.<\/p>\n<p>\u2705Sau chuy\u1ebfn \u0111i b\u1ea1n \u0111\u01b0\u1ee3c t\u1eb7ng m\u1ed9t b\u1ed9 \u1ea3nh bao g\u1ed3m: T\u1ea5t c\u1ea3 \u1ea3nh g\u1ed1c v\u00e0 20 t\u1ea5m ch\u1ec9nh s\u1eeda blend m\u00e0u (th\u01b0\u1eddng \u0111\u01b0\u1ee3c bonus nhi\u1ec1u h\u01a1n 20 t\u1ea5m).<\/p>\n<h2 style=\"text-align: justify;\" id=\"4-gia-ca\"><span style=\"font-size: 24px; color: #003366; font-family: arial, helvetica, sans-serif;\"><strong>4 . Gi\u00e1 c\u1ea3.<\/strong><\/span><\/h2>\n<p>\u2705Gi\u00e1 ch\u1ee5p 1.180.000\/ 1bu\u1ed5i<br \/>\n\u2705S\u1ed1 ng\u01b0\u1eddi : 2 (em b\u00e9 \u0111\u01b0\u1ee3c t\u00ednh free)<br \/>\nGi\u00e1 tr\u00ean ch\u01b0a bao g\u1ed3m v\u00e9 v\u00f4 c\u00e1c khu du l\u1ecbch (n\u1ebfu c\u00f3). Kh\u00f4ng bao g\u1ed3m makeup trang ph\u1ee5c.<\/p>\n<h2 style=\"text-align: justify;\" id=\"5-lien-he\"><span style=\"font-size: 24px; color: #003366; font-family: arial, helvetica, sans-serif;\"><strong>5 . Li\u00ean h\u1ec7<\/strong><\/span><\/h2>\n<p style=\"text-align: left;\"><span style=\"font-size: 16px; font-family: arial, helvetica, sans-serif;\"><span style=\"font-family: arial, helvetica, sans-serif;\">\u2705<\/span>S\u1ed1 \u0111i\u1ec7n tho\u1ea1i : 0392866471<\/span><\/p>\n<p><span style=\"font-size: 16px; font-family: arial, helvetica, sans-serif;\"><span style=\"font-family: arial, helvetica, sans-serif;\">\u2705<\/span>Facebook: <a title=\"\u0110\u1ed3ng Ng\u00f4\" href=\"https:\/\/www.facebook.com\/profile.php?id=100024781593634\" target=\"_blank\" rel=\"noopener\">\u0110\u1ed3ng Ng\u00f4<\/a><\/span><\/p>","protected":false},"excerpt":{"rendered":"<p>Danh m\u1ee5c ch\u00ednh Photo Tour &#8211; \u0110\u1ed3ng Ng\u00f4 (p\u1eafp photo) 1. Gi\u1edbi thi\u1ec7u 3. D\u1ecbch v\u1ee5 4 . Gi\u00e1 c\u1ea3. 5 . Li\u00ean h\u1ec7 Photo Tour &#8211; \u0110\u1ed3ng Ng\u00f4 (p\u1eafp photo) 1. Gi\u1edbi thi\u1ec7u Ch\u00e0o c\u00e1c b\u1ea1n, m\u00ecnh l\u00e0 \u0110\u1ed3ng Ng\u00f4 (p\u1eafp photo),m\u1ed9t ch\u00e0ng trai \u0111\u1ebfn t\u1eeb m\u1ea3nh \u0111\u1ea5t \u0111\u1ea7y n\u1eafng v\u00e0 c\u00e1t Nha Trang [&hellip;]<\/p>","protected":false},"featured_media":5009,"comment_status":"open","ping_status":"closed","template":"","meta":{"_acf_changed":false,"rank_math_lock_modified_date":false},"product_cat":[26,1369],"product_tag":[],"acf":[],"_links":{"self":[{"href":"https:\/\/dalatreview.vn\/en\/wp-json\/wp\/v2\/product\/5008"}],"collection":[{"href":"https:\/\/dalatreview.vn\/en\/wp-json\/wp\/v2\/product"}],"about":[{"href":"https:\/\/dalatreview.vn\/en\/wp-json\/wp\/v2\/types\/product"}],"replies":[{"embeddable":true,"href":"https:\/\/dalatreview.vn\/en\/wp-json\/wp\/v2\/comments?post=5008"}],"wp:featuredmedia":[{"embeddable":true,"href":"https:\/\/dalatreview.vn\/en\/wp-json\/wp\/v2\/media\/5009"}],"wp:attachment":[{"href":"https:\/\/dalatreview.vn\/en\/wp-json\/wp\/v2\/media?parent=5008"}],"wp:term":[{"taxonomy":"product_cat","embeddable":true,"href":"https:\/\/dalatreview.vn\/en\/wp-json\/wp\/v2\/product_cat?post=5008"},{"taxonomy":"product_tag","embeddable":true,"href":"https:\/\/dalatreview.vn\/en\/wp-json\/wp\/v2\/product_tag?post=5008"}],"curies":[{"name":"wp","href":"https:\/\/api.w.org\/{rel}","templated":true}]}}