
{"id":49014,"date":"2025-11-13T08:45:57","date_gmt":"2025-11-13T01:45:57","guid":{"rendered":"https:\/\/dalatreview.vn\/?post_type=product&#038;p=49014"},"modified":"2026-05-06T09:21:28","modified_gmt":"2026-05-06T02:21:28","slug":"%f0%9d%90%8b%f0%9d%90%88%cc%a3%f0%9d%90%82%f0%9d%90%87-%f0%9d%90%83%f0%9d%90%88%f0%9d%90%84%cc%82%cc%83%f0%9d%90%8d-%f0%9d%90%93%f0%9d%90%80%cc%a3%f0%9d%90%88-%f0%9d%90%8c%f0%9d%90%80%cc%82-2","status":"publish","type":"product","link":"https:\/\/dalatreview.vn\/en\/%f0%9d%90%8b%f0%9d%90%88%cc%a3%f0%9d%90%82%f0%9d%90%87-%f0%9d%90%83%f0%9d%90%88%f0%9d%90%84%cc%82%cc%83%f0%9d%90%8d-%f0%9d%90%93%f0%9d%90%80%cc%a3%f0%9d%90%88-%f0%9d%90%8c%f0%9d%90%80%cc%82-2.html","title":{"rendered":"\ud835\udc0b\ud835\udc08\u0323\ud835\udc02\ud835\udc07 \ud835\udc03\ud835\udc08\ud835\udc04\u0302\u0303\ud835\udc0d \ud835\udc13\ud835\udc00\u0323\ud835\udc08 \ud835\udc0c\ud835\udc00\u0302\ud835\udc18 \u0110\ud835\udc00\u0300 \ud835\udc0b\ud835\udc00\u0323\ud835\udc13 \ud835\udc13\ud835\udc07\ud835\udc00\u0301\ud835\udc0d\ud835\udc06 \ud835\udfcf\ud835\udfcf &#8211; \ud835\udfcf\ud835\udfd0\/\ud835\udfd0\ud835\udfce\ud835\udfd0\ud835\udfd3"},"content":{"rendered":"<div class=\"xdj266r x14z9mp xat24cr x1lziwak x1vvkbs x126k92a\">\n<nav class=\"vietrick-auto-toc\">\n<div class=\"box-title\">\n<h3 class=\"toc-title\" id=\"select-menu\">Danh m\u1ee5c ch\u00ednh<\/h3>\n<div><ion-icon name=\"chevron-up-outline\"><\/ion-icon><\/div>\n<\/div>\n<ul class=\"toc-list\"><\/ul>\n<li><a href='https:\/\/dalatreview.vn\/en#%f0%9d%90%8b%f0%9d%90%88%cc%a3%f0%9d%90%82%f0%9d%90%87-%f0%9d%90%83%f0%9d%90%88%f0%9d%90%84%cc%82%cc%83%f0%9d%90%8d-%f0%9d%90%93%f0%9d%90%80%cc%a3%f0%9d%90%88-%f0%9d%90%8c%f0%9d%90%80%cc%82' class='heading-h1 toc-link smooth-scroll'>\ud835\udc0b\ud835\udc08\u0323\ud835\udc02\ud835\udc07 \ud835\udc03\ud835\udc08\ud835\udc04\u0302\u0303\ud835\udc0d \ud835\udc13\ud835\udc00\u0323\ud835\udc08 \ud835\udc0c\ud835\udc00\u0302\ud835\udc18 \u0110\ud835\udc00\u0300 \ud835\udc0b\ud835\udc00\u0323\ud835\udc13 \ud835\udc13\ud835\udc07\ud835\udc00\u0301\ud835\udc0d\ud835\udc06 \ud835\udfcf\ud835\udfcf &#8211; \ud835\udfcf\ud835\udfd0\/\ud835\udfd0\ud835\udfce\ud835\udfd0\ud835\udfd3<\/a>\n<ul>\n<li><a href='https:\/\/dalatreview.vn\/en#lich-dien-chi-tiet' class='heading-h3 toc-link smooth-scroll'>L\u1ecbch di\u1ec5n chi ti\u1ebft:<\/a><\/ul>\n<\/ul>\n<\/ul>\n<\/li>\n<\/ul>\n<\/nav>\n<h1 dir=\"auto\" id=\"%f0%9d%90%8b%f0%9d%90%88%cc%a3%f0%9d%90%82%f0%9d%90%87-%f0%9d%90%83%f0%9d%90%88%f0%9d%90%84%cc%82%cc%83%f0%9d%90%8d-%f0%9d%90%93%f0%9d%90%80%cc%a3%f0%9d%90%88-%f0%9d%90%8c%f0%9d%90%80%cc%82\">\ud835\udc0b\ud835\udc08\u0323\ud835\udc02\ud835\udc07 \ud835\udc03\ud835\udc08\ud835\udc04\u0302\u0303\ud835\udc0d \ud835\udc13\ud835\udc00\u0323\ud835\udc08 \ud835\udc0c\ud835\udc00\u0302\ud835\udc18 \u0110\ud835\udc00\u0300 \ud835\udc0b\ud835\udc00\u0323\ud835\udc13 \ud835\udc13\ud835\udc07\ud835\udc00\u0301\ud835\udc0d\ud835\udc06 \ud835\udfcf\ud835\udfcf &#8211; \ud835\udfcf\ud835\udfd0\/\ud835\udfd0\ud835\udfce\ud835\udfd0\ud835\udfd3<\/h1>\n<p>&nbsp;<\/p>\n<\/div>\n<div class=\"x14z9mp xat24cr x1lziwak x1vvkbs xtlvy1s x126k92a\">\n<div dir=\"auto\"><span class=\"html-span xexx8yu xyri2b x18d9i69 x1c1uobl x1hl2dhg x16tdsg8 x1vvkbs x3nfvp2 x1j61x8r x1fcty0u xdj266r xat24cr xm2jcoa x1mpyi22 xxymvpz xlup9mm x1kky2od\"><img decoding=\"async\" class=\"xz74otr x15mokao x1ga7v0g x16uus16 xbiv7yw\" src=\"https:\/\/static.xx.fbcdn.net\/images\/emoji.php\/v9\/t4d\/1\/16\/1f324.png\" alt=\"\ud83c\udf24\ufe0f\" width=\"16\" height=\"16\" \/><\/span> M\u00e2y Lang Thang \u0110\u00e0 L\u1ea1t &#8211; N\u01a1i thi\u00ean nhi\u00ean v\u00e0 \u00e2m nh\u1ea1c h\u00f2a quy\u1ec7n <span class=\"html-span xexx8yu xyri2b x18d9i69 x1c1uobl x1hl2dhg x16tdsg8 x1vvkbs x3nfvp2 x1j61x8r x1fcty0u xdj266r xat24cr xm2jcoa x1mpyi22 xxymvpz xlup9mm x1kky2od\"><img decoding=\"async\" class=\"xz74otr x15mokao x1ga7v0g x16uus16 xbiv7yw\" src=\"https:\/\/static.xx.fbcdn.net\/images\/emoji.php\/v9\/tea\/1\/16\/1f332.png\" alt=\"\ud83c\udf32\" width=\"16\" height=\"16\" \/><\/span><\/div>\n<div dir=\"auto\">H\u00f2a m\u00ecnh c\u00f9ng thi\u00ean nhi\u00ean, M\u00e2y Lang Thang mang \u0111\u1ebfn kh\u00f4ng gian \u00e2m nh\u1ea1c gi\u1eefa n\u00fai \u0111\u1ed3i th\u01a1 m\u1ed9ng. H\u00e3y \u0111\u1ec3 nh\u1eefng giai \u0111i\u1ec7u bay b\u1ed5ng c\u00f9ng kh\u00f4ng kh\u00ed se l\u1ea1nh v\u00e0 ho\u00e0ng h\u00f4n \u0111an xen, t\u1ea1o n\u00ean nh\u1eefng tr\u1ea3i nghi\u1ec7m \u0111\u00e1ng nh\u1edb.<span class=\"html-span xexx8yu xyri2b x18d9i69 x1c1uobl x1hl2dhg x16tdsg8 x1vvkbs x3nfvp2 x1j61x8r x1fcty0u xdj266r xat24cr xm2jcoa x1mpyi22 xxymvpz xlup9mm x1kky2od\"><img decoding=\"async\" class=\"xz74otr x15mokao x1ga7v0g x16uus16 xbiv7yw\" src=\"https:\/\/static.xx.fbcdn.net\/images\/emoji.php\/v9\/tf4\/1\/16\/2728.png\" alt=\"\u2728\" width=\"16\" height=\"16\" \/><\/span><\/div>\n<div dir=\"auto\"><span class=\"html-span xexx8yu xyri2b x18d9i69 x1c1uobl x1hl2dhg x16tdsg8 x1vvkbs x3nfvp2 x1j61x8r x1fcty0u xdj266r xat24cr xm2jcoa x1mpyi22 xxymvpz xlup9mm x1kky2od\"><img decoding=\"async\" class=\"xz74otr x15mokao x1ga7v0g x16uus16 xbiv7yw\" src=\"https:\/\/static.xx.fbcdn.net\/images\/emoji.php\/v9\/tf4\/1\/16\/2728.png\" alt=\"\u2728\" width=\"16\" height=\"16\" \/><\/span> \u0110\u1eb7t l\u1ecbch ngay \u0111\u1ec3 t\u1eadn h\u01b0\u1edfng nh\u1eefng show ca nh\u1ea1c ch\u1ea5t l\u01b0\u1ee3ng, c\u00f9ng l\u01b0u gi\u1eef nh\u1eefng k\u1ec9 ni\u1ec7m \u0111\u1eb9p v\u1edbi gia \u0111\u00ecnh v\u00e0 b\u1ea1n b\u00e8 nh\u00e9!<\/div>\n<\/div>\n<div class=\"x14z9mp xat24cr x1lziwak x1vvkbs xtlvy1s x126k92a\">\n<div dir=\"auto\">\n<p class=\"ng-star-inserted\"><strong class=\"ng-star-inserted\"><span class=\"ng-star-inserted\">Showtime chung:<\/span><\/strong><span class=\"ng-star-inserted\">\u00a017:00<\/span><\/p>\n<p class=\"ng-star-inserted\"><strong class=\"ng-star-inserted\"><span class=\"ng-star-inserted\">\u0110\u1ecba \u0111i\u1ec3m:<\/span><\/strong><\/p>\n<ul class=\"ng-star-inserted\">\n<li class=\"ng-star-inserted\">\n<p class=\"ng-star-inserted\"><span class=\"ng-star-inserted\">\u25b2\u00a0<\/span><strong class=\"ng-star-inserted\"><span class=\"ng-star-inserted\">M\u00e2y In The Nest:<\/span><\/strong><span class=\"ng-star-inserted\">\u00a0519 Th\u00f4n M\u0103ng Lin, Ph\u01b0\u1eddng Langbiang<\/span><\/p>\n<\/li>\n<li class=\"ng-star-inserted\">\n<p class=\"ng-star-inserted\"><span class=\"ng-star-inserted\">\u25cf\u00a0<\/span><strong class=\"ng-star-inserted\"><span class=\"ng-star-inserted\">Thung L\u0169ng M\u00e2y:<\/span><\/strong><span class=\"ng-star-inserted\">\u00a0S\u1ed1 4 Tr\u1ea7n Quang Di\u1ec7u, Ph\u01b0\u1eddng Xu\u00e2n H\u01b0\u01a1ng<\/span><\/p>\n<\/li>\n<\/ul>\n<hr class=\"ng-star-inserted\" \/>\n<h3 class=\"ng-star-inserted\" id=\"lich-dien-chi-tiet\"><strong class=\"ng-star-inserted\"><span class=\"ng-star-inserted\">L\u1ecbch di\u1ec5n chi ti\u1ebft:<\/span><\/strong><\/h3>\n<p class=\"ng-star-inserted\"><strong class=\"ng-star-inserted\"><span class=\"ng-star-inserted\">Th\u00e1ng 11:<\/span><\/strong><\/p>\n<ul class=\"ng-star-inserted\">\n<li class=\"ng-star-inserted\">\n<p class=\"ng-star-inserted\"><strong class=\"ng-star-inserted\"><span class=\"ng-star-inserted\">14.11:<\/span><\/strong><\/p>\n<ul class=\"ng-star-inserted\">\n<li class=\"ng-star-inserted\">\n<p class=\"ng-star-inserted\"><span class=\"ng-star-inserted\">\u25b2 T\u0103ng Ph\u00fac<\/span><\/p>\n<\/li>\n<li class=\"ng-star-inserted\">\n<p class=\"ng-star-inserted\"><span class=\"ng-star-inserted\">\u25cf Nguy\u1ec5n Ki\u1ec1u Oanh, Chu Thu\u00fd Qu\u1ef3nh<\/span><\/p>\n<\/li>\n<\/ul>\n<\/li>\n<li class=\"ng-star-inserted\">\n<p class=\"ng-star-inserted\"><strong class=\"ng-star-inserted\"><span class=\"ng-star-inserted\">15.11:<\/span><\/strong><span class=\"ng-star-inserted\">\u00a0\u25b2 H\u00e0 Nhi<\/span><\/p>\n<\/li>\n<li class=\"ng-star-inserted\">\n<p class=\"ng-star-inserted\"><strong class=\"ng-star-inserted\"><span class=\"ng-star-inserted\">22.11:<\/span><\/strong><span class=\"ng-star-inserted\">\u00a0\u25b2 B\u00f9i Anh Tu\u1ea5n<\/span><\/p>\n<\/li>\n<li class=\"ng-star-inserted\">\n<p class=\"ng-star-inserted\"><strong class=\"ng-star-inserted\"><span class=\"ng-star-inserted\">28.11:<\/span><\/strong><span class=\"ng-star-inserted\">\u00a0\u25cf L\u00ea Hi\u1ebfu, Nguy\u1ec5n \u0110\u00ecnh Tu\u1ea5n D\u0169ng<\/span><\/p>\n<\/li>\n<li class=\"ng-star-inserted\">\n<p class=\"ng-star-inserted\"><strong class=\"ng-star-inserted\"><span class=\"ng-star-inserted\">29.11:<\/span><\/strong><span class=\"ng-star-inserted\">\u00a0\u25b2 V\u0169 C\u00e1t T\u01b0\u1eddng<\/span><\/p>\n<\/li>\n<\/ul>\n<p class=\"ng-star-inserted\"><strong class=\"ng-star-inserted\"><span class=\"ng-star-inserted\">Th\u00e1ng 12:<\/span><\/strong><\/p>\n<ul class=\"ng-star-inserted\">\n<li class=\"ng-star-inserted\">\n<p class=\"ng-star-inserted\"><strong class=\"ng-star-inserted\"><span class=\"ng-star-inserted\">06.12:<\/span><\/strong><span class=\"ng-star-inserted\">\u00a0\u25b2 Thu\u1ef3 Dung<\/span><\/p>\n<\/li>\n<li class=\"ng-star-inserted\">\n<p class=\"ng-star-inserted\"><strong class=\"ng-star-inserted\"><span class=\"ng-star-inserted\">13.12:<\/span><\/strong><span class=\"ng-star-inserted\">\u00a0\u25b2 Trung Qu\u00e2n<\/span><\/p>\n<\/li>\n<li class=\"ng-star-inserted\">\n<p class=\"ng-star-inserted\"><strong class=\"ng-star-inserted\"><span class=\"ng-star-inserted\">20.12:<\/span><\/strong><span class=\"ng-star-inserted\">\u00a0\u25b2 \u0110\u00e0m V\u0129nh H\u01b0ng (Kh\u00e1ch m\u1eddi: Jack Long, Cindy Th\u00e1i T\u00e0i)<\/span><\/p>\n<\/li>\n<li class=\"ng-star-inserted\">\n<p class=\"ng-star-inserted\"><strong class=\"ng-star-inserted\"><span class=\"ng-star-inserted\">27.12:<\/span><\/strong><span class=\"ng-star-inserted\">\u00a0\u25b2 Phan M\u1ea1nh Qu\u1ef3nh<\/span><\/p>\n<\/li>\n<\/ul>\n<p class=\"ng-star-inserted\"><strong class=\"ng-star-inserted\"><span class=\"ng-star-inserted\">Th\u00e1ng 1 (N\u0103m sau):<\/span><\/strong><\/p>\n<ul class=\"ng-star-inserted\">\n<li class=\"ng-star-inserted\">\n<p class=\"ng-star-inserted\"><strong class=\"ng-star-inserted\"><span class=\"ng-star-inserted\">01.01:<\/span><\/strong><span class=\"ng-star-inserted\">\u00a0\u25b2 L\u1ec7 Quy\u00ean<\/span><\/p>\n<\/li>\n<li class=\"ng-star-inserted\">\n<p class=\"ng-star-inserted\"><strong class=\"ng-star-inserted\"><span class=\"ng-star-inserted\">17.01:<\/span><\/strong><span class=\"ng-star-inserted\">\u00a0\u25b2 L\u00ea Hi\u1ebfu, Lam Tr\u01b0\u1eddng<\/span><\/p>\n<\/li>\n<\/ul>\n<hr class=\"ng-star-inserted\" \/>\n<\/div>\n<\/div>","protected":false},"excerpt":{"rendered":"<p>Danh m\u1ee5c ch\u00ednh \ud835\udc0b\ud835\udc08\u0323\ud835\udc02\ud835\udc07 \ud835\udc03\ud835\udc08\ud835\udc04\u0302\u0303\ud835\udc0d \ud835\udc13\ud835\udc00\u0323\ud835\udc08 \ud835\udc0c\ud835\udc00\u0302\ud835\udc18 \u0110\ud835\udc00\u0300 \ud835\udc0b\ud835\udc00\u0323\ud835\udc13 \ud835\udc13\ud835\udc07\ud835\udc00\u0301\ud835\udc0d\ud835\udc06 \ud835\udfcf\ud835\udfcf &#8211; \ud835\udfcf\ud835\udfd0\/\ud835\udfd0\ud835\udfce\ud835\udfd0\ud835\udfd3 L\u1ecbch di\u1ec5n chi ti\u1ebft: \ud835\udc0b\ud835\udc08\u0323\ud835\udc02\ud835\udc07 \ud835\udc03\ud835\udc08\ud835\udc04\u0302\u0303\ud835\udc0d \ud835\udc13\ud835\udc00\u0323\ud835\udc08 \ud835\udc0c\ud835\udc00\u0302\ud835\udc18 \u0110\ud835\udc00\u0300 \ud835\udc0b\ud835\udc00\u0323\ud835\udc13 \ud835\udc13\ud835\udc07\ud835\udc00\u0301\ud835\udc0d\ud835\udc06 \ud835\udfcf\ud835\udfcf &#8211; \ud835\udfcf\ud835\udfd0\/\ud835\udfd0\ud835\udfce\ud835\udfd0\ud835\udfd3 &nbsp; M\u00e2y Lang Thang \u0110\u00e0 L\u1ea1t &#8211; N\u01a1i thi\u00ean nhi\u00ean v\u00e0 \u00e2m nh\u1ea1c h\u00f2a quy\u1ec7n H\u00f2a m\u00ecnh c\u00f9ng thi\u00ean nhi\u00ean, M\u00e2y Lang Thang mang \u0111\u1ebfn kh\u00f4ng gian \u00e2m [&hellip;]<\/p>","protected":false},"featured_media":49016,"comment_status":"open","ping_status":"closed","template":"","meta":{"_acf_changed":false,"rank_math_lock_modified_date":false},"product_cat":[31,2299,2294,2295,2296,49],"product_tag":[75],"acf":[],"_links":{"self":[{"href":"https:\/\/dalatreview.vn\/en\/wp-json\/wp\/v2\/product\/49014"}],"collection":[{"href":"https:\/\/dalatreview.vn\/en\/wp-json\/wp\/v2\/product"}],"about":[{"href":"https:\/\/dalatreview.vn\/en\/wp-json\/wp\/v2\/types\/product"}],"replies":[{"embeddable":true,"href":"https:\/\/dalatreview.vn\/en\/wp-json\/wp\/v2\/comments?post=49014"}],"wp:featuredmedia":[{"embeddable":true,"href":"https:\/\/dalatreview.vn\/en\/wp-json\/wp\/v2\/media\/49016"}],"wp:attachment":[{"href":"https:\/\/dalatreview.vn\/en\/wp-json\/wp\/v2\/media?parent=49014"}],"wp:term":[{"taxonomy":"product_cat","embeddable":true,"href":"https:\/\/dalatreview.vn\/en\/wp-json\/wp\/v2\/product_cat?post=49014"},{"taxonomy":"product_tag","embeddable":true,"href":"https:\/\/dalatreview.vn\/en\/wp-json\/wp\/v2\/product_tag?post=49014"}],"curies":[{"name":"wp","href":"https:\/\/api.w.org\/{rel}","templated":true}]}}