
{"id":48980,"date":"2025-11-03T10:43:13","date_gmt":"2025-11-03T03:43:13","guid":{"rendered":"https:\/\/dalatreview.vn\/?post_type=product&#038;p=48980"},"modified":"2026-03-19T11:18:22","modified_gmt":"2026-03-19T04:18:22","slug":"lich-dien-may-lang-thang-thang-11-12-bung-no-am-nhac-trai-dai-khap-ba-mien","status":"publish","type":"product","link":"https:\/\/dalatreview.vn\/en\/lich-dien-may-lang-thang-thang-11-12-bung-no-am-nhac-trai-dai-khap-ba-mien.html","title":{"rendered":"L\u1ecbch Di\u1ec5n MAY LANG THANG Th\u00e1ng 11 &#038; 12: B\u00f9ng N\u1ed5 \u00c2m Nh\u1ea1c Tr\u1ea3i D\u00e0i Kh\u1eafp Ba Mi\u1ec1n!"},"content":{"rendered":"<p class=\"ng-star-inserted\"><span class=\"ng-star-inserted\">H\u1ee1i c\u00e1c t\u00edn \u0111\u1ed3 \u00e2m nh\u1ea1c! May Lang Thang \u0111\u00e3 tr\u1edf l\u1ea1i v\u1edbi m\u1ed9t l\u1ecbch tr\u00ecnh d\u00e0y \u0111\u1eb7c v\u00e0 c\u1ef1c &#8220;ch\u00e1y&#8221; cho th\u00e1ng 11 v\u00e0 12, h\u1ee9a h\u1eb9n mang \u0111\u1ebfn nh\u1eefng \u0111\u00eam nh\u1ea1c \u0111\u1ea7y c\u1ea3m x\u00fac v\u00e0 th\u0103ng hoa t\u1ea1i ba th\u00e0nh ph\u1ed1 l\u1edbn: \u0110\u00e0 L\u1ea1t m\u1ed9ng m\u01a1, H\u00e0 N\u1ed9i c\u1ed5 k\u00ednh v\u00e0 S\u00e0i G\u00f2n s\u00f4i \u0111\u1ed9ng. H\u00e3y c\u00f9ng \u0110\u00e0 L\u1ea1t Review kh\u00e1m ph\u00e1 ngay nh\u1eefng s\u1ef1 ki\u1ec7n kh\u00f4ng th\u1ec3 b\u1ecf l\u1ee1 n\u00e0y nh\u00e9!<\/span><\/p>\n<p><img decoding=\"async\" class=\"size-full wp-image-48981 aligncenter\" src=\"https:\/\/dalatreview.vn\/wp-content\/uploads\/2025\/11\/573701454_18143409949448985_6774140947549829997_n.jpg\" alt=\"\" width=\"1425\" height=\"1781\" srcset=\"https:\/\/dalatreview.vn\/wp-content\/uploads\/2025\/11\/573701454_18143409949448985_6774140947549829997_n.jpg 1425w, https:\/\/dalatreview.vn\/wp-content\/uploads\/2025\/11\/573701454_18143409949448985_6774140947549829997_n-819x1024.jpg 819w, https:\/\/dalatreview.vn\/wp-content\/uploads\/2025\/11\/573701454_18143409949448985_6774140947549829997_n-768x960.jpg 768w, https:\/\/dalatreview.vn\/wp-content\/uploads\/2025\/11\/573701454_18143409949448985_6774140947549829997_n-1229x1536.jpg 1229w, https:\/\/dalatreview.vn\/wp-content\/uploads\/2025\/11\/573701454_18143409949448985_6774140947549829997_n-10x12.jpg 10w, https:\/\/dalatreview.vn\/wp-content\/uploads\/2025\/11\/573701454_18143409949448985_6774140947549829997_n-600x750.jpg 600w\" sizes=\"(max-width: 1425px) 100vw, 1425px\" \/><\/p>\n<p class=\"ng-star-inserted\"><strong class=\"ng-star-inserted\"><span class=\"ng-star-inserted\">I. \u0110\u00e0 L\u1ea1t \u2013 Th\u00e0nh Ph\u1ed1 Ng\u00e0n Hoa R\u1ef1c Ch\u00e1y C\u00f9ng \u00c2m Nh\u1ea1c:<\/span><\/strong><\/p>\n<p class=\"ng-star-inserted\"><span class=\"ng-star-inserted\">\u0110\u00e0 L\u1ea1t kh\u00f4ng ch\u1ec9 n\u1ed5i ti\u1ebfng v\u1edbi c\u1ea3nh \u0111\u1eb9p l\u00e3ng m\u1ea1n m\u00e0 c\u00f2n l\u00e0 \u0111i\u1ec3m \u0111\u1ebfn l\u00fd t\u01b0\u1edfng cho nh\u1eefng \u0111\u00eam nh\u1ea1c \u1ea5m c\u00fang. Trong th\u00e1ng 11 v\u00e0 12 n\u00e0y, May Lang Thang s\u1ebd mang \u0111\u1ebfn &#8220;M\u00e2y In The Nest&#8221; v\u00e0 &#8220;Thung L\u0169ng M\u00e2y&#8221; c\u00f9ng nhi\u1ec1u ngh\u1ec7 s\u0129 \u0111\u01b0\u1ee3c y\u00eau th\u00edch:<\/span><\/p>\n<ul class=\"ng-star-inserted\">\n<li class=\"ng-star-inserted\">\n<p class=\"ng-star-inserted\"><strong class=\"ng-star-inserted\"><span class=\"ng-star-inserted\">01.11 | Trung Qu\u00e2n<\/span><\/strong><\/p>\n<\/li>\n<li class=\"ng-star-inserted\">\n<p class=\"ng-star-inserted\"><strong class=\"ng-star-inserted\"><span class=\"ng-star-inserted\">07.11 | Vicky Nhung, Chu Th\u00fay Qu\u1ef3nh<\/span><\/strong><\/p>\n<\/li>\n<li class=\"ng-star-inserted\">\n<p class=\"ng-star-inserted\"><strong class=\"ng-star-inserted\"><span class=\"ng-star-inserted\">08.11 | V\u0103n Mai H\u01b0\u01a1ng<\/span><\/strong><\/p>\n<\/li>\n<li class=\"ng-star-inserted\">\n<p class=\"ng-star-inserted\"><strong class=\"ng-star-inserted\"><span class=\"ng-star-inserted\">14.11 | Neko L\u00ea, T\u0103ng Ph\u00fac<\/span><\/strong><\/p>\n<\/li>\n<li class=\"ng-star-inserted\">\n<p class=\"ng-star-inserted\"><strong class=\"ng-star-inserted\"><span class=\"ng-star-inserted\">15.11 | H\u00e0 Nhi<\/span><\/strong><\/p>\n<\/li>\n<li class=\"ng-star-inserted\">\n<p class=\"ng-star-inserted\"><strong class=\"ng-star-inserted\"><span class=\"ng-star-inserted\">21.11 | Ph\u01b0\u01a1ng Linh<\/span><\/strong><\/p>\n<\/li>\n<li class=\"ng-star-inserted\">\n<p class=\"ng-star-inserted\"><strong class=\"ng-star-inserted\"><span class=\"ng-star-inserted\">22.11 | B\u00f9i Anh Tu\u1ea5n<\/span><\/strong><\/p>\n<\/li>\n<li class=\"ng-star-inserted\">\n<p class=\"ng-star-inserted\"><strong class=\"ng-star-inserted\"><span class=\"ng-star-inserted\">28.11 | L\u00ea Hi\u1ebfu, Nguy\u1ec5n \u0110\u00ecnh V\u0169, Tu\u1ea5n D\u0169ng<\/span><\/strong><\/p>\n<\/li>\n<li class=\"ng-star-inserted\">\n<p class=\"ng-star-inserted\"><strong class=\"ng-star-inserted\"><span class=\"ng-star-inserted\">29.11 | V\u0169 C\u00e1t T\u01b0\u1eddng<\/span><\/strong><\/p>\n<\/li>\n<li class=\"ng-star-inserted\">\n<p class=\"ng-star-inserted\"><strong class=\"ng-star-inserted\"><span class=\"ng-star-inserted\">13.12 | Trung Qu\u00e2n<\/span><\/strong><\/p>\n<\/li>\n<\/ul>\n<p class=\"ng-star-inserted\"><strong class=\"ng-star-inserted\"><span class=\"ng-star-inserted\">\u0110\u1eb7c bi\u1ec7t:<\/span><\/strong><span class=\"ng-star-inserted\">\u00a0C\u00e1c \u0111\u00eam nh\u1ea1c t\u1ea1i \u0110\u00e0 L\u1ea1t s\u1ebd di\u1ec5n ra t\u1ea1i\u00a0<\/span><strong class=\"ng-star-inserted\"><span class=\"ng-star-inserted\">M\u00e2y In The Nest<\/span><\/strong><span class=\"ng-star-inserted\">\u00a0(C\u00e2y Th\u00f4ng C\u00f4 \u0110\u01a1n, \u0110\u1ed3i Thi\u00ean Ph\u00fac \u0110\u1ee9c, Ph\u01b0\u1eddng Xu\u00e2n H\u01b0\u01a1ng, \u0110\u00e0 L\u1ea1t) v\u00e0\u00a0<\/span><strong class=\"ng-star-inserted\"><span class=\"ng-star-inserted\">Thung L\u0169ng M\u00e2y<\/span><\/strong><span class=\"ng-star-inserted\">\u00a0(\u0110\u1ed3i Ch\u00e8 C\u1ea7u \u0110\u1ea5t, Th\u00f4n Tr\u01b0\u1eddng Th\u1ecd, X\u00e3 Tr\u1ea1m H\u00e0nh, \u0110\u00e0 L\u1ea1t). \u0110\u1eebng qu\u00ean s\u0103n v\u00e9 s\u1edbm \u0111\u1ec3 c\u00f3 v\u1ecb tr\u00ed \u0111\u1eb9p nh\u1ea5t nh\u00e9!<\/span><\/p>\n<p class=\"ng-star-inserted\"><strong class=\"ng-star-inserted\"><span class=\"ng-star-inserted\">II. H\u00e0 N\u1ed9i \u2013 Tr\u1ea3i Nghi\u1ec7m \u00c2m Nh\u1ea1c \u0110\u1eb3ng C\u1ea5p T\u1ea1i Th\u1ee7 \u0110\u00f4:<\/span><\/strong><\/p>\n<p class=\"ng-star-inserted\"><span class=\"ng-star-inserted\">Th\u1ee7 \u0111\u00f4 H\u00e0 N\u1ed9i s\u1ebd ch\u00e0o \u0111\u00f3n nh\u1eefng gi\u1ecdng ca \u0111\u00ecnh \u0111\u00e1m v\u00e0 nh\u1eefng \u0111\u00eam nh\u1ea1c \u0111\u1eb3ng c\u1ea5p t\u1ea1i\u00a0<\/span><strong class=\"ng-star-inserted\"><span class=\"ng-star-inserted\">SOUL x LIVESTAGE<\/span><\/strong><span class=\"ng-star-inserted\">\u00a0(S\u1ed1 8 Ph\u1ed1 Ph\u00f9ng H\u01b0ng, Ho\u00e0n Ki\u1ebfm, H\u00e0 N\u1ed9i) v\u00e0\u00a0<\/span><strong class=\"ng-star-inserted\"><span class=\"ng-star-inserted\">Trung T\u00e2m T\u1ed5 Ch\u1ee9c S\u1ef1 Ki\u1ec7n Cung Xu\u00e2n<\/span><\/strong><span class=\"ng-star-inserted\">\u00a0(V\u00f5 Th\u1ecb S\u00e1u, Hai B\u00e0 Tr\u01b0ng, H\u00e0 N\u1ed9i):<\/span><\/p>\n<ul class=\"ng-star-inserted\">\n<li class=\"ng-star-inserted\">\n<p class=\"ng-star-inserted\"><strong class=\"ng-star-inserted\"><span class=\"ng-star-inserted\">14.11 | Nguy\u1ec5n B\u00ecnh, Tu\u1ea5n D\u0169ng<\/span><\/strong><\/p>\n<\/li>\n<li class=\"ng-star-inserted\">\n<p class=\"ng-star-inserted\"><strong class=\"ng-star-inserted\"><span class=\"ng-star-inserted\">28.11 | Ph\u01b0\u01a1ng Linh<\/span><\/strong><\/p>\n<\/li>\n<li class=\"ng-star-inserted\">\n<p class=\"ng-star-inserted\"><strong class=\"ng-star-inserted\"><span class=\"ng-star-inserted\">29.11 | Neko L\u00ea, BB Tr\u1ea7n<\/span><\/strong><\/p>\n<\/li>\n<li class=\"ng-star-inserted\">\n<p class=\"ng-star-inserted\"><strong class=\"ng-star-inserted\"><span class=\"ng-star-inserted\">06.12 | Ph\u01b0\u01a1ng Anh, Ph\u01b0\u01a1ng Y<\/span><\/strong><\/p>\n<\/li>\n<li class=\"ng-star-inserted\">\n<p class=\"ng-star-inserted\"><strong class=\"ng-star-inserted\"><span class=\"ng-star-inserted\">07.12 | NH\u00c0 CONCERT \u2013 Cung H\u1eefu Ngh\u1ecb Vi\u1ec7t X\u00f4<\/span><\/strong><span class=\"ng-star-inserted\">\u00a0(91 Tr\u1ea7n H\u01b0ng \u0110\u1ea1o, Ho\u00e0n Ki\u1ebfm, H\u00e0 N\u1ed9i)<\/span><\/p>\n<\/li>\n<li class=\"ng-star-inserted\">\n<p class=\"ng-star-inserted\"><strong class=\"ng-star-inserted\"><span class=\"ng-star-inserted\">26.12 | Trung Qu\u00e2n<\/span><\/strong><\/p>\n<\/li>\n<li class=\"ng-star-inserted\">\n<p class=\"ng-star-inserted\"><strong class=\"ng-star-inserted\"><span class=\"ng-star-inserted\">27.12 | Phan M\u1ea1nh Qu\u1ef3nh<\/span><\/strong><\/p>\n<\/li>\n<\/ul>\n<p class=\"ng-star-inserted\"><strong class=\"ng-star-inserted\"><span class=\"ng-star-inserted\">III. S\u00e0i G\u00f2n \u2013 \u0110\u00eam Nh\u1ea1c Cu\u1ed1i Tu\u1ea7n S\u00f4i \u0110\u1ed9ng Kh\u00f4ng Ng\u1eebng Ngh\u1ec9:<\/span><\/strong><\/p>\n<p class=\"ng-star-inserted\"><span class=\"ng-star-inserted\">Th\u00e0nh ph\u1ed1 H\u1ed3 Ch\u00ed Minh kh\u00f4ng bao gi\u1edd ng\u1ee7, v\u00e0 c\u00e1c \u0111\u00eam nh\u1ea1c c\u1ee7a May Lang Thang s\u1ebd c\u00e0ng l\u00e0m S\u00e0i G\u00f2n th\u00eam r\u1ed9n r\u00e0ng!<\/span><\/p>\n<ul class=\"ng-star-inserted\">\n<li class=\"ng-star-inserted\">\n<p class=\"ng-star-inserted\"><strong class=\"ng-star-inserted\"><span class=\"ng-star-inserted\">NH\u00c0 V\u0102N HO\u00c1 THANH NI\u00caN<\/span><\/strong><span class=\"ng-star-inserted\">\u00a0(S\u1ed1 4 Ph\u1ea1m Ng\u1ecdc Th\u1ea1ch, Ph\u01b0\u1eddng B\u1ebfn Ngh\u00e9, Q1, TP.HCM)<\/span><\/p>\n<ul class=\"ng-star-inserted\">\n<li class=\"ng-star-inserted\">\n<p class=\"ng-star-inserted\"><strong class=\"ng-star-inserted\"><span class=\"ng-star-inserted\">07.11 | Phan M\u1ea1nh Qu\u1ef3nh, L\u00ea Hi\u1ebfu<\/span><\/strong><\/p>\n<\/li>\n<li class=\"ng-star-inserted\">\n<p class=\"ng-star-inserted\"><strong class=\"ng-star-inserted\"><span class=\"ng-star-inserted\">23.11 | B\u1ea3o Y\u1ebfn<\/span><\/strong><\/p>\n<\/li>\n<li class=\"ng-star-inserted\">\n<p class=\"ng-star-inserted\"><strong class=\"ng-star-inserted\"><span class=\"ng-star-inserted\">12.12 | Ho\u00e0i L\u00e2m<\/span><\/strong><\/p>\n<\/li>\n<\/ul>\n<\/li>\n<li class=\"ng-star-inserted\">\n<p class=\"ng-star-inserted\"><strong class=\"ng-star-inserted\"><span class=\"ng-star-inserted\">NH\u00c0 H\u00c1T \u0110\u1edcI<\/span><\/strong><span class=\"ng-star-inserted\">\u00a0(S\u1ed1 82 Tr\u1ea7n Qu\u1ed1c To\u1ea3n, Ph\u01b0\u1eddng V\u00f5 Th\u1ecb S\u00e1u, Q3, TP.HCM)<\/span><\/p>\n<ul class=\"ng-star-inserted\">\n<li class=\"ng-star-inserted\">\n<p class=\"ng-star-inserted\"><strong class=\"ng-star-inserted\"><span class=\"ng-star-inserted\">20.12 | NH\u00c0 CONCERT<\/span><\/strong><\/p>\n<\/li>\n<\/ul>\n<\/li>\n<\/ul>\n<p class=\"ng-star-inserted\"><strong class=\"ng-star-inserted\"><span class=\"ng-star-inserted\">IV. \u0110\u00e0 N\u1eb5ng \u2013 B\u1ea5t Ng\u1edd \u00c2m Nh\u1ea1c:<\/span><\/strong><br class=\"ng-star-inserted\" \/><span class=\"ng-star-inserted\">\u0110\u00e0 N\u1eb5ng c\u0169ng g\u00f3p m\u1eb7t v\u1edbi m\u1ed9t s\u1ef1 ki\u1ec7n t\u1ea1i\u00a0<\/span><strong class=\"ng-star-inserted\"><span class=\"ng-star-inserted\">VERANDA<\/span><\/strong><span class=\"ng-star-inserted\">\u00a0(An Th\u01b0\u1ee3ng 34, P. M\u1ef9 An, Q. Ng\u0169 H\u00e0nh S\u01a1n, \u0110\u00e0 N\u1eb5ng):<\/span><\/p>\n<ul class=\"ng-star-inserted\">\n<li class=\"ng-star-inserted\">\n<p class=\"ng-star-inserted\"><strong class=\"ng-star-inserted\"><span class=\"ng-star-inserted\">06.12 | Nguy\u1ec5n \u0110\u00ecnh Tu\u1ea5n D\u0169ng<\/span><\/strong><\/p>\n<\/li>\n<\/ul>","protected":false},"excerpt":{"rendered":"<p>H\u1ee1i c\u00e1c t\u00edn \u0111\u1ed3 \u00e2m nh\u1ea1c! May Lang Thang \u0111\u00e3 tr\u1edf l\u1ea1i v\u1edbi m\u1ed9t l\u1ecbch tr\u00ecnh d\u00e0y \u0111\u1eb7c v\u00e0 c\u1ef1c &#8220;ch\u00e1y&#8221; cho th\u00e1ng 11 v\u00e0 12, h\u1ee9a h\u1eb9n mang \u0111\u1ebfn nh\u1eefng \u0111\u00eam nh\u1ea1c \u0111\u1ea7y c\u1ea3m x\u00fac v\u00e0 th\u0103ng hoa t\u1ea1i ba th\u00e0nh ph\u1ed1 l\u1edbn: \u0110\u00e0 L\u1ea1t m\u1ed9ng m\u01a1, H\u00e0 N\u1ed9i c\u1ed5 k\u00ednh v\u00e0 S\u00e0i G\u00f2n [&hellip;]<\/p>","protected":false},"featured_media":48981,"comment_status":"open","ping_status":"closed","template":"","meta":{"_acf_changed":false,"rank_math_lock_modified_date":false},"product_cat":[31,2299],"product_tag":[],"acf":[],"_links":{"self":[{"href":"https:\/\/dalatreview.vn\/en\/wp-json\/wp\/v2\/product\/48980"}],"collection":[{"href":"https:\/\/dalatreview.vn\/en\/wp-json\/wp\/v2\/product"}],"about":[{"href":"https:\/\/dalatreview.vn\/en\/wp-json\/wp\/v2\/types\/product"}],"replies":[{"embeddable":true,"href":"https:\/\/dalatreview.vn\/en\/wp-json\/wp\/v2\/comments?post=48980"}],"wp:featuredmedia":[{"embeddable":true,"href":"https:\/\/dalatreview.vn\/en\/wp-json\/wp\/v2\/media\/48981"}],"wp:attachment":[{"href":"https:\/\/dalatreview.vn\/en\/wp-json\/wp\/v2\/media?parent=48980"}],"wp:term":[{"taxonomy":"product_cat","embeddable":true,"href":"https:\/\/dalatreview.vn\/en\/wp-json\/wp\/v2\/product_cat?post=48980"},{"taxonomy":"product_tag","embeddable":true,"href":"https:\/\/dalatreview.vn\/en\/wp-json\/wp\/v2\/product_tag?post=48980"}],"curies":[{"name":"wp","href":"https:\/\/api.w.org\/{rel}","templated":true}]}}