
{"id":48922,"date":"2025-10-22T07:35:16","date_gmt":"2025-10-22T00:35:16","guid":{"rendered":"https:\/\/dalatreview.vn\/?post_type=product&#038;p=48922"},"modified":"2025-10-22T07:56:50","modified_gmt":"2025-10-22T00:56:50","slug":"%f0%9d%90%8b%f0%9d%90%88%cc%a3%f0%9d%90%82%f0%9d%90%87-%f0%9d%90%83%f0%9d%90%88%f0%9d%90%84%cc%82%cc%83%f0%9d%90%8d-%f0%9d%90%93%f0%9d%90%80%cc%a3%f0%9d%90%88-%f0%9d%90%8c%f0%9d%90%80%cc%82","status":"publish","type":"product","link":"https:\/\/dalatreview.vn\/en\/%f0%9d%90%8b%f0%9d%90%88%cc%a3%f0%9d%90%82%f0%9d%90%87-%f0%9d%90%83%f0%9d%90%88%f0%9d%90%84%cc%82%cc%83%f0%9d%90%8d-%f0%9d%90%93%f0%9d%90%80%cc%a3%f0%9d%90%88-%f0%9d%90%8c%f0%9d%90%80%cc%82.html","title":{"rendered":"\ud835\udc0b\ud835\udc08\u0323\ud835\udc02\ud835\udc07 \ud835\udc03\ud835\udc08\ud835\udc04\u0302\u0303\ud835\udc0d \ud835\udc13\ud835\udc00\u0323\ud835\udc08 \ud835\udc0c\ud835\udc00\u0302\ud835\udc18 \u0110\ud835\udc00\u0300 \ud835\udc0b\ud835\udc00\u0323\ud835\udc13 \ud835\udc13\ud835\udc07\ud835\udc00\u0301\ud835\udc0d\ud835\udc06 \ud835\udfcf\ud835\udfce &#8211; \ud835\udfcf\ud835\udfcf\/\ud835\udfd0\ud835\udfce\ud835\udfd0\ud835\udfd3"},"content":{"rendered":"<div class=\"xdj266r x14z9mp xat24cr x1lziwak x1vvkbs x126k92a\">\n<nav class=\"vietrick-auto-toc\">\n<div class=\"box-title\">\n<h3 class=\"toc-title\" id=\"select-menu\">Danh m\u1ee5c ch\u00ednh<\/h3>\n<div><ion-icon name=\"chevron-up-outline\"><\/ion-icon><\/div>\n<\/div>\n<ul class=\"toc-list\"><\/ul>\n<li><a href='https:\/\/dalatreview.vn\/en#%f0%9d%90%8b%f0%9d%90%88%cc%a3%f0%9d%90%82%f0%9d%90%87-%f0%9d%90%83%f0%9d%90%88%f0%9d%90%84%cc%82%cc%83%f0%9d%90%8d-%f0%9d%90%93%f0%9d%90%80%cc%a3%f0%9d%90%88-%f0%9d%90%8c%f0%9d%90%80%cc%82' class='heading-h1 toc-link smooth-scroll'>\ud835\udc0b\ud835\udc08\u0323\ud835\udc02\ud835\udc07 \ud835\udc03\ud835\udc08\ud835\udc04\u0302\u0303\ud835\udc0d \ud835\udc13\ud835\udc00\u0323\ud835\udc08 \ud835\udc0c\ud835\udc00\u0302\ud835\udc18 \u0110\ud835\udc00\u0300 \ud835\udc0b\ud835\udc00\u0323\ud835\udc13 \ud835\udc13\ud835\udc07\ud835\udc00\u0301\ud835\udc0d\ud835\udc06 \ud835\udfcf\ud835\udfce &#8211; \ud835\udfcf\ud835\udfcf\/\ud835\udfd0\ud835\udfce\ud835\udfd0\ud835\udfd3<\/a><\/ul>\n<\/li>\n<\/ul>\n<\/nav>\n<h1 dir=\"auto\" id=\"%f0%9d%90%8b%f0%9d%90%88%cc%a3%f0%9d%90%82%f0%9d%90%87-%f0%9d%90%83%f0%9d%90%88%f0%9d%90%84%cc%82%cc%83%f0%9d%90%8d-%f0%9d%90%93%f0%9d%90%80%cc%a3%f0%9d%90%88-%f0%9d%90%8c%f0%9d%90%80%cc%82\"><span style=\"color: #993300;\">\ud835\udc0b\ud835\udc08\u0323\ud835\udc02\ud835\udc07 \ud835\udc03\ud835\udc08\ud835\udc04\u0302\u0303\ud835\udc0d \ud835\udc13\ud835\udc00\u0323\ud835\udc08 \ud835\udc0c\ud835\udc00\u0302\ud835\udc18 \u0110\ud835\udc00\u0300 \ud835\udc0b\ud835\udc00\u0323\ud835\udc13 \ud835\udc13\ud835\udc07\ud835\udc00\u0301\ud835\udc0d\ud835\udc06 \ud835\udfcf\ud835\udfce &#8211; \ud835\udfcf\ud835\udfcf\/\ud835\udfd0\ud835\udfce\ud835\udfd0\ud835\udfd3<\/span><\/h1>\n<p><img decoding=\"async\" class=\"size-full wp-image-48923 aligncenter\" src=\"https:\/\/dalatreview.vn\/wp-content\/uploads\/2025\/10\/566355205_802601015719198_2928096987861053279_n.jpg\" alt=\"\" width=\"512\" height=\"640\" srcset=\"https:\/\/dalatreview.vn\/wp-content\/uploads\/2025\/10\/566355205_802601015719198_2928096987861053279_n.jpg 512w, https:\/\/dalatreview.vn\/wp-content\/uploads\/2025\/10\/566355205_802601015719198_2928096987861053279_n-10x12.jpg 10w\" sizes=\"(max-width: 512px) 100vw, 512px\" \/><\/p>\n<\/div>\n<div class=\"x14z9mp xat24cr x1lziwak x1vvkbs xtlvy1s x126k92a\">\n<div dir=\"auto\"><span class=\"html-span xexx8yu xyri2b x18d9i69 x1c1uobl x1hl2dhg x16tdsg8 x1vvkbs x3nfvp2 x1j61x8r x1fcty0u xdj266r xat24cr xm2jcoa x1mpyi22 xxymvpz xlup9mm x1kky2od\"><img decoding=\"async\" class=\"xz74otr x15mokao x1ga7v0g x16uus16 xbiv7yw\" src=\"https:\/\/static.xx.fbcdn.net\/images\/emoji.php\/v9\/t4d\/1\/16\/1f324.png\" alt=\"\ud83c\udf24\ufe0f\" width=\"16\" height=\"16\" \/><\/span> M\u00e2y Lang Thang \u0110\u00e0 L\u1ea1t &#8211; N\u01a1i thi\u00ean nhi\u00ean v\u00e0 \u00e2m nh\u1ea1c h\u00f2a quy\u1ec7n <span class=\"html-span xexx8yu xyri2b x18d9i69 x1c1uobl x1hl2dhg x16tdsg8 x1vvkbs x3nfvp2 x1j61x8r x1fcty0u xdj266r xat24cr xm2jcoa x1mpyi22 xxymvpz xlup9mm x1kky2od\"><img decoding=\"async\" class=\"xz74otr x15mokao x1ga7v0g x16uus16 xbiv7yw\" src=\"https:\/\/static.xx.fbcdn.net\/images\/emoji.php\/v9\/tea\/1\/16\/1f332.png\" alt=\"\ud83c\udf32\" width=\"16\" height=\"16\" \/><\/span><\/div>\n<div dir=\"auto\">H\u00f2a m\u00ecnh c\u00f9ng thi\u00ean nhi\u00ean, M\u00e2y Lang Thang mang \u0111\u1ebfn kh\u00f4ng gian \u00e2m nh\u1ea1c gi\u1eefa n\u00fai \u0111\u1ed3i th\u01a1 m\u1ed9ng. H\u00e3y \u0111\u1ec3 nh\u1eefng giai \u0111i\u1ec7u bay b\u1ed5ng c\u00f9ng kh\u00f4ng kh\u00ed se l\u1ea1nh v\u00e0 ho\u00e0ng h\u00f4n \u0111an xen, t\u1ea1o n\u00ean nh\u1eefng tr\u1ea3i nghi\u1ec7m \u0111\u00e1ng nh\u1edb.<span class=\"html-span xexx8yu xyri2b x18d9i69 x1c1uobl x1hl2dhg x16tdsg8 x1vvkbs x3nfvp2 x1j61x8r x1fcty0u xdj266r xat24cr xm2jcoa x1mpyi22 xxymvpz xlup9mm x1kky2od\"><img decoding=\"async\" class=\"xz74otr x15mokao x1ga7v0g x16uus16 xbiv7yw\" src=\"https:\/\/static.xx.fbcdn.net\/images\/emoji.php\/v9\/tf4\/1\/16\/2728.png\" alt=\"\u2728\" width=\"16\" height=\"16\" \/><\/span><\/div>\n<div dir=\"auto\"><span class=\"html-span xexx8yu xyri2b x18d9i69 x1c1uobl x1hl2dhg x16tdsg8 x1vvkbs x3nfvp2 x1j61x8r x1fcty0u xdj266r xat24cr xm2jcoa x1mpyi22 xxymvpz xlup9mm x1kky2od\"><img decoding=\"async\" class=\"xz74otr x15mokao x1ga7v0g x16uus16 xbiv7yw\" src=\"https:\/\/static.xx.fbcdn.net\/images\/emoji.php\/v9\/tf4\/1\/16\/2728.png\" alt=\"\u2728\" width=\"16\" height=\"16\" \/><\/span> \u0110\u1eb7t l\u1ecbch ngay \u0111\u1ec3 t\u1eadn h\u01b0\u1edfng nh\u1eefng show ca nh\u1ea1c ch\u1ea5t l\u01b0\u1ee3ng, c\u00f9ng l\u01b0u gi\u1eef nh\u1eefng k\u1ec9 ni\u1ec7m \u0111\u1eb9p v\u1edbi gia \u0111\u00ecnh v\u00e0 b\u1ea1n b\u00e8 nh\u00e9!<\/div>\n<\/div>\n<div class=\"x14z9mp xat24cr x1lziwak x1vvkbs xtlvy1s x126k92a\">\n<div dir=\"auto\"><span class=\"html-span xexx8yu xyri2b x18d9i69 x1c1uobl x1hl2dhg x16tdsg8 x1vvkbs x3nfvp2 x1j61x8r x1fcty0u xdj266r xat24cr xm2jcoa x1mpyi22 xxymvpz xlup9mm x1kky2od\"><img decoding=\"async\" class=\"xz74otr x15mokao x1ga7v0g x16uus16 xbiv7yw\" src=\"https:\/\/static.xx.fbcdn.net\/images\/emoji.php\/v9\/t97\/1\/16\/1fa75.png\" alt=\"\ud83e\ude75\" width=\"16\" height=\"16\" \/><\/span>\ud835\udc0c\ud835\udc00\u0302\ud835\udc18 \u0110\ud835\udc00\u0300 \ud835\udc0b\ud835\udc00\u0323\ud835\udc13:<\/div>\n<div dir=\"auto\"><span class=\"html-span xexx8yu xyri2b x18d9i69 x1c1uobl x1hl2dhg x16tdsg8 x1vvkbs x3nfvp2 x1j61x8r x1fcty0u xdj266r xat24cr xm2jcoa x1mpyi22 xxymvpz xlup9mm x1kky2od\"><img decoding=\"async\" class=\"xz74otr x15mokao x1ga7v0g x16uus16 xbiv7yw\" src=\"https:\/\/static.xx.fbcdn.net\/images\/emoji.php\/v9\/t77\/1\/16\/1f3e1.png\" alt=\"\ud83c\udfe1\" width=\"16\" height=\"16\" \/><\/span>S\u00e2n kh\u1ea5u Chi\u1ec1u nh\u1ea1c tr\u00ean M\u00e2y &#8211; M\u00e2y in The Nest, 519 th\u00f4n M\u0103ng Lin, ph\u01b0\u1eddng LangBiang, TP. \u0110\u00e0 L\u1ea1t | Gi\u1edd di\u1ec5n: 17:00<\/div>\n<div dir=\"auto\"><span class=\"html-span xexx8yu xyri2b x18d9i69 x1c1uobl x1hl2dhg x16tdsg8 x1vvkbs x3nfvp2 x1j61x8r x1fcty0u xdj266r xat24cr xm2jcoa x1mpyi22 xxymvpz xlup9mm x1kky2od\"><img decoding=\"async\" class=\"xz74otr x15mokao x1ga7v0g x16uus16 xbiv7yw\" src=\"https:\/\/static.xx.fbcdn.net\/images\/emoji.php\/v9\/t77\/1\/16\/1f3e1.png\" alt=\"\ud83c\udfe1\" width=\"16\" height=\"16\" \/><\/span>S\u00e2n kh\u1ea5u Thung L\u0169ng M\u00e2y &#8211; M\u00e2y Lang Thang, S\u1ed1 4, Tr\u1ea7n Quang Di\u1ec7u, Ph\u01b0\u1eddng Xu\u00e2n H\u01b0\u01a1ng, TP. \u0110\u00e0 L\u1ea1t | Gi\u1edd di\u1ec5n: 17:00<\/div>\n<\/div>\n<div class=\"x14z9mp xat24cr x1lziwak x1vvkbs xtlvy1s x126k92a\">\n<div dir=\"auto\"><span class=\"html-span xexx8yu xyri2b x18d9i69 x1c1uobl x1hl2dhg x16tdsg8 x1vvkbs x3nfvp2 x1j61x8r x1fcty0u xdj266r xat24cr xm2jcoa x1mpyi22 xxymvpz xlup9mm x1kky2od\"><img decoding=\"async\" class=\"xz74otr x15mokao x1ga7v0g x16uus16 xbiv7yw\" src=\"https:\/\/static.xx.fbcdn.net\/images\/emoji.php\/v9\/tf0\/1\/16\/1f338.png\" alt=\"\ud83c\udf38\" width=\"16\" height=\"16\" \/><\/span> \ud835\udc13\ud835\udc07\ud835\udc00\u0301\ud835\udc0d\ud835\udc06 \ud835\udfcf\ud835\udfce\/\ud835\udfd0\ud835\udfce\ud835\udfd0\ud835\udfd3<\/div>\n<\/div>\n<div class=\"x14z9mp xat24cr x1lziwak x1vvkbs xtlvy1s x126k92a\">\n<div dir=\"auto\"><span class=\"html-span xexx8yu xyri2b x18d9i69 x1c1uobl x1hl2dhg x16tdsg8 x1vvkbs x3nfvp2 x1j61x8r x1fcty0u xdj266r xat24cr xm2jcoa x1mpyi22 xxymvpz xlup9mm x1kky2od\"><img decoding=\"async\" class=\"xz74otr x15mokao x1ga7v0g x16uus16 xbiv7yw\" src=\"https:\/\/static.xx.fbcdn.net\/images\/emoji.php\/v9\/t4d\/1\/16\/1f324.png\" alt=\"\ud83c\udf24\" width=\"16\" height=\"16\" \/><\/span> 24.10 HO\u00c0NG H\u1ea2I<\/div>\n<\/div>\n<div class=\"x14z9mp xat24cr x1lziwak x1vvkbs xtlvy1s x126k92a\">\n<div dir=\"auto\"><span class=\"html-span xexx8yu xyri2b x18d9i69 x1c1uobl x1hl2dhg x16tdsg8 x1vvkbs x3nfvp2 x1j61x8r x1fcty0u xdj266r xat24cr xm2jcoa x1mpyi22 xxymvpz xlup9mm x1kky2od\"><img decoding=\"async\" class=\"xz74otr x15mokao x1ga7v0g x16uus16 xbiv7yw\" src=\"https:\/\/static.xx.fbcdn.net\/images\/emoji.php\/v9\/t4d\/1\/16\/1f324.png\" alt=\"\ud83c\udf24\" width=\"16\" height=\"16\" \/><\/span> 25.10 JIMMII NGUY\u1ec4N &#8211; L\u00ca HI\u1ebeU &amp; KH\u00c1CH M\u1edcI: NG\u1eccC PH\u1ea0M &#8211; &#8220;V\u1eaaN NH\u1eda&#8221;<\/div>\n<\/div>\n<div class=\"x14z9mp xat24cr x1lziwak x1vvkbs xtlvy1s x126k92a\">\n<div dir=\"auto\"><span class=\"html-span xexx8yu xyri2b x18d9i69 x1c1uobl x1hl2dhg x16tdsg8 x1vvkbs x3nfvp2 x1j61x8r x1fcty0u xdj266r xat24cr xm2jcoa x1mpyi22 xxymvpz xlup9mm x1kky2od\"><img decoding=\"async\" class=\"xz74otr x15mokao x1ga7v0g x16uus16 xbiv7yw\" src=\"https:\/\/static.xx.fbcdn.net\/images\/emoji.php\/v9\/t4d\/1\/16\/1f324.png\" alt=\"\ud83c\udf24\" width=\"16\" height=\"16\" \/><\/span> 31.10 NGUY\u1ec4N \u0110\u00ccNH TU\u1ea4N D\u0168NG<\/div>\n<div dir=\"auto\"><\/div>\n<\/div>\n<div class=\"x14z9mp xat24cr x1lziwak x1vvkbs xtlvy1s x126k92a\">\n<div dir=\"auto\"><span class=\"html-span xexx8yu xyri2b x18d9i69 x1c1uobl x1hl2dhg x16tdsg8 x1vvkbs x3nfvp2 x1j61x8r x1fcty0u xdj266r xat24cr xm2jcoa x1mpyi22 xxymvpz xlup9mm x1kky2od\"><img decoding=\"async\" class=\"xz74otr x15mokao x1ga7v0g x16uus16 xbiv7yw\" src=\"https:\/\/static.xx.fbcdn.net\/images\/emoji.php\/v9\/tf0\/1\/16\/1f338.png\" alt=\"\ud83c\udf38\" width=\"16\" height=\"16\" \/><\/span> \ud835\udc13\ud835\udc07\ud835\udc00\u0301\ud835\udc0d\ud835\udc06 \ud835\udfcf\ud835\udfcf\/\ud835\udfd0\ud835\udfce\ud835\udfd0\ud835\udfd3<\/div>\n<\/div>\n<div class=\"x14z9mp xat24cr x1lziwak x1vvkbs xtlvy1s x126k92a\">\n<div dir=\"auto\"><span class=\"html-span xexx8yu xyri2b x18d9i69 x1c1uobl x1hl2dhg x16tdsg8 x1vvkbs x3nfvp2 x1j61x8r x1fcty0u xdj266r xat24cr xm2jcoa x1mpyi22 xxymvpz xlup9mm x1kky2od\"><img decoding=\"async\" class=\"xz74otr x15mokao x1ga7v0g x16uus16 xbiv7yw\" src=\"https:\/\/static.xx.fbcdn.net\/images\/emoji.php\/v9\/t4d\/1\/16\/1f324.png\" alt=\"\ud83c\udf24\" width=\"16\" height=\"16\" \/><\/span> 01.11 TRUNG QU\u00c2N<\/div>\n<\/div>\n<div class=\"x14z9mp xat24cr x1lziwak x1vvkbs xtlvy1s x126k92a\">\n<div dir=\"auto\"><span class=\"html-span xexx8yu xyri2b x18d9i69 x1c1uobl x1hl2dhg x16tdsg8 x1vvkbs x3nfvp2 x1j61x8r x1fcty0u xdj266r xat24cr xm2jcoa x1mpyi22 xxymvpz xlup9mm x1kky2od\"><img decoding=\"async\" class=\"xz74otr x15mokao x1ga7v0g x16uus16 xbiv7yw\" src=\"https:\/\/static.xx.fbcdn.net\/images\/emoji.php\/v9\/t4d\/1\/16\/1f324.png\" alt=\"\ud83c\udf24\" width=\"16\" height=\"16\" \/><\/span> 07.11 VICKY NHUNG &#8211; CHU TH\u00daY QU\u1ef2NH<\/div>\n<\/div>\n<div class=\"x14z9mp xat24cr x1lziwak x1vvkbs xtlvy1s x126k92a\">\n<div dir=\"auto\"><span class=\"html-span xexx8yu xyri2b x18d9i69 x1c1uobl x1hl2dhg x16tdsg8 x1vvkbs x3nfvp2 x1j61x8r x1fcty0u xdj266r xat24cr xm2jcoa x1mpyi22 xxymvpz xlup9mm x1kky2od\"><img decoding=\"async\" class=\"xz74otr x15mokao x1ga7v0g x16uus16 xbiv7yw\" src=\"https:\/\/static.xx.fbcdn.net\/images\/emoji.php\/v9\/t4d\/1\/16\/1f324.png\" alt=\"\ud83c\udf24\" width=\"16\" height=\"16\" \/><\/span> 08.11 V\u0102N MAI H\u01af\u01a0NG<\/div>\n<\/div>\n<div class=\"x14z9mp xat24cr x1lziwak x1vvkbs xtlvy1s x126k92a\">\n<div dir=\"auto\"><span class=\"html-span xexx8yu xyri2b x18d9i69 x1c1uobl x1hl2dhg x16tdsg8 x1vvkbs x3nfvp2 x1j61x8r x1fcty0u xdj266r xat24cr xm2jcoa x1mpyi22 xxymvpz xlup9mm x1kky2od\"><img decoding=\"async\" class=\"xz74otr x15mokao x1ga7v0g x16uus16 xbiv7yw\" src=\"https:\/\/static.xx.fbcdn.net\/images\/emoji.php\/v9\/t4d\/1\/16\/1f324.png\" alt=\"\ud83c\udf24\" width=\"16\" height=\"16\" \/><\/span> 08.11 NEKO L\u00ca<\/div>\n<\/div>\n<div class=\"x14z9mp xat24cr x1lziwak x1vvkbs xtlvy1s x126k92a\">\n<div dir=\"auto\"><span class=\"html-span xexx8yu xyri2b x18d9i69 x1c1uobl x1hl2dhg x16tdsg8 x1vvkbs x3nfvp2 x1j61x8r x1fcty0u xdj266r xat24cr xm2jcoa x1mpyi22 xxymvpz xlup9mm x1kky2od\"><img decoding=\"async\" class=\"xz74otr x15mokao x1ga7v0g x16uus16 xbiv7yw\" src=\"https:\/\/static.xx.fbcdn.net\/images\/emoji.php\/v9\/t4d\/1\/16\/1f324.png\" alt=\"\ud83c\udf24\" width=\"16\" height=\"16\" \/><\/span> 14.11 T\u0102NG PH\u00daC<\/div>\n<\/div>\n<div class=\"x14z9mp xat24cr x1lziwak x1vvkbs xtlvy1s x126k92a\">\n<div dir=\"auto\"><span class=\"html-span xexx8yu xyri2b x18d9i69 x1c1uobl x1hl2dhg x16tdsg8 x1vvkbs x3nfvp2 x1j61x8r x1fcty0u xdj266r xat24cr xm2jcoa x1mpyi22 xxymvpz xlup9mm x1kky2od\"><img decoding=\"async\" class=\"xz74otr x15mokao x1ga7v0g x16uus16 xbiv7yw\" src=\"https:\/\/static.xx.fbcdn.net\/images\/emoji.php\/v9\/t4d\/1\/16\/1f324.png\" alt=\"\ud83c\udf24\" width=\"16\" height=\"16\" \/><\/span> 14.11 NGUY\u1ec4N KI\u1ec0U OANH &#8211; CHU TH\u00daY QU\u1ef2NH<\/div>\n<\/div>\n<div class=\"x14z9mp xat24cr x1lziwak x1vvkbs xtlvy1s x126k92a\">\n<div dir=\"auto\"><span class=\"html-span xexx8yu xyri2b x18d9i69 x1c1uobl x1hl2dhg x16tdsg8 x1vvkbs x3nfvp2 x1j61x8r x1fcty0u xdj266r xat24cr xm2jcoa x1mpyi22 xxymvpz xlup9mm x1kky2od\"><img decoding=\"async\" class=\"xz74otr x15mokao x1ga7v0g x16uus16 xbiv7yw\" src=\"https:\/\/static.xx.fbcdn.net\/images\/emoji.php\/v9\/t4d\/1\/16\/1f324.png\" alt=\"\ud83c\udf24\" width=\"16\" height=\"16\" \/><\/span> 15.11 H\u00c0 NHI<\/div>\n<\/div>\n<div class=\"x14z9mp xat24cr x1lziwak x1vvkbs xtlvy1s x126k92a\">\n<div dir=\"auto\"><span class=\"html-span xexx8yu xyri2b x18d9i69 x1c1uobl x1hl2dhg x16tdsg8 x1vvkbs x3nfvp2 x1j61x8r x1fcty0u xdj266r xat24cr xm2jcoa x1mpyi22 xxymvpz xlup9mm x1kky2od\"><img decoding=\"async\" class=\"xz74otr x15mokao x1ga7v0g x16uus16 xbiv7yw\" src=\"https:\/\/static.xx.fbcdn.net\/images\/emoji.php\/v9\/t4d\/1\/16\/1f324.png\" alt=\"\ud83c\udf24\" width=\"16\" height=\"16\" \/><\/span> 21.11 PH\u01af\u01a0NG LINH<\/div>\n<\/div>\n<div class=\"x14z9mp xat24cr x1lziwak x1vvkbs xtlvy1s x126k92a\">\n<div dir=\"auto\"><span class=\"html-span xexx8yu xyri2b x18d9i69 x1c1uobl x1hl2dhg x16tdsg8 x1vvkbs x3nfvp2 x1j61x8r x1fcty0u xdj266r xat24cr xm2jcoa x1mpyi22 xxymvpz xlup9mm x1kky2od\"><img decoding=\"async\" class=\"xz74otr x15mokao x1ga7v0g x16uus16 xbiv7yw\" src=\"https:\/\/static.xx.fbcdn.net\/images\/emoji.php\/v9\/t4d\/1\/16\/1f324.png\" alt=\"\ud83c\udf24\" width=\"16\" height=\"16\" \/><\/span> 22.11 B\u00d9I ANH TU\u1ea4N<\/div>\n<\/div>\n<div class=\"x14z9mp xat24cr x1lziwak x1vvkbs xtlvy1s x126k92a\">\n<div dir=\"auto\"><span class=\"html-span xexx8yu xyri2b x18d9i69 x1c1uobl x1hl2dhg x16tdsg8 x1vvkbs x3nfvp2 x1j61x8r x1fcty0u xdj266r xat24cr xm2jcoa x1mpyi22 xxymvpz xlup9mm x1kky2od\"><img decoding=\"async\" class=\"xz74otr x15mokao x1ga7v0g x16uus16 xbiv7yw\" src=\"https:\/\/static.xx.fbcdn.net\/images\/emoji.php\/v9\/t4d\/1\/16\/1f324.png\" alt=\"\ud83c\udf24\" width=\"16\" height=\"16\" \/><\/span> 28.11 L\u00ca HI\u1ebeU &#8211; NGUY\u1ec4N \u0110\u00ccNH TU\u1ea4N D\u0168NG<\/div>\n<\/div>\n<div class=\"x14z9mp xat24cr x1lziwak x1vvkbs xtlvy1s x126k92a\">\n<div dir=\"auto\"><span class=\"html-span xexx8yu xyri2b x18d9i69 x1c1uobl x1hl2dhg x16tdsg8 x1vvkbs x3nfvp2 x1j61x8r x1fcty0u xdj266r xat24cr xm2jcoa x1mpyi22 xxymvpz xlup9mm x1kky2od\"><img decoding=\"async\" class=\"xz74otr x15mokao x1ga7v0g x16uus16 xbiv7yw\" src=\"https:\/\/static.xx.fbcdn.net\/images\/emoji.php\/v9\/t4d\/1\/16\/1f324.png\" alt=\"\ud83c\udf24\" width=\"16\" height=\"16\" \/><\/span> 29.11 V\u0168 C\u00c1T T\u01af\u1edcNG<\/div>\n<\/div>\n<div class=\"x14z9mp xat24cr x1lziwak x1vvkbs xtlvy1s x126k92a\">\n<div dir=\"auto\"><\/div>\n<\/div>","protected":false},"excerpt":{"rendered":"<p>Danh m\u1ee5c ch\u00ednh \ud835\udc0b\ud835\udc08\u0323\ud835\udc02\ud835\udc07 \ud835\udc03\ud835\udc08\ud835\udc04\u0302\u0303\ud835\udc0d \ud835\udc13\ud835\udc00\u0323\ud835\udc08 \ud835\udc0c\ud835\udc00\u0302\ud835\udc18 \u0110\ud835\udc00\u0300 \ud835\udc0b\ud835\udc00\u0323\ud835\udc13 \ud835\udc13\ud835\udc07\ud835\udc00\u0301\ud835\udc0d\ud835\udc06 \ud835\udfcf\ud835\udfce &#8211; \ud835\udfcf\ud835\udfcf\/\ud835\udfd0\ud835\udfce\ud835\udfd0\ud835\udfd3 \ud835\udc0b\ud835\udc08\u0323\ud835\udc02\ud835\udc07 \ud835\udc03\ud835\udc08\ud835\udc04\u0302\u0303\ud835\udc0d \ud835\udc13\ud835\udc00\u0323\ud835\udc08 \ud835\udc0c\ud835\udc00\u0302\ud835\udc18 \u0110\ud835\udc00\u0300 \ud835\udc0b\ud835\udc00\u0323\ud835\udc13 \ud835\udc13\ud835\udc07\ud835\udc00\u0301\ud835\udc0d\ud835\udc06 \ud835\udfcf\ud835\udfce &#8211; \ud835\udfcf\ud835\udfcf\/\ud835\udfd0\ud835\udfce\ud835\udfd0\ud835\udfd3 M\u00e2y Lang Thang \u0110\u00e0 L\u1ea1t &#8211; N\u01a1i thi\u00ean nhi\u00ean v\u00e0 \u00e2m nh\u1ea1c h\u00f2a quy\u1ec7n H\u00f2a m\u00ecnh c\u00f9ng thi\u00ean nhi\u00ean, M\u00e2y Lang Thang mang \u0111\u1ebfn kh\u00f4ng gian \u00e2m nh\u1ea1c gi\u1eefa n\u00fai \u0111\u1ed3i th\u01a1 [&hellip;]<\/p>","protected":false},"featured_media":48923,"comment_status":"open","ping_status":"closed","template":"","meta":{"_acf_changed":false,"rank_math_lock_modified_date":false},"product_cat":[31,2299,2294,2295,49],"product_tag":[75],"acf":[],"_links":{"self":[{"href":"https:\/\/dalatreview.vn\/en\/wp-json\/wp\/v2\/product\/48922"}],"collection":[{"href":"https:\/\/dalatreview.vn\/en\/wp-json\/wp\/v2\/product"}],"about":[{"href":"https:\/\/dalatreview.vn\/en\/wp-json\/wp\/v2\/types\/product"}],"replies":[{"embeddable":true,"href":"https:\/\/dalatreview.vn\/en\/wp-json\/wp\/v2\/comments?post=48922"}],"wp:featuredmedia":[{"embeddable":true,"href":"https:\/\/dalatreview.vn\/en\/wp-json\/wp\/v2\/media\/48923"}],"wp:attachment":[{"href":"https:\/\/dalatreview.vn\/en\/wp-json\/wp\/v2\/media?parent=48922"}],"wp:term":[{"taxonomy":"product_cat","embeddable":true,"href":"https:\/\/dalatreview.vn\/en\/wp-json\/wp\/v2\/product_cat?post=48922"},{"taxonomy":"product_tag","embeddable":true,"href":"https:\/\/dalatreview.vn\/en\/wp-json\/wp\/v2\/product_tag?post=48922"}],"curies":[{"name":"wp","href":"https:\/\/api.w.org\/{rel}","templated":true}]}}