
{"id":48842,"date":"2025-10-04T10:33:57","date_gmt":"2025-10-04T03:33:57","guid":{"rendered":"https:\/\/dalatreview.vn\/?post_type=product&#038;p=48842"},"modified":"2025-10-04T10:37:20","modified_gmt":"2025-10-04T03:37:20","slug":"lich-dien-thang-12-2025-tai-lululola-da-lat","status":"publish","type":"product","link":"https:\/\/dalatreview.vn\/en\/lich-dien-thang-12-2025-tai-lululola-da-lat.html","title":{"rendered":"L\u1ecaCH DI\u1ec4N TH\u00c1NG 12\/2025 T\u1ea0I LULULOLA \u0110\u00c0 L\u1ea0T"},"content":{"rendered":"<nav class=\"vietrick-auto-toc\">\n<div class=\"box-title\">\n<h3 class=\"toc-title\" id=\"select-menu\">Danh m\u1ee5c ch\u00ednh<\/h3>\n<div><ion-icon name=\"chevron-up-outline\"><\/ion-icon><\/div>\n<\/div>\n<ul class=\"toc-list\"><\/ul>\n<li><a href='https:\/\/dalatreview.vn\/en#lich-dien-thang-12-2025-tai-lululola-da-lat' class='heading-h1 toc-link smooth-scroll'>L\u1ecaCH DI\u1ec4N TH\u00c1NG 12\/2025 T\u1ea0I LULULOLA \u0110\u00c0 L\u1ea0T<\/a>\n<ul>\n<li><a href='https:\/\/dalatreview.vn\/en#1-lich-dien-thang-12-2025-lululola' class='heading-h2 toc-link smooth-scroll'>1. L\u1ecbch di\u1ec5n th\u00e1ng 12\/2025 LuluLola\u00a0<\/a>\n<li><a href='https:\/\/dalatreview.vn\/en#2-mo-ta-san-khau-liveshow' class='heading-h2 toc-link smooth-scroll'>2. M\u00f4 t\u1ea3 s\u00e2n kh\u1ea5u liveshow<\/a>\n<li><a href='https:\/\/dalatreview.vn\/en#3-cac-chinh-sach-cua-lululola' class='heading-h2 toc-link smooth-scroll'>3. C\u00e1c ch\u00ednh s\u00e1ch c\u1ee7a Lululola<\/a>\n<li><a href='https:\/\/dalatreview.vn\/en#4_Lien_He\" class=\"ez-toc-section' class='heading-h2 toc-link smooth-scroll'>4. Li\u00ean H\u1ec7<\/a><\/ul>\n<\/ul>\n<\/li>\n<\/ul>\n<\/nav>\n<h1 style=\"text-align: center;\" id=\"lich-dien-thang-12-2025-tai-lululola-da-lat\"><span style=\"font-size: 18pt;\"><strong><span style=\"color: #003300;\">L\u1ecaCH DI\u1ec4N TH\u00c1NG 12\/2025 T\u1ea0I LULULOLA \u0110\u00c0 L\u1ea0T<\/span><\/strong><\/span><\/h1>\n<p dir=\"auto\">B\u1ea2N TIN D\u1ef0 B\u00c1O HO\u00c0NG H\u00d4N LULULOLA SHOW \u00a0\u0110\u00c0 L\u1ea0T Th\u00e1ng 12\/2025<\/p>\n<p dir=\"auto\">Ngo\u00e0i nh\u1eefng show nh\u1ea1c h\u00e0ng \u0111\u00eam, Lululola c\u00f2n l\u00e0 \u0111\u1ecba \u0111i\u1ec3m check-in v\u1edbi nh\u1eefng g\u00f3c \u201cs\u1ed1ng \u1ea3o\u201d si\u00eau hot t\u1ea1i \u0110\u00e0 L\u1ea1t, ph\u1ee5c v\u1ee5 \u0111\u1ed3 \u0103n u\u1ed1ng, L\u1ea9u v\u00e0 N\u01b0\u1edbng ngo\u00e0i tr\u1eddi hay nh\u1eefng bu\u1ed5i ti\u1ec7c \u1ea5m c\u00fang mang \u0111\u1eadm ch\u1ea5t \u0110\u00e0 L\u1ea1t v\u1edbi view nh\u00ecn ra thung l\u0169ng th\u00e0nh ph\u1ed1 v\u1ec1 \u0111\u00eam si\u00eau l\u00e3ng m\u1ea1n.<\/p>\n<p dir=\"auto\"><img decoding=\"async\" class=\"size-full wp-image-43505 aligncenter\" src=\"https:\/\/dalatreview.vn\/wp-content\/uploads\/2024\/08\/311294927_1273707280063397_8111037848351132840_n.jpg\" alt=\"kh\u00f4ng gian lululola\" width=\"2048\" height=\"1536\" srcset=\"https:\/\/dalatreview.vn\/wp-content\/uploads\/2024\/08\/311294927_1273707280063397_8111037848351132840_n.jpg 2048w, https:\/\/dalatreview.vn\/wp-content\/uploads\/2024\/08\/311294927_1273707280063397_8111037848351132840_n-600x450.jpg 600w, https:\/\/dalatreview.vn\/wp-content\/uploads\/2024\/08\/311294927_1273707280063397_8111037848351132840_n-1024x768.jpg 1024w, https:\/\/dalatreview.vn\/wp-content\/uploads\/2024\/08\/311294927_1273707280063397_8111037848351132840_n-768x576.jpg 768w, https:\/\/dalatreview.vn\/wp-content\/uploads\/2024\/08\/311294927_1273707280063397_8111037848351132840_n-1536x1152.jpg 1536w\" sizes=\"(max-width: 2048px) 100vw, 2048px\" \/><\/p>\n<h2 dir=\"auto\" id=\"1-lich-dien-thang-12-2025-lululola\"><strong>1. L\u1ecbch di\u1ec5n th\u00e1ng 12\/2025 LuluLola\u00a0<\/strong><\/h2>\n<p><span style=\"color: #000080;\"><strong><span class=\"x3nfvp2 x1j61x8r x1fcty0u xdj266r xhhsvwb xat24cr xgzva0m xxymvpz xlup9mm x1kky2od\"><img decoding=\"async\" class=\"xz74otr\" src=\"https:\/\/static.xx.fbcdn.net\/images\/emoji.php\/v9\/t2d\/1\/16\/1f4cd.png\" alt=\"\ud83d\udccd\" width=\"16\" height=\"16\" \/><\/span><span style=\"color: #0000ff;\"><a style=\"color: #0000ff;\" href=\"https:\/\/dalatreview.vn\/en\/phan-manh-quynh-lululola-06-12.html\/\">06\/12\/2025 | PHAN M\u1ea0NH QU\u1ef2NH \u2013 LululoLa Show <\/a><\/span><\/strong><\/span><\/p>\n<p><span style=\"color: #000080;\"><strong><span class=\"x3nfvp2 x1j61x8r x1fcty0u xdj266r xhhsvwb xat24cr xgzva0m xxymvpz xlup9mm x1kky2od\"><img decoding=\"async\" class=\"xz74otr\" src=\"https:\/\/static.xx.fbcdn.net\/images\/emoji.php\/v9\/t2d\/1\/16\/1f4cd.png\" alt=\"\ud83d\udccd\" width=\"16\" height=\"16\" \/><\/span><span style=\"color: #0000ff;\"><a style=\"color: #0000ff;\" href=\"https:\/\/dalatreview.vn\/en\/tang-phuc-lululola-13-12.html\/\">13\/12\/2025 | T\u0102NG PH\u00daC \u2013 LululoLa Show\u00a0<\/a><\/span><\/strong><\/span><\/p>\n<p dir=\"auto\"><img decoding=\"async\" class=\"alignnone wp-image-48823 size-full\" src=\"https:\/\/dalatreview.vn\/wp-content\/uploads\/2025\/09\/Lich-dien-Lululola-Show-thang-10.jpg\" alt=\"\" width=\"871\" height=\"1300\" srcset=\"https:\/\/dalatreview.vn\/wp-content\/uploads\/2025\/09\/Lich-dien-Lululola-Show-thang-10.jpg 871w, https:\/\/dalatreview.vn\/wp-content\/uploads\/2025\/09\/Lich-dien-Lululola-Show-thang-10-686x1024.jpg 686w, https:\/\/dalatreview.vn\/wp-content\/uploads\/2025\/09\/Lich-dien-Lululola-Show-thang-10-768x1146.jpg 768w, https:\/\/dalatreview.vn\/wp-content\/uploads\/2025\/09\/Lich-dien-Lululola-Show-thang-10-8x12.jpg 8w, https:\/\/dalatreview.vn\/wp-content\/uploads\/2025\/09\/Lich-dien-Lululola-Show-thang-10-600x896.jpg 600w\" sizes=\"(max-width: 871px) 100vw, 871px\" \/><\/p>\n<h2 id=\"2-mo-ta-san-khau-liveshow\"><strong>2. M\u00f4 t\u1ea3 s\u00e2n kh\u1ea5u liveshow<\/strong><\/h2>\n<p>\u0110\u1ecba ch\u1ec9: \u0110\u01b0\u1eddng 3\/4, \u0110\u1ed3i Ca Ri D\u00ea, \u0110\u00e0 L\u1ea1t<\/p>\n<p>\u0110\u1ebfn v\u1edbi Lululola s\u1ebd gi\u00fap b\u1ea1n g\u1ea1t b\u1ecf m\u1ecdi lo toan \u00e1p l\u1ef1c cu\u1ed9c s\u1ed1ng v\u00e0 th\u1ea3 h\u1ed3n v\u00e0o nh\u1eefng b\u1ea3n nh\u1ea1c s\u1ed1ng du d\u01b0\u01a1ng. \u0110\u00e2y c\u0169ng ch\u00ednh l\u00e0 n\u01a1i t\u1ed5 ch\u1ee9c nh\u1eefng liveshow c\u1ee7a c\u00e1c ca s\u0129 n\u1ed5i ti\u1ebfng.<\/p>\n<p><img decoding=\"async\" class=\"size-full wp-image-37019 aligncenter\" src=\"https:\/\/dalatreview.vn\/wp-content\/uploads\/2024\/03\/Vuon-hoa-thanh-pho-da-lat-13.jpg\" alt=\"h\u00ecnh \u1ea3nh s\u00e2n kh\u1ea5u lululola\" width=\"1200\" height=\"900\" srcset=\"https:\/\/dalatreview.vn\/wp-content\/uploads\/2024\/03\/Vuon-hoa-thanh-pho-da-lat-13.jpg 1200w, https:\/\/dalatreview.vn\/wp-content\/uploads\/2024\/03\/Vuon-hoa-thanh-pho-da-lat-13-600x450.jpg 600w\" sizes=\"(max-width: 1200px) 100vw, 1200px\" \/><\/p>\n<h2 data-wp-editing=\"1\" id=\"3-cac-chinh-sach-cua-lululola\"><strong>3. C\u00e1c ch\u00ednh s\u00e1ch c\u1ee7a Lululola<\/strong><\/h2>\n<p>\u2013 Ch\u1ed7 ng\u01b0\u1eddi l\u1edbn tr\u00ean 12 tu\u1ed5i \u0111\u01b0\u1ee3c t\u00ednh b\u1eb1ng 100% gi\u00e1 ph\u1ee5 thu.<\/p>\n<p><strong>\u2013\u00a0<\/strong>Ch\u1ed7 tr\u1ebb em t\u1eeb 6 \u0111\u1ebfn 12 tu\u1ed5i \u0111\u01b0\u1ee3c t\u00ednh b\u1eb1ng 50% gi\u00e1 ph\u1ee5 thu.<\/p>\n<p><strong>\u2013\u00a0<\/strong>Qu\u00fd kh\u00e1ch vui l\u00f2ng thanh to\u00e1n chuy\u1ec3n kho\u1ea3n tr\u01b0\u1edbc 12h \u0111\u1ec3 gi\u1eef \u0111\u1eb7t ch\u1ed7.(t\u00ednh t\u1eeb th\u1eddi \u0111i\u1ec3m \u0111\u1eb7t ch\u1ed7)<\/p>\n<p><strong>Ch\u00ednh s\u00e1ch ho\u00e0n v\u00e9, hu\u1ef7 v\u00e9 v\u00e0 b\u1ea3o l\u01b0u.<\/strong><\/p>\n<p>\u2013 Hu\u1ef7 V\u00e9 v\u00e0 B\u1ea3o L\u01b0u V\u00e9:<br \/>\n+ Y\u00eau c\u1ea7u hu\u1ef7 v\u00e9 v\u00e0 b\u1ea3o l\u01b0u tr\u01b0\u1edbc gi\u1edd show h\u01a1n 48h. Lululola b\u1ea3o l\u01b0u 70% gi\u00e1 tr\u1ecb v\u00e9.<br \/>\n+ Y\u00eau c\u1ea7u hu\u1ef7 v\u00e9 v\u00e0 b\u1ea3o l\u01b0u tr\u01b0\u1edbc gi\u1edd show trong v\u00f2ng 12 &#8211; 48h. Lululola b\u1ea3o l\u01b0u 50% gi\u00e1 tr\u1ecb v\u00e9.<br \/>\n+ Y\u00eau c\u1ea7u hu\u1ef7 v\u00e9 v\u00e0 b\u1ea3o l\u01b0u tr\u01b0\u1edbc gi\u1edd show d\u01b0\u1edbi 12h. Lululola kh\u00f4ng b\u1ea3o l\u01b0u v\u00e9.<\/p>\n<p>&#8211; H\u1ee7y v\u00e9 v\u00e0 Ho\u00e0n ti\u1ec1n:<\/p>\n<p>+ Y\u00eau c\u1ea7u h\u1ee7y v\u00e9 v\u00e0 ho\u00e0n ti\u1ec1n tr\u01b0\u1edbc gi\u1edd show h\u01a1n 48h. Ho\u00e0n 50% gi\u00e1 tr\u1ecb v\u00e9<\/p>\n<p>+ Y\u00eau c\u1ea7u h\u1ee7y v\u00e9 v\u00e0 ho\u00e0n ti\u1ec1n tr\u01b0\u1edbc gi\u1edd show trong v\u00f2ng 12 &#8211; 48h. Ho\u00e0n 30% gi\u00e1 tr\u1ecb v\u00e9<\/p>\n<p>+ Y\u00eau c\u1ea7u h\u1ee7y v\u00e9 v\u00e0 ho\u00e0n ti\u1ec1n tr\u01b0\u1edbc gi\u1edd show d\u01b0\u1edbi 12h. Kh\u00f4ng ho\u00e0n ti\u1ec1n<\/p>\n<h2><span id=\"4_Lien_He\" class=\"ez-toc-section\"><\/span><strong>4. Li\u00ean H\u1ec7<\/strong><\/h2>\n<p>Hotline: <span style=\"color: #ff0000;\">0986 249 297<\/span><\/p>\n<p>Li\u00ean h\u1ec7 book v\u00e9: <a href=\"https:\/\/zalo.me\/dalatreview\" target=\"_blank\" rel=\"noopener\">\u0110\u00e0 L\u1ea1t Review T\u1ea5t T\u1ea7n T\u1eadt<\/a><\/p>\n<p>Xem th\u00eam b\u00e0i vi\u1ebft kh\u00e1c t\u1ea1i:\u00a0<a href=\"https:\/\/dalatreview.vn\/en\/\">\u0110\u00e0 L\u1ea1t Review<\/a><\/p>","protected":false},"excerpt":{"rendered":"<p>Danh m\u1ee5c ch\u00ednh L\u1ecaCH DI\u1ec4N TH\u00c1NG 12\/2025 T\u1ea0I LULULOLA \u0110\u00c0 L\u1ea0T 1. L\u1ecbch di\u1ec5n th\u00e1ng 12\/2025 LuluLola\u00a0 2. M\u00f4 t\u1ea3 s\u00e2n kh\u1ea5u liveshow 3. C\u00e1c ch\u00ednh s\u00e1ch c\u1ee7a Lululola 4. Li\u00ean H\u1ec7 L\u1ecaCH DI\u1ec4N TH\u00c1NG 12\/2025 T\u1ea0I LULULOLA \u0110\u00c0 L\u1ea0T B\u1ea2N TIN D\u1ef0 B\u00c1O HO\u00c0NG H\u00d4N LULULOLA SHOW \u00a0\u0110\u00c0 L\u1ea0T Th\u00e1ng 12\/2025 Ngo\u00e0i nh\u1eefng show [&hellip;]<\/p>","protected":false},"featured_media":48823,"comment_status":"open","ping_status":"closed","template":"","meta":{"_acf_changed":false,"rank_math_lock_modified_date":false},"product_cat":[31,2300],"product_tag":[],"acf":[],"_links":{"self":[{"href":"https:\/\/dalatreview.vn\/en\/wp-json\/wp\/v2\/product\/48842"}],"collection":[{"href":"https:\/\/dalatreview.vn\/en\/wp-json\/wp\/v2\/product"}],"about":[{"href":"https:\/\/dalatreview.vn\/en\/wp-json\/wp\/v2\/types\/product"}],"replies":[{"embeddable":true,"href":"https:\/\/dalatreview.vn\/en\/wp-json\/wp\/v2\/comments?post=48842"}],"wp:featuredmedia":[{"embeddable":true,"href":"https:\/\/dalatreview.vn\/en\/wp-json\/wp\/v2\/media\/48823"}],"wp:attachment":[{"href":"https:\/\/dalatreview.vn\/en\/wp-json\/wp\/v2\/media?parent=48842"}],"wp:term":[{"taxonomy":"product_cat","embeddable":true,"href":"https:\/\/dalatreview.vn\/en\/wp-json\/wp\/v2\/product_cat?post=48842"},{"taxonomy":"product_tag","embeddable":true,"href":"https:\/\/dalatreview.vn\/en\/wp-json\/wp\/v2\/product_tag?post=48842"}],"curies":[{"name":"wp","href":"https:\/\/api.w.org\/{rel}","templated":true}]}}