
{"id":48549,"date":"2025-11-18T13:26:39","date_gmt":"2025-11-18T06:26:39","guid":{"rendered":"https:\/\/dalatreview.vn\/?post_type=product&#038;p=48549"},"modified":"2026-04-28T00:39:26","modified_gmt":"2026-04-27T17:39:26","slug":"phuong-linh-lululola-20-12","status":"publish","type":"product","link":"https:\/\/dalatreview.vn\/en\/phuong-linh-lululola-20-12.html","title":{"rendered":"PH\u01af\u01a0NG LINH \u2013 LuLuLoLa \u2013 20\/12"},"content":{"rendered":"<nav class=\"vietrick-auto-toc\">\n<div class=\"box-title\">\n<h3 class=\"toc-title\" id=\"select-menu\">Danh m\u1ee5c ch\u00ednh<\/h3>\n<div><ion-icon name=\"chevron-up-outline\"><\/ion-icon><\/div>\n<\/div>\n<ul class=\"toc-list\"><\/ul>\n<li><a href='https:\/\/dalatreview.vn\/en#phuong-linh' class='heading-h1 toc-link smooth-scroll'>PH\u01af\u01a0NG LINH<\/a>\n<ul>\n<li><a href='https:\/\/dalatreview.vn\/en#anh-chua-thuong-em-den-vay' class='heading-h2 toc-link smooth-scroll'>\u00a0ANH CH\u01afA TH\u01af\u01a0NG EM \u0110\u1ebeN V\u1eacY<\/a>\n<li><a href='https:\/\/dalatreview.vn\/en#1-thong-tin-dat-ve-liveshow' class='heading-h2 toc-link smooth-scroll'>1. Th\u00f4ng tin \u0111\u1eb7t v\u00e9 liveshow\u00a0<\/a>\n<li><a href='https:\/\/dalatreview.vn\/en#2-mo-ta-san-khau-liveshow' class='heading-h2 toc-link smooth-scroll'>2. M\u00f4 t\u1ea3 s\u00e2n kh\u1ea5u liveshow<\/a>\n<li><a href='https:\/\/dalatreview.vn\/en#3-cac-chinh-sach-cua-lululola' class='heading-h2 toc-link smooth-scroll'>3. C\u00e1c ch\u00ednh s\u00e1ch c\u1ee7a Lululola<\/a>\n<li><a href='https:\/\/dalatreview.vn\/en#4-dich-vu' class='heading-h2 toc-link smooth-scroll'>4. D\u1ecbch v\u1ee5 <\/a>\n<li><a href='https:\/\/dalatreview.vn\/en#5-lien-he' class='heading-h2 toc-link smooth-scroll'>5. Li\u00ean H\u1ec7<\/a><\/ul>\n<\/ul>\n<\/li>\n<\/ul>\n<\/nav>\n<h1 style=\"text-align: center;\" id=\"phuong-linh\"><strong><span style=\"color: #003300;\">PH\u01af\u01a0NG LINH<\/span><\/strong><\/h1>\n<h2 style=\"text-align: center;\" id=\"anh-chua-thuong-em-den-vay\"><strong><span style=\"color: #003300; font-size: 14pt;\">\u00a0ANH CH\u01afA TH\u01af\u01a0NG EM \u0110\u1ebeN V\u1eacY<\/span><\/strong><\/h2>\n<p style=\"text-align: center;\">Th\u1eddi gian: 20\/12\/2025<\/p>\n<p style=\"text-align: center;\">T\u1eeb 17h30 \u2013 19h30<\/p>\n<p><img decoding=\"async\" class=\"aligncenter wp-image-48820 size-full\" src=\"https:\/\/dalatreview.vn\/wp-content\/uploads\/2025\/07\/Lululola-Show.jpg\" alt=\"\" width=\"871\" height=\"1300\" srcset=\"https:\/\/dalatreview.vn\/wp-content\/uploads\/2025\/07\/Lululola-Show.jpg 871w, https:\/\/dalatreview.vn\/wp-content\/uploads\/2025\/07\/Lululola-Show-686x1024.jpg 686w, https:\/\/dalatreview.vn\/wp-content\/uploads\/2025\/07\/Lululola-Show-768x1146.jpg 768w, https:\/\/dalatreview.vn\/wp-content\/uploads\/2025\/07\/Lululola-Show-8x12.jpg 8w, https:\/\/dalatreview.vn\/wp-content\/uploads\/2025\/07\/Lululola-Show-600x896.jpg 600w\" sizes=\"(max-width: 871px) 100vw, 871px\" \/><\/p>\n<p>&nbsp;<\/p>\n<h2 id=\"1-thong-tin-dat-ve-liveshow\"><span style=\"color: #003300;\"><strong>1. Th\u00f4ng tin \u0111\u1eb7t v\u00e9 liveshow\u00a0<\/strong><\/span><\/h2>\n<table style=\"height: 127px; width: 100%; border-collapse: collapse; border-style: solid;\" border=\"1px\">\n<tbody>\n<tr style=\"height: 28px;\">\n<td style=\"width: 50%; height: 28px; text-align: center;\"><span style=\"color: #ff0000; font-size: 14pt;\"><strong>HO\u00c0NG H\u00d4N<\/strong><\/span><\/td>\n<td style=\"width: 50%; height: 28px; text-align: center;\"><span style=\"color: #ff0000; font-size: 14pt;\"><strong>1.620.000 VN\u0110<\/strong><\/span><\/td>\n<\/tr>\n<tr style=\"height: 24px;\">\n<td style=\"width: 50%; height: 24px; text-align: center;\"><span style=\"color: #ff0000; font-size: 14pt;\"><strong>CHI\u1ec0U T\u00c0<\/strong><\/span><\/td>\n<td style=\"width: 50%; height: 24px; text-align: center;\"><span style=\"color: #ff0000; font-size: 14pt;\"><strong>1.380.000 VN\u0110<\/strong><\/span><\/td>\n<\/tr>\n<tr style=\"height: 24px;\">\n<td style=\"width: 50%; height: 24px; text-align: center;\"><span style=\"color: #ff0000; font-size: 14pt;\"><strong>CH\u1ea0NG V\u1ea0NG\u00a0<\/strong><\/span><\/td>\n<td style=\"width: 50%; height: 24px; text-align: center;\"><span style=\"color: #ff0000; font-size: 14pt;\"><strong>1.180.000 VN\u0110<\/strong><\/span><\/td>\n<\/tr>\n<tr style=\"height: 24px;\">\n<td style=\"width: 50%; height: 27px; text-align: center;\"><span style=\"color: #ff0000; font-size: 14pt;\"><strong>CH\u1eacP CHO\u1ea0NG<\/strong><\/span><\/td>\n<td style=\"width: 50%; height: 27px; text-align: center;\"><span style=\"color: #ff0000; font-size: 14pt;\"><strong>750.000VN\u0110<\/strong><\/span><\/td>\n<\/tr>\n<tr style=\"height: 24px;\">\n<td style=\"width: 50%; height: 24px; text-align: center;\"><span style=\"color: #ff0000; font-size: 14pt;\"><strong>NH\u00c1 NHEM\u00a0<\/strong><\/span><\/td>\n<td style=\"width: 50%; height: 24px; text-align: center;\"><span style=\"color: #ff0000; font-size: 14pt;\"><strong>550.000 VN\u0110<\/strong><\/span><\/td>\n<\/tr>\n<\/tbody>\n<\/table>\n<p><strong>GI\u00c1 PH\u1ee4 THU: Gi\u00e1 tr\u00ean \u0111\u00e3 ph\u1ee5 thu \u0111\u00e3 bao g\u1ed3m \u0111\u1ed3 u\u1ed1ng.<\/strong><\/p>\n<h2 id=\"2-mo-ta-san-khau-liveshow\"><span style=\"color: #003300;\"><strong>2. M\u00f4 t\u1ea3 s\u00e2n kh\u1ea5u liveshow<\/strong><\/span><\/h2>\n<p>\u0110\u1ecba ch\u1ec9: \u0110\u01b0\u1eddng 3\/4, \u0110\u1ed3i Ca Ri D\u00ea, \u0110\u00e0 L\u1ea1t<\/p>\n<p>\u0110\u1ebfn v\u1edbi Lululola s\u1ebd gi\u00fap b\u1ea1n g\u1ea1t b\u1ecf m\u1ecdi lo toan \u00e1p l\u1ef1c cu\u1ed9c s\u1ed1ng v\u00e0 th\u1ea3 h\u1ed3n v\u00e0o nh\u1eefng b\u1ea3n nh\u1ea1c s\u1ed1ng du d\u01b0\u01a1ng. \u0110\u00e2y c\u0169ng ch\u00ednh l\u00e0 n\u01a1i t\u1ed5 ch\u1ee9c nh\u1eefng liveshow c\u1ee7a c\u00e1c ca s\u0129 n\u1ed5i ti\u1ebfng.<\/p>\n<p><img decoding=\"async\" class=\"aligncenter wp-image-25458 size-full\" src=\"https:\/\/dalatreview.vn\/wp-content\/uploads\/2023\/01\/hinh-7.jpg\" alt=\"M\u00f4 t\u1ea3 s\u00e2n kh\u1ea5u lululola\" width=\"1200\" height=\"900\" \/><\/p>\n<p>H\u00ecnh \u1ea3nh s\u00e2n kh\u1ea5u:<\/p>\n<h2 data-wp-editing=\"1\" id=\"3-cac-chinh-sach-cua-lululola\"><img decoding=\"async\" class=\"aligncenter wp-image-23920 size-full\" src=\"https:\/\/dalatreview.vn\/wp-content\/uploads\/2022\/11\/So-do-cho-ngoi-Lululola-2048x1449-2-1.jpg\" alt=\"s\u01a1 \u0111\u1ed3 s\u00e2n kh\u1ea5u lululola \" width=\"2048\" height=\"1449\" \/><span style=\"color: #003300;\"><strong>3. C\u00e1c ch\u00ednh s\u00e1ch c\u1ee7a Lululola<\/strong><\/span><\/h2>\n<p>&#8211; Ch\u1ed7 ng\u01b0\u1eddi l\u1edbn tr\u00ean 12 tu\u1ed5i \u0111\u01b0\u1ee3c t\u00ednh b\u1eb1ng 100% gi\u00e1 ph\u1ee5 thu.<\/p>\n<p><strong>&#8211; <\/strong>Ch\u1ed7 tr\u1ebb em t\u1eeb 6 \u0111\u1ebfn 12 tu\u1ed5i \u0111\u01b0\u1ee3c t\u00ednh b\u1eb1ng 50% gi\u00e1 ph\u1ee5 thu.<\/p>\n<p><strong>&#8211; <\/strong>Qu\u00fd kh\u00e1ch vui l\u00f2ng thanh to\u00e1n chuy\u1ec3n kho\u1ea3n tr\u01b0\u1edbc 12h \u0111\u1ec3 gi\u1eef \u0111\u1eb7t ch\u1ed7.(t\u00ednh t\u1eeb th\u1eddi \u0111i\u1ec3m \u0111\u1eb7t ch\u1ed7)<\/p>\n<p><strong>Ch\u00ednh s\u00e1ch ho\u00e0n v\u00e9, hu\u1ef7 v\u00e9 v\u00e0 b\u1ea3o l\u01b0u.<\/strong><\/p>\n<p>&#8211; Hu\u1ef7 V\u00e9 v\u00e0 B\u1ea3o L\u01b0u V\u00e9:<br \/>\n+ Y\u00eau c\u1ea7u hu\u1ef7 v\u00e9 v\u00e0 b\u1ea3o l\u01b0u tr\u01b0\u1edbc gi\u1edd show h\u01a1n 48h . Lululola b\u1ea3o l\u01b0u 70% gi\u00e1 tr\u1ecb v\u00e9.<br \/>\n+ Y\u00eau c\u1ea7u hu\u1ef7 v\u00e9 v\u00e0 b\u1ea3o l\u01b0u tr\u01b0\u1edbc gi\u1edd show trong v\u00f2ng 12-48h. Lululola b\u1ea3o l\u01b0u 50% gi\u00e1 tr\u1ecb v\u00e9.<br \/>\n+ Y\u00eau c\u1ea7u hu\u1ef7 v\u00e9 v\u00e0 b\u1ea3o l\u01b0u tr\u01b0\u1edbc gi\u1edd show d\u01b0\u1edbi 12h. Lululola kh\u00f4ng b\u1ea3o l\u01b0u v\u00e9.<\/p>\n<p>&#8211; H\u1ee7y v\u00e9 v\u00e0 Ho\u00e0n ti\u1ec1n:<\/p>\n<p>+ Y\u00eau c\u1ea7u h\u1ee7y v\u00e9 v\u00e0 ho\u00e0n ti\u1ec1n tr\u01b0\u1edbc gi\u1edd show h\u01a1n 48h. Ho\u00e0n 50% gi\u00e1 tr\u1ecb v\u00e9<\/p>\n<p>+ Y\u00eau c\u1ea7u h\u1ee7y v\u00e9 v\u00e0 ho\u00e0n ti\u1ec1n tr\u01b0\u1edbc gi\u1edd show trong v\u00f2ng 12 &#8211; 48h. Ho\u00e0n 30% gi\u00e1 tr\u1ecb v\u00e9<\/p>\n<p>+ Y\u00eau c\u1ea7u h\u1ee7y v\u00e9 v\u00e0 ho\u00e0n ti\u1ec1n tr\u01b0\u1edbc gi\u1edd show d\u01b0\u1edbi 12h. Kh\u00f4ng ho\u00e0n ti\u1ec1n<\/p>\n<h2 id=\"4-dich-vu\"><span style=\"color: #003300;\"><strong>4. D\u1ecbch v\u1ee5 <\/strong><\/span><\/h2>\n<p>+ \u0110\u1ebfn v\u1edbi Lululola b\u1ea1n s\u1ebd \u0111\u01b0\u1ee3c ch\u00ecm v\u00e0o nh\u1eefng \u00e2m thanh nh\u1eb9 nh\u00e0ng gi\u00fap b\u1ea1n th\u01b0 gi\u00e3n sau nh\u1eefng ng\u00e0y ch\u1ea1y deadline v\u1ea5t v\u1ea3.<\/p>\n<p>+ \u0110\u01b0\u1ee3c nghe nh\u1ea1c chill d\u01b0\u1edbi \u00e1nh ho\u00e0ng h\u00f4n chi\u1ec1u c\u1ef1c ph\u1ea9m c\u1ee7a \u0110\u00e0 L\u1ea1t.<\/p>\n<p>+ \u0110\u01b0\u1ee3c g\u1eb7p g\u1ee1 giao l\u01b0u c\u00f9ng nh\u1eefng th\u1ea7n t\u01b0\u1ee3ng c\u1ee7a m\u00ecnh.<\/p>\n<p>+ Ng\u1eafm nh\u00ecn th\u00e0nh ph\u1ed1 \u0110\u00e0 L\u1ea1t v\u1ec1 \u0111\u00eam t\u1eeb tr\u00ean cao v\u00f4 c\u00f9ng th\u01a1 m\u1ed9ng.<\/p>\n<p>+ Ngo\u00e0i nh\u1eefng liveshow ca nh\u1ea1c, n\u01a1i \u0111\u00e2y c\u00f2n ph\u1ee5c v\u1ee5 \u0111\u1ed3 \u0103n u\u1ed1ng, l\u1ea9u v\u00e0 \u0111\u1ed3 n\u01b0\u1edbng<\/p>\n<p>+ N\u01a1i \u0111\u00e2y c\u00f2n c\u00f3 nh\u1eefng b\u00e0n ti\u1ec7c \u1ea5m c\u00fang d\u00e0nh cho ng\u01b0\u1eddi th\u01b0\u01a1ng, gia \u0111\u00ecnh c\u1ee7a b\u1ea1n.<\/p>\n<p>+ L\u01b0u gi\u1eef nh\u1eefng kho\u1ea3nh kh\u1eafc \u00fd ngh\u0129a c\u00f9ng gia \u0111\u00ecnh, ng\u01b0\u1eddi th\u00e2n.<\/p>\n<h2 id=\"5-lien-he\"><span style=\"color: #003300;\"><strong>5. Li\u00ean H\u1ec7<\/strong><\/span><\/h2>\n<p><span style=\"vertical-align: inherit;\">Hotline: 0986 249 297<br \/>\n<\/span><\/p>\n<p><span style=\"vertical-align: inherit;\">Li\u00ean h\u1ec7 book v\u00e9: <\/span><a title=\"\u0110\u00e0 L\u1ea1t Review T\u1ea5t T\u1ea7n T\u1eadt\" href=\"https:\/\/zalo.me\/dalatreview\" target=\"_blank\" rel=\"noopener\"><span style=\"vertical-align: inherit;\">LuLuLoLa Show<\/span><\/a><\/p>\n<p>Xem th\u00eam b\u00e0i vi\u1ebft kh\u00e1c t\u1ea1i: <a href=\"https:\/\/dalatreview.vn\/en\/\">\u0110\u00e0 L\u1ea1t Review<\/a><\/p>","protected":false},"excerpt":{"rendered":"<p>Danh m\u1ee5c ch\u00ednh PH\u01af\u01a0NG LINH \u00a0ANH CH\u01afA TH\u01af\u01a0NG EM \u0110\u1ebeN V\u1eacY 1. Th\u00f4ng tin \u0111\u1eb7t v\u00e9 liveshow\u00a0 2. M\u00f4 t\u1ea3 s\u00e2n kh\u1ea5u liveshow 3. C\u00e1c ch\u00ednh s\u00e1ch c\u1ee7a Lululola 4. D\u1ecbch v\u1ee5 5. Li\u00ean H\u1ec7 PH\u01af\u01a0NG LINH \u00a0ANH CH\u01afA TH\u01af\u01a0NG EM \u0110\u1ebeN V\u1eacY Th\u1eddi gian: 20\/12\/2025 T\u1eeb 17h30 \u2013 19h30 &nbsp; 1. Th\u00f4ng tin \u0111\u1eb7t [&hellip;]<\/p>","protected":false},"featured_media":48820,"comment_status":"open","ping_status":"closed","template":"","meta":{"_acf_changed":false,"rank_math_lock_modified_date":false},"product_cat":[31,2284,50],"product_tag":[75],"acf":[],"_links":{"self":[{"href":"https:\/\/dalatreview.vn\/en\/wp-json\/wp\/v2\/product\/48549"}],"collection":[{"href":"https:\/\/dalatreview.vn\/en\/wp-json\/wp\/v2\/product"}],"about":[{"href":"https:\/\/dalatreview.vn\/en\/wp-json\/wp\/v2\/types\/product"}],"replies":[{"embeddable":true,"href":"https:\/\/dalatreview.vn\/en\/wp-json\/wp\/v2\/comments?post=48549"}],"wp:featuredmedia":[{"embeddable":true,"href":"https:\/\/dalatreview.vn\/en\/wp-json\/wp\/v2\/media\/48820"}],"wp:attachment":[{"href":"https:\/\/dalatreview.vn\/en\/wp-json\/wp\/v2\/media?parent=48549"}],"wp:term":[{"taxonomy":"product_cat","embeddable":true,"href":"https:\/\/dalatreview.vn\/en\/wp-json\/wp\/v2\/product_cat?post=48549"},{"taxonomy":"product_tag","embeddable":true,"href":"https:\/\/dalatreview.vn\/en\/wp-json\/wp\/v2\/product_tag?post=48549"}],"curies":[{"name":"wp","href":"https:\/\/api.w.org\/{rel}","templated":true}]}}