
{"id":48485,"date":"2025-07-19T09:09:55","date_gmt":"2025-07-19T02:09:55","guid":{"rendered":"https:\/\/dalatreview.vn\/?post_type=product&#038;p=48485"},"modified":"2025-10-07T20:20:55","modified_gmt":"2025-10-07T13:20:55","slug":"lich-dien-may-lang-thang-da-lat-thang-7-8-9-2025","status":"publish","type":"product","link":"https:\/\/dalatreview.vn\/en\/lich-dien-may-lang-thang-da-lat-thang-7-8-9-2025.html","title":{"rendered":"L\u1ecaCH DI\u1ec4N M\u00c2Y LANG THANG \u0110\u00c0 L\u1ea0T TH\u00c1NG 7 &#8211; 8 -9\/2025"},"content":{"rendered":"<nav class=\"vietrick-auto-toc\">\n<div class=\"box-title\">\n<h3 class=\"toc-title\" id=\"select-menu\">Danh m\u1ee5c ch\u00ednh<\/h3>\n<div><ion-icon name=\"chevron-up-outline\"><\/ion-icon><\/div>\n<\/div>\n<ul class=\"toc-list\"><\/ul>\n<li><a href='https:\/\/dalatreview.vn\/en#%f0%9d%90%8b%f0%9d%90%88%cc%a3%f0%9d%90%82%f0%9d%90%87-%f0%9d%90%83%f0%9d%90%88%f0%9d%90%84%cc%82%cc%83%f0%9d%90%8d-%f0%9d%90%93%f0%9d%90%80%cc%a3%f0%9d%90%88-%f0%9d%90%8c%f0%9d%90%80%cc%82' class='heading-h1 toc-link smooth-scroll'>\ud835\udc0b\ud835\udc08\u0323\ud835\udc02\ud835\udc07 \ud835\udc03\ud835\udc08\ud835\udc04\u0302\u0303\ud835\udc0d \ud835\udc13\ud835\udc00\u0323\ud835\udc08 \ud835\udc0c\ud835\udc00\u0302\ud835\udc18 \u0110\ud835\udc00\u0300 \ud835\udc0b\ud835\udc00\u0323\ud835\udc13 \ud835\udc13\ud835\udc07\ud835\udc00\u0301\ud835\udc0d\ud835\udc06 \ud835\udfd5 &#8211; \ud835\udfd6 &#8211; \ud835\udfd7\/\ud835\udfd0\ud835\udfce\ud835\udfd0\ud835\udfd3<\/a><\/ul>\n<\/li>\n<\/ul>\n<\/nav>\n<h1 class=\"ng-star-inserted\" style=\"text-align: center;\" id=\"%f0%9d%90%8b%f0%9d%90%88%cc%a3%f0%9d%90%82%f0%9d%90%87-%f0%9d%90%83%f0%9d%90%88%f0%9d%90%84%cc%82%cc%83%f0%9d%90%8d-%f0%9d%90%93%f0%9d%90%80%cc%a3%f0%9d%90%88-%f0%9d%90%8c%f0%9d%90%80%cc%82\">\ud835\udc0b\ud835\udc08\u0323\ud835\udc02\ud835\udc07 \ud835\udc03\ud835\udc08\ud835\udc04\u0302\u0303\ud835\udc0d \ud835\udc13\ud835\udc00\u0323\ud835\udc08 \ud835\udc0c\ud835\udc00\u0302\ud835\udc18 \u0110\ud835\udc00\u0300 \ud835\udc0b\ud835\udc00\u0323\ud835\udc13 \ud835\udc13\ud835\udc07\ud835\udc00\u0301\ud835\udc0d\ud835\udc06 \ud835\udfd5 &#8211; \ud835\udfd6 &#8211; \ud835\udfd7\/\ud835\udfd0\ud835\udfce\ud835\udfd0\ud835\udfd3<\/h1>\n<p class=\"ng-star-inserted\"><span class=\"ng-star-inserted\">B\u1ea1n \u0111\u00e3 bao gi\u1edd t\u1ef1 h\u1ecfi t\u00e2m h\u1ed3n m\u00ecnh \u0111ang t\u00ecm ki\u1ebfm \u0111i\u1ec1u g\u00ec ch\u01b0a? C\u00f3 l\u1ebd l\u00e0 m\u1ed9t ng\u01b0\u1eddi b\u1ea1n, m\u1ed9t tri k\u1ef7 \u0111\u1ec3 s\u1ebb chia nh\u1eefng mu\u1ed9n phi\u1ec1n. T\u1ea1i M\u00e2y Lang Thang, \u00e2m nh\u1ea1c ch\u00ednh l\u00e0 ng\u01b0\u1eddi b\u1ea1n ch\u1eefa l\u00e0nh \u1ea5y. M\u1ed7i n\u1ed1t nh\u1ea1c, giai \u0111i\u1ec7u v\u00e0 l\u1eddi ca s\u1ebd nh\u1eb9 nh\u00e0ng l\u1eafng nghe, \u0111\u1ed3ng c\u1ea3m v\u00e0 ch\u1ea1m \u0111\u1ebfn nh\u1eefng g\u00f3c s\u00e2u nh\u1ea5t trong tr\u00e1i tim b\u1ea1n.<\/span><\/p>\n<p class=\"ng-star-inserted\"><span class=\"ng-star-inserted\">M\u1ed7i ch\u00fang ta \u0111\u1ec1u c\u00f3 m\u1ed9t ngh\u1ec7 s\u0129 \u0111\u1eb7c bi\u1ec7t, ng\u01b0\u1eddi m\u00e0 ti\u1ebfng h\u00e1t c\u1ee7a h\u1ecd \u0441\u043b\u043e\u0432\u043d\u043e th\u1ea5u hi\u1ec3u m\u1ecdi t\u00e2m t\u01b0, mang \u0111\u1ebfn nh\u1eefng xao xuy\u1ebfn, rung \u0111\u1ed9ng v\u00e0 tr\u00ean h\u1ebft l\u00e0 s\u1ef1 ch\u1eefa l\u00e0nh cho tr\u00e1i tim.<\/span><\/p>\n<p class=\"ng-star-inserted\"><span class=\"ng-star-inserted\">M\u00e2y Lang Thang mong mu\u1ed1n tr\u1edf th\u00e0nh m\u1ed9t ng\u01b0\u1eddi b\u1ea1n nh\u01b0 th\u1ebf, n\u01a1i b\u1ea1n c\u00f3 th\u1ec3 gh\u00e9 th\u0103m, l\u1eafng nghe v\u00e0 tr\u00fat b\u1ea7u t\u00e2m s\u1ef1. Ch\u00fang ta s\u1ebd c\u00f9ng nhau t\u1ea1o n\u00ean nh\u1eefng k\u1ef7 ni\u1ec7m tuy\u1ec7t v\u1eddi.<\/span><\/p>\n<p>&nbsp;<\/p>\n<p class=\"ng-star-inserted\"><img decoding=\"async\" class=\"wp-image-48486 aligncenter\" src=\"https:\/\/dalatreview.vn\/wp-content\/uploads\/2025\/07\/520037615_1145531450942725_1688046285023126588_n.jpg\" alt=\"\" width=\"752\" height=\"940\" srcset=\"https:\/\/dalatreview.vn\/wp-content\/uploads\/2025\/07\/520037615_1145531450942725_1688046285023126588_n.jpg 512w, https:\/\/dalatreview.vn\/wp-content\/uploads\/2025\/07\/520037615_1145531450942725_1688046285023126588_n-10x12.jpg 10w\" sizes=\"(max-width: 752px) 100vw, 752px\" \/><\/p>\n<p>&nbsp;<\/p>\n<p class=\"ng-star-inserted\"><span class=\"ng-star-inserted\">#maylangthang #maysaigon #lichdientrenmay #livemusic<\/span><br class=\"ng-star-inserted\" \/><br \/>\n<span class=\"ng-star-inserted\">\u2014\u2014\u2014<\/span><br class=\"ng-star-inserted\" \/><br \/>\n<span class=\"ng-star-inserted\">\u260e\ufe0f Hotline: 0986 249 297<\/span><br class=\"ng-star-inserted\" \/><br \/>\n<span class=\"ng-star-inserted\">\ud83c\udf0d Website \u0111\u1eb7t ch\u1ed7 v\u00f4 c\u00f9ng ti\u1ec7n l\u1ee3i, t\u1ef1 do ch\u1ecdn khu\/ ch\u1ecdn gh\u1ebf:<a href=\"https:\/\/dalatreview.vn\/en\/liveshow\/\">Liveshow<\/a><\/span><\/p>","protected":false},"excerpt":{"rendered":"<p>Danh m\u1ee5c ch\u00ednh \ud835\udc0b\ud835\udc08\u0323\ud835\udc02\ud835\udc07 \ud835\udc03\ud835\udc08\ud835\udc04\u0302\u0303\ud835\udc0d \ud835\udc13\ud835\udc00\u0323\ud835\udc08 \ud835\udc0c\ud835\udc00\u0302\ud835\udc18 \u0110\ud835\udc00\u0300 \ud835\udc0b\ud835\udc00\u0323\ud835\udc13 \ud835\udc13\ud835\udc07\ud835\udc00\u0301\ud835\udc0d\ud835\udc06 \ud835\udfd5 &#8211; \ud835\udfd6 &#8211; \ud835\udfd7\/\ud835\udfd0\ud835\udfce\ud835\udfd0\ud835\udfd3 \ud835\udc0b\ud835\udc08\u0323\ud835\udc02\ud835\udc07 \ud835\udc03\ud835\udc08\ud835\udc04\u0302\u0303\ud835\udc0d \ud835\udc13\ud835\udc00\u0323\ud835\udc08 \ud835\udc0c\ud835\udc00\u0302\ud835\udc18 \u0110\ud835\udc00\u0300 \ud835\udc0b\ud835\udc00\u0323\ud835\udc13 \ud835\udc13\ud835\udc07\ud835\udc00\u0301\ud835\udc0d\ud835\udc06 \ud835\udfd5 &#8211; \ud835\udfd6 &#8211; \ud835\udfd7\/\ud835\udfd0\ud835\udfce\ud835\udfd0\ud835\udfd3 B\u1ea1n \u0111\u00e3 bao gi\u1edd t\u1ef1 h\u1ecfi t\u00e2m h\u1ed3n m\u00ecnh \u0111ang t\u00ecm ki\u1ebfm \u0111i\u1ec1u g\u00ec ch\u01b0a? C\u00f3 l\u1ebd l\u00e0 m\u1ed9t ng\u01b0\u1eddi b\u1ea1n, m\u1ed9t tri k\u1ef7 \u0111\u1ec3 s\u1ebb chia nh\u1eefng [&hellip;]<\/p>","protected":false},"featured_media":48486,"comment_status":"open","ping_status":"closed","template":"","meta":{"_acf_changed":false,"rank_math_lock_modified_date":false},"product_cat":[31,2299],"product_tag":[75],"acf":[],"_links":{"self":[{"href":"https:\/\/dalatreview.vn\/en\/wp-json\/wp\/v2\/product\/48485"}],"collection":[{"href":"https:\/\/dalatreview.vn\/en\/wp-json\/wp\/v2\/product"}],"about":[{"href":"https:\/\/dalatreview.vn\/en\/wp-json\/wp\/v2\/types\/product"}],"replies":[{"embeddable":true,"href":"https:\/\/dalatreview.vn\/en\/wp-json\/wp\/v2\/comments?post=48485"}],"wp:featuredmedia":[{"embeddable":true,"href":"https:\/\/dalatreview.vn\/en\/wp-json\/wp\/v2\/media\/48486"}],"wp:attachment":[{"href":"https:\/\/dalatreview.vn\/en\/wp-json\/wp\/v2\/media?parent=48485"}],"wp:term":[{"taxonomy":"product_cat","embeddable":true,"href":"https:\/\/dalatreview.vn\/en\/wp-json\/wp\/v2\/product_cat?post=48485"},{"taxonomy":"product_tag","embeddable":true,"href":"https:\/\/dalatreview.vn\/en\/wp-json\/wp\/v2\/product_tag?post=48485"}],"curies":[{"name":"wp","href":"https:\/\/api.w.org\/{rel}","templated":true}]}}