
{"id":48257,"date":"2025-05-31T09:15:09","date_gmt":"2025-05-31T02:15:09","guid":{"rendered":"https:\/\/dalatreview.vn\/?post_type=product&#038;p=48257"},"modified":"2025-06-27T15:05:16","modified_gmt":"2025-06-27T08:05:16","slug":"lich-dien-may-lang-thang-thang-06-07-2025","status":"publish","type":"product","link":"https:\/\/dalatreview.vn\/en\/lich-dien-may-lang-thang-thang-06-07-2025.html","title":{"rendered":"L\u1ecaCH DI\u1ec4N M\u00c2Y LANG THANG TH\u00c1NG 06 &#038; 07\/2025"},"content":{"rendered":"<nav class=\"vietrick-auto-toc\">\n<div class=\"box-title\">\n<h3 class=\"toc-title\" id=\"select-menu\">Danh m\u1ee5c ch\u00ednh<\/h3>\n<div><ion-icon name=\"chevron-up-outline\"><\/ion-icon><\/div>\n<\/div>\n<ul class=\"toc-list\"><\/ul>\n<li><a href='https:\/\/dalatreview.vn\/en#lich-dien-may-lang-thang-thang-06-07-2025' class='heading-h1 toc-link smooth-scroll'>L\u1ecaCH DI\u1ec4N M\u00c2Y LANG THANG TH\u00c1NG 06 &amp; 07\/2025<\/a><\/ul>\n<\/li>\n<\/ul>\n<\/nav>\n<h1 class=\"ng-star-inserted\" style=\"text-align: center;\" id=\"lich-dien-may-lang-thang-thang-06-07-2025\"><span style=\"color: #003300;\">L\u1ecaCH DI\u1ec4N M\u00c2Y LANG THANG TH\u00c1NG 06 &amp; 07\/2025<\/span><\/h1>\n<p class=\"ng-star-inserted\"><span class=\"ng-star-inserted\">B\u1ea1n \u0111\u00e3 bao gi\u1edd t\u1ef1 h\u1ecfi t\u00e2m h\u1ed3n m\u00ecnh \u0111ang t\u00ecm ki\u1ebfm \u0111i\u1ec1u g\u00ec ch\u01b0a? C\u00f3 l\u1ebd l\u00e0 m\u1ed9t ng\u01b0\u1eddi b\u1ea1n, m\u1ed9t tri k\u1ef7 \u0111\u1ec3 s\u1ebb chia nh\u1eefng mu\u1ed9n phi\u1ec1n. T\u1ea1i M\u00e2y Lang Thang, \u00e2m nh\u1ea1c ch\u00ednh l\u00e0 ng\u01b0\u1eddi b\u1ea1n ch\u1eefa l\u00e0nh \u1ea5y. M\u1ed7i n\u1ed1t nh\u1ea1c, giai \u0111i\u1ec7u v\u00e0 l\u1eddi ca s\u1ebd nh\u1eb9 nh\u00e0ng l\u1eafng nghe, \u0111\u1ed3ng c\u1ea3m v\u00e0 ch\u1ea1m \u0111\u1ebfn nh\u1eefng g\u00f3c s\u00e2u nh\u1ea5t trong tr\u00e1i tim b\u1ea1n.<\/span><\/p>\n<p class=\"ng-star-inserted\"><span class=\"ng-star-inserted\">M\u1ed7i ch\u00fang ta \u0111\u1ec1u c\u00f3 m\u1ed9t ngh\u1ec7 s\u0129 \u0111\u1eb7c bi\u1ec7t, ng\u01b0\u1eddi m\u00e0 ti\u1ebfng h\u00e1t c\u1ee7a h\u1ecd \u0441\u043b\u043e\u0432\u043d\u043e th\u1ea5u hi\u1ec3u m\u1ecdi t\u00e2m t\u01b0, mang \u0111\u1ebfn nh\u1eefng xao xuy\u1ebfn, rung \u0111\u1ed9ng v\u00e0 tr\u00ean h\u1ebft l\u00e0 s\u1ef1 ch\u1eefa l\u00e0nh cho tr\u00e1i tim.<\/span><\/p>\n<p class=\"ng-star-inserted\"><span class=\"ng-star-inserted\">M\u00e2y Lang Thang mong mu\u1ed1n tr\u1edf th\u00e0nh m\u1ed9t ng\u01b0\u1eddi b\u1ea1n nh\u01b0 th\u1ebf, n\u01a1i b\u1ea1n c\u00f3 th\u1ec3 gh\u00e9 th\u0103m, l\u1eafng nghe v\u00e0 tr\u00fat b\u1ea7u t\u00e2m s\u1ef1. Ch\u00fang ta s\u1ebd c\u00f9ng nhau t\u1ea1o n\u00ean nh\u1eefng k\u1ef7 ni\u1ec7m tuy\u1ec7t v\u1eddi.<\/span><\/p>\n<p>&nbsp;<\/p>\n<p class=\"ng-star-inserted\"><strong class=\"ng-star-inserted\"><span class=\"ng-star-inserted\">\ud83e\ude75\ud835\udc0c\ud835\udc00\u0302\ud835\udc18 \u0110\ud835\udc00\u0300 \ud835\udc0b\ud835\udc00\u0323\ud835\udc13:<\/span><\/strong><\/p>\n<p class=\"ng-star-inserted\"><span class=\"ng-star-inserted\">\ud83c\udfe1\u00a0<\/span><strong class=\"ng-star-inserted\"><span class=\"ng-star-inserted\">S\u00e2n kh\u1ea5u M\u00e2y in The Nest<\/span><\/strong><span class=\"ng-star-inserted\">\u00a0&#8211; 519 th\u00f4n M\u0103ng Lin, ph\u01b0\u1eddng 7, TP. \u0110\u00e0 L\u1ea1t | Gi\u1edd di\u1ec5n: 17:00<\/span><br class=\"ng-star-inserted\" \/><br \/>\n<span class=\"ng-star-inserted\">\ud83c\udfe1\u00a0<\/span><strong class=\"ng-star-inserted\"><span class=\"ng-star-inserted\">S\u00e2n kh\u1ea5u Thung L\u0169ng M\u00e2y<\/span><\/strong><span class=\"ng-star-inserted\">\u00a0&#8211; S\u1ed1 4, Tr\u1ea7n Quang Di\u1ec7u, Ph\u01b0\u1eddng 10, TP. \u0110\u00e0 L\u1ea1t | Gi\u1edd di\u1ec5n: 17:00<\/span><\/p>\n<p class=\"ng-star-inserted\"><span class=\"ng-star-inserted\">\ud83c\udf38\u00a0<\/span><strong class=\"ng-star-inserted\"><span class=\"ng-star-inserted\">\ud835\udc13\ud835\udc07\ud835\udc00\u0301\ud835\udc0d\ud835\udc06 \ud835\udfd3\/\ud835\udfd0\ud835\udfce\ud835\udfd0\ud835\udfd3<\/span><\/strong><br class=\"ng-star-inserted\" \/><br \/>\n<span class=\"ng-star-inserted\">\ud83c\udf24 30.05 H\u00c0 NHI<\/span><br class=\"ng-star-inserted\" \/><br \/>\n<span class=\"ng-star-inserted\">\ud83c\udf24 31.05 M\u1ef8 LINH &#8211; B\u00d9I LAN H\u01af\u01a0NG<\/span><\/p>\n<p class=\"ng-star-inserted\"><span class=\"ng-star-inserted\">\ud83c\udf38\u00a0<\/span><strong class=\"ng-star-inserted\"><span class=\"ng-star-inserted\">\ud835\udc13\ud835\udc07\ud835\udc00\u0301\ud835\udc0d\ud835\udc06 \ud835\udfd4\/\ud835\udfd0\ud835\udfce\ud835\udfd0\ud835\udfd3<\/span><\/strong><br class=\"ng-star-inserted\" \/><br \/>\n<span class=\"ng-star-inserted\">\ud83c\udf24 06.06 PHAN M\u1ea0NH QU\u1ef2NH<\/span><br class=\"ng-star-inserted\" \/><br \/>\n<span class=\"ng-star-inserted\">\ud83c\udf24 07.06 L\u00ca HI\u1ebeU &#8211; VICKY NHUNG<\/span><br class=\"ng-star-inserted\" \/><br \/>\n<span class=\"ng-star-inserted\">\ud83c\udf24 14.06 V\u0168 C\u00c1T T\u01af\u1edcNG<\/span><br class=\"ng-star-inserted\" \/><br \/>\n<span class=\"ng-star-inserted\">\ud83c\udf24 20.06 TRUNG QU\u00c2N<\/span><br class=\"ng-star-inserted\" \/><br \/>\n<span class=\"ng-star-inserted\">\ud83c\udf24 21.06 B\u00d9I ANH TU\u1ea4N &#8211; V\u0102N MAI H\u01af\u01a0NG<\/span><br class=\"ng-star-inserted\" \/><br \/>\n<span class=\"ng-star-inserted\">\ud83c\udf24 28.06 PH\u01af\u01a0NG LINH<\/span><\/p>\n<p class=\"ng-star-inserted\"><span class=\"ng-star-inserted\">\ud83c\udf38\u00a0<\/span><strong class=\"ng-star-inserted\"><span class=\"ng-star-inserted\">\ud835\udc13\ud835\udc07\ud835\udc00\u0301\ud835\udc0d\ud835\udc06 \ud835\udfd5\/\ud835\udfd0\ud835\udfce\ud835\udfd0\ud835\udfd3<\/span><\/strong><br class=\"ng-star-inserted\" \/><br \/>\n<span class=\"ng-star-inserted\">\ud83c\udf24 04.07 H\u00c0 NHI<\/span><br class=\"ng-star-inserted\" \/><br \/>\n<span class=\"ng-star-inserted\">\ud83c\udf24 05.07 TH\u00d9Y CHI &#8211; \u0110INH M\u1ea0NH NINH<\/span><br class=\"ng-star-inserted\" \/><br \/>\n<span class=\"ng-star-inserted\">\ud83c\udf24 12.07 L\u00ca HI\u1ebeU &#8211; LAM TR\u01af\u1edcNG<\/span><br class=\"ng-star-inserted\" \/><br \/>\n<span class=\"ng-star-inserted\">\ud83c\udf24 19.07 TRUNG QU\u00c2N<\/span><br class=\"ng-star-inserted\" \/><br \/>\n<span class=\"ng-star-inserted\">\ud83c\udf24 25.07 V\u0168 C\u00c1T T\u01af\u1edcNG<\/span><br class=\"ng-star-inserted\" \/><br \/>\n<span class=\"ng-star-inserted\">\ud83c\udf24 26.07 B\u00d9I C\u00d4NG NAM (COMING SOON)<\/span><\/p>\n<p class=\"ng-star-inserted\"><strong class=\"ng-star-inserted\"><span class=\"ng-star-inserted\">\ud83e\ude75\ud835\udc0c\ud835\udc00\u0302\ud835\udc18 \ud835\udc07\ud835\udc00\u0300 \ud835\udc0d\ud835\udc0e\u0323\u0302\ud835\udc08 :<\/span><\/strong><\/p>\n<p class=\"ng-star-inserted\"><span class=\"ng-star-inserted\">\ud83c\udfe1\u00a0<\/span><strong class=\"ng-star-inserted\"><span class=\"ng-star-inserted\">SOL 8 &#8211; LIVE STAGE<\/span><\/strong><span class=\"ng-star-inserted\">\u00a0&#8211; S\u1ed1 8, Ph\u1ed1 Nguy\u1ec5n C\u00f4ng Hoan, Gi\u1ea3ng V\u00f5, Ba \u0110\u00ecnh, H\u00e0 N\u1ed9i | Gi\u1edd di\u1ec5n: 20:00<\/span><\/p>\n<p class=\"ng-star-inserted\"><span class=\"ng-star-inserted\">\ud83c\udf38\u00a0<\/span><strong class=\"ng-star-inserted\"><span class=\"ng-star-inserted\">\ud835\udc13\ud835\udc07\ud835\udc00\u0301\ud835\udc0d\ud835\udc06 \ud835\udfd3\/\ud835\udfd0\ud835\udfce\ud835\udfd0\ud835\udfd3<\/span><\/strong><br class=\"ng-star-inserted\" \/><br \/>\n<span class=\"ng-star-inserted\">\ud83c\udf24 26.05 QU\u1ed0C THI\u00caN<\/span><br class=\"ng-star-inserted\" \/><br \/>\n<span class=\"ng-star-inserted\">\ud83c\udf24 29.05 HUY R<\/span><br class=\"ng-star-inserted\" \/><br \/>\n<span class=\"ng-star-inserted\">\ud83c\udf24 30.05 V\u0168 C\u00c1T T\u01af\u1edcNG<\/span><br class=\"ng-star-inserted\" \/><br \/>\n<span class=\"ng-star-inserted\">\ud83c\udf24 31.05 (S)TRONG TR\u1eccNG HI\u1ebeU &#8211; C\u01af\u1edcNG SEVEN<\/span><\/p>\n<p class=\"ng-star-inserted\"><span class=\"ng-star-inserted\">\ud83c\udf38\u00a0<\/span><strong class=\"ng-star-inserted\"><span class=\"ng-star-inserted\">\ud835\udc13\ud835\udc07\ud835\udc00\u0301\ud835\udc0d\ud835\udc06 \ud835\udfd4\/\ud835\udfd0\ud835\udfce\ud835\udfd0\ud835\udfd3<\/span><\/strong><br class=\"ng-star-inserted\" \/><br \/>\n<span class=\"ng-star-inserted\">\ud83c\udf24 13.06 H\u00c0 NHI<\/span><br class=\"ng-star-inserted\" \/><br \/>\n<span class=\"ng-star-inserted\">\ud83c\udf24 15.06 TH\u00d9Y CHI &#8211; \u0110INH M\u1ea0NH NINH<\/span><br class=\"ng-star-inserted\" \/><br \/>\n<span class=\"ng-star-inserted\">\ud83c\udf24 20.06 PHAN M\u1ea0NH QU\u1ef2NH<\/span><br class=\"ng-star-inserted\" \/><br \/>\n<span class=\"ng-star-inserted\">\ud83c\udf24 21.06 TRUNG QU\u00c2N<\/span><\/p>\n<p class=\"ng-star-inserted\"><strong class=\"ng-star-inserted\"><span class=\"ng-star-inserted\">\ud83e\ude75 \ud835\udc0c\ud835\udc00\u0302\ud835\udc18 \u0110\ud835\udc00\u0300 \ud835\udc0d\u0102\u0303\ud835\udc0d\ud835\udc06 :<\/span><\/strong><\/p>\n<p class=\"ng-star-inserted\"><span class=\"ng-star-inserted\">\ud83c\udfe1\u00a0<\/span><strong class=\"ng-star-inserted\"><span class=\"ng-star-inserted\">VERANDA<\/span><\/strong><span class=\"ng-star-inserted\">\u00a0\u2013 Ph\u00eda T\u00e2y C\u1ea7u Tr\u1ea7n Th\u1ecb L\u00fd P. H\u00f2a C\u01b0\u1eddng B\u1eafc, Qu\u1eadn H\u1ea3i Ch\u00e2u, TP. \u0110\u00e0 N\u1eb5ng | Gi\u1edd di\u1ec5n: 20:00<\/span><\/p>\n<p class=\"ng-star-inserted\"><span class=\"ng-star-inserted\">\ud83c\udf38\u00a0<\/span><strong class=\"ng-star-inserted\"><span class=\"ng-star-inserted\">\ud835\udc13\ud835\udc07\ud835\udc00\u0301\ud835\udc0d\ud835\udc06 \ud835\udfd3\/\ud835\udfd0\ud835\udfce\ud835\udfd0\ud835\udfd3<\/span><\/strong><br class=\"ng-star-inserted\" \/><br \/>\n<span class=\"ng-star-inserted\">\ud83c\udf24 30.05 B\u00d9I C\u00d4NG NAM &amp; KH\u00c1CH M\u1edcI: L\u00c2M B\u1ea2O NG\u1eccC<\/span><\/p>\n<p class=\"ng-star-inserted\"><span class=\"ng-star-inserted\">\ud83c\udf38\u00a0<\/span><strong class=\"ng-star-inserted\"><span class=\"ng-star-inserted\">\ud835\udc13\ud835\udc07\ud835\udc00\u0301\ud835\udc0d\ud835\udc06 \ud835\udfd4\/\ud835\udfd0\ud835\udfce\ud835\udfd0\ud835\udfd3<\/span><\/strong><br class=\"ng-star-inserted\" \/><br \/>\n<span class=\"ng-star-inserted\">\ud83c\udf24 15.06 PHAN M\u1ea0NH QU\u1ef2NH<\/span><br class=\"ng-star-inserted\" \/><br \/>\n<span class=\"ng-star-inserted\">\ud83c\udf24 18.06 QU\u1ed0C THI\u00caN<\/span><br class=\"ng-star-inserted\" \/><br \/>\n<span class=\"ng-star-inserted\">\ud83c\udf24 21.06 T\u0102NG PH\u00daC &amp; KH\u00c1CH M\u1edcI: PH\u1ea0M KH\u00c1NH H\u01afNG &#8211; NEON TR\u1ea6N TRUNG THU\u1eacN<\/span><\/p>\n<p class=\"ng-star-inserted\"><strong class=\"ng-star-inserted\"><span class=\"ng-star-inserted\">\ud83e\ude75\ud835\udc0c\ud835\udc00\u0302\ud835\udc18 \ud835\udc07\ud835\udc14\ud835\udc04\u0302\u0301 :<\/span><\/strong><\/p>\n<p class=\"ng-star-inserted\"><span class=\"ng-star-inserted\">\ud83c\udfe1\u00a0<\/span><strong class=\"ng-star-inserted\"><span class=\"ng-star-inserted\">NH\u00c0 H\u00c1T S\u00d4NG H\u01af\u01a0NG<\/span><\/strong><span class=\"ng-star-inserted\">\u00a0&#8211; S\u1ed1 1 L\u00ea L\u1ee3i, V\u0129nh Ninh, qu\u1eadn Thu\u1eadn Ho\u00e1, th\u00e0nh ph\u1ed1 Hu\u1ebf | Gi\u1edd di\u1ec5n: 20:00<\/span><br class=\"ng-star-inserted\" \/><br \/>\n<span class=\"ng-star-inserted\">\ud83c\udf24 21.06 L\u00c2N NH\u00c3<\/span><\/p>\n<p class=\"ng-star-inserted\"><strong class=\"ng-star-inserted\"><span class=\"ng-star-inserted\">\ud83e\ude75\ud835\udc0c\ud835\udc00\u0302\ud835\udc18 \ud835\udc13\ud835\udc07\ud835\udc00\ud835\udc0d\ud835\udc07 \ud835\udc07\ud835\udc0e\u0301\ud835\udc00:<\/span><\/strong><\/p>\n<p class=\"ng-star-inserted\"><span class=\"ng-star-inserted\">\ud83c\udfe1\u00a0<\/span><strong class=\"ng-star-inserted\"><span class=\"ng-star-inserted\">S\u00c2N KH\u1ea4U H\u1ea0C TH\u00c0NH CENTER<\/span><\/strong><span class=\"ng-star-inserted\">\u00a0&#8211; 35 \u0110\u00ecnh H\u01b0\u01a1ng, Ph\u01b0\u1eddng \u0110\u00f4ng C\u01b0\u01a1ng, Th\u00e0nh ph\u1ed1 Thanh H\u00f3a | Gi\u1edd di\u1ec5n: 20:00<\/span><br class=\"ng-star-inserted\" \/><br \/>\n<span class=\"ng-star-inserted\">\ud83c\udf24 07.06 V\u0168 C\u00c1T T\u01af\u1edcNG<\/span><\/p>\n<p class=\"ng-star-inserted\"><strong class=\"ng-star-inserted\"><span class=\"ng-star-inserted\">\ud83e\ude75\ud835\udc0c\ud835\udc00\u0302\ud835\udc18 \ud835\udc12\ud835\udc00\u0300\ud835\udc08 \ud835\udc06\ud835\udc0e\u0300\ud835\udc0d :<\/span><\/strong><\/p>\n<p class=\"ng-star-inserted\"><span class=\"ng-star-inserted\">\ud83c\udfe1\u00a0<\/span><strong class=\"ng-star-inserted\"><span class=\"ng-star-inserted\">Nh\u00e0 h\u00e1t Thanh Ni\u00ean<\/span><\/strong><span class=\"ng-star-inserted\">\u00a0&#8211; 4 Ph\u1ea1m Ng\u1ecdc Th\u1ea1ch, Ph\u01b0\u1eddng B\u1ebfn Ngh\u00e9, Qu\u1eadn 1, TP. H\u1ed3 Ch\u00ed Minh | Gi\u1edd di\u1ec5n: 20:00<\/span><br class=\"ng-star-inserted\" \/><br \/>\n<span class=\"ng-star-inserted\">\ud83c\udfe1\u00a0<\/span><strong class=\"ng-star-inserted\"><span class=\"ng-star-inserted\">Nh\u00e0 H\u00e1t C30 Ho\u00e0 B\u00ecnh<\/span><\/strong><span class=\"ng-star-inserted\">\u00a0&#8211; s\u1ed1 141 B\u1eafc H\u1ea3i, Ph\u01b0\u1eddng 14, Qu\u1eadn 10. | Gi\u1edd di\u1ec5n: 20:00<\/span><br class=\"ng-star-inserted\" \/><br \/>\n<span class=\"ng-star-inserted\">\ud83c\udf24 10.06 S.T S\u01a0N TH\u1ea0CH &#8211; NEKO L\u00ca (SOLD OUT)<\/span><br class=\"ng-star-inserted\" \/><br \/>\n<span class=\"ng-star-inserted\">\ud83c\udf24 11.06 PHAN M\u1ea0NH QU\u1ef2NH<\/span><br class=\"ng-star-inserted\" \/><br \/>\n<span class=\"ng-star-inserted\">\ud83c\udf24 17.06 QU\u1ed0C THI\u00caN<\/span><br class=\"ng-star-inserted\" \/><br \/>\n<span class=\"ng-star-inserted\">\ud83c\udf24 19.06 T\u0102NG PH\u00daC &amp; KH\u00c1CH M\u1edcI: PH\u1ea0M KH\u00c1NH H\u01afNG &#8211; NEON TR\u1ea6N TRUNG THU\u1eacN<\/span><br class=\"ng-star-inserted\" \/><br \/>\n<span class=\"ng-star-inserted\">\ud83c\udf24 20.06 H\u00c0 NHI<\/span><\/p>\n<p>&nbsp;<\/p>\n<p class=\"ng-star-inserted\"><span class=\"ng-star-inserted\">#maylangthang #maysaigon #lichdientrenmay #livemusic<\/span><br class=\"ng-star-inserted\" \/><br \/>\n<span class=\"ng-star-inserted\">\u2014\u2014\u2014<\/span><br class=\"ng-star-inserted\" \/><br \/>\n<span class=\"ng-star-inserted\">\u260e\ufe0f Hotline: 0986 249 297<\/span><br class=\"ng-star-inserted\" \/><br \/>\n<span class=\"ng-star-inserted\">\ud83c\udf0d Website \u0111\u1eb7t ch\u1ed7 v\u00f4 c\u00f9ng ti\u1ec7n l\u1ee3i, t\u1ef1 do ch\u1ecdn khu\/ ch\u1ecdn gh\u1ebf:<a href=\"https:\/\/dalatreview.vn\/en\/liveshow\/\">Liveshow<\/a><\/span><\/p>","protected":false},"excerpt":{"rendered":"<p>Danh m\u1ee5c ch\u00ednh L\u1ecaCH DI\u1ec4N M\u00c2Y LANG THANG TH\u00c1NG 06 &amp; 07\/2025 L\u1ecaCH DI\u1ec4N M\u00c2Y LANG THANG TH\u00c1NG 06 &amp; 07\/2025 B\u1ea1n \u0111\u00e3 bao gi\u1edd t\u1ef1 h\u1ecfi t\u00e2m h\u1ed3n m\u00ecnh \u0111ang t\u00ecm ki\u1ebfm \u0111i\u1ec1u g\u00ec ch\u01b0a? C\u00f3 l\u1ebd l\u00e0 m\u1ed9t ng\u01b0\u1eddi b\u1ea1n, m\u1ed9t tri k\u1ef7 \u0111\u1ec3 s\u1ebb chia nh\u1eefng mu\u1ed9n phi\u1ec1n. T\u1ea1i M\u00e2y Lang Thang, [&hellip;]<\/p>","protected":false},"featured_media":48267,"comment_status":"open","ping_status":"closed","template":"","meta":{"_acf_changed":false,"rank_math_lock_modified_date":false},"product_cat":[31,2299],"product_tag":[],"acf":[],"_links":{"self":[{"href":"https:\/\/dalatreview.vn\/en\/wp-json\/wp\/v2\/product\/48257"}],"collection":[{"href":"https:\/\/dalatreview.vn\/en\/wp-json\/wp\/v2\/product"}],"about":[{"href":"https:\/\/dalatreview.vn\/en\/wp-json\/wp\/v2\/types\/product"}],"replies":[{"embeddable":true,"href":"https:\/\/dalatreview.vn\/en\/wp-json\/wp\/v2\/comments?post=48257"}],"wp:featuredmedia":[{"embeddable":true,"href":"https:\/\/dalatreview.vn\/en\/wp-json\/wp\/v2\/media\/48267"}],"wp:attachment":[{"href":"https:\/\/dalatreview.vn\/en\/wp-json\/wp\/v2\/media?parent=48257"}],"wp:term":[{"taxonomy":"product_cat","embeddable":true,"href":"https:\/\/dalatreview.vn\/en\/wp-json\/wp\/v2\/product_cat?post=48257"},{"taxonomy":"product_tag","embeddable":true,"href":"https:\/\/dalatreview.vn\/en\/wp-json\/wp\/v2\/product_tag?post=48257"}],"curies":[{"name":"wp","href":"https:\/\/api.w.org\/{rel}","templated":true}]}}