
{"id":48223,"date":"2025-05-30T13:12:08","date_gmt":"2025-05-30T06:12:08","guid":{"rendered":"https:\/\/dalatreview.vn\/?post_type=product&#038;p=48223"},"modified":"2025-05-30T13:12:09","modified_gmt":"2025-05-30T06:12:09","slug":"may-lang-thang-tang-phuc-da-nang-21-06","status":"publish","type":"product","link":"https:\/\/dalatreview.vn\/en\/may-lang-thang-tang-phuc-da-nang-21-06.html","title":{"rendered":"T\u0102NG PH\u00daC &#8211; \u0110\u00c0 N\u1eb4NG 21\/06"},"content":{"rendered":"<nav class=\"vietrick-auto-toc\">\n<div class=\"box-title\">\n<h3 class=\"toc-title\" id=\"select-menu\">Danh m\u1ee5c ch\u00ednh<\/h3>\n<div><ion-icon name=\"chevron-up-outline\"><\/ion-icon><\/div>\n<\/div>\n<ul class=\"toc-list\"><\/ul>\n<li><a href='https:\/\/dalatreview.vn\/en#tang-phuc-da-nang' class='heading-h1 toc-link smooth-scroll'>T\u0102NG PH\u00daC &#8211; \u0110\u00c0 N\u1eb4NG<\/a>\n<ul>\n<li><a href='https:\/\/dalatreview.vn\/en#1_Thong_tin_dat_ve_liveshow\" class=\"ez-toc-section' class='heading-h2 toc-link smooth-scroll'>1. Th\u00f4ng tin \u0111\u1eb7t v\u00e9 liveshow<\/a>\n<li><a href='https:\/\/dalatreview.vn\/en#2_Mo_ta_san_khau_liveshow\" class=\"ez-toc-section' class='heading-h2 toc-link smooth-scroll'>2. M\u00f4 t\u1ea3 s\u00e2n kh\u1ea5u liveshow<\/a>\n<li><a href='https:\/\/dalatreview.vn\/en#3_Cac_chinh_sach_cua_May_Lang_Thang\" class=\"ez-toc-section' class='heading-h2 toc-link smooth-scroll'>3. C\u00e1c ch\u00ednh s\u00e1ch c\u1ee7a M\u00e2y Lang Thang<\/a>\n<li><a href='https:\/\/dalatreview.vn\/en#4_Dich_vu\" class=\"ez-toc-section' class='heading-h2 toc-link smooth-scroll'>4. D\u1ecbch v\u1ee5<\/a>\n<li><a href='https:\/\/dalatreview.vn\/en#5_Lien_He\" class=\"ez-toc-section' class='heading-h2 toc-link smooth-scroll'>5. Li\u00ean H\u1ec7<\/a><\/ul>\n<\/ul>\n<\/li>\n<\/ul>\n<\/nav>\n<h1 style=\"text-align: center;\" id=\"tang-phuc-da-nang\"><strong><span style=\"color: #003300;\">T\u0102NG PH\u00daC &#8211; \u0110\u00c0 N\u1eb4NG<\/span><\/strong><\/h1>\n<p style=\"text-align: center;\"><strong><span style=\"color: #003300;\">VERANDA, TP. \u0110\u00c0 N\u1eb4NG<\/span><\/strong><\/p>\n<p style=\"text-align: center;\">T\u0102NG PH\u00daC &amp; KH\u00c1CH M\u1edcI: PH\u1ea0M KH\u00c1NH H\u01afNG &#8211; NEON TR\u1ea6N TRUNG THU\u1eacN<\/p>\n<p style=\"text-align: center;\">Th\u1eddi gian:21\/06\/2025<\/p>\n<p style=\"text-align: center;\">Show Time: 20h00<\/p>\n<p>&nbsp;<\/p>\n<p><img decoding=\"async\" class=\"size-full wp-image-48224 aligncenter\" src=\"https:\/\/dalatreview.vn\/wp-content\/uploads\/2025\/05\/TANG-PHUC-2106-1-1140x1425-1.jpg\" alt=\"\" width=\"1140\" height=\"1425\" srcset=\"https:\/\/dalatreview.vn\/wp-content\/uploads\/2025\/05\/TANG-PHUC-2106-1-1140x1425-1.jpg 1140w, https:\/\/dalatreview.vn\/wp-content\/uploads\/2025\/05\/TANG-PHUC-2106-1-1140x1425-1-819x1024.jpg 819w, https:\/\/dalatreview.vn\/wp-content\/uploads\/2025\/05\/TANG-PHUC-2106-1-1140x1425-1-768x960.jpg 768w, https:\/\/dalatreview.vn\/wp-content\/uploads\/2025\/05\/TANG-PHUC-2106-1-1140x1425-1-600x750.jpg 600w\" sizes=\"(max-width: 1140px) 100vw, 1140px\" \/><\/p>\n<p>&nbsp;<\/p>\n<h2><span id=\"1_Thong_tin_dat_ve_liveshow\" class=\"ez-toc-section\"><\/span><strong>1. Th\u00f4ng tin \u0111\u1eb7t v\u00e9 liveshow<\/strong><\/h2>\n<table style=\"height: 121px; width: 100%; border-collapse: collapse;\" border=\"1px\">\n<tbody>\n<tr style=\"height: 24px;\">\n<td style=\"width: 50%; height: 24px; text-align: center;\"><span style=\"color: #ff0000; font-size: 14pt;\"><strong>PREMIUM \/ TH\u1ea2NH TH\u01a0I (Bao g\u1ed3m tr\u00e1i c\u00e2y, b\u00e1nh ng\u1ecdt v\u00e0 1 ph\u1ea7n bia ho\u1eb7c n\u01b0\u1edbc)<\/strong><\/span><\/td>\n<td style=\"width: 50%; height: 24px; text-align: center;\"><span style=\"color: #ff0000; font-size: 14pt;\"><strong>1.825.000 VN\u0110<\/strong><\/span><\/td>\n<\/tr>\n<tr style=\"height: 24px;\">\n<td style=\"width: 50%; height: 21px; text-align: center;\"><span style=\"color: #ff0000; font-size: 14pt;\"><strong>VIP \/ B\u1ec0NH B\u1ed2NG (Bao g\u1ed3m 1 ph\u1ea7n bia v\u00e0 n\u01b0\u1edbc)<\/strong><\/span><\/td>\n<td style=\"width: 50%; height: 21px; text-align: center;\"><span style=\"color: #ff0000; font-size: 14pt;\"><strong>1.425.000 VN\u0110<\/strong><\/span><\/td>\n<\/tr>\n<tr style=\"height: 24px;\">\n<td style=\"width: 50%; height: 24px; text-align: center;\"><span style=\"color: #ff0000; font-size: 14pt;\"><strong>STANDARD 1 \/ M\u01a0 M\u00c0NG (Bao g\u1ed3m 1 ph\u1ea7n n\u01b0\u1edbc)<\/strong><\/span><\/td>\n<td style=\"width: 50%; height: 24px; text-align: center;\"><span style=\"color: #ff0000; font-size: 14pt;\"><strong>975.000 VN\u0110<\/strong><\/span><\/td>\n<\/tr>\n<tr style=\"height: 24px;\">\n<td style=\"width: 50%; height: 24px; text-align: center;\"><span style=\"color: #ff0000; font-size: 14pt;\"><strong>STANDARD 2 \/ NH\u1edeN NH\u01a0<\/strong><\/span><\/td>\n<td style=\"width: 50%; height: 24px; text-align: center;\"><span style=\"color: #ff0000; font-size: 14pt;\"><strong>775.000 VN\u0110<\/strong><\/span><\/td>\n<\/tr>\n<tr style=\"height: 28px;\">\n<td style=\"width: 50%; text-align: center; height: 28px;\"><span style=\"color: #ff0000; font-size: 14pt;\"><strong>STANDARD 3 \/ L\u1eeeNG L\u01a0<\/strong><\/span><\/td>\n<td style=\"width: 50%; text-align: center; height: 28px;\"><span style=\"color: #ff0000; font-size: 14pt;\"><strong>575.000 VN\u0110<\/strong><\/span><\/td>\n<\/tr>\n<\/tbody>\n<\/table>\n<p><strong>* Gi\u00e1 v\u00e9 d\u1ef1 ki\u1ebfn, c\u00f3 th\u1ec3 thay \u0111\u1ed5i \u0111\u00f4i ch\u00fat t\u00f9y th\u1eddi \u0111i\u1ec3m thanh to\u00e1n \u0111\u1eb7t v\u00e9\u00a0<\/strong><\/p>\n<p>&nbsp;<\/p>\n<h2><span id=\"2_Mo_ta_san_khau_liveshow\" class=\"ez-toc-section\"><\/span><strong>2. M\u00f4 t\u1ea3 s\u00e2n kh\u1ea5u liveshow<\/strong><\/h2>\n<p>\u0110\u1ecba ch\u1ec9: VERANDA \u2013\u00a0Ph\u00eda T\u00e2y C\u1ea7u Tr\u1ea7n Th\u1ecb L\u00fd,\u00a0P. H\u00f2a C\u01b0\u1eddng B\u1eafc, Qu\u1eadn H\u1ea3i Ch\u00e2u, TP. \u0110\u00e0 N\u1eb5ng<\/p>\n<p>C\u00e1c gh\u1ebf \u0111\u00e3 \u0111\u1eb7t ch\u1ec9 mang t\u00ednh ch\u1ea5t \u0111\u00e3 \u0111\u1eb7t ch\u1ed7 th\u00e0nh c\u00f4ng, qu\u00fd kh\u00e1ch vui l\u00f2ng \u0111\u1ebfn s\u1edbm \u0111\u1ec3 ch\u1ecdn \u0111\u01b0\u1ee3c ch\u1ed7 ng\u1ed3i t\u1ed1t nh\u1ea5t theo khu<\/p>\n<p>H\u00ecnh \u1ea3nh s\u00e2n kh\u1ea5u:<\/p>\n<p><img decoding=\"async\" class=\"size-full wp-image-47102 aligncenter\" src=\"https:\/\/dalatreview.vn\/wp-content\/uploads\/2025\/02\/Vuong-5.png\" alt=\"\" width=\"1200\" height=\"900\" srcset=\"https:\/\/dalatreview.vn\/wp-content\/uploads\/2025\/02\/Vuong-5.png 1200w, https:\/\/dalatreview.vn\/wp-content\/uploads\/2025\/02\/Vuong-5-1024x768.png 1024w, https:\/\/dalatreview.vn\/wp-content\/uploads\/2025\/02\/Vuong-5-768x576.png 768w, https:\/\/dalatreview.vn\/wp-content\/uploads\/2025\/02\/Vuong-5-600x450.png 600w\" sizes=\"(max-width: 1200px) 100vw, 1200px\" \/><\/p>\n<p>&nbsp;<\/p>\n<p>S\u01a1 \u0111\u1ed3 s\u00e2n kh\u1ea5u:<\/p>\n<p><img decoding=\"async\" class=\"size-full wp-image-47106 aligncenter\" src=\"https:\/\/dalatreview.vn\/wp-content\/uploads\/2025\/02\/MLT-VERANDA_LAYOUT-01-01.png\" alt=\"\" width=\"2481\" height=\"3508\" srcset=\"https:\/\/dalatreview.vn\/wp-content\/uploads\/2025\/02\/MLT-VERANDA_LAYOUT-01-01.png 2481w, https:\/\/dalatreview.vn\/wp-content\/uploads\/2025\/02\/MLT-VERANDA_LAYOUT-01-01-724x1024.png 724w, https:\/\/dalatreview.vn\/wp-content\/uploads\/2025\/02\/MLT-VERANDA_LAYOUT-01-01-768x1086.png 768w, https:\/\/dalatreview.vn\/wp-content\/uploads\/2025\/02\/MLT-VERANDA_LAYOUT-01-01-1086x1536.png 1086w, https:\/\/dalatreview.vn\/wp-content\/uploads\/2025\/02\/MLT-VERANDA_LAYOUT-01-01-1448x2048.png 1448w, https:\/\/dalatreview.vn\/wp-content\/uploads\/2025\/02\/MLT-VERANDA_LAYOUT-01-01-600x848.png 600w\" sizes=\"(max-width: 2481px) 100vw, 2481px\" \/><\/p>\n<p>&nbsp;<\/p>\n<h2><span id=\"3_Cac_chinh_sach_cua_May_Lang_Thang\" class=\"ez-toc-section\"><\/span><strong>3. C\u00e1c ch\u00ednh s\u00e1ch c\u1ee7a M\u00e2y Lang Thang<\/strong><\/h2>\n<p>\u2013 Mi\u1ec5n ph\u00ed cho b\u00e9 d\u01b0\u1edbi 3 tu\u1ed5i ( ng\u1ed3i chung gh\u1ebf v\u1edbi b\u1ed1 m\u1eb9 su\u1ed1t bu\u1ed5i di\u1ec5n )<\/p>\n<p>\u2013 Tr\u1ebb em cao d\u01b0\u1edbi 1m: Kh\u00f4ng ph\u1ee5 thu n\u1ebfu ng\u1ed3i chung v\u1edbi ph\u1ee5 huynh trong su\u1ed1t th\u1eddi gian di\u1ec5n ra show\u00a0<\/p>\n<p>\u2013 Tr\u1ebb em cao t\u1eeb 1m \u0111\u1ebfn d\u01b0\u1edbi 1m2 b\u1eaft bu\u1ed9c ph\u1ea3i \u0111\u1eb7t ch\u1ed7, ph\u1ee5 thu 70%\u00a0 (Ho\u00e0n 30% t\u1ea1i qu\u1ea7y check in )\u00a0<\/p>\n<h2><span id=\"4_Dich_vu\" class=\"ez-toc-section\"><\/span><strong>4. D\u1ecbch v\u1ee5<\/strong><\/h2>\n<p>+ \u0110\u01b0\u1ee3c g\u1eb7p g\u1ee1 giao l\u01b0u c\u00f9ng nh\u1eefng th\u1ea7n t\u01b0\u1ee3ng n\u1ed5i ti\u1ebfng c\u1ee7a m\u00ecnh.<\/p>\n<p>+ \u0110\u01b0\u1ee3c \u0111\u1eafm ch\u00ecm v\u00e0o nh\u1eefng \u00e2m thanh nh\u1eb9 nh\u00e0ng gi\u00fap b\u1ea1n th\u01b0 gi\u00e3n gi\u1ea3i t\u1ecfa m\u1ecdi \u01b0u phi\u1ec1n h\u1eb1ng ng\u00e0y.<\/p>\n<p>+ \u0110\u01b0\u1ee3c l\u1eafng nghe nh\u1eefng b\u1ea3n t\u00ecnh ca nh\u1eb9 nh\u00e0ng s\u00e2u l\u1eafng d\u01b0\u1edbi kh\u00f4ng kh\u00ed se se l\u1ea1nh c\u1ee7a \u0110\u00e0 L\u1ea1t.<\/p>\n<p>+ H\u00f2a c\u00f9ng giai \u0111i\u1ec7u \u00e2m nh\u1ea1c du d\u01b0\u01a1ng, phi\u00eau c\u00f9ng ti\u1ebfng h\u00e1t trong kh\u00f4ng kh\u00ed b\u00ecnh y\u00ean c\u1ee7a \u0110\u00e0 L\u1ea1t.<\/p>\n<p>+ M\u00e2y Lang Thang v\u1eeba l\u00e0 homestay, v\u1eeba l\u00e0 qu\u00e1n coffee mang phong c\u00e1ch c\u1ef1c k\u1ef3 chill.<\/p>\n<h2><span id=\"5_Lien_He\" class=\"ez-toc-section\"><\/span><strong>5. Li\u00ean H\u1ec7<\/strong><\/h2>\n<p>Hotline: 0986 249 297<\/p>\n<p>Li\u00ean h\u1ec7 book v\u00e9: <a href=\"https:\/\/zalo.me\/dalatreview\" target=\"_blank\" rel=\"noopener\">\u0110\u00e0 L\u1ea1t Review T\u1ea5t T\u1ea7n T\u1eadt<\/a><\/p>\n<p>Xem th\u00eam b\u00e0i vi\u1ebft kh\u00e1c t\u1ea1i:<a href=\"https:\/\/dalatreview.vn\/en\/\">\u0110\u00e0 L\u1ea1t Review<\/a><\/p>","protected":false},"excerpt":{"rendered":"<p>Danh m\u1ee5c ch\u00ednh T\u0102NG PH\u00daC &#8211; \u0110\u00c0 N\u1eb4NG 1. Th\u00f4ng tin \u0111\u1eb7t v\u00e9 liveshow 2. M\u00f4 t\u1ea3 s\u00e2n kh\u1ea5u liveshow 3. C\u00e1c ch\u00ednh s\u00e1ch c\u1ee7a M\u00e2y Lang Thang 4. D\u1ecbch v\u1ee5 5. Li\u00ean H\u1ec7 T\u0102NG PH\u00daC &#8211; \u0110\u00c0 N\u1eb4NG VERANDA, TP. \u0110\u00c0 N\u1eb4NG T\u0102NG PH\u00daC &amp; KH\u00c1CH M\u1edcI: PH\u1ea0M KH\u00c1NH H\u01afNG &#8211; NEON TR\u1ea6N TRUNG [&hellip;]<\/p>","protected":false},"featured_media":48224,"comment_status":"open","ping_status":"closed","template":"","meta":{"_acf_changed":false,"rank_math_lock_modified_date":false},"product_cat":[31,2290,49],"product_tag":[],"acf":[],"_links":{"self":[{"href":"https:\/\/dalatreview.vn\/en\/wp-json\/wp\/v2\/product\/48223"}],"collection":[{"href":"https:\/\/dalatreview.vn\/en\/wp-json\/wp\/v2\/product"}],"about":[{"href":"https:\/\/dalatreview.vn\/en\/wp-json\/wp\/v2\/types\/product"}],"replies":[{"embeddable":true,"href":"https:\/\/dalatreview.vn\/en\/wp-json\/wp\/v2\/comments?post=48223"}],"wp:featuredmedia":[{"embeddable":true,"href":"https:\/\/dalatreview.vn\/en\/wp-json\/wp\/v2\/media\/48224"}],"wp:attachment":[{"href":"https:\/\/dalatreview.vn\/en\/wp-json\/wp\/v2\/media?parent=48223"}],"wp:term":[{"taxonomy":"product_cat","embeddable":true,"href":"https:\/\/dalatreview.vn\/en\/wp-json\/wp\/v2\/product_cat?post=48223"},{"taxonomy":"product_tag","embeddable":true,"href":"https:\/\/dalatreview.vn\/en\/wp-json\/wp\/v2\/product_tag?post=48223"}],"curies":[{"name":"wp","href":"https:\/\/api.w.org\/{rel}","templated":true}]}}